 {"id":7964,"date":"2019-11-29T16:04:10","date_gmt":"2019-11-29T15:04:10","guid":{"rendered":"http:\/\/nauticescala.com\/50-anys-dhistoria\/"},"modified":"2020-04-23T17:33:50","modified_gmt":"2020-04-23T15:33:50","slug":"50-years-of-history","status":"publish","type":"page","link":"https:\/\/nauticescala.com\/en\/yacht-club-in-the-costa-brava\/50-years-of-history\/","title":{"rendered":"50 years of history"},"content":{"rendered":"<section class=\"title-section\">\n\t<div class=\"container\">\n\t\t\t\t\t<h1>More than 50 years of history<\/h1>\n\t\t\n\t\t\t\t\t<p>More than half a century dedicated to the sea<\/p>\n\t\t\n\t\t\t\t\t<div class=\"block\">\n\t\t\t\t<p>On\u00a0<strong>24<sup>th<\/sup> May 1968<\/strong>\u00a0a group of friends founded the Club N\u00e0utic l\u2019Escala. <strong>They were united by their common interest, the sea<\/strong>, a link that is still at the heart of the Club today. Everything has changed around it\u2026 don\u2019t forget that 50 years of history is half a century.<\/p>\n<p>The initial membership pool of 92 has now over 700 members and the infrastructure has been extended to accommodate them in the best possible way. There are more and better quality services available, as well as the programme of activities, which has diversified over time.<\/p>\n<p>All this, together with a full calendar of sporting events, makes the Club an <strong>outstanding meeting point on the Costa Brava for all enthusiasts of the sea and sailing<\/strong>.<\/p>\n\n\t\t\t\t\t\t\t<\/div><!-- end block -->\n\t\t\t<\/div><!-- end container -->\n<\/section><!-- end title-section -->\n<section class=\"article-section\"><div class=\"container\">\n\n<\/div><\/section>\t<div class=\"visual-area\">\n\t\t<figure class=\"visual-banner\">\n\t\t\t<div class=\"image\">\n\t\t\t\t<img decoding=\"async\" src=\"https:\/\/nauticescala.com\/wp-content\/uploads\/2020\/01\/2019-club-nautic-lescala-43.jpg\" alt=\"\" \/>\n\t\t\t<\/div><!-- end image -->\n\t\t\t<div class=\"bg-image bg-img primary-gradient\">\n\t\t\t\t<img decoding=\"async\" src=\"https:\/\/nauticescala.com\/wp-content\/uploads\/2020\/01\/2019-club-nautic-lescala-43.jpg\" alt=\"\" \/>\n\t\t\t<\/div><!-- end bg-image -->\n\t\t<\/figure><!-- end visual-banner -->\n\t<\/div><!-- end visual-area -->\n<section class=\"article-section\"><div class=\"container\">\n\n<\/div><\/section>\n        <div class=\"intro-area-holder\">\n            <h3>Port and sport are the two main pillars of the Club\u2019s history. Two ways of opening the doors to the sea and all the wellbeing it brings. Two axes around which the present, past and future of the Club revolve.<\/h3>\n        <\/div><!-- end intro-area-holder -->\n\n\n<section class=\"article-section\"><div class=\"container\">\n\n<\/div><\/section>\n                            <div class=\"accordion-block\">\n                    <div id=\"accordion\" class=\"accordion\">\n                                                                            <div class=\"card\">\n                                <div class=\"card-header\">\n                                    <h3>\n                                        <a href=\"#\" class=\"collapsed\" data-toggle=\"collapse\" data-target=\"#collapse-01\" aria-expanded=\"true\"><i class=\"ico-opener\">&nbsp;<\/i>Port<\/a>\n                                    <\/h3>\n                                <\/div><!-- end card-header -->\n                                <div id=\"collapse-01\" class=\"collapse\">\n                                                                    <div class=\"card-body\">\n\n                                        \n                                            \n                                                \n                                                    <h3>Over half a century working for you<\/h3>\n<p>The Club has grown and been modernised over time during its more than 50 years of history. Always with the same goal: your convenience. For this reason, the supply and the quality of its services have always been at the centre of the Club\u2019s continuous improvement efforts.<\/p>\n<p><strong>1969<\/strong> \u2013 El Club installs itself in La Clota with two floating pontoons.<\/p>\n<p><strong>1981 \u2013<\/strong> Inauguration of the sports marina. The Club becomes a member of the Association of Marinas and Tourism ports of Catalonia (ACPET).<\/p>\n<p><strong>1994 \u2013<\/strong> Execution project for the Extension of the Clota Petita sports area. Extension of the port concession until 2009.<\/p>\n<p><strong>1996 \u2013<\/strong> First Blue Flag.<\/p>\n<p><strong>1999 \u2013<\/strong> Extension of the port concession until 2029.<\/p>\n<p><strong>2001 \u2013<\/strong> Opening of new port facilities.<\/p>\n<p><strong>2004 \u2013<\/strong> Construction of the new fuel service station and 70m waiting dock.<\/p>\n<p><strong>2005 \u2013<\/strong> Inauguration of the new Sailing School facilities.<\/p>\n<p><strong>2007 \u2013<\/strong> End of the construction works and the improvements to the Clota Petita.<\/p>\n<p><strong>2008 \u2013<\/strong> Attainment of first ISO 9001 and 14001 certificates.<\/p>\n<p><strong>2009 \u2013<\/strong> Attainment of first distinctive EMAS certificate.<\/p>\n<p><strong>2010 \u2013<\/strong> Inauguration of the new Club Headquarters.<\/p>\n<p><strong>2012 \u2013<\/strong> Inauguration of the Club\u2019s new Administrative Office.<\/p>\n<p><strong>2013 \u2013<\/strong> First Club in Catalonia to allow online reservations for moorings.<\/p>\n\n                                                \n                                            \n                                        \n                                    <\/div><!-- end card-body -->\n                                <\/div><!-- end collapse -->\n                            <\/div><!-- end card -->\n                                                                                <div class=\"card\">\n                                <div class=\"card-header\">\n                                    <h3>\n                                        <a href=\"#\" class=\"collapsed\" data-toggle=\"collapse\" data-target=\"#collapse-02\" aria-expanded=\"true\"><i class=\"ico-opener\">&nbsp;<\/i>Sport<\/a>\n                                    <\/h3>\n                                <\/div><!-- end card-header -->\n                                <div id=\"collapse-02\" class=\"collapse\">\n                                                                    <div class=\"card-body\">\n\n                                        \n                                            \n                                                \n                                                    <h3>Promoting water sports for over 50 years<\/h3>\n<p>Water sports are the mission and the essence of the Club.\u00a0 We are sports promoters and have made ourselves the venue for all kinds of water sports competitions as well as supporting our representatives. The result: over 50 years of success\u2026<\/p>\n<p><strong>1969 <\/strong>\u2013 Catalonia Snipe Championship<\/p>\n<p><strong>1995 \u2013<\/strong> The Sailing School is officially recognised as a Sports Coaching Centre of the Catalan Sailing Federation.<\/p>\n<p><strong>1999 \u2013<\/strong> First Master of Giant Tuna in l\u2019Escala. Championship of Catalunya in Europe class.<\/p>\n<p><strong>2000 \u2013<\/strong> First Catalan Sailing Week at the Club. Gerard Mar\u00edn \u2013 champion of Catalunya in Europe.<\/p>\n<p><strong>2001 \u2013<\/strong> Anna Sol\u00e9s \u2013 Best Young Sailor in Spain. Manolo Calavia \u2013 Class A World Champion.<\/p>\n<p><strong>2002 \u2013<\/strong> First Interclubs Empord\u00e0 Regatta. First Atena Regatta. Gerard Mar\u00edn \u2013 World runner up and champion of Spain in Europe. Julie Garc\u00eda \u2013 World champion of Yngling, ADO sailor.<\/p>\n<p><strong>2004 \u2013<\/strong> Europa Star Championship. New School Sailing Program.<\/p>\n<p><strong>2005 \u2013<\/strong> First L\u2019Escalagde Regatta.<\/p>\n<p><strong>2006 \u2013<\/strong> Catalan Championship of Radio Control, Catalan Championship of Europe, National Circuit of Match Race Test and Spanish Championship of Europe. Start of the Base Mini project (2006\u00a0 2010)<\/p>\n<p><strong>2007 \u2013<\/strong> European Championship of Europe.<\/p>\n<p><strong>2008 \u2013<\/strong> First Mini Emp\u00faries.<\/p>\n<p><strong>2009 \u2013<\/strong> Championship of Catalonia Mini class, first Mini MED and first Open l\u2019Escala Accessible Regatta.<\/p>\n<p><strong>2010 \u2013<\/strong> First Nieves Mar Regatta, first Commodore Cup, Championship of Spain Mini class \u2013 Mini Emp\u00faries and Spanish Cup for Adapted Sailing.<\/p>\n<p><strong>2011 \u2013<\/strong> D\u00eddac Costa completes the Mini Transat. Championship of Spain for Adapted Sailing.<\/p>\n<p><strong>2012 \u2013<\/strong> Europe Class World Championship. The Tramuntana Route is inaugurated in l\u2019Escala. S\u00edlvia Roca (Match Race) and Miquel \u00c0ngel G\u00f3mez (2.4 mR) become members of the Pre Olympic Sailing Team.<\/p>\n<p><strong>2013 \u2013<\/strong> Championship of Spain for Adapted Sailing.<\/p>\n<p><strong>2014 \u2013<\/strong> Catalan Laser Radial Championship. S\u00edlvia Roca is team member of the Pre Olympic FX Team.<\/p>\n<p>&nbsp;<\/p>\n\n                                                \n                                            \n                                        \n                                    <\/div><!-- end card-body -->\n                                <\/div><!-- end collapse -->\n                            <\/div><!-- end card -->\n                                                                                <div class=\"card\">\n                                <div class=\"card-header\">\n                                    <h3>\n                                        <a href=\"#\" class=\"collapsed\" data-toggle=\"collapse\" data-target=\"#collapse-03\" aria-expanded=\"true\"><i class=\"ico-opener\">&nbsp;<\/i>Social<\/a>\n                                    <\/h3>\n                                <\/div><!-- end card-header -->\n                                <div id=\"collapse-03\" class=\"collapse\">\n                                                                    <div class=\"card-body\">\n\n                                        \n                                            \n                                                \n                                                    <h3>A Club of people for people<\/h3>\n<p>From the beginning, the Club has worked hard to become a meeting place for members and users. A place to meet, enjoy sport and share good times\u2026 All this is thanks to the support of our members and users but also thanks to the work of the people who, over the years, have guided the Club towards new horizons.<\/p>\n<p><strong>1968 \u2013 <\/strong>Constitution of the first Board of Directors under the chairmanship of Josep Fresneda Revuelta.<\/p>\n<p><strong>1992 \u2013<\/strong> Valeri Ballester is elected President of the Club.<\/p>\n<p><strong>1999 \u2013<\/strong> Javier Mart\u00ednez del Moral is elected President.<\/p>\n<p><strong>1999 \u2013<\/strong> First Anchovy Route Competition.<\/p>\n<p><strong>2003 \u2013<\/strong> First Emporium Sports Fishing League and first collective fishing competition.<\/p>\n<p><strong>2005 \u2013<\/strong> Narc\u00eds Carreras Masafont starts his term as President.<\/p>\n<p><strong>2007 \u2013<\/strong> Sailing for Everyone programme starts. Creation of the Second Giron\u00e8s Sailing Institute.<\/p>\n<p><strong>2008 \u2013<\/strong> 40<sup>th<\/sup> anniversary.<\/p>\n<p><strong>2010 \u2013<\/strong> Raimon Roca, Club Manager, is elected Vice President of the ACPET.<\/p>\n<p><strong>2016 \u2013<\/strong> Raimon Roca, Managing Director of the Club, is elected member of the Advisory Board for Costa Brava Tourism.<\/p>\n<p><strong>2018 \u2013<\/strong> 50<sup>th<\/sup> anniversary of the Club.<\/p>\n\n                                                \n                                            \n                                        \n                                    <\/div><!-- end card-body -->\n                                <\/div><!-- end collapse -->\n                            <\/div><!-- end card -->\n                                                                        <\/div><!-- end accordion -->\n                <\/div><!-- end accordion-block -->\n            \n<section class=\"article-section\"><div class=\"container\">\n\n<\/div><\/section><section class=\"intro-info\">\n    <div class=\"container\">\n        <div class=\"row row-xl-60\">\n            <div class=\"col-lg-6\">\n                                                            <\/div><!-- end col-lg-6 -->\n            <div class=\"col-lg-6\">\n                                                                    <div class=\"btn-row\">\n                        <a href=\"http:\/\/galateabackup.cloudapp.net\/IderisBooking\/Iframe\/Booking.aspx?siteguid=b8ca08b6-b4a6-4271-a5f6-cb1a798bd1ed&#038;lang=ca\" target=\"\" class=\"btn btn-xs-sm btn-primary\">Book your mooring in the Costa Brava<\/a>\n                    <\/div><!-- end btn-row -->                    \n                            <\/div><!-- end col-lg-6 -->\n        <\/div><!-- end row -->\n    <\/div><!-- end container -->\n<\/section><!-- end intro-info -->\n<section class=\"article-section\"><div class=\"container\">\n\n<\/div><\/section><section class=\"slideshow\">\n\t\n\t\t\t<div class=\"slideshow-body\">\n\t\t\t<div class=\"slides\">\n\t\t\t\t\t\t\t\t\t\t\t\t\t\t\t<div class=\"slide\">\n\t\t\t\t\t\t\t<div class=\"container\">\n\t\t\t\t\t\t\t\t<figure class=\"image primary-gradient\">\n\t\t\t\t\t\t\t\t\t<img decoding=\"async\" src=\"https:\/\/nauticescala.com\/wp-content\/uploads\/2020\/01\/2019-club-nautic-lescala-44.jpg\" alt=\"\" \/>\n\t\t\t\t\t\t\t\t<\/figure><!-- end image -->\n\t\t\t\t\t\t\t<\/div><!-- end container -->\n\t\t\t\t\t\t<\/div><!-- end slide -->\n\t\t\t\t\t\t\t\t\t\t\t\t\t\t\t\t\t\t\t\t\t\t\t\t\t\t\t\t\t\t\t\t\t\t\t\t\t\t<div class=\"slide\">\n\t\t\t\t\t\t\t<div class=\"container\">\n\t\t\t\t\t\t\t\t<figure class=\"image primary-gradient\">\n\t\t\t\t\t\t\t\t\t<img decoding=\"async\" src=\"https:\/\/nauticescala.com\/wp-content\/uploads\/2019\/10\/img-21.jpg\" alt=\"\" \/>\n\t\t\t\t\t\t\t\t<\/figure><!-- end image -->\n\t\t\t\t\t\t\t<\/div><!-- end container -->\n\t\t\t\t\t\t<\/div><!-- end slide -->\n\t\t\t\t\t\t\t\t\t\t\t\t<\/div><!-- end slides -->\n\t\t<\/div><!-- end slideshow-body -->\n\t<\/section><!-- end slideshow -->\n<section class=\"article-section\"><div class=\"container\">\n\n<\/div><\/section><div class=\"subscribe-section\">\n    <div class=\"container-fluid\">\n        <div class=\"subscribe-block\">\n            <div class=\"subscribe-opener-box\">\n                <a href=\"#\" class=\"subscribe-opener\">Eo! <br \/>\r\nVols estar al dia de tot el que t\u2019oferim?<\/a>\n            <\/div><!-- end subscribe-opener-box -->\n            <div class=\"subscribe-form\">\n                \n<div class=\"wpcf7 no-js\" id=\"wpcf7-f68-o1\" lang=\"en-US\" dir=\"ltr\" data-wpcf7-id=\"68\">\n<div class=\"screen-reader-response\"><p role=\"status\" aria-live=\"polite\" aria-atomic=\"true\"><\/p> <ul><\/ul><\/div>\n<form action=\"\/en\/wp-json\/wp\/v2\/pages\/7964#wpcf7-f68-o1\" method=\"post\" class=\"wpcf7-form init cmonitor-ext-0.4.67\" aria-label=\"Contact form\" novalidate=\"novalidate\" data-status=\"init\">\n<fieldset class=\"hidden-fields-container\"><input type=\"hidden\" name=\"_wpcf7\" value=\"68\" \/><input type=\"hidden\" name=\"_wpcf7_version\" value=\"6.1.5\" \/><input type=\"hidden\" name=\"_wpcf7_locale\" value=\"en_US\" \/><input type=\"hidden\" name=\"_wpcf7_unit_tag\" value=\"wpcf7-f68-o1\" \/><input type=\"hidden\" name=\"_wpcf7_container_post\" value=\"0\" \/><input type=\"hidden\" name=\"_wpcf7_posted_data_hash\" value=\"\" \/><input type=\"hidden\" name=\"_wpcf7cf_hidden_group_fields\" value=\"[]\" \/><input type=\"hidden\" name=\"_wpcf7cf_hidden_groups\" value=\"[]\" \/><input type=\"hidden\" name=\"_wpcf7cf_visible_groups\" value=\"[]\" \/><input type=\"hidden\" name=\"_wpcf7cf_repeaters\" value=\"[]\" \/><input type=\"hidden\" name=\"_wpcf7cf_steps\" value=\"{}\" \/><input type=\"hidden\" name=\"_wpcf7cf_options\" value=\"{&quot;form_id&quot;:68,&quot;conditions&quot;:[],&quot;settings&quot;:{&quot;animation&quot;:&quot;yes&quot;,&quot;animation_intime&quot;:200,&quot;animation_outtime&quot;:200,&quot;conditions_ui&quot;:&quot;normal&quot;,&quot;notice_dismissed&quot;:false,&quot;notice_dismissed_rollback-cf7-5.4&quot;:true,&quot;notice_dismissed_update-cf7-5.8&quot;:true,&quot;notice_dismissed_update-cf7-5.8.3&quot;:true,&quot;notice_dismissed_rollback-cf7-5.9.2&quot;:true}}\" \/><input type=\"hidden\" name=\"_wpcf7_recaptcha_response\" value=\"\" \/>\n<\/fieldset>\n<div class=\"input-item\">\n<span class=\"wpcf7-form-control-wrap\" data-name=\"your-name\"><input size=\"40\" maxlength=\"400\" class=\"wpcf7-form-control wpcf7-text wpcf7-validates-as-required form-control\" id=\"lbl-03\" aria-required=\"true\" aria-invalid=\"false\" value=\"\" type=\"text\" name=\"your-name\" \/><\/span><label class=\"placeholder-label\" for=\"lbl-03\">Nom<\/label>\n<\/div><!-- end input-item -->\n<div class=\"input-item\">\n<span class=\"wpcf7-form-control-wrap\" data-name=\"your-email\"><input size=\"40\" maxlength=\"400\" class=\"wpcf7-form-control wpcf7-email wpcf7-validates-as-required wpcf7-text wpcf7-validates-as-email form-control\" id=\"lbl-04\" aria-required=\"true\" aria-invalid=\"false\" value=\"\" type=\"email\" name=\"your-email\" \/><\/span><label class=\"placeholder-label\" for=\"lbl-04\">Email<\/label>\n<\/div><!-- end input-item -->\n<div class=\"check-block\">\n<label class=\"check-item\">\n<span class=\"wpcf7-form-control-wrap\" data-name=\"your-acceptance\"><span class=\"wpcf7-form-control wpcf7-acceptance\"><span class=\"wpcf7-list-item\"><input type=\"checkbox\" name=\"your-acceptance\" value=\"1\" aria-invalid=\"false\" \/><\/span><\/span><\/span> <span>He llegit i accepto la <a href=\"https:\/\/nauticescala.com\/politica-de-privacitat\/\" target=\"_blank\">pol\u00edtica de privacitat<\/a><\/span> \n\n<\/label><!-- end check-item -->\n<\/div><!-- end check-block -->\n<input class=\"wpcf7-form-control wpcf7-submit has-spinner btn btn-sm btn-primary\" type=\"submit\" value=\"Subscriu-te a la newsletter\" \/><div class=\"wpcf7-response-output\" aria-hidden=\"true\"><\/div><p style=\"display: none !important\"><span class=\"wpcf7-form-control-wrap referer-page\"><input type=\"text\" name=\"referer-page\" value=\"http:\/\/Direct%20Visit\" data-value=\"http:\/\/Direct%20Visit\" size=\"40\" class=\"wpcf7-form-control wpcf7-text referer-page\" aria-invalid=\"false\"><\/span><\/p>\n<!-- campaignmonitor extension by Renzo Johnson -->\n<\/form>\n<\/div>\n            <\/div><!-- end subscribe-form -->\n        <\/div><!-- end subscribe-block -->\n    <\/div><!-- end container-fluid -->\n<\/div><!-- end subscribe-section -->\n","protected":false},"excerpt":{"rendered":"","protected":false},"author":7,"featured_media":0,"parent":1083,"menu_order":0,"comment_status":"closed","ping_status":"closed","template":"","meta":{"_acf_changed":false,"_monsterinsights_skip_tracking":false,"_monsterinsights_sitenote_active":false,"_monsterinsights_sitenote_note":"","_monsterinsights_sitenote_category":0,"footnotes":""},"class_list":["post-7964","page","type-page","status-publish","hentry"],"acf":[],"yoast_head":"<!-- This site is optimized with the Yoast SEO Premium plugin v20.7 (Yoast SEO v27.3) - https:\/\/yoast.com\/product\/yoast-seo-premium-wordpress\/ -->\n<title>50 years of history &#8211; Club N\u00e0utic L\u2019Escala<\/title>\n<meta name=\"robots\" content=\"index, follow, max-snippet:-1, max-image-preview:large, max-video-preview:-1\" \/>\n<link rel=\"canonical\" href=\"https:\/\/nauticescala.com\/en\/yacht-club-in-the-costa-brava\/50-years-of-history\/\" \/>\n<meta property=\"og:locale\" content=\"en_US\" \/>\n<meta property=\"og:type\" content=\"article\" \/>\n<meta property=\"og:title\" content=\"50 years of history\" \/>\n<meta property=\"og:url\" content=\"https:\/\/nauticescala.com\/en\/yacht-club-in-the-costa-brava\/50-years-of-history\/\" \/>\n<meta property=\"og:site_name\" content=\"Club N\u00e0utic L\u2019Escala\" \/>\n<meta property=\"article:modified_time\" content=\"2020-04-23T15:33:50+00:00\" \/>\n<meta name=\"twitter:card\" content=\"summary_large_image\" \/>\n<script type=\"application\/ld+json\" class=\"yoast-schema-graph\">{\"@context\":\"https:\\\/\\\/schema.org\",\"@graph\":[{\"@type\":\"WebPage\",\"@id\":\"https:\\\/\\\/nauticescala.com\\\/en\\\/yacht-club-in-the-costa-brava\\\/50-years-of-history\\\/\",\"url\":\"https:\\\/\\\/nauticescala.com\\\/en\\\/yacht-club-in-the-costa-brava\\\/50-years-of-history\\\/\",\"name\":\"50 years of history &#8211; Club N\u00e0utic L\u2019Escala\",\"isPartOf\":{\"@id\":\"https:\\\/\\\/nauticescala.com\\\/#website\"},\"datePublished\":\"2019-11-29T15:04:10+00:00\",\"dateModified\":\"2020-04-23T15:33:50+00:00\",\"breadcrumb\":{\"@id\":\"https:\\\/\\\/nauticescala.com\\\/en\\\/yacht-club-in-the-costa-brava\\\/50-years-of-history\\\/#breadcrumb\"},\"inLanguage\":\"en-US\",\"potentialAction\":[{\"@type\":\"ReadAction\",\"target\":[\"https:\\\/\\\/nauticescala.com\\\/en\\\/yacht-club-in-the-costa-brava\\\/50-years-of-history\\\/\"]}]},{\"@type\":\"BreadcrumbList\",\"@id\":\"https:\\\/\\\/nauticescala.com\\\/en\\\/yacht-club-in-the-costa-brava\\\/50-years-of-history\\\/#breadcrumb\",\"itemListElement\":[{\"@type\":\"ListItem\",\"position\":1,\"name\":\"Home\",\"item\":\"https:\\\/\\\/nauticescala.com\\\/en\\\/\"},{\"@type\":\"ListItem\",\"position\":2,\"name\":\"Welcome to the Club N\u00e0utic\",\"item\":\"https:\\\/\\\/nauticescala.com\\\/en\\\/yacht-club-in-the-costa-brava\\\/\"},{\"@type\":\"ListItem\",\"position\":3,\"name\":\"50 years of history\"}]},{\"@type\":\"WebSite\",\"@id\":\"https:\\\/\\\/nauticescala.com\\\/#website\",\"url\":\"https:\\\/\\\/nauticescala.com\\\/\",\"name\":\"Club N\u00e0utic L\u2019Escala\",\"description\":\"Port esportiu a la Costa Brava\",\"potentialAction\":[{\"@type\":\"SearchAction\",\"target\":{\"@type\":\"EntryPoint\",\"urlTemplate\":\"https:\\\/\\\/nauticescala.com\\\/?s={search_term_string}\"},\"query-input\":{\"@type\":\"PropertyValueSpecification\",\"valueRequired\":true,\"valueName\":\"search_term_string\"}}],\"inLanguage\":\"en-US\"}]}<\/script>\n<!-- \/ Yoast SEO Premium plugin. -->","yoast_head_json":{"title":"50 years of history &#8211; Club N\u00e0utic L\u2019Escala","robots":{"index":"index","follow":"follow","max-snippet":"max-snippet:-1","max-image-preview":"max-image-preview:large","max-video-preview":"max-video-preview:-1"},"canonical":"https:\/\/nauticescala.com\/en\/yacht-club-in-the-costa-brava\/50-years-of-history\/","og_locale":"en_US","og_type":"article","og_title":"50 years of history","og_url":"https:\/\/nauticescala.com\/en\/yacht-club-in-the-costa-brava\/50-years-of-history\/","og_site_name":"Club N\u00e0utic L\u2019Escala","article_modified_time":"2020-04-23T15:33:50+00:00","twitter_card":"summary_large_image","schema":{"@context":"https:\/\/schema.org","@graph":[{"@type":"WebPage","@id":"https:\/\/nauticescala.com\/en\/yacht-club-in-the-costa-brava\/50-years-of-history\/","url":"https:\/\/nauticescala.com\/en\/yacht-club-in-the-costa-brava\/50-years-of-history\/","name":"50 years of history &#8211; Club N\u00e0utic L\u2019Escala","isPartOf":{"@id":"https:\/\/nauticescala.com\/#website"},"datePublished":"2019-11-29T15:04:10+00:00","dateModified":"2020-04-23T15:33:50+00:00","breadcrumb":{"@id":"https:\/\/nauticescala.com\/en\/yacht-club-in-the-costa-brava\/50-years-of-history\/#breadcrumb"},"inLanguage":"en-US","potentialAction":[{"@type":"ReadAction","target":["https:\/\/nauticescala.com\/en\/yacht-club-in-the-costa-brava\/50-years-of-history\/"]}]},{"@type":"BreadcrumbList","@id":"https:\/\/nauticescala.com\/en\/yacht-club-in-the-costa-brava\/50-years-of-history\/#breadcrumb","itemListElement":[{"@type":"ListItem","position":1,"name":"Home","item":"https:\/\/nauticescala.com\/en\/"},{"@type":"ListItem","position":2,"name":"Welcome to the Club N\u00e0utic","item":"https:\/\/nauticescala.com\/en\/yacht-club-in-the-costa-brava\/"},{"@type":"ListItem","position":3,"name":"50 years of history"}]},{"@type":"WebSite","@id":"https:\/\/nauticescala.com\/#website","url":"https:\/\/nauticescala.com\/","name":"Club N\u00e0utic L\u2019Escala","description":"Port esportiu a la Costa Brava","potentialAction":[{"@type":"SearchAction","target":{"@type":"EntryPoint","urlTemplate":"https:\/\/nauticescala.com\/?s={search_term_string}"},"query-input":{"@type":"PropertyValueSpecification","valueRequired":true,"valueName":"search_term_string"}}],"inLanguage":"en-US"}]}},"_links":{"self":[{"href":"https:\/\/nauticescala.com\/en\/wp-json\/wp\/v2\/pages\/7964","targetHints":{"allow":["GET"]}}],"collection":[{"href":"https:\/\/nauticescala.com\/en\/wp-json\/wp\/v2\/pages"}],"about":[{"href":"https:\/\/nauticescala.com\/en\/wp-json\/wp\/v2\/types\/page"}],"author":[{"embeddable":true,"href":"https:\/\/nauticescala.com\/en\/wp-json\/wp\/v2\/users\/7"}],"replies":[{"embeddable":true,"href":"https:\/\/nauticescala.com\/en\/wp-json\/wp\/v2\/comments?post=7964"}],"version-history":[{"count":2,"href":"https:\/\/nauticescala.com\/en\/wp-json\/wp\/v2\/pages\/7964\/revisions"}],"predecessor-version":[{"id":7971,"href":"https:\/\/nauticescala.com\/en\/wp-json\/wp\/v2\/pages\/7964\/revisions\/7971"}],"up":[{"embeddable":true,"href":"https:\/\/nauticescala.com\/en\/wp-json\/wp\/v2\/pages\/1083"}],"wp:attachment":[{"href":"https:\/\/nauticescala.com\/en\/wp-json\/wp\/v2\/media?parent=7964"}],"curies":[{"name":"wp","href":"https:\/\/api.w.org\/{rel}","templated":true}]}}