 {"id":21501,"date":"2020-10-08T16:41:01","date_gmt":"2020-10-08T14:41:01","guid":{"rendered":"http:\/\/nauticescala.com\/?p=21501&#038;post_type=product&#038;preview_id=21501"},"modified":"2020-10-31T16:10:13","modified_gmt":"2020-10-31T15:10:13","slug":"portes-obertes-2020","status":"publish","type":"product","link":"https:\/\/nauticescala.com\/en\/book-your-activity\/portes-obertes-2020\/","title":{"rendered":"Vine a con\u00e8ixer el Club!"},"content":{"rendered":"\n                            <div class=\"accordion-block\">\n                    <div id=\"accordion\" class=\"accordion\">\n                                                                            <div class=\"card\">\n                                <div class=\"card-header\">\n                                    <h3>\n                                        <a href=\"#\" class=\"collapsed\" data-toggle=\"collapse\" data-target=\"#collapse-01\" aria-expanded=\"true\"><i class=\"ico-opener\">&nbsp;<\/i>Reserva el teu amarrador<\/a>\n                                    <\/h3>\n                                <\/div><!-- end card-header -->\n                                <div id=\"collapse-01\" class=\"collapse\">\n                                                                    <div class=\"card-body\">\n\n                                        \n                                            \n                                                \n                                                    <p>Si tens una embarcaci\u00f3, vine a provar les nostres instal\u00b7lacions i serveis per nom\u00e9s 10\u20ac \/ estada, els dies que tu vulguis del 29\/10 al 8\/11 i queda&#8217;t amb nosaltres<i>.<\/i><\/p>\n<p><em>*<\/em><em>Oferta v\u00e0lida per a embarcacions fins a 8 m eslora<\/em><\/p>\n\n                                                \n                                            \n                                        \n                                    <\/div><!-- end card-body -->\n                                <\/div><!-- end collapse -->\n                            <\/div><!-- end card -->\n                                                                                <div class=\"card\">\n                                <div class=\"card-header\">\n                                    <h3>\n                                        <a href=\"#\" class=\"collapsed\" data-toggle=\"collapse\" data-target=\"#collapse-02\" aria-expanded=\"true\"><i class=\"ico-opener\">&nbsp;<\/i>Test d&#8217;embarcacions a motor<\/a>\n                                    <\/h3>\n                                <\/div><!-- end card-header -->\n                                <div id=\"collapse-02\" class=\"collapse\">\n                                                                    <div class=\"card-body\">\n\n                                        \n                                            \n                                                \n                                                    <p>Una embarcaci\u00f3 per a cada armador! No tens embarcaci\u00f3 i busques comprar-ne una? En tens per\u00f2 t&#8217;agradaria renovar-la? Les empreses n\u00e0utiques col\u00b7laboradores del Club tenen el que necessites i durant aquestes Portes Obertes en podr\u00e0s fer un tast.<\/p>\n<ul>\n<li style=\"list-style-type: none;\">\n<ul>\n<li>Proves d&#8217;embarcacions de fins a 8 metres d&#8217;eslora<\/li>\n<li>Activitat amb patr\u00f3<\/li>\n<li>Durada: 30 minuts<\/li>\n<li>Grups m\u00e0x. 4 persones<\/li>\n<li>Preu: 10 \u20ac\/grup<\/li>\n<\/ul>\n<\/li>\n<\/ul>\n<p><strong>Models disponibles<\/strong><\/p>\n<ul>\n<li style=\"list-style-type: none;\">\n<ul>\n<li><a href=\"http:\/\/www.bmaboats.com\/es\/model\/X199\" target=\"_blank\" rel=\"noopener\">BMA X199<\/a> &#8211; <a href=\"http:\/\/jopanautica.com\/ca\/\" target=\"_blank\" rel=\"noopener\">Jopa N\u00e0utica<\/a><\/li>\n<li><a href=\"http:\/\/www.bmaboats.com\/es\/model\/x266\" target=\"_blank\" rel=\"noopener\">BMA X266<\/a> &#8211; <a href=\"http:\/\/jopanautica.com\/ca\/\" target=\"_blank\" rel=\"noopener\">Jopa N\u00e0utica<\/a><\/li>\n<li><a href=\"https:\/\/www.nautivela.net\/ca\/mon-motor\/zar\/zar-classic\/zar-53-classic\/\" target=\"_blank\" rel=\"noopener\">Zar 53<\/a> &#8211; <a href=\"https:\/\/www.nautivela.net\/ca\/\" target=\"_blank\" rel=\"noopener\">Nautivela<\/a><\/li>\n<li><a href=\"https:\/\/www.nautivela.net\/ca\/mon-motor\/beneteau\/beneteau-flyer\/beneteu-flyer-7-spacedeck\/\" target=\"_blank\" rel=\"noopener\">B\u00e9n\u00e9teau Flyer 7 Spacedeck<\/a> &#8211; <a href=\"https:\/\/www.nautivela.net\/ca\/\" target=\"_blank\" rel=\"noopener\">Nautivela<\/a><\/li>\n<\/ul>\n<\/li>\n<\/ul>\n\n                                                \n                                            \n                                        \n                                    <\/div><!-- end card-body -->\n                                <\/div><!-- end collapse -->\n                            <\/div><!-- end card -->\n                                                                                <div class=\"card\">\n                                <div class=\"card-header\">\n                                    <h3>\n                                        <a href=\"#\" class=\"collapsed\" data-toggle=\"collapse\" data-target=\"#collapse-03\" aria-expanded=\"true\"><i class=\"ico-opener\">&nbsp;<\/i>Activitats esportives<\/a>\n                                    <\/h3>\n                                <\/div><!-- end card-header -->\n                                <div id=\"collapse-03\" class=\"collapse\">\n                                                                    <div class=\"card-body\">\n\n                                        \n                                            \n                                                \n                                                    <p>Des del Club \u00e9s molt f\u00e0cil gaudir del mar i de les activitats n\u00e0utiques. Escull la teva i vine a descobrir per qu\u00e8 viure activament el mar d&#8217;Emp\u00faries tot l&#8217;any \u00e9s un plaer!<\/p>\n<ul>\n<li style=\"list-style-type: none;\">\n<ul>\n<li><strong>Caiac<\/strong> &#8211; Lloguer 1:30 h &#8211; <a href=\"http:\/\/nauticescala.com\/activitats-nautiques-a-la-costa-brava\/\" target=\"_blank\" rel=\"noopener\">Escola de Vela del Clu<\/a>b &#8211; 10 \u20ac \/grup (m\u00e0xim 6 persones)<\/li>\n<li><strong>Stand Up Paddle<\/strong> &#8211; Lloguer 1:30 h &#8211; <a href=\"http:\/\/nauticescala.com\/activitats-nautiques-a-la-costa-brava\/\" target=\"_blank\" rel=\"noopener\">Escola de Vela del Club<\/a> -10 \u20ac\/grup (m\u00e0xim 6 persones)<\/li>\n<li><strong>Rem de Mar<\/strong> &#8211; Activitat guiada 1:30 h &#8211; <a href=\"http:\/\/nauticescala.com\/activitats-nautiques-a-la-costa-brava\/\" target=\"_blank\" rel=\"noopener\">Escola de Vela del Clu<\/a>b &#8211; 10 \u20ac\/grup (m\u00e0xim 4 persones)<\/li>\n<li><strong>Vela lleugera<\/strong> &#8211; Activitat guiada 1:30 h &#8211; <a href=\"http:\/\/nauticescala.com\/activitats-nautiques-a-la-costa-brava\/\" target=\"_blank\" rel=\"noopener\">Escola de Vela del Club<\/a> &#8211; 10 \u20ac\/grup (m\u00e0xim 4 persones)<\/li>\n<li><strong>Vela de Creuer<\/strong> &#8211; Activitat guiada 1:30 h &#8211; <a href=\"http:\/\/nauticescala.com\/activitats-nautiques-a-la-costa-brava\/\" target=\"_blank\" rel=\"noopener\">Escola de Vela del Club<\/a> &#8211; 10 \u20ac\/grup (m\u00e0xim 4 persones)<\/li>\n<li><strong>Excursi\u00f3 a Motor<\/strong> &#8211; Sortida guiada al Parc Natural de Montgr\u00ed amb patr\u00f3 1 h &#8211;\u00a0 <a href=\"https:\/\/www.creuers-marenostrum.com\/ca\/\" target=\"_blank\" rel=\"noopener\">Creuers Marenostru<\/a><a href=\"https:\/\/www.creuers-marenostrum.com\/ca\/\" target=\"_blank\" rel=\"noopener\">m<\/a> &#8211; 18 \u20ac\/persona (m\u00ednim 5 persones)<\/li>\n<\/ul>\n<\/li>\n<\/ul>\n\n                                                \n                                            \n                                        \n                                    <\/div><!-- end card-body -->\n                                <\/div><!-- end collapse -->\n                            <\/div><!-- end card -->\n                                                                                <div class=\"card\">\n                                <div class=\"card-header\">\n                                    <h3>\n                                        <a href=\"#\" class=\"collapsed\" data-toggle=\"collapse\" data-target=\"#collapse-04\" aria-expanded=\"true\"><i class=\"ico-opener\">&nbsp;<\/i>Formaci\u00f3<\/a>\n                                    <\/h3>\n                                <\/div><!-- end card-header -->\n                                <div id=\"collapse-04\" class=\"collapse\">\n                                                                    <div class=\"card-body\">\n\n                                        \n                                            \n                                                \n                                                    <p>Vols obtenir la <strong>Llic\u00e8ncia de Navegaci\u00f3<\/strong> per poder navegar al teu aire? Apunta&#8217;t al curs que ha preparat l&#8217;<a href=\"https:\/\/escolanauticacarreras.com\/\" target=\"_blank\" rel=\"noopener\">Escola N\u00e0utica Carreras<\/a> pel proper <strong>dissabte 7 de novembre<\/strong>!<\/p>\n<p>Amb aquest curs podr\u00e0s navegar amb embarcacions de motor i de vela de fins a 6 metres d&#8217;eslora i sense l\u00edmit de pot\u00e8ncia al motor aix\u00ed com motos aqu\u00e0tiques amb una dist\u00e0ncia de dues milles respecte qualsevol port o platja accessible.<\/p>\n<ul>\n<li>Curs complet: 2 h teoria + 4 h navegaci\u00f3 pr\u00e0ctica<\/li>\n<li>Preu: 150 \u20ac<\/li>\n<\/ul>\n\n                                                \n                                            \n                                        \n                                    <\/div><!-- end card-body -->\n                                <\/div><!-- end collapse -->\n                            <\/div><!-- end card -->\n                                                                        <\/div><!-- end accordion -->\n                <\/div><!-- end accordion-block -->\n            \n<section class=\"article-section\"><div class=\"container\">\n\n<\/div><\/section>\t<div class=\"container\">\n\n<div class=\"content-block\">\n \t \t\n \t \t   \n \t\t    <div class=\"partners-block\">\t    \t\n\t    \t\t    \t\t<h3>Col\u00b7laboradors:<\/h3>\n\t    \t  \n\t    \t   \n\t    \t\t\t        <ul class=\"partners-list\">\n\t\t        \t\t\t        \t\t\t\t\t            <li>\n\t\t\t                <a target=\"_blank\" href=\"http:\/\/jopanautica.com\/ca\/\">\n\t\t\t                \t\t\t\t                \t\t<img decoding=\"async\" src=\"https:\/\/nauticescala.com\/wp-content\/uploads\/2020\/02\/jopa-home.jpg\" alt=\"\">\n\t\t\t                \t\t\t\t                <\/a>\n\t\t\t            <\/li>\t\t        \t\t\n\t\t        \t\t\t        \t\t\t\t\t            <li>\n\t\t\t                <a target=\"_blank\" href=\"https:\/\/www.nautivela.net\/es\/\">\n\t\t\t                \t\t\t\t                \t\t<img decoding=\"async\" src=\"https:\/\/nauticescala.com\/wp-content\/uploads\/2020\/01\/logo-nautivela-350x85.jpg\" alt=\"\">\n\t\t\t                \t\t\t\t                <\/a>\n\t\t\t            <\/li>\t\t        \t\t\n\t\t        \t\t\t        \t\t\t\t\t            <li>\n\t\t\t                <a target=\"_blank\" href=\"https:\/\/www.creuers-marenostrum.com\/ca\/\">\n\t\t\t                \t\t\t\t                \t\t<img decoding=\"async\" src=\"https:\/\/nauticescala.com\/wp-content\/uploads\/2020\/02\/creuers-marenostrum-home.jpg\" alt=\"\">\n\t\t\t                \t\t\t\t                <\/a>\n\t\t\t            <\/li>\t\t        \t\t\n\t\t        \t\t\t        \t\t\t\t\t            <li>\n\t\t\t                <a target=\"_blank\" href=\"https:\/\/escolanauticacarreras.com\/\">\n\t\t\t                \t\t\t\t                \t\t<img decoding=\"async\" src=\"https:\/\/nauticescala.com\/wp-content\/uploads\/2020\/10\/logo-escola-nautica-carreras.png\" alt=\"\">\n\t\t\t                \t\t\t\t                <\/a>\n\t\t\t            <\/li>\t\t        \t\t\n\t\t        \t\t\t        \t\t\t\t\t            <li>\n\t\t\t                <a target=\"_blank\" href=\"http:\/\/varadorlescala.com\/\">\n\t\t\t                \t\t\t\t                \t\t<img decoding=\"async\" src=\"https:\/\/nauticescala.com\/wp-content\/uploads\/2020\/01\/varador-lescala.jpg\" alt=\"\">\n\t\t\t                \t\t\t\t                <\/a>\n\t\t\t            <\/li>\t\t        \t\t\n\t\t        \t\t\t            \n\t\t        <\/ul><!-- end partners-list -->\t    \t\t\n\t    \t\t    <\/div><!-- end partners-block --> \t   \t\n \t   \n<\/div><!-- end content-block -->\n\n\t<\/div>\n\n<section class=\"article-section\"><div class=\"container\">\n\n<\/div><\/section>\t<div class=\"slideshow-item\">\n\t    <div class=\"slideshow-offset\">\n\t        <div class=\"slides\">\n\t        \t\t\t            <div class=\"slide\">\n\t\t                <figure class=\"image\">\n\t\t                    <img decoding=\"async\" src=\"https:\/\/nauticescala.com\/wp-content\/uploads\/2020\/01\/2019-club-nautic-lescala-22.jpg\" alt=\"Ruta Guiada amb caiac - Club N\u00e0utic l'Escala\">\n\t\t                <\/figure><!-- end image -->\n\t\t            <\/div><!-- end slide -->\t        \t\t\n\t        \t\t\t            <div class=\"slide\">\n\t\t                <figure class=\"image\">\n\t\t                    <img decoding=\"async\" src=\"https:\/\/nauticescala.com\/wp-content\/uploads\/2020\/04\/2015-cn-lescala-diving-grups.jpg\" alt=\"\">\n\t\t                <\/figure><!-- end image -->\n\t\t            <\/div><!-- end slide -->\t        \t\t\n\t        \t\t\t            <div class=\"slide\">\n\t\t                <figure class=\"image\">\n\t\t                    <img decoding=\"async\" src=\"https:\/\/nauticescala.com\/wp-content\/uploads\/2020\/04\/2013-cn-lescala-sup-3.jpg\" alt=\"\">\n\t\t                <\/figure><!-- end image -->\n\t\t            <\/div><!-- end slide -->\t        \t\t\n\t        \t\t\t            <div class=\"slide\">\n\t\t                <figure class=\"image\">\n\t\t                    <img decoding=\"async\" src=\"https:\/\/nauticescala.com\/wp-content\/uploads\/2020\/02\/2017-cn-lescala-vela-3.jpg\" alt=\"\">\n\t\t                <\/figure><!-- end image -->\n\t\t            <\/div><!-- end slide -->\t        \t\t\n\t        \t\t\t            <div class=\"slide\">\n\t\t                <figure class=\"image\">\n\t\t                    <img decoding=\"async\" src=\"https:\/\/nauticescala.com\/wp-content\/uploads\/2020\/02\/2014-cn-lescala-creuer-1.jpg\" alt=\"\">\n\t\t                <\/figure><!-- end image -->\n\t\t            <\/div><!-- end slide -->\t        \t\t\n\t        \t\t\t            <div class=\"slide\">\n\t\t                <figure class=\"image\">\n\t\t                    <img decoding=\"async\" src=\"https:\/\/nauticescala.com\/wp-content\/uploads\/2020\/05\/club-nautic-lescala-motonautica-costa-brava.jpg\" alt=\"\">\n\t\t                <\/figure><!-- end image -->\n\t\t            <\/div><!-- end slide -->\t        \t\t\n\t        \t\t\t            <div class=\"slide\">\n\t\t                <figure class=\"image\">\n\t\t                    <img decoding=\"async\" src=\"https:\/\/nauticescala.com\/wp-content\/uploads\/2020\/10\/2020-club-nautic-lescala-2.jpg\" alt=\"\">\n\t\t                <\/figure><!-- end image -->\n\t\t            <\/div><!-- end slide -->\t        \t\t\n\t        \t\t\t            <div class=\"slide\">\n\t\t                <figure class=\"image\">\n\t\t                    <img decoding=\"async\" src=\"https:\/\/nauticescala.com\/wp-content\/uploads\/2020\/10\/2020-club-nautic-lescala-101.jpg\" alt=\"\">\n\t\t                <\/figure><!-- end image -->\n\t\t            <\/div><!-- end slide -->\t        \t\t\n\t        \t\t           \n\t        <\/div><!-- end slides -->\n\t    <\/div><!-- end slideshow-offset -->\n\t<\/div><!-- end slideshow-item -->\n","protected":false},"excerpt":{"rendered":"<p>Jornada de Portes Obertes &#8211; Vine a con\u00e8ixer el Club!<\/p>\n","protected":false},"featured_media":10808,"template":"","meta":{"_acf_changed":false,"_monsterinsights_skip_tracking":false,"_monsterinsights_sitenote_active":false,"_monsterinsights_sitenote_note":"","_monsterinsights_sitenote_category":0},"product_brand":[],"product_cat":[99],"product_tag":[],"activity_type":[],"level":[],"age":[],"modality":[],"payment_method":[],"class_list":{"0":"post-21501","1":"product","2":"type-product","3":"status-publish","4":"has-post-thumbnail","6":"product_cat-sense-categoria","8":"first","9":"instock","10":"shipping-taxable","11":"product-type-simple"},"acf":[],"yoast_head":"<!-- This site is optimized with the Yoast SEO Premium plugin v20.7 (Yoast SEO v27.5) - https:\/\/yoast.com\/product\/yoast-seo-premium-wordpress\/ -->\n<title>Vine a con\u00e8ixer el Club! &#8211; Club N\u00e0utic L\u2019Escala<\/title>\n<meta name=\"robots\" content=\"index, follow, max-snippet:-1, max-image-preview:large, max-video-preview:-1\" \/>\n<link rel=\"canonical\" href=\"https:\/\/nauticescala.com\/fr\/activitats-costa-brava\/portes-obertes-2020\/\" \/>\n<meta property=\"og:locale\" content=\"en_US\" \/>\n<meta property=\"og:type\" content=\"article\" \/>\n<meta property=\"og:title\" content=\"Vine a con\u00e8ixer el Club!\" \/>\n<meta property=\"og:description\" content=\"Jornada de Portes Obertes - Vine a con\u00e8ixer el Club!\" \/>\n<meta property=\"og:url\" content=\"https:\/\/nauticescala.com\/fr\/activitats-costa-brava\/portes-obertes-2020\/\" \/>\n<meta property=\"og:site_name\" content=\"Club N\u00e0utic L\u2019Escala\" \/>\n<meta property=\"article:modified_time\" content=\"2020-10-31T15:10:13+00:00\" \/>\n<meta property=\"og:image\" content=\"https:\/\/nauticescala.com\/wp-content\/uploads\/2020\/04\/2017-cn-lescala-aerial-port.jpg\" \/>\n\t<meta property=\"og:image:width\" content=\"1200\" \/>\n\t<meta property=\"og:image:height\" content=\"605\" \/>\n\t<meta property=\"og:image:type\" content=\"image\/jpeg\" \/>\n<meta name=\"twitter:card\" content=\"summary_large_image\" \/>\n<script type=\"application\/ld+json\" class=\"yoast-schema-graph\">{\"@context\":\"https:\\\/\\\/schema.org\",\"@graph\":[{\"@type\":\"WebPage\",\"@id\":\"https:\\\/\\\/nauticescala.com\\\/fr\\\/activitats-costa-brava\\\/portes-obertes-2020\\\/\",\"url\":\"https:\\\/\\\/nauticescala.com\\\/fr\\\/activitats-costa-brava\\\/portes-obertes-2020\\\/\",\"name\":\"Vine a con\u00e8ixer el Club! &#8211; Club N\u00e0utic L\u2019Escala\",\"isPartOf\":{\"@id\":\"https:\\\/\\\/nauticescala.com\\\/#website\"},\"primaryImageOfPage\":{\"@id\":\"https:\\\/\\\/nauticescala.com\\\/fr\\\/activitats-costa-brava\\\/portes-obertes-2020\\\/#primaryimage\"},\"image\":{\"@id\":\"https:\\\/\\\/nauticescala.com\\\/fr\\\/activitats-costa-brava\\\/portes-obertes-2020\\\/#primaryimage\"},\"thumbnailUrl\":\"https:\\\/\\\/nauticescala.com\\\/wp-content\\\/uploads\\\/2020\\\/04\\\/2017-cn-lescala-aerial-port.jpg\",\"datePublished\":\"2020-10-08T14:41:01+00:00\",\"dateModified\":\"2020-10-31T15:10:13+00:00\",\"breadcrumb\":{\"@id\":\"https:\\\/\\\/nauticescala.com\\\/fr\\\/activitats-costa-brava\\\/portes-obertes-2020\\\/#breadcrumb\"},\"inLanguage\":\"en-US\",\"potentialAction\":[{\"@type\":\"ReadAction\",\"target\":[\"https:\\\/\\\/nauticescala.com\\\/fr\\\/activitats-costa-brava\\\/portes-obertes-2020\\\/\"]}]},{\"@type\":\"ImageObject\",\"inLanguage\":\"en-US\",\"@id\":\"https:\\\/\\\/nauticescala.com\\\/fr\\\/activitats-costa-brava\\\/portes-obertes-2020\\\/#primaryimage\",\"url\":\"https:\\\/\\\/nauticescala.com\\\/wp-content\\\/uploads\\\/2020\\\/04\\\/2017-cn-lescala-aerial-port.jpg\",\"contentUrl\":\"https:\\\/\\\/nauticescala.com\\\/wp-content\\\/uploads\\\/2020\\\/04\\\/2017-cn-lescala-aerial-port.jpg\",\"width\":1200,\"height\":605,\"caption\":\"DCIM100MEDIADJI_0268.JPG\"},{\"@type\":\"BreadcrumbList\",\"@id\":\"https:\\\/\\\/nauticescala.com\\\/fr\\\/activitats-costa-brava\\\/portes-obertes-2020\\\/#breadcrumb\",\"itemListElement\":[{\"@type\":\"ListItem\",\"position\":1,\"name\":\"Home\",\"item\":\"https:\\\/\\\/nauticescala.com\\\/en\\\/\"},{\"@type\":\"ListItem\",\"position\":2,\"name\":\"Book your activities in Costa Brava\",\"item\":\"https:\\\/\\\/nauticescala.com\\\/en\\\/book-your-activities-in-costa-brava\\\/\"},{\"@type\":\"ListItem\",\"position\":3,\"name\":\"Vine a con\u00e8ixer el Club!\"}]},{\"@type\":\"WebSite\",\"@id\":\"https:\\\/\\\/nauticescala.com\\\/#website\",\"url\":\"https:\\\/\\\/nauticescala.com\\\/\",\"name\":\"Club N\u00e0utic L\u2019Escala\",\"description\":\"Port esportiu a la Costa Brava\",\"potentialAction\":[{\"@type\":\"SearchAction\",\"target\":{\"@type\":\"EntryPoint\",\"urlTemplate\":\"https:\\\/\\\/nauticescala.com\\\/?s={search_term_string}\"},\"query-input\":{\"@type\":\"PropertyValueSpecification\",\"valueRequired\":true,\"valueName\":\"search_term_string\"}}],\"inLanguage\":\"en-US\"}]}<\/script>\n<!-- \/ Yoast SEO Premium plugin. -->","yoast_head_json":{"title":"Vine a con\u00e8ixer el Club! &#8211; Club N\u00e0utic L\u2019Escala","robots":{"index":"index","follow":"follow","max-snippet":"max-snippet:-1","max-image-preview":"max-image-preview:large","max-video-preview":"max-video-preview:-1"},"canonical":"https:\/\/nauticescala.com\/fr\/activitats-costa-brava\/portes-obertes-2020\/","og_locale":"en_US","og_type":"article","og_title":"Vine a con\u00e8ixer el Club!","og_description":"Jornada de Portes Obertes - Vine a con\u00e8ixer el Club!","og_url":"https:\/\/nauticescala.com\/fr\/activitats-costa-brava\/portes-obertes-2020\/","og_site_name":"Club N\u00e0utic L\u2019Escala","article_modified_time":"2020-10-31T15:10:13+00:00","og_image":[{"width":1200,"height":605,"url":"https:\/\/nauticescala.com\/wp-content\/uploads\/2020\/04\/2017-cn-lescala-aerial-port.jpg","type":"image\/jpeg"}],"twitter_card":"summary_large_image","schema":{"@context":"https:\/\/schema.org","@graph":[{"@type":"WebPage","@id":"https:\/\/nauticescala.com\/fr\/activitats-costa-brava\/portes-obertes-2020\/","url":"https:\/\/nauticescala.com\/fr\/activitats-costa-brava\/portes-obertes-2020\/","name":"Vine a con\u00e8ixer el Club! &#8211; Club N\u00e0utic L\u2019Escala","isPartOf":{"@id":"https:\/\/nauticescala.com\/#website"},"primaryImageOfPage":{"@id":"https:\/\/nauticescala.com\/fr\/activitats-costa-brava\/portes-obertes-2020\/#primaryimage"},"image":{"@id":"https:\/\/nauticescala.com\/fr\/activitats-costa-brava\/portes-obertes-2020\/#primaryimage"},"thumbnailUrl":"https:\/\/nauticescala.com\/wp-content\/uploads\/2020\/04\/2017-cn-lescala-aerial-port.jpg","datePublished":"2020-10-08T14:41:01+00:00","dateModified":"2020-10-31T15:10:13+00:00","breadcrumb":{"@id":"https:\/\/nauticescala.com\/fr\/activitats-costa-brava\/portes-obertes-2020\/#breadcrumb"},"inLanguage":"en-US","potentialAction":[{"@type":"ReadAction","target":["https:\/\/nauticescala.com\/fr\/activitats-costa-brava\/portes-obertes-2020\/"]}]},{"@type":"ImageObject","inLanguage":"en-US","@id":"https:\/\/nauticescala.com\/fr\/activitats-costa-brava\/portes-obertes-2020\/#primaryimage","url":"https:\/\/nauticescala.com\/wp-content\/uploads\/2020\/04\/2017-cn-lescala-aerial-port.jpg","contentUrl":"https:\/\/nauticescala.com\/wp-content\/uploads\/2020\/04\/2017-cn-lescala-aerial-port.jpg","width":1200,"height":605,"caption":"DCIM100MEDIADJI_0268.JPG"},{"@type":"BreadcrumbList","@id":"https:\/\/nauticescala.com\/fr\/activitats-costa-brava\/portes-obertes-2020\/#breadcrumb","itemListElement":[{"@type":"ListItem","position":1,"name":"Home","item":"https:\/\/nauticescala.com\/en\/"},{"@type":"ListItem","position":2,"name":"Book your activities in Costa Brava","item":"https:\/\/nauticescala.com\/en\/book-your-activities-in-costa-brava\/"},{"@type":"ListItem","position":3,"name":"Vine a con\u00e8ixer el Club!"}]},{"@type":"WebSite","@id":"https:\/\/nauticescala.com\/#website","url":"https:\/\/nauticescala.com\/","name":"Club N\u00e0utic L\u2019Escala","description":"Port esportiu a la Costa Brava","potentialAction":[{"@type":"SearchAction","target":{"@type":"EntryPoint","urlTemplate":"https:\/\/nauticescala.com\/?s={search_term_string}"},"query-input":{"@type":"PropertyValueSpecification","valueRequired":true,"valueName":"search_term_string"}}],"inLanguage":"en-US"}]}},"_links":{"self":[{"href":"https:\/\/nauticescala.com\/en\/wp-json\/wp\/v2\/product\/21501","targetHints":{"allow":["GET"]}}],"collection":[{"href":"https:\/\/nauticescala.com\/en\/wp-json\/wp\/v2\/product"}],"about":[{"href":"https:\/\/nauticescala.com\/en\/wp-json\/wp\/v2\/types\/product"}],"wp:featuredmedia":[{"embeddable":true,"href":"https:\/\/nauticescala.com\/en\/wp-json\/wp\/v2\/media\/10808"}],"wp:attachment":[{"href":"https:\/\/nauticescala.com\/en\/wp-json\/wp\/v2\/media?parent=21501"}],"wp:term":[{"taxonomy":"product_brand","embeddable":true,"href":"https:\/\/nauticescala.com\/en\/wp-json\/wp\/v2\/product_brand?post=21501"},{"taxonomy":"product_cat","embeddable":true,"href":"https:\/\/nauticescala.com\/en\/wp-json\/wp\/v2\/product_cat?post=21501"},{"taxonomy":"product_tag","embeddable":true,"href":"https:\/\/nauticescala.com\/en\/wp-json\/wp\/v2\/product_tag?post=21501"},{"taxonomy":"activity_type","embeddable":true,"href":"https:\/\/nauticescala.com\/en\/wp-json\/wp\/v2\/activity_type?post=21501"},{"taxonomy":"level","embeddable":true,"href":"https:\/\/nauticescala.com\/en\/wp-json\/wp\/v2\/level?post=21501"},{"taxonomy":"age","embeddable":true,"href":"https:\/\/nauticescala.com\/en\/wp-json\/wp\/v2\/age?post=21501"},{"taxonomy":"modality","embeddable":true,"href":"https:\/\/nauticescala.com\/en\/wp-json\/wp\/v2\/modality?post=21501"},{"taxonomy":"payment_method","embeddable":true,"href":"https:\/\/nauticescala.com\/en\/wp-json\/wp\/v2\/payment_method?post=21501"}],"curies":[{"name":"wp","href":"https:\/\/api.w.org\/{rel}","templated":true}]}}