 {"id":73822,"date":"2024-10-03T15:42:03","date_gmt":"2024-10-03T13:42:03","guid":{"rendered":"https:\/\/nauticescala.com\/?p=73822&#038;post_type=product&#038;preview_id=73822"},"modified":"2024-10-04T12:36:46","modified_gmt":"2024-10-04T10:36:46","slug":"sortida-de-naturalesa-fotografia-oficis-del-mar","status":"publish","type":"product","link":"https:\/\/nauticescala.com\/en\/book-your-activity\/sortida-de-naturalesa-fotografia-oficis-del-mar\/","title":{"rendered":"Sortida de naturalesa &#8211; Fotografia Oficis del mar"},"content":{"rendered":"\n                            <div class=\"accordion-block\">\n                    <div id=\"accordion\" class=\"accordion\">\n                                                                            <div class=\"card\">\n                                <div class=\"card-header\">\n                                    <h3>\n                                        <a href=\"#\" class=\"collapsed\" data-toggle=\"collapse\" data-target=\"#collapse-01\" aria-expanded=\"true\"><i class=\"ico-opener\">&nbsp;<\/i>Programa<\/a>\n                                    <\/h3>\n                                <\/div><!-- end card-header -->\n                                <div id=\"collapse-01\" class=\"collapse\">\n                                                                    <div class=\"card-body\">\n\n                                        \n                                            \n                                                \n                                                    <ul>\n<li>7:00 h: Trobada i briefing de la jornada.<\/li>\n<li>7:00 \u2013 9:30 h: taller de fotografia.<\/li>\n<li>9:30 &#8211; 10:00 h: esmorzar.<\/li>\n<\/ul>\n\n                                                \n                                            \n                                        \n                                    <\/div><!-- end card-body -->\n                                <\/div><!-- end collapse -->\n                            <\/div><!-- end card -->\n                                                                                <div class=\"card\">\n                                <div class=\"card-header\">\n                                    <h3>\n                                        <a href=\"#\" class=\"collapsed\" data-toggle=\"collapse\" data-target=\"#collapse-02\" aria-expanded=\"true\"><i class=\"ico-opener\">&nbsp;<\/i>Recomanacions<\/a>\n                                    <\/h3>\n                                <\/div><!-- end card-header -->\n                                <div id=\"collapse-02\" class=\"collapse\">\n                                                                    <div class=\"card-body\">\n\n                                        \n                                            \n                                                \n                                                    <p><strong>Equip fotogr\u00e0fic<br \/>\n<\/strong>Per participar en aquest taller es recomana comptar amb una c\u00e0mera reflex o mirrorless.<\/p>\n<p><strong>Roba adequada<\/strong><br \/>\nL\u2019activitat es realitzar\u00e0 durant el mes d&#8217;octubre i ben d&#8217;hora al mat\u00ed, pel que \u00e9s important dur roba d&#8217;abric amb l&#8217;objectiu de protegir-se del fred.<\/p>\n\n                                                \n                                            \n                                        \n                                    <\/div><!-- end card-body -->\n                                <\/div><!-- end collapse -->\n                            <\/div><!-- end card -->\n                                                                        <\/div><!-- end accordion -->\n                <\/div><!-- end accordion-block -->\n            \n<section class=\"article-section\"><div class=\"container\">\n\n<\/div><\/section>\n            \n<section class=\"article-section\"><div class=\"container\">\n\n<\/div><\/section>\t<div class=\"container\">\n\n<div class=\"content-block\">\n \t \t\n \t \t   \n \t\t    <div class=\"partners-block\">\t    \t\n\t    \t\t    \t\t<h3>Col.laboradors:<\/h3>\n\t    \t  \n\t    \t   \n\t    \t\t\t        <ul class=\"partners-list\">\n\t\t        \t\t\t        \t\t\t\t\t            <li>\n\t\t\t                <a target=\"_blank\" href=\"#no-follow\">\n\t\t\t                \t\t\t\t                \t\t<img decoding=\"async\" src=\"https:\/\/nauticescala.com\/wp-content\/uploads\/2023\/04\/logo-medfoto-350x163.png\" alt=\"\">\n\t\t\t                \t\t\t\t                <\/a>\n\t\t\t            <\/li>\t\t        \t\t\n\t\t        \t\t\t        \t\t\t\t\t            <li>\n\t\t\t                <a target=\"_blank\" href=\"#no-follow\">\n\t\t\t                \t\t\t\t                \t\t<img decoding=\"async\" src=\"https:\/\/nauticescala.com\/wp-content\/uploads\/2021\/05\/logo-fundacio-alive-1.jpg\" alt=\"\">\n\t\t\t                \t\t\t\t                <\/a>\n\t\t\t            <\/li>\t\t        \t\t\n\t\t        \t\t\t        \t\t\t\t\t            <li>\n\t\t\t                <a target=\"_blank\" href=\"#no-follow\">\n\t\t\t                \t\t\t\t                \t\t<img decoding=\"async\" src=\"https:\/\/nauticescala.com\/wp-content\/uploads\/2024\/05\/logo-fotografia-by-eram-350x138.png\" alt=\"\">\n\t\t\t                \t\t\t\t                <\/a>\n\t\t\t            <\/li>\t\t        \t\t\n\t\t        \t\t\t        \t\t\t\t\t            <li>\n\t\t\t                <a target=\"_blank\" href=\"#no-follow\">\n\t\t\t                \t\t\t\t                \t\t<img decoding=\"async\" src=\"https:\/\/nauticescala.com\/wp-content\/uploads\/2024\/04\/logo-apnae.jpg\" alt=\"\">\n\t\t\t                \t\t\t\t                <\/a>\n\t\t\t            <\/li>\t\t        \t\t\n\t\t        \t\t\t            \n\t\t        <\/ul><!-- end partners-list -->\t    \t\t\n\t    \t\t    <\/div><!-- end partners-block --> \t   \t\n \t   \n<\/div><!-- end content-block -->\n\n\t<\/div>\n\n<section class=\"article-section\"><div class=\"container\">\n\n<\/div><\/section>\t<div class=\"container\">\n\n<div class=\"content-block\">\n \t \t\n \t \t   \n \t\t    <div class=\"partners-block\">\t    \t\n\t    \t\t    \t\t<h3>Amb el finan\u00e7ament de:<\/h3>\n\t    \t  \n\t    \t   \n\t    \t\t\t        <ul class=\"partners-list\">\n\t\t        \t\t\t        \t\t\t\t\t            <li>\n\t\t\t                <a target=\"_blank\" href=\"#no-follow\">\n\t\t\t                \t\t\t\t                \t\t<img decoding=\"async\" src=\"https:\/\/nauticescala.com\/wp-content\/uploads\/2024\/04\/unio-europea-fons-europeu-next-generation-1-350x74.png\" alt=\"\">\n\t\t\t                \t\t\t\t                <\/a>\n\t\t\t            <\/li>\t\t        \t\t\n\t\t        \t\t\t        \t\t\t\t\t            <li>\n\t\t\t                <a target=\"_blank\" href=\"#no-follow\">\n\t\t\t                \t\t\t\t                \t\t<img decoding=\"async\" src=\"https:\/\/nauticescala.com\/wp-content\/uploads\/2024\/05\/mitgobweb-350x101.png\" alt=\"\">\n\t\t\t                \t\t\t\t                <\/a>\n\t\t\t            <\/li>\t\t        \t\t\n\t\t        \t\t\t        \t\t\t\t\t            <li>\n\t\t\t                <a target=\"_blank\" href=\"#no-follow\">\n\t\t\t                \t\t\t\t                \t\t<img decoding=\"async\" src=\"https:\/\/nauticescala.com\/wp-content\/uploads\/2024\/04\/plan-de-recuperacion-transformacion-y-resiliencia-1-350x197.jpg\" alt=\"\">\n\t\t\t                \t\t\t\t                <\/a>\n\t\t\t            <\/li>\t\t        \t\t\n\t\t        \t\t\t        \t\t\t\t\t            <li>\n\t\t\t                <a target=\"_blank\" href=\"#no-follow\">\n\t\t\t                \t\t\t\t                \t\t<img decoding=\"async\" src=\"https:\/\/nauticescala.com\/wp-content\/uploads\/2024\/04\/next-generation-catalunya-1-350x210.jpg\" alt=\"\">\n\t\t\t                \t\t\t\t                <\/a>\n\t\t\t            <\/li>\t\t        \t\t\n\t\t        \t\t\t        \t\t\t\t\t            <li>\n\t\t\t                <a target=\"_blank\" href=\"#no-follow\">\n\t\t\t                \t\t\t\t                \t\t<img decoding=\"async\" src=\"https:\/\/nauticescala.com\/wp-content\/uploads\/2024\/04\/generalitat-de-catalunya-350x102.png\" alt=\"\">\n\t\t\t                \t\t\t\t                <\/a>\n\t\t\t            <\/li>\t\t        \t\t\n\t\t        \t\t\t        \t\t\t\t\t            <li>\n\t\t\t                <a target=\"_blank\" href=\"#no-follow\">\n\t\t\t                \t\t\t\t                \t\t<img decoding=\"async\" src=\"https:\/\/nauticescala.com\/wp-content\/uploads\/2024\/04\/turisme-escala.jpg\" alt=\"\">\n\t\t\t                \t\t\t\t                <\/a>\n\t\t\t            <\/li>\t\t        \t\t\n\t\t        \t\t\t            \n\t\t        <\/ul><!-- end partners-list -->\t    \t\t\n\t    \t\t    <\/div><!-- end partners-block --> \t   \t\n \t   \n<\/div><!-- end content-block -->\n\n\t<\/div>\n\n","protected":false},"excerpt":{"rendered":"<p>Tipus: medi ambient<br \/>Inscripcions fins el 16 de setembre<\/p>\n","protected":false},"featured_media":73830,"template":"","meta":{"_acf_changed":false,"_monsterinsights_skip_tracking":false,"_monsterinsights_sitenote_active":false,"_monsterinsights_sitenote_note":"","_monsterinsights_sitenote_category":0},"product_brand":[],"product_cat":[102],"product_tag":[],"activity_type":[],"level":[],"age":[],"modality":[],"payment_method":[],"class_list":{"0":"post-73822","1":"product","2":"type-product","3":"status-publish","4":"has-post-thumbnail","6":"product_cat-uncategorized","8":"first","9":"instock","10":"shipping-taxable","11":"product-type-simple"},"acf":[],"yoast_head":"<!-- This site is optimized with the Yoast SEO Premium plugin v20.7 (Yoast SEO v27.3) - https:\/\/yoast.com\/product\/yoast-seo-premium-wordpress\/ -->\n<title>Sortida de naturalesa - Fotografia Oficis del mar &#8211; Club N\u00e0utic L\u2019Escala<\/title>\n<meta name=\"description\" content=\"Participa al taller de fotografia del dia 18 d&#039;octubre dedicat als oficis del mar guiat pel fot\u00f2graf i docent David Salcedo.\" \/>\n<meta name=\"robots\" content=\"index, follow, max-snippet:-1, max-image-preview:large, max-video-preview:-1\" \/>\n<link rel=\"canonical\" href=\"https:\/\/nauticescala.com\/en\/book-your-activity\/sortida-de-naturalesa-fotografia-oficis-del-mar\/\" \/>\n<meta property=\"og:locale\" content=\"en_US\" \/>\n<meta property=\"og:type\" content=\"article\" \/>\n<meta property=\"og:title\" content=\"Sortida de naturalesa - Fotografia Oficis del mar\" \/>\n<meta property=\"og:description\" content=\"Participa al taller de fotografia del dia 18 d&#039;octubre dedicat als oficis del mar guiat pel fot\u00f2graf i docent David Salcedo.\" \/>\n<meta property=\"og:url\" content=\"https:\/\/nauticescala.com\/en\/book-your-activity\/sortida-de-naturalesa-fotografia-oficis-del-mar\/\" \/>\n<meta property=\"og:site_name\" content=\"Club N\u00e0utic L\u2019Escala\" \/>\n<meta property=\"article:modified_time\" content=\"2024-10-04T10:36:46+00:00\" \/>\n<meta property=\"og:image\" content=\"https:\/\/nauticescala.com\/wp-content\/uploads\/2024\/10\/2023-nauticescala-sortides-naturalesa-13.jpg\" \/>\n\t<meta property=\"og:image:width\" content=\"1800\" \/>\n\t<meta property=\"og:image:height\" content=\"907\" \/>\n\t<meta property=\"og:image:type\" content=\"image\/jpeg\" \/>\n<meta name=\"twitter:card\" content=\"summary_large_image\" \/>\n<meta name=\"twitter:label1\" content=\"Est. reading time\" \/>\n\t<meta name=\"twitter:data1\" content=\"3 minutes\" \/>\n<script type=\"application\/ld+json\" class=\"yoast-schema-graph\">{\"@context\":\"https:\\\/\\\/schema.org\",\"@graph\":[{\"@type\":\"WebPage\",\"@id\":\"https:\\\/\\\/nauticescala.com\\\/en\\\/book-your-activity\\\/sortida-de-naturalesa-fotografia-oficis-del-mar\\\/\",\"url\":\"https:\\\/\\\/nauticescala.com\\\/en\\\/book-your-activity\\\/sortida-de-naturalesa-fotografia-oficis-del-mar\\\/\",\"name\":\"Sortida de naturalesa - Fotografia Oficis del mar &#8211; Club N\u00e0utic L\u2019Escala\",\"isPartOf\":{\"@id\":\"https:\\\/\\\/nauticescala.com\\\/#website\"},\"primaryImageOfPage\":{\"@id\":\"https:\\\/\\\/nauticescala.com\\\/en\\\/book-your-activity\\\/sortida-de-naturalesa-fotografia-oficis-del-mar\\\/#primaryimage\"},\"image\":{\"@id\":\"https:\\\/\\\/nauticescala.com\\\/en\\\/book-your-activity\\\/sortida-de-naturalesa-fotografia-oficis-del-mar\\\/#primaryimage\"},\"thumbnailUrl\":\"https:\\\/\\\/nauticescala.com\\\/wp-content\\\/uploads\\\/2024\\\/10\\\/2023-nauticescala-sortides-naturalesa-13.jpg\",\"datePublished\":\"2024-10-03T13:42:03+00:00\",\"dateModified\":\"2024-10-04T10:36:46+00:00\",\"description\":\"Participa al taller de fotografia del dia 18 d'octubre dedicat als oficis del mar guiat pel fot\u00f2graf i docent David Salcedo.\",\"breadcrumb\":{\"@id\":\"https:\\\/\\\/nauticescala.com\\\/en\\\/book-your-activity\\\/sortida-de-naturalesa-fotografia-oficis-del-mar\\\/#breadcrumb\"},\"inLanguage\":\"en-US\",\"potentialAction\":[{\"@type\":\"ReadAction\",\"target\":[\"https:\\\/\\\/nauticescala.com\\\/en\\\/book-your-activity\\\/sortida-de-naturalesa-fotografia-oficis-del-mar\\\/\"]}]},{\"@type\":\"ImageObject\",\"inLanguage\":\"en-US\",\"@id\":\"https:\\\/\\\/nauticescala.com\\\/en\\\/book-your-activity\\\/sortida-de-naturalesa-fotografia-oficis-del-mar\\\/#primaryimage\",\"url\":\"https:\\\/\\\/nauticescala.com\\\/wp-content\\\/uploads\\\/2024\\\/10\\\/2023-nauticescala-sortides-naturalesa-13.jpg\",\"contentUrl\":\"https:\\\/\\\/nauticescala.com\\\/wp-content\\\/uploads\\\/2024\\\/10\\\/2023-nauticescala-sortides-naturalesa-13.jpg\",\"width\":1800,\"height\":907},{\"@type\":\"BreadcrumbList\",\"@id\":\"https:\\\/\\\/nauticescala.com\\\/en\\\/book-your-activity\\\/sortida-de-naturalesa-fotografia-oficis-del-mar\\\/#breadcrumb\",\"itemListElement\":[{\"@type\":\"ListItem\",\"position\":1,\"name\":\"Home\",\"item\":\"https:\\\/\\\/nauticescala.com\\\/en\\\/\"},{\"@type\":\"ListItem\",\"position\":2,\"name\":\"Book your activities in Costa Brava\",\"item\":\"https:\\\/\\\/nauticescala.com\\\/en\\\/book-your-activities-in-costa-brava\\\/\"},{\"@type\":\"ListItem\",\"position\":3,\"name\":\"Sortida de naturalesa &#8211; Fotografia Oficis del mar\"}]},{\"@type\":\"WebSite\",\"@id\":\"https:\\\/\\\/nauticescala.com\\\/#website\",\"url\":\"https:\\\/\\\/nauticescala.com\\\/\",\"name\":\"Club N\u00e0utic L\u2019Escala\",\"description\":\"Port esportiu a la Costa Brava\",\"potentialAction\":[{\"@type\":\"SearchAction\",\"target\":{\"@type\":\"EntryPoint\",\"urlTemplate\":\"https:\\\/\\\/nauticescala.com\\\/?s={search_term_string}\"},\"query-input\":{\"@type\":\"PropertyValueSpecification\",\"valueRequired\":true,\"valueName\":\"search_term_string\"}}],\"inLanguage\":\"en-US\"}]}<\/script>\n<!-- \/ Yoast SEO Premium plugin. -->","yoast_head_json":{"title":"Sortida de naturalesa - Fotografia Oficis del mar &#8211; Club N\u00e0utic L\u2019Escala","description":"Participa al taller de fotografia del dia 18 d'octubre dedicat als oficis del mar guiat pel fot\u00f2graf i docent David Salcedo.","robots":{"index":"index","follow":"follow","max-snippet":"max-snippet:-1","max-image-preview":"max-image-preview:large","max-video-preview":"max-video-preview:-1"},"canonical":"https:\/\/nauticescala.com\/en\/book-your-activity\/sortida-de-naturalesa-fotografia-oficis-del-mar\/","og_locale":"en_US","og_type":"article","og_title":"Sortida de naturalesa - Fotografia Oficis del mar","og_description":"Participa al taller de fotografia del dia 18 d'octubre dedicat als oficis del mar guiat pel fot\u00f2graf i docent David Salcedo.","og_url":"https:\/\/nauticescala.com\/en\/book-your-activity\/sortida-de-naturalesa-fotografia-oficis-del-mar\/","og_site_name":"Club N\u00e0utic L\u2019Escala","article_modified_time":"2024-10-04T10:36:46+00:00","og_image":[{"width":1800,"height":907,"url":"https:\/\/nauticescala.com\/wp-content\/uploads\/2024\/10\/2023-nauticescala-sortides-naturalesa-13.jpg","type":"image\/jpeg"}],"twitter_card":"summary_large_image","twitter_misc":{"Est. reading time":"3 minutes"},"schema":{"@context":"https:\/\/schema.org","@graph":[{"@type":"WebPage","@id":"https:\/\/nauticescala.com\/en\/book-your-activity\/sortida-de-naturalesa-fotografia-oficis-del-mar\/","url":"https:\/\/nauticescala.com\/en\/book-your-activity\/sortida-de-naturalesa-fotografia-oficis-del-mar\/","name":"Sortida de naturalesa - Fotografia Oficis del mar &#8211; Club N\u00e0utic L\u2019Escala","isPartOf":{"@id":"https:\/\/nauticescala.com\/#website"},"primaryImageOfPage":{"@id":"https:\/\/nauticescala.com\/en\/book-your-activity\/sortida-de-naturalesa-fotografia-oficis-del-mar\/#primaryimage"},"image":{"@id":"https:\/\/nauticescala.com\/en\/book-your-activity\/sortida-de-naturalesa-fotografia-oficis-del-mar\/#primaryimage"},"thumbnailUrl":"https:\/\/nauticescala.com\/wp-content\/uploads\/2024\/10\/2023-nauticescala-sortides-naturalesa-13.jpg","datePublished":"2024-10-03T13:42:03+00:00","dateModified":"2024-10-04T10:36:46+00:00","description":"Participa al taller de fotografia del dia 18 d'octubre dedicat als oficis del mar guiat pel fot\u00f2graf i docent David Salcedo.","breadcrumb":{"@id":"https:\/\/nauticescala.com\/en\/book-your-activity\/sortida-de-naturalesa-fotografia-oficis-del-mar\/#breadcrumb"},"inLanguage":"en-US","potentialAction":[{"@type":"ReadAction","target":["https:\/\/nauticescala.com\/en\/book-your-activity\/sortida-de-naturalesa-fotografia-oficis-del-mar\/"]}]},{"@type":"ImageObject","inLanguage":"en-US","@id":"https:\/\/nauticescala.com\/en\/book-your-activity\/sortida-de-naturalesa-fotografia-oficis-del-mar\/#primaryimage","url":"https:\/\/nauticescala.com\/wp-content\/uploads\/2024\/10\/2023-nauticescala-sortides-naturalesa-13.jpg","contentUrl":"https:\/\/nauticescala.com\/wp-content\/uploads\/2024\/10\/2023-nauticescala-sortides-naturalesa-13.jpg","width":1800,"height":907},{"@type":"BreadcrumbList","@id":"https:\/\/nauticescala.com\/en\/book-your-activity\/sortida-de-naturalesa-fotografia-oficis-del-mar\/#breadcrumb","itemListElement":[{"@type":"ListItem","position":1,"name":"Home","item":"https:\/\/nauticescala.com\/en\/"},{"@type":"ListItem","position":2,"name":"Book your activities in Costa Brava","item":"https:\/\/nauticescala.com\/en\/book-your-activities-in-costa-brava\/"},{"@type":"ListItem","position":3,"name":"Sortida de naturalesa &#8211; Fotografia Oficis del mar"}]},{"@type":"WebSite","@id":"https:\/\/nauticescala.com\/#website","url":"https:\/\/nauticescala.com\/","name":"Club N\u00e0utic L\u2019Escala","description":"Port esportiu a la Costa Brava","potentialAction":[{"@type":"SearchAction","target":{"@type":"EntryPoint","urlTemplate":"https:\/\/nauticescala.com\/?s={search_term_string}"},"query-input":{"@type":"PropertyValueSpecification","valueRequired":true,"valueName":"search_term_string"}}],"inLanguage":"en-US"}]}},"_links":{"self":[{"href":"https:\/\/nauticescala.com\/en\/wp-json\/wp\/v2\/product\/73822","targetHints":{"allow":["GET"]}}],"collection":[{"href":"https:\/\/nauticescala.com\/en\/wp-json\/wp\/v2\/product"}],"about":[{"href":"https:\/\/nauticescala.com\/en\/wp-json\/wp\/v2\/types\/product"}],"wp:featuredmedia":[{"embeddable":true,"href":"https:\/\/nauticescala.com\/en\/wp-json\/wp\/v2\/media\/73830"}],"wp:attachment":[{"href":"https:\/\/nauticescala.com\/en\/wp-json\/wp\/v2\/media?parent=73822"}],"wp:term":[{"taxonomy":"product_brand","embeddable":true,"href":"https:\/\/nauticescala.com\/en\/wp-json\/wp\/v2\/product_brand?post=73822"},{"taxonomy":"product_cat","embeddable":true,"href":"https:\/\/nauticescala.com\/en\/wp-json\/wp\/v2\/product_cat?post=73822"},{"taxonomy":"product_tag","embeddable":true,"href":"https:\/\/nauticescala.com\/en\/wp-json\/wp\/v2\/product_tag?post=73822"},{"taxonomy":"activity_type","embeddable":true,"href":"https:\/\/nauticescala.com\/en\/wp-json\/wp\/v2\/activity_type?post=73822"},{"taxonomy":"level","embeddable":true,"href":"https:\/\/nauticescala.com\/en\/wp-json\/wp\/v2\/level?post=73822"},{"taxonomy":"age","embeddable":true,"href":"https:\/\/nauticescala.com\/en\/wp-json\/wp\/v2\/age?post=73822"},{"taxonomy":"modality","embeddable":true,"href":"https:\/\/nauticescala.com\/en\/wp-json\/wp\/v2\/modality?post=73822"},{"taxonomy":"payment_method","embeddable":true,"href":"https:\/\/nauticescala.com\/en\/wp-json\/wp\/v2\/payment_method?post=73822"}],"curies":[{"name":"wp","href":"https:\/\/api.w.org\/{rel}","templated":true}]}}