 {"id":75678,"date":"2026-03-15T13:34:58","date_gmt":"2026-03-15T12:34:58","guid":{"rendered":"https:\/\/nauticescala.com\/?p=75678&#038;post_type=product&#038;preview_id=75678"},"modified":"2026-03-25T16:50:52","modified_gmt":"2026-03-25T15:50:52","slug":"conference-series-2026","status":"publish","type":"product","link":"https:\/\/nauticescala.com\/en\/book-your-activity\/conference-series-2026\/","title":{"rendered":"conference series 2026"},"content":{"rendered":"\n                            <div class=\"accordion-block\">\n                    <div id=\"accordion\" class=\"accordion\">\n                                                                            <div class=\"card\">\n                                <div class=\"card-header\">\n                                    <h3>\n                                        <a href=\"#\" class=\"collapsed\" data-toggle=\"collapse\" data-target=\"#collapse-01\" aria-expanded=\"true\"><i class=\"ico-opener\">&nbsp;<\/i>10 April \u2013 Centenary of the Sardinal \u201cSara Rata\u201d \u2013 Always Sailing<\/a>\n                                    <\/h3>\n                                <\/div><!-- end card-header -->\n                                <div id=\"collapse-01\" class=\"collapse\">\n                                                                    <div class=\"card-body\">\n\n                                        \n                                            \n                                                \n                                                    <p>By the owner of the vessel <strong>\u201cSa Rata\u201d<\/strong>, <strong>Emili Armengol<\/strong>, presenting the history of this traditional lateen-sail boat that has always remained active. In collaboration with the Anchovy Museum and the l\u2019Escala Town Council.<\/p>\n<ul>\n<li style=\"list-style-type: none;\">\n<ul>\n<li><strong>Venue<\/strong>: Alfol\u00ed de la Sal, l\u2019Escala<\/li>\n<li><strong>Time<\/strong>: 7 pm<\/li>\n<\/ul>\n<\/li>\n<\/ul>\n\n                                                \n                                            \n                                        \n                                    <\/div><!-- end card-body -->\n                                <\/div><!-- end collapse -->\n                            <\/div><!-- end card -->\n                                                                                <div class=\"card\">\n                                <div class=\"card-header\">\n                                    <h3>\n                                        <a href=\"#\" class=\"collapsed\" data-toggle=\"collapse\" data-target=\"#collapse-02\" aria-expanded=\"true\"><i class=\"ico-opener\">&nbsp;<\/i>17 April \u2013 Maintenance of Standing Rigging on Cruising Yachts<\/a>\n                                    <\/h3>\n                                <\/div><!-- end card-header -->\n                                <div id=\"collapse-02\" class=\"collapse\">\n                                                                    <div class=\"card-body\">\n\n                                        \n                                            \n                                                \n                                                    <p>By <strong>Sailing Yacht<\/strong>, <strong>Toti Gelabert\u00f3<\/strong>, explaining essential rigging maintenance to prepare your boat for the season.<\/p>\n<ul>\n<li style=\"list-style-type: none;\">\n<ul>\n<li><strong>Venue<\/strong>: Bol Roig Restaurant, Club N\u00e0utic l\u2019Escala<\/li>\n<li><strong>Time<\/strong>: 7 pm<\/li>\n<\/ul>\n<\/li>\n<\/ul>\n\n                                                \n                                            \n                                        \n                                    <\/div><!-- end card-body -->\n                                <\/div><!-- end collapse -->\n                            <\/div><!-- end card -->\n                                                                                <div class=\"card\">\n                                <div class=\"card-header\">\n                                    <h3>\n                                        <a href=\"#\" class=\"collapsed\" data-toggle=\"collapse\" data-target=\"#collapse-03\" aria-expanded=\"true\"><i class=\"ico-opener\">&nbsp;<\/i>22 May \u2013 Safety at Sea and Emergency Protocols<\/a>\n                                    <\/h3>\n                                <\/div><!-- end card-header -->\n                                <div id=\"collapse-03\" class=\"collapse\">\n                                                                    <div class=\"card-body\">\n\n                                        \n                                            \n                                                \n                                                    <p>Introduction by <strong>Creu Roja<\/strong> representative Isaac Royo on services and procedures to act in emergencies: rescue, onboard fire, flooding and first aid.<\/p>\n<ul>\n<li style=\"list-style-type: none;\">\n<ul>\n<li><strong>Venue<\/strong>: Bol Roig Restaurant, Club N\u00e0utic l\u2019Escala<\/li>\n<li><strong>Time<\/strong>: 7 pm<\/li>\n<\/ul>\n<\/li>\n<\/ul>\n\n                                                \n                                            \n                                        \n                                    <\/div><!-- end card-body -->\n                                <\/div><!-- end collapse -->\n                            <\/div><!-- end card -->\n                                                                                <div class=\"card\">\n                                <div class=\"card-header\">\n                                    <h3>\n                                        <a href=\"#\" class=\"collapsed\" data-toggle=\"collapse\" data-target=\"#collapse-04\" aria-expanded=\"true\"><i class=\"ico-opener\">&nbsp;<\/i>19 June \u2013 Presentation of the book \u201cSea Legends of the Costa Brava\u201d<\/a>\n                                    <\/h3>\n                                <\/div><!-- end card-header -->\n                                <div id=\"collapse-04\" class=\"collapse\">\n                                                                    <div class=\"card-body\">\n\n                                        \n                                            \n                                                \n                                                    <p>A literary journey through the maritime traditions of the Costa Brava with local author <strong>Miquel Mart\u00edn i Serra<\/strong>.<\/p>\n<ul>\n<li style=\"list-style-type: none;\">\n<ul>\n<li><strong>Venue<\/strong>: Bol Roig Restaurant, Club N\u00e0utic l\u2019Escala<\/li>\n<li><strong>Time<\/strong>: 7 pm<\/li>\n<\/ul>\n<\/li>\n<\/ul>\n\n                                                \n                                            \n                                        \n                                    <\/div><!-- end card-body -->\n                                <\/div><!-- end collapse -->\n                            <\/div><!-- end card -->\n                                                                                <div class=\"card\">\n                                <div class=\"card-header\">\n                                    <h3>\n                                        <a href=\"#\" class=\"collapsed\" data-toggle=\"collapse\" data-target=\"#collapse-05\" aria-expanded=\"true\"><i class=\"ico-opener\">&nbsp;<\/i>10 July \u2013 Evolution of Marine Species and Impact of Climate Change<\/a>\n                                    <\/h3>\n                                <\/div><!-- end card-header -->\n                                <div id=\"collapse-05\" class=\"collapse\">\n                                                                    <div class=\"card-body\">\n\n                                        \n                                            \n                                                \n                                                    <p>Informative talk on the impact of climate change on marine wildlife, led by <strong>Irene \u00c1lvarez de Quevedo<\/strong>, from the <strong>BETA Technological Center<\/strong> (<strong>UVic-UCC<\/strong>)\u00a0and marine biologist specialized in sea turtle conservation and researcher of emerging nesting events along the Catalan coastline.<\/p>\n<ul>\n<li style=\"list-style-type: none;\">\n<ul>\n<li><strong>Venue<\/strong>: Bol Roig Restaurant, Club N\u00e0utic l\u2019Escala<\/li>\n<li><strong>Time<\/strong>: 7 pm<\/li>\n<\/ul>\n<\/li>\n<\/ul>\n\n                                                \n                                            \n                                        \n                                    <\/div><!-- end card-body -->\n                                <\/div><!-- end collapse -->\n                            <\/div><!-- end card -->\n                                                                                <div class=\"card\">\n                                <div class=\"card-header\">\n                                    <h3>\n                                        <a href=\"#\" class=\"collapsed\" data-toggle=\"collapse\" data-target=\"#collapse-06\" aria-expanded=\"true\"><i class=\"ico-opener\">&nbsp;<\/i>9 October \u2013 Screening of the Documentary \u201cEl Triunfante\u201d<\/a>\n                                    <\/h3>\n                                <\/div><!-- end card-header -->\n                                <div id=\"collapse-06\" class=\"collapse\">\n                                                                    <div class=\"card-body\">\n\n                                        \n                                            \n                                                \n                                                    <p>Film: <strong><em>El Triunfante<\/em><\/strong>, an exploration of the underwater archaeological site of the vessel sunk in the Sea of Emp\u00faries, presented through the documentary directed by Mart\u00edn Gonz\u00e1lez (Inbluefilms).<\/p>\n<ul>\n<li style=\"list-style-type: none;\">\n<ul>\n<li><strong>Venue<\/strong>: Bol Roig Restaurant, Club N\u00e0utic l\u2019Escala<\/li>\n<li><strong>Time<\/strong>: 7 pm<\/li>\n<\/ul>\n<\/li>\n<\/ul>\n\n                                                \n                                            \n                                        \n                                    <\/div><!-- end card-body -->\n                                <\/div><!-- end collapse -->\n                            <\/div><!-- end card -->\n                                                                        <\/div><!-- end accordion -->\n                <\/div><!-- end accordion-block -->\n            \n<section class=\"article-section\"><div class=\"container\">\n\n<\/div><\/section>\n            \n<section class=\"article-section\"><div class=\"container\">\n\n<\/div><\/section>\t<div class=\"slideshow-item\">\n\t    <div class=\"slideshow-offset\">\n\t        <div class=\"slides\">\n\t        \t\t\t            <div class=\"slide\">\n\t\t                <figure class=\"image\">\n\t\t                    <img decoding=\"async\" src=\"https:\/\/nauticescala.com\/wp-content\/uploads\/2019\/12\/maria-geli-pilar-planaguma-arxiu-imatges-ptcbg-compressed.jpg\" alt=\"Badia de Roses - Costa Brava\">\n\t\t                <\/figure><!-- end image -->\n\t\t            <\/div><!-- end slide -->\t        \t\t\n\t        \t\t\t            <div class=\"slide\">\n\t\t                <figure class=\"image\">\n\t\t                    <img decoding=\"async\" src=\"https:\/\/nauticescala.com\/wp-content\/uploads\/2020\/07\/2020-club-nautic-lescala-1.jpg\" alt=\"\">\n\t\t                <\/figure><!-- end image -->\n\t\t            <\/div><!-- end slide -->\t        \t\t\n\t        \t\t\t            <div class=\"slide\">\n\t\t                <figure class=\"image\">\n\t\t                    <img decoding=\"async\" src=\"https:\/\/nauticescala.com\/wp-content\/uploads\/2021\/06\/2021-club-nautic-lescala-ruta-de-la-tramuntana-regates-27.jpg\" alt=\"\">\n\t\t                <\/figure><!-- end image -->\n\t\t            <\/div><!-- end slide -->\t        \t\t\n\t        \t\t\t            <div class=\"slide\">\n\t\t                <figure class=\"image\">\n\t\t                    <img decoding=\"async\" src=\"https:\/\/nauticescala.com\/wp-content\/uploads\/2021\/06\/2021-club-nautic-lescala-ruta-de-la-tramuntana-regates-25.jpg\" alt=\"\">\n\t\t                <\/figure><!-- end image -->\n\t\t            <\/div><!-- end slide -->\t        \t\t\n\t        \t\t           \n\t        <\/div><!-- end slides -->\n\t    <\/div><!-- end slideshow-offset -->\n\t<\/div><!-- end slideshow-item -->\n","protected":false},"excerpt":{"rendered":"<p>Environmental activity<br \/>Type: social<\/p>\n","protected":false},"featured_media":98019,"template":"","meta":{"_acf_changed":true,"_monsterinsights_skip_tracking":false,"_monsterinsights_sitenote_active":false,"_monsterinsights_sitenote_note":"","_monsterinsights_sitenote_category":0},"product_brand":[],"product_cat":[102],"product_tag":[],"activity_type":[],"level":[],"age":[],"modality":[],"payment_method":[],"class_list":{"0":"post-75678","1":"product","2":"type-product","3":"status-publish","4":"has-post-thumbnail","6":"product_cat-uncategorized","8":"first","9":"instock","10":"shipping-taxable","11":"product-type-simple"},"acf":[],"yoast_head":"<!-- This site is optimized with the Yoast SEO Premium plugin v20.7 (Yoast SEO v27.3) - https:\/\/yoast.com\/product\/yoast-seo-premium-wordpress\/ -->\n<title>conference series 2026 &#8211; Club N\u00e0utic L\u2019Escala<\/title>\n<meta name=\"description\" content=\"Discover the 2026 Conference Series at Club N\u00e0utic l\u2019Escala: open talks on the Mediterranean Sea, from April to October. Check the schedule and join us!\" \/>\n<meta name=\"robots\" content=\"index, follow, max-snippet:-1, max-image-preview:large, max-video-preview:-1\" \/>\n<link rel=\"canonical\" href=\"https:\/\/nauticescala.com\/en\/book-your-activity\/conference-series-2026\/\" \/>\n<meta property=\"og:locale\" content=\"en_US\" \/>\n<meta property=\"og:type\" content=\"article\" \/>\n<meta property=\"og:title\" content=\"conference series 2026\" \/>\n<meta property=\"og:description\" content=\"Discover the 2026 Conference Series at Club N\u00e0utic l\u2019Escala: open talks on the Mediterranean Sea, from April to October. Check the schedule and join us!\" \/>\n<meta property=\"og:url\" content=\"https:\/\/nauticescala.com\/en\/book-your-activity\/conference-series-2026\/\" \/>\n<meta property=\"og:site_name\" content=\"Club N\u00e0utic L\u2019Escala\" \/>\n<meta property=\"article:modified_time\" content=\"2026-03-25T15:50:52+00:00\" \/>\n<meta property=\"og:image\" content=\"https:\/\/nauticescala.com\/wp-content\/uploads\/2024\/12\/2025-nauticescala-conferencies-10.jpg\" \/>\n\t<meta property=\"og:image:width\" content=\"1800\" \/>\n\t<meta property=\"og:image:height\" content=\"907\" \/>\n\t<meta property=\"og:image:type\" content=\"image\/jpeg\" \/>\n<meta name=\"twitter:card\" content=\"summary_large_image\" \/>\n<meta name=\"twitter:label1\" content=\"Est. reading time\" \/>\n\t<meta name=\"twitter:data1\" content=\"3 minutes\" \/>\n<script type=\"application\/ld+json\" class=\"yoast-schema-graph\">{\"@context\":\"https:\\\/\\\/schema.org\",\"@graph\":[{\"@type\":\"WebPage\",\"@id\":\"https:\\\/\\\/nauticescala.com\\\/en\\\/book-your-activity\\\/conference-series-2026\\\/\",\"url\":\"https:\\\/\\\/nauticescala.com\\\/en\\\/book-your-activity\\\/conference-series-2026\\\/\",\"name\":\"conference series 2026 &#8211; Club N\u00e0utic L\u2019Escala\",\"isPartOf\":{\"@id\":\"https:\\\/\\\/nauticescala.com\\\/#website\"},\"primaryImageOfPage\":{\"@id\":\"https:\\\/\\\/nauticescala.com\\\/en\\\/book-your-activity\\\/conference-series-2026\\\/#primaryimage\"},\"image\":{\"@id\":\"https:\\\/\\\/nauticescala.com\\\/en\\\/book-your-activity\\\/conference-series-2026\\\/#primaryimage\"},\"thumbnailUrl\":\"https:\\\/\\\/nauticescala.com\\\/wp-content\\\/uploads\\\/2024\\\/12\\\/2025-nauticescala-conferencies-10.jpg\",\"datePublished\":\"2026-03-15T12:34:58+00:00\",\"dateModified\":\"2026-03-25T15:50:52+00:00\",\"description\":\"Discover the 2026 Conference Series at Club N\u00e0utic l\u2019Escala: open talks on the Mediterranean Sea, from April to October. Check the schedule and join us!\",\"breadcrumb\":{\"@id\":\"https:\\\/\\\/nauticescala.com\\\/en\\\/book-your-activity\\\/conference-series-2026\\\/#breadcrumb\"},\"inLanguage\":\"en-US\",\"potentialAction\":[{\"@type\":\"ReadAction\",\"target\":[\"https:\\\/\\\/nauticescala.com\\\/en\\\/book-your-activity\\\/conference-series-2026\\\/\"]}]},{\"@type\":\"ImageObject\",\"inLanguage\":\"en-US\",\"@id\":\"https:\\\/\\\/nauticescala.com\\\/en\\\/book-your-activity\\\/conference-series-2026\\\/#primaryimage\",\"url\":\"https:\\\/\\\/nauticescala.com\\\/wp-content\\\/uploads\\\/2024\\\/12\\\/2025-nauticescala-conferencies-10.jpg\",\"contentUrl\":\"https:\\\/\\\/nauticescala.com\\\/wp-content\\\/uploads\\\/2024\\\/12\\\/2025-nauticescala-conferencies-10.jpg\",\"width\":1800,\"height\":907},{\"@type\":\"BreadcrumbList\",\"@id\":\"https:\\\/\\\/nauticescala.com\\\/en\\\/book-your-activity\\\/conference-series-2026\\\/#breadcrumb\",\"itemListElement\":[{\"@type\":\"ListItem\",\"position\":1,\"name\":\"Home\",\"item\":\"https:\\\/\\\/nauticescala.com\\\/en\\\/\"},{\"@type\":\"ListItem\",\"position\":2,\"name\":\"Book your activities in Costa Brava\",\"item\":\"https:\\\/\\\/nauticescala.com\\\/en\\\/book-your-activities-in-costa-brava\\\/\"},{\"@type\":\"ListItem\",\"position\":3,\"name\":\"conference series 2026\"}]},{\"@type\":\"WebSite\",\"@id\":\"https:\\\/\\\/nauticescala.com\\\/#website\",\"url\":\"https:\\\/\\\/nauticescala.com\\\/\",\"name\":\"Club N\u00e0utic L\u2019Escala\",\"description\":\"Port esportiu a la Costa Brava\",\"potentialAction\":[{\"@type\":\"SearchAction\",\"target\":{\"@type\":\"EntryPoint\",\"urlTemplate\":\"https:\\\/\\\/nauticescala.com\\\/?s={search_term_string}\"},\"query-input\":{\"@type\":\"PropertyValueSpecification\",\"valueRequired\":true,\"valueName\":\"search_term_string\"}}],\"inLanguage\":\"en-US\"}]}<\/script>\n<!-- \/ Yoast SEO Premium plugin. -->","yoast_head_json":{"title":"conference series 2026 &#8211; Club N\u00e0utic L\u2019Escala","description":"Discover the 2026 Conference Series at Club N\u00e0utic l\u2019Escala: open talks on the Mediterranean Sea, from April to October. Check the schedule and join us!","robots":{"index":"index","follow":"follow","max-snippet":"max-snippet:-1","max-image-preview":"max-image-preview:large","max-video-preview":"max-video-preview:-1"},"canonical":"https:\/\/nauticescala.com\/en\/book-your-activity\/conference-series-2026\/","og_locale":"en_US","og_type":"article","og_title":"conference series 2026","og_description":"Discover the 2026 Conference Series at Club N\u00e0utic l\u2019Escala: open talks on the Mediterranean Sea, from April to October. Check the schedule and join us!","og_url":"https:\/\/nauticescala.com\/en\/book-your-activity\/conference-series-2026\/","og_site_name":"Club N\u00e0utic L\u2019Escala","article_modified_time":"2026-03-25T15:50:52+00:00","og_image":[{"width":1800,"height":907,"url":"https:\/\/nauticescala.com\/wp-content\/uploads\/2024\/12\/2025-nauticescala-conferencies-10.jpg","type":"image\/jpeg"}],"twitter_card":"summary_large_image","twitter_misc":{"Est. reading time":"3 minutes"},"schema":{"@context":"https:\/\/schema.org","@graph":[{"@type":"WebPage","@id":"https:\/\/nauticescala.com\/en\/book-your-activity\/conference-series-2026\/","url":"https:\/\/nauticescala.com\/en\/book-your-activity\/conference-series-2026\/","name":"conference series 2026 &#8211; Club N\u00e0utic L\u2019Escala","isPartOf":{"@id":"https:\/\/nauticescala.com\/#website"},"primaryImageOfPage":{"@id":"https:\/\/nauticescala.com\/en\/book-your-activity\/conference-series-2026\/#primaryimage"},"image":{"@id":"https:\/\/nauticescala.com\/en\/book-your-activity\/conference-series-2026\/#primaryimage"},"thumbnailUrl":"https:\/\/nauticescala.com\/wp-content\/uploads\/2024\/12\/2025-nauticescala-conferencies-10.jpg","datePublished":"2026-03-15T12:34:58+00:00","dateModified":"2026-03-25T15:50:52+00:00","description":"Discover the 2026 Conference Series at Club N\u00e0utic l\u2019Escala: open talks on the Mediterranean Sea, from April to October. Check the schedule and join us!","breadcrumb":{"@id":"https:\/\/nauticescala.com\/en\/book-your-activity\/conference-series-2026\/#breadcrumb"},"inLanguage":"en-US","potentialAction":[{"@type":"ReadAction","target":["https:\/\/nauticescala.com\/en\/book-your-activity\/conference-series-2026\/"]}]},{"@type":"ImageObject","inLanguage":"en-US","@id":"https:\/\/nauticescala.com\/en\/book-your-activity\/conference-series-2026\/#primaryimage","url":"https:\/\/nauticescala.com\/wp-content\/uploads\/2024\/12\/2025-nauticescala-conferencies-10.jpg","contentUrl":"https:\/\/nauticescala.com\/wp-content\/uploads\/2024\/12\/2025-nauticescala-conferencies-10.jpg","width":1800,"height":907},{"@type":"BreadcrumbList","@id":"https:\/\/nauticescala.com\/en\/book-your-activity\/conference-series-2026\/#breadcrumb","itemListElement":[{"@type":"ListItem","position":1,"name":"Home","item":"https:\/\/nauticescala.com\/en\/"},{"@type":"ListItem","position":2,"name":"Book your activities in Costa Brava","item":"https:\/\/nauticescala.com\/en\/book-your-activities-in-costa-brava\/"},{"@type":"ListItem","position":3,"name":"conference series 2026"}]},{"@type":"WebSite","@id":"https:\/\/nauticescala.com\/#website","url":"https:\/\/nauticescala.com\/","name":"Club N\u00e0utic L\u2019Escala","description":"Port esportiu a la Costa Brava","potentialAction":[{"@type":"SearchAction","target":{"@type":"EntryPoint","urlTemplate":"https:\/\/nauticescala.com\/?s={search_term_string}"},"query-input":{"@type":"PropertyValueSpecification","valueRequired":true,"valueName":"search_term_string"}}],"inLanguage":"en-US"}]}},"_links":{"self":[{"href":"https:\/\/nauticescala.com\/en\/wp-json\/wp\/v2\/product\/75678","targetHints":{"allow":["GET"]}}],"collection":[{"href":"https:\/\/nauticescala.com\/en\/wp-json\/wp\/v2\/product"}],"about":[{"href":"https:\/\/nauticescala.com\/en\/wp-json\/wp\/v2\/types\/product"}],"wp:featuredmedia":[{"embeddable":true,"href":"https:\/\/nauticescala.com\/en\/wp-json\/wp\/v2\/media\/98019"}],"wp:attachment":[{"href":"https:\/\/nauticescala.com\/en\/wp-json\/wp\/v2\/media?parent=75678"}],"wp:term":[{"taxonomy":"product_brand","embeddable":true,"href":"https:\/\/nauticescala.com\/en\/wp-json\/wp\/v2\/product_brand?post=75678"},{"taxonomy":"product_cat","embeddable":true,"href":"https:\/\/nauticescala.com\/en\/wp-json\/wp\/v2\/product_cat?post=75678"},{"taxonomy":"product_tag","embeddable":true,"href":"https:\/\/nauticescala.com\/en\/wp-json\/wp\/v2\/product_tag?post=75678"},{"taxonomy":"activity_type","embeddable":true,"href":"https:\/\/nauticescala.com\/en\/wp-json\/wp\/v2\/activity_type?post=75678"},{"taxonomy":"level","embeddable":true,"href":"https:\/\/nauticescala.com\/en\/wp-json\/wp\/v2\/level?post=75678"},{"taxonomy":"age","embeddable":true,"href":"https:\/\/nauticescala.com\/en\/wp-json\/wp\/v2\/age?post=75678"},{"taxonomy":"modality","embeddable":true,"href":"https:\/\/nauticescala.com\/en\/wp-json\/wp\/v2\/modality?post=75678"},{"taxonomy":"payment_method","embeddable":true,"href":"https:\/\/nauticescala.com\/en\/wp-json\/wp\/v2\/payment_method?post=75678"}],"curies":[{"name":"wp","href":"https:\/\/api.w.org\/{rel}","templated":true}]}}