 {"id":97507,"date":"2026-03-02T18:25:40","date_gmt":"2026-03-02T17:25:40","guid":{"rendered":"https:\/\/nauticescala.com\/?p=97507&#038;post_type=product&#038;preview_id=97507"},"modified":"2026-04-10T19:10:47","modified_gmt":"2026-04-10T17:10:47","slug":"trobada-de-vela-llatina-sa-rata","status":"publish","type":"product","link":"https:\/\/nauticescala.com\/en\/book-your-activity\/trobada-de-vela-llatina-sa-rata\/","title":{"rendered":"Trobada de Vela llatina &#8211; 100 aniversari &#8220;sa Rata&#8221;"},"content":{"rendered":"<section class=\"article-section\"><div class=\"container\">\n\n<\/div><\/section><section class=\"article-section\"><div class=\"container\">\n\n<\/div><\/section>\n                            <div class=\"accordion-block\">\n                    <div id=\"accordion\" class=\"accordion\">\n                                                                            <div class=\"card\">\n                                <div class=\"card-header\">\n                                    <h3>\n                                        <a href=\"#\" class=\"collapsed\" data-toggle=\"collapse\" data-target=\"#collapse-01\" aria-expanded=\"true\"><i class=\"ico-opener\">&nbsp;<\/i>Taulell d&#8217;anuncis<\/a>\n                                    <\/h3>\n                                <\/div><!-- end card-header -->\n                                <div id=\"collapse-01\" class=\"collapse\">\n                                                                    <div class=\"card-body\">\n\n                                        \n                                            \n                                                \n                                                    <ul>\n<li><a href=\"https:\/\/nauticescala.com\/wp-content\/uploads\/2026\/04\/INSCRITS-10.4.pdf\" target=\"_blank\" rel=\"noopener\">Llistat d&#8217;inscrits &#8211;<\/a> (Publicat 10.4.2026)<\/li>\n<\/ul>\n\n                                                \n                                            \n                                        \n                                    <\/div><!-- end card-body -->\n                                <\/div><!-- end collapse -->\n                            <\/div><!-- end card -->\n                                                                                <div class=\"card\">\n                                <div class=\"card-header\">\n                                    <h3>\n                                        <a href=\"#\" class=\"collapsed\" data-toggle=\"collapse\" data-target=\"#collapse-02\" aria-expanded=\"true\"><i class=\"ico-opener\">&nbsp;<\/i>Programa<\/a>\n                                    <\/h3>\n                                <\/div><!-- end card-header -->\n                                <div id=\"collapse-02\" class=\"collapse\">\n                                                                    <div class=\"card-body\">\n\n                                        \n                                            \n                                                \n                                                    <p><strong>Divendres 10 d&#8217;abril:<\/strong><\/p>\n<ul>\n<li>19 h. A l&#8217;Alfol\u00ed de la Sal de l&#8217;Escala. Conferencia: 100\u00aa Aniversari de l&#8217;embarcaci\u00f3 de Vela Llatina &#8220;Sa Rata&#8221;, la construcci\u00f3, la restauraci\u00f3 i les seves travesses.<\/li>\n<\/ul>\n<p><strong>Dissabte 2 de maig<\/strong><\/p>\n<ul>\n<li>9:00 a 11:00 h: Oficina d\u2019atenci\u00f3 al participant i confirmaci\u00f3 de les inscripcions a la Pla\u00e7a del Club.<\/li>\n<li>9:00 a 10.00 h.\u00a0 Esmorzar al restaurant Bol Roig del Club N\u00e0utic l\u2019Escala.<\/li>\n<li>10:00 h. Reuni\u00f3 de Patrons i lliurament de records a l\u2019oficina d\u2019atenci\u00f3 al participant.<\/li>\n<li>10:30 h. Sortida conjunta del port cap a la platja de l\u2019Escala.<\/li>\n<li>11:00 h. Homenatge a l&#8217;embarcaci\u00f3 &#8220;Sa Rata&#8221; en motiu del seu 100 Aniversari.<\/li>\n<li>11:30 h. Sortida conjunta davant de la platja de l&#8217;Escala.<\/li>\n<li>11:30 a 13:00 h. Navegaci\u00f3 conjunta amb recorregut entre boies.<\/li>\n<li>13:30 h. Arribada al Port de l&#8217;Escala i inici del dinar a la pla\u00e7a del Club amb tiquet (15\u20ac\/p)<\/li>\n<li>15:30 h. Confer\u00e8ncia pels participant.<\/li>\n<li>16.30 h. Fi de la l&#8217;activitat.<\/li>\n<\/ul>\n\n                                                \n                                            \n                                        \n                                    <\/div><!-- end card-body -->\n                                <\/div><!-- end collapse -->\n                            <\/div><!-- end card -->\n                                                                                <div class=\"card\">\n                                <div class=\"card-header\">\n                                    <h3>\n                                        <a href=\"#\" class=\"collapsed\" data-toggle=\"collapse\" data-target=\"#collapse-03\" aria-expanded=\"true\"><i class=\"ico-opener\">&nbsp;<\/i>AMARRADORS<\/a>\n                                    <\/h3>\n                                <\/div><!-- end card-header -->\n                                <div id=\"collapse-03\" class=\"collapse\">\n                                                                    <div class=\"card-body\">\n\n                                        \n                                            \n                                                \n                                                    <p>Per facilitar la participaci\u00f3 d\u2019embarcacions de fora de l\u2019Escala, el Club oferir\u00e0 amarrador gratu\u00eft a partir de les 15 h. del dia 25 d\u2019abril fins el 9 de maig a les 15 h. del 2026 a aquelles embarcacions que no tinguin com a port base l\u2019Escala. El Club N\u00e0utic l&#8217;Escala assignar\u00e0 als vaixells el lloc d\u2019amarrament per rigor\u00f3s ordre d\u2019inscripci\u00f3.<\/p>\n<p><strong>Ser\u00e0 condici\u00f3 indispensable per poder disposar d\u2019amarrador gratu\u00eft que l\u2019embarcaci\u00f3 estigui degudament inscrita i que s\u2019informi 48 h. abans de l\u2019hora previst a d\u2019arribada a l\u2019Escala, i a trav\u00e9s del registre indicat. L\u2019incompliment d\u2019aquesta norma pot ser penalitzat per l\u2019organitzaci\u00f3. En qualsevol cas caldr\u00e0 fer \u00fas del moll d\u2019espera fins notificaci\u00f3 pertinent del personal de marineria del port.<\/strong><\/p>\n<h3><a href=\"https:\/\/forms.office.com\/Pages\/ResponsePage.aspx?id=lqB1eUSjukqpLGJ9SVJpFIb5kQPhU09Hv1nt7Meg8qVUQlhXM1pWSVFCMEEyVkxaVVY2UzkyVFBJUCQlQCN0PWcu\" target=\"_blank\" rel=\"noopener\">Omple la teva sol\u00b7licitud d\u2019amarrador<\/a><\/h3>\n\n                                                \n                                            \n                                        \n                                    <\/div><!-- end card-body -->\n                                <\/div><!-- end collapse -->\n                            <\/div><!-- end card -->\n                                                                                <div class=\"card\">\n                                <div class=\"card-header\">\n                                    <h3>\n                                        <a href=\"#\" class=\"collapsed\" data-toggle=\"collapse\" data-target=\"#collapse-04\" aria-expanded=\"true\"><i class=\"ico-opener\">&nbsp;<\/i>Inscripci\u00f3<\/a>\n                                    <\/h3>\n                                <\/div><!-- end card-header -->\n                                <div id=\"collapse-04\" class=\"collapse\">\n                                                                    <div class=\"card-body\">\n\n                                        \n                                            \n                                                \n                                                    <p>Els armadors que vulguin participar hauran de registrar-se directament a trav\u00e9s de la p\u00e0gina web. El per\u00edode de sol\u00b7licitud d\u2019inscripcions finalitzar\u00e0 <strong>el dia 25 d&#8217;abril a les 18.00 h.<\/strong>\u00a0L\u2019organitzaci\u00f3 es reserva el dret d\u2019acceptar inscripcions fora d\u2019aquest termini.<\/p>\n<h3><a href=\"https:\/\/nauticescala.com\/wp-content\/uploads\/2026\/03\/TROBADA-DE-VELA-LLATINA-100-aniversari-_Sa-Rata.pdf\" target=\"_blank\" rel=\"noopener\">Full d&#8217;inscripci\u00f3 per imprimir<\/a> i enviar a esport@nauticescala.coom<\/h3>\n<h3><a href=\"https:\/\/forms.office.com\/Pages\/ResponsePage.aspx?id=lqB1eUSjukqpLGJ9SVJpFIb5kQPhU09Hv1nt7Meg8qVUNUs0ODJRNFhMWjNVWFRHMlA2RjdQWTFRUCQlQCN0PWcu\" target=\"_blank\" rel=\"noopener\">Full d&#8217;inscripci\u00f3 on line<\/a><\/h3>\n\n                                                \n                                            \n                                        \n                                    <\/div><!-- end card-body -->\n                                <\/div><!-- end collapse -->\n                            <\/div><!-- end card -->\n                                                                        <\/div><!-- end accordion -->\n                <\/div><!-- end accordion-block -->\n            \n<section class=\"article-section\"><div class=\"container\">\n\n<\/div><\/section>\t<div class=\"container\">\n\n<div class=\"content-block\">\n \t \t\n \t \t   \n \t\t    <div class=\"partners-block\">\t    \t\n\t    \t\t    \t\t<h3>Col\u00b7labora:<\/h3>\n\t    \t  \n\t    \t   \n\t    \t\t\t        <ul class=\"partners-list\">\n\t\t        \t\t\t        \t\t\t\t\t            <li>\n\t\t\t                <a target=\"_blank\" href=\"#no-follow\">\n\t\t\t                \t\t\t\t                \t\t<img decoding=\"async\" src=\"https:\/\/nauticescala.com\/wp-content\/uploads\/2025\/08\/anagrama-avll-350x342.jpg\" alt=\"\">\n\t\t\t                \t\t\t\t                <\/a>\n\t\t\t            <\/li>\t\t        \t\t\n\t\t        \t\t\t        \t\t\t\t\t            <li>\n\t\t\t                <a target=\"_blank\" href=\"#no-follow\">\n\t\t\t                \t\t\t\t                \t\t<img decoding=\"async\" src=\"https:\/\/nauticescala.com\/wp-content\/uploads\/2025\/08\/vela-llatina-1.jpeg\" alt=\"\">\n\t\t\t                \t\t\t\t                <\/a>\n\t\t\t            <\/li>\t\t        \t\t\n\t\t        \t\t\t        \t\t\t\t\t            <li>\n\t\t\t                <a target=\"_blank\" href=\"#no-follow\">\n\t\t\t                \t\t\t\t                \t\t<img decoding=\"async\" src=\"https:\/\/nauticescala.com\/wp-content\/uploads\/2023\/01\/ports-350x119.jpg\" alt=\"\">\n\t\t\t                \t\t\t\t                <\/a>\n\t\t\t            <\/li>\t\t        \t\t\n\t\t        \t\t\t        \t\t\t\t\t            <li>\n\t\t\t                <a target=\"_blank\" href=\"#no-follow\">\n\t\t\t                \t\t\t\t                \t\t<img decoding=\"async\" src=\"https:\/\/nauticescala.com\/wp-content\/uploads\/2020\/01\/ajuntament-escala.jpg\" alt=\"\">\n\t\t\t                \t\t\t\t                <\/a>\n\t\t\t            <\/li>\t\t        \t\t\n\t\t        \t\t\t            \n\t\t        <\/ul><!-- end partners-list -->\t    \t\t\n\t    \t\t    <\/div><!-- end partners-block --> \t   \t\n \t   \n<\/div><!-- end content-block -->\n\n\t<\/div>\n\n<section class=\"article-section\"><div class=\"container\">\n\n<\/div><\/section>\t<div class=\"slideshow-item\">\n\t    <div class=\"slideshow-offset\">\n\t        <div class=\"slides\">\n\t        \t\t\t            <div class=\"slide\">\n\t\t                <figure class=\"image\">\n\t\t                    <img decoding=\"async\" src=\"https:\/\/nauticescala.com\/wp-content\/uploads\/2026\/03\/2025-nauticescala-vela-llatina-60.jpg\" alt=\"\">\n\t\t                <\/figure><!-- end image -->\n\t\t            <\/div><!-- end slide -->\t        \t\t\n\t        \t\t\t            <div class=\"slide\">\n\t\t                <figure class=\"image\">\n\t\t                    <img decoding=\"async\" src=\"https:\/\/nauticescala.com\/wp-content\/uploads\/2026\/03\/2025-nauticescala-vela-llatina-62.jpg\" alt=\"\">\n\t\t                <\/figure><!-- end image -->\n\t\t            <\/div><!-- end slide -->\t        \t\t\n\t        \t\t\t            <div class=\"slide\">\n\t\t                <figure class=\"image\">\n\t\t                    <img decoding=\"async\" src=\"https:\/\/nauticescala.com\/wp-content\/uploads\/2026\/03\/2025-nauticescala-vela-llatina-83.jpg\" alt=\"\">\n\t\t                <\/figure><!-- end image -->\n\t\t            <\/div><!-- end slide -->\t        \t\t\n\t        \t\t\t            <div class=\"slide\">\n\t\t                <figure class=\"image\">\n\t\t                    <img decoding=\"async\" src=\"https:\/\/nauticescala.com\/wp-content\/uploads\/2026\/03\/2025-nauticescala-vela-llatina-84.jpg\" alt=\"\">\n\t\t                <\/figure><!-- end image -->\n\t\t            <\/div><!-- end slide -->\t        \t\t\n\t        \t\t\t            <div class=\"slide\">\n\t\t                <figure class=\"image\">\n\t\t                    <img decoding=\"async\" src=\"https:\/\/nauticescala.com\/wp-content\/uploads\/2026\/03\/2025-nauticescala-vela-llatina-94.jpg\" alt=\"\">\n\t\t                <\/figure><!-- end image -->\n\t\t            <\/div><!-- end slide -->\t        \t\t\n\t        \t\t\t            <div class=\"slide\">\n\t\t                <figure class=\"image\">\n\t\t                    <img decoding=\"async\" src=\"https:\/\/nauticescala.com\/wp-content\/uploads\/2026\/03\/2025-nauticescala-vela-llatina-108.jpg\" alt=\"\">\n\t\t                <\/figure><!-- end image -->\n\t\t            <\/div><!-- end slide -->\t        \t\t\n\t        \t\t\t            <div class=\"slide\">\n\t\t                <figure class=\"image\">\n\t\t                    <img decoding=\"async\" src=\"https:\/\/nauticescala.com\/wp-content\/uploads\/2026\/03\/2025-nauticescala-vela-llatina-112.jpg\" alt=\"\">\n\t\t                <\/figure><!-- end image -->\n\t\t            <\/div><!-- end slide -->\t        \t\t\n\t        \t\t\t            <div class=\"slide\">\n\t\t                <figure class=\"image\">\n\t\t                    <img decoding=\"async\" src=\"https:\/\/nauticescala.com\/wp-content\/uploads\/2026\/03\/2008-cn-lescala-vela-llatina-2.jpg\" alt=\"\">\n\t\t                <\/figure><!-- end image -->\n\t\t            <\/div><!-- end slide -->\t        \t\t\n\t        \t\t\t            <div class=\"slide\">\n\t\t                <figure class=\"image\">\n\t\t                    <img decoding=\"async\" src=\"https:\/\/nauticescala.com\/wp-content\/uploads\/2026\/03\/2026-cn-lescala-vela-llatina.jpg\" alt=\"\">\n\t\t                <\/figure><!-- end image -->\n\t\t            <\/div><!-- end slide -->\t        \t\t\n\t        \t\t\t            <div class=\"slide\">\n\t\t                <figure class=\"image\">\n\t\t                    <img decoding=\"async\" src=\"https:\/\/nauticescala.com\/wp-content\/uploads\/2026\/03\/2025-cn-lescala-vela-llatina-2.jpg\" alt=\"\">\n\t\t                <\/figure><!-- end image -->\n\t\t            <\/div><!-- end slide -->\t        \t\t\n\t        \t\t           \n\t        <\/div><!-- end slides -->\n\t    <\/div><!-- end slideshow-offset -->\n\t<\/div><!-- end slideshow-item -->\n<section class=\"article-section\"><div class=\"container\">\n\n<\/div><\/section>\n<p><\/p>\n","protected":false},"excerpt":{"rendered":"<p>Vela lleugera<br \/>Inscripcions: fins el 25\/8<\/p>\n","protected":false},"featured_media":97592,"template":"","meta":{"_acf_changed":true,"_monsterinsights_skip_tracking":false,"_monsterinsights_sitenote_active":false,"_monsterinsights_sitenote_note":"","_monsterinsights_sitenote_category":0},"product_brand":[],"product_cat":[99],"product_tag":[],"activity_type":[],"level":[],"age":[],"modality":[],"payment_method":[],"class_list":{"0":"post-97507","1":"product","2":"type-product","3":"status-publish","4":"has-post-thumbnail","6":"product_cat-sense-categoria","8":"first","9":"instock","10":"shipping-taxable","11":"product-type-simple"},"acf":[],"yoast_head":"<!-- This site is optimized with the Yoast SEO Premium plugin v20.7 (Yoast SEO v27.3) - https:\/\/yoast.com\/product\/yoast-seo-premium-wordpress\/ -->\n<title>Trobada de Vela llatina - 100 aniversari &quot;sa Rata&quot; &#8211; Club N\u00e0utic L\u2019Escala<\/title>\n<meta name=\"description\" content=\"Trobada de Vela Llatina a l&#039;Escala, coincidint amb el 100 aniversari de l&#039;Embarcaci\u00f3 &quot;Sa Rata&quot;. Punt de trobada d&#039;embarcacions tradicionals.\" \/>\n<meta name=\"robots\" content=\"index, follow, max-snippet:-1, max-image-preview:large, max-video-preview:-1\" \/>\n<link rel=\"canonical\" href=\"https:\/\/nauticescala.com\/activitats-costa-brava\/trobada-de-vela-llatina-sa-rata\/\" \/>\n<meta property=\"og:locale\" content=\"en_US\" \/>\n<meta property=\"og:type\" content=\"article\" \/>\n<meta property=\"og:title\" content=\"Trobada de Vela llatina - 100 aniversari &quot;sa Rata&quot;\" \/>\n<meta property=\"og:description\" content=\"Trobada de Vela Llatina a l&#039;Escala, coincidint amb el 100 aniversari de l&#039;Embarcaci\u00f3 &quot;Sa Rata&quot;. Punt de trobada d&#039;embarcacions tradicionals.\" \/>\n<meta property=\"og:url\" content=\"https:\/\/nauticescala.com\/activitats-costa-brava\/trobada-de-vela-llatina-sa-rata\/\" \/>\n<meta property=\"og:site_name\" content=\"Club N\u00e0utic L\u2019Escala\" \/>\n<meta property=\"article:modified_time\" content=\"2026-04-10T17:10:47+00:00\" \/>\n<meta property=\"og:image\" content=\"https:\/\/nauticescala.com\/wp-content\/uploads\/2026\/03\/2026-cn-lescala-vela-llatina.jpg\" \/>\n\t<meta property=\"og:image:width\" content=\"1800\" \/>\n\t<meta property=\"og:image:height\" content=\"907\" \/>\n\t<meta property=\"og:image:type\" content=\"image\/jpeg\" \/>\n<meta name=\"twitter:card\" content=\"summary_large_image\" \/>\n<meta name=\"twitter:label1\" content=\"Est. reading time\" \/>\n\t<meta name=\"twitter:data1\" content=\"7 minutes\" \/>\n<script type=\"application\/ld+json\" class=\"yoast-schema-graph\">{\"@context\":\"https:\\\/\\\/schema.org\",\"@graph\":[{\"@type\":\"WebPage\",\"@id\":\"https:\\\/\\\/nauticescala.com\\\/activitats-costa-brava\\\/trobada-de-vela-llatina-sa-rata\\\/\",\"url\":\"https:\\\/\\\/nauticescala.com\\\/activitats-costa-brava\\\/trobada-de-vela-llatina-sa-rata\\\/\",\"name\":\"Trobada de Vela llatina - 100 aniversari \\\"sa Rata\\\" &#8211; Club N\u00e0utic L\u2019Escala\",\"isPartOf\":{\"@id\":\"https:\\\/\\\/nauticescala.com\\\/#website\"},\"primaryImageOfPage\":{\"@id\":\"https:\\\/\\\/nauticescala.com\\\/activitats-costa-brava\\\/trobada-de-vela-llatina-sa-rata\\\/#primaryimage\"},\"image\":{\"@id\":\"https:\\\/\\\/nauticescala.com\\\/activitats-costa-brava\\\/trobada-de-vela-llatina-sa-rata\\\/#primaryimage\"},\"thumbnailUrl\":\"https:\\\/\\\/nauticescala.com\\\/wp-content\\\/uploads\\\/2026\\\/03\\\/2026-cn-lescala-vela-llatina.jpg\",\"datePublished\":\"2026-03-02T17:25:40+00:00\",\"dateModified\":\"2026-04-10T17:10:47+00:00\",\"description\":\"Trobada de Vela Llatina a l'Escala, coincidint amb el 100 aniversari de l'Embarcaci\u00f3 \\\"Sa Rata\\\". Punt de trobada d'embarcacions tradicionals.\",\"breadcrumb\":{\"@id\":\"https:\\\/\\\/nauticescala.com\\\/activitats-costa-brava\\\/trobada-de-vela-llatina-sa-rata\\\/#breadcrumb\"},\"inLanguage\":\"en-US\",\"potentialAction\":[{\"@type\":\"ReadAction\",\"target\":[\"https:\\\/\\\/nauticescala.com\\\/activitats-costa-brava\\\/trobada-de-vela-llatina-sa-rata\\\/\"]}]},{\"@type\":\"ImageObject\",\"inLanguage\":\"en-US\",\"@id\":\"https:\\\/\\\/nauticescala.com\\\/activitats-costa-brava\\\/trobada-de-vela-llatina-sa-rata\\\/#primaryimage\",\"url\":\"https:\\\/\\\/nauticescala.com\\\/wp-content\\\/uploads\\\/2026\\\/03\\\/2026-cn-lescala-vela-llatina.jpg\",\"contentUrl\":\"https:\\\/\\\/nauticescala.com\\\/wp-content\\\/uploads\\\/2026\\\/03\\\/2026-cn-lescala-vela-llatina.jpg\",\"width\":1800,\"height\":907},{\"@type\":\"BreadcrumbList\",\"@id\":\"https:\\\/\\\/nauticescala.com\\\/activitats-costa-brava\\\/trobada-de-vela-llatina-sa-rata\\\/#breadcrumb\",\"itemListElement\":[{\"@type\":\"ListItem\",\"position\":1,\"name\":\"Home\",\"item\":\"https:\\\/\\\/nauticescala.com\\\/en\\\/\"},{\"@type\":\"ListItem\",\"position\":2,\"name\":\"Book your activities in Costa Brava\",\"item\":\"https:\\\/\\\/nauticescala.com\\\/en\\\/book-your-activities-in-costa-brava\\\/\"},{\"@type\":\"ListItem\",\"position\":3,\"name\":\"Trobada de Vela llatina &#8211; 100 aniversari &#8220;sa Rata&#8221;\"}]},{\"@type\":\"WebSite\",\"@id\":\"https:\\\/\\\/nauticescala.com\\\/#website\",\"url\":\"https:\\\/\\\/nauticescala.com\\\/\",\"name\":\"Club N\u00e0utic L\u2019Escala\",\"description\":\"Port esportiu a la Costa Brava\",\"potentialAction\":[{\"@type\":\"SearchAction\",\"target\":{\"@type\":\"EntryPoint\",\"urlTemplate\":\"https:\\\/\\\/nauticescala.com\\\/?s={search_term_string}\"},\"query-input\":{\"@type\":\"PropertyValueSpecification\",\"valueRequired\":true,\"valueName\":\"search_term_string\"}}],\"inLanguage\":\"en-US\"}]}<\/script>\n<!-- \/ Yoast SEO Premium plugin. -->","yoast_head_json":{"title":"Trobada de Vela llatina - 100 aniversari \"sa Rata\" &#8211; Club N\u00e0utic L\u2019Escala","description":"Trobada de Vela Llatina a l'Escala, coincidint amb el 100 aniversari de l'Embarcaci\u00f3 \"Sa Rata\". Punt de trobada d'embarcacions tradicionals.","robots":{"index":"index","follow":"follow","max-snippet":"max-snippet:-1","max-image-preview":"max-image-preview:large","max-video-preview":"max-video-preview:-1"},"canonical":"https:\/\/nauticescala.com\/activitats-costa-brava\/trobada-de-vela-llatina-sa-rata\/","og_locale":"en_US","og_type":"article","og_title":"Trobada de Vela llatina - 100 aniversari \"sa Rata\"","og_description":"Trobada de Vela Llatina a l'Escala, coincidint amb el 100 aniversari de l'Embarcaci\u00f3 \"Sa Rata\". Punt de trobada d'embarcacions tradicionals.","og_url":"https:\/\/nauticescala.com\/activitats-costa-brava\/trobada-de-vela-llatina-sa-rata\/","og_site_name":"Club N\u00e0utic L\u2019Escala","article_modified_time":"2026-04-10T17:10:47+00:00","og_image":[{"width":1800,"height":907,"url":"https:\/\/nauticescala.com\/wp-content\/uploads\/2026\/03\/2026-cn-lescala-vela-llatina.jpg","type":"image\/jpeg"}],"twitter_card":"summary_large_image","twitter_misc":{"Est. reading time":"7 minutes"},"schema":{"@context":"https:\/\/schema.org","@graph":[{"@type":"WebPage","@id":"https:\/\/nauticescala.com\/activitats-costa-brava\/trobada-de-vela-llatina-sa-rata\/","url":"https:\/\/nauticescala.com\/activitats-costa-brava\/trobada-de-vela-llatina-sa-rata\/","name":"Trobada de Vela llatina - 100 aniversari \"sa Rata\" &#8211; Club N\u00e0utic L\u2019Escala","isPartOf":{"@id":"https:\/\/nauticescala.com\/#website"},"primaryImageOfPage":{"@id":"https:\/\/nauticescala.com\/activitats-costa-brava\/trobada-de-vela-llatina-sa-rata\/#primaryimage"},"image":{"@id":"https:\/\/nauticescala.com\/activitats-costa-brava\/trobada-de-vela-llatina-sa-rata\/#primaryimage"},"thumbnailUrl":"https:\/\/nauticescala.com\/wp-content\/uploads\/2026\/03\/2026-cn-lescala-vela-llatina.jpg","datePublished":"2026-03-02T17:25:40+00:00","dateModified":"2026-04-10T17:10:47+00:00","description":"Trobada de Vela Llatina a l'Escala, coincidint amb el 100 aniversari de l'Embarcaci\u00f3 \"Sa Rata\". Punt de trobada d'embarcacions tradicionals.","breadcrumb":{"@id":"https:\/\/nauticescala.com\/activitats-costa-brava\/trobada-de-vela-llatina-sa-rata\/#breadcrumb"},"inLanguage":"en-US","potentialAction":[{"@type":"ReadAction","target":["https:\/\/nauticescala.com\/activitats-costa-brava\/trobada-de-vela-llatina-sa-rata\/"]}]},{"@type":"ImageObject","inLanguage":"en-US","@id":"https:\/\/nauticescala.com\/activitats-costa-brava\/trobada-de-vela-llatina-sa-rata\/#primaryimage","url":"https:\/\/nauticescala.com\/wp-content\/uploads\/2026\/03\/2026-cn-lescala-vela-llatina.jpg","contentUrl":"https:\/\/nauticescala.com\/wp-content\/uploads\/2026\/03\/2026-cn-lescala-vela-llatina.jpg","width":1800,"height":907},{"@type":"BreadcrumbList","@id":"https:\/\/nauticescala.com\/activitats-costa-brava\/trobada-de-vela-llatina-sa-rata\/#breadcrumb","itemListElement":[{"@type":"ListItem","position":1,"name":"Home","item":"https:\/\/nauticescala.com\/en\/"},{"@type":"ListItem","position":2,"name":"Book your activities in Costa Brava","item":"https:\/\/nauticescala.com\/en\/book-your-activities-in-costa-brava\/"},{"@type":"ListItem","position":3,"name":"Trobada de Vela llatina &#8211; 100 aniversari &#8220;sa Rata&#8221;"}]},{"@type":"WebSite","@id":"https:\/\/nauticescala.com\/#website","url":"https:\/\/nauticescala.com\/","name":"Club N\u00e0utic L\u2019Escala","description":"Port esportiu a la Costa Brava","potentialAction":[{"@type":"SearchAction","target":{"@type":"EntryPoint","urlTemplate":"https:\/\/nauticescala.com\/?s={search_term_string}"},"query-input":{"@type":"PropertyValueSpecification","valueRequired":true,"valueName":"search_term_string"}}],"inLanguage":"en-US"}]}},"_links":{"self":[{"href":"https:\/\/nauticescala.com\/en\/wp-json\/wp\/v2\/product\/97507","targetHints":{"allow":["GET"]}}],"collection":[{"href":"https:\/\/nauticescala.com\/en\/wp-json\/wp\/v2\/product"}],"about":[{"href":"https:\/\/nauticescala.com\/en\/wp-json\/wp\/v2\/types\/product"}],"wp:featuredmedia":[{"embeddable":true,"href":"https:\/\/nauticescala.com\/en\/wp-json\/wp\/v2\/media\/97592"}],"wp:attachment":[{"href":"https:\/\/nauticescala.com\/en\/wp-json\/wp\/v2\/media?parent=97507"}],"wp:term":[{"taxonomy":"product_brand","embeddable":true,"href":"https:\/\/nauticescala.com\/en\/wp-json\/wp\/v2\/product_brand?post=97507"},{"taxonomy":"product_cat","embeddable":true,"href":"https:\/\/nauticescala.com\/en\/wp-json\/wp\/v2\/product_cat?post=97507"},{"taxonomy":"product_tag","embeddable":true,"href":"https:\/\/nauticescala.com\/en\/wp-json\/wp\/v2\/product_tag?post=97507"},{"taxonomy":"activity_type","embeddable":true,"href":"https:\/\/nauticescala.com\/en\/wp-json\/wp\/v2\/activity_type?post=97507"},{"taxonomy":"level","embeddable":true,"href":"https:\/\/nauticescala.com\/en\/wp-json\/wp\/v2\/level?post=97507"},{"taxonomy":"age","embeddable":true,"href":"https:\/\/nauticescala.com\/en\/wp-json\/wp\/v2\/age?post=97507"},{"taxonomy":"modality","embeddable":true,"href":"https:\/\/nauticescala.com\/en\/wp-json\/wp\/v2\/modality?post=97507"},{"taxonomy":"payment_method","embeddable":true,"href":"https:\/\/nauticescala.com\/en\/wp-json\/wp\/v2\/payment_method?post=97507"}],"curies":[{"name":"wp","href":"https:\/\/api.w.org\/{rel}","templated":true}]}}