 {"id":10969,"date":"2020-04-08T15:15:33","date_gmt":"2020-04-08T13:15:33","guid":{"rendered":"http:\/\/nauticescala.com\/altres-modalitats\/"},"modified":"2025-05-27T13:30:54","modified_gmt":"2025-05-27T11:30:54","slug":"otras-modalidades","status":"publish","type":"page","link":"https:\/\/nauticescala.com\/es\/actividades-nauticas-en-la-costa-brava\/otras-modalidades\/","title":{"rendered":"Otras modalidades"},"content":{"rendered":"\t\n\t<section class=\"title-section d-md-block\">\n\t\t<div class=\"container\">\n\t\t\t\t\n\t\t\t\t<h1>Empresas ubicadas en el Club<\/h1>\n\t\t\t\t\t\t\t\n\t\t\t\t<p>\u00a1En el Club puedes disfrutar de muchas otras actividades!<\/p>\n\t\t\t\t\t<\/div><!-- end container -->\n\t<\/section><!-- end title-section -->\n<section class=\"article-section\"><div class=\"container\">\n\n<\/div><\/section>\t<div class=\"visual-area\">\n\t\t<figure class=\"visual-banner\">\n\t\t\t<div class=\"image\">\n\t\t\t\t<img decoding=\"async\" src=\"https:\/\/nauticescala.com\/wp-content\/uploads\/2020\/03\/2012-cn-lescala-costa-brava-gent.jpg\" alt=\"\" \/>\n\t\t\t<\/div><!-- end image -->\n\t\t\t<div class=\"bg-image bg-img primary-gradient\">\n\t\t\t\t<img decoding=\"async\" src=\"https:\/\/nauticescala.com\/wp-content\/uploads\/2020\/03\/2012-cn-lescala-costa-brava-gent.jpg\" alt=\"\" \/>\n\t\t\t<\/div><!-- end bg-image -->\n\t\t<\/figure><!-- end visual-banner -->\n\t<\/div><!-- end visual-area -->\n<section class=\"article-section\"><div class=\"container\">\n\n<\/div><\/section>\n        <div class=\"intro-area-holder\">\n            <h2>Alquiler de embarcaciones, submarinismo, ch\u00e1rter a motor y a vela, jet ski&#8230;<\/h2>\n<h3>\u00a1Entra al mar des del Club N\u00e0utic l&#8217;Escala!<\/h3>\n<p>En el Club podr\u00e1s practicar muchas otras actividades n\u00e1uticas gracias a las diferentes empresas ubicadas en el puerto.<\/p>\n<p>Si eres socio del Club, adem\u00e1s, disfrutar\u00e1s de ventajas en la contrataci\u00f3n o reserva de sus servicios.<\/p>\n<h3>\u00a1Desc\u00fabrelos!<\/h3>\n        <\/div><!-- end intro-area-holder -->\n\n\n<section class=\"article-section\"><div class=\"container\">\n\n<\/div><\/section>\n                            <div class=\"accordion-block\">\n                    <div id=\"accordion\" class=\"accordion\">\n                                                                            <div class=\"card\">\n                                <div class=\"card-header\">\n                                    <h3>\n                                        <a href=\"#\" class=\"collapsed\" data-toggle=\"collapse\" data-target=\"#collapse-0100\" aria-expanded=\"true\"><i class=\"ico-opener\">&nbsp;<\/i>Alquiler de embarcaciones<\/a>\n                                    <\/h3>\n                                <\/div><!-- end card-header -->\n                                <div id=\"collapse-0100\" class=\"collapse\">\n                                                                    <div class=\"card-body\">\n\n                                                                                \n                                            <div class=\"row\">\n\n                                                \n                                                    <div class=\"col-md-12\">\n\n                                                        <!-- content -->\n                                                        \n                                                            \n                                                                \n                                                                    <h3>\u00a1Disfruta de la navegaci\u00f3n a motor, a vela, con patr\u00f3n o a tu aire!<\/h3>\n<p><a href=\"https:\/\/www.novaimport.com\/es\/noticias-2\/\" target=\"_blank\" rel=\"noopener\"><strong>Novaimport Empord\u00e0<\/strong><\/a> es una empresa de alquiler de embarcaciones con o sin patr\u00f3n.<\/p>\n<p>Situada en el Club, la empresa pone a tu servicio una flota actual integrada por m\u00e1s de 23 embarcaciones a motor y a vela.<\/p>\n<p>Su oficina se encuentra justo enfrente de los amarres, facilitando un acceso r\u00e1pido y c\u00f3modo a tu embarcaci\u00f3n de alquiler.<\/p>\n<p><span class=\"_Xbe _ZWk kno-fv\"><strong>M\u00e1s\u00a0<\/strong><b>informaci\u00f3n<\/b><br \/>\nNovaimport Empord\u00e0<br \/>\nTel: 972 773 041<br \/>\n<\/span><span class=\"_Xbe _ZWk kno-fv\">Correo electr\u00f3nico: novaimport@novaimport.com<\/span><\/p>\n\n                                                                \n                                                            \n                                                                                                                <!-- end content -->\n\n                                                    <\/div>\n\n                                                \n                                            <\/div>\n\n                                        \n                                    <\/div><!-- end card-body -->\n                                <\/div><!-- end collapse -->\n                            <\/div><!-- end card -->\n                                                                                <div class=\"card\">\n                                <div class=\"card-header\">\n                                    <h3>\n                                        <a href=\"#\" class=\"collapsed\" data-toggle=\"collapse\" data-target=\"#collapse-0200\" aria-expanded=\"true\"><i class=\"ico-opener\">&nbsp;<\/i>Submarinismo<\/a>\n                                    <\/h3>\n                                <\/div><!-- end card-header -->\n                                <div id=\"collapse-0200\" class=\"collapse\">\n                                                                    <div class=\"card-body\">\n\n                                                                                \n                                            <div class=\"row\">\n\n                                                \n                                                    <div class=\"col-md-12\">\n\n                                                        <!-- content -->\n                                                        \n                                                            \n                                                                \n                                                                    <h3>Orca Diving \u00a1Tu centro de submarinismo en el Club! Cursos, excursiones, alquiler, bautizos y carga de botellas.<\/h3>\n<p><a href=\"http:\/\/www.orcadiving.net\/\" target=\"_blank\" rel=\"noopener\">Orca Diving<\/a> es tu centro de submarinismo situado en el Club N\u00e0utic l&#8217;Escala.<\/p>\n<p>Lo encontrar\u00e1s junto al \u00c1rea Deportiva del Club y cuenta con el material, las instalaciones y la intimidad necesarios para garantizar una estancia lo m\u00e1s c\u00f3moda posible.<\/p>\n<p>\u00a1Ofrece, adem\u00e1s, una amplio abanico de actividades para disfrutar del submarinismo al m\u00e1ximo!<\/p>\n<p><strong>M\u00e1s informaci\u00f3n<\/strong><br \/>\nOrca Diving<br \/>\nTelf: 972 059 547 \/ 602 213 851<br \/>\nCorreo electr\u00f3nico: info@orcadiving.net<\/p>\n\n                                                                \n                                                            \n                                                                                                                <!-- end content -->\n\n                                                    <\/div>\n\n                                                \n                                            <\/div>\n\n                                        \n                                    <\/div><!-- end card-body -->\n                                <\/div><!-- end collapse -->\n                            <\/div><!-- end card -->\n                                                                                <div class=\"card\">\n                                <div class=\"card-header\">\n                                    <h3>\n                                        <a href=\"#\" class=\"collapsed\" data-toggle=\"collapse\" data-target=\"#collapse-0300\" aria-expanded=\"true\"><i class=\"ico-opener\">&nbsp;<\/i>Jet Ski<\/a>\n                                    <\/h3>\n                                <\/div><!-- end card-header -->\n                                <div id=\"collapse-0300\" class=\"collapse\">\n                                                                    <div class=\"card-body\">\n\n                                                                                \n                                            <div class=\"row\">\n\n                                                \n                                                    <div class=\"col-md-12\">\n\n                                                        <!-- content -->\n                                                        \n                                                            \n                                                                \n                                                                    <h3>Jet Ski l&#8217;Escala \u00a1Tu centro de alquiler de motos de agua en el Club!<\/h3>\n<p><a href=\"https:\/\/jetskibooking.com\/es\/jet-ski-booking-costa-brava.html\" target=\"_blank\" rel=\"noopener\">Jet Ski l&#8217;Escala\u00a0<\/a> ofrece el alquiler de motos de agua sin necesidad de disponer de licencia en la Costa Brava des del Club N\u00e0utic l&#8217;Escala.<\/p>\n<p><strong>Modalidades:\u00a0<\/strong>recorrido libre o guiado con instructores.<\/p>\n<p><strong>Edad:<\/strong> a partir de 16 a\u00f1os.<\/p>\n<p><strong>Apertura del centro:<\/strong> de 1 de junio a 15 de septiembre.<\/p>\n<h3>Si deseas realizar esta actividad fuera de estas fechas, contacta con nosotros o llama al 638 478 388.<\/h3>\n\n                                                                \n                                                            \n                                                                                                                <!-- end content -->\n\n                                                    <\/div>\n\n                                                \n                                            <\/div>\n\n                                        \n                                    <\/div><!-- end card-body -->\n                                <\/div><!-- end collapse -->\n                            <\/div><!-- end card -->\n                                                                                <div class=\"card\">\n                                <div class=\"card-header\">\n                                    <h3>\n                                        <a href=\"#\" class=\"collapsed\" data-toggle=\"collapse\" data-target=\"#collapse-0400\" aria-expanded=\"true\"><i class=\"ico-opener\">&nbsp;<\/i>Titulaciones n\u00e1uticas<\/a>\n                                    <\/h3>\n                                <\/div><!-- end card-header -->\n                                <div id=\"collapse-0400\" class=\"collapse\">\n                                                                    <div class=\"card-body\">\n\n                                                                                \n                                            <div class=\"row\">\n\n                                                \n                                                    <div class=\"col-md-12\">\n\n                                                        <!-- content -->\n                                                        \n                                                            \n                                                                \n                                                                    <h3>\u00a1La oferta de cursos m\u00e1s completa para conseguir tu titulaci\u00f3n n\u00e1utica!<\/h3>\n<p><a href=\"https:\/\/escolanauticacarreras.com\/es\" target=\"_blank\" rel=\"noopener\">Escola N\u00e0utica Carreras<\/a> es una empresa dedicada a la formaci\u00f3n en los permisos para poder gobernar embarcaciones de a partir de 6 metros de eslora.<\/p>\n<p><span class=\"_Xbe _ZWk kno-fv\"><strong>M\u00e1s informaci\u00f3n:<br \/>\n<\/strong><\/span><span class=\"_Xbe _ZWk kno-fv\">Escola N\u00e0utica Carreras<br \/>\nTelf: (+34) 872 20 11 50<br \/>\nCorreu electr\u00f2nic: info@nauticacarreras.com <\/span><\/p>\n\n                                                                \n                                                            \n                                                                                                                <!-- end content -->\n\n                                                    <\/div>\n\n                                                \n                                            <\/div>\n\n                                        \n                                    <\/div><!-- end card-body -->\n                                <\/div><!-- end collapse -->\n                            <\/div><!-- end card -->\n                                                                        <\/div><!-- end accordion -->\n                <\/div><!-- end accordion-block -->\n            \n<section class=\"article-section\"><div class=\"container\">\n\n<\/div><\/section><section class=\"gallery-area\">\n\t\t\t\t<div class=\"container\">\n\t\t\t<div class=\"row\">\n\t\t\t\t<div class=\"col-md-6 col-lg-6\">\n\t\t\t\t\t<header class=\"gallery-area-heading\">\n\t\t\t\t\t\t<h2>\u00a1Vive la Costa Brava!<\/h2>\n\t\t\t\t\t<\/header><!-- end gallery-area-heading -->\n\t\t\t\t<\/div><!-- end col-lg-6 -->\n\n\t\t\t\t\t\t\t\t\t<div class=\"col-md-6 col-md-6\">\n\t\t\t\t\t\t<div class=\"gallery-heading-image\">\n\t\t\t\t\t\t\t<img decoding=\"async\" src=\"https:\/\/nauticescala.com\/wp-content\/uploads\/2019\/09\/ico-02.svg\" alt=\"\" \/>\n\t\t\t\t\t\t<\/div><!-- end gallery-heading-image -->\n\t\t\t\t\t<\/div><!-- end col-md-6 -->\n\t\t\t\t\t\t\t<\/div><!-- end row -->\n\t\t<\/div><!-- end container -->\n\t\n\t\t\t<div class=\"container\">\n\t\t\t<div class=\"gallery-items\">\n\n\t\t\t\t\t\t\t\t\n\t\t\t\t\t<div class=\"gallery-slide\">\n\t\t\t\t\t\t<a href=\"#\" class=\"widget-link\">\n\t\t\t\t\t\t\t<figure class=\"gallery-item\">\n\t\t\t\t\t\t\t\t\t\t\t\t\t\t\t\t\t<div class=\"image primary-gradient\">\n\t\t\t\t\t\t\t\t\t\t<img decoding=\"async\" src=\"https:\/\/nauticescala.com\/wp-content\/uploads\/2019\/09\/img-41.jpg\" alt=\"\" \/>\n\t\t\t\t\t\t\t\t\t<\/div><!-- end image -->\n\t\t\t\t\t\t\t\t\t\t\t\t\t\t\t\t\t\t\t\t\t\t\t<\/figure><!-- end gallery-item -->\n\t\t\t\t\t\t<\/a><!-- end widget-link -->\n\t\t\t\t\t<\/div><!-- end gallery-slide -->\n\n\t\t\t\t\t\t\t\t\t\n\t\t\t\t\t<div class=\"gallery-slide\">\n\t\t\t\t\t\t<a href=\"#\" class=\"widget-link\">\n\t\t\t\t\t\t\t<figure class=\"gallery-item\">\n\t\t\t\t\t\t\t\t\t\t\t\t\t\t\t\t\t<div class=\"image primary-gradient\">\n\t\t\t\t\t\t\t\t\t\t<img decoding=\"async\" src=\"https:\/\/nauticescala.com\/wp-content\/uploads\/2019\/09\/img-40.jpg\" alt=\"\" \/>\n\t\t\t\t\t\t\t\t\t<\/div><!-- end image -->\n\t\t\t\t\t\t\t\t\t\t\t\t\t\t\t\t\t\t\t\t\t\t\t<\/figure><!-- end gallery-item -->\n\t\t\t\t\t\t<\/a><!-- end widget-link -->\n\t\t\t\t\t<\/div><!-- end gallery-slide -->\n\n\t\t\t\t\t\t\t\t\t\n\t\t\t\t\t<div class=\"gallery-slide\">\n\t\t\t\t\t\t<a href=\"#\" class=\"widget-link\">\n\t\t\t\t\t\t\t<figure class=\"gallery-item\">\n\t\t\t\t\t\t\t\t\t\t\t\t\t\t\t\t\t<div class=\"image \">\n\t\t\t\t\t\t\t\t\t\t<img decoding=\"async\" src=\"https:\/\/nauticescala.com\/wp-content\/uploads\/2019\/09\/img-42.jpg\" alt=\"\" \/>\n\t\t\t\t\t\t\t\t\t<\/div><!-- end image -->\n\t\t\t\t\t\t\t\t\t\t\t\t\t\t\t\t\t\t\t\t\t\t\t<\/figure><!-- end gallery-item -->\n\t\t\t\t\t\t<\/a><!-- end widget-link -->\n\t\t\t\t\t<\/div><!-- end gallery-slide -->\n\n\t\t\t\t\t\t\t\t\t\n\t\t\t\t\t<div class=\"gallery-slide\">\n\t\t\t\t\t\t<a href=\"#\" class=\"widget-link\">\n\t\t\t\t\t\t\t<figure class=\"gallery-item\">\n\t\t\t\t\t\t\t\t\t\t\t\t\t\t\t\t\t<div class=\"image \">\n\t\t\t\t\t\t\t\t\t\t<img decoding=\"async\" src=\"https:\/\/nauticescala.com\/wp-content\/uploads\/2019\/09\/img-43.jpg\" alt=\"\" \/>\n\t\t\t\t\t\t\t\t\t<\/div><!-- end image -->\n\t\t\t\t\t\t\t\t\t\t\t\t\t\t\t\t\t\t\t\t\t\t\t<\/figure><!-- end gallery-item -->\n\t\t\t\t\t\t<\/a><!-- end widget-link -->\n\t\t\t\t\t<\/div><!-- end gallery-slide -->\n\n\t\t\t\t\t\t\t\t\t\n\t\t\t\t\t<div class=\"gallery-slide\">\n\t\t\t\t\t\t<a href=\"#\" class=\"widget-link\">\n\t\t\t\t\t\t\t<figure class=\"gallery-item\">\n\t\t\t\t\t\t\t\t\t\t\t\t\t\t\t\t\t<div class=\"image \">\n\t\t\t\t\t\t\t\t\t\t<img decoding=\"async\" src=\"https:\/\/nauticescala.com\/wp-content\/uploads\/2019\/09\/img-44.jpg\" alt=\"\" \/>\n\t\t\t\t\t\t\t\t\t<\/div><!-- end image -->\n\t\t\t\t\t\t\t\t\t\t\t\t\t\t\t\t\t\t\t\t\t\t\t<\/figure><!-- end gallery-item -->\n\t\t\t\t\t\t<\/a><!-- end widget-link -->\n\t\t\t\t\t<\/div><!-- end gallery-slide -->\n\n\t\t\t\t\t\t\t\t\t\n\t\t\t<\/div><!-- end gallery-items -->\n\t\t<\/div><!-- end container-fluid -->\n\t\t\n<\/section><!-- end gallery-area -->\n","protected":false},"excerpt":{"rendered":"","protected":false},"author":4,"featured_media":0,"parent":10722,"menu_order":0,"comment_status":"closed","ping_status":"closed","template":"","meta":{"_acf_changed":false,"_monsterinsights_skip_tracking":false,"_monsterinsights_sitenote_active":false,"_monsterinsights_sitenote_note":"","_monsterinsights_sitenote_category":0,"footnotes":""},"class_list":["post-10969","page","type-page","status-publish","hentry"],"acf":[],"yoast_head":"<!-- This site is optimized with the Yoast SEO Premium plugin v20.7 (Yoast SEO v27.4) - https:\/\/yoast.com\/product\/yoast-seo-premium-wordpress\/ -->\n<title>Otras modalidades &#8211; Club N\u00e0utic L\u2019Escala<\/title>\n<meta name=\"robots\" content=\"index, follow, max-snippet:-1, max-image-preview:large, max-video-preview:-1\" \/>\n<link rel=\"canonical\" href=\"https:\/\/nauticescala.com\/es\/actividades-nauticas-en-la-costa-brava\/otras-modalidades\/\" \/>\n<meta property=\"og:locale\" content=\"es_ES\" \/>\n<meta property=\"og:type\" content=\"article\" \/>\n<meta property=\"og:title\" content=\"Otras modalidades\" \/>\n<meta property=\"og:url\" content=\"https:\/\/nauticescala.com\/es\/actividades-nauticas-en-la-costa-brava\/otras-modalidades\/\" \/>\n<meta property=\"og:site_name\" content=\"Club N\u00e0utic L\u2019Escala\" \/>\n<meta property=\"article:modified_time\" content=\"2025-05-27T11:30:54+00:00\" \/>\n<meta name=\"twitter:card\" content=\"summary_large_image\" \/>\n<meta name=\"twitter:label1\" content=\"Tiempo de lectura\" \/>\n\t<meta name=\"twitter:data1\" content=\"3 minutos\" \/>\n<script type=\"application\/ld+json\" class=\"yoast-schema-graph\">{\"@context\":\"https:\\\/\\\/schema.org\",\"@graph\":[{\"@type\":\"WebPage\",\"@id\":\"https:\\\/\\\/nauticescala.com\\\/es\\\/actividades-nauticas-en-la-costa-brava\\\/otras-modalidades\\\/\",\"url\":\"https:\\\/\\\/nauticescala.com\\\/es\\\/actividades-nauticas-en-la-costa-brava\\\/otras-modalidades\\\/\",\"name\":\"Otras modalidades &#8211; Club N\u00e0utic L\u2019Escala\",\"isPartOf\":{\"@id\":\"https:\\\/\\\/nauticescala.com\\\/#website\"},\"datePublished\":\"2020-04-08T13:15:33+00:00\",\"dateModified\":\"2025-05-27T11:30:54+00:00\",\"breadcrumb\":{\"@id\":\"https:\\\/\\\/nauticescala.com\\\/es\\\/actividades-nauticas-en-la-costa-brava\\\/otras-modalidades\\\/#breadcrumb\"},\"inLanguage\":\"es\",\"potentialAction\":[{\"@type\":\"ReadAction\",\"target\":[\"https:\\\/\\\/nauticescala.com\\\/es\\\/actividades-nauticas-en-la-costa-brava\\\/otras-modalidades\\\/\"]}]},{\"@type\":\"BreadcrumbList\",\"@id\":\"https:\\\/\\\/nauticescala.com\\\/es\\\/actividades-nauticas-en-la-costa-brava\\\/otras-modalidades\\\/#breadcrumb\",\"itemListElement\":[{\"@type\":\"ListItem\",\"position\":1,\"name\":\"Home\",\"item\":\"https:\\\/\\\/nauticescala.com\\\/es\\\/\"},{\"@type\":\"ListItem\",\"position\":2,\"name\":\"Escuela de Vela\",\"item\":\"https:\\\/\\\/nauticescala.com\\\/es\\\/actividades-nauticas-en-la-costa-brava\\\/\"},{\"@type\":\"ListItem\",\"position\":3,\"name\":\"Otras modalidades\"}]},{\"@type\":\"WebSite\",\"@id\":\"https:\\\/\\\/nauticescala.com\\\/#website\",\"url\":\"https:\\\/\\\/nauticescala.com\\\/\",\"name\":\"Club N\u00e0utic L\u2019Escala\",\"description\":\"Port esportiu a la Costa Brava\",\"potentialAction\":[{\"@type\":\"SearchAction\",\"target\":{\"@type\":\"EntryPoint\",\"urlTemplate\":\"https:\\\/\\\/nauticescala.com\\\/?s={search_term_string}\"},\"query-input\":{\"@type\":\"PropertyValueSpecification\",\"valueRequired\":true,\"valueName\":\"search_term_string\"}}],\"inLanguage\":\"es\"}]}<\/script>\n<!-- \/ Yoast SEO Premium plugin. -->","yoast_head_json":{"title":"Otras modalidades &#8211; Club N\u00e0utic L\u2019Escala","robots":{"index":"index","follow":"follow","max-snippet":"max-snippet:-1","max-image-preview":"max-image-preview:large","max-video-preview":"max-video-preview:-1"},"canonical":"https:\/\/nauticescala.com\/es\/actividades-nauticas-en-la-costa-brava\/otras-modalidades\/","og_locale":"es_ES","og_type":"article","og_title":"Otras modalidades","og_url":"https:\/\/nauticescala.com\/es\/actividades-nauticas-en-la-costa-brava\/otras-modalidades\/","og_site_name":"Club N\u00e0utic L\u2019Escala","article_modified_time":"2025-05-27T11:30:54+00:00","twitter_card":"summary_large_image","twitter_misc":{"Tiempo de lectura":"3 minutos"},"schema":{"@context":"https:\/\/schema.org","@graph":[{"@type":"WebPage","@id":"https:\/\/nauticescala.com\/es\/actividades-nauticas-en-la-costa-brava\/otras-modalidades\/","url":"https:\/\/nauticescala.com\/es\/actividades-nauticas-en-la-costa-brava\/otras-modalidades\/","name":"Otras modalidades &#8211; Club N\u00e0utic L\u2019Escala","isPartOf":{"@id":"https:\/\/nauticescala.com\/#website"},"datePublished":"2020-04-08T13:15:33+00:00","dateModified":"2025-05-27T11:30:54+00:00","breadcrumb":{"@id":"https:\/\/nauticescala.com\/es\/actividades-nauticas-en-la-costa-brava\/otras-modalidades\/#breadcrumb"},"inLanguage":"es","potentialAction":[{"@type":"ReadAction","target":["https:\/\/nauticescala.com\/es\/actividades-nauticas-en-la-costa-brava\/otras-modalidades\/"]}]},{"@type":"BreadcrumbList","@id":"https:\/\/nauticescala.com\/es\/actividades-nauticas-en-la-costa-brava\/otras-modalidades\/#breadcrumb","itemListElement":[{"@type":"ListItem","position":1,"name":"Home","item":"https:\/\/nauticescala.com\/es\/"},{"@type":"ListItem","position":2,"name":"Escuela de Vela","item":"https:\/\/nauticescala.com\/es\/actividades-nauticas-en-la-costa-brava\/"},{"@type":"ListItem","position":3,"name":"Otras modalidades"}]},{"@type":"WebSite","@id":"https:\/\/nauticescala.com\/#website","url":"https:\/\/nauticescala.com\/","name":"Club N\u00e0utic L\u2019Escala","description":"Port esportiu a la Costa Brava","potentialAction":[{"@type":"SearchAction","target":{"@type":"EntryPoint","urlTemplate":"https:\/\/nauticescala.com\/?s={search_term_string}"},"query-input":{"@type":"PropertyValueSpecification","valueRequired":true,"valueName":"search_term_string"}}],"inLanguage":"es"}]}},"_links":{"self":[{"href":"https:\/\/nauticescala.com\/es\/wp-json\/wp\/v2\/pages\/10969","targetHints":{"allow":["GET"]}}],"collection":[{"href":"https:\/\/nauticescala.com\/es\/wp-json\/wp\/v2\/pages"}],"about":[{"href":"https:\/\/nauticescala.com\/es\/wp-json\/wp\/v2\/types\/page"}],"author":[{"embeddable":true,"href":"https:\/\/nauticescala.com\/es\/wp-json\/wp\/v2\/users\/4"}],"replies":[{"embeddable":true,"href":"https:\/\/nauticescala.com\/es\/wp-json\/wp\/v2\/comments?post=10969"}],"version-history":[{"count":9,"href":"https:\/\/nauticescala.com\/es\/wp-json\/wp\/v2\/pages\/10969\/revisions"}],"predecessor-version":[{"id":82933,"href":"https:\/\/nauticescala.com\/es\/wp-json\/wp\/v2\/pages\/10969\/revisions\/82933"}],"up":[{"embeddable":true,"href":"https:\/\/nauticescala.com\/es\/wp-json\/wp\/v2\/pages\/10722"}],"wp:attachment":[{"href":"https:\/\/nauticescala.com\/es\/wp-json\/wp\/v2\/media?parent=10969"}],"curies":[{"name":"wp","href":"https:\/\/api.w.org\/{rel}","templated":true}]}}