 {"id":13028,"date":"2020-04-21T10:36:15","date_gmt":"2020-04-21T08:36:15","guid":{"rendered":"http:\/\/nauticescala.com\/avis-legal\/"},"modified":"2020-04-22T11:00:21","modified_gmt":"2020-04-22T09:00:21","slug":"politica-de-cookies","status":"publish","type":"page","link":"https:\/\/nauticescala.com\/es\/politica-de-cookies\/","title":{"rendered":"Pol\u00edtica de cookies"},"content":{"rendered":"<section class=\"title-section\">\n\t<div class=\"container\">\n\t\t\t\t\t<h1>POL\u00cdTICA DE COOKIES<\/h1>\n\t\t\n\t\t\n\t\t\t\t\t<div class=\"block\">\n\t\t\t\t<p>CLUB N\u00c0UTIC L\u2019ESCALA, con domicilio en Port la Clota s\/n de l&#8217;Escala, responsable del tratamiento de datos, utiliza Cookies con la finalidad de monitorizar los h\u00e1bitos de navegaci\u00f3n de los usuarios en esta p\u00e1gina web, seg\u00fan lo indicado en la presente pol\u00edtica.<\/p>\n<p>&nbsp;<\/p>\n<p><strong>\u00bfQu\u00e9 es una Cookie?:<\/strong><\/p>\n<p>Una Cookie es un fichero que se descarga en el dispositivo electr\u00f3nico del usuario cuando accede a determinadas p\u00e1ginas web para almacenar y recuperar informaci\u00f3n sbre la navegaci\u00f3n que se efect\u00faa des del mismo equipo.<\/p>\n<p><strong>Tipo de Cookies utilizadas en esta p\u00e1gina web y tratamiento de datos para las Cookies:<\/strong><\/p>\n<p>En este sitio Web se permite \u00fanicamente a la utilizaci\u00f3n de las siguientes Cookies de las siguientes herramientas:<\/p>\n<p><span style=\"text-decoration: underline;\">Google Analytics:<\/span><\/p>\n<ol>\n<li>Tercer responsable: Google Inc, sociedad de Delaware con oficina principal en 1600\u00a0Amphitheatre Parkway, Mountain View (California) CA 94043, EE.UU.<\/li>\n<li>Informaci\u00f3n captada por Google y facilitada a CLUB N\u00c0UTIC L\u2019ESCALA: Google Analytics capta las interacciones de los usuarios en el sitio Web.<\/li>\n<li>Finalidad: Permitir a los propietarios del sitio Web conocer los h\u00e1bitos de navegaci\u00f3n de sus usuarios. La finalidad del tratamiento llevadoa cabo por Google es el an\u00e1lisis y medida de datos para suministrar los servicios a sus clientes.<\/li>\n<li>Desactivaci\u00f3n: el Usuario podr\u00e1 revocaren cualquier momento el consentimiento prestado comunic\u00e1ndolo al CLUB N\u00c0UTIC L\u2019ESCALA a trav\u00e9s del e-mail indicado.<\/li>\n<\/ol>\n<p><span style=\"text-decoration: underline;\">Cookies tipo t\u00e9cnico:<\/span> esta Cookie est\u00e1 denominada por 32 car\u00e1cteres aleatorios y es necesaria para la correcta navegaci\u00f3n en las p\u00e1ginas Web del Club. Esta Cookie es totalmente necesaria e inherente a la plataforma ya que, entre otras funciones, tiene la de permitir al usuario a\u00f1adir elementos en la cesta de la compra.<\/p>\n<p><span style=\"text-decoration: underline;\">Redes sociales:<\/span> en el caso que se inicie sesi\u00f3n a trav\u00e9s de alguna red social [Facebook, Instagram, Twitter],estas plataformas crean una serie de Cookies t\u00e9cnicas y anal\u00edticas que tienen, entre otras funciones, la de conocer la informaci\u00f3n del Usuario que ha iniciado sesi\u00f3n a trav\u00e9s de tales plataformas. En este caso, el Usuario deber\u00e1 aceptar la pol\u00edtica de acceso y condiciones generales de las citadas plataformas.<\/p>\n<p>&nbsp;<\/p>\n<p><strong>Base jur\u00eddica, per\u00edodo de retenci\u00f3n y transferencias internacionales de datos:<\/strong><\/p>\n<p>El tratamiento de sus datos personales es necesaria para las finalidades anteriormente indicadas y su base jur\u00eddica es el consentimiento del usuario, quien lo otorga al hacer click en el bot\u00f3n &#8216;aceptar&#8217; del banner informativo que se encuentra en el pie de cada p\u00e1gina.<\/p>\n<p>Las Cookies de terceros pertenecen a Google, quien est\u00e1 adherido al Marco del Escudo de Privacidad U.E. &#8211; EE. UU. Los datos no ser\u00e1n comunicados a terceros, excepto en los casos previstos en la pol\u00edtica de privacidad.<\/p>\n<p>&nbsp;<\/p>\n<p><strong>Acceptaci\u00f3n de la Pol\u00edtica de Cookies:<\/strong><\/p>\n<p>Este sitio Web, con el objetivo de cumplir con la normativa vigente sobre el uso de las Cookies, muestra la informaci\u00f3n de su pol\u00edtica de Cookies en el pie de todas las p\u00e1ginas del portal.<\/p>\n<p><span style=\"text-decoration: underline;\">En este cao, el Usuario puede optar por:<\/span><\/p>\n<ul>\n<li>Aceptar: en tal caso, no se volver\u00e1 a visualizar este aviso durante la navegaci\u00f3n por el sitio Web.<\/li>\n<li>Seguir navegando sin aceptar expresamente: en tal caso, se entender\u00e1 que el Usuario acepta t\u00e1citamente la pol\u00edtica de Cookies.<\/li>\n<li>Dejar de navegar por el sitio Web.<\/li>\n<\/ul>\n<p>&nbsp;<\/p>\n<p><strong>Derechos de los Usuarios:<\/strong><\/p>\n<p>El usuario podr\u00e1 ejercer los derechos de acceso, rectificaci\u00f3n, supresi\u00f3n, oposici\u00f3n, limitaci\u00f3n del tratamiento y portabilidad, cuando correspondan; as\u00ed como revocar su consentimiento, con respecto al tratamiento responsabilidad del CLUB N\u00c0UTIC L\u2019ESCALA, a trav\u00e9s de los canales de comunicaci\u00f3n establecidos en esta p\u00e1gina Web. Asimismo, el Usuario tiene derecho a presentar una reclamaci\u00f3n ante una autoridad de control competente. En Espa\u00f1a, esta autoridad es la Agencia Espa\u00f1ola de Protecci\u00f3n de Datos.<\/p>\n<p>Aix\u00ed mateix, l\u2019Usuari t\u00e9 dret a presentar una reclamaci\u00f3 davant una autoritat de control competent. A Espanya, aquesta autoritat \u00e9s l\u2019Ag\u00e8ncia Espanyola de Protecci\u00f3 de Dades.<\/p>\n\n\t\t\t\t\t\t\t<\/div><!-- end block -->\n\t\t\t<\/div><!-- end container -->\n<\/section><!-- end title-section -->\n","protected":false},"excerpt":{"rendered":"","protected":false},"author":4,"featured_media":0,"parent":0,"menu_order":0,"comment_status":"closed","ping_status":"closed","template":"","meta":{"_acf_changed":false,"_monsterinsights_skip_tracking":false,"_monsterinsights_sitenote_active":false,"_monsterinsights_sitenote_note":"","_monsterinsights_sitenote_category":0,"footnotes":""},"class_list":["post-13028","page","type-page","status-publish","hentry"],"acf":[],"yoast_head":"<!-- This site is optimized with the Yoast SEO Premium plugin v20.7 (Yoast SEO v27.3) - https:\/\/yoast.com\/product\/yoast-seo-premium-wordpress\/ -->\n<title>Pol\u00edtica de cookies &#8211; Club N\u00e0utic L\u2019Escala<\/title>\n<meta name=\"robots\" content=\"index, follow, max-snippet:-1, max-image-preview:large, max-video-preview:-1\" \/>\n<link rel=\"canonical\" href=\"https:\/\/nauticescala.com\/es\/politica-de-cookies\/\" \/>\n<meta property=\"og:locale\" content=\"es_ES\" \/>\n<meta property=\"og:type\" content=\"article\" \/>\n<meta property=\"og:title\" content=\"Pol\u00edtica de cookies\" \/>\n<meta property=\"og:url\" content=\"https:\/\/nauticescala.com\/es\/politica-de-cookies\/\" \/>\n<meta property=\"og:site_name\" content=\"Club N\u00e0utic L\u2019Escala\" \/>\n<meta property=\"article:modified_time\" content=\"2020-04-22T09:00:21+00:00\" \/>\n<meta name=\"twitter:card\" content=\"summary_large_image\" \/>\n<script type=\"application\/ld+json\" class=\"yoast-schema-graph\">{\"@context\":\"https:\\\/\\\/schema.org\",\"@graph\":[{\"@type\":\"WebPage\",\"@id\":\"https:\\\/\\\/nauticescala.com\\\/es\\\/politica-de-cookies\\\/\",\"url\":\"https:\\\/\\\/nauticescala.com\\\/es\\\/politica-de-cookies\\\/\",\"name\":\"Pol\u00edtica de cookies &#8211; Club N\u00e0utic L\u2019Escala\",\"isPartOf\":{\"@id\":\"https:\\\/\\\/nauticescala.com\\\/#website\"},\"datePublished\":\"2020-04-21T08:36:15+00:00\",\"dateModified\":\"2020-04-22T09:00:21+00:00\",\"breadcrumb\":{\"@id\":\"https:\\\/\\\/nauticescala.com\\\/es\\\/politica-de-cookies\\\/#breadcrumb\"},\"inLanguage\":\"es\",\"potentialAction\":[{\"@type\":\"ReadAction\",\"target\":[\"https:\\\/\\\/nauticescala.com\\\/es\\\/politica-de-cookies\\\/\"]}]},{\"@type\":\"BreadcrumbList\",\"@id\":\"https:\\\/\\\/nauticescala.com\\\/es\\\/politica-de-cookies\\\/#breadcrumb\",\"itemListElement\":[{\"@type\":\"ListItem\",\"position\":1,\"name\":\"Home\",\"item\":\"https:\\\/\\\/nauticescala.com\\\/es\\\/\"},{\"@type\":\"ListItem\",\"position\":2,\"name\":\"Pol\u00edtica de cookies\"}]},{\"@type\":\"WebSite\",\"@id\":\"https:\\\/\\\/nauticescala.com\\\/#website\",\"url\":\"https:\\\/\\\/nauticescala.com\\\/\",\"name\":\"Club N\u00e0utic L\u2019Escala\",\"description\":\"Port esportiu a la Costa Brava\",\"potentialAction\":[{\"@type\":\"SearchAction\",\"target\":{\"@type\":\"EntryPoint\",\"urlTemplate\":\"https:\\\/\\\/nauticescala.com\\\/?s={search_term_string}\"},\"query-input\":{\"@type\":\"PropertyValueSpecification\",\"valueRequired\":true,\"valueName\":\"search_term_string\"}}],\"inLanguage\":\"es\"}]}<\/script>\n<!-- \/ Yoast SEO Premium plugin. -->","yoast_head_json":{"title":"Pol\u00edtica de cookies &#8211; Club N\u00e0utic L\u2019Escala","robots":{"index":"index","follow":"follow","max-snippet":"max-snippet:-1","max-image-preview":"max-image-preview:large","max-video-preview":"max-video-preview:-1"},"canonical":"https:\/\/nauticescala.com\/es\/politica-de-cookies\/","og_locale":"es_ES","og_type":"article","og_title":"Pol\u00edtica de cookies","og_url":"https:\/\/nauticescala.com\/es\/politica-de-cookies\/","og_site_name":"Club N\u00e0utic L\u2019Escala","article_modified_time":"2020-04-22T09:00:21+00:00","twitter_card":"summary_large_image","schema":{"@context":"https:\/\/schema.org","@graph":[{"@type":"WebPage","@id":"https:\/\/nauticescala.com\/es\/politica-de-cookies\/","url":"https:\/\/nauticescala.com\/es\/politica-de-cookies\/","name":"Pol\u00edtica de cookies &#8211; Club N\u00e0utic L\u2019Escala","isPartOf":{"@id":"https:\/\/nauticescala.com\/#website"},"datePublished":"2020-04-21T08:36:15+00:00","dateModified":"2020-04-22T09:00:21+00:00","breadcrumb":{"@id":"https:\/\/nauticescala.com\/es\/politica-de-cookies\/#breadcrumb"},"inLanguage":"es","potentialAction":[{"@type":"ReadAction","target":["https:\/\/nauticescala.com\/es\/politica-de-cookies\/"]}]},{"@type":"BreadcrumbList","@id":"https:\/\/nauticescala.com\/es\/politica-de-cookies\/#breadcrumb","itemListElement":[{"@type":"ListItem","position":1,"name":"Home","item":"https:\/\/nauticescala.com\/es\/"},{"@type":"ListItem","position":2,"name":"Pol\u00edtica de cookies"}]},{"@type":"WebSite","@id":"https:\/\/nauticescala.com\/#website","url":"https:\/\/nauticescala.com\/","name":"Club N\u00e0utic L\u2019Escala","description":"Port esportiu a la Costa Brava","potentialAction":[{"@type":"SearchAction","target":{"@type":"EntryPoint","urlTemplate":"https:\/\/nauticescala.com\/?s={search_term_string}"},"query-input":{"@type":"PropertyValueSpecification","valueRequired":true,"valueName":"search_term_string"}}],"inLanguage":"es"}]}},"_links":{"self":[{"href":"https:\/\/nauticescala.com\/es\/wp-json\/wp\/v2\/pages\/13028","targetHints":{"allow":["GET"]}}],"collection":[{"href":"https:\/\/nauticescala.com\/es\/wp-json\/wp\/v2\/pages"}],"about":[{"href":"https:\/\/nauticescala.com\/es\/wp-json\/wp\/v2\/types\/page"}],"author":[{"embeddable":true,"href":"https:\/\/nauticescala.com\/es\/wp-json\/wp\/v2\/users\/4"}],"replies":[{"embeddable":true,"href":"https:\/\/nauticescala.com\/es\/wp-json\/wp\/v2\/comments?post=13028"}],"version-history":[{"count":4,"href":"https:\/\/nauticescala.com\/es\/wp-json\/wp\/v2\/pages\/13028\/revisions"}],"predecessor-version":[{"id":13385,"href":"https:\/\/nauticescala.com\/es\/wp-json\/wp\/v2\/pages\/13028\/revisions\/13385"}],"wp:attachment":[{"href":"https:\/\/nauticescala.com\/es\/wp-json\/wp\/v2\/media?parent=13028"}],"curies":[{"name":"wp","href":"https:\/\/api.w.org\/{rel}","templated":true}]}}