 {"id":13048,"date":"2020-04-21T11:12:49","date_gmt":"2020-04-21T09:12:49","guid":{"rendered":"http:\/\/nauticescala.com\/nota-legal-condicions-dus\/"},"modified":"2020-04-22T11:05:52","modified_gmt":"2020-04-22T09:05:52","slug":"nota-legal","status":"publish","type":"page","link":"https:\/\/nauticescala.com\/es\/nota-legal\/","title":{"rendered":"Nota Legal"},"content":{"rendered":"<section class=\"title-section\">\n\t<div class=\"container\">\n\t\t\t\t\t<h1>Nota Legal<\/h1>\n\t\t\n\t\t\n\t\t\t\t\t<div class=\"block\">\n\t\t\t\t<p><strong>Condiciones de uso:<\/strong><\/p>\n<p>Las presentes Condiciones Generales regulanel uso de las p\u00e1ginas integrantes de la Web. Cualquier Usuario que acceda a la Web acepta someterse a las Condiciones Generales vigentes en cada momento.<\/p>\n<p>El contenido de esta p\u00e1gina est\u00e1 protegido por la Ley de Propiedad Intelectual, de forma que la modificaci\u00f3n, transmisi\u00f3n, copia o cualquier utilizaci\u00f3n de los contenidos que forman parte de la web con finalidades p\u00fablicas, lucrativas o comerciales, sin el consentimiento y autorizaci\u00f3n expresa de CLUB N\u00c0UTIC L\u2019ESCALA, comportar\u00e1 una infracci\u00f3n penalizada por la legislaci\u00f3n vigente.<\/p>\n<p>&nbsp;<\/p>\n<p><strong>Derechos de propiedad intelectual e industrial:<br \/>\n<\/strong><\/p>\n<p>A trav\u00e9s de estas Condiciones Generales, no se cede ning\u00fan derecho de propiedad intelectual o industrial sobre la Web ni sobre ninguno de sus elementos integrantes, quedando expresamente prohibidos al Usuario la reproducci\u00f3n, transformaci\u00f3n, distribuci\u00f3n, comunicaci\u00f3n p\u00fablica, puesta a disposici\u00f3n, extracci\u00f3n, reutilizaci\u00f3n, reenv\u00edo o utilizaci\u00f3n de cualquier naturaleza, excepto en los casos en los que est\u00e9 legalmente permitido o autorizado por el titular de los correspondientes derechos.<\/p>\n<p>Cualquier persona f\u00edsica o jur\u00eddica que se proponga incluir un hiperenlace o dispositivo t\u00e9cnico de enlace desde su sitio Web deber\u00e1 obtener autorizaci\u00f3n previa del CLUB N\u00c0UTIC L\u2019ESCALA, la qual podr\u00e1 ser revocada en cualquier momento.<\/p>\n<p>El establecimiento de un enlace no implica en ning\u00fan caso la existencia de relaciones entre el CLUB N\u00c0UTIC L\u2019ESCALA y el propietario del sitio Web.<\/p>\n<p>&nbsp;<\/p>\n<p><strong>Disponibilidad del sitio Web y servicios que se ofrecen en el mismo:<br \/>\n<\/strong><\/p>\n<p>CLUB N\u00c0UTIC L\u2019ESCALA no garantiza la disponibilidad, el acceso y\/o la continuidad del funcionamiento de este sitio Web ni de los servicios asociados al mismo. Asimismo, CLUB N\u00c0UTIC L\u2019ESCALA no ser\u00e1 responsable de los da\u00f1os y perjuicios que se pudieran causar al Usuario como consecuencia de la indisponibilidad, errores de acceso, o falta de continuidad del sitio Web y de sus servicios asociados.<\/p>\n<p>&nbsp;<\/p>\n<p><strong>Contenidos y servicios:<\/strong><\/p>\n<p>El usuario es el \u00faltimo responsable del contenido de la informaci\u00f3n que incluya en este sitio Web. El usuario acepta las condiciones de uso y se compromete a que la informaci\u00f3n que incluya ser\u00e1 veraz y adecuada a los fines de la Web.<\/p>\n<p>La informaci\u00f3n publicada en la presente Web es actual en el momento de su publicaci\u00f3n, excepto error u omisi\u00f3n. El usuario puede consultar la fecha de publicaci\u00f3n a trav\u00e9s del correo anunciado en estas Condiciones.<\/p>\n<p>CLUB N\u00c0UTIC L\u2019ESCALA no asume ninguna responsabilidad por la actuaci\u00f3n negligente o dolosa de cualquiera de los usuarios del portal. Igualmente, CLUB N\u00c0UTIC L\u2019ESCALA se reserva el derecho de actualizar, modificar o eliminar los contenidos del sitio Web, as\u00ed como limitar su acceso parcial o total durante el tiempo que considere oportuno.<\/p>\n<p>&nbsp;<\/p>\n<p><strong>Jurisdicci\u00f3n Competente:<\/strong><\/p>\n<p>Estas Condiciones Generales se rigen por la ley espa\u00f1ola aplicable, y excepto que la ley establezca otra cosa a la normativa vigente, incluida la normativa de consumidores y usuarios, cualquier conflicto se someter\u00e1 a los jueces y tribubales de Girona.<\/p>\n\n\t\t\t\t\t\t\t<\/div><!-- end block -->\n\t\t\t<\/div><!-- end container -->\n<\/section><!-- end title-section -->\n<section class=\"article-section\"><div class=\"container\">\n\n<\/div><\/section>\n<p><\/p>\n","protected":false},"excerpt":{"rendered":"","protected":false},"author":4,"featured_media":0,"parent":0,"menu_order":0,"comment_status":"closed","ping_status":"closed","template":"","meta":{"_acf_changed":false,"_monsterinsights_skip_tracking":false,"_monsterinsights_sitenote_active":false,"_monsterinsights_sitenote_note":"","_monsterinsights_sitenote_category":0,"footnotes":""},"class_list":["post-13048","page","type-page","status-publish","hentry"],"acf":[],"yoast_head":"<!-- This site is optimized with the Yoast SEO Premium plugin v20.7 (Yoast SEO v27.3) - https:\/\/yoast.com\/product\/yoast-seo-premium-wordpress\/ -->\n<title>Nota Legal &#8211; Club N\u00e0utic L\u2019Escala<\/title>\n<meta name=\"robots\" content=\"index, follow, max-snippet:-1, max-image-preview:large, max-video-preview:-1\" \/>\n<link rel=\"canonical\" href=\"https:\/\/nauticescala.com\/es\/nota-legal\/\" \/>\n<meta property=\"og:locale\" content=\"es_ES\" \/>\n<meta property=\"og:type\" content=\"article\" \/>\n<meta property=\"og:title\" content=\"Nota Legal\" \/>\n<meta property=\"og:url\" content=\"https:\/\/nauticescala.com\/es\/nota-legal\/\" \/>\n<meta property=\"og:site_name\" content=\"Club N\u00e0utic L\u2019Escala\" \/>\n<meta property=\"article:modified_time\" content=\"2020-04-22T09:05:52+00:00\" \/>\n<meta name=\"twitter:card\" content=\"summary_large_image\" \/>\n<script type=\"application\/ld+json\" class=\"yoast-schema-graph\">{\"@context\":\"https:\\\/\\\/schema.org\",\"@graph\":[{\"@type\":\"WebPage\",\"@id\":\"https:\\\/\\\/nauticescala.com\\\/es\\\/nota-legal\\\/\",\"url\":\"https:\\\/\\\/nauticescala.com\\\/es\\\/nota-legal\\\/\",\"name\":\"Nota Legal &#8211; Club N\u00e0utic L\u2019Escala\",\"isPartOf\":{\"@id\":\"https:\\\/\\\/nauticescala.com\\\/#website\"},\"datePublished\":\"2020-04-21T09:12:49+00:00\",\"dateModified\":\"2020-04-22T09:05:52+00:00\",\"breadcrumb\":{\"@id\":\"https:\\\/\\\/nauticescala.com\\\/es\\\/nota-legal\\\/#breadcrumb\"},\"inLanguage\":\"es\",\"potentialAction\":[{\"@type\":\"ReadAction\",\"target\":[\"https:\\\/\\\/nauticescala.com\\\/es\\\/nota-legal\\\/\"]}]},{\"@type\":\"BreadcrumbList\",\"@id\":\"https:\\\/\\\/nauticescala.com\\\/es\\\/nota-legal\\\/#breadcrumb\",\"itemListElement\":[{\"@type\":\"ListItem\",\"position\":1,\"name\":\"Home\",\"item\":\"https:\\\/\\\/nauticescala.com\\\/es\\\/\"},{\"@type\":\"ListItem\",\"position\":2,\"name\":\"Nota Legal\"}]},{\"@type\":\"WebSite\",\"@id\":\"https:\\\/\\\/nauticescala.com\\\/#website\",\"url\":\"https:\\\/\\\/nauticescala.com\\\/\",\"name\":\"Club N\u00e0utic L\u2019Escala\",\"description\":\"Port esportiu a la Costa Brava\",\"potentialAction\":[{\"@type\":\"SearchAction\",\"target\":{\"@type\":\"EntryPoint\",\"urlTemplate\":\"https:\\\/\\\/nauticescala.com\\\/?s={search_term_string}\"},\"query-input\":{\"@type\":\"PropertyValueSpecification\",\"valueRequired\":true,\"valueName\":\"search_term_string\"}}],\"inLanguage\":\"es\"}]}<\/script>\n<!-- \/ Yoast SEO Premium plugin. -->","yoast_head_json":{"title":"Nota Legal &#8211; Club N\u00e0utic L\u2019Escala","robots":{"index":"index","follow":"follow","max-snippet":"max-snippet:-1","max-image-preview":"max-image-preview:large","max-video-preview":"max-video-preview:-1"},"canonical":"https:\/\/nauticescala.com\/es\/nota-legal\/","og_locale":"es_ES","og_type":"article","og_title":"Nota Legal","og_url":"https:\/\/nauticescala.com\/es\/nota-legal\/","og_site_name":"Club N\u00e0utic L\u2019Escala","article_modified_time":"2020-04-22T09:05:52+00:00","twitter_card":"summary_large_image","schema":{"@context":"https:\/\/schema.org","@graph":[{"@type":"WebPage","@id":"https:\/\/nauticescala.com\/es\/nota-legal\/","url":"https:\/\/nauticescala.com\/es\/nota-legal\/","name":"Nota Legal &#8211; Club N\u00e0utic L\u2019Escala","isPartOf":{"@id":"https:\/\/nauticescala.com\/#website"},"datePublished":"2020-04-21T09:12:49+00:00","dateModified":"2020-04-22T09:05:52+00:00","breadcrumb":{"@id":"https:\/\/nauticescala.com\/es\/nota-legal\/#breadcrumb"},"inLanguage":"es","potentialAction":[{"@type":"ReadAction","target":["https:\/\/nauticescala.com\/es\/nota-legal\/"]}]},{"@type":"BreadcrumbList","@id":"https:\/\/nauticescala.com\/es\/nota-legal\/#breadcrumb","itemListElement":[{"@type":"ListItem","position":1,"name":"Home","item":"https:\/\/nauticescala.com\/es\/"},{"@type":"ListItem","position":2,"name":"Nota Legal"}]},{"@type":"WebSite","@id":"https:\/\/nauticescala.com\/#website","url":"https:\/\/nauticescala.com\/","name":"Club N\u00e0utic L\u2019Escala","description":"Port esportiu a la Costa Brava","potentialAction":[{"@type":"SearchAction","target":{"@type":"EntryPoint","urlTemplate":"https:\/\/nauticescala.com\/?s={search_term_string}"},"query-input":{"@type":"PropertyValueSpecification","valueRequired":true,"valueName":"search_term_string"}}],"inLanguage":"es"}]}},"_links":{"self":[{"href":"https:\/\/nauticescala.com\/es\/wp-json\/wp\/v2\/pages\/13048","targetHints":{"allow":["GET"]}}],"collection":[{"href":"https:\/\/nauticescala.com\/es\/wp-json\/wp\/v2\/pages"}],"about":[{"href":"https:\/\/nauticescala.com\/es\/wp-json\/wp\/v2\/types\/page"}],"author":[{"embeddable":true,"href":"https:\/\/nauticescala.com\/es\/wp-json\/wp\/v2\/users\/4"}],"replies":[{"embeddable":true,"href":"https:\/\/nauticescala.com\/es\/wp-json\/wp\/v2\/comments?post=13048"}],"version-history":[{"count":5,"href":"https:\/\/nauticescala.com\/es\/wp-json\/wp\/v2\/pages\/13048\/revisions"}],"predecessor-version":[{"id":13396,"href":"https:\/\/nauticescala.com\/es\/wp-json\/wp\/v2\/pages\/13048\/revisions\/13396"}],"wp:attachment":[{"href":"https:\/\/nauticescala.com\/es\/wp-json\/wp\/v2\/media?parent=13048"}],"curies":[{"name":"wp","href":"https:\/\/api.w.org\/{rel}","templated":true}]}}