 {"id":13076,"date":"2020-04-21T11:44:26","date_gmt":"2020-04-21T09:44:26","guid":{"rendered":"http:\/\/nauticescala.com\/politica-de-privacitat\/"},"modified":"2024-03-27T10:40:35","modified_gmt":"2024-03-27T09:40:35","slug":"politica-de-privacidad","status":"publish","type":"page","link":"https:\/\/nauticescala.com\/es\/politica-de-privacidad\/","title":{"rendered":"Pol\u00edtica de privacidad"},"content":{"rendered":"<section class=\"title-section\">\n\t<div class=\"container\">\n\t\t\t\t\t<h1>Pol\u00edtica de privacidad<\/h1>\n\t\t\n\t\t\n\t\t\t\t\t<div class=\"block\">\n\t\t\t\t<p><strong>Responsable:<\/strong><\/p>\n<p>CLUB N\u00c0UTIC L\u2019ESCALA, con domicilio en Port de la Clota s\/n de l\u2019Escala, es responsable del tratamiento de aquellos datos que se recojan o generen como consecuencia del acceso, uso y navegaci\u00f3n de los Usuarios por la Web.<\/p>\n<p><strong>Tratamiento de datos y finalidades:<\/strong><\/p>\n<p>Los datos que el usuario incluya en el presente sitio Web ser\u00e1n utilizados para la mejora de la seguridad y gesti\u00f3n de la Web; para llevar a cabo an\u00e1lisis de relevancia y utilizaci\u00f3n del sitio Web; para poder gestionar el pago de cuotas; para poder cumplir con los fines propios del sitio Web; y cuando as\u00ed lo permita la normativa aplicable, para informar a los Usuarios sobre la actualidad del sitio Web o del propio\u00a0CLUB N\u00c0UTIC L\u2019ESCALA.<\/p>\n<p>Los datos no ser\u00e1n comunicados a terceros excepto cuando as\u00ed lo requiera<\/p>\n<p>Les dades no seran comunicades a tercers excepte quan aix\u00ed ho requereixi una autoritat competent. No obstant, el lloc Web podr\u00e0 utilitzar Cookies de terceres companyies de conformitat amb la Pol\u00edtica de Cookies i el consentiment de l\u2019usuari.<\/p>\n<p><strong>Protecci\u00f3n de datos personales e imagen:<\/strong><\/p>\n<p>El usuario acepta que los datos facilitados en el curso de su navegaci\u00f3n dentro del sitio Web, as\u00ed como la informaci\u00f3n complementaria que haya podido facilitar en su contexto, pasar\u00e1 a formar parte de los ficheros de titularidad de CLUB N\u00c0UTIC L\u2019ESCALA.<\/p>\n<p>Asimismo, el Usuario acepta la cesi\u00f3n gratuita de cualquier derecho correspondiente su imagen obtenida en fotograf\u00edas que se realicen por parte de la Organizaci\u00f3n del Club en el transcurso del evento autorizando su publicaci\u00f3n en tr\u00edpticos, revistas, redes sociales o p\u00e1gina web del CLUB N\u00c0UTIC L\u2019ESCALA.<\/p>\n<p>Para ejercer los derechos de acceso, cancelaci\u00f3n, rectificaci\u00f3n y oposici\u00f3n, el usuario se puede dirigir por escrito a la direcci\u00f3n del CLUB N\u00c0UTIC L&#8217;ESCALA, o a la direcci\u00f3n de correo electr\u00f3nico club@nauticescala.com.<\/p>\n<p><strong>Base jur\u00eddica y retenci\u00f3n:<\/strong><\/p>\n<p>La base legal que permite a CLUB N\u00c0UTIC L\u2019ESCALA a tratar los datos de los Usuarios es:<\/p>\n<ul>\n<li>El acceso y navegaci\u00f3n voluntaria de los usuarios.<\/li>\n<li>La solicitud por parte de usuarios de informaci\u00f3n o servicios relacionados con el Club.<\/li>\n<li>El inter\u00e9s leg\u00edtim por mejorar la web, la seguridad y su funcionamiento.<\/li>\n<li>El env\u00edo de informaci\u00f3n de actualidad del Club, siempre que el usuario haya prestado su consentimiento o sea de inter\u00e9s leg\u00edtimo para el CLUB N\u00c0UTIC L\u2019ESCALA.<\/li>\n<\/ul>\n<p>Los datos recogidos ser\u00e1n conservados hasta la extinci\u00f3n de las responsabilidades legales o contractuales que obligaran a mantener tales datos.<\/p>\n<p><strong>Derechos de los Usuarios:<\/strong><\/p>\n<p>El usuario puede ejercer los derechos de acceso, rectificaci\u00f3n, supresi\u00f3n, oposici\u00f3n, limitaci\u00f3n del tratamiento, cuando correspondan, respecto al tratamiento responsabilidad de CLUB N\u00c0UTIC L\u2019ESCALA.<\/p>\n<p><strong>Titular de https:\/\/nauticescala.com\/ :<\/strong><\/p>\n<p>Titular: CLUB N\u00c0UTIC L\u2019ESCALA<br \/>\nDomicilio: Port de la Clota s\/n de l\u2019Escala<br \/>\nCIF: G17033499<br \/>\nEmail: club@nauticescala.com<\/p>\n\n\t\t\t\t\t\t\t<\/div><!-- end block -->\n\t\t\t<\/div><!-- end container -->\n<\/section><!-- end title-section -->\n","protected":false},"excerpt":{"rendered":"","protected":false},"author":4,"featured_media":0,"parent":0,"menu_order":0,"comment_status":"closed","ping_status":"closed","template":"","meta":{"_acf_changed":false,"_monsterinsights_skip_tracking":false,"_monsterinsights_sitenote_active":false,"_monsterinsights_sitenote_note":"","_monsterinsights_sitenote_category":0,"footnotes":""},"class_list":["post-13076","page","type-page","status-publish","hentry"],"acf":[],"yoast_head":"<!-- This site is optimized with the Yoast SEO Premium plugin v20.7 (Yoast SEO v27.3) - https:\/\/yoast.com\/product\/yoast-seo-premium-wordpress\/ -->\n<title>Pol\u00edtica de privacidad &#8211; Club N\u00e0utic L\u2019Escala<\/title>\n<meta name=\"robots\" content=\"index, follow, max-snippet:-1, max-image-preview:large, max-video-preview:-1\" \/>\n<link rel=\"canonical\" href=\"https:\/\/nauticescala.com\/es\/politica-de-privacidad\/\" \/>\n<meta property=\"og:locale\" content=\"es_ES\" \/>\n<meta property=\"og:type\" content=\"article\" \/>\n<meta property=\"og:title\" content=\"Pol\u00edtica de privacidad\" \/>\n<meta property=\"og:url\" content=\"https:\/\/nauticescala.com\/es\/politica-de-privacidad\/\" \/>\n<meta property=\"og:site_name\" content=\"Club N\u00e0utic L\u2019Escala\" \/>\n<meta property=\"article:modified_time\" content=\"2024-03-27T09:40:35+00:00\" \/>\n<meta name=\"twitter:card\" content=\"summary_large_image\" \/>\n<meta name=\"twitter:label1\" content=\"Tiempo de lectura\" \/>\n\t<meta name=\"twitter:data1\" content=\"3 minutos\" \/>\n<script type=\"application\/ld+json\" class=\"yoast-schema-graph\">{\"@context\":\"https:\\\/\\\/schema.org\",\"@graph\":[{\"@type\":\"WebPage\",\"@id\":\"https:\\\/\\\/nauticescala.com\\\/es\\\/politica-de-privacidad\\\/\",\"url\":\"https:\\\/\\\/nauticescala.com\\\/es\\\/politica-de-privacidad\\\/\",\"name\":\"Pol\u00edtica de privacidad &#8211; Club N\u00e0utic L\u2019Escala\",\"isPartOf\":{\"@id\":\"https:\\\/\\\/nauticescala.com\\\/#website\"},\"datePublished\":\"2020-04-21T09:44:26+00:00\",\"dateModified\":\"2024-03-27T09:40:35+00:00\",\"breadcrumb\":{\"@id\":\"https:\\\/\\\/nauticescala.com\\\/es\\\/politica-de-privacidad\\\/#breadcrumb\"},\"inLanguage\":\"es\",\"potentialAction\":[{\"@type\":\"ReadAction\",\"target\":[\"https:\\\/\\\/nauticescala.com\\\/es\\\/politica-de-privacidad\\\/\"]}]},{\"@type\":\"BreadcrumbList\",\"@id\":\"https:\\\/\\\/nauticescala.com\\\/es\\\/politica-de-privacidad\\\/#breadcrumb\",\"itemListElement\":[{\"@type\":\"ListItem\",\"position\":1,\"name\":\"Home\",\"item\":\"https:\\\/\\\/nauticescala.com\\\/es\\\/\"},{\"@type\":\"ListItem\",\"position\":2,\"name\":\"Pol\u00edtica de privacidad\"}]},{\"@type\":\"WebSite\",\"@id\":\"https:\\\/\\\/nauticescala.com\\\/#website\",\"url\":\"https:\\\/\\\/nauticescala.com\\\/\",\"name\":\"Club N\u00e0utic L\u2019Escala\",\"description\":\"Port esportiu a la Costa Brava\",\"potentialAction\":[{\"@type\":\"SearchAction\",\"target\":{\"@type\":\"EntryPoint\",\"urlTemplate\":\"https:\\\/\\\/nauticescala.com\\\/?s={search_term_string}\"},\"query-input\":{\"@type\":\"PropertyValueSpecification\",\"valueRequired\":true,\"valueName\":\"search_term_string\"}}],\"inLanguage\":\"es\"}]}<\/script>\n<!-- \/ Yoast SEO Premium plugin. -->","yoast_head_json":{"title":"Pol\u00edtica de privacidad &#8211; Club N\u00e0utic L\u2019Escala","robots":{"index":"index","follow":"follow","max-snippet":"max-snippet:-1","max-image-preview":"max-image-preview:large","max-video-preview":"max-video-preview:-1"},"canonical":"https:\/\/nauticescala.com\/es\/politica-de-privacidad\/","og_locale":"es_ES","og_type":"article","og_title":"Pol\u00edtica de privacidad","og_url":"https:\/\/nauticescala.com\/es\/politica-de-privacidad\/","og_site_name":"Club N\u00e0utic L\u2019Escala","article_modified_time":"2024-03-27T09:40:35+00:00","twitter_card":"summary_large_image","twitter_misc":{"Tiempo de lectura":"3 minutos"},"schema":{"@context":"https:\/\/schema.org","@graph":[{"@type":"WebPage","@id":"https:\/\/nauticescala.com\/es\/politica-de-privacidad\/","url":"https:\/\/nauticescala.com\/es\/politica-de-privacidad\/","name":"Pol\u00edtica de privacidad &#8211; Club N\u00e0utic L\u2019Escala","isPartOf":{"@id":"https:\/\/nauticescala.com\/#website"},"datePublished":"2020-04-21T09:44:26+00:00","dateModified":"2024-03-27T09:40:35+00:00","breadcrumb":{"@id":"https:\/\/nauticescala.com\/es\/politica-de-privacidad\/#breadcrumb"},"inLanguage":"es","potentialAction":[{"@type":"ReadAction","target":["https:\/\/nauticescala.com\/es\/politica-de-privacidad\/"]}]},{"@type":"BreadcrumbList","@id":"https:\/\/nauticescala.com\/es\/politica-de-privacidad\/#breadcrumb","itemListElement":[{"@type":"ListItem","position":1,"name":"Home","item":"https:\/\/nauticescala.com\/es\/"},{"@type":"ListItem","position":2,"name":"Pol\u00edtica de privacidad"}]},{"@type":"WebSite","@id":"https:\/\/nauticescala.com\/#website","url":"https:\/\/nauticescala.com\/","name":"Club N\u00e0utic L\u2019Escala","description":"Port esportiu a la Costa Brava","potentialAction":[{"@type":"SearchAction","target":{"@type":"EntryPoint","urlTemplate":"https:\/\/nauticescala.com\/?s={search_term_string}"},"query-input":{"@type":"PropertyValueSpecification","valueRequired":true,"valueName":"search_term_string"}}],"inLanguage":"es"}]}},"_links":{"self":[{"href":"https:\/\/nauticescala.com\/es\/wp-json\/wp\/v2\/pages\/13076","targetHints":{"allow":["GET"]}}],"collection":[{"href":"https:\/\/nauticescala.com\/es\/wp-json\/wp\/v2\/pages"}],"about":[{"href":"https:\/\/nauticescala.com\/es\/wp-json\/wp\/v2\/types\/page"}],"author":[{"embeddable":true,"href":"https:\/\/nauticescala.com\/es\/wp-json\/wp\/v2\/users\/4"}],"replies":[{"embeddable":true,"href":"https:\/\/nauticescala.com\/es\/wp-json\/wp\/v2\/comments?post=13076"}],"version-history":[{"count":10,"href":"https:\/\/nauticescala.com\/es\/wp-json\/wp\/v2\/pages\/13076\/revisions"}],"predecessor-version":[{"id":67463,"href":"https:\/\/nauticescala.com\/es\/wp-json\/wp\/v2\/pages\/13076\/revisions\/67463"}],"wp:attachment":[{"href":"https:\/\/nauticescala.com\/es\/wp-json\/wp\/v2\/media?parent=13076"}],"curies":[{"name":"wp","href":"https:\/\/api.w.org\/{rel}","templated":true}]}}