 {"id":13105,"date":"2020-04-21T12:30:50","date_gmt":"2020-04-21T10:30:50","guid":{"rendered":"http:\/\/nauticescala.com\/condicions-generals-de-contractacio\/"},"modified":"2026-03-30T12:44:55","modified_gmt":"2026-03-30T10:44:55","slug":"terminos-y-condiciones","status":"publish","type":"page","link":"https:\/\/nauticescala.com\/es\/terminos-y-condiciones\/","title":{"rendered":"Condiciones Generales de Contrataci\u00f3n"},"content":{"rendered":"<section class=\"title-section\">\n\t<div class=\"container\">\n\t\t\t\t\t<h1>Condiciones Generales de Contrataci\u00f3n online<\/h1>\n\t\t\n\t\t\n\t\t\t\t\t<div class=\"block\">\n\t\t\t\t<p>A trav\u00e9s de este sitio Web, el CLUB N\u00c0UTIC L&#8217;ESCALA ofrece un servicio de reserva online de servicios portuarios y actividades n\u00e1uticas regido por las condiciones expuestas a continuaci\u00f3n.<\/p>\n<p><span style=\"text-decoration: underline;\"><strong>1.- \u00c1mbito de aplicaci\u00f3n de las Condiciones Generales de Contrataci\u00f3n Online:<\/strong><\/span><\/p>\n<p>Se aplican S\u00d3LO a las reservas que se realicen online v\u00eda Web. Se aplican b\u00e1sicamente a las reservas de los siguientes servicios:<\/p>\n<ul>\n<li>Servicios portuarios de embarcaciones en tr\u00e1fico y con estancias inferiores al mes.<\/li>\n<li>Actividades n\u00e1uticas.<\/li>\n<\/ul>\n<p>Se excluyen expresamente de las presentes condiciones generales las reservas de servicios portuarios de amarre de forfait anuales, temporada o superiores al mes. \u00c9stos disponen de una pol\u00edtica de reserva y cancelaci\u00f3n propias y para consultarlas es preciso dirigirse directamente a las oficinas del Puerto.<\/p>\n<p>Estas Condiciones Generales se configuran como previsiones complementarias a las ya previstas en la normativa y reglamentos del Club, de forma que cualquier duda o contradicci\u00f3n que pudiera surgir entre estas Condiciones Generales y el resto de normativa y reglamentos del Club ser\u00e1 resuelta por la Direcci\u00f3n del Club, primando las previsiones reglamentarias en lo que pudiera resultar contradictorio.<\/p>\n<p><span style=\"text-decoration: underline;\"><strong>2.- Servicios portuarios de embarcaciones en tr\u00e1nsito y con estancias inferiores al mes.<\/strong><\/span><\/p>\n<p><strong>Reserva y pago:<\/strong><br \/>\nPara confirmar la reserva de un amarre en el sitio Web, el usuario\/a deber\u00e1 efectuar un pago anticipado en el momento de realizar la reserva o al recibir la confirmaci\u00f3n de la disponibilidad. El resto del pago, si es el caso, deber\u00e1 hacerse efectivo antes del inicio del servicio contratado, de acuerdo con los plazos correspondientes.<\/p>\n<p>Los datos facilitados del usuario y\/o embarcaci\u00f3n deben ser v\u00e1lidos. Antes del inicio del servicio, se podr\u00e1 pedir acreditaci\u00f3n por parte del usuario de los datos facilitados. En caso de que \u00e9stas no coincidan o el usuario\/a no se identifique, se le podr\u00e1 denegar el acceso al servicio.<\/p>\n<p>En el caso de facilitar los datos bancarios, \u00e9stos ser\u00e1n introducidos en los ficheros informatizados del Club N\u00e0utic L&#8217;Escala para proceder al cobro de la cuota y servicios establecidos. Las facturas emitidas por el Club N\u00e0utic l&#8217;Escala ser\u00e1n cobradas mediante cargo al n\u00famero de cuenta corriente que nos ha indicado, seg\u00fan los vencimientos que consten en las mismas facturas y de acuerdo con las condiciones previstas en su contrato o solicitud de prestaci\u00f3n de servicios. Cualquier modificaci\u00f3n de los datos debe ser notificada al Club N\u00e0utic L&#8217;Escala. En caso de que el recibo sea devuelto por el usuario contratante del servicio, \u00e9ste deber\u00e1 asumir los gastos bancarios generados.<\/p>\n<p><strong>Pol\u00edtica de cambios y cancelaci\u00f3n:<\/strong><br \/>\nComo norma general, en caso de anular la reserva del amarre de las embarcaciones en tr\u00e1nsito o con estancias inferiores a un mes, se abonar\u00e1 el 50% del pago anticipado, siempre y cuando la anulaci\u00f3n se produzca m\u00e1s de 48 horas antes del inicio del servicio contratado.<\/p>\n<p>En el caso de solicitar un cambio en la reserva, \u00e9ste deber\u00e1 solicitarse hasta 48 horas antes del inicio y se podr\u00e1 aplicar o no, en funci\u00f3n de la disponibilidad.<\/p>\n<p>En caso de que la reserva se anule o se quiera modificar dentro de las \u00faltimas 48 horas previas al inicio del servicio, no se abonar\u00e1 el pago anticipado en ning\u00fan caso ni en proporci\u00f3n alguna.<\/p>\n<p><span style=\"text-decoration: underline;\"><strong>3.- Actividades n\u00e1uticas<\/strong><\/span><\/p>\n<p><strong>Reserva y pago:<\/strong><br \/>\nPara confirmar la reserva de cualquier actividad n\u00e1utica a trav\u00e9s del sitio web, el\/la usuario\/a deber\u00e1 realizar un pago anticipado en el momento de efectuar la reserva o al recibir la confirmaci\u00f3n de disponibilidad. El resto del importe, en su caso, deber\u00e1 abonarse antes del inicio del servicio contratado, de acuerdo con los siguientes plazos:<\/p>\n<ul>\n<li><strong>Para cursos de formaci\u00f3n y campus de verano:<\/strong> El resto del pago deber\u00e1 realizarse 15 d\u00edas antes del inicio del servicio contratado, excepto en el caso de reservas de 4 semanas o m\u00e1s, que deber\u00e1n liquidarse el 1 de junio del a\u00f1o en curso.<\/li>\n<li><strong>Para el resto de actividades n\u00e1uticas: <\/strong>El resto del pago deber\u00e1 efectuarse como m\u00e1ximo 7 d\u00edas antes del inicio de la actividad.<\/li>\n<\/ul>\n<p>En caso de no recibir el pago dentro de los plazos indicados, la reserva de la actividad ser\u00e1 cancelada sin derecho a reclamaci\u00f3n por parte del\/de la usuario\/a del importe abonado como pago anticipado.<\/p>\n<p><strong>Formas de realizar el pago restante:<\/strong><\/p>\n<ul>\n<li>De forma presencial en la Oficina Deportiva del Club<\/li>\n<li>A trav\u00e9s del siguiente enlace: <a href=\"https:\/\/nauticescala.com\/es\/pago-generico\/\">Formulario pago gen\u00e9rico \u2013 Club N\u00e0utic L\u2019Escala<\/a><br \/>\n(Es necesario indicar en la descripci\u00f3n el motivo del pago y el nombre del alumno\/a)<\/li>\n<\/ul>\n<p>Los datos facilitados del usuario deben ser v\u00e1lidos. Antes del inicio de la actividad, se podr\u00e1 pedir acreditaci\u00f3n por parte del usuario de los datos facilitados. En caso de que \u00e9stos no coincidan o el usuario\/a no se identifique, se le podr\u00e1 denegar el acceso al servicio.<\/p>\n<p>En el caso de facilitar los datos bancarios, \u00e9stos ser\u00e1n introducidos en los ficheros informatizados del Club N\u00e0utic L&#8217;Escala para proceder al cobro de los importes establecidos. Las facturas emitidas por el Club N\u00e0utic L&#8217;Escala ser\u00e1n cobradas mediante cargo al n\u00famero de cuenta corriente que indicado, seg\u00fan los vencimientos que consten en las mismas facturas y de acuerdo con las condiciones previstas en la solicitud de prestaci\u00f3n de servicios. Cualquier modificaci\u00f3n de los datos debe ser notificada al Club N\u00e0utic L&#8217;Escala. En caso de que el recibo sea devuelto por el usuario contratante de la actividad, \u00e9ste deber\u00e1 asumir los gastos bancarios generados.<\/p>\n<p><strong>Pol\u00edtica de cambios y cancelaci\u00f3n:<\/strong><\/p>\n<ul>\n<li>En caso de anular la reserva, se compensar\u00e1 entregando un vale del 50% del valor de la reserva que se anula, para realizar actividades al Centro de Actividades del Club N\u00e1utico l\u2019Escala el a\u00f1o siguiente a la fecha de anulaci\u00f3n, siempre y cuando la anulaci\u00f3n se produzca m\u00e1s de 15 d\u00edas antes del inicio del servicio contratado.<\/li>\n<li>En el caso de solicitar un cambio en la actividad, \u00e9ste deber\u00e1 solicitarse hasta 15 d\u00edas antes del inicio y se podr\u00e1 aplicar o no, en funci\u00f3n de la disponibilidad.<\/li>\n<li>Si la reserva se anula o se desea modificar dentro de los 15 d\u00edas anteriores al inicio de la actividad, <strong>no se abonar\u00e1 el pago anticipado en ning\u00fan caso ni proporci\u00f3n.<\/strong><\/li>\n<\/ul>\n<p><span style=\"text-decoration: underline;\"><strong>4.- Responsabilidad:<\/strong><\/span><\/p>\n<p>El usuario\/a deber\u00e1 cuidar las instalaciones y el material cedido para disfrutar del servicio contratado, siendo responsable de las consecuencias derivadas de su actuaci\u00f3n negligente, tanto si esta causa da\u00f1os materiales como personales.<\/p>\n<p>El usuario\/a acepta y se compromete a cumplir con las normas y horarios establecidos por la Direcci\u00f3n del puerto, de acuerdo con los Reglamentos de Polic\u00eda, Gesti\u00f3n y Explotaci\u00f3n y de R\u00e9gimen Interno del Club. <a href=\"https:\/\/nauticescala.com\/es\/club-nautico-en-la-costa-brava\/\">Cons\u00faltalos aqu\u00ed<\/a><\/p>\n<p>El CLUB N\u00c0UTIC L&#8217;ESCALA no se hace responsable bajo ning\u00fan concepto de cualquier accidente que pueda sufrir cualquier persona en el marco del servicio contratado. Sin embargo, el CLUB N\u00c0UTIC L&#8217;ESCALA tiene contratado un seguro de Responsabilidad Civil, de acuerdo con la legislaci\u00f3n vigente.<\/p>\n<p><span style=\"text-decoration: underline;\"><strong>5.- Protecci\u00f3n de datos<\/strong><\/span><\/p>\n<p>En cumplimiento del Nuevo Reglamento UE 2016\/679 de 27 de abril, le informamos que sus datos personales son incluidos en ficheros titularidad de CLUB N\u00c0UTIC L&#8217;ESCALA, cuya finalidad es la gesti\u00f3n de clientes as\u00ed como la gesti\u00f3n del pago de cuotas, como la gesti\u00f3n de cualquier actividad o servicio relacionada con el Club.<\/p>\n<p>El CLUB N\u00c0UTIC L&#8217;ESCALA podr\u00e1 mantener al Usuario informado de todos los servicios y actividades que realice que puedan ser de su inter\u00e9s mediante carta o cualquier medio electr\u00f3nico que usted nos haya facilitado.<\/p>\n<p>Los datos no ser\u00e1n comunicados a terceros salvo cuando as\u00ed lo requiera una autoridad competente. Sin embargo, el sitio Web podr\u00e1 utilizar Cookies de terceras compa\u00f1\u00edas de conformidad con la Pol\u00edtica de Cookies y el consentimiento del usuario.<\/p>\n<p>Al contratar alguno de los servicios del sitio Web, el Usuario cede gratuitamente cualquier derecho correspondiente a su imagen obtenida en fotograf\u00edas que se realicen por parte de la Organizaci\u00f3n en el transcurso del evento autorizando su publicaci\u00f3n en tr\u00edpticos, revistas, redes social o p\u00e1gina web del CLUB N\u00c0UTIC L&#8217;ESCALA.<\/p>\n<p>El Usuario tiene la posibilidad de ejercitar los derechos de acceso, rectificaci\u00f3n, cancelaci\u00f3n, oposici\u00f3n, limitaci\u00f3n del tratamiento y portabilidad, previstos en el Nuevo Reglamento (UE 2016\/679) de 27 de abril, mediante carta dirigida al CLUB N\u00c0UTIC L&#8217;ESCALA, Port la Clota, s\/n, 17130 L&#8217;Escala (Girona) que podr\u00e1 revocar su consentimiento a recibir comunicaciones comerciales en cualquier momento enviando un correo a club@nauticescala.com.<\/p>\n<p><span style=\"text-decoration: underline;\"><strong>6.- Jurisdicci\u00f3n Competente:<\/strong><\/span><\/p>\n<p>Las presentes condiciones de contrataci\u00f3n se rigen por la ley espa\u00f1ola aplicable y, salvo que la ley establezca otra cosa en la normativa vigente incluida la normativa de consumidores y usuarios, cualquier conflicto se someter\u00e1 a los jueces y tribunales.<\/p>\n\n\t\t\t\t\t\t\t<\/div><!-- end block -->\n\t\t\t<\/div><!-- end container -->\n<\/section><!-- end title-section -->\n","protected":false},"excerpt":{"rendered":"","protected":false},"author":4,"featured_media":0,"parent":0,"menu_order":0,"comment_status":"closed","ping_status":"closed","template":"","meta":{"_acf_changed":false,"_monsterinsights_skip_tracking":false,"_monsterinsights_sitenote_active":false,"_monsterinsights_sitenote_note":"","_monsterinsights_sitenote_category":0,"footnotes":""},"class_list":["post-13105","page","type-page","status-publish","hentry"],"acf":[],"yoast_head":"<!-- This site is optimized with the Yoast SEO Premium plugin v20.7 (Yoast SEO v27.3) - https:\/\/yoast.com\/product\/yoast-seo-premium-wordpress\/ -->\n<title>Condiciones Generales de Contrataci\u00f3n &#8211; Club N\u00e0utic L\u2019Escala<\/title>\n<meta name=\"robots\" content=\"index, follow, max-snippet:-1, max-image-preview:large, max-video-preview:-1\" \/>\n<link rel=\"canonical\" href=\"https:\/\/nauticescala.com\/es\/terminos-y-condiciones\/\" \/>\n<meta property=\"og:locale\" content=\"es_ES\" \/>\n<meta property=\"og:type\" content=\"article\" \/>\n<meta property=\"og:title\" content=\"Condiciones Generales de Contrataci\u00f3n\" \/>\n<meta property=\"og:url\" content=\"https:\/\/nauticescala.com\/es\/terminos-y-condiciones\/\" \/>\n<meta property=\"og:site_name\" content=\"Club N\u00e0utic L\u2019Escala\" \/>\n<meta property=\"article:modified_time\" content=\"2026-03-30T10:44:55+00:00\" \/>\n<meta name=\"twitter:card\" content=\"summary_large_image\" \/>\n<meta name=\"twitter:label1\" content=\"Tiempo de lectura\" \/>\n\t<meta name=\"twitter:data1\" content=\"8 minutos\" \/>\n<script type=\"application\/ld+json\" class=\"yoast-schema-graph\">{\"@context\":\"https:\\\/\\\/schema.org\",\"@graph\":[{\"@type\":\"WebPage\",\"@id\":\"https:\\\/\\\/nauticescala.com\\\/es\\\/terminos-y-condiciones\\\/\",\"url\":\"https:\\\/\\\/nauticescala.com\\\/es\\\/terminos-y-condiciones\\\/\",\"name\":\"Condiciones Generales de Contrataci\u00f3n &#8211; Club N\u00e0utic L\u2019Escala\",\"isPartOf\":{\"@id\":\"https:\\\/\\\/nauticescala.com\\\/#website\"},\"datePublished\":\"2020-04-21T10:30:50+00:00\",\"dateModified\":\"2026-03-30T10:44:55+00:00\",\"breadcrumb\":{\"@id\":\"https:\\\/\\\/nauticescala.com\\\/es\\\/terminos-y-condiciones\\\/#breadcrumb\"},\"inLanguage\":\"es\",\"potentialAction\":[{\"@type\":\"ReadAction\",\"target\":[\"https:\\\/\\\/nauticescala.com\\\/es\\\/terminos-y-condiciones\\\/\"]}]},{\"@type\":\"BreadcrumbList\",\"@id\":\"https:\\\/\\\/nauticescala.com\\\/es\\\/terminos-y-condiciones\\\/#breadcrumb\",\"itemListElement\":[{\"@type\":\"ListItem\",\"position\":1,\"name\":\"Home\",\"item\":\"https:\\\/\\\/nauticescala.com\\\/es\\\/\"},{\"@type\":\"ListItem\",\"position\":2,\"name\":\"Condiciones Generales de Contrataci\u00f3n\"}]},{\"@type\":\"WebSite\",\"@id\":\"https:\\\/\\\/nauticescala.com\\\/#website\",\"url\":\"https:\\\/\\\/nauticescala.com\\\/\",\"name\":\"Club N\u00e0utic L\u2019Escala\",\"description\":\"Port esportiu a la Costa Brava\",\"potentialAction\":[{\"@type\":\"SearchAction\",\"target\":{\"@type\":\"EntryPoint\",\"urlTemplate\":\"https:\\\/\\\/nauticescala.com\\\/?s={search_term_string}\"},\"query-input\":{\"@type\":\"PropertyValueSpecification\",\"valueRequired\":true,\"valueName\":\"search_term_string\"}}],\"inLanguage\":\"es\"}]}<\/script>\n<!-- \/ Yoast SEO Premium plugin. -->","yoast_head_json":{"title":"Condiciones Generales de Contrataci\u00f3n &#8211; Club N\u00e0utic L\u2019Escala","robots":{"index":"index","follow":"follow","max-snippet":"max-snippet:-1","max-image-preview":"max-image-preview:large","max-video-preview":"max-video-preview:-1"},"canonical":"https:\/\/nauticescala.com\/es\/terminos-y-condiciones\/","og_locale":"es_ES","og_type":"article","og_title":"Condiciones Generales de Contrataci\u00f3n","og_url":"https:\/\/nauticescala.com\/es\/terminos-y-condiciones\/","og_site_name":"Club N\u00e0utic L\u2019Escala","article_modified_time":"2026-03-30T10:44:55+00:00","twitter_card":"summary_large_image","twitter_misc":{"Tiempo de lectura":"8 minutos"},"schema":{"@context":"https:\/\/schema.org","@graph":[{"@type":"WebPage","@id":"https:\/\/nauticescala.com\/es\/terminos-y-condiciones\/","url":"https:\/\/nauticescala.com\/es\/terminos-y-condiciones\/","name":"Condiciones Generales de Contrataci\u00f3n &#8211; Club N\u00e0utic L\u2019Escala","isPartOf":{"@id":"https:\/\/nauticescala.com\/#website"},"datePublished":"2020-04-21T10:30:50+00:00","dateModified":"2026-03-30T10:44:55+00:00","breadcrumb":{"@id":"https:\/\/nauticescala.com\/es\/terminos-y-condiciones\/#breadcrumb"},"inLanguage":"es","potentialAction":[{"@type":"ReadAction","target":["https:\/\/nauticescala.com\/es\/terminos-y-condiciones\/"]}]},{"@type":"BreadcrumbList","@id":"https:\/\/nauticescala.com\/es\/terminos-y-condiciones\/#breadcrumb","itemListElement":[{"@type":"ListItem","position":1,"name":"Home","item":"https:\/\/nauticescala.com\/es\/"},{"@type":"ListItem","position":2,"name":"Condiciones Generales de Contrataci\u00f3n"}]},{"@type":"WebSite","@id":"https:\/\/nauticescala.com\/#website","url":"https:\/\/nauticescala.com\/","name":"Club N\u00e0utic L\u2019Escala","description":"Port esportiu a la Costa Brava","potentialAction":[{"@type":"SearchAction","target":{"@type":"EntryPoint","urlTemplate":"https:\/\/nauticescala.com\/?s={search_term_string}"},"query-input":{"@type":"PropertyValueSpecification","valueRequired":true,"valueName":"search_term_string"}}],"inLanguage":"es"}]}},"_links":{"self":[{"href":"https:\/\/nauticescala.com\/es\/wp-json\/wp\/v2\/pages\/13105","targetHints":{"allow":["GET"]}}],"collection":[{"href":"https:\/\/nauticescala.com\/es\/wp-json\/wp\/v2\/pages"}],"about":[{"href":"https:\/\/nauticescala.com\/es\/wp-json\/wp\/v2\/types\/page"}],"author":[{"embeddable":true,"href":"https:\/\/nauticescala.com\/es\/wp-json\/wp\/v2\/users\/4"}],"replies":[{"embeddable":true,"href":"https:\/\/nauticescala.com\/es\/wp-json\/wp\/v2\/comments?post=13105"}],"version-history":[{"count":17,"href":"https:\/\/nauticescala.com\/es\/wp-json\/wp\/v2\/pages\/13105\/revisions"}],"predecessor-version":[{"id":98495,"href":"https:\/\/nauticescala.com\/es\/wp-json\/wp\/v2\/pages\/13105\/revisions\/98495"}],"wp:attachment":[{"href":"https:\/\/nauticescala.com\/es\/wp-json\/wp\/v2\/media?parent=13105"}],"curies":[{"name":"wp","href":"https:\/\/api.w.org\/{rel}","templated":true}]}}