 {"id":14466,"date":"2020-04-29T12:16:04","date_gmt":"2020-04-29T10:16:04","guid":{"rendered":"http:\/\/nauticescala.com\/consells-utils-en-cas-de-temporal\/"},"modified":"2021-12-10T12:03:57","modified_gmt":"2021-12-10T11:03:57","slug":"consejos-de-seguridad","status":"publish","type":"page","link":"https:\/\/nauticescala.com\/es\/consejos-de-seguridad\/","title":{"rendered":"Consejos de seguridad"},"content":{"rendered":"<section class=\"title-section\">\n\t<div class=\"container\">\n\t\t\t\t\t<h1>Consejos de seguridad<\/h1>\n\t\t\n\t\t\n\t\t\t\t\t<div class=\"block\">\n\t\t\t\t<p><strong>Si tienes previsto no volver al puerto durante unas semanas o ante una previsi\u00f3n de temporal, sigue las siguientes recomendaciones para minimizar el riesgo de incidencias:<\/strong><\/p>\n<ul>\n<li>Amarra correctamente la embarcaci\u00f3n. El Club pone a tu disposici\u00f3n los cabos de amarre de tierra correctamente dimensionados y dotados de atenuadores de impacto y sistemas de seguridad para evitar al m\u00e1ximo cualquier tipo de ruptura. Si detectas cualquier anomal\u00eda <a href=\"http:\/\/nauticescala.com\/es\/contacto\/\">contacta con nosotros<\/a>.<\/li>\n<li>Coloca defensas de dimensiones y con la presi\u00f3n adecuadas si son hinchables. Se deber\u00edan instalar un m\u00ednimo de cuatro defensas por banda y si observas que se desinflan a menudo, es necesario sustituirlas. Aseg\u00farate peri\u00f3dicamente que est\u00e1n en su sitio.<\/li>\n<li>Comprueba que tu embarcaci\u00f3n mantiene una correcta separaci\u00f3n respecto al muelle para evitar golpes cuando hay cambios de presi\u00f3n atmosf\u00e9rica. A este factor hay que a\u00f1adir los efectos que pueden producir el viento fuerte y la agitaci\u00f3n del agua en el interior de la d\u00e1rsena deportiva.\n<ul>\n<li>Embarcaciones de entre 8 y 14 metros de eslora \u2013 m\u00ednimo de 2 m.<\/li>\n<li>Embarcaciones de entre 14 y 24 m \u2013 m\u00ednimo de 3 m.<\/li>\n<\/ul>\n<\/li>\n<li>Vac\u00eda las aguas de sentina y los dep\u00f3sitos de aguas sucias. Este servicio lo tienes disponible en la Estaci\u00f3n de Servicio y es gratuito para los usuarios del Club.<\/li>\n<li>Aseg\u00farate de que la embarcaci\u00f3n est\u00e1 desconectada de la corriente el\u00e9ctrica.<\/li>\n<li>Si dispones de un velero y tienes previsto no utilizarlo durante una temporada, es recomendable retirar las velas, especialmente las de proa. Si no es as\u00ed, es necesario asegurar bien velas y fundas.<\/li>\n<li>Retira los toldos para evitar su degradaci\u00f3n y deterioro.<\/li>\n<li>Si dispones de una funda para proteger la ba\u00f1era abierta de tu embarcaci\u00f3n, es necesario poner un palo en medio o alg\u00fan sistema para evitar que el agua se embalse y acabe cayendo en la embarcaci\u00f3n.<\/li>\n<li>Es recomendable revisar tu embarcaci\u00f3n al menos una vez al mes y siempre antes de un fen\u00f3meno meteorol\u00f3gico adverso.<\/li>\n<li>En caso de temporal, verifica el estado de tu embarcaci\u00f3n si te es posible venir al puerto. Accede siempre a la embarcaci\u00f3n acompa\u00f1ado por el equipo de guardia de mariner\u00eda del Club. Asimismo, no te acerques a diques y espigones por tu seguridad. Si no puedes hacerlo personalmente, autoriza a alguien para que lo haga o bien contacta con nosotros.<\/li>\n<\/ul>\n<p><strong>Si observas cualquier incidencia, tanto en tu embarcaci\u00f3n como en alguna otra, o tienes cualquier duda, contacta con el equipo de Marineria del Club.<\/strong><\/p>\n<h3>\u00a1Gracias por ayudarnos a mantener la seguridad del puerto!<\/h3>\n\n\t\t\t\t\t\t\t<\/div><!-- end block -->\n\t\t\t<\/div><!-- end container -->\n<\/section><!-- end title-section -->\n","protected":false},"excerpt":{"rendered":"","protected":false},"author":4,"featured_media":25490,"parent":0,"menu_order":0,"comment_status":"closed","ping_status":"closed","template":"","meta":{"_acf_changed":false,"_monsterinsights_skip_tracking":false,"_monsterinsights_sitenote_active":false,"_monsterinsights_sitenote_note":"","_monsterinsights_sitenote_category":0,"footnotes":""},"class_list":["post-14466","page","type-page","status-publish","has-post-thumbnail","hentry"],"acf":[],"yoast_head":"<!-- This site is optimized with the Yoast SEO Premium plugin v20.7 (Yoast SEO v27.4) - https:\/\/yoast.com\/product\/yoast-seo-premium-wordpress\/ -->\n<title>Consejos de seguridad &#8211; Club N\u00e0utic L\u2019Escala<\/title>\n<meta name=\"robots\" content=\"index, follow, max-snippet:-1, max-image-preview:large, max-video-preview:-1\" \/>\n<link rel=\"canonical\" href=\"https:\/\/nauticescala.com\/es\/consejos-de-seguridad\/\" \/>\n<meta property=\"og:locale\" content=\"es_ES\" \/>\n<meta property=\"og:type\" content=\"article\" \/>\n<meta property=\"og:title\" content=\"Consejos de seguridad\" \/>\n<meta property=\"og:url\" content=\"https:\/\/nauticescala.com\/es\/consejos-de-seguridad\/\" \/>\n<meta property=\"og:site_name\" content=\"Club N\u00e0utic L\u2019Escala\" \/>\n<meta property=\"article:modified_time\" content=\"2021-12-10T11:03:57+00:00\" \/>\n<meta property=\"og:image\" content=\"https:\/\/nauticescala.com\/wp-content\/uploads\/2021\/03\/2021-club-nautic-lescala-marina-15.jpg\" \/>\n\t<meta property=\"og:image:width\" content=\"1200\" \/>\n\t<meta property=\"og:image:height\" content=\"604\" \/>\n\t<meta property=\"og:image:type\" content=\"image\/jpeg\" \/>\n<meta name=\"twitter:card\" content=\"summary_large_image\" \/>\n<script type=\"application\/ld+json\" class=\"yoast-schema-graph\">{\"@context\":\"https:\\\/\\\/schema.org\",\"@graph\":[{\"@type\":\"WebPage\",\"@id\":\"https:\\\/\\\/nauticescala.com\\\/es\\\/consejos-de-seguridad\\\/\",\"url\":\"https:\\\/\\\/nauticescala.com\\\/es\\\/consejos-de-seguridad\\\/\",\"name\":\"Consejos de seguridad &#8211; Club N\u00e0utic L\u2019Escala\",\"isPartOf\":{\"@id\":\"https:\\\/\\\/nauticescala.com\\\/#website\"},\"primaryImageOfPage\":{\"@id\":\"https:\\\/\\\/nauticescala.com\\\/es\\\/consejos-de-seguridad\\\/#primaryimage\"},\"image\":{\"@id\":\"https:\\\/\\\/nauticescala.com\\\/es\\\/consejos-de-seguridad\\\/#primaryimage\"},\"thumbnailUrl\":\"https:\\\/\\\/nauticescala.com\\\/wp-content\\\/uploads\\\/2021\\\/03\\\/2021-club-nautic-lescala-marina-15.jpg\",\"datePublished\":\"2020-04-29T10:16:04+00:00\",\"dateModified\":\"2021-12-10T11:03:57+00:00\",\"breadcrumb\":{\"@id\":\"https:\\\/\\\/nauticescala.com\\\/es\\\/consejos-de-seguridad\\\/#breadcrumb\"},\"inLanguage\":\"es\",\"potentialAction\":[{\"@type\":\"ReadAction\",\"target\":[\"https:\\\/\\\/nauticescala.com\\\/es\\\/consejos-de-seguridad\\\/\"]}]},{\"@type\":\"ImageObject\",\"inLanguage\":\"es\",\"@id\":\"https:\\\/\\\/nauticescala.com\\\/es\\\/consejos-de-seguridad\\\/#primaryimage\",\"url\":\"https:\\\/\\\/nauticescala.com\\\/wp-content\\\/uploads\\\/2021\\\/03\\\/2021-club-nautic-lescala-marina-15.jpg\",\"contentUrl\":\"https:\\\/\\\/nauticescala.com\\\/wp-content\\\/uploads\\\/2021\\\/03\\\/2021-club-nautic-lescala-marina-15.jpg\",\"width\":1200,\"height\":604},{\"@type\":\"BreadcrumbList\",\"@id\":\"https:\\\/\\\/nauticescala.com\\\/es\\\/consejos-de-seguridad\\\/#breadcrumb\",\"itemListElement\":[{\"@type\":\"ListItem\",\"position\":1,\"name\":\"Home\",\"item\":\"https:\\\/\\\/nauticescala.com\\\/es\\\/\"},{\"@type\":\"ListItem\",\"position\":2,\"name\":\"Consejos de seguridad\"}]},{\"@type\":\"WebSite\",\"@id\":\"https:\\\/\\\/nauticescala.com\\\/#website\",\"url\":\"https:\\\/\\\/nauticescala.com\\\/\",\"name\":\"Club N\u00e0utic L\u2019Escala\",\"description\":\"Port esportiu a la Costa Brava\",\"potentialAction\":[{\"@type\":\"SearchAction\",\"target\":{\"@type\":\"EntryPoint\",\"urlTemplate\":\"https:\\\/\\\/nauticescala.com\\\/?s={search_term_string}\"},\"query-input\":{\"@type\":\"PropertyValueSpecification\",\"valueRequired\":true,\"valueName\":\"search_term_string\"}}],\"inLanguage\":\"es\"}]}<\/script>\n<!-- \/ Yoast SEO Premium plugin. -->","yoast_head_json":{"title":"Consejos de seguridad &#8211; Club N\u00e0utic L\u2019Escala","robots":{"index":"index","follow":"follow","max-snippet":"max-snippet:-1","max-image-preview":"max-image-preview:large","max-video-preview":"max-video-preview:-1"},"canonical":"https:\/\/nauticescala.com\/es\/consejos-de-seguridad\/","og_locale":"es_ES","og_type":"article","og_title":"Consejos de seguridad","og_url":"https:\/\/nauticescala.com\/es\/consejos-de-seguridad\/","og_site_name":"Club N\u00e0utic L\u2019Escala","article_modified_time":"2021-12-10T11:03:57+00:00","og_image":[{"width":1200,"height":604,"url":"https:\/\/nauticescala.com\/wp-content\/uploads\/2021\/03\/2021-club-nautic-lescala-marina-15.jpg","type":"image\/jpeg"}],"twitter_card":"summary_large_image","schema":{"@context":"https:\/\/schema.org","@graph":[{"@type":"WebPage","@id":"https:\/\/nauticescala.com\/es\/consejos-de-seguridad\/","url":"https:\/\/nauticescala.com\/es\/consejos-de-seguridad\/","name":"Consejos de seguridad &#8211; Club N\u00e0utic L\u2019Escala","isPartOf":{"@id":"https:\/\/nauticescala.com\/#website"},"primaryImageOfPage":{"@id":"https:\/\/nauticescala.com\/es\/consejos-de-seguridad\/#primaryimage"},"image":{"@id":"https:\/\/nauticescala.com\/es\/consejos-de-seguridad\/#primaryimage"},"thumbnailUrl":"https:\/\/nauticescala.com\/wp-content\/uploads\/2021\/03\/2021-club-nautic-lescala-marina-15.jpg","datePublished":"2020-04-29T10:16:04+00:00","dateModified":"2021-12-10T11:03:57+00:00","breadcrumb":{"@id":"https:\/\/nauticescala.com\/es\/consejos-de-seguridad\/#breadcrumb"},"inLanguage":"es","potentialAction":[{"@type":"ReadAction","target":["https:\/\/nauticescala.com\/es\/consejos-de-seguridad\/"]}]},{"@type":"ImageObject","inLanguage":"es","@id":"https:\/\/nauticescala.com\/es\/consejos-de-seguridad\/#primaryimage","url":"https:\/\/nauticescala.com\/wp-content\/uploads\/2021\/03\/2021-club-nautic-lescala-marina-15.jpg","contentUrl":"https:\/\/nauticescala.com\/wp-content\/uploads\/2021\/03\/2021-club-nautic-lescala-marina-15.jpg","width":1200,"height":604},{"@type":"BreadcrumbList","@id":"https:\/\/nauticescala.com\/es\/consejos-de-seguridad\/#breadcrumb","itemListElement":[{"@type":"ListItem","position":1,"name":"Home","item":"https:\/\/nauticescala.com\/es\/"},{"@type":"ListItem","position":2,"name":"Consejos de seguridad"}]},{"@type":"WebSite","@id":"https:\/\/nauticescala.com\/#website","url":"https:\/\/nauticescala.com\/","name":"Club N\u00e0utic L\u2019Escala","description":"Port esportiu a la Costa Brava","potentialAction":[{"@type":"SearchAction","target":{"@type":"EntryPoint","urlTemplate":"https:\/\/nauticescala.com\/?s={search_term_string}"},"query-input":{"@type":"PropertyValueSpecification","valueRequired":true,"valueName":"search_term_string"}}],"inLanguage":"es"}]}},"_links":{"self":[{"href":"https:\/\/nauticescala.com\/es\/wp-json\/wp\/v2\/pages\/14466","targetHints":{"allow":["GET"]}}],"collection":[{"href":"https:\/\/nauticescala.com\/es\/wp-json\/wp\/v2\/pages"}],"about":[{"href":"https:\/\/nauticescala.com\/es\/wp-json\/wp\/v2\/types\/page"}],"author":[{"embeddable":true,"href":"https:\/\/nauticescala.com\/es\/wp-json\/wp\/v2\/users\/4"}],"replies":[{"embeddable":true,"href":"https:\/\/nauticescala.com\/es\/wp-json\/wp\/v2\/comments?post=14466"}],"version-history":[{"count":13,"href":"https:\/\/nauticescala.com\/es\/wp-json\/wp\/v2\/pages\/14466\/revisions"}],"predecessor-version":[{"id":34779,"href":"https:\/\/nauticescala.com\/es\/wp-json\/wp\/v2\/pages\/14466\/revisions\/34779"}],"wp:featuredmedia":[{"embeddable":true,"href":"https:\/\/nauticescala.com\/es\/wp-json\/wp\/v2\/media\/25490"}],"wp:attachment":[{"href":"https:\/\/nauticescala.com\/es\/wp-json\/wp\/v2\/media?parent=14466"}],"curies":[{"name":"wp","href":"https:\/\/api.w.org\/{rel}","templated":true}]}}