 {"id":16148,"date":"2020-06-03T11:45:33","date_gmt":"2020-06-03T09:45:33","guid":{"rendered":"http:\/\/nauticescala.com\/?page_id=16148&#038;preview_id=16148"},"modified":"2020-06-03T11:45:36","modified_gmt":"2020-06-03T09:45:36","slug":"condiciones-anuncios","status":"publish","type":"page","link":"https:\/\/nauticescala.com\/es\/condiciones-anuncios\/","title":{"rendered":"Condiciones anuncios"},"content":{"rendered":"<section class=\"title-section\">\n\t<div class=\"container\">\n\t\t\t\t\t<h1>Condiciones de publicaci\u00f3n de anuncios en la web<\/h1>\n\t\t\n\t\t\n\t\t\t\t\t<div class=\"block\">\n\t\t\t\t<p><strong>\u00bfA qui\u00e9n est\u00e1 dirigida?<\/strong> Esta bolsa se dirige a aquellos usuarios que deseen ofertar o solicitar art\u00edculos relacionados con el mundo de la n\u00e1utica.<\/p>\n<p><strong>Categor\u00edas:<\/strong> Cada anuncio debe introducirse en la categor\u00eda correspondiente.<\/p>\n<p><strong>Campos obligatorios:\u00a0<\/strong>Tu nombre, direcci\u00f3n electr\u00f3nica y el tel\u00e9fono son campos obligatorios. En el campo \u00abescribe tu mensaje\u00bb pon una frase que responda lo m\u00e1s acuradamente posible al contenido del producto que ofertes. Esto permitir\u00e1 al receptor encontrar y procesar los anuncios de forma m\u00e1s eficaz. Te recomendamos subir una fotograf\u00eda del material a la venta.<\/p>\n<p><strong>Bolsa de amarres:\u00a0<\/strong>Para los anuncios publicados en la categor\u00eda \u00abBolsa de amarres\u00bb, es necesario especificar el titular del derecho de uso preferente y el Club\/Puerto al que hace referencia. El Club se reserva el derecho a corregir\/modificar el texto del anuncio, as\u00ed como a no publicarlo si falta alguno de estos datos.<\/p>\n<p><strong>Acceptaci\u00f3n de Publicaci\u00f3n:\u00a0<\/strong>Una vez enviado tu anuncio y, siempre que los contenidos sean correctos, lo publicaremos en un breve per\u00edodo de tiempo.<\/p>\n<p><strong>Plazo de publicaci\u00f3n:<\/strong> El anuncio ser\u00e1 p\u00fablico durante el per\u00edodo de 1 a\u00f1o. En el caso de desear reducir o ampliar este plazo, puedes notificarlo a trav\u00e9s de la secci\u00f3n \u00ab<a href=\"http:\/\/nauticescala.com\/es\/contacto\/\">Contacto<\/a>\u00bb de esta web.<\/p>\n\n\t\t\t\t\t\t\t<\/div><!-- end block -->\n\t\t\t<\/div><!-- end container -->\n<\/section><!-- end title-section -->\n<section class=\"article-section\"><div class=\"container\">\n\n<\/div><\/section>\n<p><\/p>\n","protected":false},"excerpt":{"rendered":"","protected":false},"author":7,"featured_media":0,"parent":0,"menu_order":0,"comment_status":"closed","ping_status":"closed","template":"","meta":{"_acf_changed":false,"_monsterinsights_skip_tracking":false,"_monsterinsights_sitenote_active":false,"_monsterinsights_sitenote_note":"","_monsterinsights_sitenote_category":0,"footnotes":""},"class_list":["post-16148","page","type-page","status-publish","hentry"],"acf":[],"yoast_head":"<!-- This site is optimized with the Yoast SEO Premium plugin v20.7 (Yoast SEO v27.4) - https:\/\/yoast.com\/product\/yoast-seo-premium-wordpress\/ -->\n<title>Condiciones anuncios &#8211; Club N\u00e0utic L\u2019Escala<\/title>\n<meta name=\"robots\" content=\"index, follow, max-snippet:-1, max-image-preview:large, max-video-preview:-1\" \/>\n<link rel=\"canonical\" href=\"https:\/\/nauticescala.com\/es\/condiciones-anuncios\/\" \/>\n<meta property=\"og:locale\" content=\"es_ES\" \/>\n<meta property=\"og:type\" content=\"article\" \/>\n<meta property=\"og:title\" content=\"Condiciones anuncios\" \/>\n<meta property=\"og:url\" content=\"https:\/\/nauticescala.com\/es\/condiciones-anuncios\/\" \/>\n<meta property=\"og:site_name\" content=\"Club N\u00e0utic L\u2019Escala\" \/>\n<meta property=\"article:modified_time\" content=\"2020-06-03T09:45:36+00:00\" \/>\n<meta name=\"twitter:card\" content=\"summary_large_image\" \/>\n<script type=\"application\/ld+json\" class=\"yoast-schema-graph\">{\"@context\":\"https:\\\/\\\/schema.org\",\"@graph\":[{\"@type\":\"WebPage\",\"@id\":\"https:\\\/\\\/nauticescala.com\\\/es\\\/condiciones-anuncios\\\/\",\"url\":\"https:\\\/\\\/nauticescala.com\\\/es\\\/condiciones-anuncios\\\/\",\"name\":\"Condiciones anuncios &#8211; Club N\u00e0utic L\u2019Escala\",\"isPartOf\":{\"@id\":\"https:\\\/\\\/nauticescala.com\\\/#website\"},\"datePublished\":\"2020-06-03T09:45:33+00:00\",\"dateModified\":\"2020-06-03T09:45:36+00:00\",\"breadcrumb\":{\"@id\":\"https:\\\/\\\/nauticescala.com\\\/es\\\/condiciones-anuncios\\\/#breadcrumb\"},\"inLanguage\":\"es\",\"potentialAction\":[{\"@type\":\"ReadAction\",\"target\":[\"https:\\\/\\\/nauticescala.com\\\/es\\\/condiciones-anuncios\\\/\"]}]},{\"@type\":\"BreadcrumbList\",\"@id\":\"https:\\\/\\\/nauticescala.com\\\/es\\\/condiciones-anuncios\\\/#breadcrumb\",\"itemListElement\":[{\"@type\":\"ListItem\",\"position\":1,\"name\":\"Home\",\"item\":\"https:\\\/\\\/nauticescala.com\\\/es\\\/\"},{\"@type\":\"ListItem\",\"position\":2,\"name\":\"Condiciones anuncios\"}]},{\"@type\":\"WebSite\",\"@id\":\"https:\\\/\\\/nauticescala.com\\\/#website\",\"url\":\"https:\\\/\\\/nauticescala.com\\\/\",\"name\":\"Club N\u00e0utic L\u2019Escala\",\"description\":\"Port esportiu a la Costa Brava\",\"potentialAction\":[{\"@type\":\"SearchAction\",\"target\":{\"@type\":\"EntryPoint\",\"urlTemplate\":\"https:\\\/\\\/nauticescala.com\\\/?s={search_term_string}\"},\"query-input\":{\"@type\":\"PropertyValueSpecification\",\"valueRequired\":true,\"valueName\":\"search_term_string\"}}],\"inLanguage\":\"es\"}]}<\/script>\n<!-- \/ Yoast SEO Premium plugin. -->","yoast_head_json":{"title":"Condiciones anuncios &#8211; Club N\u00e0utic L\u2019Escala","robots":{"index":"index","follow":"follow","max-snippet":"max-snippet:-1","max-image-preview":"max-image-preview:large","max-video-preview":"max-video-preview:-1"},"canonical":"https:\/\/nauticescala.com\/es\/condiciones-anuncios\/","og_locale":"es_ES","og_type":"article","og_title":"Condiciones anuncios","og_url":"https:\/\/nauticescala.com\/es\/condiciones-anuncios\/","og_site_name":"Club N\u00e0utic L\u2019Escala","article_modified_time":"2020-06-03T09:45:36+00:00","twitter_card":"summary_large_image","schema":{"@context":"https:\/\/schema.org","@graph":[{"@type":"WebPage","@id":"https:\/\/nauticescala.com\/es\/condiciones-anuncios\/","url":"https:\/\/nauticescala.com\/es\/condiciones-anuncios\/","name":"Condiciones anuncios &#8211; Club N\u00e0utic L\u2019Escala","isPartOf":{"@id":"https:\/\/nauticescala.com\/#website"},"datePublished":"2020-06-03T09:45:33+00:00","dateModified":"2020-06-03T09:45:36+00:00","breadcrumb":{"@id":"https:\/\/nauticescala.com\/es\/condiciones-anuncios\/#breadcrumb"},"inLanguage":"es","potentialAction":[{"@type":"ReadAction","target":["https:\/\/nauticescala.com\/es\/condiciones-anuncios\/"]}]},{"@type":"BreadcrumbList","@id":"https:\/\/nauticescala.com\/es\/condiciones-anuncios\/#breadcrumb","itemListElement":[{"@type":"ListItem","position":1,"name":"Home","item":"https:\/\/nauticescala.com\/es\/"},{"@type":"ListItem","position":2,"name":"Condiciones anuncios"}]},{"@type":"WebSite","@id":"https:\/\/nauticescala.com\/#website","url":"https:\/\/nauticescala.com\/","name":"Club N\u00e0utic L\u2019Escala","description":"Port esportiu a la Costa Brava","potentialAction":[{"@type":"SearchAction","target":{"@type":"EntryPoint","urlTemplate":"https:\/\/nauticescala.com\/?s={search_term_string}"},"query-input":{"@type":"PropertyValueSpecification","valueRequired":true,"valueName":"search_term_string"}}],"inLanguage":"es"}]}},"_links":{"self":[{"href":"https:\/\/nauticescala.com\/es\/wp-json\/wp\/v2\/pages\/16148","targetHints":{"allow":["GET"]}}],"collection":[{"href":"https:\/\/nauticescala.com\/es\/wp-json\/wp\/v2\/pages"}],"about":[{"href":"https:\/\/nauticescala.com\/es\/wp-json\/wp\/v2\/types\/page"}],"author":[{"embeddable":true,"href":"https:\/\/nauticescala.com\/es\/wp-json\/wp\/v2\/users\/7"}],"replies":[{"embeddable":true,"href":"https:\/\/nauticescala.com\/es\/wp-json\/wp\/v2\/comments?post=16148"}],"version-history":[{"count":3,"href":"https:\/\/nauticescala.com\/es\/wp-json\/wp\/v2\/pages\/16148\/revisions"}],"predecessor-version":[{"id":16390,"href":"https:\/\/nauticescala.com\/es\/wp-json\/wp\/v2\/pages\/16148\/revisions\/16390"}],"wp:attachment":[{"href":"https:\/\/nauticescala.com\/es\/wp-json\/wp\/v2\/media?parent=16148"}],"curies":[{"name":"wp","href":"https:\/\/api.w.org\/{rel}","templated":true}]}}