 {"id":16783,"date":"2020-06-04T13:28:38","date_gmt":"2020-06-04T11:28:38","guid":{"rendered":"http:\/\/nauticescala.com\/?page_id=16783&#038;preview_id=16783"},"modified":"2023-07-25T17:30:54","modified_gmt":"2023-07-25T15:30:54","slug":"cursos","status":"publish","type":"page","link":"https:\/\/nauticescala.com\/es\/actividades-nauticas-en-la-costa-brava\/cursos\/","title":{"rendered":"Cursos"},"content":{"rendered":"\t\n\t<section class=\"title-section d-md-block\">\n\t\t<div class=\"container\">\n\t\t\t\t\n\t\t\t\t<h1>Cursos de formaci\u00f3n<\/h1>\n\t\t\t\t\t\t\t\n\t\t\t\t<p>\u00a1Aprende a navegar en la Escuela de Vela del Club!<\/p>\n\t\t\t\t\t<\/div><!-- end container -->\n\t<\/section><!-- end title-section -->\n<section class=\"article-section\"><div class=\"container\">\n\n<\/div><\/section>\t<div class=\"visual-area\">\n\t\t<figure class=\"visual-banner\">\n\t\t\t<div class=\"image\">\n\t\t\t\t<img decoding=\"async\" src=\"https:\/\/nauticescala.com\/wp-content\/uploads\/2020\/04\/2014-cn-lescala-vela-lleugera.jpg\" alt=\"\" \/>\n\t\t\t<\/div><!-- end image -->\n\t\t\t<div class=\"bg-image bg-img primary-gradient\">\n\t\t\t\t<img decoding=\"async\" src=\"https:\/\/nauticescala.com\/wp-content\/uploads\/2020\/04\/2014-cn-lescala-vela-lleugera.jpg\" alt=\"\" \/>\n\t\t\t<\/div><!-- end bg-image -->\n\t\t<\/figure><!-- end visual-banner -->\n\t<\/div><!-- end visual-area -->\n<section class=\"article-section\"><div class=\"container\">\n\n<\/div><\/section>\n        <div class=\"intro-area-holder\">\n            <h2>\u00a1Cursos de vela ligera, crucero y remo de mar para todas las edades y niveles!<\/h2>\n<h3>Cursos de Vela Ligera todo el a\u00f1o<\/h3>\n<p>Los cursos de Primavera y Oto\u00f1o se realizan los fines de semana y los de Verano, de lunes a viernes.<\/p>\n<p><strong>Grupos en funci\u00f3n de la edad&#8230;<\/strong><\/p>\n<ul>\n<li><a href=\"https:\/\/nauticescala.com\/es\/compra-actividades-en-la-costa-brava\/?filters_modality%5B%5D=vela-lleugera&amp;filters_activity_type%5B%5D=curs&amp;filters_age%5B%5D=petits&amp;orderby=dates\">Peque\u00f1os<\/a> (4 &#8211; 6 a\u00f1os)<\/li>\n<li><a href=\"https:\/\/nauticescala.com\/es\/compra-actividades-en-la-costa-brava\/?filters_modality%5B%5D=vela-lleugera&amp;filters_activity_type%5B%5D=curs&amp;filters_age%5B%5D=infantil&amp;orderby=dates\">Infantil<\/a> ( 7 -11 a\u00f1os)<\/li>\n<li><a href=\"https:\/\/nauticescala.com\/es\/compra-actividades-en-la-costa-brava\/?filters_modality%5B%5D=vela-lleugera&amp;filters_activity_type%5B%5D=curs&amp;filters_age%5B%5D=juvenil&amp;orderby=dates\">Juvenil<\/a> (12- 17 a\u00f1os)<\/li>\n<li><a href=\"https:\/\/nauticescala.com\/es\/compra-actividades-en-la-costa-brava\/?filters_modality%5B%5D=vela-lleugera&amp;filters_activity_type%5B%5D=curs&amp;filters_age%5B%5D=adult&amp;orderby=dates\">Adulto<\/a> (m\u00e1s de 18 a\u00f1os)<\/li>\n<\/ul>\n<p><strong>&#8230; Y seg\u00fan el nivel<br \/>\n<\/strong><\/p>\n<ul>\n<li><a href=\"https:\/\/nauticescala.com\/es\/compra-actividades-en-la-costa-brava\/?filters_modality%5B%5D=vela-lleugera&amp;filters_activity_type%5B%5D=curs&amp;filters_level%5B%5D=blanc&amp;orderby=dates\">Blanco<\/a>: Para ni\u00f1os y ni\u00f1as de 4, 5 y 6 a\u00f1os.<\/li>\n<li><a href=\"https:\/\/nauticescala.com\/es\/compra-actividades-en-la-costa-brava\/?filters_modality%5B%5D=vela-lleugera&amp;filters_activity_type%5B%5D=curs&amp;filters_level%5B%5D=basic&amp;orderby=dates\">B\u00e1sico<\/a>: Si no has navegado nunca, este es tu curso.<\/li>\n<li><a href=\"https:\/\/nauticescala.com\/es\/compra-actividades-en-la-costa-brava\/?filters_modality%5B%5D=vela-lleugera&amp;filters_activity_type%5B%5D=curs&amp;filters_level%5B%5D=mitja&amp;orderby=dates\">Medio<\/a>: \u00bfHas superado el curso de nivel b\u00e1sico o ya sabes navegar a vela (m\u00ednimo 15 horas de navegaci\u00f3n)? Esta es tu opci\u00f3n.<\/li>\n<li><a href=\"https:\/\/nauticescala.com\/es\/compra-actividades-en-la-costa-brava\/?filters_modality%5B%5D=vela-lleugera&amp;filters_activity_type%5B%5D=curs&amp;filters_level%5B%5D=avancat&amp;orderby=dates\">Avanzado<\/a>: \u00a1Curso destinado a mejorar tu t\u00e9cnica y maniobra para convertirte en todo un experto\/a!<\/li>\n<\/ul>\n<h3>Cursos de Crucero todo el a\u00f1o<\/h3>\n<p>Los cursos de Invierno, Primavera y Oto\u00f1o se realizan los fines de semana, mientras que los de Verano son de lunes a viernes. <a href=\"https:\/\/nauticescala.com\/es\/compra-actividades-en-la-costa-brava\/?filters_modality%5B%5D=creuer&amp;filters_activity_type%5B%5D=curs&amp;orderby=dates\"><strong>Consulta-los<\/strong><\/a><\/p>\n<p>Cursos de Remo de mar todo el a\u00f1o<\/p>\n<p>Cursos de Invierno, Primavera, Verano y Oto\u00f1o. <strong>Consulta-los<\/strong><\/p>\n<h3>\u00bfHas probado nuestro motor de reserva de actividades?<\/h3>\n<ul>\n<li>Para encontrar el curso que necesitas, escoge la actividad (Curso), la modalidad (Vela Ligera, crucero o remo de mar), la edad y, finalmente, el nivel.<\/li>\n<\/ul>\n<p><strong>Si las fechas propuestas no te encajan, <a href=\"https:\/\/nauticescala.com\/es\/contacto\/\">contacta<\/a> con nosotros y solicita nuestras clases particulares.<\/strong><\/p>\n        <\/div><!-- end intro-area-holder -->\n\n\n<section class=\"article-section\"><div class=\"container\">\n\n<\/div><\/section>\n    \n        <div class=\"btn-box\">\n            <a href=\"https:\/\/nauticescala.com\/es\/compra-actividades-en-la-costa-brava\/?filters_activity_type%5B%5D=curs&#038;orderby=dates\" target=\"_self\" class=\"btn btn-primary\">\u00a1Reserva tu curso!<\/a>\n\n        \n        \n\n<\/div><!-- end btn-box -->\n\n   \n<section class=\"article-section\"><div class=\"container\">\n\n<\/div><\/section><section class=\"gallery-area\">\n\t\t\t\t<div class=\"container\">\n\t\t\t<div class=\"row\">\n\t\t\t\t<div class=\"col-md-6 col-lg-6\">\n\t\t\t\t\t<header class=\"gallery-area-heading\">\n\t\t\t\t\t\t<h2>\u00a1Todas las edades y niveles!<\/h2>\n\t\t\t\t\t<\/header><!-- end gallery-area-heading -->\n\t\t\t\t<\/div><!-- end col-lg-6 -->\n\n\t\t\t\t\t\t\t\t\t<div class=\"col-md-6 col-md-6\">\n\t\t\t\t\t\t<div class=\"gallery-heading-image\">\n\t\t\t\t\t\t\t<img decoding=\"async\" src=\"https:\/\/nauticescala.com\/wp-content\/uploads\/2019\/09\/ico-02.svg\" alt=\"\" \/>\n\t\t\t\t\t\t<\/div><!-- end gallery-heading-image -->\n\t\t\t\t\t<\/div><!-- end col-md-6 -->\n\t\t\t\t\t\t\t<\/div><!-- end row -->\n\t\t<\/div><!-- end container -->\n\t\n\t\t\t<div class=\"container\">\n\t\t\t<div class=\"gallery-items\">\n\n\t\t\t\t\t\t\t\t\n\t\t\t\t\t<div class=\"gallery-slide\">\n\t\t\t\t\t\t<a href=\"https:\/\/nauticescala.com\/es\/compra-actividades-en-la-costa-brava\/?activity_type=curso&#038;modality=vela-ligera&#038;age=adulto&#038;orderby=dates&#038;filter=1\" class=\"widget-link\">\n\t\t\t\t\t\t\t<figure class=\"gallery-item\">\n\t\t\t\t\t\t\t\t\t\t\t\t\t\t\t\t\t<div class=\"image primary-gradient\">\n\t\t\t\t\t\t\t\t\t\t<img decoding=\"async\" src=\"https:\/\/nauticescala.com\/wp-content\/uploads\/2020\/04\/2017-cn-lescala-vela-lleugera-700x353.jpg\" alt=\"\" \/>\n\t\t\t\t\t\t\t\t\t<\/div><!-- end image -->\n\t\t\t\t\t\t\t\t\t\t\t\t\t\t\t\t\t\t\t\t\t\t\t\t\t<figcaption>\n\t\t\t\t\t\t\t\t<h3>Adulto<\/h3>\n\t\t\t\t\t\t\t\t\t<\/figcaption>\n\t\t\t\t\t\t\t\t\t\t\t\t\t\t\t<\/figure><!-- end gallery-item -->\n\t\t\t\t\t\t<\/a><!-- end widget-link -->\n\t\t\t\t\t<\/div><!-- end gallery-slide -->\n\n\t\t\t\t\t\t\t\t\t\n\t\t\t\t\t<div class=\"gallery-slide\">\n\t\t\t\t\t\t<a href=\"https:\/\/nauticescala.com\/es\/compra-actividades-en-la-costa-brava\/?activity_type=curso&#038;modality=vela-ligera&#038;age=juvenil-es&#038;orderby=dates&#038;filter=1\" class=\"widget-link\">\n\t\t\t\t\t\t\t<figure class=\"gallery-item\">\n\t\t\t\t\t\t\t\t\t\t\t\t\t\t\t\t\t<div class=\"image primary-gradient\">\n\t\t\t\t\t\t\t\t\t\t<img decoding=\"async\" src=\"https:\/\/nauticescala.com\/wp-content\/uploads\/2020\/04\/2014-cn-lescala-vela-lleugera-5-700x353.jpg\" alt=\"\" \/>\n\t\t\t\t\t\t\t\t\t<\/div><!-- end image -->\n\t\t\t\t\t\t\t\t\t\t\t\t\t\t\t\t\t\t\t\t\t\t\t\t\t<figcaption>\n\t\t\t\t\t\t\t\t<h3>Juvenil<\/h3>\n\t\t\t\t\t\t\t\t\t<\/figcaption>\n\t\t\t\t\t\t\t\t\t\t\t\t\t\t\t<\/figure><!-- end gallery-item -->\n\t\t\t\t\t\t<\/a><!-- end widget-link -->\n\t\t\t\t\t<\/div><!-- end gallery-slide -->\n\n\t\t\t\t\t\t\t\t\t\n\t\t\t\t\t<div class=\"gallery-slide\">\n\t\t\t\t\t\t<a href=\"https:\/\/nauticescala.com\/es\/compra-actividades-en-la-costa-brava\/?filters_modality%5B%5D=vela-lleugera&#038;filters_activity_type%5B%5D=curs&#038;filters_age%5B%5D=petits&#038;filters_age%5B%5D=infantil&#038;orderby=dates\" class=\"widget-link\">\n\t\t\t\t\t\t\t<figure class=\"gallery-item\">\n\t\t\t\t\t\t\t\t\t\t\t\t\t\t\t\t\t<div class=\"image \">\n\t\t\t\t\t\t\t\t\t\t<img decoding=\"async\" src=\"https:\/\/nauticescala.com\/wp-content\/uploads\/2020\/04\/2018-cn-lescala-curs-vela-8-700x353.jpg\" alt=\"\" \/>\n\t\t\t\t\t\t\t\t\t<\/div><!-- end image -->\n\t\t\t\t\t\t\t\t\t\t\t\t\t\t\t\t\t\t\t\t\t\t\t\t\t<figcaption>\n\t\t\t\t\t\t\t\t<h3>Infantil y peque\u00f1os<\/h3>\n\t\t\t\t\t\t\t\t\t<\/figcaption>\n\t\t\t\t\t\t\t\t\t\t\t\t\t\t\t<\/figure><!-- end gallery-item -->\n\t\t\t\t\t\t<\/a><!-- end widget-link -->\n\t\t\t\t\t<\/div><!-- end gallery-slide -->\n\n\t\t\t\t\t\t\t\t\t\n\t\t\t\t\t<div class=\"gallery-slide\">\n\t\t\t\t\t\t<a href=\"https:\/\/nauticescala.com\/es\/activitats-costa-brava\/curs-de-rem-de-mar\/\" class=\"widget-link\">\n\t\t\t\t\t\t\t<figure class=\"gallery-item\">\n\t\t\t\t\t\t\t\t\t\t\t\t\t\t\t\t\t<div class=\"image \">\n\t\t\t\t\t\t\t\t\t\t<img decoding=\"async\" src=\"https:\/\/nauticescala.com\/wp-content\/uploads\/2022\/12\/2022-nauticescala-regates-rem-escala-coastal-rowing-3-700x353.jpg\" alt=\"\" \/>\n\t\t\t\t\t\t\t\t\t<\/div><!-- end image -->\n\t\t\t\t\t\t\t\t\t\t\t\t\t\t\t\t\t\t\t\t\t\t\t\t\t<figcaption>\n\t\t\t\t\t\t\t\t<h3>Remo de mar<\/h3>\n\t\t\t\t\t\t\t\t\t<\/figcaption>\n\t\t\t\t\t\t\t\t\t\t\t\t\t\t\t<\/figure><!-- end gallery-item -->\n\t\t\t\t\t\t<\/a><!-- end widget-link -->\n\t\t\t\t\t<\/div><!-- end gallery-slide -->\n\n\t\t\t\t\t\t\t\t\t\n\t\t\t\t\t<div class=\"gallery-slide\">\n\t\t\t\t\t\t<a href=\"https:\/\/nauticescala.com\/es\/compra-actividades-en-la-costa-brava\/?filters_modality%5B%5D=creuer&#038;filters_activity_type%5B%5D=curs&#038;orderby=dates\" class=\"widget-link\">\n\t\t\t\t\t\t\t<figure class=\"gallery-item\">\n\t\t\t\t\t\t\t\t\t\t\t\t\t\t\t\t\t<div class=\"image \">\n\t\t\t\t\t\t\t\t\t\t<img decoding=\"async\" src=\"https:\/\/nauticescala.com\/wp-content\/uploads\/2022\/10\/2022-nauticescala-creuer-j70-30-700x353.jpg\" alt=\"\" \/>\n\t\t\t\t\t\t\t\t\t<\/div><!-- end image -->\n\t\t\t\t\t\t\t\t\t\t\t\t\t\t\t\t\t\t\t\t\t\t\t\t\t<figcaption>\n\t\t\t\t\t\t\t\t<h3>Crucero<\/h3>\n\t\t\t\t\t\t\t\t\t<\/figcaption>\n\t\t\t\t\t\t\t\t\t\t\t\t\t\t\t<\/figure><!-- end gallery-item -->\n\t\t\t\t\t\t<\/a><!-- end widget-link -->\n\t\t\t\t\t<\/div><!-- end gallery-slide -->\n\n\t\t\t\t\t\t\t\t\t\n\t\t\t<\/div><!-- end gallery-items -->\n\t\t<\/div><!-- end container-fluid -->\n\t\t\n<\/section><!-- end gallery-area -->\n","protected":false},"excerpt":{"rendered":"","protected":false},"author":4,"featured_media":0,"parent":10722,"menu_order":0,"comment_status":"closed","ping_status":"closed","template":"","meta":{"_acf_changed":false,"_monsterinsights_skip_tracking":false,"_monsterinsights_sitenote_active":false,"_monsterinsights_sitenote_note":"","_monsterinsights_sitenote_category":0,"footnotes":""},"class_list":["post-16783","page","type-page","status-publish","hentry"],"acf":[],"yoast_head":"<!-- This site is optimized with the Yoast SEO Premium plugin v20.7 (Yoast SEO v27.3) - https:\/\/yoast.com\/product\/yoast-seo-premium-wordpress\/ -->\n<title>Cursos &#8211; Club N\u00e0utic L\u2019Escala<\/title>\n<meta name=\"description\" content=\"Cursos de Vela Lleugera a l&#039;Escala, Costa Brava Girona. Apr\u00e8n a navegar amb el Club N\u00e0utic l&#039;Escala. Certificat amb ISO 9001\" \/>\n<meta name=\"robots\" content=\"index, follow, max-snippet:-1, max-image-preview:large, max-video-preview:-1\" \/>\n<link rel=\"canonical\" href=\"https:\/\/nauticescala.com\/es\/actividades-nauticas-en-la-costa-brava\/cursos\/\" \/>\n<meta property=\"og:locale\" content=\"es_ES\" \/>\n<meta property=\"og:type\" content=\"article\" \/>\n<meta property=\"og:title\" content=\"Cursos\" \/>\n<meta property=\"og:description\" content=\"Cursos de Vela Lleugera a l&#039;Escala, Costa Brava Girona. Apr\u00e8n a navegar amb el Club N\u00e0utic l&#039;Escala. Certificat amb ISO 9001\" \/>\n<meta property=\"og:url\" content=\"https:\/\/nauticescala.com\/es\/actividades-nauticas-en-la-costa-brava\/cursos\/\" \/>\n<meta property=\"og:site_name\" content=\"Club N\u00e0utic L\u2019Escala\" \/>\n<meta property=\"article:modified_time\" content=\"2023-07-25T15:30:54+00:00\" \/>\n<meta name=\"twitter:card\" content=\"summary_large_image\" \/>\n<script type=\"application\/ld+json\" class=\"yoast-schema-graph\">{\"@context\":\"https:\\\/\\\/schema.org\",\"@graph\":[{\"@type\":\"WebPage\",\"@id\":\"https:\\\/\\\/nauticescala.com\\\/es\\\/actividades-nauticas-en-la-costa-brava\\\/cursos\\\/\",\"url\":\"https:\\\/\\\/nauticescala.com\\\/es\\\/actividades-nauticas-en-la-costa-brava\\\/cursos\\\/\",\"name\":\"Cursos &#8211; Club N\u00e0utic L\u2019Escala\",\"isPartOf\":{\"@id\":\"https:\\\/\\\/nauticescala.com\\\/#website\"},\"datePublished\":\"2020-06-04T11:28:38+00:00\",\"dateModified\":\"2023-07-25T15:30:54+00:00\",\"description\":\"Cursos de Vela Lleugera a l'Escala, Costa Brava Girona. Apr\u00e8n a navegar amb el Club N\u00e0utic l'Escala. Certificat amb ISO 9001\",\"breadcrumb\":{\"@id\":\"https:\\\/\\\/nauticescala.com\\\/es\\\/actividades-nauticas-en-la-costa-brava\\\/cursos\\\/#breadcrumb\"},\"inLanguage\":\"es\",\"potentialAction\":[{\"@type\":\"ReadAction\",\"target\":[\"https:\\\/\\\/nauticescala.com\\\/es\\\/actividades-nauticas-en-la-costa-brava\\\/cursos\\\/\"]}]},{\"@type\":\"BreadcrumbList\",\"@id\":\"https:\\\/\\\/nauticescala.com\\\/es\\\/actividades-nauticas-en-la-costa-brava\\\/cursos\\\/#breadcrumb\",\"itemListElement\":[{\"@type\":\"ListItem\",\"position\":1,\"name\":\"Home\",\"item\":\"https:\\\/\\\/nauticescala.com\\\/es\\\/\"},{\"@type\":\"ListItem\",\"position\":2,\"name\":\"Escuela de Vela\",\"item\":\"https:\\\/\\\/nauticescala.com\\\/es\\\/actividades-nauticas-en-la-costa-brava\\\/\"},{\"@type\":\"ListItem\",\"position\":3,\"name\":\"Cursos\"}]},{\"@type\":\"WebSite\",\"@id\":\"https:\\\/\\\/nauticescala.com\\\/#website\",\"url\":\"https:\\\/\\\/nauticescala.com\\\/\",\"name\":\"Club N\u00e0utic L\u2019Escala\",\"description\":\"Port esportiu a la Costa Brava\",\"potentialAction\":[{\"@type\":\"SearchAction\",\"target\":{\"@type\":\"EntryPoint\",\"urlTemplate\":\"https:\\\/\\\/nauticescala.com\\\/?s={search_term_string}\"},\"query-input\":{\"@type\":\"PropertyValueSpecification\",\"valueRequired\":true,\"valueName\":\"search_term_string\"}}],\"inLanguage\":\"es\"}]}<\/script>\n<!-- \/ Yoast SEO Premium plugin. -->","yoast_head_json":{"title":"Cursos &#8211; Club N\u00e0utic L\u2019Escala","description":"Cursos de Vela Lleugera a l'Escala, Costa Brava Girona. Apr\u00e8n a navegar amb el Club N\u00e0utic l'Escala. Certificat amb ISO 9001","robots":{"index":"index","follow":"follow","max-snippet":"max-snippet:-1","max-image-preview":"max-image-preview:large","max-video-preview":"max-video-preview:-1"},"canonical":"https:\/\/nauticescala.com\/es\/actividades-nauticas-en-la-costa-brava\/cursos\/","og_locale":"es_ES","og_type":"article","og_title":"Cursos","og_description":"Cursos de Vela Lleugera a l'Escala, Costa Brava Girona. Apr\u00e8n a navegar amb el Club N\u00e0utic l'Escala. Certificat amb ISO 9001","og_url":"https:\/\/nauticescala.com\/es\/actividades-nauticas-en-la-costa-brava\/cursos\/","og_site_name":"Club N\u00e0utic L\u2019Escala","article_modified_time":"2023-07-25T15:30:54+00:00","twitter_card":"summary_large_image","schema":{"@context":"https:\/\/schema.org","@graph":[{"@type":"WebPage","@id":"https:\/\/nauticescala.com\/es\/actividades-nauticas-en-la-costa-brava\/cursos\/","url":"https:\/\/nauticescala.com\/es\/actividades-nauticas-en-la-costa-brava\/cursos\/","name":"Cursos &#8211; Club N\u00e0utic L\u2019Escala","isPartOf":{"@id":"https:\/\/nauticescala.com\/#website"},"datePublished":"2020-06-04T11:28:38+00:00","dateModified":"2023-07-25T15:30:54+00:00","description":"Cursos de Vela Lleugera a l'Escala, Costa Brava Girona. Apr\u00e8n a navegar amb el Club N\u00e0utic l'Escala. Certificat amb ISO 9001","breadcrumb":{"@id":"https:\/\/nauticescala.com\/es\/actividades-nauticas-en-la-costa-brava\/cursos\/#breadcrumb"},"inLanguage":"es","potentialAction":[{"@type":"ReadAction","target":["https:\/\/nauticescala.com\/es\/actividades-nauticas-en-la-costa-brava\/cursos\/"]}]},{"@type":"BreadcrumbList","@id":"https:\/\/nauticescala.com\/es\/actividades-nauticas-en-la-costa-brava\/cursos\/#breadcrumb","itemListElement":[{"@type":"ListItem","position":1,"name":"Home","item":"https:\/\/nauticescala.com\/es\/"},{"@type":"ListItem","position":2,"name":"Escuela de Vela","item":"https:\/\/nauticescala.com\/es\/actividades-nauticas-en-la-costa-brava\/"},{"@type":"ListItem","position":3,"name":"Cursos"}]},{"@type":"WebSite","@id":"https:\/\/nauticescala.com\/#website","url":"https:\/\/nauticescala.com\/","name":"Club N\u00e0utic L\u2019Escala","description":"Port esportiu a la Costa Brava","potentialAction":[{"@type":"SearchAction","target":{"@type":"EntryPoint","urlTemplate":"https:\/\/nauticescala.com\/?s={search_term_string}"},"query-input":{"@type":"PropertyValueSpecification","valueRequired":true,"valueName":"search_term_string"}}],"inLanguage":"es"}]}},"_links":{"self":[{"href":"https:\/\/nauticescala.com\/es\/wp-json\/wp\/v2\/pages\/16783","targetHints":{"allow":["GET"]}}],"collection":[{"href":"https:\/\/nauticescala.com\/es\/wp-json\/wp\/v2\/pages"}],"about":[{"href":"https:\/\/nauticescala.com\/es\/wp-json\/wp\/v2\/types\/page"}],"author":[{"embeddable":true,"href":"https:\/\/nauticescala.com\/es\/wp-json\/wp\/v2\/users\/4"}],"replies":[{"embeddable":true,"href":"https:\/\/nauticescala.com\/es\/wp-json\/wp\/v2\/comments?post=16783"}],"version-history":[{"count":20,"href":"https:\/\/nauticescala.com\/es\/wp-json\/wp\/v2\/pages\/16783\/revisions"}],"predecessor-version":[{"id":56428,"href":"https:\/\/nauticescala.com\/es\/wp-json\/wp\/v2\/pages\/16783\/revisions\/56428"}],"up":[{"embeddable":true,"href":"https:\/\/nauticescala.com\/es\/wp-json\/wp\/v2\/pages\/10722"}],"wp:attachment":[{"href":"https:\/\/nauticescala.com\/es\/wp-json\/wp\/v2\/media?parent=16783"}],"curies":[{"name":"wp","href":"https:\/\/api.w.org\/{rel}","templated":true}]}}