 {"id":36959,"date":"2022-03-14T16:16:02","date_gmt":"2022-03-14T15:16:02","guid":{"rendered":"http:\/\/nauticescala.com\/?page_id=36959&#038;preview_id=36959"},"modified":"2026-03-06T09:54:07","modified_gmt":"2026-03-06T08:54:07","slug":"faqs-campus","status":"publish","type":"page","link":"https:\/\/nauticescala.com\/es\/faqs-campus\/","title":{"rendered":"FAQS &#8211; CAMPUS"},"content":{"rendered":"<section class=\"title-section\">\n\t<div class=\"container\">\n\t\t\t\t\t<h1>FAQS &#8211; CAMPUS<br \/>\r\n<\/h1>\n\t\t\n\t\t\n\t\t\t\t\t<div class=\"block\">\n\t\t\t\t<p><em><strong>CAMPUS INFANTIL &#8211; SUMMER SEA SCHOOL de 4 a 6 a\u00f1os<\/strong><\/em><\/p>\n<ul>\n<li><b>Ma\u00f1ana:<\/b> de 9h a 13h. Punto de encuentro y recogida: <a href=\"https:\/\/www.google.es\/search?sxsrf=ALeKk025_j4OYL6wSPxtTbomDe0TKodvCg:1589362865124&amp;source=hp&amp;ei=rcC7Xp2pI9KYjLsP7eaygAw&amp;q=escola%20de%20vela&amp;oq=escola+de+vela&amp;gs_lcp=CgZwc3ktYWIQAzIECCMQJzIECCMQJzIFCAAQywEyBQgAEMsBMgIIADIFCAAQywEyAggAMgIIADIFCAAQywEyBQgAEMsBOgcIIxDqAhAnOgUIABCDAVDcCFiOFmDDF2gBcAB4AIABXYgBigiSAQIxNJgBAKABAaoBB2d3cy13aXqwAQo&amp;sclient=psy-ab&amp;ved=2ahUKEwjErfqHxrDpAhUSkxQKHegaBV8QvS4wAHoECAwQIQ&amp;uact=5&amp;npsic=0&amp;rflfq=1&amp;rlha=0&amp;rllag=42115808,3145273,220&amp;tbm=lcl&amp;rldimm=15944079545514201884&amp;lqi=Cg5lc2NvbGEgZGUgdmVsYVogCg5lc2NvbGEgZGUgdmVsYSIOZXNjb2xhIGRlIHZlbGE&amp;rldoc=1&amp;tbs=lrf:!1m4!1u3!2m2!3m1!1e1!1m4!1u2!2m2!2m1!1e1!2m1!1e2!2m1!1e3!3sIAE,lf:1,lf_ui:2&amp;rlst=f#rlfi=hd:;si:15944079545514201884,l,Cg5lc2NvbGEgZGUgdmVsYVogCg5lc2NvbGEgZGUgdmVsYSIOZXNjb2xhIGRlIHZlbGE;mv:[[42.2887189,3.2651586],[41.336376,2.1426643999999997]];tbs:lrf:!1m4!1u3!2m2!3m1!1e1!1m4!1u2!2m2!2m1!1e1!2m1!1e2!2m1!1e3!3sIAE,lf:1,lf_ui:2\" target=\"_blank\" rel=\"noopener\">Escuela de Vela<\/a>.<\/li>\n<li><strong>Actividades previstas por grupos ( a partir del 1\/5\/26)<\/strong><\/li>\n<\/ul>\n<p><em><strong>CAMPUS INFANTIL &#8211; SUMMER SEA SCHOOL de 7 a 10 a\u00f1os<\/strong><\/em><\/p>\n<ul>\n<li><b>Ma\u00f1ana:<\/b> de 9h a 13h. Punto de encuentro y recogida: <a href=\"https:\/\/www.google.es\/search?sxsrf=ALeKk025_j4OYL6wSPxtTbomDe0TKodvCg:1589362865124&amp;source=hp&amp;ei=rcC7Xp2pI9KYjLsP7eaygAw&amp;q=escola%20de%20vela&amp;oq=escola+de+vela&amp;gs_lcp=CgZwc3ktYWIQAzIECCMQJzIECCMQJzIFCAAQywEyBQgAEMsBMgIIADIFCAAQywEyAggAMgIIADIFCAAQywEyBQgAEMsBOgcIIxDqAhAnOgUIABCDAVDcCFiOFmDDF2gBcAB4AIABXYgBigiSAQIxNJgBAKABAaoBB2d3cy13aXqwAQo&amp;sclient=psy-ab&amp;ved=2ahUKEwjErfqHxrDpAhUSkxQKHegaBV8QvS4wAHoECAwQIQ&amp;uact=5&amp;npsic=0&amp;rflfq=1&amp;rlha=0&amp;rllag=42115808,3145273,220&amp;tbm=lcl&amp;rldimm=15944079545514201884&amp;lqi=Cg5lc2NvbGEgZGUgdmVsYVogCg5lc2NvbGEgZGUgdmVsYSIOZXNjb2xhIGRlIHZlbGE&amp;rldoc=1&amp;tbs=lrf:!1m4!1u3!2m2!3m1!1e1!1m4!1u2!2m2!2m1!1e1!2m1!1e2!2m1!1e3!3sIAE,lf:1,lf_ui:2&amp;rlst=f#rlfi=hd:;si:15944079545514201884,l,Cg5lc2NvbGEgZGUgdmVsYVogCg5lc2NvbGEgZGUgdmVsYSIOZXNjb2xhIGRlIHZlbGE;mv:[[42.2887189,3.2651586],[41.336376,2.1426643999999997]];tbs:lrf:!1m4!1u3!2m2!3m1!1e1!1m4!1u2!2m2!2m1!1e1!2m1!1e2!2m1!1e3!3sIAE,lf:1,lf_ui:2\" target=\"_blank\" rel=\"noopener\">Escuela de Vela<\/a>.<\/li>\n<li><strong>Tarde<\/strong>: de 15h a 18h. Punto de encuentro y recogida: <a href=\"https:\/\/www.google.es\/search?sxsrf=ALeKk025_j4OYL6wSPxtTbomDe0TKodvCg:1589362865124&amp;source=hp&amp;ei=rcC7Xp2pI9KYjLsP7eaygAw&amp;q=escola%20de%20vela&amp;oq=escola+de+vela&amp;gs_lcp=CgZwc3ktYWIQAzIECCMQJzIECCMQJzIFCAAQywEyBQgAEMsBMgIIADIFCAAQywEyAggAMgIIADIFCAAQywEyBQgAEMsBOgcIIxDqAhAnOgUIABCDAVDcCFiOFmDDF2gBcAB4AIABXYgBigiSAQIxNJgBAKABAaoBB2d3cy13aXqwAQo&amp;sclient=psy-ab&amp;ved=2ahUKEwjErfqHxrDpAhUSkxQKHegaBV8QvS4wAHoECAwQIQ&amp;uact=5&amp;npsic=0&amp;rflfq=1&amp;rlha=0&amp;rllag=42115808,3145273,220&amp;tbm=lcl&amp;rldimm=15944079545514201884&amp;lqi=Cg5lc2NvbGEgZGUgdmVsYVogCg5lc2NvbGEgZGUgdmVsYSIOZXNjb2xhIGRlIHZlbGE&amp;rldoc=1&amp;tbs=lrf:!1m4!1u3!2m2!3m1!1e1!1m4!1u2!2m2!2m1!1e1!2m1!1e2!2m1!1e3!3sIAE,lf:1,lf_ui:2&amp;rlst=f#rlfi=hd:;si:15944079545514201884,l,Cg5lc2NvbGEgZGUgdmVsYVogCg5lc2NvbGEgZGUgdmVsYSIOZXNjb2xhIGRlIHZlbGE;mv:[[42.2887189,3.2651586],[41.336376,2.1426643999999997]];tbs:lrf:!1m4!1u3!2m2!3m1!1e1!1m4!1u2!2m2!2m1!1e1!2m1!1e2!2m1!1e3!3sIAE,lf:1,lf_ui:2\" target=\"_blank\" rel=\"noopener\">Escuela de Vela<\/a>.<\/li>\n<li><strong>Actividades previstas por grupos ( a partir del 1\/5\/26)<\/strong><\/li>\n<\/ul>\n<p><em><strong>CAMPUS JUVENIL<\/strong><\/em><\/p>\n<ul>\n<li><strong>Ma\u00f1ana<\/strong>: de 9h a 13h. Punto de encuentro y recogida: <a href=\"https:\/\/www.google.es\/search?sxsrf=ALeKk025_j4OYL6wSPxtTbomDe0TKodvCg:1589362865124&amp;source=hp&amp;ei=rcC7Xp2pI9KYjLsP7eaygAw&amp;q=escola%20de%20vela&amp;oq=escola+de+vela&amp;gs_lcp=CgZwc3ktYWIQAzIECCMQJzIECCMQJzIFCAAQywEyBQgAEMsBMgIIADIFCAAQywEyAggAMgIIADIFCAAQywEyBQgAEMsBOgcIIxDqAhAnOgUIABCDAVDcCFiOFmDDF2gBcAB4AIABXYgBigiSAQIxNJgBAKABAaoBB2d3cy13aXqwAQo&amp;sclient=psy-ab&amp;ved=2ahUKEwjErfqHxrDpAhUSkxQKHegaBV8QvS4wAHoECAwQIQ&amp;uact=5&amp;npsic=0&amp;rflfq=1&amp;rlha=0&amp;rllag=42115808,3145273,220&amp;tbm=lcl&amp;rldimm=15944079545514201884&amp;lqi=Cg5lc2NvbGEgZGUgdmVsYVogCg5lc2NvbGEgZGUgdmVsYSIOZXNjb2xhIGRlIHZlbGE&amp;rldoc=1&amp;tbs=lrf:!1m4!1u3!2m2!3m1!1e1!1m4!1u2!2m2!2m1!1e1!2m1!1e2!2m1!1e3!3sIAE,lf:1,lf_ui:2&amp;rlst=f#rlfi=hd:;si:15944079545514201884,l,Cg5lc2NvbGEgZGUgdmVsYVogCg5lc2NvbGEgZGUgdmVsYSIOZXNjb2xhIGRlIHZlbGE;mv:[[42.2887189,3.2651586],[41.336376,2.1426643999999997]];tbs:lrf:!1m4!1u3!2m2!3m1!1e1!1m4!1u2!2m2!2m1!1e1!2m1!1e2!2m1!1e3!3sIAE,lf:1,lf_ui:2\" target=\"_blank\" rel=\"noopener\">Escuela de Vela<\/a>.<\/li>\n<li><strong><a href=\"https:\/\/nauticescala.com\/wp-content\/uploads\/2026\/02\/PREVISIO-ACTIVITATS-CAMPUS-ESTIU-2026.pdf\" target=\"_blank\" rel=\"noopener\">Actividades previstas por grupos<\/a><\/strong><\/li>\n<\/ul>\n<p><strong>Grupos<\/strong>: Se crean grupos en funci\u00f3n de la edad a no ser que el volumen del grupo sea m\u00e1s reducido. Cada mi\u00e9rcoles publicaremos aqu\u00ed los listados de la semana siguiente de cada Campus.<\/p>\n<ul>\n<li><strong>Peque\u00f1os (4-6 a) &#8211; ( a partir del 1\/5\/26)<\/strong><\/li>\n<li><strong>Infantil\u00a0 (7-10 a) &#8211; ( a partir del 1\/5\/26)<\/strong><\/li>\n<li><strong>Juvenil (11-17 a) &#8211; ( a partir del 1\/5\/26)<\/strong><\/li>\n<\/ul>\n<p><strong>Comida (exclusivamente al <em>SUMMER SEA SCHOOL de 7 a 10 a\u00f1os)<\/em> <\/strong>: Podr\u00e1s reservar a trav\u00e9s <strong><a href=\"https:\/\/forms.office.com\/Pages\/ResponsePage.aspx?id=lqB1eUSjukqpLGJ9SVJpFIb5kQPhU09Hv1nt7Meg8qVURDQ2WFE3NUszTFdGRU9ZRkFKSzNIQU9LVCQlQCN0PWcu\" target=\"_blank\" rel=\"noopener\">de este enlace<\/a><\/strong>. La opci\u00f3n de quedarse a comer es voluntaria y la reserva debe quedar confirmada y pagada 7 d\u00edas antes del inicio de la semana. Cada mi\u00e9rcoles publicaremos aqu\u00ed la propuesta de comida para la siguiente semana. Te recordamos que si se quedan a comer no es posible traer una fiambrera con comida de casa.<\/p>\n<ul>\n<li><strong>Men\u00fa de comida &#8211; \u00a0( a partir del 1\/5\/26)<\/strong><\/li>\n<\/ul>\n<p><strong>Material<\/strong>: Te proporcionaremos una camiseta. El resto del material es: Mochila, gorra, una cantimplora con agua, almuerzo (s\u00f3lo por la ma\u00f1ana), ropa de ba\u00f1o y de recambio, crema solar puesta en casa, toalla y calzado que se pueda mojar.<\/p>\n<p><strong>Comunicaci\u00f3n: <\/strong>Cualquier comunicaci\u00f3n a los asistentes se enviar\u00e1 por correo 48 horas antes o por SMS.<\/p>\n<p><strong>Reserva y pago:<\/strong> Para confirmar la reserva de cualquier actividad n\u00e1utica en el sitio web, el\/la usuario\/a deber\u00e1 efectuar el pago establecido en el momento de realizar la reserva o al recibir la confirmaci\u00f3n de disponibilidad. No se aceptar\u00e1 ninguna reserva sin el correspondiente pago a cuenta. <strong>El resto del pago, si procede, deber\u00e1 realizarse 15 d\u00edas antes del inicio del servicio contratado, excepto en el caso de reservas de 4 semanas o m\u00e1s, que deber\u00e1n liquidarse el 1 de junio del a\u00f1o en curso. <\/strong>En caso de no recibir el pago dentro de este plazo, la reserva de la actividad ser\u00e1 cancelada sin derecho a reclamaci\u00f3n por parte del\/de la usuario\/a respecto al pago a cuenta realizado.<\/p>\n<p>Los datos facilitados del usuario deben ser v\u00e1lidos. Antes del inicio de la actividad, se podr\u00e1 pedir acreditaci\u00f3n por parte del usuario\/a de los datos facilitados. En caso que estas no coincidan o el\/la usuario\/a no se identifique, se le podr\u00e1 denegar el acceso al servicio.<\/p>\n<p><strong>Pol\u00edtica de cambios y cancelaci\u00f3n: <\/strong><\/p>\n<ul>\n<li>En caso de anular la reserva, se abonar\u00e1 el 50% del pago anticipado siempre y cuando la anulaci\u00f3n se produzca m\u00e1s de 15 d\u00edas antes del inicio del servicio contratado.<\/li>\n<li>En el caso de solicitar un cambio en la actividad, esta se deber\u00e1 solicitar hasta 15 d\u00edas antes del inicio como muy tarde, y se podr\u00e1 aplicar o no, en funci\u00f3n de la disponibilidad.<\/li>\n<li>Si la reserva se anula o se quiere modificar dentro de los 15 d\u00edas anteriores al inicio de la actividad, no se abonar\u00e1 el pago anticipado en ning\u00fan caso ni proporci\u00f3n.<\/li>\n<\/ul>\n<p><strong><a href=\"https:\/\/nauticescala.com\/es\/terminos-y-condiciones\/\">Consulta la totalidad de los t\u00e9rminos y condiciones<\/a><\/strong><\/p>\n<p>Muchas gracias y nos vemos en los <strong>Campus de verano 2026. <\/strong>Nos lo pasaremos genial!<\/p>\n<p><strong>El equipo de monitoras y monitores<br \/>\n<\/strong>Telf: +34 972 776 949<br \/>\nLocalizaci\u00f3n: <a href=\"https:\/\/www.google.es\/maps\/place\/Club+N%C3%A0utic+L'Escala\/@42.1164579,3.147803,15z\/data=!4m2!3m1!1s0x0:0x9648818212c4721c\">Google maps<\/a><\/p>\n<p>&nbsp;<\/p>\n\n\t\t\t\t\t\t\t<\/div><!-- end block -->\n\t\t\t<\/div><!-- end container -->\n<\/section><!-- end title-section -->\n<section class=\"article-section\"><div class=\"container\">\n\n<\/div><\/section>\n    \n        <div class=\"btn-box\">\n            <a href=\"https:\/\/nauticescala.com\/es\/terminos-y-condiciones\/\" target=\"_blank\" class=\"btn btn-primary\">INFANTIL<\/a>\n\n        \n        \n        \n            <a href=\"https:\/\/www.flickr.com\/photos\/nauticescala\/albums\/72157671024366658\" target=\"_blank\" class=\"btn btn-primary\">JUVENIL<\/a>\n    \n\n        \n\n<\/div><!-- end btn-box -->\n\n   \n","protected":false},"excerpt":{"rendered":"","protected":false},"author":4,"featured_media":0,"parent":0,"menu_order":0,"comment_status":"closed","ping_status":"closed","template":"","meta":{"_acf_changed":false,"_monsterinsights_skip_tracking":false,"_monsterinsights_sitenote_active":false,"_monsterinsights_sitenote_note":"","_monsterinsights_sitenote_category":0,"footnotes":""},"class_list":["post-36959","page","type-page","status-publish","hentry"],"acf":[],"yoast_head":"<!-- This site is optimized with the Yoast SEO Premium plugin v20.7 (Yoast SEO v27.3) - https:\/\/yoast.com\/product\/yoast-seo-premium-wordpress\/ -->\n<title>FAQS - CAMPUS &#8211; Club N\u00e0utic L\u2019Escala<\/title>\n<meta name=\"robots\" content=\"index, follow, max-snippet:-1, max-image-preview:large, max-video-preview:-1\" \/>\n<link rel=\"canonical\" href=\"https:\/\/nauticescala.com\/es\/faqs-campus\/\" \/>\n<meta property=\"og:locale\" content=\"es_ES\" \/>\n<meta property=\"og:type\" content=\"article\" \/>\n<meta property=\"og:title\" content=\"FAQS - CAMPUS\" \/>\n<meta property=\"og:url\" content=\"https:\/\/nauticescala.com\/es\/faqs-campus\/\" \/>\n<meta property=\"og:site_name\" content=\"Club N\u00e0utic L\u2019Escala\" \/>\n<meta property=\"article:modified_time\" content=\"2026-03-06T08:54:07+00:00\" \/>\n<meta name=\"twitter:card\" content=\"summary_large_image\" \/>\n<meta name=\"twitter:label1\" content=\"Tiempo de lectura\" \/>\n\t<meta name=\"twitter:data1\" content=\"3 minutos\" \/>\n<script type=\"application\/ld+json\" class=\"yoast-schema-graph\">{\"@context\":\"https:\\\/\\\/schema.org\",\"@graph\":[{\"@type\":\"WebPage\",\"@id\":\"https:\\\/\\\/nauticescala.com\\\/es\\\/faqs-campus\\\/\",\"url\":\"https:\\\/\\\/nauticescala.com\\\/es\\\/faqs-campus\\\/\",\"name\":\"FAQS - CAMPUS &#8211; Club N\u00e0utic L\u2019Escala\",\"isPartOf\":{\"@id\":\"https:\\\/\\\/nauticescala.com\\\/#website\"},\"datePublished\":\"2022-03-14T15:16:02+00:00\",\"dateModified\":\"2026-03-06T08:54:07+00:00\",\"breadcrumb\":{\"@id\":\"https:\\\/\\\/nauticescala.com\\\/es\\\/faqs-campus\\\/#breadcrumb\"},\"inLanguage\":\"es\",\"potentialAction\":[{\"@type\":\"ReadAction\",\"target\":[\"https:\\\/\\\/nauticescala.com\\\/es\\\/faqs-campus\\\/\"]}]},{\"@type\":\"BreadcrumbList\",\"@id\":\"https:\\\/\\\/nauticescala.com\\\/es\\\/faqs-campus\\\/#breadcrumb\",\"itemListElement\":[{\"@type\":\"ListItem\",\"position\":1,\"name\":\"Home\",\"item\":\"https:\\\/\\\/nauticescala.com\\\/es\\\/\"},{\"@type\":\"ListItem\",\"position\":2,\"name\":\"FAQS &#8211; CAMPUS\"}]},{\"@type\":\"WebSite\",\"@id\":\"https:\\\/\\\/nauticescala.com\\\/#website\",\"url\":\"https:\\\/\\\/nauticescala.com\\\/\",\"name\":\"Club N\u00e0utic L\u2019Escala\",\"description\":\"Port esportiu a la Costa Brava\",\"potentialAction\":[{\"@type\":\"SearchAction\",\"target\":{\"@type\":\"EntryPoint\",\"urlTemplate\":\"https:\\\/\\\/nauticescala.com\\\/?s={search_term_string}\"},\"query-input\":{\"@type\":\"PropertyValueSpecification\",\"valueRequired\":true,\"valueName\":\"search_term_string\"}}],\"inLanguage\":\"es\"}]}<\/script>\n<!-- \/ Yoast SEO Premium plugin. -->","yoast_head_json":{"title":"FAQS - CAMPUS &#8211; Club N\u00e0utic L\u2019Escala","robots":{"index":"index","follow":"follow","max-snippet":"max-snippet:-1","max-image-preview":"max-image-preview:large","max-video-preview":"max-video-preview:-1"},"canonical":"https:\/\/nauticescala.com\/es\/faqs-campus\/","og_locale":"es_ES","og_type":"article","og_title":"FAQS - CAMPUS","og_url":"https:\/\/nauticescala.com\/es\/faqs-campus\/","og_site_name":"Club N\u00e0utic L\u2019Escala","article_modified_time":"2026-03-06T08:54:07+00:00","twitter_card":"summary_large_image","twitter_misc":{"Tiempo de lectura":"3 minutos"},"schema":{"@context":"https:\/\/schema.org","@graph":[{"@type":"WebPage","@id":"https:\/\/nauticescala.com\/es\/faqs-campus\/","url":"https:\/\/nauticescala.com\/es\/faqs-campus\/","name":"FAQS - CAMPUS &#8211; Club N\u00e0utic L\u2019Escala","isPartOf":{"@id":"https:\/\/nauticescala.com\/#website"},"datePublished":"2022-03-14T15:16:02+00:00","dateModified":"2026-03-06T08:54:07+00:00","breadcrumb":{"@id":"https:\/\/nauticescala.com\/es\/faqs-campus\/#breadcrumb"},"inLanguage":"es","potentialAction":[{"@type":"ReadAction","target":["https:\/\/nauticescala.com\/es\/faqs-campus\/"]}]},{"@type":"BreadcrumbList","@id":"https:\/\/nauticescala.com\/es\/faqs-campus\/#breadcrumb","itemListElement":[{"@type":"ListItem","position":1,"name":"Home","item":"https:\/\/nauticescala.com\/es\/"},{"@type":"ListItem","position":2,"name":"FAQS &#8211; CAMPUS"}]},{"@type":"WebSite","@id":"https:\/\/nauticescala.com\/#website","url":"https:\/\/nauticescala.com\/","name":"Club N\u00e0utic L\u2019Escala","description":"Port esportiu a la Costa Brava","potentialAction":[{"@type":"SearchAction","target":{"@type":"EntryPoint","urlTemplate":"https:\/\/nauticescala.com\/?s={search_term_string}"},"query-input":{"@type":"PropertyValueSpecification","valueRequired":true,"valueName":"search_term_string"}}],"inLanguage":"es"}]}},"_links":{"self":[{"href":"https:\/\/nauticescala.com\/es\/wp-json\/wp\/v2\/pages\/36959","targetHints":{"allow":["GET"]}}],"collection":[{"href":"https:\/\/nauticescala.com\/es\/wp-json\/wp\/v2\/pages"}],"about":[{"href":"https:\/\/nauticescala.com\/es\/wp-json\/wp\/v2\/types\/page"}],"author":[{"embeddable":true,"href":"https:\/\/nauticescala.com\/es\/wp-json\/wp\/v2\/users\/4"}],"replies":[{"embeddable":true,"href":"https:\/\/nauticescala.com\/es\/wp-json\/wp\/v2\/comments?post=36959"}],"version-history":[{"count":43,"href":"https:\/\/nauticescala.com\/es\/wp-json\/wp\/v2\/pages\/36959\/revisions"}],"predecessor-version":[{"id":97722,"href":"https:\/\/nauticescala.com\/es\/wp-json\/wp\/v2\/pages\/36959\/revisions\/97722"}],"wp:attachment":[{"href":"https:\/\/nauticescala.com\/es\/wp-json\/wp\/v2\/media?parent=36959"}],"curies":[{"name":"wp","href":"https:\/\/api.w.org\/{rel}","templated":true}]}}