 {"id":60602,"date":"2024-01-31T10:34:49","date_gmt":"2024-01-31T09:34:49","guid":{"rendered":"https:\/\/nauticescala.com\/?page_id=60602&#038;preview_id=60602"},"modified":"2026-03-30T13:13:18","modified_gmt":"2026-03-30T11:13:18","slug":"faqs-actividades","status":"publish","type":"page","link":"https:\/\/nauticescala.com\/es\/faqs-actividades\/","title":{"rendered":"FAQS &#8211; ACTIVIDADES"},"content":{"rendered":"<section class=\"title-section\">\n\t<div class=\"container\">\n\t\t\t\t\t<h1>FAQS &#8211; ACTIVIDADES<br \/>\r\n<\/h1>\n\t\t\n\t\t\n\t\t\t\t\t<div class=\"block\">\n\t\t\t\t<p><strong>Reservas: <\/strong>En caso de duda, consulta c\u00f3mo reservar en este <a href=\"https:\/\/www.loom.com\/share\/4b4f1df13c6f485780a9a2a628088d55\" target=\"_blank\" rel=\"noopener\">v\u00eddeo<\/a>.<\/p>\n<p><strong>Lugar de encuentro<\/strong>: <a href=\"https:\/\/www.google.es\/search?sxsrf=ALeKk025_j4OYL6wSPxtTbomDe0TKodvCg:1589362865124&amp;source=hp&amp;ei=rcC7Xp2pI9KYjLsP7eaygAw&amp;q=escola%20de%20vela&amp;oq=escola+de+vela&amp;gs_lcp=CgZwc3ktYWIQAzIECCMQJzIECCMQJzIFCAAQywEyBQgAEMsBMgIIADIFCAAQywEyAggAMgIIADIFCAAQywEyBQgAEMsBOgcIIxDqAhAnOgUIABCDAVDcCFiOFmDDF2gBcAB4AIABXYgBigiSAQIxNJgBAKABAaoBB2d3cy13aXqwAQo&amp;sclient=psy-ab&amp;ved=2ahUKEwjErfqHxrDpAhUSkxQKHegaBV8QvS4wAHoECAwQIQ&amp;uact=5&amp;npsic=0&amp;rflfq=1&amp;rlha=0&amp;rllag=42115808,3145273,220&amp;tbm=lcl&amp;rldimm=15944079545514201884&amp;lqi=Cg5lc2NvbGEgZGUgdmVsYVogCg5lc2NvbGEgZGUgdmVsYSIOZXNjb2xhIGRlIHZlbGE&amp;rldoc=1&amp;tbs=lrf:!1m4!1u3!2m2!3m1!1e1!1m4!1u2!2m2!2m1!1e1!2m1!1e2!2m1!1e3!3sIAE,lf:1,lf_ui:2&amp;rlst=f#rlfi=hd:;si:15944079545514201884,l,Cg5lc2NvbGEgZGUgdmVsYVogCg5lc2NvbGEgZGUgdmVsYSIOZXNjb2xhIGRlIHZlbGE;mv:[[42.2887189,3.2651586],[41.336376,2.1426643999999997]];tbs:lrf:!1m4!1u3!2m2!3m1!1e1!1m4!1u2!2m2!2m1!1e1!2m1!1e2!2m1!1e3!3sIAE,lf:1,lf_ui:2\" target=\"_blank\" rel=\"noopener\">Escuela de Vela<\/a>.<\/p>\n<p><strong>Comunicaci\u00f3n y pago del importe restante:<\/strong><\/p>\n<ul>\n<li><strong>Confirmaci\u00f3n<\/strong>: Para confirmar la reserva de alguna actividad n\u00e1utica en la Web, el usuario\/a deber\u00e1 realizar un pago establecido en el momento de hacer la reserva o al recibir la confirmaci\u00f3n de la disponibilidad. No se aceptar\u00e1 ning\u00fana reserva sin el correspondiente pago a cuenta. <strong>El resto del pago, si hay, se deber\u00e1 hacer efectivo 15 d\u00edas antes del inicio del servicio contratado<\/strong>, excepto las reservas de 4 semanas o m\u00e1s que se deber\u00e1n de liquidar el dia 1\/6 del a\u00f1o en curso.\u00a0 En caso de no recibir el pago dentro de este plazo, se dar\u00e1 de baja la reserva de la actividad sin derecho a reclamaci\u00f3n por parte del usuario\/a del pago a cuenta realizado. Los datos facilitados del usuario deben ser v\u00e1lidos. Antes del inicio de la actividad, se podr\u00e1 pedir acreditaci\u00f3n por parte del usuario\/a de los datos facilitados. En caso que estas no coincidan o el usuario\/a no se identifique, se le podr\u00e1 denegar el acceso al servicio.<\/li>\n<li><strong>Factura proforma: <\/strong>Hasta 7 d\u00edas despu\u00e9s de la reserva recibir\u00e1s un segundo correo con la factura proforma con los descuentos aplicados (si se aplican).<\/li>\n<li><strong>Recordatorio:<\/strong> 15 d\u00edas antes del inicio de la actividad, recibir\u00e1s un correo recordatorio con el resto de informaci\u00f3n.<\/li>\n<\/ul>\n<p><strong>M\u00e9todos de pago:<\/strong><\/p>\n<ul>\n<li>En efectivo o en tarjeta en la Escuela de Vela.<\/li>\n<li>Per la web utilizando este <a href=\"https:\/\/nauticescala.com\/es\/pago-generico\/\" target=\"_blank\" rel=\"noopener\">enlace<\/a>, indicando el nombre y apellido del alumno en la descripci\u00f3n y el n\u00famero de proforma.<\/li>\n<li>Los miembros del club pueden pedir que el resto de pago se cobre por recibo bancario.<\/li>\n<\/ul>\n<p><strong>Pol\u00edtica de cambio y cancelaci\u00f3n:<\/strong><\/p>\n<ul>\n<li><strong><a href=\"https:\/\/nauticescala.com\/es\/terminos-y-condiciones\/\" target=\"_blank\" rel=\"noopener\">Consulta la totalidad de los t\u00e9rminos y condiciones<\/a><\/strong><\/li>\n<\/ul>\n<p><strong>Documentaci\u00f3n de inter\u00e9s:<\/strong><\/p>\n<ul>\n<li><a href=\"https:\/\/nauticescala.com\/wp-content\/uploads\/2023\/11\/NIVELL-BASIC-ALUMNE_CN-LESCALA.pdf\" target=\"_blank\" rel=\"noopener\">Contenido nivel basico en vela<\/a><\/li>\n<li><a href=\"https:\/\/nauticescala.com\/wp-content\/uploads\/2023\/11\/NIVELL-MITJA-ALUMNE_CN-LESCALA.pdf\" target=\"_blank\" rel=\"noopener\">Contenido nivel medio<\/a><\/li>\n<li><a href=\"https:\/\/nauticescala.com\/wp-content\/uploads\/2025\/06\/Terminologia-rem-i-esports-nautics-en-catala.pdf\" target=\"_blank\" rel=\"noopener\">Terminologia remo y deportes n\u00e1uticos en catalan<\/a><\/li>\n<li><a href=\"https:\/\/www.youtube.com\/watch?v=C63nTTQEi5c\">C\u00f3<\/a><a href=\"https:\/\/www.youtube.com\/watch?v=C63nTTQEi5c\">mo dejar una embarcaci\u00f3n bien amarrada<\/a><\/li>\n<li><a href=\"https:\/\/www.youtube.com\/watch?v=RgkH-5TRbo0\">C\u00f3mo preparar tu embarcaci\u00f3n para la navegaci\u00f3n<\/a><\/li>\n<li><a href=\"https:\/\/www.youtube.com\/watch?v=sxU_VFpj3ls&amp;list=PLgHmT3_brSz0pbylfq93nLjhRQImhzBOR\">V\u00eddeos de formaci\u00f3n en vela, remo y crucero<\/a><\/li>\n<li><strong>Material<\/strong> <strong>recomendado:<\/strong> Ropa deportiva que se pueda mojar y una muda de recambio, crema solar puesta desde casa, cantimplora de agua, toalla, calzado que se pueda mojar, gorra, gafas de sol (en caso de tener) y una moneda de 1\u20ac para guardar las cosas en las taquillas de los vestuarios.<\/li>\n<\/ul>\n<p><strong>Fotograf\u00edas:<\/strong><\/p>\n<ul>\n<li><a href=\"https:\/\/www.flickr.com\/photos\/nauticescala\/albums\/72157697935666444\" target=\"_blank\" rel=\"noopener\">Vela Ligera<\/a><\/li>\n<li><a href=\"https:\/\/www.flickr.com\/photos\/nauticescala\/albums\/72157703243843302\" target=\"_blank\" rel=\"noopener\">Crucero<\/a><\/li>\n<li><a href=\"https:\/\/www.flickr.com\/photos\/nauticescala\/albums\/72157718274311582\/\" target=\"_blank\" rel=\"noopener\">Remo<\/a><\/li>\n<\/ul>\n<h3>\u00a1Muchas gracias y nos vemos en los Cursos de formaci\u00f3n en actividad n\u00e1utica 2026!<strong> \u00a1Lo<\/strong> pasaremos genial!<\/h3>\n<p><strong>El equipo de monitoras y monitores<\/strong><\/p>\n<p>Telf: +34 972 776 949<br \/>\nLocalizaci\u00f3n: <a href=\"https:\/\/www.google.es\/maps\/place\/Club+N%C3%A0utic+L'Escala\/@42.1164579,3.147803,15z\/data=!4m2!3m1!1s0x0:0x9648818212c4721c\">Google maps<\/a><\/p>\n\n\t\t\t\t\t\t\t<\/div><!-- end block -->\n\t\t\t<\/div><!-- end container -->\n<\/section><!-- end title-section -->\n","protected":false},"excerpt":{"rendered":"","protected":false},"author":15,"featured_media":0,"parent":0,"menu_order":0,"comment_status":"closed","ping_status":"closed","template":"","meta":{"_acf_changed":false,"_monsterinsights_skip_tracking":false,"_monsterinsights_sitenote_active":false,"_monsterinsights_sitenote_note":"","_monsterinsights_sitenote_category":0,"footnotes":""},"class_list":["post-60602","page","type-page","status-publish","hentry"],"acf":[],"yoast_head":"<!-- This site is optimized with the Yoast SEO Premium plugin v20.7 (Yoast SEO v27.3) - https:\/\/yoast.com\/product\/yoast-seo-premium-wordpress\/ -->\n<title>FAQS - ACTIVIDADES &#8211; Club N\u00e0utic L\u2019Escala<\/title>\n<meta name=\"robots\" content=\"index, follow, max-snippet:-1, max-image-preview:large, max-video-preview:-1\" \/>\n<link rel=\"canonical\" href=\"https:\/\/nauticescala.com\/es\/faqs-actividades\/\" \/>\n<meta property=\"og:locale\" content=\"es_ES\" \/>\n<meta property=\"og:type\" content=\"article\" \/>\n<meta property=\"og:title\" content=\"FAQS - ACTIVIDADES\" \/>\n<meta property=\"og:url\" content=\"https:\/\/nauticescala.com\/es\/faqs-actividades\/\" \/>\n<meta property=\"og:site_name\" content=\"Club N\u00e0utic L\u2019Escala\" \/>\n<meta property=\"article:modified_time\" content=\"2026-03-30T11:13:18+00:00\" \/>\n<meta name=\"twitter:card\" content=\"summary_large_image\" \/>\n<meta name=\"twitter:label1\" content=\"Tiempo de lectura\" \/>\n\t<meta name=\"twitter:data1\" content=\"3 minutos\" \/>\n<script type=\"application\/ld+json\" class=\"yoast-schema-graph\">{\"@context\":\"https:\\\/\\\/schema.org\",\"@graph\":[{\"@type\":\"WebPage\",\"@id\":\"https:\\\/\\\/nauticescala.com\\\/es\\\/faqs-actividades\\\/\",\"url\":\"https:\\\/\\\/nauticescala.com\\\/es\\\/faqs-actividades\\\/\",\"name\":\"FAQS - ACTIVIDADES &#8211; Club N\u00e0utic L\u2019Escala\",\"isPartOf\":{\"@id\":\"https:\\\/\\\/nauticescala.com\\\/#website\"},\"datePublished\":\"2024-01-31T09:34:49+00:00\",\"dateModified\":\"2026-03-30T11:13:18+00:00\",\"breadcrumb\":{\"@id\":\"https:\\\/\\\/nauticescala.com\\\/es\\\/faqs-actividades\\\/#breadcrumb\"},\"inLanguage\":\"es\",\"potentialAction\":[{\"@type\":\"ReadAction\",\"target\":[\"https:\\\/\\\/nauticescala.com\\\/es\\\/faqs-actividades\\\/\"]}]},{\"@type\":\"BreadcrumbList\",\"@id\":\"https:\\\/\\\/nauticescala.com\\\/es\\\/faqs-actividades\\\/#breadcrumb\",\"itemListElement\":[{\"@type\":\"ListItem\",\"position\":1,\"name\":\"Home\",\"item\":\"https:\\\/\\\/nauticescala.com\\\/es\\\/\"},{\"@type\":\"ListItem\",\"position\":2,\"name\":\"FAQS &#8211; ACTIVIDADES\"}]},{\"@type\":\"WebSite\",\"@id\":\"https:\\\/\\\/nauticescala.com\\\/#website\",\"url\":\"https:\\\/\\\/nauticescala.com\\\/\",\"name\":\"Club N\u00e0utic L\u2019Escala\",\"description\":\"Port esportiu a la Costa Brava\",\"potentialAction\":[{\"@type\":\"SearchAction\",\"target\":{\"@type\":\"EntryPoint\",\"urlTemplate\":\"https:\\\/\\\/nauticescala.com\\\/?s={search_term_string}\"},\"query-input\":{\"@type\":\"PropertyValueSpecification\",\"valueRequired\":true,\"valueName\":\"search_term_string\"}}],\"inLanguage\":\"es\"}]}<\/script>\n<!-- \/ Yoast SEO Premium plugin. -->","yoast_head_json":{"title":"FAQS - ACTIVIDADES &#8211; Club N\u00e0utic L\u2019Escala","robots":{"index":"index","follow":"follow","max-snippet":"max-snippet:-1","max-image-preview":"max-image-preview:large","max-video-preview":"max-video-preview:-1"},"canonical":"https:\/\/nauticescala.com\/es\/faqs-actividades\/","og_locale":"es_ES","og_type":"article","og_title":"FAQS - ACTIVIDADES","og_url":"https:\/\/nauticescala.com\/es\/faqs-actividades\/","og_site_name":"Club N\u00e0utic L\u2019Escala","article_modified_time":"2026-03-30T11:13:18+00:00","twitter_card":"summary_large_image","twitter_misc":{"Tiempo de lectura":"3 minutos"},"schema":{"@context":"https:\/\/schema.org","@graph":[{"@type":"WebPage","@id":"https:\/\/nauticescala.com\/es\/faqs-actividades\/","url":"https:\/\/nauticescala.com\/es\/faqs-actividades\/","name":"FAQS - ACTIVIDADES &#8211; Club N\u00e0utic L\u2019Escala","isPartOf":{"@id":"https:\/\/nauticescala.com\/#website"},"datePublished":"2024-01-31T09:34:49+00:00","dateModified":"2026-03-30T11:13:18+00:00","breadcrumb":{"@id":"https:\/\/nauticescala.com\/es\/faqs-actividades\/#breadcrumb"},"inLanguage":"es","potentialAction":[{"@type":"ReadAction","target":["https:\/\/nauticescala.com\/es\/faqs-actividades\/"]}]},{"@type":"BreadcrumbList","@id":"https:\/\/nauticescala.com\/es\/faqs-actividades\/#breadcrumb","itemListElement":[{"@type":"ListItem","position":1,"name":"Home","item":"https:\/\/nauticescala.com\/es\/"},{"@type":"ListItem","position":2,"name":"FAQS &#8211; ACTIVIDADES"}]},{"@type":"WebSite","@id":"https:\/\/nauticescala.com\/#website","url":"https:\/\/nauticescala.com\/","name":"Club N\u00e0utic L\u2019Escala","description":"Port esportiu a la Costa Brava","potentialAction":[{"@type":"SearchAction","target":{"@type":"EntryPoint","urlTemplate":"https:\/\/nauticescala.com\/?s={search_term_string}"},"query-input":{"@type":"PropertyValueSpecification","valueRequired":true,"valueName":"search_term_string"}}],"inLanguage":"es"}]}},"_links":{"self":[{"href":"https:\/\/nauticescala.com\/es\/wp-json\/wp\/v2\/pages\/60602","targetHints":{"allow":["GET"]}}],"collection":[{"href":"https:\/\/nauticescala.com\/es\/wp-json\/wp\/v2\/pages"}],"about":[{"href":"https:\/\/nauticescala.com\/es\/wp-json\/wp\/v2\/types\/page"}],"author":[{"embeddable":true,"href":"https:\/\/nauticescala.com\/es\/wp-json\/wp\/v2\/users\/15"}],"replies":[{"embeddable":true,"href":"https:\/\/nauticescala.com\/es\/wp-json\/wp\/v2\/comments?post=60602"}],"version-history":[{"count":13,"href":"https:\/\/nauticescala.com\/es\/wp-json\/wp\/v2\/pages\/60602\/revisions"}],"predecessor-version":[{"id":98507,"href":"https:\/\/nauticescala.com\/es\/wp-json\/wp\/v2\/pages\/60602\/revisions\/98507"}],"wp:attachment":[{"href":"https:\/\/nauticescala.com\/es\/wp-json\/wp\/v2\/media?parent=60602"}],"curies":[{"name":"wp","href":"https:\/\/api.w.org\/{rel}","templated":true}]}}