 {"id":60792,"date":"2024-03-23T12:43:54","date_gmt":"2024-03-23T11:43:54","guid":{"rendered":"https:\/\/nauticescala.com\/?page_id=60792&#038;preview_id=60792"},"modified":"2024-03-23T12:43:57","modified_gmt":"2024-03-23T11:43:57","slug":"rutes-guiades","status":"publish","type":"page","link":"https:\/\/nauticescala.com\/es\/actividades-nauticas-en-la-costa-brava\/rutes-guiades\/","title":{"rendered":"Rutes Guiades"},"content":{"rendered":"\t\n\t<section class=\"title-section d-md-block\">\n\t\t<div class=\"container\">\n\t\t\t\t\n\t\t\t\t<h1>Rutes guiades<\/h1>\n\t\t\t\t\t\t\t\n\t\t\t\t<p>Experi\u00e8ncies per aprendre i descobrir l&#8217;Escala des del mar!<\/p>\n\t\t\t\t\t<\/div><!-- end container -->\n\t<\/section><!-- end title-section -->\n<section class=\"article-section\"><div class=\"container\">\n\n<\/div><\/section>\t<div class=\"visual-area\">\n\t\t<figure class=\"visual-banner\">\n\t\t\t<div class=\"image\">\n\t\t\t\t<img decoding=\"async\" src=\"https:\/\/nauticescala.com\/wp-content\/uploads\/2020\/11\/2021-club-nautic-lescala-rem-4.jpg\" alt=\"2021-Club Nautic lEscala-Rem-caiac\" \/>\n\t\t\t<\/div><!-- end image -->\n\t\t\t<div class=\"bg-image bg-img primary-gradient\">\n\t\t\t\t<img decoding=\"async\" src=\"https:\/\/nauticescala.com\/wp-content\/uploads\/2020\/11\/2021-club-nautic-lescala-rem-4.jpg\" alt=\"2021-Club Nautic lEscala-Rem-caiac\" \/>\n\t\t\t<\/div><!-- end bg-image -->\n\t\t<\/figure><!-- end visual-banner -->\n\t<\/div><!-- end visual-area -->\n<section class=\"article-section\"><div class=\"container\">\n\n<\/div><\/section>\n        <div class=\"intro-area-holder\">\n            <h2>Rutes guiades per aprendre i gaudir de l&#8217;Escala i la Costa Brava des del mar!<\/h2>\n<p>Et ve de gust de gust descobrir L&#8217;Escala i el Parc Natural del Montgr\u00ed des del mar?<\/p>\n<p>No has navegat mai i vols provar-ho?<\/p>\n<p>Ja en saps per\u00f2 vols millorar el teu nivell amb una sessi\u00f3 guiada per un instructor tot compartint l&#8217;activitat amb altres usuaris?<\/p>\n<h3>Participa a les Rutes Guiades del Club N\u00e0utic L&#8217;Escala!<\/h3>\n<ul>\n<li>Experi\u00e8ncies l\u00fadiques i formatives.<\/li>\n<li><strong>Modalitats:<\/strong> caiac, stand up paddle, rem de mar, vela lleugera, creuer i J70.<\/li>\n<li><strong>Nivells:<\/strong> b\u00e0sic, mitj\u00e0 i avan\u00e7at.<\/li>\n<\/ul>\n<h3>Has provat el nostre motor de reserva d&#8217;activitats?<\/h3>\n<ul>\n<li>Per trobar la ruta guiada que necessites, escull l&#8217;activitat (Ruta Guiada), la modalitat (Caiac, Stand up Paddle, Vela Lleugera, Creuer, J70 o Rem de mar), l&#8217;edat i, finalment el nivell.<\/li>\n<\/ul>\n<p><strong> Si les dates proposades no t\u2019encaixen, <a href=\"https:\/\/nauticescala.com\/contacte\/\">contacta<\/a> amb nosaltres i sol\u00b7licita les nostres classes particulars.<\/strong><\/p>\n        <\/div><!-- end intro-area-holder -->\n\n\n<section class=\"article-section\"><div class=\"container\">\n\n<\/div><\/section>\n                            <div class=\"accordion-block\">\n                    <div id=\"accordion\" class=\"accordion\">\n                                                                            <div class=\"card\">\n                                <div class=\"card-header\">\n                                    <h3>\n                                        <a href=\"#\" class=\"collapsed\" data-toggle=\"collapse\" data-target=\"#collapse-01\" aria-expanded=\"true\"><i class=\"ico-opener\">&nbsp;<\/i>Modalitats i rutes disponibles<\/a>\n                                    <\/h3>\n                                <\/div><!-- end card-header -->\n                                <div id=\"collapse-01\" class=\"collapse\">\n                                                                    <div class=\"card-body\">\n\n                                        \n                                            \n                                                \n                                                    <ul>\n<li><strong>Caiac i stand up paddle:<\/strong>\n<ul>\n<li>Nivell b\u00e0sic: col\u00b7labora amb la recollida de micropl\u00e0stics del projecte <a href=\"https:\/\/nauticescala.com\/noticies\/surfing-for-science\/\">Surfing for Science<\/a>. Activitat de ci\u00e8ncia ciutadana &#8211; Durada 2 h<\/li>\n<li>Nivell b\u00e0sic: descobreix el Parc Natural del Montgr\u00ed. Sortida amb caiac fins l&#8217;illa Mateua o Montg\u00f3 i tornada al Club &#8211; Durada 2 h<\/li>\n<li>Nivell mitj\u00e0: descobreix el Parc Natural del Montgr\u00ed. Sortida amb llanxa fins Les 3 coves i tornada amb caiac fins al Club &#8211; Durada 3 h<\/li>\n<\/ul>\n<\/li>\n<li><strong>Rem de mar:<\/strong>\n<ul>\n<li>Nivell mitj\u00e0: activitat t\u00e8cnica (sessions formatives 1, 2 i 3) o navegaci\u00f3 costanera. Consulta el <a href=\"https:\/\/nauticescala.com\/wp-content\/uploads\/2023\/12\/CONTINGUT-PER-SESSIONS-RG-2024.pdf\" target=\"_blank\" rel=\"noopener\">contingut<\/a> &#8211; Durada 1,5 h<\/li>\n<li>Nivell avan\u00e7at: activitat t\u00e8cnica o pr\u00e0ctica de regates de tipus 1.000 m o Beach Sprint. Consulta el <a href=\"https:\/\/nauticescala.com\/wp-content\/uploads\/2023\/12\/CONTINGUT-PER-SESSIONS-RG-2024.pdf\" target=\"_blank\" rel=\"noopener\">contingut<\/a> &#8211; Durada 1,5 h<\/li>\n<\/ul>\n<\/li>\n<li><strong>Vela lleugera:<\/strong>\n<ul>\n<li>B\u00e0sic: descobreix L&#8217;Escala i el Parc Natural del Montgr\u00ed des del mar. Activitat familiar amb horari a convenir. &#8211; Durada 2 h<\/li>\n<li>Mitj\u00e0: activitat t\u00e8cnica (sessions formatives 1, 2 i 3) o navegaci\u00f3 costanera. Consulta el <a href=\"https:\/\/nauticescala.com\/wp-content\/uploads\/2023\/12\/CONTINGUT-PER-SESSIONS-RG-2024.pdf\" target=\"_blank\" rel=\"noopener\">contingut<\/a> &#8211; Durada 3 h<\/li>\n<li>Avan\u00e7at: regata open &#8211; Durada 3 h<\/li>\n<\/ul>\n<\/li>\n<li><strong>Creuer<\/strong>\n<ul>\n<li>B\u00e0sic:\u00a0activitat t\u00e8cnica (sessions formatives 1, 2 i 3) o navegaci\u00f3 costanera. Consulta el <a href=\"https:\/\/nauticescala.com\/wp-content\/uploads\/2023\/12\/CONTINGUT-PER-SESSIONS-RG-2024.pdf\" target=\"_blank\" rel=\"noopener\">contingut<\/a> &#8211; Durada 3 h<\/li>\n<li>Mitj\u00e0: activitat t\u00e8cnica (sessions formatives 1, 2 i 3) o navegaci\u00f3 costanera. Consulta el <a href=\"https:\/\/nauticescala.com\/wp-content\/uploads\/2023\/12\/CONTINGUT-PER-SESSIONS-RG-2024.pdf\" target=\"_blank\" rel=\"noopener\">contingut<\/a> &#8211; Durada 3 h<\/li>\n<li>Avan\u00e7at: participa en una regata integrat en una tripulaci\u00f3! &#8211; Durada segons esdeveniment<\/li>\n<\/ul>\n<\/li>\n<li><strong>J70<\/strong>\n<ul>\n<li>B\u00e0sic:\u00a0activitat t\u00e8cnica (sessions formatives 1, 2 i 3) o navegaci\u00f3 costanera. Consulta el <a href=\"https:\/\/nauticescala.com\/wp-content\/uploads\/2023\/12\/CONTINGUT-PER-SESSIONS-RG-2024.pdf\" target=\"_blank\" rel=\"noopener\">contingut<\/a> &#8211; Durada 3 h<\/li>\n<li>Mitj\u00e0: pr\u00e0ctica de regates de tipus sobrevent &#8211; sotavent &#8211; Durada 3 h<\/li>\n<li>Avan\u00e7at: participa en una regata integrat en una tripulaci\u00f3! &#8211; Durada segons esdeveniment<\/li>\n<\/ul>\n<\/li>\n<\/ul>\n\n                                                \n                                            \n                                        \n                                    <\/div><!-- end card-body -->\n                                <\/div><!-- end collapse -->\n                            <\/div><!-- end card -->\n                                                                                <div class=\"card\">\n                                <div class=\"card-header\">\n                                    <h3>\n                                        <a href=\"#\" class=\"collapsed\" data-toggle=\"collapse\" data-target=\"#collapse-02\" aria-expanded=\"true\"><i class=\"ico-opener\">&nbsp;<\/i>Quin nivell he d&#8217;escollir?<\/a>\n                                    <\/h3>\n                                <\/div><!-- end card-header -->\n                                <div id=\"collapse-02\" class=\"collapse\">\n                                                                    <div class=\"card-body\">\n\n                                        \n                                            \n                                                \n                                                    <ul>\n<li><strong>Nivell B\u00e0sic:<\/strong>\n<ul>\n<li>No he navegat mai<\/li>\n<\/ul>\n<\/li>\n<li><strong>Nivell Mitj\u00e0:<\/strong>\n<ul>\n<li>Tinc una mica d\u2019experi\u00e8ncia<\/li>\n<li>He navegat m\u00e9s de 15 hores<\/li>\n<li>He navegat almenys 1 vegada amb una embarcaci\u00f3 individual<\/li>\n<\/ul>\n<\/li>\n<li><strong>Nivell Avan\u00e7at:<\/strong>\n<ul>\n<li>He navegat m\u00e9s de 30 hores<\/li>\n<li>He navegat almenys 5 vegada amb una embarcaci\u00f3 individual<\/li>\n<li>Se muntar i desmuntar l\u2019embarcaci\u00f3 amb flu\u00efdesa<\/li>\n<li>Puc bolcar i desbolcar l\u2019embarcaci\u00f3 amb flu\u00efdesa<\/li>\n<li>Puc sortir del port i entrar amb flu\u00efdesa<\/li>\n<\/ul>\n<\/li>\n<\/ul>\n\n                                                \n                                            \n                                        \n                                    <\/div><!-- end card-body -->\n                                <\/div><!-- end collapse -->\n                            <\/div><!-- end card -->\n                                                                        <\/div><!-- end accordion -->\n                <\/div><!-- end accordion-block -->\n            \n<section class=\"article-section\"><div class=\"container\">\n\n<\/div><\/section>\n    \n        <div class=\"btn-box\">\n            <a href=\"https:\/\/nauticescala.com\/compra-activitats-a-costa-brava\/?filters_activity_type%5B%5D=ruta-guiada&#038;orderby=dates\" target=\"_self\" class=\"btn btn-primary\">Reserva la teva Ruta Guiada<\/a>\n\n        \n        \n\n<\/div><!-- end btn-box -->\n\n   \n<section class=\"article-section\"><div class=\"container\">\n\n<\/div><\/section><section class=\"gallery-area\">\n\t\t\t\t<div class=\"container\">\n\t\t\t<div class=\"row\">\n\t\t\t\t<div class=\"col-md-6 col-lg-6\">\n\t\t\t\t\t<header class=\"gallery-area-heading\">\n\t\t\t\t\t\t<h2>Gaudeix de la teva modalitat preferida com mai!<\/h2>\n\t\t\t\t\t<\/header><!-- end gallery-area-heading -->\n\t\t\t\t<\/div><!-- end col-lg-6 -->\n\n\t\t\t\t\t\t\t\t\t<div class=\"col-md-6 col-md-6\">\n\t\t\t\t\t\t<div class=\"gallery-heading-image\">\n\t\t\t\t\t\t\t<img decoding=\"async\" src=\"https:\/\/nauticescala.com\/wp-content\/uploads\/2019\/09\/ico-02.svg\" alt=\"\" \/>\n\t\t\t\t\t\t<\/div><!-- end gallery-heading-image -->\n\t\t\t\t\t<\/div><!-- end col-md-6 -->\n\t\t\t\t\t\t\t<\/div><!-- end row -->\n\t\t<\/div><!-- end container -->\n\t\n\t\t\t<div class=\"container\">\n\t\t\t<div class=\"gallery-items\">\n\n\t\t\t\t\t\t\t\t\n\t\t\t\t\t<div class=\"gallery-slide\">\n\t\t\t\t\t\t<a href=\"https:\/\/nauticescala.com\/compra-activitats-a-costa-brava\/?filters_modality%5B%5D=caiac&amp;filters_activity_type%5B%5D=ruta-guiada&amp;orderby=dates\" class=\"widget-link\">\n\t\t\t\t\t\t\t<figure class=\"gallery-item\">\n\t\t\t\t\t\t\t\t\t\t\t\t\t\t\t\t\t<div class=\"image primary-gradient\">\n\t\t\t\t\t\t\t\t\t\t<img decoding=\"async\" src=\"https:\/\/nauticescala.com\/wp-content\/uploads\/2021\/03\/2013-caiac-lescala-1-700x353.jpg\" alt=\"\" \/>\n\t\t\t\t\t\t\t\t\t<\/div><!-- end image -->\n\t\t\t\t\t\t\t\t\t\t\t\t\t\t\t\t\t\t\t\t\t\t\t\t\t<figcaption>\n\t\t\t\t\t\t\t\t<h3>Caiac<\/h3>\n\t\t\t\t\t\t\t\t\t<\/figcaption>\n\t\t\t\t\t\t\t\t\t\t\t\t\t\t\t<\/figure><!-- end gallery-item -->\n\t\t\t\t\t\t<\/a><!-- end widget-link -->\n\t\t\t\t\t<\/div><!-- end gallery-slide -->\n\n\t\t\t\t\t\t\t\t\t\n\t\t\t\t\t<div class=\"gallery-slide\">\n\t\t\t\t\t\t<a href=\"https:\/\/nauticescala.com\/compra-activitats-a-costa-brava\/?filters_modality%5B%5D=stand-up-paddle&amp;filters_activity_type%5B%5D=ruta-guiada&amp;orderby=dates\" class=\"widget-link\">\n\t\t\t\t\t\t\t<figure class=\"gallery-item\">\n\t\t\t\t\t\t\t\t\t\t\t\t\t\t\t\t\t<div class=\"image primary-gradient\">\n\t\t\t\t\t\t\t\t\t\t<img decoding=\"async\" src=\"https:\/\/nauticescala.com\/wp-content\/uploads\/2021\/01\/2022-nauticescala-sup-14-700x353.jpg\" alt=\"2022-nauticescala-SUP (14)\" \/>\n\t\t\t\t\t\t\t\t\t<\/div><!-- end image -->\n\t\t\t\t\t\t\t\t\t\t\t\t\t\t\t\t\t\t\t\t\t\t\t\t\t<figcaption>\n\t\t\t\t\t\t\t\t<h3>Stand up paddle<\/h3>\n\t\t\t\t\t\t\t\t\t<\/figcaption>\n\t\t\t\t\t\t\t\t\t\t\t\t\t\t\t<\/figure><!-- end gallery-item -->\n\t\t\t\t\t\t<\/a><!-- end widget-link -->\n\t\t\t\t\t<\/div><!-- end gallery-slide -->\n\n\t\t\t\t\t\t\t\t\t\n\t\t\t\t\t<div class=\"gallery-slide\">\n\t\t\t\t\t\t<a href=\"https:\/\/nauticescala.com\/compra-activitats-a-costa-brava\/?filters_modality%5B%5D=rem-de-mar&amp;filters_activity_type%5B%5D=ruta-guiada&amp;orderby=dates\" class=\"widget-link\">\n\t\t\t\t\t\t\t<figure class=\"gallery-item\">\n\t\t\t\t\t\t\t\t\t\t\t\t\t\t\t\t\t<div class=\"image \">\n\t\t\t\t\t\t\t\t\t\t<img decoding=\"async\" src=\"https:\/\/nauticescala.com\/wp-content\/uploads\/2020\/11\/2022-nauticescala-rem-de-mar-12-700x353.jpg\" alt=\"\" \/>\n\t\t\t\t\t\t\t\t\t<\/div><!-- end image -->\n\t\t\t\t\t\t\t\t\t\t\t\t\t\t\t\t\t\t\t\t\t\t\t\t\t<figcaption>\n\t\t\t\t\t\t\t\t<h3>Rem de mar<\/h3>\n\t\t\t\t\t\t\t\t\t<\/figcaption>\n\t\t\t\t\t\t\t\t\t\t\t\t\t\t\t<\/figure><!-- end gallery-item -->\n\t\t\t\t\t\t<\/a><!-- end widget-link -->\n\t\t\t\t\t<\/div><!-- end gallery-slide -->\n\n\t\t\t\t\t\t\t\t\t\n\t\t\t\t\t<div class=\"gallery-slide\">\n\t\t\t\t\t\t<a href=\"https:\/\/nauticescala.com\/compra-activitats-a-costa-brava\/?filters_modality%5B%5D=vela-lleugera&amp;filters_activity_type%5B%5D=ruta-guiada&amp;orderby=dates\" class=\"widget-link\">\n\t\t\t\t\t\t\t<figure class=\"gallery-item\">\n\t\t\t\t\t\t\t\t\t\t\t\t\t\t\t\t\t<div class=\"image \">\n\t\t\t\t\t\t\t\t\t\t<img decoding=\"async\" src=\"https:\/\/nauticescala.com\/wp-content\/uploads\/2022\/12\/2022-club-nautic-escala-abonats-28-700x353.jpg\" alt=\"\" \/>\n\t\t\t\t\t\t\t\t\t<\/div><!-- end image -->\n\t\t\t\t\t\t\t\t\t\t\t\t\t\t\t\t\t\t\t\t\t\t\t\t\t<figcaption>\n\t\t\t\t\t\t\t\t<h3>Vela lleugera<\/h3>\n\t\t\t\t\t\t\t\t\t<\/figcaption>\n\t\t\t\t\t\t\t\t\t\t\t\t\t\t\t<\/figure><!-- end gallery-item -->\n\t\t\t\t\t\t<\/a><!-- end widget-link -->\n\t\t\t\t\t<\/div><!-- end gallery-slide -->\n\n\t\t\t\t\t\t\t\t\t\n\t\t\t\t\t<div class=\"gallery-slide\">\n\t\t\t\t\t\t<a href=\"https:\/\/nauticescala.com\/compra-activitats-a-costa-brava\/?filters_modality%5B%5D=creuer&amp;filters_activity_type%5B%5D=ruta-guiada&amp;orderby=dates\" class=\"widget-link\">\n\t\t\t\t\t\t\t<figure class=\"gallery-item\">\n\t\t\t\t\t\t\t\t\t\t\t\t\t\t\t\t\t<div class=\"image \">\n\t\t\t\t\t\t\t\t\t\t<img decoding=\"async\" src=\"https:\/\/nauticescala.com\/wp-content\/uploads\/2024\/01\/2023-nauticescala-creuer-144-700x353.jpg\" alt=\"\" \/>\n\t\t\t\t\t\t\t\t\t<\/div><!-- end image -->\n\t\t\t\t\t\t\t\t\t\t\t\t\t\t\t\t\t\t\t\t\t\t\t\t\t<figcaption>\n\t\t\t\t\t\t\t\t<h3>Creuer<\/h3>\n\t\t\t\t\t\t\t\t\t<\/figcaption>\n\t\t\t\t\t\t\t\t\t\t\t\t\t\t\t<\/figure><!-- end gallery-item -->\n\t\t\t\t\t\t<\/a><!-- end widget-link -->\n\t\t\t\t\t<\/div><!-- end gallery-slide -->\n\n\t\t\t\t\t\t\t\t\t\n\t\t\t\t\t<div class=\"gallery-slide\">\n\t\t\t\t\t\t<a href=\"https:\/\/nauticescala.com\/compra-activitats-a-costa-brava\/?filters_modality%5B%5D=j70&amp;filters_activity_type%5B%5D=ruta-guiada&amp;orderby=dates\" class=\"widget-link\">\n\t\t\t\t\t\t\t<figure class=\"gallery-item\">\n\t\t\t\t\t\t\t\t\t\t\t\t\t\t\t\t\t<div class=\"image \">\n\t\t\t\t\t\t\t\t\t\t<img decoding=\"async\" src=\"https:\/\/nauticescala.com\/wp-content\/uploads\/2022\/10\/2019-interclubs-emporda-2019-93-j70-700x343.jpg\" alt=\"\" \/>\n\t\t\t\t\t\t\t\t\t<\/div><!-- end image -->\n\t\t\t\t\t\t\t\t\t\t\t\t\t\t\t\t\t\t\t\t\t\t\t\t\t<figcaption>\n\t\t\t\t\t\t\t\t<h3>J70<\/h3>\n\t\t\t\t\t\t\t\t\t<\/figcaption>\n\t\t\t\t\t\t\t\t\t\t\t\t\t\t\t<\/figure><!-- end gallery-item -->\n\t\t\t\t\t\t<\/a><!-- end widget-link -->\n\t\t\t\t\t<\/div><!-- end gallery-slide -->\n\n\t\t\t\t\t\t\t\t\t\n\t\t\t<\/div><!-- end gallery-items -->\n\t\t<\/div><!-- end container-fluid -->\n\t\t\n<\/section><!-- end gallery-area -->\n","protected":false},"excerpt":{"rendered":"","protected":false},"author":4,"featured_media":34724,"parent":10722,"menu_order":0,"comment_status":"closed","ping_status":"closed","template":"","meta":{"_acf_changed":false,"_monsterinsights_skip_tracking":false,"_monsterinsights_sitenote_active":false,"_monsterinsights_sitenote_note":"","_monsterinsights_sitenote_category":0,"footnotes":""},"class_list":["post-60792","page","type-page","status-publish","has-post-thumbnail","hentry"],"acf":[],"yoast_head":"<!-- This site is optimized with the Yoast SEO Premium plugin v20.7 (Yoast SEO v27.3) - https:\/\/yoast.com\/product\/yoast-seo-premium-wordpress\/ -->\n<title>Rutes Guiades &#8211; Club N\u00e0utic L\u2019Escala<\/title>\n<meta name=\"description\" content=\"Sortides amb vela lleugera, vela de creuer, rem de mar, caiac i stand up paddle per gaudir de la Costa Brava, i en especial de l\u2019Escala i el seu entorn.\" \/>\n<meta name=\"robots\" content=\"index, follow, max-snippet:-1, max-image-preview:large, max-video-preview:-1\" \/>\n<link rel=\"canonical\" href=\"https:\/\/nauticescala.com\/es\/actividades-nauticas-en-la-costa-brava\/rutes-guiades\/\" \/>\n<meta property=\"og:locale\" content=\"es_ES\" \/>\n<meta property=\"og:type\" content=\"article\" \/>\n<meta property=\"og:title\" content=\"Rutes Guiades\" \/>\n<meta property=\"og:description\" content=\"Sortides amb vela lleugera, vela de creuer, rem de mar, caiac i stand up paddle per gaudir de la Costa Brava, i en especial de l\u2019Escala i el seu entorn.\" \/>\n<meta property=\"og:url\" content=\"https:\/\/nauticescala.com\/es\/actividades-nauticas-en-la-costa-brava\/rutes-guiades\/\" \/>\n<meta property=\"og:site_name\" content=\"Club N\u00e0utic L\u2019Escala\" \/>\n<meta property=\"article:modified_time\" content=\"2024-03-23T11:43:57+00:00\" \/>\n<meta property=\"og:image\" content=\"https:\/\/nauticescala.com\/wp-content\/uploads\/2020\/11\/2021-club-nautic-lescala-rem-4.jpg\" \/>\n\t<meta property=\"og:image:width\" content=\"1800\" \/>\n\t<meta property=\"og:image:height\" content=\"907\" \/>\n\t<meta property=\"og:image:type\" content=\"image\/jpeg\" \/>\n<meta name=\"twitter:card\" content=\"summary_large_image\" \/>\n<meta name=\"twitter:label1\" content=\"Tiempo de lectura\" \/>\n\t<meta name=\"twitter:data1\" content=\"4 minutos\" \/>\n<script type=\"application\/ld+json\" class=\"yoast-schema-graph\">{\"@context\":\"https:\\\/\\\/schema.org\",\"@graph\":[{\"@type\":\"WebPage\",\"@id\":\"https:\\\/\\\/nauticescala.com\\\/es\\\/actividades-nauticas-en-la-costa-brava\\\/rutes-guiades\\\/\",\"url\":\"https:\\\/\\\/nauticescala.com\\\/es\\\/actividades-nauticas-en-la-costa-brava\\\/rutes-guiades\\\/\",\"name\":\"Rutes Guiades &#8211; Club N\u00e0utic L\u2019Escala\",\"isPartOf\":{\"@id\":\"https:\\\/\\\/nauticescala.com\\\/#website\"},\"primaryImageOfPage\":{\"@id\":\"https:\\\/\\\/nauticescala.com\\\/es\\\/actividades-nauticas-en-la-costa-brava\\\/rutes-guiades\\\/#primaryimage\"},\"image\":{\"@id\":\"https:\\\/\\\/nauticescala.com\\\/es\\\/actividades-nauticas-en-la-costa-brava\\\/rutes-guiades\\\/#primaryimage\"},\"thumbnailUrl\":\"https:\\\/\\\/nauticescala.com\\\/wp-content\\\/uploads\\\/2020\\\/11\\\/2021-club-nautic-lescala-rem-4.jpg\",\"datePublished\":\"2024-03-23T11:43:54+00:00\",\"dateModified\":\"2024-03-23T11:43:57+00:00\",\"description\":\"Sortides amb vela lleugera, vela de creuer, rem de mar, caiac i stand up paddle per gaudir de la Costa Brava, i en especial de l\u2019Escala i el seu entorn.\",\"breadcrumb\":{\"@id\":\"https:\\\/\\\/nauticescala.com\\\/es\\\/actividades-nauticas-en-la-costa-brava\\\/rutes-guiades\\\/#breadcrumb\"},\"inLanguage\":\"es\",\"potentialAction\":[{\"@type\":\"ReadAction\",\"target\":[\"https:\\\/\\\/nauticescala.com\\\/es\\\/actividades-nauticas-en-la-costa-brava\\\/rutes-guiades\\\/\"]}]},{\"@type\":\"ImageObject\",\"inLanguage\":\"es\",\"@id\":\"https:\\\/\\\/nauticescala.com\\\/es\\\/actividades-nauticas-en-la-costa-brava\\\/rutes-guiades\\\/#primaryimage\",\"url\":\"https:\\\/\\\/nauticescala.com\\\/wp-content\\\/uploads\\\/2020\\\/11\\\/2021-club-nautic-lescala-rem-4.jpg\",\"contentUrl\":\"https:\\\/\\\/nauticescala.com\\\/wp-content\\\/uploads\\\/2020\\\/11\\\/2021-club-nautic-lescala-rem-4.jpg\",\"width\":1800,\"height\":907,\"caption\":\"2021-Club Nautic lEscala-Rem-caiac4\"},{\"@type\":\"BreadcrumbList\",\"@id\":\"https:\\\/\\\/nauticescala.com\\\/es\\\/actividades-nauticas-en-la-costa-brava\\\/rutes-guiades\\\/#breadcrumb\",\"itemListElement\":[{\"@type\":\"ListItem\",\"position\":1,\"name\":\"Home\",\"item\":\"https:\\\/\\\/nauticescala.com\\\/es\\\/\"},{\"@type\":\"ListItem\",\"position\":2,\"name\":\"Escuela de Vela\",\"item\":\"https:\\\/\\\/nauticescala.com\\\/es\\\/actividades-nauticas-en-la-costa-brava\\\/\"},{\"@type\":\"ListItem\",\"position\":3,\"name\":\"Rutes Guiades\"}]},{\"@type\":\"WebSite\",\"@id\":\"https:\\\/\\\/nauticescala.com\\\/#website\",\"url\":\"https:\\\/\\\/nauticescala.com\\\/\",\"name\":\"Club N\u00e0utic L\u2019Escala\",\"description\":\"Port esportiu a la Costa Brava\",\"potentialAction\":[{\"@type\":\"SearchAction\",\"target\":{\"@type\":\"EntryPoint\",\"urlTemplate\":\"https:\\\/\\\/nauticescala.com\\\/?s={search_term_string}\"},\"query-input\":{\"@type\":\"PropertyValueSpecification\",\"valueRequired\":true,\"valueName\":\"search_term_string\"}}],\"inLanguage\":\"es\"}]}<\/script>\n<!-- \/ Yoast SEO Premium plugin. -->","yoast_head_json":{"title":"Rutes Guiades &#8211; Club N\u00e0utic L\u2019Escala","description":"Sortides amb vela lleugera, vela de creuer, rem de mar, caiac i stand up paddle per gaudir de la Costa Brava, i en especial de l\u2019Escala i el seu entorn.","robots":{"index":"index","follow":"follow","max-snippet":"max-snippet:-1","max-image-preview":"max-image-preview:large","max-video-preview":"max-video-preview:-1"},"canonical":"https:\/\/nauticescala.com\/es\/actividades-nauticas-en-la-costa-brava\/rutes-guiades\/","og_locale":"es_ES","og_type":"article","og_title":"Rutes Guiades","og_description":"Sortides amb vela lleugera, vela de creuer, rem de mar, caiac i stand up paddle per gaudir de la Costa Brava, i en especial de l\u2019Escala i el seu entorn.","og_url":"https:\/\/nauticescala.com\/es\/actividades-nauticas-en-la-costa-brava\/rutes-guiades\/","og_site_name":"Club N\u00e0utic L\u2019Escala","article_modified_time":"2024-03-23T11:43:57+00:00","og_image":[{"width":1800,"height":907,"url":"https:\/\/nauticescala.com\/wp-content\/uploads\/2020\/11\/2021-club-nautic-lescala-rem-4.jpg","type":"image\/jpeg"}],"twitter_card":"summary_large_image","twitter_misc":{"Tiempo de lectura":"4 minutos"},"schema":{"@context":"https:\/\/schema.org","@graph":[{"@type":"WebPage","@id":"https:\/\/nauticescala.com\/es\/actividades-nauticas-en-la-costa-brava\/rutes-guiades\/","url":"https:\/\/nauticescala.com\/es\/actividades-nauticas-en-la-costa-brava\/rutes-guiades\/","name":"Rutes Guiades &#8211; Club N\u00e0utic L\u2019Escala","isPartOf":{"@id":"https:\/\/nauticescala.com\/#website"},"primaryImageOfPage":{"@id":"https:\/\/nauticescala.com\/es\/actividades-nauticas-en-la-costa-brava\/rutes-guiades\/#primaryimage"},"image":{"@id":"https:\/\/nauticescala.com\/es\/actividades-nauticas-en-la-costa-brava\/rutes-guiades\/#primaryimage"},"thumbnailUrl":"https:\/\/nauticescala.com\/wp-content\/uploads\/2020\/11\/2021-club-nautic-lescala-rem-4.jpg","datePublished":"2024-03-23T11:43:54+00:00","dateModified":"2024-03-23T11:43:57+00:00","description":"Sortides amb vela lleugera, vela de creuer, rem de mar, caiac i stand up paddle per gaudir de la Costa Brava, i en especial de l\u2019Escala i el seu entorn.","breadcrumb":{"@id":"https:\/\/nauticescala.com\/es\/actividades-nauticas-en-la-costa-brava\/rutes-guiades\/#breadcrumb"},"inLanguage":"es","potentialAction":[{"@type":"ReadAction","target":["https:\/\/nauticescala.com\/es\/actividades-nauticas-en-la-costa-brava\/rutes-guiades\/"]}]},{"@type":"ImageObject","inLanguage":"es","@id":"https:\/\/nauticescala.com\/es\/actividades-nauticas-en-la-costa-brava\/rutes-guiades\/#primaryimage","url":"https:\/\/nauticescala.com\/wp-content\/uploads\/2020\/11\/2021-club-nautic-lescala-rem-4.jpg","contentUrl":"https:\/\/nauticescala.com\/wp-content\/uploads\/2020\/11\/2021-club-nautic-lescala-rem-4.jpg","width":1800,"height":907,"caption":"2021-Club Nautic lEscala-Rem-caiac4"},{"@type":"BreadcrumbList","@id":"https:\/\/nauticescala.com\/es\/actividades-nauticas-en-la-costa-brava\/rutes-guiades\/#breadcrumb","itemListElement":[{"@type":"ListItem","position":1,"name":"Home","item":"https:\/\/nauticescala.com\/es\/"},{"@type":"ListItem","position":2,"name":"Escuela de Vela","item":"https:\/\/nauticescala.com\/es\/actividades-nauticas-en-la-costa-brava\/"},{"@type":"ListItem","position":3,"name":"Rutes Guiades"}]},{"@type":"WebSite","@id":"https:\/\/nauticescala.com\/#website","url":"https:\/\/nauticescala.com\/","name":"Club N\u00e0utic L\u2019Escala","description":"Port esportiu a la Costa Brava","potentialAction":[{"@type":"SearchAction","target":{"@type":"EntryPoint","urlTemplate":"https:\/\/nauticescala.com\/?s={search_term_string}"},"query-input":{"@type":"PropertyValueSpecification","valueRequired":true,"valueName":"search_term_string"}}],"inLanguage":"es"}]}},"_links":{"self":[{"href":"https:\/\/nauticescala.com\/es\/wp-json\/wp\/v2\/pages\/60792","targetHints":{"allow":["GET"]}}],"collection":[{"href":"https:\/\/nauticescala.com\/es\/wp-json\/wp\/v2\/pages"}],"about":[{"href":"https:\/\/nauticescala.com\/es\/wp-json\/wp\/v2\/types\/page"}],"author":[{"embeddable":true,"href":"https:\/\/nauticescala.com\/es\/wp-json\/wp\/v2\/users\/4"}],"replies":[{"embeddable":true,"href":"https:\/\/nauticescala.com\/es\/wp-json\/wp\/v2\/comments?post=60792"}],"version-history":[{"count":2,"href":"https:\/\/nauticescala.com\/es\/wp-json\/wp\/v2\/pages\/60792\/revisions"}],"predecessor-version":[{"id":67302,"href":"https:\/\/nauticescala.com\/es\/wp-json\/wp\/v2\/pages\/60792\/revisions\/67302"}],"up":[{"embeddable":true,"href":"https:\/\/nauticescala.com\/es\/wp-json\/wp\/v2\/pages\/10722"}],"wp:featuredmedia":[{"embeddable":true,"href":"https:\/\/nauticescala.com\/es\/wp-json\/wp\/v2\/media\/34724"}],"wp:attachment":[{"href":"https:\/\/nauticescala.com\/es\/wp-json\/wp\/v2\/media?parent=60792"}],"curies":[{"name":"wp","href":"https:\/\/api.w.org\/{rel}","templated":true}]}}