 {"id":66940,"date":"2024-03-21T12:58:33","date_gmt":"2024-03-21T11:58:33","guid":{"rendered":"https:\/\/nauticescala.com\/?page_id=66940&#038;preview_id=66940"},"modified":"2026-04-02T10:44:25","modified_gmt":"2026-04-02T08:44:25","slug":"informacion-llegada-salida","status":"publish","type":"page","link":"https:\/\/nauticescala.com\/es\/informacion-llegada-salida\/","title":{"rendered":"Informaci\u00f3n de llegada y salida del puerto"},"content":{"rendered":"\t\n\t<section class=\"title-section d-md-block\">\n\t\t<div class=\"container\">\n\t\t\t\t\n\t\t\t\t<h1>Informaci\u00f3n de llegada y salida del puerto<\/h1>\n\t\t\t\t\t\t\t\n\t\t\t\t<p>\u00a1Consulta todo lo que necesitas saber para preparar y disfrutar al m\u00e1ximo de tu estancia en el Club!<\/p>\n\t\t\t\t\t<\/div><!-- end container -->\n\t<\/section><!-- end title-section -->\n<section class=\"article-section\"><div class=\"container\">\n\n<\/div><\/section>\t<div class=\"visual-area\">\n\t\t<figure class=\"visual-banner\">\n\t\t\t<div class=\"image\">\n\t\t\t\t<img decoding=\"async\" src=\"https:\/\/nauticescala.com\/wp-content\/uploads\/2024\/03\/2022-nauticescala-c-poseidrone-aeries-marina-47.jpg\" alt=\"\" \/>\n\t\t\t<\/div><!-- end image -->\n\t\t\t<div class=\"bg-image bg-img primary-gradient\">\n\t\t\t\t<img decoding=\"async\" src=\"https:\/\/nauticescala.com\/wp-content\/uploads\/2024\/03\/2022-nauticescala-c-poseidrone-aeries-marina-47.jpg\" alt=\"\" \/>\n\t\t\t<\/div><!-- end bg-image -->\n\t\t<\/figure><!-- end visual-banner -->\n\t<\/div><!-- end visual-area -->\n<section class=\"article-section\"><div class=\"container\">\n\n<\/div><\/section>\n        <div class=\"intro-area-holder\">\n            <h3>Datos del puerto:<\/h3>\n<ul>\n<li style=\"list-style-type: none;\">\n<ul>\n<li>945 amarres.<\/li>\n<li>Eslora m\u00e1xima: 22 m.<\/li>\n<li>Manga m\u00e1xima: 6 m.<\/li>\n<li>Calado m\u00e1ximo: 3,5 m.<\/li>\n<li>Muelle de la Estaci\u00f3n de servicio de carburantes: 60 m.<\/li>\n<li>Canal 9 de VHF 24 h.<\/li>\n<li>Tel\u00e9fono 24 h: +34 972 770 016.<\/li>\n<li>Coordenadas GPS: 42\u00ba 07\u2032 N \/ 3\u00ba 08,6\u2032 E<\/li>\n<li>Direcci\u00f3n: Port la Clota s\/n, 17130 L&#8217;Escala &#8211; Girona<\/li>\n<\/ul>\n<\/li>\n<\/ul>\n<h3>Antes de llegar<\/h3>\n<p><strong>Reserva<\/strong> tu amarre con antelaci\u00f3n para garantizar la plaza de amarre a trav\u00e9s de:<\/p>\n<ul>\n<li><a href=\"https:\/\/nauticescala.com\/es\/reserva-tu-amarre-en-la-costa-brava\/\">Web del Club<\/a><\/li>\n<li>Correo electr\u00f3nico: <a href=\"mailto:club@nauticescala.com\">club@nauticescala.com<\/a><\/li>\n<li>Tel\u00e9fono: (+34) 972 77 00 16<\/li>\n<\/ul>\n<p><strong>Horarios:<\/strong><\/p>\n<ul>\n<li><strong>Check-in:<\/strong> a partir de las 13:00 h.<\/li>\n<li><strong>Check-out:<\/strong> antes de las 12:00 h.<\/li>\n<\/ul>\n<h3>A tu llegada<\/h3>\n<ul>\n<li><strong>Contacto y asistencia:<\/strong> llama a Mariner\u00eda del Club por el canal VHF 9 para conocer la ubicaci\u00f3n de tu amarre y obtener ayuda a la hora de amarrar.<\/li>\n<li><strong>Tr\u00e1mites:<\/strong> Rellena el registro de entrada y facilita los documentos de la embarcaci\u00f3n. Presenta tu documento de identidad y los de la tripulaci\u00f3n en la Capitan\u00eda del Club para formalizar el check-in.<\/li>\n<li><strong>Actividades y servicios:<\/strong> Disfruta de los <a href=\"https:\/\/nauticescala.com\/es\/puerto-en-la-costa-brava\/\">servicios portuarios<\/a>, de movilidad (transporte interno, coche de cortes\u00eda, alquiler de bicicletas y coche) y <a href=\"https:\/\/nauticescala.com\/es\/actividades-nauticas-en-la-costa-brava\/\">actividades n\u00e1uticas<\/a> del Club. Solicita m\u00e1s informaci\u00f3n en la Capitan\u00eda del Club.<\/li>\n<\/ul>\n<h3>A tu salida<\/h3>\n<p><strong>Salida:<\/strong> Contacta con Mariner\u00eda por el canal VHF 9 en caso de necesitar asistencia.<\/p>\n<p><strong>Llegada anticipada\/salida con retraso<\/strong><\/p>\n<ul>\n<li><strong>Horarios especiales:<\/strong> Contacta con la Capitan\u00eda del Club si llegas antes de las 13:00 h o si sales m\u00e1s tarde de las 12:00 h. Haremos todo lo posible por adaptarnos, seg\u00fan disponibilidad.<\/li>\n<\/ul>\n<p><strong>Pol\u00edtica de cambios y cancelaciones<\/strong><\/p>\n<ul>\n<li><strong>Reserva y pago:<\/strong> Para confirmar tu reserva de amarre, deber\u00e1s efectuar un pago anticipado una vez confirmada la disponibilidad por parte del Club. El resto se deber\u00e1 abonar en la Capitan\u00eda del Club al formalizar el Check-in.<\/li>\n<li><strong>Datos necesarios:<\/strong> Los datos del usuario y\/o embarcaci\u00f3n facilitados deben ser v\u00e1lidos. Antes del inicio del servicio, se podr\u00e1 pedir acreditaci\u00f3n por parte del usuario\/a de estos datos. En caso de que no coincidan o el usuario\/a no se identifique, se le podr\u00e1 denegar el acceso al servicio.<\/li>\n<li><strong>Cancelaci\u00f3n:<\/strong> En caso de anular la reserva del amarre de embarcaciones en tr\u00e1nsito o con estancias inferiores a un mes, se abonar\u00e1 el 50% del pago anticipado, siempre y cuando la anulaci\u00f3n se produzca m\u00e1s de 48 horas antes del inicio del servicio contratado.<\/li>\n<li><strong>Pol\u00edtica de reservas:<\/strong> Para m\u00e1s informaci\u00f3n, consulta nuestra <a href=\"https:\/\/nauticescala.com\/es\/terminos-y-condiciones\/\">pol\u00edtica de cancelaci\u00f3n\/modificaci\u00f3n<\/a>.<\/li>\n<\/ul>\n        <\/div><!-- end intro-area-holder -->\n\n\n<section class=\"article-section\"><div class=\"container\">\n\n<\/div><\/section>\n    \n        <div class=\"btn-box\">\n            <a href=\"https:\/\/nauticescala.com\/es\/puerto-en-la-costa-brava\/plano-mapa\/\" target=\"_self\" class=\"btn btn-primary\">\u00a1Consulta el plano del Club!<\/a>\n\n        \n        \n\n<\/div><!-- end btn-box -->\n\n   \n<section class=\"article-section\"><div class=\"container\">\n\n<\/div><\/section><section class=\"slideshow\">\n\t\t\t<header class=\"slideshow-heading\">\n\t\t\t<div class=\"container\">\n\t\t\t\t<h2>Todos los servicios que necesitas para que disfrutar de la Costa Brava desde el mar sea muy f\u00e1cil<\/h2>\n\t\t\t<\/div><!-- end container -->\n\t\t<\/header><!-- end slideshow-heading -->\n\t\n\t\t\t<div class=\"slideshow-body\">\n\t\t\t<div class=\"slides\">\n\t\t\t\t\t\t\t\t\t\t\t\t\t\t\t<div class=\"slide\">\n\t\t\t\t\t\t\t<div class=\"container\">\n\t\t\t\t\t\t\t\t<figure class=\"image primary-gradient\">\n\t\t\t\t\t\t\t\t\t<img decoding=\"async\" src=\"https:\/\/nauticescala.com\/wp-content\/uploads\/2024\/03\/2022-nauticescala-c-poseidrone-aeries-marina-35.jpg\" alt=\"2022-nauticescala-c_Poseidrone-Aeries-port5\" \/>\n\t\t\t\t\t\t\t\t<\/figure><!-- end image -->\n\t\t\t\t\t\t\t<\/div><!-- end container -->\n\t\t\t\t\t\t<\/div><!-- end slide -->\n\t\t\t\t\t\t\t\t\t\t\t\t\t\t\t\t\t\t\t\t<div class=\"slide\">\n\t\t\t\t\t\t\t<div class=\"container\">\n\t\t\t\t\t\t\t\t<figure class=\"image primary-gradient\">\n\t\t\t\t\t\t\t\t\t<img decoding=\"async\" src=\"https:\/\/nauticescala.com\/wp-content\/uploads\/2024\/03\/2023-nauticescala-marina-34.jpg\" alt=\"\" \/>\n\t\t\t\t\t\t\t\t<\/figure><!-- end image -->\n\t\t\t\t\t\t\t<\/div><!-- end container -->\n\t\t\t\t\t\t<\/div><!-- end slide -->\n\t\t\t\t\t\t\t\t\t\t\t\t\t\t\t\t\t\t\t\t<div class=\"slide\">\n\t\t\t\t\t\t\t<div class=\"container\">\n\t\t\t\t\t\t\t\t<figure class=\"image primary-gradient\">\n\t\t\t\t\t\t\t\t\t<img decoding=\"async\" src=\"https:\/\/nauticescala.com\/wp-content\/uploads\/2024\/03\/2024-nauticescala-3.jpg\" alt=\"\" \/>\n\t\t\t\t\t\t\t\t<\/figure><!-- end image -->\n\t\t\t\t\t\t\t<\/div><!-- end container -->\n\t\t\t\t\t\t<\/div><!-- end slide -->\n\t\t\t\t\t\t\t\t\t\t\t\t\t\t\t\t\t\t\t\t<div class=\"slide\">\n\t\t\t\t\t\t\t<div class=\"container\">\n\t\t\t\t\t\t\t\t<figure class=\"image primary-gradient\">\n\t\t\t\t\t\t\t\t\t<img decoding=\"async\" src=\"https:\/\/nauticescala.com\/wp-content\/uploads\/2024\/03\/2023-nauticescala-oficines-port.jpg\" alt=\"\" \/>\n\t\t\t\t\t\t\t\t<\/figure><!-- end image -->\n\t\t\t\t\t\t\t<\/div><!-- end container -->\n\t\t\t\t\t\t<\/div><!-- end slide -->\n\t\t\t\t\t\t\t\t\t\t\t\t\t\t\t\t\t\t\t\t<div class=\"slide\">\n\t\t\t\t\t\t\t<div class=\"container\">\n\t\t\t\t\t\t\t\t<figure class=\"image primary-gradient\">\n\t\t\t\t\t\t\t\t\t<img decoding=\"async\" src=\"https:\/\/nauticescala.com\/wp-content\/uploads\/2024\/03\/2023-nauticescala-port-45.jpg\" alt=\"\" \/>\n\t\t\t\t\t\t\t\t<\/figure><!-- end image -->\n\t\t\t\t\t\t\t<\/div><!-- end container -->\n\t\t\t\t\t\t<\/div><!-- end slide -->\n\t\t\t\t\t\t\t\t\t\t\t\t\t\t\t\t\t\t\t\t<div class=\"slide\">\n\t\t\t\t\t\t\t<div class=\"container\">\n\t\t\t\t\t\t\t\t<figure class=\"image primary-gradient\">\n\t\t\t\t\t\t\t\t\t<img decoding=\"async\" src=\"https:\/\/nauticescala.com\/wp-content\/uploads\/2024\/03\/2023-nauticescala-marina-28.jpg\" alt=\"\" \/>\n\t\t\t\t\t\t\t\t<\/figure><!-- end image -->\n\t\t\t\t\t\t\t<\/div><!-- end container -->\n\t\t\t\t\t\t<\/div><!-- end slide -->\n\t\t\t\t\t\t\t\t\t\t\t\t\t\t\t\t\t\t\t\t<div class=\"slide\">\n\t\t\t\t\t\t\t<div class=\"container\">\n\t\t\t\t\t\t\t\t<figure class=\"image primary-gradient\">\n\t\t\t\t\t\t\t\t\t<img decoding=\"async\" src=\"https:\/\/nauticescala.com\/wp-content\/uploads\/2024\/03\/2023-nauticescala-port-23.jpg\" alt=\"\" \/>\n\t\t\t\t\t\t\t\t<\/figure><!-- end image -->\n\t\t\t\t\t\t\t<\/div><!-- end container -->\n\t\t\t\t\t\t<\/div><!-- end slide -->\n\t\t\t\t\t\t\t\t\t\t\t\t\t\t\t\t\t\t\t\t<div class=\"slide\">\n\t\t\t\t\t\t\t<div class=\"container\">\n\t\t\t\t\t\t\t\t<figure class=\"image primary-gradient\">\n\t\t\t\t\t\t\t\t\t<img decoding=\"async\" src=\"https:\/\/nauticescala.com\/wp-content\/uploads\/2024\/03\/2017-nauticescala-aeries-costa-brava-port-1.jpg\" alt=\"2017-nauticescala-Aeries-Port (1)\" \/>\n\t\t\t\t\t\t\t\t<\/figure><!-- end image -->\n\t\t\t\t\t\t\t<\/div><!-- end container -->\n\t\t\t\t\t\t<\/div><!-- end slide -->\n\t\t\t\t\t\t\t\t\t\t\t\t\t\t\t\t\t\t\t\t<div class=\"slide\">\n\t\t\t\t\t\t\t<div class=\"container\">\n\t\t\t\t\t\t\t\t<figure class=\"image primary-gradient\">\n\t\t\t\t\t\t\t\t\t<img decoding=\"async\" src=\"https:\/\/nauticescala.com\/wp-content\/uploads\/2024\/03\/2022-nauticescala-c-poseidrone-aeries-marina-11.jpg\" alt=\"2022-nauticescala-c_Poseidrone-Aeries-port-11\" \/>\n\t\t\t\t\t\t\t\t<\/figure><!-- end image -->\n\t\t\t\t\t\t\t<\/div><!-- end container -->\n\t\t\t\t\t\t<\/div><!-- end slide -->\n\t\t\t\t\t\t\t\t\t\t\t\t\t\t\t\t\t\t\t\t<div class=\"slide\">\n\t\t\t\t\t\t\t<div class=\"container\">\n\t\t\t\t\t\t\t\t<figure class=\"image primary-gradient\">\n\t\t\t\t\t\t\t\t\t<img decoding=\"async\" src=\"https:\/\/nauticescala.com\/wp-content\/uploads\/2024\/03\/2022-nauticescala-marina-90.jpg\" alt=\"\" \/>\n\t\t\t\t\t\t\t\t<\/figure><!-- end image -->\n\t\t\t\t\t\t\t<\/div><!-- end container -->\n\t\t\t\t\t\t<\/div><!-- end slide -->\n\t\t\t\t\t\t\t\t\t\t\t\t<\/div><!-- end slides -->\n\t\t<\/div><!-- end slideshow-body -->\n\t<\/section><!-- end slideshow -->\n","protected":false},"excerpt":{"rendered":"","protected":false},"author":4,"featured_media":0,"parent":0,"menu_order":0,"comment_status":"closed","ping_status":"closed","template":"","meta":{"_acf_changed":false,"_monsterinsights_skip_tracking":false,"_monsterinsights_sitenote_active":false,"_monsterinsights_sitenote_note":"","_monsterinsights_sitenote_category":0,"footnotes":""},"class_list":["post-66940","page","type-page","status-publish","hentry"],"acf":[],"yoast_head":"<!-- This site is optimized with the Yoast SEO Premium plugin v20.7 (Yoast SEO v27.4) - https:\/\/yoast.com\/product\/yoast-seo-premium-wordpress\/ -->\n<title>Informaci\u00f3n de llegada y salida del puerto &#8211; Club N\u00e0utic L\u2019Escala<\/title>\n<meta name=\"description\" content=\"\u00a1Consulta la informaci\u00f3n de llegada y salida que necesitas saber para preparar y disfrutar al m\u00e1ximo de tu estancia en el Club!\" \/>\n<meta name=\"robots\" content=\"index, follow, max-snippet:-1, max-image-preview:large, max-video-preview:-1\" \/>\n<link rel=\"canonical\" href=\"https:\/\/nauticescala.com\/es\/informacion-llegada-salida\/\" \/>\n<meta property=\"og:locale\" content=\"es_ES\" \/>\n<meta property=\"og:type\" content=\"article\" \/>\n<meta property=\"og:title\" content=\"Informaci\u00f3n de llegada y salida del puerto\" \/>\n<meta property=\"og:description\" content=\"\u00a1Consulta la informaci\u00f3n de llegada y salida que necesitas saber para preparar y disfrutar al m\u00e1ximo de tu estancia en el Club!\" \/>\n<meta property=\"og:url\" content=\"https:\/\/nauticescala.com\/es\/informacion-llegada-salida\/\" \/>\n<meta property=\"og:site_name\" content=\"Club N\u00e0utic L\u2019Escala\" \/>\n<meta property=\"article:modified_time\" content=\"2026-04-02T08:44:25+00:00\" \/>\n<meta name=\"twitter:card\" content=\"summary_large_image\" \/>\n<meta name=\"twitter:label1\" content=\"Tiempo de lectura\" \/>\n\t<meta name=\"twitter:data1\" content=\"3 minutos\" \/>\n<script type=\"application\/ld+json\" class=\"yoast-schema-graph\">{\"@context\":\"https:\\\/\\\/schema.org\",\"@graph\":[{\"@type\":\"WebPage\",\"@id\":\"https:\\\/\\\/nauticescala.com\\\/es\\\/informacion-llegada-salida\\\/\",\"url\":\"https:\\\/\\\/nauticescala.com\\\/es\\\/informacion-llegada-salida\\\/\",\"name\":\"Informaci\u00f3n de llegada y salida del puerto &#8211; Club N\u00e0utic L\u2019Escala\",\"isPartOf\":{\"@id\":\"https:\\\/\\\/nauticescala.com\\\/#website\"},\"datePublished\":\"2024-03-21T11:58:33+00:00\",\"dateModified\":\"2026-04-02T08:44:25+00:00\",\"description\":\"\u00a1Consulta la informaci\u00f3n de llegada y salida que necesitas saber para preparar y disfrutar al m\u00e1ximo de tu estancia en el Club!\",\"breadcrumb\":{\"@id\":\"https:\\\/\\\/nauticescala.com\\\/es\\\/informacion-llegada-salida\\\/#breadcrumb\"},\"inLanguage\":\"es\",\"potentialAction\":[{\"@type\":\"ReadAction\",\"target\":[\"https:\\\/\\\/nauticescala.com\\\/es\\\/informacion-llegada-salida\\\/\"]}]},{\"@type\":\"BreadcrumbList\",\"@id\":\"https:\\\/\\\/nauticescala.com\\\/es\\\/informacion-llegada-salida\\\/#breadcrumb\",\"itemListElement\":[{\"@type\":\"ListItem\",\"position\":1,\"name\":\"Home\",\"item\":\"https:\\\/\\\/nauticescala.com\\\/es\\\/\"},{\"@type\":\"ListItem\",\"position\":2,\"name\":\"Informaci\u00f3n de llegada y salida del puerto\"}]},{\"@type\":\"WebSite\",\"@id\":\"https:\\\/\\\/nauticescala.com\\\/#website\",\"url\":\"https:\\\/\\\/nauticescala.com\\\/\",\"name\":\"Club N\u00e0utic L\u2019Escala\",\"description\":\"Port esportiu a la Costa Brava\",\"potentialAction\":[{\"@type\":\"SearchAction\",\"target\":{\"@type\":\"EntryPoint\",\"urlTemplate\":\"https:\\\/\\\/nauticescala.com\\\/?s={search_term_string}\"},\"query-input\":{\"@type\":\"PropertyValueSpecification\",\"valueRequired\":true,\"valueName\":\"search_term_string\"}}],\"inLanguage\":\"es\"}]}<\/script>\n<!-- \/ Yoast SEO Premium plugin. -->","yoast_head_json":{"title":"Informaci\u00f3n de llegada y salida del puerto &#8211; Club N\u00e0utic L\u2019Escala","description":"\u00a1Consulta la informaci\u00f3n de llegada y salida que necesitas saber para preparar y disfrutar al m\u00e1ximo de tu estancia en el Club!","robots":{"index":"index","follow":"follow","max-snippet":"max-snippet:-1","max-image-preview":"max-image-preview:large","max-video-preview":"max-video-preview:-1"},"canonical":"https:\/\/nauticescala.com\/es\/informacion-llegada-salida\/","og_locale":"es_ES","og_type":"article","og_title":"Informaci\u00f3n de llegada y salida del puerto","og_description":"\u00a1Consulta la informaci\u00f3n de llegada y salida que necesitas saber para preparar y disfrutar al m\u00e1ximo de tu estancia en el Club!","og_url":"https:\/\/nauticescala.com\/es\/informacion-llegada-salida\/","og_site_name":"Club N\u00e0utic L\u2019Escala","article_modified_time":"2026-04-02T08:44:25+00:00","twitter_card":"summary_large_image","twitter_misc":{"Tiempo de lectura":"3 minutos"},"schema":{"@context":"https:\/\/schema.org","@graph":[{"@type":"WebPage","@id":"https:\/\/nauticescala.com\/es\/informacion-llegada-salida\/","url":"https:\/\/nauticescala.com\/es\/informacion-llegada-salida\/","name":"Informaci\u00f3n de llegada y salida del puerto &#8211; Club N\u00e0utic L\u2019Escala","isPartOf":{"@id":"https:\/\/nauticescala.com\/#website"},"datePublished":"2024-03-21T11:58:33+00:00","dateModified":"2026-04-02T08:44:25+00:00","description":"\u00a1Consulta la informaci\u00f3n de llegada y salida que necesitas saber para preparar y disfrutar al m\u00e1ximo de tu estancia en el Club!","breadcrumb":{"@id":"https:\/\/nauticescala.com\/es\/informacion-llegada-salida\/#breadcrumb"},"inLanguage":"es","potentialAction":[{"@type":"ReadAction","target":["https:\/\/nauticescala.com\/es\/informacion-llegada-salida\/"]}]},{"@type":"BreadcrumbList","@id":"https:\/\/nauticescala.com\/es\/informacion-llegada-salida\/#breadcrumb","itemListElement":[{"@type":"ListItem","position":1,"name":"Home","item":"https:\/\/nauticescala.com\/es\/"},{"@type":"ListItem","position":2,"name":"Informaci\u00f3n de llegada y salida del puerto"}]},{"@type":"WebSite","@id":"https:\/\/nauticescala.com\/#website","url":"https:\/\/nauticescala.com\/","name":"Club N\u00e0utic L\u2019Escala","description":"Port esportiu a la Costa Brava","potentialAction":[{"@type":"SearchAction","target":{"@type":"EntryPoint","urlTemplate":"https:\/\/nauticescala.com\/?s={search_term_string}"},"query-input":{"@type":"PropertyValueSpecification","valueRequired":true,"valueName":"search_term_string"}}],"inLanguage":"es"}]}},"_links":{"self":[{"href":"https:\/\/nauticescala.com\/es\/wp-json\/wp\/v2\/pages\/66940","targetHints":{"allow":["GET"]}}],"collection":[{"href":"https:\/\/nauticescala.com\/es\/wp-json\/wp\/v2\/pages"}],"about":[{"href":"https:\/\/nauticescala.com\/es\/wp-json\/wp\/v2\/types\/page"}],"author":[{"embeddable":true,"href":"https:\/\/nauticescala.com\/es\/wp-json\/wp\/v2\/users\/4"}],"replies":[{"embeddable":true,"href":"https:\/\/nauticescala.com\/es\/wp-json\/wp\/v2\/comments?post=66940"}],"version-history":[{"count":9,"href":"https:\/\/nauticescala.com\/es\/wp-json\/wp\/v2\/pages\/66940\/revisions"}],"predecessor-version":[{"id":98855,"href":"https:\/\/nauticescala.com\/es\/wp-json\/wp\/v2\/pages\/66940\/revisions\/98855"}],"wp:attachment":[{"href":"https:\/\/nauticescala.com\/es\/wp-json\/wp\/v2\/media?parent=66940"}],"curies":[{"name":"wp","href":"https:\/\/api.w.org\/{rel}","templated":true}]}}