 {"id":7967,"date":"2019-11-29T16:04:10","date_gmt":"2019-11-29T15:04:10","guid":{"rendered":"http:\/\/nauticescala.com\/50-anys-dhistoria\/"},"modified":"2020-04-30T16:40:30","modified_gmt":"2020-04-30T14:40:30","slug":"50-anos-de-historia","status":"publish","type":"page","link":"https:\/\/nauticescala.com\/es\/club-nautico-en-la-costa-brava\/50-anos-de-historia\/","title":{"rendered":"50 a\u00f1os de historia"},"content":{"rendered":"<section class=\"title-section\">\n\t<div class=\"container\">\n\t\t\t\t\t<h1>M\u00e1s de 50 a\u00f1os de historia<\/h1>\n\t\t\n\t\t\t\t\t<p>M\u00e1s de medio siglo de pasi\u00f3n por el mar <\/p>\n\t\t\n\t\t\t\t\t<div class=\"block\">\n\t\t\t\t<p><span class=\"TextRun SCXW74597150 BCX0\" lang=\"CA-ES\" xml:lang=\"CA-ES\" data-contrast=\"auto\"><span class=\"NormalTextRun SCXW74597150 BCX0\">El\u00a0<\/span><\/span><strong><span class=\"TextRun SCXW74597150 BCX0\" lang=\"CA-ES\" xml:lang=\"CA-ES\" data-contrast=\"auto\"><span class=\"NormalTextRun SCXW74597150 BCX0\">24 de mayo de 1968<\/span><\/span><\/strong><span class=\"TextRun SCXW74597150 BCX0\" lang=\"CA-ES\" xml:lang=\"CA-ES\" data-contrast=\"auto\"><span class=\"NormalTextRun SCXW74597150 BCX0\">\u00a0<\/span><\/span><span class=\"TextRun SCXW74597150 BCX0\" lang=\"CA-ES\" xml:lang=\"CA-ES\" data-contrast=\"auto\"><span class=\"NormalTextRun SCXW74597150 BCX0\">un grupo de amigos fundaba el Club N\u00e0utic l\u2019Escala<\/span><\/span><span class=\"TextRun SCXW74597150 BCX0\" lang=\"CA-ES\" xml:lang=\"CA-ES\" data-contrast=\"auto\"><span class=\"NormalTextRun SCXW74597150 BCX0\">. <strong>Los un\u00eda una afici\u00f3n, el mar<\/strong>, v\u00ednculo que a d\u00eda de hoy sigue siendo el coraz\u00f3n de la entidad. A su alrededor, todo ha ido cambiando&#8230; y es que 50 a\u00f1os de historia son medio siglo.<\/span><\/span><\/p>\n<p>El colectivo de socios inical de 92, supera ahora los 700 miembros y las infraestructuras se han ampliado para poderlos acoger de la mejor manera. Los servicios son m\u00e1s y de mejor calidad, as\u00ed como la oferta de actividades, que se ha diversificado.<\/p>\n<p>Todo ello, junto con un completo calendario de eventos deportivos, convierte el Club en un <strong>punto de encuentro de aficionados al mar y a la n\u00e1utica referente en la Costa Brava.<\/strong><\/p>\n\n\t\t\t\t\t\t\t<\/div><!-- end block -->\n\t\t\t<\/div><!-- end container -->\n<\/section><!-- end title-section -->\n<section class=\"article-section\"><div class=\"container\">\n\n<\/div><\/section>\t<div class=\"visual-area\">\n\t\t<figure class=\"visual-banner\">\n\t\t\t<div class=\"image\">\n\t\t\t\t<img decoding=\"async\" src=\"https:\/\/nauticescala.com\/wp-content\/uploads\/2020\/01\/2019-club-nautic-lescala-43.jpg\" alt=\"\" \/>\n\t\t\t<\/div><!-- end image -->\n\t\t\t<div class=\"bg-image bg-img primary-gradient\">\n\t\t\t\t<img decoding=\"async\" src=\"https:\/\/nauticescala.com\/wp-content\/uploads\/2020\/01\/2019-club-nautic-lescala-43.jpg\" alt=\"\" \/>\n\t\t\t<\/div><!-- end bg-image -->\n\t\t<\/figure><!-- end visual-banner -->\n\t<\/div><!-- end visual-area -->\n<section class=\"article-section\"><div class=\"container\">\n\n<\/div><\/section>\n        <div class=\"intro-area-holder\">\n            <h3>Puerto y deporte son los dos pilares de la trayectoria del Club. Dos formas de abrir las puertas al mar y a todo el bienestar que \u00e9ste aporta. Dos ejes que articulan presente, pasado y futuro de la entidad.<\/h3>\n        <\/div><!-- end intro-area-holder -->\n\n\n<section class=\"article-section\"><div class=\"container\">\n\n<\/div><\/section>\n                            <div class=\"accordion-block\">\n                    <div id=\"accordion\" class=\"accordion\">\n                                                                            <div class=\"card\">\n                                <div class=\"card-header\">\n                                    <h3>\n                                        <a href=\"#\" class=\"collapsed\" data-toggle=\"collapse\" data-target=\"#collapse-01\" aria-expanded=\"true\"><i class=\"ico-opener\">&nbsp;<\/i>Puerto<\/a>\n                                    <\/h3>\n                                <\/div><!-- end card-header -->\n                                <div id=\"collapse-01\" class=\"collapse\">\n                                                                    <div class=\"card-body\">\n\n                                        \n                                            \n                                                \n                                                    <h3>M\u00e1s de medio siglo trabajando para ti<\/h3>\n<p>En sus m\u00e1s de 50 a\u00f1os de trayectoria, el Club ha crecido y se ha modernizado con el tiempo. Siempre con un objetivo: tu comodidad. Por este motivo, la oferta y la calidad de sus servicios siempre se ha situado en el centro de los esfuerzos de mejora continua de la entidad.<\/p>\n<p><strong>1969<\/strong> \u2013 El Club se ubica en La Clota con dos pasarelas flotantes.<\/p>\n<p><strong>1981 \u2013\u00a0<\/strong>Inauguraci\u00f3n de la d\u00e1rsena deportiva. El Club se integra en la Asociaci\u00f3n de Puertos Deportivos y Tur\u00edsticos de Catalu\u00f1a (ACPET).<\/p>\n<p><strong>1994\u00a0<\/strong>&#8211; Proyecto de ejecuci\u00f3n de la Ampliaci\u00f3n de la d\u00e1rsena deportiva de la Clota Petita. Ampliaci\u00f3n de la concesi\u00f3n portuaria hasta 2009.<\/p>\n<p><strong>1996 \u2013<\/strong> Primera Bandera Azul.<\/p>\n<p><strong>1999 \u2013<\/strong> Ampliaci\u00f3n de la concesi\u00f3n portuaria hasta 2029.<\/p>\n<p><strong>2001 \u2013<\/strong> Inauguraci\u00f3n nuevas instalaciones portuarias.<\/p>\n<p><strong>2004 \u2013\u00a0<\/strong>Construcci\u00f3n nueva estaci\u00f3n de servicio y muelle de espera de 70 m.<\/p>\n<p><strong>2005 \u2013<\/strong> Inauguraci\u00f3n nuevas instalaciones de la Escuela de Vela.<\/p>\n<p><strong>2007 \u2013<\/strong> Fin obras de aprovechamiento y mejora de La Clota Petita.<\/p>\n<p><strong>2008 \u2013<\/strong> Obtenci\u00f3n primeras ISO 9001 y 14001.<\/p>\n<p><strong>2009 \u2013<\/strong> Obtenci\u00f3n primer distintivo EMAS.<\/p>\n<p><strong>2010 \u2013<\/strong> Inauguraci\u00f3n nueva Sede Social del Club.<\/p>\n<p><strong>2012 \u2013<\/strong> Inauguraci\u00f3n de la nueva Sede Administrativa del Club.<\/p>\n<p><strong>2013 \u2013<\/strong> Primer Club de Catalu\u00f1a que permite efectuar reservas online de amarres.<\/p>\n\n                                                \n                                            \n                                        \n                                    <\/div><!-- end card-body -->\n                                <\/div><!-- end collapse -->\n                            <\/div><!-- end card -->\n                                                                                <div class=\"card\">\n                                <div class=\"card-header\">\n                                    <h3>\n                                        <a href=\"#\" class=\"collapsed\" data-toggle=\"collapse\" data-target=\"#collapse-02\" aria-expanded=\"true\"><i class=\"ico-opener\">&nbsp;<\/i>Deporte<\/a>\n                                    <\/h3>\n                                <\/div><!-- end card-header -->\n                                <div id=\"collapse-02\" class=\"collapse\">\n                                                                    <div class=\"card-body\">\n\n                                        \n                                            \n                                                \n                                                    <h3>M\u00e1s de 50 a\u00f1os de fomento de los deportes n\u00e1uticos<\/h3>\n<p>Los deportes n\u00e1uticos son misi\u00f3n y esencia del Club. Promocionamos el deporte convirti\u00e9ndonos en sede de todo tipo de competiciones n\u00e1uticas y tambi\u00e9n apoyando a nuestros representantes. El fruto: m\u00e1s de 50 a\u00f1os de \u00e9xitos&#8230;<\/p>\n<p><strong>1969 <\/strong>\u2013 Campeonato de Catalu\u00f1a de Snipe<\/p>\n<p><strong>1995 \u2013\u00a0<\/strong>Reconocimiento de la Escuela de Vela como Centro de Tecnificaci\u00f3n Deportiva de la Federaci\u00f3n Catalana de Vela.<\/p>\n<p><strong>1999 \u2013<\/strong> I Master de l\u2019Escala de At\u00fan Gigante. Campeonato de Catalu\u00f1a de Europe.<\/p>\n<p><strong>2000 \u2013<\/strong> I Semana Catalana de Vela en el Club. Gerard Mar\u00edn &#8211; campe\u00f3n de Catalu\u00f1a de Europe.<\/p>\n<p><strong>2001 \u2013<\/strong> Anna Sol\u00e9s \u2013 mejor regatista Juvenil de Espa\u00f1a. Manolo Calavia &#8211; campe\u00f3n del Mundo de Clase A.<\/p>\n<p><strong>2002 \u2013<\/strong> I Regata Interclubs Empord\u00e0. I Atena Regata. Gerard Mar\u00edn \u2013 subcampe\u00f3n del mundo y campe\u00f3n de Espa\u00f1a de Europe. Julie Garc\u00eda \u2013 campeona del mundo Yngling, regatista ADO.<\/p>\n<p><strong>2004 \u2013<\/strong> Campeonato de Europa Star. Inicio Vela Escolar.<\/p>\n<p><strong>2005 \u2013<\/strong> I Regata L\u2019Escalagde.<\/p>\n<p><strong>2006 \u2013<\/strong> Campeonato de Catalu\u00f1a de Radio Control, Campeonato de Catalu\u00f1a de Europe, prueba del Circuito Nacional de Match Race y Campeonato de Espa\u00f1a de Europe. Inicio proyecto Base Mini (2006 &#8211; 2010).<\/p>\n<p><strong>2007 \u2013<\/strong> Campeonato de Europa de Europe.<\/p>\n<p><strong>2008 \u2013<\/strong> I Mini Emp\u00faries.<\/p>\n<p><strong>2009 \u2013<\/strong> Campeonato de Catalu\u00f1a de la clase Mini, I Mini MED i I Regata Open l\u2019Escala Accessible.<\/p>\n<p><strong>2010 \u2013<\/strong> I Regata Nieves Mar, I Copa Comodor, Campeonato de Espa\u00f1a de la classe Mini \u2013 Mini Emp\u00faries y Copa de Espa\u00f1a de Vela Adaptada.<\/p>\n<p><strong>2011 \u2013<\/strong> D\u00eddac Costa finaliza la Mini Transat. Campeonato de Espa\u00f1a de Vela Adaptada.<\/p>\n<p><strong>2012 \u2013<\/strong> Mundial de la clase Europe. La Ruta de la Tramuntana llega a l\u2019Escala. S\u00edlvia Roca (Match Race) y Miquel \u00c0ngel G\u00f3mez (2.4 mR) forman parte del Equipo Pre-ol\u00edmpico de vela.<\/p>\n<p><strong>2013 \u2013<\/strong> Campeonato de Espa\u00f1a de Vela Adaptada.<\/p>\n<p><strong>2014 \u2013<\/strong> Campeonato de Catalu\u00f1a de Laser Radial. S\u00edlvia Roca forma parte del Equipo Pre-ol\u00edmpico en FX.<\/p>\n<p><strong>2015 \u2013<\/strong> Campeonato de Catalu\u00f1a de Laser 4.7. Vicen\u00e7 Batlle, primer regatista del Club en un Mundial de Laser Master. Gerard Mar\u00edn y D\u00eddac Costa finalizan con \u00e9xito la Barcelona World Race.<\/p>\n<p><strong>2016 \u2013<\/strong> Campeonato de Espa\u00f1a Laser Master. Jordi Carreras lidera la primera tripulaci\u00f3n del Club en el Barracuda Tour.<\/p>\n<p><strong>2017 &#8211;<\/strong> D\u00eddac Costa es el primer regatista del Club y el segundo espa\u00f1ol que finaliza la Vend\u00e9e Globe. Campeonato de Catalu\u00f1a de Laser Radial.<\/p>\n\n                                                \n                                            \n                                        \n                                    <\/div><!-- end card-body -->\n                                <\/div><!-- end collapse -->\n                            <\/div><!-- end card -->\n                                                                                <div class=\"card\">\n                                <div class=\"card-header\">\n                                    <h3>\n                                        <a href=\"#\" class=\"collapsed\" data-toggle=\"collapse\" data-target=\"#collapse-03\" aria-expanded=\"true\"><i class=\"ico-opener\">&nbsp;<\/i>Social<\/a>\n                                    <\/h3>\n                                <\/div><!-- end card-header -->\n                                <div id=\"collapse-03\" class=\"collapse\">\n                                                                    <div class=\"card-body\">\n\n                                        \n                                            \n                                                \n                                                    <h3>Un Club de personas para personas<\/h3>\n<p>Desde sus inicios, el Club trabaja para ser un punto de encuentro para socios y usuarios. Un espacio para reunirse, disfrutar del deporte y compartir buenos momentos&#8230; Todo ello, gracias a la participaci\u00f3n de los socios y usuarios, pero tambi\u00e9n al trabajo de las personas que a lo largo de los a\u00f1os han guiado el Club hacia nuevos horizontes.<\/p>\n<p><strong>1968 \u2013 <\/strong>Constituci\u00f3n de la primera Junta Directiva bajo la presidencia de Josep Fresneda Revuelta.<\/p>\n<p><strong>1992 \u2013<\/strong> Valeri Balester es escogido presidente del Club.<\/p>\n<p><strong>1999 \u2013<\/strong> Javier Mart\u00ednez del Moral es escogido presidente.<\/p>\n<p><strong>1999 \u2013<\/strong> I Ruta de l\u2019Anxova.<\/p>\n<p><strong>2003 \u2013<\/strong> I Lliga Emporium de Pesca deportiva y primer concurso de pesca colectiva.<\/p>\n<p><strong>2005 \u2013<\/strong> Narc\u00eds Carreras Masafont inicia su mandato como president.<\/p>\n<p><strong>2007 \u2013<\/strong> Inicio del programa Vela para Todos. Creaci\u00f3n del segundo Instituto de la Vela del Giron\u00e8s.<\/p>\n<p><strong>2008 \u2013<\/strong> 40 aniversario.<\/p>\n<p><strong>2010 \u2013<\/strong> Raimon Roca, director gerente del Club, es escogido Vicepresidente de la ACPET.<\/p>\n<p><strong>2016 \u2013<\/strong> Raimon Roca es elegido miembro del Consejo Asesor del Patronato de Turismo de la Costa Brava.<\/p>\n<p><strong>2018 \u2013<\/strong> 50 aniversario del Club.<\/p>\n\n                                                \n                                            \n                                        \n                                    <\/div><!-- end card-body -->\n                                <\/div><!-- end collapse -->\n                            <\/div><!-- end card -->\n                                                                        <\/div><!-- end accordion -->\n                <\/div><!-- end accordion-block -->\n            \n<section class=\"article-section\"><div class=\"container\">\n\n<\/div><\/section><section class=\"intro-info\">\n    <div class=\"container\">\n        <div class=\"row row-xl-60\">\n            <div class=\"col-lg-6\">\n                                                            <\/div><!-- end col-lg-6 -->\n            <div class=\"col-lg-6\">\n                                                                    <div class=\"btn-row\">\n                        <a href=\"http:\/\/galateabackup.cloudapp.net\/IderisBooking\/Iframe\/Booking.aspx?siteguid=b8ca08b6-b4a6-4271-a5f6-cb1a798bd1ed&#038;lang=ca\" target=\"\" class=\"btn btn-xs-sm btn-primary\">Reserva tu amarre en la Costa Brava<\/a>\n                    <\/div><!-- end btn-row -->                    \n                            <\/div><!-- end col-lg-6 -->\n        <\/div><!-- end row -->\n    <\/div><!-- end container -->\n<\/section><!-- end intro-info -->\n<section class=\"article-section\"><div class=\"container\">\n\n<\/div><\/section><section class=\"slideshow\">\n\t\n\t\t\t<div class=\"slideshow-body\">\n\t\t\t<div class=\"slides\">\n\t\t\t\t\t\t\t\t\t\t\t\t\t\t\t<div class=\"slide\">\n\t\t\t\t\t\t\t<div class=\"container\">\n\t\t\t\t\t\t\t\t<figure class=\"image primary-gradient\">\n\t\t\t\t\t\t\t\t\t<img decoding=\"async\" src=\"https:\/\/nauticescala.com\/wp-content\/uploads\/2020\/01\/2019-club-nautic-lescala-44.jpg\" alt=\"\" \/>\n\t\t\t\t\t\t\t\t<\/figure><!-- end image -->\n\t\t\t\t\t\t\t<\/div><!-- end container -->\n\t\t\t\t\t\t<\/div><!-- end slide -->\n\t\t\t\t\t\t\t\t\t\t\t\t\t\t\t\t\t\t\t\t\t\t\t\t\t\t\t\t\t\t\t\t\t\t\t\t\t\t<div class=\"slide\">\n\t\t\t\t\t\t\t<div class=\"container\">\n\t\t\t\t\t\t\t\t<figure class=\"image primary-gradient\">\n\t\t\t\t\t\t\t\t\t<img decoding=\"async\" src=\"https:\/\/nauticescala.com\/wp-content\/uploads\/2019\/10\/img-21.jpg\" alt=\"\" \/>\n\t\t\t\t\t\t\t\t<\/figure><!-- end image -->\n\t\t\t\t\t\t\t<\/div><!-- end container -->\n\t\t\t\t\t\t<\/div><!-- end slide -->\n\t\t\t\t\t\t\t\t\t\t\t\t<\/div><!-- end slides -->\n\t\t<\/div><!-- end slideshow-body -->\n\t<\/section><!-- end slideshow -->\n<section class=\"article-section\"><div class=\"container\">\n\n<\/div><\/section><div class=\"subscribe-section\">\n    <div class=\"container-fluid\">\n        <div class=\"subscribe-block\">\n            <div class=\"subscribe-opener-box\">\n                <a href=\"#\" class=\"subscribe-opener\">Eo! <br \/>\r\nVols estar al dia de tot el que t\u2019oferim?<\/a>\n            <\/div><!-- end subscribe-opener-box -->\n            <div class=\"subscribe-form\">\n                \n<div class=\"wpcf7 no-js\" id=\"wpcf7-f68-o1\" lang=\"en-US\" dir=\"ltr\" data-wpcf7-id=\"68\">\n<div class=\"screen-reader-response\"><p role=\"status\" aria-live=\"polite\" aria-atomic=\"true\"><\/p> <ul><\/ul><\/div>\n<form action=\"\/es\/wp-json\/wp\/v2\/pages\/7967#wpcf7-f68-o1\" method=\"post\" class=\"wpcf7-form init cmonitor-ext-0.4.67\" aria-label=\"Contact form\" novalidate=\"novalidate\" data-status=\"init\">\n<fieldset class=\"hidden-fields-container\"><input type=\"hidden\" name=\"_wpcf7\" value=\"68\" \/><input type=\"hidden\" name=\"_wpcf7_version\" value=\"6.1.5\" \/><input type=\"hidden\" name=\"_wpcf7_locale\" value=\"en_US\" \/><input type=\"hidden\" name=\"_wpcf7_unit_tag\" value=\"wpcf7-f68-o1\" \/><input type=\"hidden\" name=\"_wpcf7_container_post\" value=\"0\" \/><input type=\"hidden\" name=\"_wpcf7_posted_data_hash\" value=\"\" \/><input type=\"hidden\" name=\"_wpcf7cf_hidden_group_fields\" value=\"[]\" \/><input type=\"hidden\" name=\"_wpcf7cf_hidden_groups\" value=\"[]\" \/><input type=\"hidden\" name=\"_wpcf7cf_visible_groups\" value=\"[]\" \/><input type=\"hidden\" name=\"_wpcf7cf_repeaters\" value=\"[]\" \/><input type=\"hidden\" name=\"_wpcf7cf_steps\" value=\"{}\" \/><input type=\"hidden\" name=\"_wpcf7cf_options\" value=\"{&quot;form_id&quot;:68,&quot;conditions&quot;:[],&quot;settings&quot;:{&quot;animation&quot;:&quot;yes&quot;,&quot;animation_intime&quot;:200,&quot;animation_outtime&quot;:200,&quot;conditions_ui&quot;:&quot;normal&quot;,&quot;notice_dismissed&quot;:false,&quot;notice_dismissed_rollback-cf7-5.4&quot;:true,&quot;notice_dismissed_update-cf7-5.8&quot;:true,&quot;notice_dismissed_update-cf7-5.8.3&quot;:true,&quot;notice_dismissed_rollback-cf7-5.9.2&quot;:true}}\" \/><input type=\"hidden\" name=\"_wpcf7_recaptcha_response\" value=\"\" \/>\n<\/fieldset>\n<div class=\"input-item\">\n<span class=\"wpcf7-form-control-wrap\" data-name=\"your-name\"><input size=\"40\" maxlength=\"400\" class=\"wpcf7-form-control wpcf7-text wpcf7-validates-as-required form-control\" id=\"lbl-03\" aria-required=\"true\" aria-invalid=\"false\" value=\"\" type=\"text\" name=\"your-name\" \/><\/span><label class=\"placeholder-label\" for=\"lbl-03\">Nom<\/label>\n<\/div><!-- end input-item -->\n<div class=\"input-item\">\n<span class=\"wpcf7-form-control-wrap\" data-name=\"your-email\"><input size=\"40\" maxlength=\"400\" class=\"wpcf7-form-control wpcf7-email wpcf7-validates-as-required wpcf7-text wpcf7-validates-as-email form-control\" id=\"lbl-04\" aria-required=\"true\" aria-invalid=\"false\" value=\"\" type=\"email\" name=\"your-email\" \/><\/span><label class=\"placeholder-label\" for=\"lbl-04\">Email<\/label>\n<\/div><!-- end input-item -->\n<div class=\"check-block\">\n<label class=\"check-item\">\n<span class=\"wpcf7-form-control-wrap\" data-name=\"your-acceptance\"><span class=\"wpcf7-form-control wpcf7-acceptance\"><span class=\"wpcf7-list-item\"><input type=\"checkbox\" name=\"your-acceptance\" value=\"1\" aria-invalid=\"false\" \/><\/span><\/span><\/span> <span>He llegit i accepto la <a href=\"https:\/\/nauticescala.com\/politica-de-privacitat\/\" target=\"_blank\">pol\u00edtica de privacitat<\/a><\/span> \n\n<\/label><!-- end check-item -->\n<\/div><!-- end check-block -->\n<input class=\"wpcf7-form-control wpcf7-submit has-spinner btn btn-sm btn-primary\" type=\"submit\" value=\"Subscriu-te a la newsletter\" \/><div class=\"wpcf7-response-output\" aria-hidden=\"true\"><\/div><p style=\"display: none !important\"><span class=\"wpcf7-form-control-wrap referer-page\"><input type=\"text\" name=\"referer-page\" value=\"http:\/\/Direct%20Visit\" data-value=\"http:\/\/Direct%20Visit\" size=\"40\" class=\"wpcf7-form-control wpcf7-text referer-page\" aria-invalid=\"false\"><\/span><\/p>\n<!-- campaignmonitor extension by Renzo Johnson -->\n<\/form>\n<\/div>\n            <\/div><!-- end subscribe-form -->\n        <\/div><!-- end subscribe-block -->\n    <\/div><!-- end container-fluid -->\n<\/div><!-- end subscribe-section -->\n","protected":false},"excerpt":{"rendered":"","protected":false},"author":7,"featured_media":0,"parent":7803,"menu_order":0,"comment_status":"closed","ping_status":"closed","template":"","meta":{"_acf_changed":false,"_monsterinsights_skip_tracking":false,"_monsterinsights_sitenote_active":false,"_monsterinsights_sitenote_note":"","_monsterinsights_sitenote_category":0,"footnotes":""},"class_list":["post-7967","page","type-page","status-publish","hentry"],"acf":[],"yoast_head":"<!-- This site is optimized with the Yoast SEO Premium plugin v20.7 (Yoast SEO v27.4) - https:\/\/yoast.com\/product\/yoast-seo-premium-wordpress\/ -->\n<title>50 a\u00f1os de historia &#8211; Club N\u00e0utic L\u2019Escala<\/title>\n<meta name=\"robots\" content=\"index, follow, max-snippet:-1, max-image-preview:large, max-video-preview:-1\" \/>\n<link rel=\"canonical\" href=\"https:\/\/nauticescala.com\/es\/club-nautico-en-la-costa-brava\/50-anos-de-historia\/\" \/>\n<meta property=\"og:locale\" content=\"es_ES\" \/>\n<meta property=\"og:type\" content=\"article\" \/>\n<meta property=\"og:title\" content=\"50 a\u00f1os de historia\" \/>\n<meta property=\"og:url\" content=\"https:\/\/nauticescala.com\/es\/club-nautico-en-la-costa-brava\/50-anos-de-historia\/\" \/>\n<meta property=\"og:site_name\" content=\"Club N\u00e0utic L\u2019Escala\" \/>\n<meta property=\"article:modified_time\" content=\"2020-04-30T14:40:30+00:00\" \/>\n<meta name=\"twitter:card\" content=\"summary_large_image\" \/>\n<script type=\"application\/ld+json\" class=\"yoast-schema-graph\">{\"@context\":\"https:\\\/\\\/schema.org\",\"@graph\":[{\"@type\":\"WebPage\",\"@id\":\"https:\\\/\\\/nauticescala.com\\\/es\\\/club-nautico-en-la-costa-brava\\\/50-anos-de-historia\\\/\",\"url\":\"https:\\\/\\\/nauticescala.com\\\/es\\\/club-nautico-en-la-costa-brava\\\/50-anos-de-historia\\\/\",\"name\":\"50 a\u00f1os de historia &#8211; Club N\u00e0utic L\u2019Escala\",\"isPartOf\":{\"@id\":\"https:\\\/\\\/nauticescala.com\\\/#website\"},\"datePublished\":\"2019-11-29T15:04:10+00:00\",\"dateModified\":\"2020-04-30T14:40:30+00:00\",\"breadcrumb\":{\"@id\":\"https:\\\/\\\/nauticescala.com\\\/es\\\/club-nautico-en-la-costa-brava\\\/50-anos-de-historia\\\/#breadcrumb\"},\"inLanguage\":\"es\",\"potentialAction\":[{\"@type\":\"ReadAction\",\"target\":[\"https:\\\/\\\/nauticescala.com\\\/es\\\/club-nautico-en-la-costa-brava\\\/50-anos-de-historia\\\/\"]}]},{\"@type\":\"BreadcrumbList\",\"@id\":\"https:\\\/\\\/nauticescala.com\\\/es\\\/club-nautico-en-la-costa-brava\\\/50-anos-de-historia\\\/#breadcrumb\",\"itemListElement\":[{\"@type\":\"ListItem\",\"position\":1,\"name\":\"Home\",\"item\":\"https:\\\/\\\/nauticescala.com\\\/es\\\/\"},{\"@type\":\"ListItem\",\"position\":2,\"name\":\"Bienvenidos al Club N\u00e0utic\",\"item\":\"https:\\\/\\\/nauticescala.com\\\/es\\\/club-nautico-en-la-costa-brava\\\/\"},{\"@type\":\"ListItem\",\"position\":3,\"name\":\"50 a\u00f1os de historia\"}]},{\"@type\":\"WebSite\",\"@id\":\"https:\\\/\\\/nauticescala.com\\\/#website\",\"url\":\"https:\\\/\\\/nauticescala.com\\\/\",\"name\":\"Club N\u00e0utic L\u2019Escala\",\"description\":\"Port esportiu a la Costa Brava\",\"potentialAction\":[{\"@type\":\"SearchAction\",\"target\":{\"@type\":\"EntryPoint\",\"urlTemplate\":\"https:\\\/\\\/nauticescala.com\\\/?s={search_term_string}\"},\"query-input\":{\"@type\":\"PropertyValueSpecification\",\"valueRequired\":true,\"valueName\":\"search_term_string\"}}],\"inLanguage\":\"es\"}]}<\/script>\n<!-- \/ Yoast SEO Premium plugin. -->","yoast_head_json":{"title":"50 a\u00f1os de historia &#8211; Club N\u00e0utic L\u2019Escala","robots":{"index":"index","follow":"follow","max-snippet":"max-snippet:-1","max-image-preview":"max-image-preview:large","max-video-preview":"max-video-preview:-1"},"canonical":"https:\/\/nauticescala.com\/es\/club-nautico-en-la-costa-brava\/50-anos-de-historia\/","og_locale":"es_ES","og_type":"article","og_title":"50 a\u00f1os de historia","og_url":"https:\/\/nauticescala.com\/es\/club-nautico-en-la-costa-brava\/50-anos-de-historia\/","og_site_name":"Club N\u00e0utic L\u2019Escala","article_modified_time":"2020-04-30T14:40:30+00:00","twitter_card":"summary_large_image","schema":{"@context":"https:\/\/schema.org","@graph":[{"@type":"WebPage","@id":"https:\/\/nauticescala.com\/es\/club-nautico-en-la-costa-brava\/50-anos-de-historia\/","url":"https:\/\/nauticescala.com\/es\/club-nautico-en-la-costa-brava\/50-anos-de-historia\/","name":"50 a\u00f1os de historia &#8211; Club N\u00e0utic L\u2019Escala","isPartOf":{"@id":"https:\/\/nauticescala.com\/#website"},"datePublished":"2019-11-29T15:04:10+00:00","dateModified":"2020-04-30T14:40:30+00:00","breadcrumb":{"@id":"https:\/\/nauticescala.com\/es\/club-nautico-en-la-costa-brava\/50-anos-de-historia\/#breadcrumb"},"inLanguage":"es","potentialAction":[{"@type":"ReadAction","target":["https:\/\/nauticescala.com\/es\/club-nautico-en-la-costa-brava\/50-anos-de-historia\/"]}]},{"@type":"BreadcrumbList","@id":"https:\/\/nauticescala.com\/es\/club-nautico-en-la-costa-brava\/50-anos-de-historia\/#breadcrumb","itemListElement":[{"@type":"ListItem","position":1,"name":"Home","item":"https:\/\/nauticescala.com\/es\/"},{"@type":"ListItem","position":2,"name":"Bienvenidos al Club N\u00e0utic","item":"https:\/\/nauticescala.com\/es\/club-nautico-en-la-costa-brava\/"},{"@type":"ListItem","position":3,"name":"50 a\u00f1os de historia"}]},{"@type":"WebSite","@id":"https:\/\/nauticescala.com\/#website","url":"https:\/\/nauticescala.com\/","name":"Club N\u00e0utic L\u2019Escala","description":"Port esportiu a la Costa Brava","potentialAction":[{"@type":"SearchAction","target":{"@type":"EntryPoint","urlTemplate":"https:\/\/nauticescala.com\/?s={search_term_string}"},"query-input":{"@type":"PropertyValueSpecification","valueRequired":true,"valueName":"search_term_string"}}],"inLanguage":"es"}]}},"_links":{"self":[{"href":"https:\/\/nauticescala.com\/es\/wp-json\/wp\/v2\/pages\/7967","targetHints":{"allow":["GET"]}}],"collection":[{"href":"https:\/\/nauticescala.com\/es\/wp-json\/wp\/v2\/pages"}],"about":[{"href":"https:\/\/nauticescala.com\/es\/wp-json\/wp\/v2\/types\/page"}],"author":[{"embeddable":true,"href":"https:\/\/nauticescala.com\/es\/wp-json\/wp\/v2\/users\/7"}],"replies":[{"embeddable":true,"href":"https:\/\/nauticescala.com\/es\/wp-json\/wp\/v2\/comments?post=7967"}],"version-history":[{"count":5,"href":"https:\/\/nauticescala.com\/es\/wp-json\/wp\/v2\/pages\/7967\/revisions"}],"predecessor-version":[{"id":14558,"href":"https:\/\/nauticescala.com\/es\/wp-json\/wp\/v2\/pages\/7967\/revisions\/14558"}],"up":[{"embeddable":true,"href":"https:\/\/nauticescala.com\/es\/wp-json\/wp\/v2\/pages\/7803"}],"wp:attachment":[{"href":"https:\/\/nauticescala.com\/es\/wp-json\/wp\/v2\/media?parent=7967"}],"curies":[{"name":"wp","href":"https:\/\/api.w.org\/{rel}","templated":true}]}}