 {"id":8029,"date":"2019-10-04T06:44:33","date_gmt":"2019-10-04T04:44:33","guid":{"rendered":"http:\/\/nauticescala.com\/single\/"},"modified":"2025-01-28T12:02:35","modified_gmt":"2025-01-28T11:02:35","slug":"lescala-y-la-costa-brava","status":"publish","type":"page","link":"https:\/\/nauticescala.com\/es\/club-nautico-en-la-costa-brava\/lescala-y-la-costa-brava\/","title":{"rendered":"L&#8217;Escala y la Costa Brava"},"content":{"rendered":"<section class=\"title-section\">\n\t<div class=\"container\">\n\t\t\t\t\t<h1>L&#8217;Escala y la Costa Brava<\/h1>\n\t\t\n\t\t\t\t\t<p>Club N\u00e0utic l\u2019Escala, el punto de partida perfecto para descubrir la Costa Brava<\/p>\n\t\t\n\t\t\t\t\t<div class=\"block\">\n\t\t\t\t<p>Situado en la bah\u00eda de Roses, el Club N\u00e0utic l&#8217;Escala est\u00e1 muy cerca de las ruinas de Emp\u00faries y de los Parques Naturales del Montgr\u00ed y de los Aiguamolls de l&#8217;Empord\u00e0.<\/p>\n<p>Nuestra situaci\u00f3n te permitir\u00e1 descubrirlos des de un punto de vista diferente: el mar.<\/p>\n<p>Des de l&#8217;Escala es muy f\u00e1cil acceder a la rica oferta cultural, hist\u00f3rica, gastron\u00f3mica y paisaj\u00edstica de la Costa Brava.<\/p>\n\n\t\t\t\t\t\t\t<\/div><!-- end block -->\n\t\t\t<\/div><!-- end container -->\n<\/section><!-- end title-section -->\n<section class=\"article-section\"><div class=\"container\">\n\n<\/div><\/section>\t<div class=\"visual-area\">\n\t\t<figure class=\"visual-banner\">\n\t\t\t<div class=\"image\">\n\t\t\t\t<img decoding=\"async\" src=\"https:\/\/nauticescala.com\/wp-content\/uploads\/2025\/01\/2024-nauticescala-costra-brava-4.jpg\" alt=\"\" \/>\n\t\t\t<\/div><!-- end image -->\n\t\t\t<div class=\"bg-image bg-img primary-gradient\">\n\t\t\t\t<img decoding=\"async\" src=\"https:\/\/nauticescala.com\/wp-content\/uploads\/2025\/01\/2024-nauticescala-costra-brava-4.jpg\" alt=\"\" \/>\n\t\t\t<\/div><!-- end bg-image -->\n\t\t<\/figure><!-- end visual-banner -->\n\t<\/div><!-- end visual-area -->\n<section class=\"article-section\"><div class=\"container\">\n\n<\/div><\/section><section class=\"intro-info\">\n    <div class=\"container\">\n        <div class=\"row row-xl-60\">\n            <div class=\"col-lg-6\">\n                <h2>L\u2019Escala 365 d\u00edas<\/h2>\n<h3>L\u2019Escala fue fundada en el s.XVI como un humilde puerto pesquero que depend\u00eda de la vecina poblaci\u00f3n de Emp\u00faries.<\/h3>\n                                                    <div class=\"btn-row\">\n                        <a href=\"http:\/\/nauticescala.com\/es\/reserva-tu-amarre-en-la-costa-brava\/\" target=\"\" class=\"btn btn-xs-sm btn-primary\">Reserva tu amarre en la Costa Brava<\/a>\n                    <\/div><!-- end btn-row -->                    \n                            <\/div><!-- end col-lg-6 -->\n            <div class=\"col-lg-6\">\n                <p>A d\u00eda de hoy, es una poblaci\u00f3n de gran valor tur\u00edstico.<\/p>\n<p>Visitar sus <a href=\"https:\/\/www.visitlescala.com\/es\/\" target=\"_blank\" rel=\"noopener\">puntos de inter\u00e9s<\/a> hist\u00f3rico, disfrutar de su paisaje y de sus playas, saborear su gastronom\u00eda y aprovechar su oferta deportiva y l\u00fadica son solo algunas de las posibilidades que ofrece.<\/p>\n<p>Tambi\u00e9n ofrece una <a href=\"https:\/\/www.visitlescala.com\/es\/agenda-de-actividades\" target=\"_blank\" rel=\"noopener\">agenda<\/a> social y cultural que te invitar\u00e1 a disfrutar de la poblaci\u00f3n marinera durante todo el a\u00f1o.<\/p>\n                                            <\/div><!-- end col-lg-6 -->\n        <\/div><!-- end row -->\n    <\/div><!-- end container -->\n<\/section><!-- end intro-info -->\n<section class=\"article-section\"><div class=\"container\">\n\n<\/div><\/section>    <figure class=\"image-banner\">\t\n\t\t<img decoding=\"async\" src=\"https:\/\/nauticescala.com\/wp-content\/uploads\/2025\/01\/2025-nauticescala-costa-brava.jpg\" alt=\"\" \/>\n\t<\/figure><!-- end image-banner -->\n<section class=\"article-section\"><div class=\"container\">\n\n<\/div><\/section><section class=\"intro-info\">\n    <div class=\"container\">\n        <div class=\"row row-xl-60\">\n            <div class=\"col-lg-6\">\n                <h2>Costa Brava<\/h2>\n<h3>La bah\u00eda de Roses forma parte, desde 2011, del Club de las Bah\u00edas m\u00e1s Bellas del Mundo seg\u00fan la UNESCO.<\/h3>\n                                            <\/div><!-- end col-lg-6 -->\n            <div class=\"col-lg-6\">\n                <p>Lo que acaba de dar su car\u00e1cter al Empord\u00e0 es el mar. Su litoral forma parte de la <a href=\"https:\/\/es.costabrava.org\/\" target=\"_blank\" rel=\"noopener\">Costa Brava<\/a>.<\/p>\n<p>Combina los acantilados m\u00e1s espectaculares del Cabo de Creus con la riqueza de las Islas Medes; las peque\u00f1as calas del norte, con las largas playas de arena fina que abrazan la bah\u00eda de Roses.<\/p>\n<p>L&#8217;Escala queda situado en pleno coraz\u00f3n de la bah\u00eda y sus m\u00e1s de 45 km de playas de poca profundidad, perfectas para el turismo familiar y la pr\u00e1ctica de los deportes a vela.<\/p>\n                                            <\/div><!-- end col-lg-6 -->\n        <\/div><!-- end row -->\n    <\/div><!-- end container -->\n<\/section><!-- end intro-info -->\n<section class=\"article-section\"><div class=\"container\">\n\n<\/div><\/section>    <figure class=\"image-banner\">\t\n\t\t<img decoding=\"async\" src=\"https:\/\/nauticescala.com\/wp-content\/uploads\/2020\/02\/2009-cn-lescala-costa-brava.jpg\" alt=\"\" \/>\n\t<\/figure><!-- end image-banner -->\n<section class=\"article-section\"><div class=\"container\">\n\n<\/div><\/section><div class=\"about-info\">\n    <div class=\"container\">\n        <p>Con m\u00e1s de siete quil\u00f3metros de costa, l&#8217;Escala ofrece rincones para todos los gustos: des de playas de arena formadas por dunas hasta peque\u00f1as calas de guijarros y acantilados.<\/p>\n    <\/div><!-- end container -->\n<\/div><!-- end about-info -->\n<section class=\"article-section\"><div class=\"container\">\n\n<\/div><\/section><section class=\"gallery-area\">\n\t\t\t\t<div class=\"container\">\n\t\t\t<div class=\"row\">\n\t\t\t\t<div class=\"col-md-6 col-lg-6\">\n\t\t\t\t\t<header class=\"gallery-area-heading\">\n\t\t\t\t\t\t<h2>Vive el mar y la Costa Brava<\/h2>\n\t\t\t\t\t<\/header><!-- end gallery-area-heading -->\n\t\t\t\t<\/div><!-- end col-lg-6 -->\n\n\t\t\t\t\t\t\t<\/div><!-- end row -->\n\t\t<\/div><!-- end container -->\n\t\n\t\t\t<div class=\"container\">\n\t\t\t<div class=\"gallery-items\">\n\n\t\t\t\t\t\t\t\t\n\t\t\t\t\t<div class=\"gallery-slide\">\n\t\t\t\t\t\t<a href=\"\/es\/reserva-tu-amarre-en-la-costa-brava\/\" class=\"widget-link\">\n\t\t\t\t\t\t\t<figure class=\"gallery-item\">\n\t\t\t\t\t\t\t\t\t\t\t\t\t\t\t\t\t<div class=\"image primary-gradient\">\n\t\t\t\t\t\t\t\t\t\t<img decoding=\"async\" src=\"https:\/\/nauticescala.com\/wp-content\/uploads\/2022\/12\/2022-nauticescala-c-poseidrone-port-10-700x353.jpg\" alt=\"\" \/>\n\t\t\t\t\t\t\t\t\t<\/div><!-- end image -->\n\t\t\t\t\t\t\t\t\t\t\t\t\t\t\t\t\t\t\t\t\t\t\t\t\t<figcaption>\n\t\t\t\t\t\t\t\t<h3>Reserva tu amarre<\/h3>\n\t\t\t\t\t\t\t\t\t<\/figcaption>\n\t\t\t\t\t\t\t\t\t\t\t\t\t\t\t<\/figure><!-- end gallery-item -->\n\t\t\t\t\t\t<\/a><!-- end widget-link -->\n\t\t\t\t\t<\/div><!-- end gallery-slide -->\n\n\t\t\t\t\t\t\t\t\t\n\t\t\t\t\t<div class=\"gallery-slide\">\n\t\t\t\t\t\t<a href=\"\/es\/compra-actividades-en-la-costa-brava\/\" class=\"widget-link\">\n\t\t\t\t\t\t\t<figure class=\"gallery-item\">\n\t\t\t\t\t\t\t\t\t\t\t\t\t\t\t\t\t<div class=\"image primary-gradient\">\n\t\t\t\t\t\t\t\t\t\t<img decoding=\"async\" src=\"https:\/\/nauticescala.com\/wp-content\/uploads\/2024\/03\/2023-nauticescala-curs-vela-105-700x353.jpg\" alt=\"\" \/>\n\t\t\t\t\t\t\t\t\t<\/div><!-- end image -->\n\t\t\t\t\t\t\t\t\t\t\t\t\t\t\t\t\t\t\t\t\t\t\t\t\t<figcaption>\n\t\t\t\t\t\t\t\t<h3>Reserva de actividades<\/h3>\n\t\t\t\t\t\t\t\t\t<\/figcaption>\n\t\t\t\t\t\t\t\t\t\t\t\t\t\t\t<\/figure><!-- end gallery-item -->\n\t\t\t\t\t\t<\/a><!-- end widget-link -->\n\t\t\t\t\t<\/div><!-- end gallery-slide -->\n\n\t\t\t\t\t\t\t\t\t\n\t\t\t\t\t<div class=\"gallery-slide\">\n\t\t\t\t\t\t<a href=\"https:\/\/www.bolroig.com\/\" class=\"widget-link\">\n\t\t\t\t\t\t\t<figure class=\"gallery-item\">\n\t\t\t\t\t\t\t\t\t\t\t\t\t\t\t\t\t<div class=\"image \">\n\t\t\t\t\t\t\t\t\t\t<img decoding=\"async\" src=\"https:\/\/nauticescala.com\/wp-content\/uploads\/2025\/01\/2024-nauticescala-c-torveo-restaurant-2-700x353.jpg\" alt=\"\" \/>\n\t\t\t\t\t\t\t\t\t<\/div><!-- end image -->\n\t\t\t\t\t\t\t\t\t\t\t\t\t\t\t\t\t\t\t\t\t\t\t\t\t<figcaption>\n\t\t\t\t\t\t\t\t<h3>Restaurante Bol Roig<\/h3>\n\t\t\t\t\t\t\t\t\t<\/figcaption>\n\t\t\t\t\t\t\t\t\t\t\t\t\t\t\t<\/figure><!-- end gallery-item -->\n\t\t\t\t\t\t<\/a><!-- end widget-link -->\n\t\t\t\t\t<\/div><!-- end gallery-slide -->\n\n\t\t\t\t\t\t\t\t\t\n\t\t\t\t\t<div class=\"gallery-slide\">\n\t\t\t\t\t\t<a href=\"\/es\/agenda\/\" class=\"widget-link\">\n\t\t\t\t\t\t\t<figure class=\"gallery-item\">\n\t\t\t\t\t\t\t\t\t\t\t\t\t\t\t\t\t<div class=\"image \">\n\t\t\t\t\t\t\t\t\t\t<img decoding=\"async\" src=\"https:\/\/nauticescala.com\/wp-content\/uploads\/2025\/01\/2024-nauticescala-aeries-barbacoa-c-torveo-7-700x353.jpg\" alt=\"\" \/>\n\t\t\t\t\t\t\t\t\t<\/div><!-- end image -->\n\t\t\t\t\t\t\t\t\t\t\t\t\t\t\t\t\t\t\t\t\t\t\t\t\t<figcaption>\n\t\t\t\t\t\t\t\t<h3>Agenda<\/h3>\n\t\t\t\t\t\t\t\t\t<\/figcaption>\n\t\t\t\t\t\t\t\t\t\t\t\t\t\t\t<\/figure><!-- end gallery-item -->\n\t\t\t\t\t\t<\/a><!-- end widget-link -->\n\t\t\t\t\t<\/div><!-- end gallery-slide -->\n\n\t\t\t\t\t\t\t\t\t\n\t\t\t\t\t<div class=\"gallery-slide\">\n\t\t\t\t\t\t<a href=\"https:\/\/nauticescala.com\/es\/compra-actividades-en-la-costa-brava\/?filters_activity_type%5B%5D=abonament&#038;orderby=dates\" class=\"widget-link\">\n\t\t\t\t\t\t\t<figure class=\"gallery-item\">\n\t\t\t\t\t\t\t\t\t\t\t\t\t\t\t\t\t<div class=\"image \">\n\t\t\t\t\t\t\t\t\t\t<img decoding=\"async\" src=\"https:\/\/nauticescala.com\/wp-content\/uploads\/2024\/04\/2022-nauticescala-rem-de-mar-12-700x353.jpg\" alt=\"\" \/>\n\t\t\t\t\t\t\t\t\t<\/div><!-- end image -->\n\t\t\t\t\t\t\t\t\t\t\t\t\t\t\t\t\t\t\t\t\t\t\t\t\t<figcaption>\n\t\t\t\t\t\t\t\t<h3>Abonos a la actividad n\u00e1utica<\/h3>\n\t\t\t\t\t\t\t\t\t<\/figcaption>\n\t\t\t\t\t\t\t\t\t\t\t\t\t\t\t<\/figure><!-- end gallery-item -->\n\t\t\t\t\t\t<\/a><!-- end widget-link -->\n\t\t\t\t\t<\/div><!-- end gallery-slide -->\n\n\t\t\t\t\t\t\t\t\t\n\t\t\t<\/div><!-- end gallery-items -->\n\t\t<\/div><!-- end container-fluid -->\n\t\t\n<\/section><!-- end gallery-area -->\n","protected":false},"excerpt":{"rendered":"","protected":false},"author":2,"featured_media":0,"parent":7803,"menu_order":0,"comment_status":"closed","ping_status":"closed","template":"","meta":{"_acf_changed":false,"_monsterinsights_skip_tracking":false,"_monsterinsights_sitenote_active":false,"_monsterinsights_sitenote_note":"","_monsterinsights_sitenote_category":0,"footnotes":""},"class_list":["post-8029","page","type-page","status-publish","hentry"],"acf":[],"yoast_head":"<!-- This site is optimized with the Yoast SEO Premium plugin v20.7 (Yoast SEO v27.4) - https:\/\/yoast.com\/product\/yoast-seo-premium-wordpress\/ -->\n<title>L&#039;Escala y la Costa Brava &#8211; Club N\u00e0utic L\u2019Escala<\/title>\n<meta name=\"robots\" content=\"index, follow, max-snippet:-1, max-image-preview:large, max-video-preview:-1\" \/>\n<link rel=\"canonical\" href=\"https:\/\/nauticescala.com\/es\/club-nautico-en-la-costa-brava\/lescala-y-la-costa-brava\/\" \/>\n<meta property=\"og:locale\" content=\"es_ES\" \/>\n<meta property=\"og:type\" content=\"article\" \/>\n<meta property=\"og:title\" content=\"L&#039;Escala y la Costa Brava\" \/>\n<meta property=\"og:url\" content=\"https:\/\/nauticescala.com\/es\/club-nautico-en-la-costa-brava\/lescala-y-la-costa-brava\/\" \/>\n<meta property=\"og:site_name\" content=\"Club N\u00e0utic L\u2019Escala\" \/>\n<meta property=\"article:modified_time\" content=\"2025-01-28T11:02:35+00:00\" \/>\n<meta name=\"twitter:card\" content=\"summary_large_image\" \/>\n<meta name=\"twitter:label1\" content=\"Tiempo de lectura\" \/>\n\t<meta name=\"twitter:data1\" content=\"4 minutos\" \/>\n<script type=\"application\/ld+json\" class=\"yoast-schema-graph\">{\"@context\":\"https:\\\/\\\/schema.org\",\"@graph\":[{\"@type\":\"WebPage\",\"@id\":\"https:\\\/\\\/nauticescala.com\\\/es\\\/club-nautico-en-la-costa-brava\\\/lescala-y-la-costa-brava\\\/\",\"url\":\"https:\\\/\\\/nauticescala.com\\\/es\\\/club-nautico-en-la-costa-brava\\\/lescala-y-la-costa-brava\\\/\",\"name\":\"L'Escala y la Costa Brava &#8211; Club N\u00e0utic L\u2019Escala\",\"isPartOf\":{\"@id\":\"https:\\\/\\\/nauticescala.com\\\/#website\"},\"datePublished\":\"2019-10-04T04:44:33+00:00\",\"dateModified\":\"2025-01-28T11:02:35+00:00\",\"breadcrumb\":{\"@id\":\"https:\\\/\\\/nauticescala.com\\\/es\\\/club-nautico-en-la-costa-brava\\\/lescala-y-la-costa-brava\\\/#breadcrumb\"},\"inLanguage\":\"es\",\"potentialAction\":[{\"@type\":\"ReadAction\",\"target\":[\"https:\\\/\\\/nauticescala.com\\\/es\\\/club-nautico-en-la-costa-brava\\\/lescala-y-la-costa-brava\\\/\"]}]},{\"@type\":\"BreadcrumbList\",\"@id\":\"https:\\\/\\\/nauticescala.com\\\/es\\\/club-nautico-en-la-costa-brava\\\/lescala-y-la-costa-brava\\\/#breadcrumb\",\"itemListElement\":[{\"@type\":\"ListItem\",\"position\":1,\"name\":\"Home\",\"item\":\"https:\\\/\\\/nauticescala.com\\\/es\\\/\"},{\"@type\":\"ListItem\",\"position\":2,\"name\":\"Bienvenidos al Club N\u00e0utic\",\"item\":\"https:\\\/\\\/nauticescala.com\\\/es\\\/club-nautico-en-la-costa-brava\\\/\"},{\"@type\":\"ListItem\",\"position\":3,\"name\":\"L&#8217;Escala y la Costa Brava\"}]},{\"@type\":\"WebSite\",\"@id\":\"https:\\\/\\\/nauticescala.com\\\/#website\",\"url\":\"https:\\\/\\\/nauticescala.com\\\/\",\"name\":\"Club N\u00e0utic L\u2019Escala\",\"description\":\"Port esportiu a la Costa Brava\",\"potentialAction\":[{\"@type\":\"SearchAction\",\"target\":{\"@type\":\"EntryPoint\",\"urlTemplate\":\"https:\\\/\\\/nauticescala.com\\\/?s={search_term_string}\"},\"query-input\":{\"@type\":\"PropertyValueSpecification\",\"valueRequired\":true,\"valueName\":\"search_term_string\"}}],\"inLanguage\":\"es\"}]}<\/script>\n<!-- \/ Yoast SEO Premium plugin. -->","yoast_head_json":{"title":"L'Escala y la Costa Brava &#8211; Club N\u00e0utic L\u2019Escala","robots":{"index":"index","follow":"follow","max-snippet":"max-snippet:-1","max-image-preview":"max-image-preview:large","max-video-preview":"max-video-preview:-1"},"canonical":"https:\/\/nauticescala.com\/es\/club-nautico-en-la-costa-brava\/lescala-y-la-costa-brava\/","og_locale":"es_ES","og_type":"article","og_title":"L'Escala y la Costa Brava","og_url":"https:\/\/nauticescala.com\/es\/club-nautico-en-la-costa-brava\/lescala-y-la-costa-brava\/","og_site_name":"Club N\u00e0utic L\u2019Escala","article_modified_time":"2025-01-28T11:02:35+00:00","twitter_card":"summary_large_image","twitter_misc":{"Tiempo de lectura":"4 minutos"},"schema":{"@context":"https:\/\/schema.org","@graph":[{"@type":"WebPage","@id":"https:\/\/nauticescala.com\/es\/club-nautico-en-la-costa-brava\/lescala-y-la-costa-brava\/","url":"https:\/\/nauticescala.com\/es\/club-nautico-en-la-costa-brava\/lescala-y-la-costa-brava\/","name":"L'Escala y la Costa Brava &#8211; Club N\u00e0utic L\u2019Escala","isPartOf":{"@id":"https:\/\/nauticescala.com\/#website"},"datePublished":"2019-10-04T04:44:33+00:00","dateModified":"2025-01-28T11:02:35+00:00","breadcrumb":{"@id":"https:\/\/nauticescala.com\/es\/club-nautico-en-la-costa-brava\/lescala-y-la-costa-brava\/#breadcrumb"},"inLanguage":"es","potentialAction":[{"@type":"ReadAction","target":["https:\/\/nauticescala.com\/es\/club-nautico-en-la-costa-brava\/lescala-y-la-costa-brava\/"]}]},{"@type":"BreadcrumbList","@id":"https:\/\/nauticescala.com\/es\/club-nautico-en-la-costa-brava\/lescala-y-la-costa-brava\/#breadcrumb","itemListElement":[{"@type":"ListItem","position":1,"name":"Home","item":"https:\/\/nauticescala.com\/es\/"},{"@type":"ListItem","position":2,"name":"Bienvenidos al Club N\u00e0utic","item":"https:\/\/nauticescala.com\/es\/club-nautico-en-la-costa-brava\/"},{"@type":"ListItem","position":3,"name":"L&#8217;Escala y la Costa Brava"}]},{"@type":"WebSite","@id":"https:\/\/nauticescala.com\/#website","url":"https:\/\/nauticescala.com\/","name":"Club N\u00e0utic L\u2019Escala","description":"Port esportiu a la Costa Brava","potentialAction":[{"@type":"SearchAction","target":{"@type":"EntryPoint","urlTemplate":"https:\/\/nauticescala.com\/?s={search_term_string}"},"query-input":{"@type":"PropertyValueSpecification","valueRequired":true,"valueName":"search_term_string"}}],"inLanguage":"es"}]}},"_links":{"self":[{"href":"https:\/\/nauticescala.com\/es\/wp-json\/wp\/v2\/pages\/8029","targetHints":{"allow":["GET"]}}],"collection":[{"href":"https:\/\/nauticescala.com\/es\/wp-json\/wp\/v2\/pages"}],"about":[{"href":"https:\/\/nauticescala.com\/es\/wp-json\/wp\/v2\/types\/page"}],"author":[{"embeddable":true,"href":"https:\/\/nauticescala.com\/es\/wp-json\/wp\/v2\/users\/2"}],"replies":[{"embeddable":true,"href":"https:\/\/nauticescala.com\/es\/wp-json\/wp\/v2\/comments?post=8029"}],"version-history":[{"count":7,"href":"https:\/\/nauticescala.com\/es\/wp-json\/wp\/v2\/pages\/8029\/revisions"}],"predecessor-version":[{"id":76336,"href":"https:\/\/nauticescala.com\/es\/wp-json\/wp\/v2\/pages\/8029\/revisions\/76336"}],"up":[{"embeddable":true,"href":"https:\/\/nauticescala.com\/es\/wp-json\/wp\/v2\/pages\/7803"}],"wp:attachment":[{"href":"https:\/\/nauticescala.com\/es\/wp-json\/wp\/v2\/media?parent=8029"}],"curies":[{"name":"wp","href":"https:\/\/api.w.org\/{rel}","templated":true}]}}