 {"id":8768,"date":"2019-12-18T16:45:50","date_gmt":"2019-12-18T15:45:50","guid":{"rendered":"http:\/\/nauticescala.com\/fes-te-soci\/"},"modified":"2026-04-01T15:41:56","modified_gmt":"2026-04-01T13:41:56","slug":"hazte-socio","status":"publish","type":"page","link":"https:\/\/nauticescala.com\/es\/club-nautico-en-la-costa-brava\/hazte-socio\/","title":{"rendered":"Hazte socio"},"content":{"rendered":"\t\n\t<section class=\"title-section d-md-block\">\n\t\t<div class=\"container\">\n\t\t\t\t\n\t\t\t\t<h1>Hazte socio<\/h1>\n\t\t\t\t\t\t\t\n\t\t\t\t<p>Disfruta de todos los privilegios de formar parte del Club<\/p>\n\t\t\t\t\t<\/div><!-- end container -->\n\t<\/section><!-- end title-section -->\n<section class=\"article-section\"><div class=\"container\">\n\n<\/div><\/section>\t<div class=\"visual-area\">\n\t\t<figure class=\"visual-banner\">\n\t\t\t<div class=\"image\">\n\t\t\t\t<img decoding=\"async\" src=\"https:\/\/nauticescala.com\/wp-content\/uploads\/2020\/01\/2019-club-nautic-lescala-44.jpg\" alt=\"\" \/>\n\t\t\t<\/div><!-- end image -->\n\t\t\t<div class=\"bg-image bg-img primary-gradient\">\n\t\t\t\t<img decoding=\"async\" src=\"https:\/\/nauticescala.com\/wp-content\/uploads\/2020\/01\/2019-club-nautic-lescala-44.jpg\" alt=\"\" \/>\n\t\t\t<\/div><!-- end bg-image -->\n\t\t<\/figure><!-- end visual-banner -->\n\t<\/div><!-- end visual-area -->\n<section class=\"article-section\"><div class=\"container\">\n\n<\/div><\/section>\n        <div class=\"intro-area-holder\">\n            <h1>\u00a1Descubre las modalidades que te ofrecemos para formar parte del Club. \u00a1Ahora puedes!<\/h1>\n<p>Hazte socio del Club y disfruta de todos los privilegios de formar parte de \u00e9l tanto en el puerto como en el exterior&#8230;<\/p>\n<p>No todos somos iguales y, por lo tanto, tenemos necesidades diferentes. Es por ello que des del Club te ofrecemos dos posibilidades para convertirte en socio.<\/p>\n        <\/div><!-- end intro-area-holder -->\n\n\n<section class=\"article-section\"><div class=\"container\">\n\n<\/div><\/section>\n                            <div class=\"accordion-block\">\n                    <div id=\"accordion\" class=\"accordion\">\n                                                                            <div class=\"card\">\n                                <div class=\"card-header\">\n                                    <h3>\n                                        <a href=\"#\" class=\"collapsed\" data-toggle=\"collapse\" data-target=\"#collapse-01\" aria-expanded=\"true\"><i class=\"ico-opener\">&nbsp;<\/i>Socio de Nombre<\/a>\n                                    <\/h3>\n                                <\/div><!-- end card-header -->\n                                <div id=\"collapse-01\" class=\"collapse\">\n                                                                    <div class=\"card-body\">\n\n                                        \n                                            \n                                                \n                                                    <h4>\u00bfQuieres ser socio de n\u00famero? \u00a1Consulta nuestro tabl\u00f3n de anunciosy hazte con tu derecho de amarre!<\/h4>\n<p>Consulta en las oficinas del Club todo lo que necesitas saber para convertirte en socio de pleno derecho de la entidad.<\/p>\n<p>Servicios exclusivos<\/p>\n<ul>\n<li style=\"list-style-type: none;\">\n<ul>\n<li>T\u00edtulo de derecho de amarre para que disfrutes de tu embarcaci\u00f3n con el mejor confort.<\/li>\n<li>Tarjeta de acceso y p\u00e1rquing gratuito.<\/li>\n<li>15% de descuento en servicios portuarios y material promocional del Club (ropa y accessorios)<\/li>\n<li>Servicios subacu\u00e1ticos gratuitos de extracci\u00f3n de cabos de h\u00e9lice y recuperaci\u00f3n de objetos.<\/li>\n<li>Asistencia de profesionales del Club en aver\u00edas en el exterior del puerto (sujeta a evaluaci\u00f3n del Director de Operaciones)<\/li>\n<li>15% de descuento en Servicios deportivos para titulares, hijos y nietos.<\/li>\n<li>Alquiler gratuito de 2 horas para el socio titular y tus familiares y amigos en cualquiera de las modalidades deportivas de la Escuela de Vela del Club (seg\u00fan capacidad correspondiente a cada modalidad).<\/li>\n<li>Abono a Flota: Sin matr\u00edcula ni quota de Socio Deportivo para el titular socio (m\u00ednimo un semestre de contrataci\u00f3n del abono y pago por avanzado)<\/li>\n<li>15% de descuento en inscripciones a los eventos deportivos que organiza el Club.<\/li>\n<li>Ventajas y descuentos exclusivos en la compra de productos y servicios en las empresas colaboradoras del Club. <a href=\"https:\/\/nauticescala.com\/es\/noticias\/ventajas-2026\/\">\u00a1Cons\u00faltalos!<\/a><\/li>\n<li>Benef\u00edciate de todos los servicios de los Socios Deportivos.<\/li>\n<\/ul>\n<\/li>\n<\/ul>\n<p>Condiciones<\/p>\n<ul>\n<li style=\"list-style-type: none;\">\n<ul>\n<li>Obtenga un permiso de amarre. \u00a1Consulte nuestro tabl\u00f3n de anuncios y obtenga su permiso de amarre!<\/li>\n<li>Pague la cuota de membres\u00eda y la cuota de mantenimiento del amarre.<\/li>\n<li>Pague las cuotas anuales del club y los impuestos p\u00fablicos correspondientes a su embarcaci\u00f3n.<\/li>\n<\/ul>\n<\/li>\n<\/ul>\n\n                                                \n                                            \n                                        \n                                    <\/div><!-- end card-body -->\n                                <\/div><!-- end collapse -->\n                            <\/div><!-- end card -->\n                                                                                <div class=\"card\">\n                                <div class=\"card-header\">\n                                    <h3>\n                                        <a href=\"#\" class=\"collapsed\" data-toggle=\"collapse\" data-target=\"#collapse-02\" aria-expanded=\"true\"><i class=\"ico-opener\">&nbsp;<\/i>Socio Deportivo<\/a>\n                                    <\/h3>\n                                <\/div><!-- end card-header -->\n                                <div id=\"collapse-02\" class=\"collapse\">\n                                                                    <div class=\"card-body\">\n\n                                        \n                                            \n                                                \n                                                    <h4>\u00bfSab\u00edas que puedes ser socio del Club sin necesidad de disponer de embarcaci\u00f3n ni amarre?<\/h4>\n<p>\u00a1Hazte Socio Deportivo y ven a navegar con nosotros mientras disfrutas de las ventajas de ser miembro del Club!<\/p>\n<p>\u00bfQu\u00e9 ventajas ofrece?<\/p>\n<ul>\n<li style=\"list-style-type: none;\">\n<ul>\n<li>Participa en las actividades de la secci\u00f3n de deportes del Club.<\/li>\n<li>Libre acceso a las instalaciones del \u00c1rea Deportiva del Club.<\/li>\n<li>Participaci\u00f3n gratuita en las Jornadas de Puertas Abiertas que organiza el \u00c1rea Deportiva.<\/li>\n<li>Descuentos y ofertas especiales en las empresas colaboradoras del Club. <a href=\"https:\/\/nauticescala.com\/es\/noticias\/descuentos-ventajas-socios\/\">\u00a1Cons\u00faltalos!<\/a><\/li>\n<li>Una Ruta Guiada gratuita en la modalidad de vela crucero prevista en calendario al contractar una (2 a precio de 1)<\/li>\n<li>15% de descuento en las actividades n\u00e1uticas que propone el \u00c1rea Deportiva del Club. (titular)<\/li>\n<li>15% de descuento en las inscripciones en los eventos deportivos que organiza el Club. (titular)<\/li>\n<li>Acceso al Programa de abonados del \u00c1rea Deportiva del Club. \u00a1<a href=\"https:\/\/nauticescala.com\/es\/compra-actividades-en-la-costa-brava\/?activity_type=abono&amp;orderby=dates&amp;filter=1\">Consulta los abonos disponibles<\/a> y disfruta de los deportes n\u00e1uticos todo el a\u00f1o!<\/li>\n<li>Acceso a las actividades sociales del Club. \u00a1Ven a disfrutar del puerto en compa\u00f1\u00eda!<\/li>\n<li>Te ayudamos a tramitar la licencia federativa del deporte n\u00e1utico que practiques.<\/li>\n<li>Cada a\u00f1o recibir\u00e1s una invitaci\u00f3n con un descuento para visitar el Sal\u00f3n N\u00e1utico de Barcelona.<\/li>\n<\/ul>\n<\/li>\n<\/ul>\n<p><a href=\"https:\/\/nauticescala.com\/es\/formulario-socio-deportivo\/\"><strong>\u00a1Hazte Socio Deportivo!<\/strong><\/a><\/p>\n<p>Condiciones<\/p>\n<ul>\n<li style=\"list-style-type: none;\">\n<ul>\n<li>La tarjeta de socio es personal e intransferible y las ventajas y descuentos se aplican \u00fanicamente a su titular.<\/li>\n<li>Para disfrutar de todas estas ventajas y descuentos es necesario identificarse con la tarjeta de socio.<\/li>\n<li>Abonar la cuota anual establecida. 79,00 \u20ac\/a\u00f1o &#8211; 2026<\/li>\n<\/ul>\n<\/li>\n<\/ul>\n\n                                                \n                                            \n                                        \n                                    <\/div><!-- end card-body -->\n                                <\/div><!-- end collapse -->\n                            <\/div><!-- end card -->\n                                                                        <\/div><!-- end accordion -->\n                <\/div><!-- end accordion-block -->\n            \n<section class=\"article-section\"><div class=\"container\">\n\n<\/div><\/section>\n    \n        <div class=\"btn-box\">\n            <a href=\"https:\/\/nauticescala.com\/es\/club-nautico-en-la-costa-brava\/\" target=\"_self\" class=\"btn btn-primary\">\u00a1Conoce el Club!<\/a>\n\n        \n        \n\n<\/div><!-- end btn-box -->\n\n   \n<section class=\"article-section\"><div class=\"container\">\n\n<\/div><\/section><section class=\"gallery-area\">\n\t\t\t\t<div class=\"container\">\n\t\t\t<div class=\"row\">\n\t\t\t\t<div class=\"col-md-6 col-lg-6\">\n\t\t\t\t\t<header class=\"gallery-area-heading\">\n\t\t\t\t\t\t<h2>\u00a1Vive la Costa Brava!<\/h2>\n\t\t\t\t\t<\/header><!-- end gallery-area-heading -->\n\t\t\t\t<\/div><!-- end col-lg-6 -->\n\n\t\t\t\t\t\t\t\t\t<div class=\"col-md-6 col-md-6\">\n\t\t\t\t\t\t<div class=\"gallery-heading-image\">\n\t\t\t\t\t\t\t<img decoding=\"async\" src=\"https:\/\/nauticescala.com\/wp-content\/uploads\/2019\/10\/img-45.svg\" alt=\"\" \/>\n\t\t\t\t\t\t<\/div><!-- end gallery-heading-image -->\n\t\t\t\t\t<\/div><!-- end col-md-6 -->\n\t\t\t\t\t\t\t<\/div><!-- end row -->\n\t\t<\/div><!-- end container -->\n\t\n\t\t\t<div class=\"container\">\n\t\t\t<div class=\"gallery-items\">\n\n\t\t\t\t\t\t\t\t\n\t\t\t\t\t<div class=\"gallery-slide\">\n\t\t\t\t\t\t<a href=\"https:\/\/nauticescala.com\/es\/compra-actividades-en-la-costa-brava\/\" class=\"widget-link\">\n\t\t\t\t\t\t\t<figure class=\"gallery-item\">\n\t\t\t\t\t\t\t\t\t\t\t\t\t\t\t\t\t<div class=\"image primary-gradient\">\n\t\t\t\t\t\t\t\t\t\t<img decoding=\"async\" src=\"https:\/\/nauticescala.com\/wp-content\/uploads\/2019\/09\/img-41.jpg\" alt=\"\" \/>\n\t\t\t\t\t\t\t\t\t<\/div><!-- end image -->\n\t\t\t\t\t\t\t\t\t\t\t\t\t\t\t\t\t\t\t\t\t\t\t\t\t<figcaption>\n\t\t\t\t\t\t\t\t<h3>Rutas Guiadas<\/h3>\n\t\t\t\t\t\t\t\t\t<\/figcaption>\n\t\t\t\t\t\t\t\t\t\t\t\t\t\t\t<\/figure><!-- end gallery-item -->\n\t\t\t\t\t\t<\/a><!-- end widget-link -->\n\t\t\t\t\t<\/div><!-- end gallery-slide -->\n\n\t\t\t\t\t\t\t\t\t\n\t\t\t\t\t<div class=\"gallery-slide\">\n\t\t\t\t\t\t<a href=\"https:\/\/nauticescala.com\/es\/compra-actividades-en-la-costa-brava\/?filters_activity_type%5B%5D=abonament&#038;orderby=dates\" class=\"widget-link\">\n\t\t\t\t\t\t\t<figure class=\"gallery-item\">\n\t\t\t\t\t\t\t\t\t\t\t\t\t\t\t\t\t<div class=\"image primary-gradient\">\n\t\t\t\t\t\t\t\t\t\t<img decoding=\"async\" src=\"https:\/\/nauticescala.com\/wp-content\/uploads\/2020\/03\/cn-lescala-costa-brava-escola-de-vela-16.jpg\" alt=\"\" \/>\n\t\t\t\t\t\t\t\t\t<\/div><!-- end image -->\n\t\t\t\t\t\t\t\t\t\t\t\t\t\t\t\t\t\t\t\t\t\t\t\t\t<figcaption>\n\t\t\t\t\t\t\t\t<h3>Abonos<\/h3>\n\t\t\t\t\t\t\t\t\t<\/figcaption>\n\t\t\t\t\t\t\t\t\t\t\t\t\t\t\t<\/figure><!-- end gallery-item -->\n\t\t\t\t\t\t<\/a><!-- end widget-link -->\n\t\t\t\t\t<\/div><!-- end gallery-slide -->\n\n\t\t\t\t\t\t\t\t\t\n\t\t\t\t\t<div class=\"gallery-slide\">\n\t\t\t\t\t\t<a href=\"https:\/\/nauticescala.com\/news\/avantatges-descomptes-2020\/\" class=\"widget-link\">\n\t\t\t\t\t\t\t<figure class=\"gallery-item\">\n\t\t\t\t\t\t\t\t\t\t\t\t\t\t\t\t\t<div class=\"image \">\n\t\t\t\t\t\t\t\t\t\t<img decoding=\"async\" src=\"https:\/\/nauticescala.com\/wp-content\/uploads\/2020\/03\/avantatges-i-descomptes.jpg\" alt=\"\" \/>\n\t\t\t\t\t\t\t\t\t<\/div><!-- end image -->\n\t\t\t\t\t\t\t\t\t\t\t\t\t\t\t\t\t\t\t\t\t\t\t\t\t<figcaption>\n\t\t\t\t\t\t\t\t<h3>Ventajas y descuentos <\/h3>\n\t\t\t\t\t\t\t\t\t<\/figcaption>\n\t\t\t\t\t\t\t\t\t\t\t\t\t\t\t<\/figure><!-- end gallery-item -->\n\t\t\t\t\t\t<\/a><!-- end widget-link -->\n\t\t\t\t\t<\/div><!-- end gallery-slide -->\n\n\t\t\t\t\t\t\t\t\t\n\t\t\t\t\t<div class=\"gallery-slide\">\n\t\t\t\t\t\t<a href=\"https:\/\/flickr.com\/photos\/nauticescala\/albums\/72157698833500435\" class=\"widget-link\">\n\t\t\t\t\t\t\t<figure class=\"gallery-item\">\n\t\t\t\t\t\t\t\t\t\t\t\t\t\t\t\t\t<div class=\"image \">\n\t\t\t\t\t\t\t\t\t\t<img decoding=\"async\" src=\"https:\/\/nauticescala.com\/wp-content\/uploads\/2019\/09\/img-43.jpg\" alt=\"\" \/>\n\t\t\t\t\t\t\t\t\t<\/div><!-- end image -->\n\t\t\t\t\t\t\t\t\t\t\t\t\t\t\t\t\t\t\t\t\t\t\t\t\t<figcaption>\n\t\t\t\t\t\t\t\t<h3>Actividades sociales<\/h3>\n\t\t\t\t\t\t\t\t\t<\/figcaption>\n\t\t\t\t\t\t\t\t\t\t\t\t\t\t\t<\/figure><!-- end gallery-item -->\n\t\t\t\t\t\t<\/a><!-- end widget-link -->\n\t\t\t\t\t<\/div><!-- end gallery-slide -->\n\n\t\t\t\t\t\t\t\t\t\n\t\t\t\t\t<div class=\"gallery-slide\">\n\t\t\t\t\t\t<a href=\"https:\/\/nauticescala.com\/events\/\" class=\"widget-link\">\n\t\t\t\t\t\t\t<figure class=\"gallery-item\">\n\t\t\t\t\t\t\t\t\t\t\t\t\t\t\t\t\t<div class=\"image \">\n\t\t\t\t\t\t\t\t\t\t<img decoding=\"async\" src=\"https:\/\/nauticescala.com\/wp-content\/uploads\/2020\/03\/agenda.jpg\" alt=\"Club N\u00e0utic l'Escala\" \/>\n\t\t\t\t\t\t\t\t\t<\/div><!-- end image -->\n\t\t\t\t\t\t\t\t\t\t\t\t\t\t\t\t\t\t\t\t\t\t\t\t\t<figcaption>\n\t\t\t\t\t\t\t\t<h3>La Agenda del Club<\/h3>\n\t\t\t\t\t\t\t\t\t<\/figcaption>\n\t\t\t\t\t\t\t\t\t\t\t\t\t\t\t<\/figure><!-- end gallery-item -->\n\t\t\t\t\t\t<\/a><!-- end widget-link -->\n\t\t\t\t\t<\/div><!-- end gallery-slide -->\n\n\t\t\t\t\t\t\t\t\t\n\t\t\t<\/div><!-- end gallery-items -->\n\t\t<\/div><!-- end container-fluid -->\n\t\t\n<\/section><!-- end gallery-area -->\n","protected":false},"excerpt":{"rendered":"","protected":false},"author":4,"featured_media":0,"parent":7803,"menu_order":0,"comment_status":"closed","ping_status":"closed","template":"","meta":{"_acf_changed":false,"_monsterinsights_skip_tracking":false,"_monsterinsights_sitenote_active":false,"_monsterinsights_sitenote_note":"","_monsterinsights_sitenote_category":0,"footnotes":""},"class_list":["post-8768","page","type-page","status-publish","hentry"],"acf":[],"yoast_head":"<!-- This site is optimized with the Yoast SEO Premium plugin v20.7 (Yoast SEO v27.3) - https:\/\/yoast.com\/product\/yoast-seo-premium-wordpress\/ -->\n<title>Hazte socio &#8211; Club N\u00e0utic L\u2019Escala<\/title>\n<meta name=\"robots\" content=\"index, follow, max-snippet:-1, max-image-preview:large, max-video-preview:-1\" \/>\n<link rel=\"canonical\" href=\"https:\/\/nauticescala.com\/es\/club-nautico-en-la-costa-brava\/hazte-socio\/\" \/>\n<meta property=\"og:locale\" content=\"es_ES\" \/>\n<meta property=\"og:type\" content=\"article\" \/>\n<meta property=\"og:title\" content=\"Hazte socio\" \/>\n<meta property=\"og:url\" content=\"https:\/\/nauticescala.com\/es\/club-nautico-en-la-costa-brava\/hazte-socio\/\" \/>\n<meta property=\"og:site_name\" content=\"Club N\u00e0utic L\u2019Escala\" \/>\n<meta property=\"article:modified_time\" content=\"2026-04-01T13:41:56+00:00\" \/>\n<meta name=\"twitter:card\" content=\"summary_large_image\" \/>\n<meta name=\"twitter:label1\" content=\"Tiempo de lectura\" \/>\n\t<meta name=\"twitter:data1\" content=\"5 minutos\" \/>\n<script type=\"application\/ld+json\" class=\"yoast-schema-graph\">{\"@context\":\"https:\\\/\\\/schema.org\",\"@graph\":[{\"@type\":\"WebPage\",\"@id\":\"https:\\\/\\\/nauticescala.com\\\/es\\\/club-nautico-en-la-costa-brava\\\/hazte-socio\\\/\",\"url\":\"https:\\\/\\\/nauticescala.com\\\/es\\\/club-nautico-en-la-costa-brava\\\/hazte-socio\\\/\",\"name\":\"Hazte socio &#8211; Club N\u00e0utic L\u2019Escala\",\"isPartOf\":{\"@id\":\"https:\\\/\\\/nauticescala.com\\\/#website\"},\"datePublished\":\"2019-12-18T15:45:50+00:00\",\"dateModified\":\"2026-04-01T13:41:56+00:00\",\"breadcrumb\":{\"@id\":\"https:\\\/\\\/nauticescala.com\\\/es\\\/club-nautico-en-la-costa-brava\\\/hazte-socio\\\/#breadcrumb\"},\"inLanguage\":\"es\",\"potentialAction\":[{\"@type\":\"ReadAction\",\"target\":[\"https:\\\/\\\/nauticescala.com\\\/es\\\/club-nautico-en-la-costa-brava\\\/hazte-socio\\\/\"]}]},{\"@type\":\"BreadcrumbList\",\"@id\":\"https:\\\/\\\/nauticescala.com\\\/es\\\/club-nautico-en-la-costa-brava\\\/hazte-socio\\\/#breadcrumb\",\"itemListElement\":[{\"@type\":\"ListItem\",\"position\":1,\"name\":\"Home\",\"item\":\"https:\\\/\\\/nauticescala.com\\\/es\\\/\"},{\"@type\":\"ListItem\",\"position\":2,\"name\":\"Bienvenidos al Club N\u00e0utic\",\"item\":\"https:\\\/\\\/nauticescala.com\\\/es\\\/club-nautico-en-la-costa-brava\\\/\"},{\"@type\":\"ListItem\",\"position\":3,\"name\":\"Hazte socio\"}]},{\"@type\":\"WebSite\",\"@id\":\"https:\\\/\\\/nauticescala.com\\\/#website\",\"url\":\"https:\\\/\\\/nauticescala.com\\\/\",\"name\":\"Club N\u00e0utic L\u2019Escala\",\"description\":\"Port esportiu a la Costa Brava\",\"potentialAction\":[{\"@type\":\"SearchAction\",\"target\":{\"@type\":\"EntryPoint\",\"urlTemplate\":\"https:\\\/\\\/nauticescala.com\\\/?s={search_term_string}\"},\"query-input\":{\"@type\":\"PropertyValueSpecification\",\"valueRequired\":true,\"valueName\":\"search_term_string\"}}],\"inLanguage\":\"es\"}]}<\/script>\n<!-- \/ Yoast SEO Premium plugin. -->","yoast_head_json":{"title":"Hazte socio &#8211; Club N\u00e0utic L\u2019Escala","robots":{"index":"index","follow":"follow","max-snippet":"max-snippet:-1","max-image-preview":"max-image-preview:large","max-video-preview":"max-video-preview:-1"},"canonical":"https:\/\/nauticescala.com\/es\/club-nautico-en-la-costa-brava\/hazte-socio\/","og_locale":"es_ES","og_type":"article","og_title":"Hazte socio","og_url":"https:\/\/nauticescala.com\/es\/club-nautico-en-la-costa-brava\/hazte-socio\/","og_site_name":"Club N\u00e0utic L\u2019Escala","article_modified_time":"2026-04-01T13:41:56+00:00","twitter_card":"summary_large_image","twitter_misc":{"Tiempo de lectura":"5 minutos"},"schema":{"@context":"https:\/\/schema.org","@graph":[{"@type":"WebPage","@id":"https:\/\/nauticescala.com\/es\/club-nautico-en-la-costa-brava\/hazte-socio\/","url":"https:\/\/nauticescala.com\/es\/club-nautico-en-la-costa-brava\/hazte-socio\/","name":"Hazte socio &#8211; Club N\u00e0utic L\u2019Escala","isPartOf":{"@id":"https:\/\/nauticescala.com\/#website"},"datePublished":"2019-12-18T15:45:50+00:00","dateModified":"2026-04-01T13:41:56+00:00","breadcrumb":{"@id":"https:\/\/nauticescala.com\/es\/club-nautico-en-la-costa-brava\/hazte-socio\/#breadcrumb"},"inLanguage":"es","potentialAction":[{"@type":"ReadAction","target":["https:\/\/nauticescala.com\/es\/club-nautico-en-la-costa-brava\/hazte-socio\/"]}]},{"@type":"BreadcrumbList","@id":"https:\/\/nauticescala.com\/es\/club-nautico-en-la-costa-brava\/hazte-socio\/#breadcrumb","itemListElement":[{"@type":"ListItem","position":1,"name":"Home","item":"https:\/\/nauticescala.com\/es\/"},{"@type":"ListItem","position":2,"name":"Bienvenidos al Club N\u00e0utic","item":"https:\/\/nauticescala.com\/es\/club-nautico-en-la-costa-brava\/"},{"@type":"ListItem","position":3,"name":"Hazte socio"}]},{"@type":"WebSite","@id":"https:\/\/nauticescala.com\/#website","url":"https:\/\/nauticescala.com\/","name":"Club N\u00e0utic L\u2019Escala","description":"Port esportiu a la Costa Brava","potentialAction":[{"@type":"SearchAction","target":{"@type":"EntryPoint","urlTemplate":"https:\/\/nauticescala.com\/?s={search_term_string}"},"query-input":{"@type":"PropertyValueSpecification","valueRequired":true,"valueName":"search_term_string"}}],"inLanguage":"es"}]}},"_links":{"self":[{"href":"https:\/\/nauticescala.com\/es\/wp-json\/wp\/v2\/pages\/8768","targetHints":{"allow":["GET"]}}],"collection":[{"href":"https:\/\/nauticescala.com\/es\/wp-json\/wp\/v2\/pages"}],"about":[{"href":"https:\/\/nauticescala.com\/es\/wp-json\/wp\/v2\/types\/page"}],"author":[{"embeddable":true,"href":"https:\/\/nauticescala.com\/es\/wp-json\/wp\/v2\/users\/4"}],"replies":[{"embeddable":true,"href":"https:\/\/nauticescala.com\/es\/wp-json\/wp\/v2\/comments?post=8768"}],"version-history":[{"count":26,"href":"https:\/\/nauticescala.com\/es\/wp-json\/wp\/v2\/pages\/8768\/revisions"}],"predecessor-version":[{"id":98767,"href":"https:\/\/nauticescala.com\/es\/wp-json\/wp\/v2\/pages\/8768\/revisions\/98767"}],"up":[{"embeddable":true,"href":"https:\/\/nauticescala.com\/es\/wp-json\/wp\/v2\/pages\/7803"}],"wp:attachment":[{"href":"https:\/\/nauticescala.com\/es\/wp-json\/wp\/v2\/media?parent=8768"}],"curies":[{"name":"wp","href":"https:\/\/api.w.org\/{rel}","templated":true}]}}