 {"id":9161,"date":"2019-10-04T07:53:41","date_gmt":"2019-10-04T05:53:41","guid":{"rendered":"http:\/\/nauticescala.com\/port-esportiu-costa-brava\/meteo\/"},"modified":"2025-07-16T10:10:42","modified_gmt":"2025-07-16T08:10:42","slug":"meteo","status":"publish","type":"page","link":"https:\/\/nauticescala.com\/es\/puerto-en-la-costa-brava\/meteo\/","title":{"rendered":"El tiempo en l&#8217;Escala"},"content":{"rendered":"\n<p>Conoce el tiempo y el estado del mar en l&#8217;Escala. <\/p>\n","protected":false},"excerpt":{"rendered":"<p>Conoce el tiempo y el estado del mar en l&#8217;Escala.<\/p>\n","protected":false},"author":2,"featured_media":0,"parent":9184,"menu_order":0,"comment_status":"closed","ping_status":"closed","template":"templates\/template-meteo.php","meta":{"_acf_changed":false,"_monsterinsights_skip_tracking":false,"_monsterinsights_sitenote_active":false,"_monsterinsights_sitenote_note":"","_monsterinsights_sitenote_category":0,"footnotes":""},"class_list":["post-9161","page","type-page","status-publish","hentry"],"acf":[],"yoast_head":"<!-- This site is optimized with the Yoast SEO Premium plugin v20.7 (Yoast SEO v27.3) - https:\/\/yoast.com\/product\/yoast-seo-premium-wordpress\/ -->\n<title>El tiempo en l&#039;Escala &#8211; Club N\u00e0utic L\u2019Escala<\/title>\n<meta name=\"description\" content=\"Consulta el tiempo en Escala, previsi\u00f3n, tiempo actual y c\u00e1mara web. tambi\u00e9n podr\u00e1s consultar los principales modelos meteorol\u00f3gicos.\" \/>\n<meta name=\"robots\" content=\"index, follow, max-snippet:-1, max-image-preview:large, max-video-preview:-1\" \/>\n<link rel=\"canonical\" href=\"https:\/\/nauticescala.com\/es\/puerto-en-la-costa-brava\/meteo\/\" \/>\n<meta property=\"og:locale\" content=\"es_ES\" \/>\n<meta property=\"og:type\" content=\"article\" \/>\n<meta property=\"og:title\" content=\"El tiempo en l&#039;Escala\" \/>\n<meta property=\"og:description\" content=\"Consulta el tiempo en Escala, previsi\u00f3n, tiempo actual y c\u00e1mara web. tambi\u00e9n podr\u00e1s consultar los principales modelos meteorol\u00f3gicos.\" \/>\n<meta property=\"og:url\" content=\"https:\/\/nauticescala.com\/es\/puerto-en-la-costa-brava\/meteo\/\" \/>\n<meta property=\"og:site_name\" content=\"Club N\u00e0utic L\u2019Escala\" \/>\n<meta property=\"article:modified_time\" content=\"2025-07-16T08:10:42+00:00\" \/>\n<meta name=\"twitter:card\" content=\"summary_large_image\" \/>\n<meta name=\"twitter:label1\" content=\"Tiempo de lectura\" \/>\n\t<meta name=\"twitter:data1\" content=\"1 minuto\" \/>\n<script type=\"application\/ld+json\" class=\"yoast-schema-graph\">{\"@context\":\"https:\\\/\\\/schema.org\",\"@graph\":[{\"@type\":\"WebPage\",\"@id\":\"https:\\\/\\\/nauticescala.com\\\/es\\\/puerto-en-la-costa-brava\\\/meteo\\\/\",\"url\":\"https:\\\/\\\/nauticescala.com\\\/es\\\/puerto-en-la-costa-brava\\\/meteo\\\/\",\"name\":\"El tiempo en l'Escala &#8211; Club N\u00e0utic L\u2019Escala\",\"isPartOf\":{\"@id\":\"https:\\\/\\\/nauticescala.com\\\/#website\"},\"datePublished\":\"2019-10-04T05:53:41+00:00\",\"dateModified\":\"2025-07-16T08:10:42+00:00\",\"description\":\"Consulta el tiempo en Escala, previsi\u00f3n, tiempo actual y c\u00e1mara web. tambi\u00e9n podr\u00e1s consultar los principales modelos meteorol\u00f3gicos.\",\"breadcrumb\":{\"@id\":\"https:\\\/\\\/nauticescala.com\\\/es\\\/puerto-en-la-costa-brava\\\/meteo\\\/#breadcrumb\"},\"inLanguage\":\"es\",\"potentialAction\":[{\"@type\":\"ReadAction\",\"target\":[\"https:\\\/\\\/nauticescala.com\\\/es\\\/puerto-en-la-costa-brava\\\/meteo\\\/\"]}]},{\"@type\":\"BreadcrumbList\",\"@id\":\"https:\\\/\\\/nauticescala.com\\\/es\\\/puerto-en-la-costa-brava\\\/meteo\\\/#breadcrumb\",\"itemListElement\":[{\"@type\":\"ListItem\",\"position\":1,\"name\":\"Home\",\"item\":\"https:\\\/\\\/nauticescala.com\\\/es\\\/\"},{\"@type\":\"ListItem\",\"position\":2,\"name\":\"Servicios portuarios\",\"item\":\"https:\\\/\\\/nauticescala.com\\\/es\\\/puerto-en-la-costa-brava\\\/\"},{\"@type\":\"ListItem\",\"position\":3,\"name\":\"El tiempo en l&#8217;Escala\"}]},{\"@type\":\"WebSite\",\"@id\":\"https:\\\/\\\/nauticescala.com\\\/#website\",\"url\":\"https:\\\/\\\/nauticescala.com\\\/\",\"name\":\"Club N\u00e0utic L\u2019Escala\",\"description\":\"Port esportiu a la Costa Brava\",\"potentialAction\":[{\"@type\":\"SearchAction\",\"target\":{\"@type\":\"EntryPoint\",\"urlTemplate\":\"https:\\\/\\\/nauticescala.com\\\/?s={search_term_string}\"},\"query-input\":{\"@type\":\"PropertyValueSpecification\",\"valueRequired\":true,\"valueName\":\"search_term_string\"}}],\"inLanguage\":\"es\"}]}<\/script>\n<!-- \/ Yoast SEO Premium plugin. -->","yoast_head_json":{"title":"El tiempo en l'Escala &#8211; Club N\u00e0utic L\u2019Escala","description":"Consulta el tiempo en Escala, previsi\u00f3n, tiempo actual y c\u00e1mara web. tambi\u00e9n podr\u00e1s consultar los principales modelos meteorol\u00f3gicos.","robots":{"index":"index","follow":"follow","max-snippet":"max-snippet:-1","max-image-preview":"max-image-preview:large","max-video-preview":"max-video-preview:-1"},"canonical":"https:\/\/nauticescala.com\/es\/puerto-en-la-costa-brava\/meteo\/","og_locale":"es_ES","og_type":"article","og_title":"El tiempo en l'Escala","og_description":"Consulta el tiempo en Escala, previsi\u00f3n, tiempo actual y c\u00e1mara web. tambi\u00e9n podr\u00e1s consultar los principales modelos meteorol\u00f3gicos.","og_url":"https:\/\/nauticescala.com\/es\/puerto-en-la-costa-brava\/meteo\/","og_site_name":"Club N\u00e0utic L\u2019Escala","article_modified_time":"2025-07-16T08:10:42+00:00","twitter_card":"summary_large_image","twitter_misc":{"Tiempo de lectura":"1 minuto"},"schema":{"@context":"https:\/\/schema.org","@graph":[{"@type":"WebPage","@id":"https:\/\/nauticescala.com\/es\/puerto-en-la-costa-brava\/meteo\/","url":"https:\/\/nauticescala.com\/es\/puerto-en-la-costa-brava\/meteo\/","name":"El tiempo en l'Escala &#8211; Club N\u00e0utic L\u2019Escala","isPartOf":{"@id":"https:\/\/nauticescala.com\/#website"},"datePublished":"2019-10-04T05:53:41+00:00","dateModified":"2025-07-16T08:10:42+00:00","description":"Consulta el tiempo en Escala, previsi\u00f3n, tiempo actual y c\u00e1mara web. tambi\u00e9n podr\u00e1s consultar los principales modelos meteorol\u00f3gicos.","breadcrumb":{"@id":"https:\/\/nauticescala.com\/es\/puerto-en-la-costa-brava\/meteo\/#breadcrumb"},"inLanguage":"es","potentialAction":[{"@type":"ReadAction","target":["https:\/\/nauticescala.com\/es\/puerto-en-la-costa-brava\/meteo\/"]}]},{"@type":"BreadcrumbList","@id":"https:\/\/nauticescala.com\/es\/puerto-en-la-costa-brava\/meteo\/#breadcrumb","itemListElement":[{"@type":"ListItem","position":1,"name":"Home","item":"https:\/\/nauticescala.com\/es\/"},{"@type":"ListItem","position":2,"name":"Servicios portuarios","item":"https:\/\/nauticescala.com\/es\/puerto-en-la-costa-brava\/"},{"@type":"ListItem","position":3,"name":"El tiempo en l&#8217;Escala"}]},{"@type":"WebSite","@id":"https:\/\/nauticescala.com\/#website","url":"https:\/\/nauticescala.com\/","name":"Club N\u00e0utic L\u2019Escala","description":"Port esportiu a la Costa Brava","potentialAction":[{"@type":"SearchAction","target":{"@type":"EntryPoint","urlTemplate":"https:\/\/nauticescala.com\/?s={search_term_string}"},"query-input":{"@type":"PropertyValueSpecification","valueRequired":true,"valueName":"search_term_string"}}],"inLanguage":"es"}]}},"_links":{"self":[{"href":"https:\/\/nauticescala.com\/es\/wp-json\/wp\/v2\/pages\/9161","targetHints":{"allow":["GET"]}}],"collection":[{"href":"https:\/\/nauticescala.com\/es\/wp-json\/wp\/v2\/pages"}],"about":[{"href":"https:\/\/nauticescala.com\/es\/wp-json\/wp\/v2\/types\/page"}],"author":[{"embeddable":true,"href":"https:\/\/nauticescala.com\/es\/wp-json\/wp\/v2\/users\/2"}],"replies":[{"embeddable":true,"href":"https:\/\/nauticescala.com\/es\/wp-json\/wp\/v2\/comments?post=9161"}],"version-history":[{"count":18,"href":"https:\/\/nauticescala.com\/es\/wp-json\/wp\/v2\/pages\/9161\/revisions"}],"predecessor-version":[{"id":86831,"href":"https:\/\/nauticescala.com\/es\/wp-json\/wp\/v2\/pages\/9161\/revisions\/86831"}],"up":[{"embeddable":true,"href":"https:\/\/nauticescala.com\/es\/wp-json\/wp\/v2\/pages\/9184"}],"wp:attachment":[{"href":"https:\/\/nauticescala.com\/es\/wp-json\/wp\/v2\/media?parent=9161"}],"curies":[{"name":"wp","href":"https:\/\/api.w.org\/{rel}","templated":true}]}}