 {"id":9167,"date":"2020-03-16T12:16:13","date_gmt":"2020-03-16T11:16:13","guid":{"rendered":"http:\/\/nauticescala.com\/bandera-blava-per-a-embarcacions\/"},"modified":"2025-07-08T16:32:44","modified_gmt":"2025-07-08T14:32:44","slug":"bandera-azul-para-embarcaciones","status":"publish","type":"page","link":"https:\/\/nauticescala.com\/es\/puerto-en-la-costa-brava\/bandera-azul-para-embarcaciones\/","title":{"rendered":"Bandera Azul para Embarcaciones"},"content":{"rendered":"\t\n\t<section class=\"title-section d-md-block\">\n\t\t<div class=\"container\">\n\t\t\t\t\n\t\t\t\t<h1>Bandera Azul para Embarcaciones<\/h1>\n\t\t\t\t\t\t\t\n\t\t\t\t<p>\u00bfTe preocupa la preservaci\u00f3n del medio marino?<\/p>\n\t\t\t\t\t<\/div><!-- end container -->\n\t<\/section><!-- end title-section -->\n<section class=\"article-section\"><div class=\"container\">\n\n<\/div><\/section>\t<div class=\"visual-area\">\n\t\t<figure class=\"visual-banner\">\n\t\t\t<div class=\"image\">\n\t\t\t\t<img decoding=\"async\" src=\"https:\/\/nauticescala.com\/wp-content\/uploads\/2023\/05\/2022-nauticescala-conferencies-2.jpg\" alt=\"2022-nauticescala-social-bandera blava\" \/>\n\t\t\t<\/div><!-- end image -->\n\t\t\t<div class=\"bg-image bg-img primary-gradient\">\n\t\t\t\t<img decoding=\"async\" src=\"https:\/\/nauticescala.com\/wp-content\/uploads\/2023\/05\/2022-nauticescala-conferencies-2.jpg\" alt=\"2022-nauticescala-social-bandera blava\" \/>\n\t\t\t<\/div><!-- end bg-image -->\n\t\t<\/figure><!-- end visual-banner -->\n\t<\/div><!-- end visual-area -->\n<section class=\"article-section\"><div class=\"container\">\n\n<\/div><\/section>\n        <div class=\"intro-area-holder\">\n            <h2>\u00a1Tu tambi\u00e9n puedes obtener tu Bandera Azul para Embarcaciones!<\/h2>\n<p>Desde hace a\u00f1os, el Club es merecedor del distintivo Bandera Azul otorgado por ADEAC-FEE.<\/p>\n<p>El galard\u00f3n, de prestigio internacional, valora y premia la gesti\u00f3n ambiental, la seguridad, las instalaciones y la excelencia en la prestaci\u00f3n de servicios. Tambi\u00e9n la educaci\u00f3n medioambiental que difunde entre sus usuarios.<\/p>\n<p>Renovamos, as\u00ed, nuestro compromiso con el medio ambiente, la seguridad y la calidad.<\/p>\n<h3>\u00a1\u00danete a la campa\u00f1a, solicita la Bandera Azul para Embarcaciones!<\/h3>\n<p>Comprom\u00e9tete con la protecci\u00f3n del mar adoptando buenas pr\u00e1cticas de navegaci\u00f3n, gesti\u00f3n de residuos y respeto por la vida marina.<\/p>\n<p>Con peque\u00f1os gestos como fondear con cuidado, utilizar la bomba de succi\u00f3n de aguas negras y de sentina del Club o hacer un consumo responsable de recursos como el agua o la electricidad, contribuyes a un litoral m\u00e1s limpio y seguro.<\/p>\n<h3>\u00a1Act\u00faa con responsabilidad por un futuro mejor!<\/h3>\n        <\/div><!-- end intro-area-holder -->\n\n\n<section class=\"article-section\"><div class=\"container\">\n\n<\/div><\/section>\n                            <div class=\"accordion-block\">\n                    <div id=\"accordion\" class=\"accordion\">\n                                                                            <div class=\"card\">\n                                <div class=\"card-header\">\n                                    <h3>\n                                        <a href=\"#\" class=\"collapsed\" data-toggle=\"collapse\" data-target=\"#collapse-0100\" aria-expanded=\"true\"><i class=\"ico-opener\">&nbsp;<\/i>\u00bfQu\u00e9 es?<\/a>\n                                    <\/h3>\n                                <\/div><!-- end card-header -->\n                                <div id=\"collapse-0100\" class=\"collapse\">\n                                                                    <div class=\"card-body\">\n\n                                                                                \n                                            <div class=\"row\">\n\n                                                \n                                                    <div class=\"col-md-12\">\n\n                                                        <!-- content -->\n                                                        \n                                                            \n                                                                \n                                                                    <p>Es una distinci\u00f3n, en forma de diploma y de una peque\u00f1a Bandera Azul que se concede a los armadores y usuarios de embarcaciones, que reconoce su comportamiento responsable y su compromiso de respetar, difundir y hacer respetar el c\u00f3digo de conducta ambiental Bandera Azul tanto en el mar como en el puerto.<\/p>\n\n                                                                \n                                                            \n                                                                                                                <!-- end content -->\n\n                                                    <\/div>\n\n                                                \n                                            <\/div>\n\n                                        \n                                    <\/div><!-- end card-body -->\n                                <\/div><!-- end collapse -->\n                            <\/div><!-- end card -->\n                                                                                <div class=\"card\">\n                                <div class=\"card-header\">\n                                    <h3>\n                                        <a href=\"#\" class=\"collapsed\" data-toggle=\"collapse\" data-target=\"#collapse-0200\" aria-expanded=\"true\"><i class=\"ico-opener\">&nbsp;<\/i>\u00bfC\u00f3mo solicitarla?<\/a>\n                                    <\/h3>\n                                <\/div><!-- end card-header -->\n                                <div id=\"collapse-0200\" class=\"collapse\">\n                                                                    <div class=\"card-body\">\n\n                                                                                \n                                            <div class=\"row\">\n\n                                                \n                                                    <div class=\"col-md-12\">\n\n                                                        <!-- content -->\n                                                        \n                                                            \n                                                                \n                                                                    <ol>\n<li>Aceptar el compromiso Bandera Azul de conducta en el mar y rellenar el formulario. El per\u00edodo de recepci\u00f3n de solicitudes se abre <strong>del 1\/6 al 30\/6.<\/strong><\/li>\n<li>Las personas interesadas deber\u00e1n comprometerse con el c\u00f3digo de conducta. Para ello, tal y como solicita la organizaci\u00f3n que otorga los distintivos, deber\u00e1n declarar su compromiso de responsabilidad en los puntos indicados en el formulario. \u00c9stos detallan buenas pr\u00e1cticas en materia de medio ambiente y navegaci\u00f3n responsable necesarias para contribuir a la preservaci\u00f3n del entorno.<\/li>\n<li>El Club enviar\u00e1 a ADEAC la documentaci\u00f3n que acredite los m\u00e9ritos del patr\u00f3n y su compromiso con el programa. Ser\u00e1 ADEAC quien otorgue el distintivo.<\/li>\n<li>Cada a\u00f1o, el Club podr\u00e1 entregar hasta 20 distintivos entre las personas socias y usuarias de los forfaits Anual y de Temporada del Club que lo hayan solicitado, por orden de recepci\u00f3n de peticiones.<\/li>\n<\/ol>\n\n                                                                \n                                                            \n                                                                                                                <!-- end content -->\n\n                                                    <\/div>\n\n                                                \n                                            <\/div>\n\n                                        \n                                    <\/div><!-- end card-body -->\n                                <\/div><!-- end collapse -->\n                            <\/div><!-- end card -->\n                                                                        <\/div><!-- end accordion -->\n                <\/div><!-- end accordion-block -->\n            \n<section class=\"article-section\"><div class=\"container\">\n\n<\/div><\/section><section class=\"gallery-area\">\n\t\t\t\t<div class=\"container\">\n\t\t\t<div class=\"row\">\n\t\t\t\t<div class=\"col-md-6 col-lg-6\">\n\t\t\t\t\t<header class=\"gallery-area-heading\">\n\t\t\t\t\t\t<h2>\u00a1Vive la Costa Brava!<\/h2>\n\t\t\t\t\t<\/header><!-- end gallery-area-heading -->\n\t\t\t\t<\/div><!-- end col-lg-6 -->\n\n\t\t\t\t\t\t\t\t\t<div class=\"col-md-6 col-md-6\">\n\t\t\t\t\t\t<div class=\"gallery-heading-image\">\n\t\t\t\t\t\t\t<img decoding=\"async\" src=\"https:\/\/nauticescala.com\/wp-content\/uploads\/2019\/10\/img-45.svg\" alt=\"\" \/>\n\t\t\t\t\t\t<\/div><!-- end gallery-heading-image -->\n\t\t\t\t\t<\/div><!-- end col-md-6 -->\n\t\t\t\t\t\t\t<\/div><!-- end row -->\n\t\t<\/div><!-- end container -->\n\t\n\t\t\t<div class=\"container\">\n\t\t\t<div class=\"gallery-items\">\n\n\t\t\t\t\t\t\t\t\n\t\t\t\t\t<div class=\"gallery-slide\">\n\t\t\t\t\t\t<a href=\"#\" class=\"widget-link\">\n\t\t\t\t\t\t\t<figure class=\"gallery-item\">\n\t\t\t\t\t\t\t\t\t\t\t\t\t\t\t\t\t<div class=\"image primary-gradient\">\n\t\t\t\t\t\t\t\t\t\t<img decoding=\"async\" src=\"https:\/\/nauticescala.com\/wp-content\/uploads\/2019\/09\/img-41.jpg\" alt=\"\" \/>\n\t\t\t\t\t\t\t\t\t<\/div><!-- end image -->\n\t\t\t\t\t\t\t\t\t\t\t\t\t\t\t\t\t\t\t\t\t\t\t<\/figure><!-- end gallery-item -->\n\t\t\t\t\t\t<\/a><!-- end widget-link -->\n\t\t\t\t\t<\/div><!-- end gallery-slide -->\n\n\t\t\t\t\t\t\t\t\t\n\t\t\t\t\t<div class=\"gallery-slide\">\n\t\t\t\t\t\t<a href=\"#\" class=\"widget-link\">\n\t\t\t\t\t\t\t<figure class=\"gallery-item\">\n\t\t\t\t\t\t\t\t\t\t\t\t\t\t\t\t\t<div class=\"image primary-gradient\">\n\t\t\t\t\t\t\t\t\t\t<img decoding=\"async\" src=\"https:\/\/nauticescala.com\/wp-content\/uploads\/2019\/09\/img-40.jpg\" alt=\"\" \/>\n\t\t\t\t\t\t\t\t\t<\/div><!-- end image -->\n\t\t\t\t\t\t\t\t\t\t\t\t\t\t\t\t\t\t\t\t\t\t\t<\/figure><!-- end gallery-item -->\n\t\t\t\t\t\t<\/a><!-- end widget-link -->\n\t\t\t\t\t<\/div><!-- end gallery-slide -->\n\n\t\t\t\t\t\t\t\t\t\n\t\t\t\t\t<div class=\"gallery-slide\">\n\t\t\t\t\t\t<a href=\"#\" class=\"widget-link\">\n\t\t\t\t\t\t\t<figure class=\"gallery-item\">\n\t\t\t\t\t\t\t\t\t\t\t\t\t\t\t\t\t<div class=\"image \">\n\t\t\t\t\t\t\t\t\t\t<img decoding=\"async\" src=\"https:\/\/nauticescala.com\/wp-content\/uploads\/2019\/09\/img-42.jpg\" alt=\"\" \/>\n\t\t\t\t\t\t\t\t\t<\/div><!-- end image -->\n\t\t\t\t\t\t\t\t\t\t\t\t\t\t\t\t\t\t\t\t\t\t\t<\/figure><!-- end gallery-item -->\n\t\t\t\t\t\t<\/a><!-- end widget-link -->\n\t\t\t\t\t<\/div><!-- end gallery-slide -->\n\n\t\t\t\t\t\t\t\t\t\n\t\t\t\t\t<div class=\"gallery-slide\">\n\t\t\t\t\t\t<a href=\"#\" class=\"widget-link\">\n\t\t\t\t\t\t\t<figure class=\"gallery-item\">\n\t\t\t\t\t\t\t\t\t\t\t\t\t\t\t\t\t<div class=\"image \">\n\t\t\t\t\t\t\t\t\t\t<img decoding=\"async\" src=\"https:\/\/nauticescala.com\/wp-content\/uploads\/2019\/09\/img-43.jpg\" alt=\"\" \/>\n\t\t\t\t\t\t\t\t\t<\/div><!-- end image -->\n\t\t\t\t\t\t\t\t\t\t\t\t\t\t\t\t\t\t\t\t\t\t\t<\/figure><!-- end gallery-item -->\n\t\t\t\t\t\t<\/a><!-- end widget-link -->\n\t\t\t\t\t<\/div><!-- end gallery-slide -->\n\n\t\t\t\t\t\t\t\t\t\n\t\t\t\t\t<div class=\"gallery-slide\">\n\t\t\t\t\t\t<a href=\"#\" class=\"widget-link\">\n\t\t\t\t\t\t\t<figure class=\"gallery-item\">\n\t\t\t\t\t\t\t\t\t\t\t\t\t\t\t\t\t<div class=\"image \">\n\t\t\t\t\t\t\t\t\t\t<img decoding=\"async\" src=\"https:\/\/nauticescala.com\/wp-content\/uploads\/2019\/09\/img-44.jpg\" alt=\"\" \/>\n\t\t\t\t\t\t\t\t\t<\/div><!-- end image -->\n\t\t\t\t\t\t\t\t\t\t\t\t\t\t\t\t\t\t\t\t\t\t\t<\/figure><!-- end gallery-item -->\n\t\t\t\t\t\t<\/a><!-- end widget-link -->\n\t\t\t\t\t<\/div><!-- end gallery-slide -->\n\n\t\t\t\t\t\t\t\t\t\n\t\t\t<\/div><!-- end gallery-items -->\n\t\t<\/div><!-- end container-fluid -->\n\t\t\n<\/section><!-- end gallery-area -->\n","protected":false},"excerpt":{"rendered":"","protected":false},"author":4,"featured_media":0,"parent":9184,"menu_order":0,"comment_status":"closed","ping_status":"closed","template":"","meta":{"_acf_changed":false,"_monsterinsights_skip_tracking":false,"_monsterinsights_sitenote_active":false,"_monsterinsights_sitenote_note":"","_monsterinsights_sitenote_category":0,"footnotes":""},"class_list":["post-9167","page","type-page","status-publish","hentry"],"acf":[],"yoast_head":"<!-- This site is optimized with the Yoast SEO Premium plugin v20.7 (Yoast SEO v27.4) - https:\/\/yoast.com\/product\/yoast-seo-premium-wordpress\/ -->\n<title>Bandera Azul para Embarcaciones &#8211; Club N\u00e0utic L\u2019Escala<\/title>\n<meta name=\"robots\" content=\"index, follow, max-snippet:-1, max-image-preview:large, max-video-preview:-1\" \/>\n<link rel=\"canonical\" href=\"https:\/\/nauticescala.com\/es\/puerto-en-la-costa-brava\/bandera-azul-para-embarcaciones\/\" \/>\n<meta property=\"og:locale\" content=\"es_ES\" \/>\n<meta property=\"og:type\" content=\"article\" \/>\n<meta property=\"og:title\" content=\"Bandera Azul para Embarcaciones\" \/>\n<meta property=\"og:url\" content=\"https:\/\/nauticescala.com\/es\/puerto-en-la-costa-brava\/bandera-azul-para-embarcaciones\/\" \/>\n<meta property=\"og:site_name\" content=\"Club N\u00e0utic L\u2019Escala\" \/>\n<meta property=\"article:modified_time\" content=\"2025-07-08T14:32:44+00:00\" \/>\n<meta name=\"twitter:card\" content=\"summary_large_image\" \/>\n<meta name=\"twitter:label1\" content=\"Tiempo de lectura\" \/>\n\t<meta name=\"twitter:data1\" content=\"2 minutos\" \/>\n<script type=\"application\/ld+json\" class=\"yoast-schema-graph\">{\"@context\":\"https:\\\/\\\/schema.org\",\"@graph\":[{\"@type\":\"WebPage\",\"@id\":\"https:\\\/\\\/nauticescala.com\\\/es\\\/puerto-en-la-costa-brava\\\/bandera-azul-para-embarcaciones\\\/\",\"url\":\"https:\\\/\\\/nauticescala.com\\\/es\\\/puerto-en-la-costa-brava\\\/bandera-azul-para-embarcaciones\\\/\",\"name\":\"Bandera Azul para Embarcaciones &#8211; Club N\u00e0utic L\u2019Escala\",\"isPartOf\":{\"@id\":\"https:\\\/\\\/nauticescala.com\\\/#website\"},\"datePublished\":\"2020-03-16T11:16:13+00:00\",\"dateModified\":\"2025-07-08T14:32:44+00:00\",\"breadcrumb\":{\"@id\":\"https:\\\/\\\/nauticescala.com\\\/es\\\/puerto-en-la-costa-brava\\\/bandera-azul-para-embarcaciones\\\/#breadcrumb\"},\"inLanguage\":\"es\",\"potentialAction\":[{\"@type\":\"ReadAction\",\"target\":[\"https:\\\/\\\/nauticescala.com\\\/es\\\/puerto-en-la-costa-brava\\\/bandera-azul-para-embarcaciones\\\/\"]}]},{\"@type\":\"BreadcrumbList\",\"@id\":\"https:\\\/\\\/nauticescala.com\\\/es\\\/puerto-en-la-costa-brava\\\/bandera-azul-para-embarcaciones\\\/#breadcrumb\",\"itemListElement\":[{\"@type\":\"ListItem\",\"position\":1,\"name\":\"Home\",\"item\":\"https:\\\/\\\/nauticescala.com\\\/es\\\/\"},{\"@type\":\"ListItem\",\"position\":2,\"name\":\"Servicios portuarios\",\"item\":\"https:\\\/\\\/nauticescala.com\\\/es\\\/puerto-en-la-costa-brava\\\/\"},{\"@type\":\"ListItem\",\"position\":3,\"name\":\"Bandera Azul para Embarcaciones\"}]},{\"@type\":\"WebSite\",\"@id\":\"https:\\\/\\\/nauticescala.com\\\/#website\",\"url\":\"https:\\\/\\\/nauticescala.com\\\/\",\"name\":\"Club N\u00e0utic L\u2019Escala\",\"description\":\"Port esportiu a la Costa Brava\",\"potentialAction\":[{\"@type\":\"SearchAction\",\"target\":{\"@type\":\"EntryPoint\",\"urlTemplate\":\"https:\\\/\\\/nauticescala.com\\\/?s={search_term_string}\"},\"query-input\":{\"@type\":\"PropertyValueSpecification\",\"valueRequired\":true,\"valueName\":\"search_term_string\"}}],\"inLanguage\":\"es\"}]}<\/script>\n<!-- \/ Yoast SEO Premium plugin. -->","yoast_head_json":{"title":"Bandera Azul para Embarcaciones &#8211; Club N\u00e0utic L\u2019Escala","robots":{"index":"index","follow":"follow","max-snippet":"max-snippet:-1","max-image-preview":"max-image-preview:large","max-video-preview":"max-video-preview:-1"},"canonical":"https:\/\/nauticescala.com\/es\/puerto-en-la-costa-brava\/bandera-azul-para-embarcaciones\/","og_locale":"es_ES","og_type":"article","og_title":"Bandera Azul para Embarcaciones","og_url":"https:\/\/nauticescala.com\/es\/puerto-en-la-costa-brava\/bandera-azul-para-embarcaciones\/","og_site_name":"Club N\u00e0utic L\u2019Escala","article_modified_time":"2025-07-08T14:32:44+00:00","twitter_card":"summary_large_image","twitter_misc":{"Tiempo de lectura":"2 minutos"},"schema":{"@context":"https:\/\/schema.org","@graph":[{"@type":"WebPage","@id":"https:\/\/nauticescala.com\/es\/puerto-en-la-costa-brava\/bandera-azul-para-embarcaciones\/","url":"https:\/\/nauticescala.com\/es\/puerto-en-la-costa-brava\/bandera-azul-para-embarcaciones\/","name":"Bandera Azul para Embarcaciones &#8211; Club N\u00e0utic L\u2019Escala","isPartOf":{"@id":"https:\/\/nauticescala.com\/#website"},"datePublished":"2020-03-16T11:16:13+00:00","dateModified":"2025-07-08T14:32:44+00:00","breadcrumb":{"@id":"https:\/\/nauticescala.com\/es\/puerto-en-la-costa-brava\/bandera-azul-para-embarcaciones\/#breadcrumb"},"inLanguage":"es","potentialAction":[{"@type":"ReadAction","target":["https:\/\/nauticescala.com\/es\/puerto-en-la-costa-brava\/bandera-azul-para-embarcaciones\/"]}]},{"@type":"BreadcrumbList","@id":"https:\/\/nauticescala.com\/es\/puerto-en-la-costa-brava\/bandera-azul-para-embarcaciones\/#breadcrumb","itemListElement":[{"@type":"ListItem","position":1,"name":"Home","item":"https:\/\/nauticescala.com\/es\/"},{"@type":"ListItem","position":2,"name":"Servicios portuarios","item":"https:\/\/nauticescala.com\/es\/puerto-en-la-costa-brava\/"},{"@type":"ListItem","position":3,"name":"Bandera Azul para Embarcaciones"}]},{"@type":"WebSite","@id":"https:\/\/nauticescala.com\/#website","url":"https:\/\/nauticescala.com\/","name":"Club N\u00e0utic L\u2019Escala","description":"Port esportiu a la Costa Brava","potentialAction":[{"@type":"SearchAction","target":{"@type":"EntryPoint","urlTemplate":"https:\/\/nauticescala.com\/?s={search_term_string}"},"query-input":{"@type":"PropertyValueSpecification","valueRequired":true,"valueName":"search_term_string"}}],"inLanguage":"es"}]}},"_links":{"self":[{"href":"https:\/\/nauticescala.com\/es\/wp-json\/wp\/v2\/pages\/9167","targetHints":{"allow":["GET"]}}],"collection":[{"href":"https:\/\/nauticescala.com\/es\/wp-json\/wp\/v2\/pages"}],"about":[{"href":"https:\/\/nauticescala.com\/es\/wp-json\/wp\/v2\/types\/page"}],"author":[{"embeddable":true,"href":"https:\/\/nauticescala.com\/es\/wp-json\/wp\/v2\/users\/4"}],"replies":[{"embeddable":true,"href":"https:\/\/nauticescala.com\/es\/wp-json\/wp\/v2\/comments?post=9167"}],"version-history":[{"count":17,"href":"https:\/\/nauticescala.com\/es\/wp-json\/wp\/v2\/pages\/9167\/revisions"}],"predecessor-version":[{"id":86249,"href":"https:\/\/nauticescala.com\/es\/wp-json\/wp\/v2\/pages\/9167\/revisions\/86249"}],"up":[{"embeddable":true,"href":"https:\/\/nauticescala.com\/es\/wp-json\/wp\/v2\/pages\/9184"}],"wp:attachment":[{"href":"https:\/\/nauticescala.com\/es\/wp-json\/wp\/v2\/media?parent=9167"}],"curies":[{"name":"wp","href":"https:\/\/api.w.org\/{rel}","templated":true}]}}