 {"id":9205,"date":"2020-03-16T12:35:22","date_gmt":"2020-03-16T11:35:22","guid":{"rendered":"http:\/\/nauticescala.com\/estalviar-aigua\/"},"modified":"2020-04-23T16:55:15","modified_gmt":"2020-04-23T14:55:15","slug":"ahorrar-agua","status":"publish","type":"page","link":"https:\/\/nauticescala.com\/es\/puerto-en-la-costa-brava\/ahorrar-agua\/","title":{"rendered":"Ahorrar agua"},"content":{"rendered":"\t\n\t<section class=\"title-section d-md-block\">\n\t\t<div class=\"container\">\n\t\t\t\t\n\t\t\t\t<h1>El agua es oro: ah\u00f3rrala<\/h1>\n\t\t\t\t\t\t\t\n\t\t\t\t<p>\u00a1Reduzcamos el consumo de agua!<\/p>\n\t\t\t\t\t<\/div><!-- end container -->\n\t<\/section><!-- end title-section -->\n<section class=\"article-section\"><div class=\"container\">\n\n<\/div><\/section>\t<div class=\"visual-area\">\n\t\t<figure class=\"visual-banner\">\n\t\t\t<div class=\"image\">\n\t\t\t\t<img decoding=\"async\" src=\"https:\/\/nauticescala.com\/wp-content\/uploads\/2020\/02\/cn-lescala-costa-brava-port-3.jpg\" alt=\"\" \/>\n\t\t\t<\/div><!-- end image -->\n\t\t\t<div class=\"bg-image bg-img primary-gradient\">\n\t\t\t\t<img decoding=\"async\" src=\"https:\/\/nauticescala.com\/wp-content\/uploads\/2020\/02\/cn-lescala-costa-brava-port-3.jpg\" alt=\"\" \/>\n\t\t\t<\/div><!-- end bg-image -->\n\t\t<\/figure><!-- end visual-banner -->\n\t<\/div><!-- end visual-area -->\n<section class=\"article-section\"><div class=\"container\">\n\n<\/div><\/section>\n        <div class=\"intro-area-holder\">\n            <h2>Debemos hacer un consumo muy consciente del agua y ahorrarla siempre que sea posible.<\/h2>\n<p>El agua es un recurso tan preciado como cada vez m\u00e1s escaso.<\/p>\n<p>Vivimos en una zona de clima Mediterr\u00e1neo, ya de por s\u00ed especialmente seco en invierno y en verano.<\/p>\n<p>El cambio clim\u00e1tico y el calentamiento global agravan la situaci\u00f3n provocando episodios de sequ\u00eda.<\/p>\n<h3>\u00bfNos ayudas a reducir el consumo de agua en el Club?<\/h3>\n        <\/div><!-- end intro-area-holder -->\n\n\n<section class=\"article-section\"><div class=\"container\">\n\n<\/div><\/section>\n                            <div class=\"accordion-block\">\n                    <div id=\"accordion\" class=\"accordion\">\n                                                                            <div class=\"card\">\n                                <div class=\"card-header\">\n                                    <h3>\n                                        <a href=\"#\" class=\"collapsed\" data-toggle=\"collapse\" data-target=\"#collapse-0100\" aria-expanded=\"true\"><i class=\"ico-opener\">&nbsp;<\/i>Recomendaciones<\/a>\n                                    <\/h3>\n                                <\/div><!-- end card-header -->\n                                <div id=\"collapse-0100\" class=\"collapse\">\n                                                                    <div class=\"card-body\">\n\n                                                                                \n                                            <div class=\"row\">\n\n                                                \n                                                    <div class=\"col-md-12\">\n\n                                                        <!-- content -->\n                                                        \n                                                            \n                                                                                                                                    \n                                                                                                                                                                                                    \n                                                                                                                                                                                                                                                                                                                                <ul class=\"unordered-list two-cols-text\">\n                                                                                                                                                                                                                                                                                    <li>Conecta primero la manguera y cierra el grifo antes de desconectarla. Para limpiar la embarcaci\u00f3n, no dejes los grifos abiertos mientras limpias la cubierta.<\/li>\n                                                                                                                                                                                                                                                                                                                                                                                <li>Usa difusores de chorro interrumpido cuando utilices la manguera enchufada al punto de suministro de agua del Puerto.<\/li>\n                                                                                                                                                                                                                                                                                                                                                                                <li>Cuando utilices los servicios\/sanitarios del Puerto, mide el consumo de agua y aseg\u00farate de que los grifos y las duchas queden cerradas despu\u00e9s de utilizarlas.<\/li>\n                                                                                                                                                                                                                                                                                                                                                                                <li>Notifica al personal de Mariner\u00eda cuando detectes una fuga de agua en la red de suministro o en las torres de servicios.<\/li>\n                                                                                                                                                                                                                                                                                                                                                                                <li>Instala aireadores en los grifos: mezclan agua y aire dando la misma sensaci\u00f3n de confort. Ahorrar\u00e1s m\u00e1s de un 50% de agua.<\/li>\n                                                                                                                                                                                                                                                                                                                                                                                <li>Mejor ducharse que ba\u00f1arse. Ahorrar\u00e1s mucha agua cada vez.<\/li>\n                                                                                                                                                                                                                                                                                                                                                                                <li>Cierra el grifo mientras te afeites o laves los dientes.<\/li>\n                                                                                                                                                                                                                                                                                                                                                                                <li>Si lavas los platos a mano, no lo hagas con el grifo abierto. Utiliza una pila para enjabonar y otra para enjuagar.<\/li>\n                                                                                                                                                                                                                                                                        <\/ul><!-- end unordered-list -->\n                                                                                                                                                                                                                                                                                                 \n                                                                    \n                                                                \n                                                            \n                                                                                                                <!-- end content -->\n\n                                                    <\/div>\n\n                                                \n                                            <\/div>\n\n                                        \n                                    <\/div><!-- end card-body -->\n                                <\/div><!-- end collapse -->\n                            <\/div><!-- end card -->\n                                                                        <\/div><!-- end accordion -->\n                <\/div><!-- end accordion-block -->\n            \n<section class=\"article-section\"><div class=\"container\">\n\n<\/div><\/section><section class=\"gallery-area\">\n\t\t\t\t<div class=\"container\">\n\t\t\t<div class=\"row\">\n\t\t\t\t<div class=\"col-md-6 col-lg-6\">\n\t\t\t\t\t<header class=\"gallery-area-heading\">\n\t\t\t\t\t\t<h2>\u00a1Vive la Costa Brava!<\/h2>\n\t\t\t\t\t<\/header><!-- end gallery-area-heading -->\n\t\t\t\t<\/div><!-- end col-lg-6 -->\n\n\t\t\t\t\t\t\t\t\t<div class=\"col-md-6 col-md-6\">\n\t\t\t\t\t\t<div class=\"gallery-heading-image\">\n\t\t\t\t\t\t\t<img decoding=\"async\" src=\"https:\/\/nauticescala.com\/wp-content\/uploads\/2019\/10\/img-45.svg\" alt=\"\" \/>\n\t\t\t\t\t\t<\/div><!-- end gallery-heading-image -->\n\t\t\t\t\t<\/div><!-- end col-md-6 -->\n\t\t\t\t\t\t\t<\/div><!-- end row -->\n\t\t<\/div><!-- end container -->\n\t\n\t\t\t<div class=\"container\">\n\t\t\t<div class=\"gallery-items\">\n\n\t\t\t\t\t\t\t\t\n\t\t\t\t\t<div class=\"gallery-slide\">\n\t\t\t\t\t\t<a href=\"#\" class=\"widget-link\">\n\t\t\t\t\t\t\t<figure class=\"gallery-item\">\n\t\t\t\t\t\t\t\t\t\t\t\t\t\t\t\t\t<div class=\"image primary-gradient\">\n\t\t\t\t\t\t\t\t\t\t<img decoding=\"async\" src=\"https:\/\/nauticescala.com\/wp-content\/uploads\/2019\/09\/img-41.jpg\" alt=\"\" \/>\n\t\t\t\t\t\t\t\t\t<\/div><!-- end image -->\n\t\t\t\t\t\t\t\t\t\t\t\t\t\t\t\t\t\t\t\t\t\t\t<\/figure><!-- end gallery-item -->\n\t\t\t\t\t\t<\/a><!-- end widget-link -->\n\t\t\t\t\t<\/div><!-- end gallery-slide -->\n\n\t\t\t\t\t\t\t\t\t\n\t\t\t\t\t<div class=\"gallery-slide\">\n\t\t\t\t\t\t<a href=\"#\" class=\"widget-link\">\n\t\t\t\t\t\t\t<figure class=\"gallery-item\">\n\t\t\t\t\t\t\t\t\t\t\t\t\t\t\t\t\t<div class=\"image primary-gradient\">\n\t\t\t\t\t\t\t\t\t\t<img decoding=\"async\" src=\"https:\/\/nauticescala.com\/wp-content\/uploads\/2019\/09\/img-40.jpg\" alt=\"\" \/>\n\t\t\t\t\t\t\t\t\t<\/div><!-- end image -->\n\t\t\t\t\t\t\t\t\t\t\t\t\t\t\t\t\t\t\t\t\t\t\t<\/figure><!-- end gallery-item -->\n\t\t\t\t\t\t<\/a><!-- end widget-link -->\n\t\t\t\t\t<\/div><!-- end gallery-slide -->\n\n\t\t\t\t\t\t\t\t\t\n\t\t\t\t\t<div class=\"gallery-slide\">\n\t\t\t\t\t\t<a href=\"#\" class=\"widget-link\">\n\t\t\t\t\t\t\t<figure class=\"gallery-item\">\n\t\t\t\t\t\t\t\t\t\t\t\t\t\t\t\t\t<div class=\"image \">\n\t\t\t\t\t\t\t\t\t\t<img decoding=\"async\" src=\"https:\/\/nauticescala.com\/wp-content\/uploads\/2019\/09\/img-42.jpg\" alt=\"\" \/>\n\t\t\t\t\t\t\t\t\t<\/div><!-- end image -->\n\t\t\t\t\t\t\t\t\t\t\t\t\t\t\t\t\t\t\t\t\t\t\t<\/figure><!-- end gallery-item -->\n\t\t\t\t\t\t<\/a><!-- end widget-link -->\n\t\t\t\t\t<\/div><!-- end gallery-slide -->\n\n\t\t\t\t\t\t\t\t\t\n\t\t\t\t\t<div class=\"gallery-slide\">\n\t\t\t\t\t\t<a href=\"#\" class=\"widget-link\">\n\t\t\t\t\t\t\t<figure class=\"gallery-item\">\n\t\t\t\t\t\t\t\t\t\t\t\t\t\t\t\t\t<div class=\"image \">\n\t\t\t\t\t\t\t\t\t\t<img decoding=\"async\" src=\"https:\/\/nauticescala.com\/wp-content\/uploads\/2019\/09\/img-43.jpg\" alt=\"\" \/>\n\t\t\t\t\t\t\t\t\t<\/div><!-- end image -->\n\t\t\t\t\t\t\t\t\t\t\t\t\t\t\t\t\t\t\t\t\t\t\t<\/figure><!-- end gallery-item -->\n\t\t\t\t\t\t<\/a><!-- end widget-link -->\n\t\t\t\t\t<\/div><!-- end gallery-slide -->\n\n\t\t\t\t\t\t\t\t\t\n\t\t\t\t\t<div class=\"gallery-slide\">\n\t\t\t\t\t\t<a href=\"#\" class=\"widget-link\">\n\t\t\t\t\t\t\t<figure class=\"gallery-item\">\n\t\t\t\t\t\t\t\t\t\t\t\t\t\t\t\t\t<div class=\"image \">\n\t\t\t\t\t\t\t\t\t\t<img decoding=\"async\" src=\"https:\/\/nauticescala.com\/wp-content\/uploads\/2019\/09\/img-44.jpg\" alt=\"\" \/>\n\t\t\t\t\t\t\t\t\t<\/div><!-- end image -->\n\t\t\t\t\t\t\t\t\t\t\t\t\t\t\t\t\t\t\t\t\t\t\t<\/figure><!-- end gallery-item -->\n\t\t\t\t\t\t<\/a><!-- end widget-link -->\n\t\t\t\t\t<\/div><!-- end gallery-slide -->\n\n\t\t\t\t\t\t\t\t\t\n\t\t\t<\/div><!-- end gallery-items -->\n\t\t<\/div><!-- end container-fluid -->\n\t\t\n<\/section><!-- end gallery-area -->\n","protected":false},"excerpt":{"rendered":"","protected":false},"author":4,"featured_media":0,"parent":9184,"menu_order":0,"comment_status":"closed","ping_status":"closed","template":"","meta":{"_acf_changed":false,"_monsterinsights_skip_tracking":false,"_monsterinsights_sitenote_active":false,"_monsterinsights_sitenote_note":"","_monsterinsights_sitenote_category":0,"footnotes":""},"class_list":["post-9205","page","type-page","status-publish","hentry"],"acf":[],"yoast_head":"<!-- This site is optimized with the Yoast SEO Premium plugin v20.7 (Yoast SEO v27.4) - https:\/\/yoast.com\/product\/yoast-seo-premium-wordpress\/ -->\n<title>Ahorrar agua &#8211; Club N\u00e0utic L\u2019Escala<\/title>\n<meta name=\"robots\" content=\"index, follow, max-snippet:-1, max-image-preview:large, max-video-preview:-1\" \/>\n<link rel=\"canonical\" href=\"https:\/\/nauticescala.com\/es\/puerto-en-la-costa-brava\/ahorrar-agua\/\" \/>\n<meta property=\"og:locale\" content=\"es_ES\" \/>\n<meta property=\"og:type\" content=\"article\" \/>\n<meta property=\"og:title\" content=\"Ahorrar agua\" \/>\n<meta property=\"og:url\" content=\"https:\/\/nauticescala.com\/es\/puerto-en-la-costa-brava\/ahorrar-agua\/\" \/>\n<meta property=\"og:site_name\" content=\"Club N\u00e0utic L\u2019Escala\" \/>\n<meta property=\"article:modified_time\" content=\"2020-04-23T14:55:15+00:00\" \/>\n<meta name=\"twitter:card\" content=\"summary_large_image\" \/>\n<script type=\"application\/ld+json\" class=\"yoast-schema-graph\">{\"@context\":\"https:\\\/\\\/schema.org\",\"@graph\":[{\"@type\":\"WebPage\",\"@id\":\"https:\\\/\\\/nauticescala.com\\\/es\\\/puerto-en-la-costa-brava\\\/ahorrar-agua\\\/\",\"url\":\"https:\\\/\\\/nauticescala.com\\\/es\\\/puerto-en-la-costa-brava\\\/ahorrar-agua\\\/\",\"name\":\"Ahorrar agua &#8211; Club N\u00e0utic L\u2019Escala\",\"isPartOf\":{\"@id\":\"https:\\\/\\\/nauticescala.com\\\/#website\"},\"datePublished\":\"2020-03-16T11:35:22+00:00\",\"dateModified\":\"2020-04-23T14:55:15+00:00\",\"breadcrumb\":{\"@id\":\"https:\\\/\\\/nauticescala.com\\\/es\\\/puerto-en-la-costa-brava\\\/ahorrar-agua\\\/#breadcrumb\"},\"inLanguage\":\"es\",\"potentialAction\":[{\"@type\":\"ReadAction\",\"target\":[\"https:\\\/\\\/nauticescala.com\\\/es\\\/puerto-en-la-costa-brava\\\/ahorrar-agua\\\/\"]}]},{\"@type\":\"BreadcrumbList\",\"@id\":\"https:\\\/\\\/nauticescala.com\\\/es\\\/puerto-en-la-costa-brava\\\/ahorrar-agua\\\/#breadcrumb\",\"itemListElement\":[{\"@type\":\"ListItem\",\"position\":1,\"name\":\"Home\",\"item\":\"https:\\\/\\\/nauticescala.com\\\/es\\\/\"},{\"@type\":\"ListItem\",\"position\":2,\"name\":\"Servicios portuarios\",\"item\":\"https:\\\/\\\/nauticescala.com\\\/es\\\/puerto-en-la-costa-brava\\\/\"},{\"@type\":\"ListItem\",\"position\":3,\"name\":\"Ahorrar agua\"}]},{\"@type\":\"WebSite\",\"@id\":\"https:\\\/\\\/nauticescala.com\\\/#website\",\"url\":\"https:\\\/\\\/nauticescala.com\\\/\",\"name\":\"Club N\u00e0utic L\u2019Escala\",\"description\":\"Port esportiu a la Costa Brava\",\"potentialAction\":[{\"@type\":\"SearchAction\",\"target\":{\"@type\":\"EntryPoint\",\"urlTemplate\":\"https:\\\/\\\/nauticescala.com\\\/?s={search_term_string}\"},\"query-input\":{\"@type\":\"PropertyValueSpecification\",\"valueRequired\":true,\"valueName\":\"search_term_string\"}}],\"inLanguage\":\"es\"}]}<\/script>\n<!-- \/ Yoast SEO Premium plugin. -->","yoast_head_json":{"title":"Ahorrar agua &#8211; Club N\u00e0utic L\u2019Escala","robots":{"index":"index","follow":"follow","max-snippet":"max-snippet:-1","max-image-preview":"max-image-preview:large","max-video-preview":"max-video-preview:-1"},"canonical":"https:\/\/nauticescala.com\/es\/puerto-en-la-costa-brava\/ahorrar-agua\/","og_locale":"es_ES","og_type":"article","og_title":"Ahorrar agua","og_url":"https:\/\/nauticescala.com\/es\/puerto-en-la-costa-brava\/ahorrar-agua\/","og_site_name":"Club N\u00e0utic L\u2019Escala","article_modified_time":"2020-04-23T14:55:15+00:00","twitter_card":"summary_large_image","schema":{"@context":"https:\/\/schema.org","@graph":[{"@type":"WebPage","@id":"https:\/\/nauticescala.com\/es\/puerto-en-la-costa-brava\/ahorrar-agua\/","url":"https:\/\/nauticescala.com\/es\/puerto-en-la-costa-brava\/ahorrar-agua\/","name":"Ahorrar agua &#8211; Club N\u00e0utic L\u2019Escala","isPartOf":{"@id":"https:\/\/nauticescala.com\/#website"},"datePublished":"2020-03-16T11:35:22+00:00","dateModified":"2020-04-23T14:55:15+00:00","breadcrumb":{"@id":"https:\/\/nauticescala.com\/es\/puerto-en-la-costa-brava\/ahorrar-agua\/#breadcrumb"},"inLanguage":"es","potentialAction":[{"@type":"ReadAction","target":["https:\/\/nauticescala.com\/es\/puerto-en-la-costa-brava\/ahorrar-agua\/"]}]},{"@type":"BreadcrumbList","@id":"https:\/\/nauticescala.com\/es\/puerto-en-la-costa-brava\/ahorrar-agua\/#breadcrumb","itemListElement":[{"@type":"ListItem","position":1,"name":"Home","item":"https:\/\/nauticescala.com\/es\/"},{"@type":"ListItem","position":2,"name":"Servicios portuarios","item":"https:\/\/nauticescala.com\/es\/puerto-en-la-costa-brava\/"},{"@type":"ListItem","position":3,"name":"Ahorrar agua"}]},{"@type":"WebSite","@id":"https:\/\/nauticescala.com\/#website","url":"https:\/\/nauticescala.com\/","name":"Club N\u00e0utic L\u2019Escala","description":"Port esportiu a la Costa Brava","potentialAction":[{"@type":"SearchAction","target":{"@type":"EntryPoint","urlTemplate":"https:\/\/nauticescala.com\/?s={search_term_string}"},"query-input":{"@type":"PropertyValueSpecification","valueRequired":true,"valueName":"search_term_string"}}],"inLanguage":"es"}]}},"_links":{"self":[{"href":"https:\/\/nauticescala.com\/es\/wp-json\/wp\/v2\/pages\/9205","targetHints":{"allow":["GET"]}}],"collection":[{"href":"https:\/\/nauticescala.com\/es\/wp-json\/wp\/v2\/pages"}],"about":[{"href":"https:\/\/nauticescala.com\/es\/wp-json\/wp\/v2\/types\/page"}],"author":[{"embeddable":true,"href":"https:\/\/nauticescala.com\/es\/wp-json\/wp\/v2\/users\/4"}],"replies":[{"embeddable":true,"href":"https:\/\/nauticescala.com\/es\/wp-json\/wp\/v2\/comments?post=9205"}],"version-history":[{"count":4,"href":"https:\/\/nauticescala.com\/es\/wp-json\/wp\/v2\/pages\/9205\/revisions"}],"predecessor-version":[{"id":13863,"href":"https:\/\/nauticescala.com\/es\/wp-json\/wp\/v2\/pages\/9205\/revisions\/13863"}],"up":[{"embeddable":true,"href":"https:\/\/nauticescala.com\/es\/wp-json\/wp\/v2\/pages\/9184"}],"wp:attachment":[{"href":"https:\/\/nauticescala.com\/es\/wp-json\/wp\/v2\/media?parent=9205"}],"curies":[{"name":"wp","href":"https:\/\/api.w.org\/{rel}","templated":true}]}}