 {"id":9318,"date":"2020-02-26T15:19:35","date_gmt":"2020-02-26T14:19:35","guid":{"rendered":"http:\/\/nauticescala.com\/gestio-de-residus\/"},"modified":"2021-08-17T11:03:28","modified_gmt":"2021-08-17T09:03:28","slug":"gestion-de-residuos","status":"publish","type":"page","link":"https:\/\/nauticescala.com\/es\/puerto-en-la-costa-brava\/gestion-de-residuos\/","title":{"rendered":"Gesti\u00f3n de residuos"},"content":{"rendered":"\t\n\t<section class=\"title-section d-md-block\">\n\t\t<div class=\"container\">\n\t\t\t\t\n\t\t\t\t<h1>\u00bfC\u00f3mo hacer una buena gesti\u00f3n de los residuos?<\/h1>\n\t\t\t\t\t\t\t\n\t\t\t\t<p>Si eres cliente del Club, podr\u00e1s utilizar los siguientes sistemas de gesti\u00f3n de residuos<\/p>\n\t\t\t\t\t<\/div><!-- end container -->\n\t<\/section><!-- end title-section -->\n<section class=\"article-section\"><div class=\"container\">\n\n<\/div><\/section>\t<div class=\"visual-area\">\n\t\t<figure class=\"visual-banner\">\n\t\t\t<div class=\"image\">\n\t\t\t\t<img decoding=\"async\" src=\"https:\/\/nauticescala.com\/wp-content\/uploads\/2020\/02\/cn-lescala-costa-brava-port-7.jpg\" alt=\"Port esportiu a la Costa Brava\" \/>\n\t\t\t<\/div><!-- end image -->\n\t\t\t<div class=\"bg-image bg-img primary-gradient\">\n\t\t\t\t<img decoding=\"async\" src=\"https:\/\/nauticescala.com\/wp-content\/uploads\/2020\/02\/cn-lescala-costa-brava-port-7.jpg\" alt=\"Port esportiu a la Costa Brava\" \/>\n\t\t\t<\/div><!-- end bg-image -->\n\t\t<\/figure><!-- end visual-banner -->\n\t<\/div><!-- end visual-area -->\n<section class=\"article-section\"><div class=\"container\">\n\n<\/div><\/section>\n        <div class=\"intro-area-holder\">\n            <h2>El reciclaje es una de las medidas que tenemos m\u00e1s a mano para cuidar a nuestro planeta.<\/h2>\n<h3>Separar bien los residuos favorece su reciclaje o su tratamiento adecuado. De esta forma, no tiramos el residuo, si no que contribuimos a que empiece un nuevo ciclo: el de su aprovechamiento.<\/h3>\n<p>En el Club encontrar\u00e1s varias islas ecol\u00f3gicas con contenedores de rechazo, cristal y envases para facilitar la gesti\u00f3n de residuos.<\/p>\n<p>Tambi\u00e9n puedes acudir al Punto Azul, destinado a los residuos peligrosos.<\/p>\n<p>La estaci\u00f3n de servicio, adem\u00e1s, cuenta con una bomba de succi\u00f3n para poder vaciar tu embarcaci\u00f3n de aguas residuales.<\/p>\n        <\/div><!-- end intro-area-holder -->\n\n\n<section class=\"article-section\"><div class=\"container\">\n\n<\/div><\/section>\n                            <div class=\"accordion-block\">\n                    <div id=\"accordion\" class=\"accordion\">\n                                                                            <div class=\"card\">\n                                <div class=\"card-header\">\n                                    <h3>\n                                        <a href=\"#\" class=\"collapsed\" data-toggle=\"collapse\" data-target=\"#collapse-0100\" aria-expanded=\"true\"><i class=\"ico-opener\">&nbsp;<\/i>Islas ecol\u00f3gicas<\/a>\n                                    <\/h3>\n                                <\/div><!-- end card-header -->\n                                <div id=\"collapse-0100\" class=\"collapse\">\n                                                                    <div class=\"card-body\">\n\n                                                                                \n                                            <div class=\"row\">\n\n                                                \n                                                    <div class=\"col-md-12\">\n\n                                                        <!-- content -->\n                                                        \n                                                            \n                                                                \n                                                                    <p>En las islas ecol\u00f3gicas podr\u00e1s separar los residuos comunes para que puedan ser tratados y reciclados correctamente.<\/p>\n<p><strong>Recuerda:<\/strong><\/p>\n<ul>\n<li style=\"list-style-type: none;\">\n<ul>\n<li>Contenedor Amarillo &#8211; residuos envases, latas, chapas y pl\u00e1stico.<\/li>\n<li>Contenedor Verde -Vidrio<\/li>\n<li>Contenedor Azul &#8211; Papel y cart\u00f3n<\/li>\n<li>Contenedor Gris &#8211; El resto en el contenedor de rechazo<\/li>\n<\/ul>\n<\/li>\n<\/ul>\n\n                                                                \n                                                            \n                                                                \n                                                                \t\n\t\t\t\t\t\t\t\t\t\t\t\t\t\t\t\t        <div class=\"btn-box\">\n\t\t\t\t\t\t\t\t\t\t\t\t\t\t\t\t            <a href=\"http:\/\/nauticescala.com\/es\/puerto-en-la-costa-brava\/plano-mapa\/\" target=\"_self\" class=\"btn btn-primary\">\u00a1Consulta donde encontrarlas!!<\/a>\n\t\t\t\t\t\t\t\t\t\t\t\t\t\t\t\t        <\/div><!-- end btn-box -->\n\n\t\t\t\t\t\t\t\t\t\t\t\t\t\t\t\t\t\n                                                                \n                                                            \n                                                                                                                <!-- end content -->\n\n                                                    <\/div>\n\n                                                \n                                            <\/div>\n\n                                        \n                                    <\/div><!-- end card-body -->\n                                <\/div><!-- end collapse -->\n                            <\/div><!-- end card -->\n                                                                                <div class=\"card\">\n                                <div class=\"card-header\">\n                                    <h3>\n                                        <a href=\"#\" class=\"collapsed\" data-toggle=\"collapse\" data-target=\"#collapse-0200\" aria-expanded=\"true\"><i class=\"ico-opener\">&nbsp;<\/i>Punto Azul<\/a>\n                                    <\/h3>\n                                <\/div><!-- end card-header -->\n                                <div id=\"collapse-0200\" class=\"collapse\">\n                                                                    <div class=\"card-body\">\n\n                                                                                \n                                            <div class=\"row\">\n\n                                                \n                                                    <div class=\"col-md-12\">\n\n                                                        <!-- content -->\n                                                        \n                                                            \n                                                                \n                                                                    <p>El Punto Azul es el espacio destinado a los residuos m\u00e1s peligrosos. Tirarlos en su lugar correcto evita que acaben en el mar contaminando el entorno.<\/p>\n<p><b>Es<\/b><strong> el caso de:<\/strong><\/p>\n<ul>\n<li style=\"list-style-type: none;\">\n<ul>\n<li>Hidrocarburos<\/li>\n<li>Pinturas<\/li>\n<li>Disolventes<\/li>\n<li>Bater\u00edas<\/li>\n<li>Pilas<\/li>\n<li>Aceites<\/li>\n<li>Filtros<\/li>\n<li>Medicamentos caducados<\/li>\n<li>Productos qu\u00edmicos agresivos<\/li>\n<\/ul>\n<\/li>\n<\/ul>\n\n                                                                \n                                                            \n                                                                \n                                                                \t\n\t\t\t\t\t\t\t\t\t\t\t\t\t\t\t\t        <div class=\"btn-box\">\n\t\t\t\t\t\t\t\t\t\t\t\t\t\t\t\t            <a href=\"http:\/\/nauticescala.com\/es\/puerto-en-la-costa-brava\/plano-mapa\/\" target=\"_self\" class=\"btn btn-primary\">\u00a1Consulta donde encontrarlo!<\/a>\n\t\t\t\t\t\t\t\t\t\t\t\t\t\t\t\t        <\/div><!-- end btn-box -->\n\n\t\t\t\t\t\t\t\t\t\t\t\t\t\t\t\t\t\n                                                                \n                                                            \n                                                                                                                <!-- end content -->\n\n                                                    <\/div>\n\n                                                \n                                            <\/div>\n\n                                        \n                                    <\/div><!-- end card-body -->\n                                <\/div><!-- end collapse -->\n                            <\/div><!-- end card -->\n                                                                                <div class=\"card\">\n                                <div class=\"card-header\">\n                                    <h3>\n                                        <a href=\"#\" class=\"collapsed\" data-toggle=\"collapse\" data-target=\"#collapse-0300\" aria-expanded=\"true\"><i class=\"ico-opener\">&nbsp;<\/i>Bomba de succi\u00f3n<\/a>\n                                    <\/h3>\n                                <\/div><!-- end card-header -->\n                                <div id=\"collapse-0300\" class=\"collapse\">\n                                                                    <div class=\"card-body\">\n\n                                                                                \n                                            <div class=\"row\">\n\n                                                \n                                                    <div class=\"col-md-12\">\n\n                                                        <!-- content -->\n                                                        \n                                                            \n                                                                \n                                                                    <p>Seg\u00fan la normativa vigente, las embarcaciones deben contar con un dep\u00f3sito para las aguas fecales.<\/p>\n<p>Estas aguas residuales no pueden ser descargadas en el mar ni en el puerto ya que son contaminantes.<\/p>\n<p>La Estaci\u00f3n de Servicio del Club cuenta con una bomba de succi\u00f3n para vaciar estos dep\u00f3sitos.<\/p>\n<p>\u00a1Util\u00edzala para garantizar su correcto tratamiento!<\/p>\n\n                                                                \n                                                            \n                                                                \n                                                                \t\n\t\t\t\t\t\t\t\t\t\t\t\t\t\t\t\t        <div class=\"btn-box\">\n\t\t\t\t\t\t\t\t\t\t\t\t\t\t\t\t            <a href=\"http:\/\/nauticescala.com\/es\/puerto-en-la-costa-brava\/plano-mapa\/\" target=\"_self\" class=\"btn btn-primary\">\u00a1Consulta donde encontrarla!<\/a>\n\t\t\t\t\t\t\t\t\t\t\t\t\t\t\t\t        <\/div><!-- end btn-box -->\n\n\t\t\t\t\t\t\t\t\t\t\t\t\t\t\t\t\t\n                                                                \n                                                            \n                                                                                                                <!-- end content -->\n\n                                                    <\/div>\n\n                                                \n                                            <\/div>\n\n                                        \n                                    <\/div><!-- end card-body -->\n                                <\/div><!-- end collapse -->\n                            <\/div><!-- end card -->\n                                                                                <div class=\"card\">\n                                <div class=\"card-header\">\n                                    <h3>\n                                        <a href=\"#\" class=\"collapsed\" data-toggle=\"collapse\" data-target=\"#collapse-0400\" aria-expanded=\"true\"><i class=\"ico-opener\">&nbsp;<\/i>Recomendaciones<\/a>\n                                    <\/h3>\n                                <\/div><!-- end card-header -->\n                                <div id=\"collapse-0400\" class=\"collapse\">\n                                                                    <div class=\"card-body\">\n\n                                                                                \n                                            <div class=\"row\">\n\n                                                \n                                                    <div class=\"col-md-12\">\n\n                                                        <!-- content -->\n                                                        \n                                                            \n                                                                \n                                                                    <ul>\n<li>No arrojes nada al mar ni en el litoral. Al llegar al puerto, utiliza los contenedores de recogida selectiva para depositarlos. En caso de duda, consulta al personal del Club.<\/li>\n<li>Separa los residuos a bordo. Es recomendable utilizar bolsas de diferentes colores o recipientes separados.<\/li>\n<li>Comprueba regularmente que no haya fugas de combustible o aceite a la embarcaci\u00f3n.<\/li>\n<\/ul>\n\n                                                                \n                                                            \n                                                                                                                <!-- end content -->\n\n                                                    <\/div>\n\n                                                \n                                            <\/div>\n\n                                        \n                                    <\/div><!-- end card-body -->\n                                <\/div><!-- end collapse -->\n                            <\/div><!-- end card -->\n                                                                        <\/div><!-- end accordion -->\n                <\/div><!-- end accordion-block -->\n            \n<section class=\"article-section\"><div class=\"container\">\n\n<\/div><\/section><section class=\"gallery-area\">\n\t\t\t\t<div class=\"container\">\n\t\t\t<div class=\"row\">\n\t\t\t\t<div class=\"col-md-6 col-lg-6\">\n\t\t\t\t\t<header class=\"gallery-area-heading\">\n\t\t\t\t\t\t<h2>\u00a1Vive la Costa Brava!<\/h2>\n\t\t\t\t\t<\/header><!-- end gallery-area-heading -->\n\t\t\t\t<\/div><!-- end col-lg-6 -->\n\n\t\t\t\t\t\t\t\t\t<div class=\"col-md-6 col-md-6\">\n\t\t\t\t\t\t<div class=\"gallery-heading-image\">\n\t\t\t\t\t\t\t<img decoding=\"async\" src=\"https:\/\/nauticescala.com\/wp-content\/uploads\/2019\/10\/img-45.svg\" alt=\"\" \/>\n\t\t\t\t\t\t<\/div><!-- end gallery-heading-image -->\n\t\t\t\t\t<\/div><!-- end col-md-6 -->\n\t\t\t\t\t\t\t<\/div><!-- end row -->\n\t\t<\/div><!-- end container -->\n\t\n\t\t\t<div class=\"container\">\n\t\t\t<div class=\"gallery-items\">\n\n\t\t\t\t\t\t\t\t\n\t\t\t\t\t<div class=\"gallery-slide\">\n\t\t\t\t\t\t<a href=\"#\" class=\"widget-link\">\n\t\t\t\t\t\t\t<figure class=\"gallery-item\">\n\t\t\t\t\t\t\t\t\t\t\t\t\t\t\t\t\t<div class=\"image primary-gradient\">\n\t\t\t\t\t\t\t\t\t\t<img decoding=\"async\" src=\"https:\/\/nauticescala.com\/wp-content\/uploads\/2019\/09\/img-41.jpg\" alt=\"\" \/>\n\t\t\t\t\t\t\t\t\t<\/div><!-- end image -->\n\t\t\t\t\t\t\t\t\t\t\t\t\t\t\t\t\t\t\t\t\t\t\t<\/figure><!-- end gallery-item -->\n\t\t\t\t\t\t<\/a><!-- end widget-link -->\n\t\t\t\t\t<\/div><!-- end gallery-slide -->\n\n\t\t\t\t\t\t\t\t\t\n\t\t\t\t\t<div class=\"gallery-slide\">\n\t\t\t\t\t\t<a href=\"#\" class=\"widget-link\">\n\t\t\t\t\t\t\t<figure class=\"gallery-item\">\n\t\t\t\t\t\t\t\t\t\t\t\t\t\t\t\t\t<div class=\"image primary-gradient\">\n\t\t\t\t\t\t\t\t\t\t<img decoding=\"async\" src=\"https:\/\/nauticescala.com\/wp-content\/uploads\/2019\/09\/img-40.jpg\" alt=\"\" \/>\n\t\t\t\t\t\t\t\t\t<\/div><!-- end image -->\n\t\t\t\t\t\t\t\t\t\t\t\t\t\t\t\t\t\t\t\t\t\t\t<\/figure><!-- end gallery-item -->\n\t\t\t\t\t\t<\/a><!-- end widget-link -->\n\t\t\t\t\t<\/div><!-- end gallery-slide -->\n\n\t\t\t\t\t\t\t\t\t\n\t\t\t\t\t<div class=\"gallery-slide\">\n\t\t\t\t\t\t<a href=\"#\" class=\"widget-link\">\n\t\t\t\t\t\t\t<figure class=\"gallery-item\">\n\t\t\t\t\t\t\t\t\t\t\t\t\t\t\t\t\t<div class=\"image \">\n\t\t\t\t\t\t\t\t\t\t<img decoding=\"async\" src=\"https:\/\/nauticescala.com\/wp-content\/uploads\/2019\/09\/img-42.jpg\" alt=\"\" \/>\n\t\t\t\t\t\t\t\t\t<\/div><!-- end image -->\n\t\t\t\t\t\t\t\t\t\t\t\t\t\t\t\t\t\t\t\t\t\t\t<\/figure><!-- end gallery-item -->\n\t\t\t\t\t\t<\/a><!-- end widget-link -->\n\t\t\t\t\t<\/div><!-- end gallery-slide -->\n\n\t\t\t\t\t\t\t\t\t\n\t\t\t\t\t<div class=\"gallery-slide\">\n\t\t\t\t\t\t<a href=\"#\" class=\"widget-link\">\n\t\t\t\t\t\t\t<figure class=\"gallery-item\">\n\t\t\t\t\t\t\t\t\t\t\t\t\t\t\t\t\t<div class=\"image \">\n\t\t\t\t\t\t\t\t\t\t<img decoding=\"async\" src=\"https:\/\/nauticescala.com\/wp-content\/uploads\/2019\/09\/img-43.jpg\" alt=\"\" \/>\n\t\t\t\t\t\t\t\t\t<\/div><!-- end image -->\n\t\t\t\t\t\t\t\t\t\t\t\t\t\t\t\t\t\t\t\t\t\t\t<\/figure><!-- end gallery-item -->\n\t\t\t\t\t\t<\/a><!-- end widget-link -->\n\t\t\t\t\t<\/div><!-- end gallery-slide -->\n\n\t\t\t\t\t\t\t\t\t\n\t\t\t\t\t<div class=\"gallery-slide\">\n\t\t\t\t\t\t<a href=\"#\" class=\"widget-link\">\n\t\t\t\t\t\t\t<figure class=\"gallery-item\">\n\t\t\t\t\t\t\t\t\t\t\t\t\t\t\t\t\t<div class=\"image \">\n\t\t\t\t\t\t\t\t\t\t<img decoding=\"async\" src=\"https:\/\/nauticescala.com\/wp-content\/uploads\/2019\/09\/img-44.jpg\" alt=\"\" \/>\n\t\t\t\t\t\t\t\t\t<\/div><!-- end image -->\n\t\t\t\t\t\t\t\t\t\t\t\t\t\t\t\t\t\t\t\t\t\t\t<\/figure><!-- end gallery-item -->\n\t\t\t\t\t\t<\/a><!-- end widget-link -->\n\t\t\t\t\t<\/div><!-- end gallery-slide -->\n\n\t\t\t\t\t\t\t\t\t\n\t\t\t<\/div><!-- end gallery-items -->\n\t\t<\/div><!-- end container-fluid -->\n\t\t\n<\/section><!-- end gallery-area -->\n","protected":false},"excerpt":{"rendered":"","protected":false},"author":4,"featured_media":0,"parent":9184,"menu_order":0,"comment_status":"closed","ping_status":"closed","template":"","meta":{"_acf_changed":false,"_monsterinsights_skip_tracking":false,"_monsterinsights_sitenote_active":false,"_monsterinsights_sitenote_note":"","_monsterinsights_sitenote_category":0,"footnotes":""},"class_list":["post-9318","page","type-page","status-publish","hentry"],"acf":[],"yoast_head":"<!-- This site is optimized with the Yoast SEO Premium plugin v20.7 (Yoast SEO v27.4) - https:\/\/yoast.com\/product\/yoast-seo-premium-wordpress\/ -->\n<title>Gesti\u00f3n de residuos &#8211; Club N\u00e0utic L\u2019Escala<\/title>\n<meta name=\"robots\" content=\"index, follow, max-snippet:-1, max-image-preview:large, max-video-preview:-1\" \/>\n<link rel=\"canonical\" href=\"https:\/\/nauticescala.com\/es\/puerto-en-la-costa-brava\/gestion-de-residuos\/\" \/>\n<meta property=\"og:locale\" content=\"es_ES\" \/>\n<meta property=\"og:type\" content=\"article\" \/>\n<meta property=\"og:title\" content=\"Gesti\u00f3n de residuos\" \/>\n<meta property=\"og:url\" content=\"https:\/\/nauticescala.com\/es\/puerto-en-la-costa-brava\/gestion-de-residuos\/\" \/>\n<meta property=\"og:site_name\" content=\"Club N\u00e0utic L\u2019Escala\" \/>\n<meta property=\"article:modified_time\" content=\"2021-08-17T09:03:28+00:00\" \/>\n<meta name=\"twitter:card\" content=\"summary_large_image\" \/>\n<script type=\"application\/ld+json\" class=\"yoast-schema-graph\">{\"@context\":\"https:\\\/\\\/schema.org\",\"@graph\":[{\"@type\":\"WebPage\",\"@id\":\"https:\\\/\\\/nauticescala.com\\\/es\\\/puerto-en-la-costa-brava\\\/gestion-de-residuos\\\/\",\"url\":\"https:\\\/\\\/nauticescala.com\\\/es\\\/puerto-en-la-costa-brava\\\/gestion-de-residuos\\\/\",\"name\":\"Gesti\u00f3n de residuos &#8211; Club N\u00e0utic L\u2019Escala\",\"isPartOf\":{\"@id\":\"https:\\\/\\\/nauticescala.com\\\/#website\"},\"datePublished\":\"2020-02-26T14:19:35+00:00\",\"dateModified\":\"2021-08-17T09:03:28+00:00\",\"breadcrumb\":{\"@id\":\"https:\\\/\\\/nauticescala.com\\\/es\\\/puerto-en-la-costa-brava\\\/gestion-de-residuos\\\/#breadcrumb\"},\"inLanguage\":\"es\",\"potentialAction\":[{\"@type\":\"ReadAction\",\"target\":[\"https:\\\/\\\/nauticescala.com\\\/es\\\/puerto-en-la-costa-brava\\\/gestion-de-residuos\\\/\"]}]},{\"@type\":\"BreadcrumbList\",\"@id\":\"https:\\\/\\\/nauticescala.com\\\/es\\\/puerto-en-la-costa-brava\\\/gestion-de-residuos\\\/#breadcrumb\",\"itemListElement\":[{\"@type\":\"ListItem\",\"position\":1,\"name\":\"Home\",\"item\":\"https:\\\/\\\/nauticescala.com\\\/es\\\/\"},{\"@type\":\"ListItem\",\"position\":2,\"name\":\"Servicios portuarios\",\"item\":\"https:\\\/\\\/nauticescala.com\\\/es\\\/puerto-en-la-costa-brava\\\/\"},{\"@type\":\"ListItem\",\"position\":3,\"name\":\"Gesti\u00f3n de residuos\"}]},{\"@type\":\"WebSite\",\"@id\":\"https:\\\/\\\/nauticescala.com\\\/#website\",\"url\":\"https:\\\/\\\/nauticescala.com\\\/\",\"name\":\"Club N\u00e0utic L\u2019Escala\",\"description\":\"Port esportiu a la Costa Brava\",\"potentialAction\":[{\"@type\":\"SearchAction\",\"target\":{\"@type\":\"EntryPoint\",\"urlTemplate\":\"https:\\\/\\\/nauticescala.com\\\/?s={search_term_string}\"},\"query-input\":{\"@type\":\"PropertyValueSpecification\",\"valueRequired\":true,\"valueName\":\"search_term_string\"}}],\"inLanguage\":\"es\"}]}<\/script>\n<!-- \/ Yoast SEO Premium plugin. -->","yoast_head_json":{"title":"Gesti\u00f3n de residuos &#8211; Club N\u00e0utic L\u2019Escala","robots":{"index":"index","follow":"follow","max-snippet":"max-snippet:-1","max-image-preview":"max-image-preview:large","max-video-preview":"max-video-preview:-1"},"canonical":"https:\/\/nauticescala.com\/es\/puerto-en-la-costa-brava\/gestion-de-residuos\/","og_locale":"es_ES","og_type":"article","og_title":"Gesti\u00f3n de residuos","og_url":"https:\/\/nauticescala.com\/es\/puerto-en-la-costa-brava\/gestion-de-residuos\/","og_site_name":"Club N\u00e0utic L\u2019Escala","article_modified_time":"2021-08-17T09:03:28+00:00","twitter_card":"summary_large_image","schema":{"@context":"https:\/\/schema.org","@graph":[{"@type":"WebPage","@id":"https:\/\/nauticescala.com\/es\/puerto-en-la-costa-brava\/gestion-de-residuos\/","url":"https:\/\/nauticescala.com\/es\/puerto-en-la-costa-brava\/gestion-de-residuos\/","name":"Gesti\u00f3n de residuos &#8211; Club N\u00e0utic L\u2019Escala","isPartOf":{"@id":"https:\/\/nauticescala.com\/#website"},"datePublished":"2020-02-26T14:19:35+00:00","dateModified":"2021-08-17T09:03:28+00:00","breadcrumb":{"@id":"https:\/\/nauticescala.com\/es\/puerto-en-la-costa-brava\/gestion-de-residuos\/#breadcrumb"},"inLanguage":"es","potentialAction":[{"@type":"ReadAction","target":["https:\/\/nauticescala.com\/es\/puerto-en-la-costa-brava\/gestion-de-residuos\/"]}]},{"@type":"BreadcrumbList","@id":"https:\/\/nauticescala.com\/es\/puerto-en-la-costa-brava\/gestion-de-residuos\/#breadcrumb","itemListElement":[{"@type":"ListItem","position":1,"name":"Home","item":"https:\/\/nauticescala.com\/es\/"},{"@type":"ListItem","position":2,"name":"Servicios portuarios","item":"https:\/\/nauticescala.com\/es\/puerto-en-la-costa-brava\/"},{"@type":"ListItem","position":3,"name":"Gesti\u00f3n de residuos"}]},{"@type":"WebSite","@id":"https:\/\/nauticescala.com\/#website","url":"https:\/\/nauticescala.com\/","name":"Club N\u00e0utic L\u2019Escala","description":"Port esportiu a la Costa Brava","potentialAction":[{"@type":"SearchAction","target":{"@type":"EntryPoint","urlTemplate":"https:\/\/nauticescala.com\/?s={search_term_string}"},"query-input":{"@type":"PropertyValueSpecification","valueRequired":true,"valueName":"search_term_string"}}],"inLanguage":"es"}]}},"_links":{"self":[{"href":"https:\/\/nauticescala.com\/es\/wp-json\/wp\/v2\/pages\/9318","targetHints":{"allow":["GET"]}}],"collection":[{"href":"https:\/\/nauticescala.com\/es\/wp-json\/wp\/v2\/pages"}],"about":[{"href":"https:\/\/nauticescala.com\/es\/wp-json\/wp\/v2\/types\/page"}],"author":[{"embeddable":true,"href":"https:\/\/nauticescala.com\/es\/wp-json\/wp\/v2\/users\/4"}],"replies":[{"embeddable":true,"href":"https:\/\/nauticescala.com\/es\/wp-json\/wp\/v2\/comments?post=9318"}],"version-history":[{"count":11,"href":"https:\/\/nauticescala.com\/es\/wp-json\/wp\/v2\/pages\/9318\/revisions"}],"predecessor-version":[{"id":31763,"href":"https:\/\/nauticescala.com\/es\/wp-json\/wp\/v2\/pages\/9318\/revisions\/31763"}],"up":[{"embeddable":true,"href":"https:\/\/nauticescala.com\/es\/wp-json\/wp\/v2\/pages\/9184"}],"wp:attachment":[{"href":"https:\/\/nauticescala.com\/es\/wp-json\/wp\/v2\/media?parent=9318"}],"curies":[{"name":"wp","href":"https:\/\/api.w.org\/{rel}","templated":true}]}}