 {"id":23347,"date":"2021-01-26T13:39:59","date_gmt":"2021-01-26T12:39:59","guid":{"rendered":"http:\/\/nauticescala.com\/?p=23347&#038;post_type=product&#038;preview_id=23347"},"modified":"2025-07-16T11:27:39","modified_gmt":"2025-07-16T09:27:39","slug":"actividades-dia-del-socio-2025","status":"publish","type":"product","link":"https:\/\/nauticescala.com\/es\/compra-actividades-costa-brava\/actividades-dia-del-socio-2025\/","title":{"rendered":"Actividades &#8211; D\u00eda del Socio 2025"},"content":{"rendered":"\n            \n<section class=\"article-section\"><div class=\"container\">\n\n<\/div><\/section>\n                            <div class=\"accordion-block\">\n                    <div id=\"accordion\" class=\"accordion\">\n                                                                            <div class=\"card\">\n                                <div class=\"card-header\">\n                                    <h3>\n                                        <a href=\"#\" class=\"collapsed\" data-toggle=\"collapse\" data-target=\"#collapse-01\" aria-expanded=\"true\"><i class=\"ico-opener\">&nbsp;<\/i>C\u00f3mo participar<\/a>\n                                    <\/h3>\n                                <\/div><!-- end card-header -->\n                                <div id=\"collapse-01\" class=\"collapse\">\n                                                                    <div class=\"card-body\">\n\n                                        \n                                            \n                                                \n                                                    <ul>\n<li style=\"list-style-type: none;\">\n<ul>\n<li>Para reservar plaza ser\u00e1 necesario ser Socio del Club N\u00e0utic L&#8217;Escala.<\/li>\n<li>La reserva es gratuita.<\/li>\n<li>El socio de n\u00famero podr\u00e1 reservar un m\u00e1ximo de 4 plazas y una sola modalidad.<\/li>\n<li>El socio deportivo podr\u00e1 reservar hasta dos plazas y una sola modalidad.<\/li>\n<li>Finalizado el plazo, si existen plazas disponibles, se aceptar\u00e1 la reserva de una segunda actividad.<\/li>\n<li>El periodo de reserva estar\u00e1 abierto del 17\/07\/2025 al 31\/07\/2025 a las 12:00 h.<\/li>\n<\/ul>\n<\/li>\n<\/ul>\n\n                                                \n                                            \n                                        \n                                    <\/div><!-- end card-body -->\n                                <\/div><!-- end collapse -->\n                            <\/div><!-- end card -->\n                                                                        <\/div><!-- end accordion -->\n                <\/div><!-- end accordion-block -->\n            \n<section class=\"article-section\"><div class=\"container\">\n\n<\/div><\/section>\t<div class=\"slideshow-item\">\n\t    <div class=\"slideshow-offset\">\n\t        <div class=\"slides\">\n\t        \t\t\t            <div class=\"slide\">\n\t\t                <figure class=\"image\">\n\t\t                    <img decoding=\"async\" src=\"https:\/\/nauticescala.com\/wp-content\/uploads\/2021\/01\/2024-nauticescala-dia-del-soci-20.jpg\" alt=\"\">\n\t\t                <\/figure><!-- end image -->\n\t\t            <\/div><!-- end slide -->\t        \t\t\n\t        \t\t\t            <div class=\"slide\">\n\t\t                <figure class=\"image\">\n\t\t                    <img decoding=\"async\" src=\"https:\/\/nauticescala.com\/wp-content\/uploads\/2021\/01\/2024-nauticescala-dia-del-soci-5.jpg\" alt=\"\">\n\t\t                <\/figure><!-- end image -->\n\t\t            <\/div><!-- end slide -->\t        \t\t\n\t        \t\t\t            <div class=\"slide\">\n\t\t                <figure class=\"image\">\n\t\t                    <img decoding=\"async\" src=\"https:\/\/nauticescala.com\/wp-content\/uploads\/2021\/01\/2025-nauticescala-juvenil-22.jpg\" alt=\"\">\n\t\t                <\/figure><!-- end image -->\n\t\t            <\/div><!-- end slide -->\t        \t\t\n\t        \t\t\t            <div class=\"slide\">\n\t\t                <figure class=\"image\">\n\t\t                    <img decoding=\"async\" src=\"https:\/\/nauticescala.com\/wp-content\/uploads\/2021\/01\/2024-nauticescala-dia-del-soci-17.jpg\" alt=\"\">\n\t\t                <\/figure><!-- end image -->\n\t\t            <\/div><!-- end slide -->\t        \t\t\n\t        \t\t\t            <div class=\"slide\">\n\t\t                <figure class=\"image\">\n\t\t                    <img decoding=\"async\" src=\"https:\/\/nauticescala.com\/wp-content\/uploads\/2021\/01\/2022-nauticescala-dia-del-soci-4.jpg\" alt=\"\">\n\t\t                <\/figure><!-- end image -->\n\t\t            <\/div><!-- end slide -->\t        \t\t\n\t        \t\t\t            <div class=\"slide\">\n\t\t                <figure class=\"image\">\n\t\t                    <img decoding=\"async\" src=\"https:\/\/nauticescala.com\/wp-content\/uploads\/2021\/01\/2022-nauticescala-dia-del-soci-21.jpg\" alt=\"\">\n\t\t                <\/figure><!-- end image -->\n\t\t            <\/div><!-- end slide -->\t        \t\t\n\t        \t\t\t            <div class=\"slide\">\n\t\t                <figure class=\"image\">\n\t\t                    <img decoding=\"async\" src=\"https:\/\/nauticescala.com\/wp-content\/uploads\/2020\/04\/2016-cn-lescala-creuer-2.jpg\" alt=\"\">\n\t\t                <\/figure><!-- end image -->\n\t\t            <\/div><!-- end slide -->\t        \t\t\n\t        \t\t\t            <div class=\"slide\">\n\t\t                <figure class=\"image\">\n\t\t                    <img decoding=\"async\" src=\"https:\/\/nauticescala.com\/wp-content\/uploads\/2021\/01\/2025-nauticescala-juvenil-32.jpg\" alt=\"\">\n\t\t                <\/figure><!-- end image -->\n\t\t            <\/div><!-- end slide -->\t        \t\t\n\t        \t\t\t            <div class=\"slide\">\n\t\t                <figure class=\"image\">\n\t\t                    <img decoding=\"async\" src=\"https:\/\/nauticescala.com\/wp-content\/uploads\/2021\/01\/2022-nauticescala-dia-del-soci-18.jpg\" alt=\"\">\n\t\t                <\/figure><!-- end image -->\n\t\t            <\/div><!-- end slide -->\t        \t\t\n\t        \t\t\t            <div class=\"slide\">\n\t\t                <figure class=\"image\">\n\t\t                    <img decoding=\"async\" src=\"https:\/\/nauticescala.com\/wp-content\/uploads\/2021\/01\/2022-nauticescala-dia-del-soci-14.jpg\" alt=\"\">\n\t\t                <\/figure><!-- end image -->\n\t\t            <\/div><!-- end slide -->\t        \t\t\n\t        \t\t           \n\t        <\/div><!-- end slides -->\n\t    <\/div><!-- end slideshow-offset -->\n\t<\/div><!-- end slideshow-item -->\n<section class=\"article-section\"><div class=\"container\">\n\n<\/div><\/section>\t<div class=\"container\">\n\n<div class=\"content-block\">\n \t \t\n \t \t   \n \t   \n<\/div><!-- end content-block -->\n\n\t<\/div>\n\n","protected":false},"excerpt":{"rendered":"<p>Tipo: Social<br \/>Hora: 10:00 a 14:00 h<\/p>\n","protected":false},"featured_media":12117,"template":"","meta":{"_acf_changed":true,"_monsterinsights_skip_tracking":false,"_monsterinsights_sitenote_active":false,"_monsterinsights_sitenote_note":"","_monsterinsights_sitenote_category":0},"product_brand":[],"product_cat":[793],"product_tag":[],"activity_type":[1041],"level":[],"age":[],"modality":[],"payment_method":[],"class_list":{"0":"post-23347","1":"product","2":"type-product","3":"status-publish","4":"has-post-thumbnail","6":"product_cat-sin-categorizar","7":"activity_type-activitats-socials","9":"first","10":"instock","11":"shipping-taxable","12":"purchasable","13":"product-type-simple"},"acf":[],"yoast_head":"<!-- This site is optimized with the Yoast SEO Premium plugin v20.7 (Yoast SEO v27.3) - https:\/\/yoast.com\/product\/yoast-seo-premium-wordpress\/ -->\n<title>Actividades - D\u00eda del Socio 2025 &#8211; Club N\u00e0utic L\u2019Escala<\/title>\n<meta name=\"description\" content=\"\u00a1Celebramos el D\u00eda del Socio tambi\u00e9n durante el d\u00eda! Una jornada de actividades n\u00e1uticas deportivas y de sensibilizaci\u00f3n ambiental para disfrutar con tus amigos o familiares en el Club...\" \/>\n<meta name=\"robots\" content=\"index, follow, max-snippet:-1, max-image-preview:large, max-video-preview:-1\" \/>\n<link rel=\"canonical\" href=\"https:\/\/nauticescala.com\/es\/compra-actividades-costa-brava\/actividades-dia-del-socio-2025\/\" \/>\n<meta property=\"og:locale\" content=\"es_ES\" \/>\n<meta property=\"og:type\" content=\"article\" \/>\n<meta property=\"og:title\" content=\"Actividades - D\u00eda del Socio 2025\" \/>\n<meta property=\"og:description\" content=\"\u00a1Celebramos el D\u00eda del Socio tambi\u00e9n durante el d\u00eda! Una jornada de actividades n\u00e1uticas deportivas y de sensibilizaci\u00f3n ambiental para disfrutar con tus amigos o familiares en el Club...\" \/>\n<meta property=\"og:url\" content=\"https:\/\/nauticescala.com\/es\/compra-actividades-costa-brava\/actividades-dia-del-socio-2025\/\" \/>\n<meta property=\"og:site_name\" content=\"Club N\u00e0utic L\u2019Escala\" \/>\n<meta property=\"article:modified_time\" content=\"2025-07-16T09:27:39+00:00\" \/>\n<meta property=\"og:image\" content=\"https:\/\/nauticescala.com\/wp-content\/uploads\/2020\/04\/2016-cn-lescala-creuer-2.jpg\" \/>\n\t<meta property=\"og:image:width\" content=\"1200\" \/>\n\t<meta property=\"og:image:height\" content=\"605\" \/>\n\t<meta property=\"og:image:type\" content=\"image\/jpeg\" \/>\n<meta name=\"twitter:card\" content=\"summary_large_image\" \/>\n<meta name=\"twitter:label1\" content=\"Tiempo de lectura\" \/>\n\t<meta name=\"twitter:data1\" content=\"3 minutos\" \/>\n<script type=\"application\/ld+json\" class=\"yoast-schema-graph\">{\"@context\":\"https:\\\/\\\/schema.org\",\"@graph\":[{\"@type\":\"WebPage\",\"@id\":\"https:\\\/\\\/nauticescala.com\\\/es\\\/compra-actividades-costa-brava\\\/actividades-dia-del-socio-2025\\\/\",\"url\":\"https:\\\/\\\/nauticescala.com\\\/es\\\/compra-actividades-costa-brava\\\/actividades-dia-del-socio-2025\\\/\",\"name\":\"Actividades - D\u00eda del Socio 2025 &#8211; Club N\u00e0utic L\u2019Escala\",\"isPartOf\":{\"@id\":\"https:\\\/\\\/nauticescala.com\\\/#website\"},\"primaryImageOfPage\":{\"@id\":\"https:\\\/\\\/nauticescala.com\\\/es\\\/compra-actividades-costa-brava\\\/actividades-dia-del-socio-2025\\\/#primaryimage\"},\"image\":{\"@id\":\"https:\\\/\\\/nauticescala.com\\\/es\\\/compra-actividades-costa-brava\\\/actividades-dia-del-socio-2025\\\/#primaryimage\"},\"thumbnailUrl\":\"https:\\\/\\\/nauticescala.com\\\/wp-content\\\/uploads\\\/2020\\\/04\\\/2016-cn-lescala-creuer-2.jpg\",\"datePublished\":\"2021-01-26T12:39:59+00:00\",\"dateModified\":\"2025-07-16T09:27:39+00:00\",\"description\":\"\u00a1Celebramos el D\u00eda del Socio tambi\u00e9n durante el d\u00eda! Una jornada de actividades n\u00e1uticas deportivas y de sensibilizaci\u00f3n ambiental para disfrutar con tus amigos o familiares en el Club...\",\"breadcrumb\":{\"@id\":\"https:\\\/\\\/nauticescala.com\\\/es\\\/compra-actividades-costa-brava\\\/actividades-dia-del-socio-2025\\\/#breadcrumb\"},\"inLanguage\":\"es\",\"potentialAction\":[{\"@type\":\"ReadAction\",\"target\":[\"https:\\\/\\\/nauticescala.com\\\/es\\\/compra-actividades-costa-brava\\\/actividades-dia-del-socio-2025\\\/\"]}]},{\"@type\":\"ImageObject\",\"inLanguage\":\"es\",\"@id\":\"https:\\\/\\\/nauticescala.com\\\/es\\\/compra-actividades-costa-brava\\\/actividades-dia-del-socio-2025\\\/#primaryimage\",\"url\":\"https:\\\/\\\/nauticescala.com\\\/wp-content\\\/uploads\\\/2020\\\/04\\\/2016-cn-lescala-creuer-2.jpg\",\"contentUrl\":\"https:\\\/\\\/nauticescala.com\\\/wp-content\\\/uploads\\\/2020\\\/04\\\/2016-cn-lescala-creuer-2.jpg\",\"width\":1200,\"height\":605},{\"@type\":\"BreadcrumbList\",\"@id\":\"https:\\\/\\\/nauticescala.com\\\/es\\\/compra-actividades-costa-brava\\\/actividades-dia-del-socio-2025\\\/#breadcrumb\",\"itemListElement\":[{\"@type\":\"ListItem\",\"position\":1,\"name\":\"Home\",\"item\":\"https:\\\/\\\/nauticescala.com\\\/es\\\/\"},{\"@type\":\"ListItem\",\"position\":2,\"name\":\"Compra actividades en la Costa Brava\",\"item\":\"https:\\\/\\\/nauticescala.com\\\/es\\\/compra-actividades-en-la-costa-brava\\\/\"},{\"@type\":\"ListItem\",\"position\":3,\"name\":\"Actividades &#8211; D\u00eda del Socio 2025\"}]},{\"@type\":\"WebSite\",\"@id\":\"https:\\\/\\\/nauticescala.com\\\/#website\",\"url\":\"https:\\\/\\\/nauticescala.com\\\/\",\"name\":\"Club N\u00e0utic L\u2019Escala\",\"description\":\"Port esportiu a la Costa Brava\",\"potentialAction\":[{\"@type\":\"SearchAction\",\"target\":{\"@type\":\"EntryPoint\",\"urlTemplate\":\"https:\\\/\\\/nauticescala.com\\\/?s={search_term_string}\"},\"query-input\":{\"@type\":\"PropertyValueSpecification\",\"valueRequired\":true,\"valueName\":\"search_term_string\"}}],\"inLanguage\":\"es\"}]}<\/script>\n<!-- \/ Yoast SEO Premium plugin. -->","yoast_head_json":{"title":"Actividades - D\u00eda del Socio 2025 &#8211; Club N\u00e0utic L\u2019Escala","description":"\u00a1Celebramos el D\u00eda del Socio tambi\u00e9n durante el d\u00eda! Una jornada de actividades n\u00e1uticas deportivas y de sensibilizaci\u00f3n ambiental para disfrutar con tus amigos o familiares en el Club...","robots":{"index":"index","follow":"follow","max-snippet":"max-snippet:-1","max-image-preview":"max-image-preview:large","max-video-preview":"max-video-preview:-1"},"canonical":"https:\/\/nauticescala.com\/es\/compra-actividades-costa-brava\/actividades-dia-del-socio-2025\/","og_locale":"es_ES","og_type":"article","og_title":"Actividades - D\u00eda del Socio 2025","og_description":"\u00a1Celebramos el D\u00eda del Socio tambi\u00e9n durante el d\u00eda! Una jornada de actividades n\u00e1uticas deportivas y de sensibilizaci\u00f3n ambiental para disfrutar con tus amigos o familiares en el Club...","og_url":"https:\/\/nauticescala.com\/es\/compra-actividades-costa-brava\/actividades-dia-del-socio-2025\/","og_site_name":"Club N\u00e0utic L\u2019Escala","article_modified_time":"2025-07-16T09:27:39+00:00","og_image":[{"width":1200,"height":605,"url":"https:\/\/nauticescala.com\/wp-content\/uploads\/2020\/04\/2016-cn-lescala-creuer-2.jpg","type":"image\/jpeg"}],"twitter_card":"summary_large_image","twitter_misc":{"Tiempo de lectura":"3 minutos"},"schema":{"@context":"https:\/\/schema.org","@graph":[{"@type":"WebPage","@id":"https:\/\/nauticescala.com\/es\/compra-actividades-costa-brava\/actividades-dia-del-socio-2025\/","url":"https:\/\/nauticescala.com\/es\/compra-actividades-costa-brava\/actividades-dia-del-socio-2025\/","name":"Actividades - D\u00eda del Socio 2025 &#8211; Club N\u00e0utic L\u2019Escala","isPartOf":{"@id":"https:\/\/nauticescala.com\/#website"},"primaryImageOfPage":{"@id":"https:\/\/nauticescala.com\/es\/compra-actividades-costa-brava\/actividades-dia-del-socio-2025\/#primaryimage"},"image":{"@id":"https:\/\/nauticescala.com\/es\/compra-actividades-costa-brava\/actividades-dia-del-socio-2025\/#primaryimage"},"thumbnailUrl":"https:\/\/nauticescala.com\/wp-content\/uploads\/2020\/04\/2016-cn-lescala-creuer-2.jpg","datePublished":"2021-01-26T12:39:59+00:00","dateModified":"2025-07-16T09:27:39+00:00","description":"\u00a1Celebramos el D\u00eda del Socio tambi\u00e9n durante el d\u00eda! Una jornada de actividades n\u00e1uticas deportivas y de sensibilizaci\u00f3n ambiental para disfrutar con tus amigos o familiares en el Club...","breadcrumb":{"@id":"https:\/\/nauticescala.com\/es\/compra-actividades-costa-brava\/actividades-dia-del-socio-2025\/#breadcrumb"},"inLanguage":"es","potentialAction":[{"@type":"ReadAction","target":["https:\/\/nauticescala.com\/es\/compra-actividades-costa-brava\/actividades-dia-del-socio-2025\/"]}]},{"@type":"ImageObject","inLanguage":"es","@id":"https:\/\/nauticescala.com\/es\/compra-actividades-costa-brava\/actividades-dia-del-socio-2025\/#primaryimage","url":"https:\/\/nauticescala.com\/wp-content\/uploads\/2020\/04\/2016-cn-lescala-creuer-2.jpg","contentUrl":"https:\/\/nauticescala.com\/wp-content\/uploads\/2020\/04\/2016-cn-lescala-creuer-2.jpg","width":1200,"height":605},{"@type":"BreadcrumbList","@id":"https:\/\/nauticescala.com\/es\/compra-actividades-costa-brava\/actividades-dia-del-socio-2025\/#breadcrumb","itemListElement":[{"@type":"ListItem","position":1,"name":"Home","item":"https:\/\/nauticescala.com\/es\/"},{"@type":"ListItem","position":2,"name":"Compra actividades en la Costa Brava","item":"https:\/\/nauticescala.com\/es\/compra-actividades-en-la-costa-brava\/"},{"@type":"ListItem","position":3,"name":"Actividades &#8211; D\u00eda del Socio 2025"}]},{"@type":"WebSite","@id":"https:\/\/nauticescala.com\/#website","url":"https:\/\/nauticescala.com\/","name":"Club N\u00e0utic L\u2019Escala","description":"Port esportiu a la Costa Brava","potentialAction":[{"@type":"SearchAction","target":{"@type":"EntryPoint","urlTemplate":"https:\/\/nauticescala.com\/?s={search_term_string}"},"query-input":{"@type":"PropertyValueSpecification","valueRequired":true,"valueName":"search_term_string"}}],"inLanguage":"es"}]}},"_links":{"self":[{"href":"https:\/\/nauticescala.com\/es\/wp-json\/wp\/v2\/product\/23347","targetHints":{"allow":["GET"]}}],"collection":[{"href":"https:\/\/nauticescala.com\/es\/wp-json\/wp\/v2\/product"}],"about":[{"href":"https:\/\/nauticescala.com\/es\/wp-json\/wp\/v2\/types\/product"}],"wp:featuredmedia":[{"embeddable":true,"href":"https:\/\/nauticescala.com\/es\/wp-json\/wp\/v2\/media\/12117"}],"wp:attachment":[{"href":"https:\/\/nauticescala.com\/es\/wp-json\/wp\/v2\/media?parent=23347"}],"wp:term":[{"taxonomy":"product_brand","embeddable":true,"href":"https:\/\/nauticescala.com\/es\/wp-json\/wp\/v2\/product_brand?post=23347"},{"taxonomy":"product_cat","embeddable":true,"href":"https:\/\/nauticescala.com\/es\/wp-json\/wp\/v2\/product_cat?post=23347"},{"taxonomy":"product_tag","embeddable":true,"href":"https:\/\/nauticescala.com\/es\/wp-json\/wp\/v2\/product_tag?post=23347"},{"taxonomy":"activity_type","embeddable":true,"href":"https:\/\/nauticescala.com\/es\/wp-json\/wp\/v2\/activity_type?post=23347"},{"taxonomy":"level","embeddable":true,"href":"https:\/\/nauticescala.com\/es\/wp-json\/wp\/v2\/level?post=23347"},{"taxonomy":"age","embeddable":true,"href":"https:\/\/nauticescala.com\/es\/wp-json\/wp\/v2\/age?post=23347"},{"taxonomy":"modality","embeddable":true,"href":"https:\/\/nauticescala.com\/es\/wp-json\/wp\/v2\/modality?post=23347"},{"taxonomy":"payment_method","embeddable":true,"href":"https:\/\/nauticescala.com\/es\/wp-json\/wp\/v2\/payment_method?post=23347"}],"curies":[{"name":"wp","href":"https:\/\/api.w.org\/{rel}","templated":true}]}}