 {"id":23700,"date":"2021-02-05T14:01:10","date_gmt":"2021-02-05T13:01:10","guid":{"rendered":"http:\/\/nauticescala.com\/?p=23700&#038;post_type=product&#038;preview_id=23700"},"modified":"2026-02-12T16:32:13","modified_gmt":"2026-02-12T15:32:13","slug":"abono-de-remo","status":"publish","type":"product","link":"https:\/\/nauticescala.com\/es\/compra-actividades-costa-brava\/abono-de-remo\/","title":{"rendered":"Abono de Remo"},"content":{"rendered":"\n    \n        <div class=\"btn-box\">\n            <a href=\"https:\/\/nauticescala.com\/wp-content\/uploads\/2025\/12\/TARIFES-ABONAMENTS.pdf\" target=\"_blank\" class=\"btn btn-primary\">Tarifas 2026<\/a>\n\n        \n        \n        \n            <a href=\"https:\/\/nauticescala.com\/es\/compra-actividades-en-la-costa-brava\/?filters_modality%5B%5D=stand-up-paddle&#038;filters_modality%5B%5D=rem-de-mar&#038;filters_modality%5B%5D=caiac&#038;filters_activity_type%5B%5D=ruta-guiada&#038;orderby=dates\" target=\"_blank\" class=\"btn btn-primary\">Actividades Guiadas<\/a>\n    \n\n        \n\n<\/div><!-- end btn-box -->\n\n   \n<section class=\"article-section\"><div class=\"container\">\n\n<\/div><\/section>\n                            <div class=\"accordion-block\">\n                    <div id=\"accordion\" class=\"accordion\">\n                                                                            <div class=\"card\">\n                                <div class=\"card-header\">\n                                    <h3>\n                                        <a href=\"#\" class=\"collapsed\" data-toggle=\"collapse\" data-target=\"#collapse-0100\" aria-expanded=\"true\"><i class=\"ico-opener\">&nbsp;<\/i>Incluye<\/a>\n                                    <\/h3>\n                                <\/div><!-- end card-header -->\n                                <div id=\"collapse-0100\" class=\"collapse\">\n                                                                    <div class=\"card-body\">\n\n                                                                                \n                                            <div class=\"row\">\n\n                                                \n                                                    <div class=\"col-md-12\">\n\n                                                        <!-- content -->\n                                                        \n                                                            \n                                                                \n                                                                    <ul>\n<li><strong>Acceso a los vestuarios y taquillas<\/strong> del \u00c1rea Deportiva del Club.<\/li>\n<li><strong>Acceso gratuito a las rutas guiadas<\/strong> de las modalidades establecidas y seg\u00fan el nivel de cada actividad.<\/li>\n<li><strong><a href=\"https:\/\/nauticescala.com\/es\/compra-actividades-en-la-costa-brava\/?filters_activity_type%5B%5D=lloguer&amp;orderby=dates\" target=\"_blank\" rel=\"noopener\">Alquiler gratuito<\/a><\/strong> de las embarcaciones del Club con reserva previa (indispensable haber realizado previamente una Session Guiada).<\/li>\n<li>Acceso gratuito a los programas de <strong><a href=\"https:\/\/nauticescala.com\/compra-activitats-a-costa-brava\/?filters_activity_type%5B%5D=extraescolar&amp;orderby=dates\" target=\"_blank\" rel=\"noopener\">Vela Extraescolar<\/a><\/strong><\/li>\n<li>Acceso al programa de\u00a0<a href=\"https:\/\/nauticescala.com\/es\/compra-actividades-costa-brava\/abonament-a-varada\/\"><strong>Abono a Varada<\/strong><\/a>\u00a0con un 50% de descuento.<\/li>\n<li>Todas las ventajas de ser <strong><a href=\"https:\/\/nauticescala.com\/es\/club-nautico-en-la-costa-brava\/hazte-socio\/\">Socio Deportivo<\/a><\/strong> del Club.<\/li>\n<li>Participacion en <strong><a href=\"https:\/\/nauticescala.com\/es\/agenda\/\">actividades<\/a><\/strong> de las secciones deportivas del Club<\/li>\n<li>Los ni\u00f1os entre 3 y 7 a\u00f1os podr\u00e1n acompa\u00f1ar libremente al Abonado en cualquier actividad bajo su tutela y responsabilidad.<\/li>\n<li>Si durante algunos meses no puedes venir a navegar, tramita la\u00a0<strong>baja<\/strong>\u00a0<strong>temporal<\/strong>.<\/li>\n<li>Consulta el <strong><a href=\"https:\/\/nauticescala.com\/es\/documents\/\" target=\"_blank\" rel=\"noopener\">Manual de Abono<\/a><\/strong> para saber todas las ventajas y obligaciones del programa.<\/li>\n<\/ul>\n\n                                                                \n                                                            \n                                                                                                                <!-- end content -->\n\n                                                    <\/div>\n\n                                                \n                                            <\/div>\n\n                                        \n                                    <\/div><!-- end card-body -->\n                                <\/div><!-- end collapse -->\n                            <\/div><!-- end card -->\n                                                                                <div class=\"card\">\n                                <div class=\"card-header\">\n                                    <h3>\n                                        <a href=\"#\" class=\"collapsed\" data-toggle=\"collapse\" data-target=\"#collapse-0200\" aria-expanded=\"true\"><i class=\"ico-opener\">&nbsp;<\/i>Requisitos<\/a>\n                                    <\/h3>\n                                <\/div><!-- end card-header -->\n                                <div id=\"collapse-0200\" class=\"collapse\">\n                                                                    <div class=\"card-body\">\n\n                                                                                \n                                            <div class=\"row\">\n\n                                                \n                                                    <div class=\"col-md-12\">\n\n                                                        <!-- content -->\n                                                        \n                                                            \n                                                                \n                                                                    <ul>\n<li><strong>Edad m\u00ednima:<\/strong> 12 a\u00f1os.<\/li>\n<li><strong>Nivel m\u00ednimo requerido: <\/strong>Debes ser capaz de preparar tu embarcaci\u00f3n, salir de puerto, seguir la actividad guiada y volver al puerto sin ayuda.<\/li>\n<li><strong>Com acreditar el nivell?<\/strong>: Si no has obtenido el nivel m\u00ednimo con nosotros (30h de navegaci\u00f3n en vela ligera o 6h en remo de mar), deber\u00e1s participar en una Ruta Guiada o realizar una prueba de nivel para acreditarlo.<\/li>\n<li>Ser\u00a0<strong><a href=\"https:\/\/nauticescala.com\/fes-te-soci\/\">Socio Deportivo o Socio de N\u00famero<\/a><\/strong>\u00a0del Club.<\/li>\n<li>Hacer efectiva el importe de la matr\u00edcula.<\/li>\n<li><strong>Licencia federativa<\/strong>: Disponer de una licencia federativa o seguro equivalente.<\/li>\n<li><strong>Contrato<\/strong>: Firmar el contrato para el uso de las embarcaciones.<\/li>\n<li><strong>Fianza<\/strong>: Comprom\u00edso de una fianza de 100\u20ac (200\u20ac para el abono a flota plus).<\/li>\n<li><strong>Horarios:<\/strong> Consulta los <strong><a href=\"https:\/\/nauticescala.com\/es\/contacto\/\" target=\"_blank\" rel=\"noopener\">horarios<\/a><\/strong> de la instalaci\u00f3n.<\/li>\n<li style=\"list-style-type: none;\"><\/li>\n<\/ul>\n\n                                                                \n                                                            \n                                                                                                                <!-- end content -->\n\n                                                    <\/div>\n\n                                                \n                                            <\/div>\n\n                                        \n                                    <\/div><!-- end card-body -->\n                                <\/div><!-- end collapse -->\n                            <\/div><!-- end card -->\n                                                                                <div class=\"card\">\n                                <div class=\"card-header\">\n                                    <h3>\n                                        <a href=\"#\" class=\"collapsed\" data-toggle=\"collapse\" data-target=\"#collapse-0300\" aria-expanded=\"true\"><i class=\"ico-opener\">&nbsp;<\/i>Descuentos<\/a>\n                                    <\/h3>\n                                <\/div><!-- end card-header -->\n                                <div id=\"collapse-0300\" class=\"collapse\">\n                                                                    <div class=\"card-body\">\n\n                                                                                \n                                            <div class=\"row\">\n\n                                                \n                                                    <div class=\"col-md-12\">\n\n                                                        <!-- content -->\n                                                        \n                                                            \n                                                                \n                                                                    <ul>\n<li><strong>100% de descuento<\/strong> en la matr\u00edcula para usuarios que realicen el pago anticipado de 7 meses del abono.<\/li>\n<li><strong>50% de descuento<\/strong>\u00a0en la matricula para usuarios que hayan contratado un curso de formaci\u00f3n de la modalidad correspondiente el mismo a\u00f1o.<\/li>\n<li><strong>50% de descuento<\/strong>\u00a0en la matricula por la contrataci\u00f3n entre 1\/11 y 31\/12<\/li>\n<li>En el caso de realizar una prueba de nivel o Ruta Guiada se descontar\u00e1 de la matricula.<\/li>\n<li><strong>50% de descuento<\/strong>\u00a0en el abono a Varada.<\/li>\n<li><strong>50% de\u00a0<\/strong><strong>descuento\u00a0<\/strong>en el abono familiar si tienen 2 regatistas en el equipo de regatas.<\/li>\n<li><strong>25% de descuento\u00a0<\/strong>al abono familiar si tienen 1 regatista en el equipo de regatas.<\/li>\n<li><strong>15% de descuento\u00a0<\/strong>en la tarifa mensual de parking<\/li>\n<\/ul>\n\n                                                                \n                                                            \n                                                                                                                <!-- end content -->\n\n                                                    <\/div>\n\n                                                \n                                            <\/div>\n\n                                        \n                                    <\/div><!-- end card-body -->\n                                <\/div><!-- end collapse -->\n                            <\/div><!-- end card -->\n                                                                        <\/div><!-- end accordion -->\n                <\/div><!-- end accordion-block -->\n            \n<section class=\"article-section\"><div class=\"container\">\n\n<\/div><\/section>\n<p><\/p>\n<section class=\"article-section\"><div class=\"container\">\n\n<\/div><\/section>\t<div class=\"slideshow-item\">\n\t    <div class=\"slideshow-offset\">\n\t        <div class=\"slides\">\n\t        \t\t\t            <div class=\"slide\">\n\t\t                <figure class=\"image\">\n\t\t                    <img decoding=\"async\" src=\"https:\/\/nauticescala.com\/wp-content\/uploads\/2020\/11\/2022-nauticescala-rem-de-mar-12.jpg\" alt=\"\">\n\t\t                <\/figure><!-- end image -->\n\t\t            <\/div><!-- end slide -->\t        \t\t\n\t        \t\t\t            <div class=\"slide\">\n\t\t                <figure class=\"image\">\n\t\t                    <img decoding=\"async\" src=\"https:\/\/nauticescala.com\/wp-content\/uploads\/2020\/04\/2020-club-nautic-lescala-5.jpg\" alt=\"\">\n\t\t                <\/figure><!-- end image -->\n\t\t            <\/div><!-- end slide -->\t        \t\t\n\t        \t\t\t            <div class=\"slide\">\n\t\t                <figure class=\"image\">\n\t\t                    <img decoding=\"async\" src=\"https:\/\/nauticescala.com\/wp-content\/uploads\/2023\/12\/2023-nauticescala-caiac-rem-sup.jpg\" alt=\"\">\n\t\t                <\/figure><!-- end image -->\n\t\t            <\/div><!-- end slide -->\t        \t\t\n\t        \t\t\t            <div class=\"slide\">\n\t\t                <figure class=\"image\">\n\t\t                    <img decoding=\"async\" src=\"https:\/\/nauticescala.com\/wp-content\/uploads\/2022\/12\/2022-nauticescala-rem-3.jpg\" alt=\"\">\n\t\t                <\/figure><!-- end image -->\n\t\t            <\/div><!-- end slide -->\t        \t\t\n\t        \t\t\t            <div class=\"slide\">\n\t\t                <figure class=\"image\">\n\t\t                    <img decoding=\"async\" src=\"https:\/\/nauticescala.com\/wp-content\/uploads\/2020\/02\/2022-nauticescala-rem-caiac.jpg\" alt=\"\">\n\t\t                <\/figure><!-- end image -->\n\t\t            <\/div><!-- end slide -->\t        \t\t\n\t        \t\t\t            <div class=\"slide\">\n\t\t                <figure class=\"image\">\n\t\t                    <img decoding=\"async\" src=\"https:\/\/nauticescala.com\/wp-content\/uploads\/2022\/07\/2022-club-nautic-escala-escala-coastal-rowing-rem-51.jpg\" alt=\"2022-club nautic-escala-regates-rem-Escala Coastal Rowing, Rem-23\">\n\t\t                <\/figure><!-- end image -->\n\t\t            <\/div><!-- end slide -->\t        \t\t\n\t        \t\t\t            <div class=\"slide\">\n\t\t                <figure class=\"image\">\n\t\t                    <img decoding=\"async\" src=\"https:\/\/nauticescala.com\/wp-content\/uploads\/2020\/01\/2019-club-nautic-lescala-22.jpg\" alt=\"Nauticescala-rem-caiac\">\n\t\t                <\/figure><!-- end image -->\n\t\t            <\/div><!-- end slide -->\t        \t\t\n\t        \t\t\t            <div class=\"slide\">\n\t\t                <figure class=\"image\">\n\t\t                    <img decoding=\"async\" src=\"https:\/\/nauticescala.com\/wp-content\/uploads\/2020\/04\/2015-cn-lescala-rem-5.jpg\" alt=\"\">\n\t\t                <\/figure><!-- end image -->\n\t\t            <\/div><!-- end slide -->\t        \t\t\n\t        \t\t\t            <div class=\"slide\">\n\t\t                <figure class=\"image\">\n\t\t                    <img decoding=\"async\" src=\"https:\/\/nauticescala.com\/wp-content\/uploads\/2020\/04\/2015-cn-lescala-activitats-rem-1.jpg\" alt=\"\">\n\t\t                <\/figure><!-- end image -->\n\t\t            <\/div><!-- end slide -->\t        \t\t\n\t        \t\t\t            <div class=\"slide\">\n\t\t                <figure class=\"image\">\n\t\t                    <img decoding=\"async\" src=\"https:\/\/nauticescala.com\/wp-content\/uploads\/2021\/03\/2020-club-nautic-lescala-rg-sup-9.jpg\" alt=\"\">\n\t\t                <\/figure><!-- end image -->\n\t\t            <\/div><!-- end slide -->\t        \t\t\n\t        \t\t\t            <div class=\"slide\">\n\t\t                <figure class=\"image\">\n\t\t                    <img decoding=\"async\" src=\"https:\/\/nauticescala.com\/wp-content\/uploads\/2021\/03\/2020-club-nautic-lescala-rg-sup-18.jpg\" alt=\"\">\n\t\t                <\/figure><!-- end image -->\n\t\t            <\/div><!-- end slide -->\t        \t\t\n\t        \t\t\t            <div class=\"slide\">\n\t\t                <figure class=\"image\">\n\t\t                    <img decoding=\"async\" src=\"https:\/\/nauticescala.com\/wp-content\/uploads\/2021\/03\/2015-caiac-lescala-2.jpg\" alt=\"\">\n\t\t                <\/figure><!-- end image -->\n\t\t            <\/div><!-- end slide -->\t        \t\t\n\t        \t\t           \n\t        <\/div><!-- end slides -->\n\t    <\/div><!-- end slideshow-offset -->\n\t<\/div><!-- end slideshow-item -->\n","protected":false},"excerpt":{"rendered":"<p>Nivel: medio y avanzado<br \/>Edad: a partir de 12 a\u00f1os<\/p>\n","protected":false},"featured_media":72096,"template":"","meta":{"_acf_changed":true,"_monsterinsights_skip_tracking":false,"_monsterinsights_sitenote_active":false,"_monsterinsights_sitenote_note":"","_monsterinsights_sitenote_category":0},"product_brand":[],"product_cat":[793],"product_tag":[],"activity_type":[324],"level":[378],"age":[392,390,391],"modality":[816],"payment_method":[],"class_list":{"0":"post-23700","1":"product","2":"type-product","3":"status-publish","4":"has-post-thumbnail","6":"product_cat-sin-categorizar","7":"activity_type-abonament","8":"level-mitja","9":"age-adult","10":"age-infantil","11":"age-juvenil","12":"modality-stand-up-paddle","14":"first","15":"instock","16":"virtual","17":"product-type-simple"},"acf":[],"yoast_head":"<!-- This site is optimized with the Yoast SEO Premium plugin v20.7 (Yoast SEO v27.4) - https:\/\/yoast.com\/product\/yoast-seo-premium-wordpress\/ -->\n<title>Abono de Remo &#8211; Club N\u00e0utic L\u2019Escala<\/title>\n<meta name=\"description\" content=\"Si quieres remar pero no tienes embarcaci\u00f3n propia... El Abono de Remo es la alternativa para todos los que ya saben pero desean seguir remando\" \/>\n<meta name=\"robots\" content=\"index, follow, max-snippet:-1, max-image-preview:large, max-video-preview:-1\" \/>\n<link rel=\"canonical\" href=\"https:\/\/nauticescala.com\/es\/compra-actividades-costa-brava\/abono-de-remo\/\" \/>\n<meta property=\"og:locale\" content=\"es_ES\" \/>\n<meta property=\"og:type\" content=\"article\" \/>\n<meta property=\"og:title\" content=\"Abono de Remo\" \/>\n<meta property=\"og:description\" content=\"Si quieres remar pero no tienes embarcaci\u00f3n propia... El Abono de Remo es la alternativa para todos los que ya saben pero desean seguir remando\" \/>\n<meta property=\"og:url\" content=\"https:\/\/nauticescala.com\/es\/compra-actividades-costa-brava\/abono-de-remo\/\" \/>\n<meta property=\"og:site_name\" content=\"Club N\u00e0utic L\u2019Escala\" \/>\n<meta property=\"article:modified_time\" content=\"2026-02-12T15:32:13+00:00\" \/>\n<meta property=\"og:image\" content=\"https:\/\/nauticescala.com\/wp-content\/uploads\/2024\/08\/2022-club-nautic-escala-escala-coastal-rowing-rem-17.jpg\" \/>\n\t<meta property=\"og:image:width\" content=\"1800\" \/>\n\t<meta property=\"og:image:height\" content=\"907\" \/>\n\t<meta property=\"og:image:type\" content=\"image\/jpeg\" \/>\n<meta name=\"twitter:card\" content=\"summary_large_image\" \/>\n<meta name=\"twitter:label1\" content=\"Tiempo de lectura\" \/>\n\t<meta name=\"twitter:data1\" content=\"6 minutos\" \/>\n<script type=\"application\/ld+json\" class=\"yoast-schema-graph\">{\"@context\":\"https:\\\/\\\/schema.org\",\"@graph\":[{\"@type\":\"WebPage\",\"@id\":\"https:\\\/\\\/nauticescala.com\\\/es\\\/compra-actividades-costa-brava\\\/abono-de-remo\\\/\",\"url\":\"https:\\\/\\\/nauticescala.com\\\/es\\\/compra-actividades-costa-brava\\\/abono-de-remo\\\/\",\"name\":\"Abono de Remo &#8211; Club N\u00e0utic L\u2019Escala\",\"isPartOf\":{\"@id\":\"https:\\\/\\\/nauticescala.com\\\/#website\"},\"primaryImageOfPage\":{\"@id\":\"https:\\\/\\\/nauticescala.com\\\/es\\\/compra-actividades-costa-brava\\\/abono-de-remo\\\/#primaryimage\"},\"image\":{\"@id\":\"https:\\\/\\\/nauticescala.com\\\/es\\\/compra-actividades-costa-brava\\\/abono-de-remo\\\/#primaryimage\"},\"thumbnailUrl\":\"https:\\\/\\\/nauticescala.com\\\/wp-content\\\/uploads\\\/2024\\\/08\\\/2022-club-nautic-escala-escala-coastal-rowing-rem-17.jpg\",\"datePublished\":\"2021-02-05T13:01:10+00:00\",\"dateModified\":\"2026-02-12T15:32:13+00:00\",\"description\":\"Si quieres remar pero no tienes embarcaci\u00f3n propia... El Abono de Remo es la alternativa para todos los que ya saben pero desean seguir remando\",\"breadcrumb\":{\"@id\":\"https:\\\/\\\/nauticescala.com\\\/es\\\/compra-actividades-costa-brava\\\/abono-de-remo\\\/#breadcrumb\"},\"inLanguage\":\"es\",\"potentialAction\":[{\"@type\":\"ReadAction\",\"target\":[\"https:\\\/\\\/nauticescala.com\\\/es\\\/compra-actividades-costa-brava\\\/abono-de-remo\\\/\"]}]},{\"@type\":\"ImageObject\",\"inLanguage\":\"es\",\"@id\":\"https:\\\/\\\/nauticescala.com\\\/es\\\/compra-actividades-costa-brava\\\/abono-de-remo\\\/#primaryimage\",\"url\":\"https:\\\/\\\/nauticescala.com\\\/wp-content\\\/uploads\\\/2024\\\/08\\\/2022-club-nautic-escala-escala-coastal-rowing-rem-17.jpg\",\"contentUrl\":\"https:\\\/\\\/nauticescala.com\\\/wp-content\\\/uploads\\\/2024\\\/08\\\/2022-club-nautic-escala-escala-coastal-rowing-rem-17.jpg\",\"width\":1800,\"height\":907},{\"@type\":\"BreadcrumbList\",\"@id\":\"https:\\\/\\\/nauticescala.com\\\/es\\\/compra-actividades-costa-brava\\\/abono-de-remo\\\/#breadcrumb\",\"itemListElement\":[{\"@type\":\"ListItem\",\"position\":1,\"name\":\"Home\",\"item\":\"https:\\\/\\\/nauticescala.com\\\/es\\\/\"},{\"@type\":\"ListItem\",\"position\":2,\"name\":\"Compra actividades en la Costa Brava\",\"item\":\"https:\\\/\\\/nauticescala.com\\\/es\\\/compra-actividades-en-la-costa-brava\\\/\"},{\"@type\":\"ListItem\",\"position\":3,\"name\":\"Abono de Remo\"}]},{\"@type\":\"WebSite\",\"@id\":\"https:\\\/\\\/nauticescala.com\\\/#website\",\"url\":\"https:\\\/\\\/nauticescala.com\\\/\",\"name\":\"Club N\u00e0utic L\u2019Escala\",\"description\":\"Port esportiu a la Costa Brava\",\"potentialAction\":[{\"@type\":\"SearchAction\",\"target\":{\"@type\":\"EntryPoint\",\"urlTemplate\":\"https:\\\/\\\/nauticescala.com\\\/?s={search_term_string}\"},\"query-input\":{\"@type\":\"PropertyValueSpecification\",\"valueRequired\":true,\"valueName\":\"search_term_string\"}}],\"inLanguage\":\"es\"}]}<\/script>\n<!-- \/ Yoast SEO Premium plugin. -->","yoast_head_json":{"title":"Abono de Remo &#8211; Club N\u00e0utic L\u2019Escala","description":"Si quieres remar pero no tienes embarcaci\u00f3n propia... El Abono de Remo es la alternativa para todos los que ya saben pero desean seguir remando","robots":{"index":"index","follow":"follow","max-snippet":"max-snippet:-1","max-image-preview":"max-image-preview:large","max-video-preview":"max-video-preview:-1"},"canonical":"https:\/\/nauticescala.com\/es\/compra-actividades-costa-brava\/abono-de-remo\/","og_locale":"es_ES","og_type":"article","og_title":"Abono de Remo","og_description":"Si quieres remar pero no tienes embarcaci\u00f3n propia... El Abono de Remo es la alternativa para todos los que ya saben pero desean seguir remando","og_url":"https:\/\/nauticescala.com\/es\/compra-actividades-costa-brava\/abono-de-remo\/","og_site_name":"Club N\u00e0utic L\u2019Escala","article_modified_time":"2026-02-12T15:32:13+00:00","og_image":[{"width":1800,"height":907,"url":"https:\/\/nauticescala.com\/wp-content\/uploads\/2024\/08\/2022-club-nautic-escala-escala-coastal-rowing-rem-17.jpg","type":"image\/jpeg"}],"twitter_card":"summary_large_image","twitter_misc":{"Tiempo de lectura":"6 minutos"},"schema":{"@context":"https:\/\/schema.org","@graph":[{"@type":"WebPage","@id":"https:\/\/nauticescala.com\/es\/compra-actividades-costa-brava\/abono-de-remo\/","url":"https:\/\/nauticescala.com\/es\/compra-actividades-costa-brava\/abono-de-remo\/","name":"Abono de Remo &#8211; Club N\u00e0utic L\u2019Escala","isPartOf":{"@id":"https:\/\/nauticescala.com\/#website"},"primaryImageOfPage":{"@id":"https:\/\/nauticescala.com\/es\/compra-actividades-costa-brava\/abono-de-remo\/#primaryimage"},"image":{"@id":"https:\/\/nauticescala.com\/es\/compra-actividades-costa-brava\/abono-de-remo\/#primaryimage"},"thumbnailUrl":"https:\/\/nauticescala.com\/wp-content\/uploads\/2024\/08\/2022-club-nautic-escala-escala-coastal-rowing-rem-17.jpg","datePublished":"2021-02-05T13:01:10+00:00","dateModified":"2026-02-12T15:32:13+00:00","description":"Si quieres remar pero no tienes embarcaci\u00f3n propia... El Abono de Remo es la alternativa para todos los que ya saben pero desean seguir remando","breadcrumb":{"@id":"https:\/\/nauticescala.com\/es\/compra-actividades-costa-brava\/abono-de-remo\/#breadcrumb"},"inLanguage":"es","potentialAction":[{"@type":"ReadAction","target":["https:\/\/nauticescala.com\/es\/compra-actividades-costa-brava\/abono-de-remo\/"]}]},{"@type":"ImageObject","inLanguage":"es","@id":"https:\/\/nauticescala.com\/es\/compra-actividades-costa-brava\/abono-de-remo\/#primaryimage","url":"https:\/\/nauticescala.com\/wp-content\/uploads\/2024\/08\/2022-club-nautic-escala-escala-coastal-rowing-rem-17.jpg","contentUrl":"https:\/\/nauticescala.com\/wp-content\/uploads\/2024\/08\/2022-club-nautic-escala-escala-coastal-rowing-rem-17.jpg","width":1800,"height":907},{"@type":"BreadcrumbList","@id":"https:\/\/nauticescala.com\/es\/compra-actividades-costa-brava\/abono-de-remo\/#breadcrumb","itemListElement":[{"@type":"ListItem","position":1,"name":"Home","item":"https:\/\/nauticescala.com\/es\/"},{"@type":"ListItem","position":2,"name":"Compra actividades en la Costa Brava","item":"https:\/\/nauticescala.com\/es\/compra-actividades-en-la-costa-brava\/"},{"@type":"ListItem","position":3,"name":"Abono de Remo"}]},{"@type":"WebSite","@id":"https:\/\/nauticescala.com\/#website","url":"https:\/\/nauticescala.com\/","name":"Club N\u00e0utic L\u2019Escala","description":"Port esportiu a la Costa Brava","potentialAction":[{"@type":"SearchAction","target":{"@type":"EntryPoint","urlTemplate":"https:\/\/nauticescala.com\/?s={search_term_string}"},"query-input":{"@type":"PropertyValueSpecification","valueRequired":true,"valueName":"search_term_string"}}],"inLanguage":"es"}]}},"_links":{"self":[{"href":"https:\/\/nauticescala.com\/es\/wp-json\/wp\/v2\/product\/23700","targetHints":{"allow":["GET"]}}],"collection":[{"href":"https:\/\/nauticescala.com\/es\/wp-json\/wp\/v2\/product"}],"about":[{"href":"https:\/\/nauticescala.com\/es\/wp-json\/wp\/v2\/types\/product"}],"wp:featuredmedia":[{"embeddable":true,"href":"https:\/\/nauticescala.com\/es\/wp-json\/wp\/v2\/media\/72096"}],"wp:attachment":[{"href":"https:\/\/nauticescala.com\/es\/wp-json\/wp\/v2\/media?parent=23700"}],"wp:term":[{"taxonomy":"product_brand","embeddable":true,"href":"https:\/\/nauticescala.com\/es\/wp-json\/wp\/v2\/product_brand?post=23700"},{"taxonomy":"product_cat","embeddable":true,"href":"https:\/\/nauticescala.com\/es\/wp-json\/wp\/v2\/product_cat?post=23700"},{"taxonomy":"product_tag","embeddable":true,"href":"https:\/\/nauticescala.com\/es\/wp-json\/wp\/v2\/product_tag?post=23700"},{"taxonomy":"activity_type","embeddable":true,"href":"https:\/\/nauticescala.com\/es\/wp-json\/wp\/v2\/activity_type?post=23700"},{"taxonomy":"level","embeddable":true,"href":"https:\/\/nauticescala.com\/es\/wp-json\/wp\/v2\/level?post=23700"},{"taxonomy":"age","embeddable":true,"href":"https:\/\/nauticescala.com\/es\/wp-json\/wp\/v2\/age?post=23700"},{"taxonomy":"modality","embeddable":true,"href":"https:\/\/nauticescala.com\/es\/wp-json\/wp\/v2\/modality?post=23700"},{"taxonomy":"payment_method","embeddable":true,"href":"https:\/\/nauticescala.com\/es\/wp-json\/wp\/v2\/payment_method?post=23700"}],"curies":[{"name":"wp","href":"https:\/\/api.w.org\/{rel}","templated":true}]}}