 {"id":38698,"date":"2022-04-13T12:29:34","date_gmt":"2022-04-13T10:29:34","guid":{"rendered":"http:\/\/nauticescala.com\/?p=38698&#038;post_type=product&#038;preview_id=38698"},"modified":"2025-03-15T19:25:51","modified_gmt":"2025-03-15T18:25:51","slug":"escala-costal-rowing-2025","status":"publish","type":"product","link":"https:\/\/nauticescala.com\/es\/compra-actividades-costa-brava\/escala-costal-rowing-2025\/","title":{"rendered":"III L&#8217;Escala Coastal Rowing &#8211; 2025"},"content":{"rendered":"\n            \n<section class=\"article-section\"><div class=\"container\">\n\n<\/div><\/section>\n    \n        <div class=\"btn-box\">\n            <a href=\"https:\/\/www.flickr.com\/photos\/nauticescala\/albums\/72177720324436341\/\" target=\"_blank\" class=\"btn btn-primary\">FOTOGRAFIES<\/a>\n\n        \n        \n        \n            <a href=\"https:\/\/nauticescala.com\/noticies\/escala-coastal-rowing-2025\/\" target=\"_self\" class=\"btn btn-primary\">Cr\u00f2nica<\/a>\n    \n\n        \n\n<\/div><!-- end btn-box -->\n\n   \n<section class=\"article-section\"><div class=\"container\">\n\n<\/div><\/section>\n                            <div class=\"accordion-block\">\n                    <div id=\"accordion\" class=\"accordion\">\n                                                                            <div class=\"card\">\n                                <div class=\"card-header\">\n                                    <h3>\n                                        <a href=\"#\" class=\"collapsed\" data-toggle=\"collapse\" data-target=\"#collapse-01\" aria-expanded=\"true\"><i class=\"ico-opener\">&nbsp;<\/i>Taulell Oficial d&#8217;Anunci<\/a>\n                                    <\/h3>\n                                <\/div><!-- end card-header -->\n                                <div id=\"collapse-01\" class=\"collapse\">\n                                                                    <div class=\"card-body\">\n\n                                        \n                                            \n                                                \n                                                    <ul>\n<li style=\"list-style-type: none;\">\n<ul>\n<li><a href=\"https:\/\/nauticescala.com\/wp-content\/uploads\/2022\/04\/Classificacions-III-LEscala-Coastal-Rowing-2025.pdf\" target=\"_blank\" rel=\"noopener\">Classificacions<\/a><\/li>\n<li><a href=\"https:\/\/www.remcatalunya.cat\/ca\/noticies\/circular-1a-regata-beach-sprint-l-escala-15-de-marc-2025\/\" target=\"_blank\" rel=\"noopener\">Circular L&#8217;Escala Coastal Rowing<\/a><\/li>\n<li><a href=\"https:\/\/nauticescala.com\/wp-content\/uploads\/2025\/02\/INFORMACIO-ADDICIONAL-ECR2025.pdf\" target=\"_blank\" rel=\"noopener\">Informaci\u00f3 addicional<\/a><\/li>\n<\/ul>\n<\/li>\n<\/ul>\n<p>&nbsp;<\/p>\n\n                                                \n                                            \n                                        \n                                    <\/div><!-- end card-body -->\n                                <\/div><!-- end collapse -->\n                            <\/div><!-- end card -->\n                                                                                <div class=\"card\">\n                                <div class=\"card-header\">\n                                    <h3>\n                                        <a href=\"#\" class=\"collapsed\" data-toggle=\"collapse\" data-target=\"#collapse-02\" aria-expanded=\"true\"><i class=\"ico-opener\">&nbsp;<\/i>Drets d&#8217;inscripci\u00f3<\/a>\n                                    <\/h3>\n                                <\/div><!-- end card-header -->\n                                <div id=\"collapse-02\" class=\"collapse\">\n                                                                    <div class=\"card-body\">\n\n                                        \n                                            \n                                                \n                                                    <ul>\n<li style=\"list-style-type: none;\">\n<ul>\n<li>Les inscripcions caldr\u00e0 fer-les a trav\u00e9s de la web de la Federaci\u00f3 Catalana de Rem.<\/li>\n<li>Cal emplenar la inscripci\u00f3 completa de les embarcacions i alineacions abans de les<br \/>\n20:00 del diumenge 9 de mar\u00e7 a l\u2019aplicaci\u00f3 de llic\u00e8ncies de la federaci\u00f3.<\/li>\n<\/ul>\n<\/li>\n<\/ul>\n\n                                                \n                                            \n                                        \n                                    <\/div><!-- end card-body -->\n                                <\/div><!-- end collapse -->\n                            <\/div><!-- end card -->\n                                                                        <\/div><!-- end accordion -->\n                <\/div><!-- end accordion-block -->\n            \n<section class=\"article-section\"><div class=\"container\">\n\n<\/div><\/section>\t<div class=\"container\">\n\n<div class=\"content-block\">\n \t \t\n \t \t   \n \t\t    <div class=\"partners-block\">\t    \t\n\t    \t\t    \t\t<h3>Col\u00b7labora:<\/h3>\n\t    \t  \n\t    \t   \n\t    \t\t\t        <ul class=\"partners-list\">\n\t\t        \t\t\t        \t\t\t\t\t            <li>\n\t\t\t                <a target=\"_blank\" href=\"#\">\n\t\t\t                \t\t\t\t                \t\t<img decoding=\"async\" src=\"https:\/\/nauticescala.com\/wp-content\/uploads\/2022\/04\/logo-federacio-catalana-de-rem.jpg\" alt=\"\">\n\t\t\t                \t\t\t\t                <\/a>\n\t\t\t            <\/li>\t\t        \t\t\n\t\t        \t\t\t        \t\t\t\t\t            <li>\n\t\t\t                <a target=\"_blank\" href=\"#no-follow\">\n\t\t\t                \t\t\t\t                \t\t<img decoding=\"async\" src=\"https:\/\/nauticescala.com\/wp-content\/uploads\/2020\/01\/ajuntament-escala.jpg\" alt=\"\">\n\t\t\t                \t\t\t\t                <\/a>\n\t\t\t            <\/li>\t\t        \t\t\n\t\t        \t\t\t            \n\t\t        <\/ul><!-- end partners-list -->\t    \t\t\n\t    \t\t    <\/div><!-- end partners-block --> \t   \t\n \t   \n<\/div><!-- end content-block -->\n\n\t<\/div>\n\n<section class=\"article-section\"><div class=\"container\">\n\n<\/div><\/section>\t<div class=\"slideshow-item\">\n\t    <div class=\"slideshow-offset\">\n\t        <div class=\"slides\">\n\t        \t\t\t            <div class=\"slide\">\n\t\t                <figure class=\"image\">\n\t\t                    <img decoding=\"async\" src=\"https:\/\/nauticescala.com\/wp-content\/uploads\/2020\/10\/2020-club-nautic-lescala-2.jpg\" alt=\"\">\n\t\t                <\/figure><!-- end image -->\n\t\t            <\/div><!-- end slide -->\t        \t\t\n\t        \t\t\t            <div class=\"slide\">\n\t\t                <figure class=\"image\">\n\t\t                    <img decoding=\"async\" src=\"https:\/\/nauticescala.com\/wp-content\/uploads\/2021\/04\/2020-club-nautic-lescala-9-edited.jpg\" alt=\"\">\n\t\t                <\/figure><!-- end image -->\n\t\t            <\/div><!-- end slide -->\t        \t\t\n\t        \t\t\t            <div class=\"slide\">\n\t\t                <figure class=\"image\">\n\t\t                    <img decoding=\"async\" src=\"https:\/\/nauticescala.com\/wp-content\/uploads\/2021\/05\/2020-club-nautic-escala-rem-de-mar-4.jpg\" alt=\"\">\n\t\t                <\/figure><!-- end image -->\n\t\t            <\/div><!-- end slide -->\t        \t\t\n\t        \t\t\t            <div class=\"slide\">\n\t\t                <figure class=\"image\">\n\t\t                    <img decoding=\"async\" src=\"https:\/\/nauticescala.com\/wp-content\/uploads\/2021\/06\/2021-club-nautic-lescala-rem-de-mar-4.jpg\" alt=\"Club N\u00e0utic l'Escala-Cursos de rem de mar\">\n\t\t                <\/figure><!-- end image -->\n\t\t            <\/div><!-- end slide -->\t        \t\t\n\t        \t\t\t            <div class=\"slide\">\n\t\t                <figure class=\"image\">\n\t\t                    <img decoding=\"async\" src=\"https:\/\/nauticescala.com\/wp-content\/uploads\/2022\/04\/2022-club-nautic-lescala-rem-10.jpg\" alt=\"\">\n\t\t                <\/figure><!-- end image -->\n\t\t            <\/div><!-- end slide -->\t        \t\t\n\t        \t\t\t            <div class=\"slide\">\n\t\t                <figure class=\"image\">\n\t\t                    <img decoding=\"async\" src=\"https:\/\/nauticescala.com\/wp-content\/uploads\/2022\/04\/2022-club-nautic-lescala-rem-rem-de-mar-6.jpg\" alt=\"\">\n\t\t                <\/figure><!-- end image -->\n\t\t            <\/div><!-- end slide -->\t        \t\t\n\t        \t\t\t            <div class=\"slide\">\n\t\t                <figure class=\"image\">\n\t\t                    <img decoding=\"async\" src=\"https:\/\/nauticescala.com\/wp-content\/uploads\/2022\/04\/2021-club-nautic-lescala-7.jpg\" alt=\"\">\n\t\t                <\/figure><!-- end image -->\n\t\t            <\/div><!-- end slide -->\t        \t\t\n\t        \t\t           \n\t        <\/div><!-- end slides -->\n\t    <\/div><!-- end slideshow-offset -->\n\t<\/div><!-- end slideshow-item -->\n","protected":false},"excerpt":{"rendered":"<p>Rem de Mar<br \/>Inscripcions: fins 8 de mar\u00e7 de 2025<\/p>\n","protected":false},"featured_media":67604,"template":"","meta":{"_acf_changed":false,"_monsterinsights_skip_tracking":false,"_monsterinsights_sitenote_active":false,"_monsterinsights_sitenote_note":"","_monsterinsights_sitenote_category":0},"product_brand":[],"product_cat":[99],"product_tag":[],"activity_type":[],"level":[],"age":[],"modality":[],"payment_method":[],"class_list":{"0":"post-38698","1":"product","2":"type-product","3":"status-publish","4":"has-post-thumbnail","6":"product_cat-sense-categoria","8":"first","9":"instock","10":"shipping-taxable","11":"product-type-simple"},"acf":[],"yoast_head":"<!-- This site is optimized with the Yoast SEO Premium plugin v20.7 (Yoast SEO v27.4) - https:\/\/yoast.com\/product\/yoast-seo-premium-wordpress\/ -->\n<title>III L&#039;Escala Coastal Rowing - 2025 &#8211; Club N\u00e0utic L\u2019Escala<\/title>\n<meta name=\"description\" content=\"L&#039;Escala Coastal Rowing: Regata de Rem de Mar a l&#039;Escala, Costa Brava Girona\" \/>\n<meta name=\"robots\" content=\"index, follow, max-snippet:-1, max-image-preview:large, max-video-preview:-1\" \/>\n<link rel=\"canonical\" href=\"https:\/\/nauticescala.com\/activitats-costa-brava\/escala-costal-rowing-2025\/\" \/>\n<meta property=\"og:locale\" content=\"es_ES\" \/>\n<meta property=\"og:type\" content=\"article\" \/>\n<meta property=\"og:title\" content=\"III L&#039;Escala Coastal Rowing - 2025\" \/>\n<meta property=\"og:description\" content=\"L&#039;Escala Coastal Rowing: Regata de Rem de Mar a l&#039;Escala, Costa Brava Girona\" \/>\n<meta property=\"og:url\" content=\"https:\/\/nauticescala.com\/activitats-costa-brava\/escala-costal-rowing-2025\/\" \/>\n<meta property=\"og:site_name\" content=\"Club N\u00e0utic L\u2019Escala\" \/>\n<meta property=\"article:modified_time\" content=\"2025-03-15T18:25:51+00:00\" \/>\n<meta property=\"og:image\" content=\"https:\/\/nauticescala.com\/wp-content\/uploads\/2024\/01\/2024-nauticescala-escala-coastal-rowing-43.jpg\" \/>\n\t<meta property=\"og:image:width\" content=\"1800\" \/>\n\t<meta property=\"og:image:height\" content=\"907\" \/>\n\t<meta property=\"og:image:type\" content=\"image\/jpeg\" \/>\n<meta name=\"twitter:card\" content=\"summary_large_image\" \/>\n<meta name=\"twitter:label1\" content=\"Tiempo de lectura\" \/>\n\t<meta name=\"twitter:data1\" content=\"4 minutos\" \/>\n<script type=\"application\/ld+json\" class=\"yoast-schema-graph\">{\"@context\":\"https:\\\/\\\/schema.org\",\"@graph\":[{\"@type\":\"WebPage\",\"@id\":\"https:\\\/\\\/nauticescala.com\\\/activitats-costa-brava\\\/escala-costal-rowing-2025\\\/\",\"url\":\"https:\\\/\\\/nauticescala.com\\\/activitats-costa-brava\\\/escala-costal-rowing-2025\\\/\",\"name\":\"III L'Escala Coastal Rowing - 2025 &#8211; Club N\u00e0utic L\u2019Escala\",\"isPartOf\":{\"@id\":\"https:\\\/\\\/nauticescala.com\\\/#website\"},\"primaryImageOfPage\":{\"@id\":\"https:\\\/\\\/nauticescala.com\\\/activitats-costa-brava\\\/escala-costal-rowing-2025\\\/#primaryimage\"},\"image\":{\"@id\":\"https:\\\/\\\/nauticescala.com\\\/activitats-costa-brava\\\/escala-costal-rowing-2025\\\/#primaryimage\"},\"thumbnailUrl\":\"https:\\\/\\\/nauticescala.com\\\/wp-content\\\/uploads\\\/2024\\\/01\\\/2024-nauticescala-escala-coastal-rowing-43.jpg\",\"datePublished\":\"2022-04-13T10:29:34+00:00\",\"dateModified\":\"2025-03-15T18:25:51+00:00\",\"description\":\"L'Escala Coastal Rowing: Regata de Rem de Mar a l'Escala, Costa Brava Girona\",\"breadcrumb\":{\"@id\":\"https:\\\/\\\/nauticescala.com\\\/activitats-costa-brava\\\/escala-costal-rowing-2025\\\/#breadcrumb\"},\"inLanguage\":\"es\",\"potentialAction\":[{\"@type\":\"ReadAction\",\"target\":[\"https:\\\/\\\/nauticescala.com\\\/activitats-costa-brava\\\/escala-costal-rowing-2025\\\/\"]}]},{\"@type\":\"ImageObject\",\"inLanguage\":\"es\",\"@id\":\"https:\\\/\\\/nauticescala.com\\\/activitats-costa-brava\\\/escala-costal-rowing-2025\\\/#primaryimage\",\"url\":\"https:\\\/\\\/nauticescala.com\\\/wp-content\\\/uploads\\\/2024\\\/01\\\/2024-nauticescala-escala-coastal-rowing-43.jpg\",\"contentUrl\":\"https:\\\/\\\/nauticescala.com\\\/wp-content\\\/uploads\\\/2024\\\/01\\\/2024-nauticescala-escala-coastal-rowing-43.jpg\",\"width\":1800,\"height\":907},{\"@type\":\"BreadcrumbList\",\"@id\":\"https:\\\/\\\/nauticescala.com\\\/activitats-costa-brava\\\/escala-costal-rowing-2025\\\/#breadcrumb\",\"itemListElement\":[{\"@type\":\"ListItem\",\"position\":1,\"name\":\"Home\",\"item\":\"https:\\\/\\\/nauticescala.com\\\/es\\\/\"},{\"@type\":\"ListItem\",\"position\":2,\"name\":\"Compra actividades en la Costa Brava\",\"item\":\"https:\\\/\\\/nauticescala.com\\\/es\\\/compra-actividades-en-la-costa-brava\\\/\"},{\"@type\":\"ListItem\",\"position\":3,\"name\":\"III L&#8217;Escala Coastal Rowing &#8211; 2025\"}]},{\"@type\":\"WebSite\",\"@id\":\"https:\\\/\\\/nauticescala.com\\\/#website\",\"url\":\"https:\\\/\\\/nauticescala.com\\\/\",\"name\":\"Club N\u00e0utic L\u2019Escala\",\"description\":\"Port esportiu a la Costa Brava\",\"potentialAction\":[{\"@type\":\"SearchAction\",\"target\":{\"@type\":\"EntryPoint\",\"urlTemplate\":\"https:\\\/\\\/nauticescala.com\\\/?s={search_term_string}\"},\"query-input\":{\"@type\":\"PropertyValueSpecification\",\"valueRequired\":true,\"valueName\":\"search_term_string\"}}],\"inLanguage\":\"es\"}]}<\/script>\n<!-- \/ Yoast SEO Premium plugin. -->","yoast_head_json":{"title":"III L'Escala Coastal Rowing - 2025 &#8211; Club N\u00e0utic L\u2019Escala","description":"L'Escala Coastal Rowing: Regata de Rem de Mar a l'Escala, Costa Brava Girona","robots":{"index":"index","follow":"follow","max-snippet":"max-snippet:-1","max-image-preview":"max-image-preview:large","max-video-preview":"max-video-preview:-1"},"canonical":"https:\/\/nauticescala.com\/activitats-costa-brava\/escala-costal-rowing-2025\/","og_locale":"es_ES","og_type":"article","og_title":"III L'Escala Coastal Rowing - 2025","og_description":"L'Escala Coastal Rowing: Regata de Rem de Mar a l'Escala, Costa Brava Girona","og_url":"https:\/\/nauticescala.com\/activitats-costa-brava\/escala-costal-rowing-2025\/","og_site_name":"Club N\u00e0utic L\u2019Escala","article_modified_time":"2025-03-15T18:25:51+00:00","og_image":[{"width":1800,"height":907,"url":"https:\/\/nauticescala.com\/wp-content\/uploads\/2024\/01\/2024-nauticescala-escala-coastal-rowing-43.jpg","type":"image\/jpeg"}],"twitter_card":"summary_large_image","twitter_misc":{"Tiempo de lectura":"4 minutos"},"schema":{"@context":"https:\/\/schema.org","@graph":[{"@type":"WebPage","@id":"https:\/\/nauticescala.com\/activitats-costa-brava\/escala-costal-rowing-2025\/","url":"https:\/\/nauticescala.com\/activitats-costa-brava\/escala-costal-rowing-2025\/","name":"III L'Escala Coastal Rowing - 2025 &#8211; Club N\u00e0utic L\u2019Escala","isPartOf":{"@id":"https:\/\/nauticescala.com\/#website"},"primaryImageOfPage":{"@id":"https:\/\/nauticescala.com\/activitats-costa-brava\/escala-costal-rowing-2025\/#primaryimage"},"image":{"@id":"https:\/\/nauticescala.com\/activitats-costa-brava\/escala-costal-rowing-2025\/#primaryimage"},"thumbnailUrl":"https:\/\/nauticescala.com\/wp-content\/uploads\/2024\/01\/2024-nauticescala-escala-coastal-rowing-43.jpg","datePublished":"2022-04-13T10:29:34+00:00","dateModified":"2025-03-15T18:25:51+00:00","description":"L'Escala Coastal Rowing: Regata de Rem de Mar a l'Escala, Costa Brava Girona","breadcrumb":{"@id":"https:\/\/nauticescala.com\/activitats-costa-brava\/escala-costal-rowing-2025\/#breadcrumb"},"inLanguage":"es","potentialAction":[{"@type":"ReadAction","target":["https:\/\/nauticescala.com\/activitats-costa-brava\/escala-costal-rowing-2025\/"]}]},{"@type":"ImageObject","inLanguage":"es","@id":"https:\/\/nauticescala.com\/activitats-costa-brava\/escala-costal-rowing-2025\/#primaryimage","url":"https:\/\/nauticescala.com\/wp-content\/uploads\/2024\/01\/2024-nauticescala-escala-coastal-rowing-43.jpg","contentUrl":"https:\/\/nauticescala.com\/wp-content\/uploads\/2024\/01\/2024-nauticescala-escala-coastal-rowing-43.jpg","width":1800,"height":907},{"@type":"BreadcrumbList","@id":"https:\/\/nauticescala.com\/activitats-costa-brava\/escala-costal-rowing-2025\/#breadcrumb","itemListElement":[{"@type":"ListItem","position":1,"name":"Home","item":"https:\/\/nauticescala.com\/es\/"},{"@type":"ListItem","position":2,"name":"Compra actividades en la Costa Brava","item":"https:\/\/nauticescala.com\/es\/compra-actividades-en-la-costa-brava\/"},{"@type":"ListItem","position":3,"name":"III L&#8217;Escala Coastal Rowing &#8211; 2025"}]},{"@type":"WebSite","@id":"https:\/\/nauticescala.com\/#website","url":"https:\/\/nauticescala.com\/","name":"Club N\u00e0utic L\u2019Escala","description":"Port esportiu a la Costa Brava","potentialAction":[{"@type":"SearchAction","target":{"@type":"EntryPoint","urlTemplate":"https:\/\/nauticescala.com\/?s={search_term_string}"},"query-input":{"@type":"PropertyValueSpecification","valueRequired":true,"valueName":"search_term_string"}}],"inLanguage":"es"}]}},"_links":{"self":[{"href":"https:\/\/nauticescala.com\/es\/wp-json\/wp\/v2\/product\/38698","targetHints":{"allow":["GET"]}}],"collection":[{"href":"https:\/\/nauticescala.com\/es\/wp-json\/wp\/v2\/product"}],"about":[{"href":"https:\/\/nauticescala.com\/es\/wp-json\/wp\/v2\/types\/product"}],"wp:featuredmedia":[{"embeddable":true,"href":"https:\/\/nauticescala.com\/es\/wp-json\/wp\/v2\/media\/67604"}],"wp:attachment":[{"href":"https:\/\/nauticescala.com\/es\/wp-json\/wp\/v2\/media?parent=38698"}],"wp:term":[{"taxonomy":"product_brand","embeddable":true,"href":"https:\/\/nauticescala.com\/es\/wp-json\/wp\/v2\/product_brand?post=38698"},{"taxonomy":"product_cat","embeddable":true,"href":"https:\/\/nauticescala.com\/es\/wp-json\/wp\/v2\/product_cat?post=38698"},{"taxonomy":"product_tag","embeddable":true,"href":"https:\/\/nauticescala.com\/es\/wp-json\/wp\/v2\/product_tag?post=38698"},{"taxonomy":"activity_type","embeddable":true,"href":"https:\/\/nauticescala.com\/es\/wp-json\/wp\/v2\/activity_type?post=38698"},{"taxonomy":"level","embeddable":true,"href":"https:\/\/nauticescala.com\/es\/wp-json\/wp\/v2\/level?post=38698"},{"taxonomy":"age","embeddable":true,"href":"https:\/\/nauticescala.com\/es\/wp-json\/wp\/v2\/age?post=38698"},{"taxonomy":"modality","embeddable":true,"href":"https:\/\/nauticescala.com\/es\/wp-json\/wp\/v2\/modality?post=38698"},{"taxonomy":"payment_method","embeddable":true,"href":"https:\/\/nauticescala.com\/es\/wp-json\/wp\/v2\/payment_method?post=38698"}],"curies":[{"name":"wp","href":"https:\/\/api.w.org\/{rel}","templated":true}]}}