 {"id":68558,"date":"2024-04-26T13:16:14","date_gmt":"2024-04-26T11:16:14","guid":{"rendered":"https:\/\/nauticescala.com\/activitats-costa-brava\/sortida-de-naturalesa-avistament-docells\/"},"modified":"2024-06-05T12:19:02","modified_gmt":"2024-06-05T10:19:02","slug":"salida-de-naturaleza-avistamiento-de-pajaros","status":"publish","type":"product","link":"https:\/\/nauticescala.com\/es\/compra-actividades-costa-brava\/salida-de-naturaleza-avistamiento-de-pajaros\/","title":{"rendered":"Salida de naturaleza &#8211; Avistamiento de p\u00e1jaros"},"content":{"rendered":"\n                            <div class=\"accordion-block\">\n                    <div id=\"accordion\" class=\"accordion\">\n                                                                            <div class=\"card\">\n                                <div class=\"card-header\">\n                                    <h3>\n                                        <a href=\"#\" class=\"collapsed\" data-toggle=\"collapse\" data-target=\"#collapse-01\" aria-expanded=\"true\"><i class=\"ico-opener\">&nbsp;<\/i>Programa<\/a>\n                                    <\/h3>\n                                <\/div><!-- end card-header -->\n                                <div id=\"collapse-01\" class=\"collapse\">\n                                                                    <div class=\"card-body\">\n\n                                        \n                                            \n                                                \n                                                    <ul>\n<li style=\"list-style-type: none;\">\n<ul>\n<li>8:00 h: Encuentro, inscripciones y briefing de la jornada.<\/li>\n<li>8:15 h: embarque.<\/li>\n<li>11:00 h: llegada al puerto y desayuno<\/li>\n<\/ul>\n<\/li>\n<\/ul>\n\n                                                \n                                            \n                                        \n                                    <\/div><!-- end card-body -->\n                                <\/div><!-- end collapse -->\n                            <\/div><!-- end card -->\n                                                                                <div class=\"card\">\n                                <div class=\"card-header\">\n                                    <h3>\n                                        <a href=\"#\" class=\"collapsed\" data-toggle=\"collapse\" data-target=\"#collapse-02\" aria-expanded=\"true\"><i class=\"ico-opener\">&nbsp;<\/i>Recomendaciones<\/a>\n                                    <\/h3>\n                                <\/div><!-- end card-header -->\n                                <div id=\"collapse-02\" class=\"collapse\">\n                                                                    <div class=\"card-body\">\n\n                                        \n                                            \n                                                \n                                                    <p><strong>Equipo fotogr\u00e1fico<\/strong><br \/>\nPara fotografiar aves marinas desde una embarcaci\u00f3n, la ideal es una c\u00e1mara reflejo o mirrorless con un teleobjetivo del tipo 100-400 mm, 150-600 o similares, ya que no son demasiado grandes y son manejables a mano alzada. Los voluminosos y pesados teleobjetivos de 500 o 600 mm f:4 son dif\u00edciles de utilizar en una embarcaci\u00f3n en movimiento. No traigas tr\u00edpode, tanto por el espacio disponible que tendr\u00e1s que compartir con otras personas, como porque la barca no para quieta. Mejor disparar a mano alzada a elevadas velocidades de obturaci\u00f3n o, a lo sumo, con un monopi\u00e9 para apoyar el peso.<\/p>\n<p>Piensa en cargar la bater\u00eda de la c\u00e1mara la noche anterior, y traen otra de repuesto, as\u00ed como tarjetas de memoria, ya que con p\u00e1jaros en vuelo es f\u00e1cil tomar muchas fotograf\u00edas.<\/p>\n<p><strong>El tiempo<\/strong><br \/>\nLas salidas a mar abierto dependen mucho de la meteorolog\u00eda, por lo que deberemos estar atentos al estado del mar. Desde el club n\u00e1utico le comunicar\u00e1n la decisi\u00f3n definitiva el mi\u00e9rcoles o el jueves, seg\u00fan sea la previsi\u00f3n.<\/p>\n<p><strong>Vestimenta<\/strong><br \/>\nEs importante no usar botas, ya que pueden da\u00f1ar la cubierta de la embarcaci\u00f3n. Mejor unas zapatillas deportivas. Lleva gorro por el sol y crema protectora solar. Tambi\u00e9n alguna chaqueta por si hace fresco por la ma\u00f1ana o viento. Si la previsi\u00f3n fuera nube o llovizna, lleva un impermeable.<\/p>\n<p><strong>Mareo<\/strong><br \/>\nFotografiar desde una embarcaci\u00f3n en movimiento puede producir mareo, sobre todo si eres propenso. Aunque habitualmente no te marees, es f\u00e1cil que s\u00ed te pase mirando por el visor de una c\u00e1mara. Te recomendamos haber comido algo s\u00f3lido antes de embarcar (leche mejor que no) y tomar alg\u00fan medicamento preventivo con suficiente tiempo de antelaci\u00f3n (al menos media hora).<\/p>\n\n                                                \n                                            \n                                        \n                                    <\/div><!-- end card-body -->\n                                <\/div><!-- end collapse -->\n                            <\/div><!-- end card -->\n                                                                        <\/div><!-- end accordion -->\n                <\/div><!-- end accordion-block -->\n            \n<section class=\"article-section\"><div class=\"container\">\n\n<\/div><\/section>\n            \n<section class=\"article-section\"><div class=\"container\">\n\n<\/div><\/section>\t<div class=\"container\">\n\n<div class=\"content-block\">\n \t \t\n \t \t   \n \t\t    <div class=\"partners-block\">\t    \t\n\t    \t\t    \t\t<h3>Colaboradores:<\/h3>\n\t    \t  \n\t    \t   \n\t    \t\t\t        <ul class=\"partners-list\">\n\t\t        \t\t\t        \t\t\t\t\t            <li>\n\t\t\t                <a target=\"_blank\" href=\"#no-follow\">\n\t\t\t                \t\t\t\t                \t\t<img decoding=\"async\" src=\"https:\/\/nauticescala.com\/wp-content\/uploads\/2023\/04\/logo-medfoto-350x163.png\" alt=\"\">\n\t\t\t                \t\t\t\t                <\/a>\n\t\t\t            <\/li>\t\t        \t\t\n\t\t        \t\t\t        \t\t\t\t\t            <li>\n\t\t\t                <a target=\"_blank\" href=\"#no-follow\">\n\t\t\t                \t\t\t\t                \t\t<img decoding=\"async\" src=\"https:\/\/nauticescala.com\/wp-content\/uploads\/2021\/05\/logo-fundacio-alive-1.jpg\" alt=\"\">\n\t\t\t                \t\t\t\t                <\/a>\n\t\t\t            <\/li>\t\t        \t\t\n\t\t        \t\t\t        \t\t\t\t\t            <li>\n\t\t\t                <a target=\"_blank\" href=\"#no-follow\">\n\t\t\t                \t\t\t\t                \t\t<img decoding=\"async\" src=\"https:\/\/nauticescala.com\/wp-content\/uploads\/2024\/04\/logo-apnae.jpg\" alt=\"\">\n\t\t\t                \t\t\t\t                <\/a>\n\t\t\t            <\/li>\t\t        \t\t\n\t\t        \t\t\t            \n\t\t        <\/ul><!-- end partners-list -->\t    \t\t\n\t    \t\t    <\/div><!-- end partners-block --> \t   \t\n \t   \n<\/div><!-- end content-block -->\n\n\t<\/div>\n\n<section class=\"article-section\"><div class=\"container\">\n\n<\/div><\/section>\t<div class=\"container\">\n\n<div class=\"content-block\">\n \t \t\n \t \t   \n \t\t    <div class=\"partners-block\">\t    \t\n\t    \t\t    \t\t<h3>Finanzado por:<\/h3>\n\t    \t  \n\t    \t   \n\t    \t\t\t        <ul class=\"partners-list\">\n\t\t        \t\t\t        \t\t\t\t\t            <li>\n\t\t\t                <a target=\"_blank\" href=\"#no-follow\">\n\t\t\t                \t\t\t\t                \t\t<img decoding=\"async\" src=\"https:\/\/nauticescala.com\/wp-content\/uploads\/2024\/04\/unio-europea-fons-europeu-next-generation-1-350x74.png\" alt=\"\">\n\t\t\t                \t\t\t\t                <\/a>\n\t\t\t            <\/li>\t\t        \t\t\n\t\t        \t\t\t        \t\t\t\t\t            <li>\n\t\t\t                <a target=\"_blank\" href=\"#no-follow\">\n\t\t\t                \t\t\t\t                \t\t<img decoding=\"async\" src=\"https:\/\/nauticescala.com\/wp-content\/uploads\/2024\/05\/mitgobweb-350x101.png\" alt=\"\">\n\t\t\t                \t\t\t\t                <\/a>\n\t\t\t            <\/li>\t\t        \t\t\n\t\t        \t\t\t        \t\t\t\t\t            <li>\n\t\t\t                <a target=\"_blank\" href=\"#no-follow\">\n\t\t\t                \t\t\t\t                \t\t<img decoding=\"async\" src=\"https:\/\/nauticescala.com\/wp-content\/uploads\/2024\/04\/plan-de-recuperacion-transformacion-y-resiliencia-1-350x197.jpg\" alt=\"\">\n\t\t\t                \t\t\t\t                <\/a>\n\t\t\t            <\/li>\t\t        \t\t\n\t\t        \t\t\t        \t\t\t\t\t            <li>\n\t\t\t                <a target=\"_blank\" href=\"#no-follow\">\n\t\t\t                \t\t\t\t                \t\t<img decoding=\"async\" src=\"https:\/\/nauticescala.com\/wp-content\/uploads\/2024\/04\/next-generation-catalunya-1-350x210.jpg\" alt=\"\">\n\t\t\t                \t\t\t\t                <\/a>\n\t\t\t            <\/li>\t\t        \t\t\n\t\t        \t\t\t        \t\t\t\t\t            <li>\n\t\t\t                <a target=\"_blank\" href=\"#no-follow\">\n\t\t\t                \t\t\t\t                \t\t<img decoding=\"async\" src=\"https:\/\/nauticescala.com\/wp-content\/uploads\/2024\/04\/generalitat-de-catalunya-350x102.png\" alt=\"\">\n\t\t\t                \t\t\t\t                <\/a>\n\t\t\t            <\/li>\t\t        \t\t\n\t\t        \t\t\t        \t\t\t\t\t            <li>\n\t\t\t                <a target=\"_blank\" href=\"#no-follow\">\n\t\t\t                \t\t\t\t                \t\t<img decoding=\"async\" src=\"https:\/\/nauticescala.com\/wp-content\/uploads\/2024\/04\/turisme-escala.jpg\" alt=\"\">\n\t\t\t                \t\t\t\t                <\/a>\n\t\t\t            <\/li>\t\t        \t\t\n\t\t        \t\t\t            \n\t\t        <\/ul><!-- end partners-list -->\t    \t\t\n\t    \t\t    <\/div><!-- end partners-block --> \t   \t\n \t   \n<\/div><!-- end content-block -->\n\n\t<\/div>\n\n<section class=\"article-section\"><div class=\"container\">\n\n<\/div><\/section>\t<div class=\"slideshow-item\">\n\t    <div class=\"slideshow-offset\">\n\t        <div class=\"slides\">\n\t        \t\t\t            <div class=\"slide\">\n\t\t                <figure class=\"image\">\n\t\t                    <img decoding=\"async\" src=\"https:\/\/nauticescala.com\/wp-content\/uploads\/2024\/04\/2023-nauticescala-costa-brava-57.jpg\" alt=\"\">\n\t\t                <\/figure><!-- end image -->\n\t\t            <\/div><!-- end slide -->\t        \t\t\n\t        \t\t\t            <div class=\"slide\">\n\t\t                <figure class=\"image\">\n\t\t                    <img decoding=\"async\" src=\"https:\/\/nauticescala.com\/wp-content\/uploads\/2024\/04\/2023-nauticescala-costa-brava-56.jpg\" alt=\"\">\n\t\t                <\/figure><!-- end image -->\n\t\t            <\/div><!-- end slide -->\t        \t\t\n\t        \t\t\t            <div class=\"slide\">\n\t\t                <figure class=\"image\">\n\t\t                    <img decoding=\"async\" src=\"https:\/\/nauticescala.com\/wp-content\/uploads\/2024\/04\/2023-nauticescala-costa-brava-50.jpg\" alt=\"\">\n\t\t                <\/figure><!-- end image -->\n\t\t            <\/div><!-- end slide -->\t        \t\t\n\t        \t\t\t            <div class=\"slide\">\n\t\t                <figure class=\"image\">\n\t\t                    <img decoding=\"async\" src=\"https:\/\/nauticescala.com\/wp-content\/uploads\/2024\/04\/2023-nauticescala-costa-brava-47.jpg\" alt=\"\">\n\t\t                <\/figure><!-- end image -->\n\t\t            <\/div><!-- end slide -->\t        \t\t\n\t        \t\t\t            <div class=\"slide\">\n\t\t                <figure class=\"image\">\n\t\t                    <img decoding=\"async\" src=\"https:\/\/nauticescala.com\/wp-content\/uploads\/2024\/04\/2023-nauticescala-costa-brava-42.jpg\" alt=\"\">\n\t\t                <\/figure><!-- end image -->\n\t\t            <\/div><!-- end slide -->\t        \t\t\n\t        \t\t\t            <div class=\"slide\">\n\t\t                <figure class=\"image\">\n\t\t                    <img decoding=\"async\" src=\"https:\/\/nauticescala.com\/wp-content\/uploads\/2024\/04\/2023-nauticescala-costa-brava-33.jpg\" alt=\"\">\n\t\t                <\/figure><!-- end image -->\n\t\t            <\/div><!-- end slide -->\t        \t\t\n\t        \t\t\t            <div class=\"slide\">\n\t\t                <figure class=\"image\">\n\t\t                    <img decoding=\"async\" src=\"https:\/\/nauticescala.com\/wp-content\/uploads\/2024\/04\/2023-nauticescala-costa-brava-26.jpg\" alt=\"\">\n\t\t                <\/figure><!-- end image -->\n\t\t            <\/div><!-- end slide -->\t        \t\t\n\t        \t\t\t            <div class=\"slide\">\n\t\t                <figure class=\"image\">\n\t\t                    <img decoding=\"async\" src=\"https:\/\/nauticescala.com\/wp-content\/uploads\/2024\/04\/2023-nauticescala-sortides-naturalesa-7.jpg\" alt=\"\">\n\t\t                <\/figure><!-- end image -->\n\t\t            <\/div><!-- end slide -->\t        \t\t\n\t        \t\t           \n\t        <\/div><!-- end slides -->\n\t    <\/div><!-- end slideshow-offset -->\n\t<\/div><!-- end slideshow-item -->\n","protected":false},"excerpt":{"rendered":"<p>Tipus: medi ambient<br \/>Inscripcions fins el 16 de setembre<\/p>\n","protected":false},"featured_media":68557,"template":"","meta":{"_acf_changed":true,"_monsterinsights_skip_tracking":false,"_monsterinsights_sitenote_active":false,"_monsterinsights_sitenote_note":"","_monsterinsights_sitenote_category":0},"product_brand":[],"product_cat":[793],"product_tag":[],"activity_type":[],"level":[],"age":[],"modality":[],"payment_method":[],"class_list":{"0":"post-68558","1":"product","2":"type-product","3":"status-publish","4":"has-post-thumbnail","6":"product_cat-sin-categorizar","8":"first","9":"instock","10":"shipping-taxable","11":"product-type-simple"},"acf":[],"yoast_head":"<!-- This site is optimized with the Yoast SEO Premium plugin v20.7 (Yoast SEO v27.3) - https:\/\/yoast.com\/product\/yoast-seo-premium-wordpress\/ -->\n<title>Salida de naturaleza - Avistamiento de p\u00e1jaros &#8211; Club N\u00e0utic L\u2019Escala<\/title>\n<meta name=\"description\" content=\"Participa en el taller de fotograf\u00eda del d\u00eda 24 de agosto dedicado al avistamiento de p\u00e1jaros marinos guiado por el bi\u00f3logo Albert Cama y el fot\u00f3grafo Oriol Alamany.\" \/>\n<meta name=\"robots\" content=\"index, follow, max-snippet:-1, max-image-preview:large, max-video-preview:-1\" \/>\n<link rel=\"canonical\" href=\"https:\/\/nauticescala.com\/es\/compra-actividades-costa-brava\/salida-de-naturaleza-avistamiento-de-pajaros\/\" \/>\n<meta property=\"og:locale\" content=\"es_ES\" \/>\n<meta property=\"og:type\" content=\"article\" \/>\n<meta property=\"og:title\" content=\"Salida de naturaleza - Avistamiento de p\u00e1jaros\" \/>\n<meta property=\"og:description\" content=\"Participa en el taller de fotograf\u00eda del d\u00eda 24 de agosto dedicado al avistamiento de p\u00e1jaros marinos guiado por el bi\u00f3logo Albert Cama y el fot\u00f3grafo Oriol Alamany.\" \/>\n<meta property=\"og:url\" content=\"https:\/\/nauticescala.com\/es\/compra-actividades-costa-brava\/salida-de-naturaleza-avistamiento-de-pajaros\/\" \/>\n<meta property=\"og:site_name\" content=\"Club N\u00e0utic L\u2019Escala\" \/>\n<meta property=\"article:modified_time\" content=\"2024-06-05T10:19:02+00:00\" \/>\n<meta property=\"og:image\" content=\"https:\/\/nauticescala.com\/wp-content\/uploads\/2024\/04\/2023-nauticescala-costa-brava-39.jpg\" \/>\n\t<meta property=\"og:image:width\" content=\"1800\" \/>\n\t<meta property=\"og:image:height\" content=\"907\" \/>\n\t<meta property=\"og:image:type\" content=\"image\/jpeg\" \/>\n<meta name=\"twitter:card\" content=\"summary_large_image\" \/>\n<meta name=\"twitter:label1\" content=\"Tiempo de lectura\" \/>\n\t<meta name=\"twitter:data1\" content=\"5 minutos\" \/>\n<script type=\"application\/ld+json\" class=\"yoast-schema-graph\">{\"@context\":\"https:\\\/\\\/schema.org\",\"@graph\":[{\"@type\":\"WebPage\",\"@id\":\"https:\\\/\\\/nauticescala.com\\\/es\\\/compra-actividades-costa-brava\\\/salida-de-naturaleza-avistamiento-de-pajaros\\\/\",\"url\":\"https:\\\/\\\/nauticescala.com\\\/es\\\/compra-actividades-costa-brava\\\/salida-de-naturaleza-avistamiento-de-pajaros\\\/\",\"name\":\"Salida de naturaleza - Avistamiento de p\u00e1jaros &#8211; Club N\u00e0utic L\u2019Escala\",\"isPartOf\":{\"@id\":\"https:\\\/\\\/nauticescala.com\\\/#website\"},\"primaryImageOfPage\":{\"@id\":\"https:\\\/\\\/nauticescala.com\\\/es\\\/compra-actividades-costa-brava\\\/salida-de-naturaleza-avistamiento-de-pajaros\\\/#primaryimage\"},\"image\":{\"@id\":\"https:\\\/\\\/nauticescala.com\\\/es\\\/compra-actividades-costa-brava\\\/salida-de-naturaleza-avistamiento-de-pajaros\\\/#primaryimage\"},\"thumbnailUrl\":\"https:\\\/\\\/nauticescala.com\\\/wp-content\\\/uploads\\\/2024\\\/04\\\/2023-nauticescala-costa-brava-39.jpg\",\"datePublished\":\"2024-04-26T11:16:14+00:00\",\"dateModified\":\"2024-06-05T10:19:02+00:00\",\"description\":\"Participa en el taller de fotograf\u00eda del d\u00eda 24 de agosto dedicado al avistamiento de p\u00e1jaros marinos guiado por el bi\u00f3logo Albert Cama y el fot\u00f3grafo Oriol Alamany.\",\"breadcrumb\":{\"@id\":\"https:\\\/\\\/nauticescala.com\\\/es\\\/compra-actividades-costa-brava\\\/salida-de-naturaleza-avistamiento-de-pajaros\\\/#breadcrumb\"},\"inLanguage\":\"es\",\"potentialAction\":[{\"@type\":\"ReadAction\",\"target\":[\"https:\\\/\\\/nauticescala.com\\\/es\\\/compra-actividades-costa-brava\\\/salida-de-naturaleza-avistamiento-de-pajaros\\\/\"]}]},{\"@type\":\"ImageObject\",\"inLanguage\":\"es\",\"@id\":\"https:\\\/\\\/nauticescala.com\\\/es\\\/compra-actividades-costa-brava\\\/salida-de-naturaleza-avistamiento-de-pajaros\\\/#primaryimage\",\"url\":\"https:\\\/\\\/nauticescala.com\\\/wp-content\\\/uploads\\\/2024\\\/04\\\/2023-nauticescala-costa-brava-39.jpg\",\"contentUrl\":\"https:\\\/\\\/nauticescala.com\\\/wp-content\\\/uploads\\\/2024\\\/04\\\/2023-nauticescala-costa-brava-39.jpg\",\"width\":1800,\"height\":907},{\"@type\":\"BreadcrumbList\",\"@id\":\"https:\\\/\\\/nauticescala.com\\\/es\\\/compra-actividades-costa-brava\\\/salida-de-naturaleza-avistamiento-de-pajaros\\\/#breadcrumb\",\"itemListElement\":[{\"@type\":\"ListItem\",\"position\":1,\"name\":\"Home\",\"item\":\"https:\\\/\\\/nauticescala.com\\\/es\\\/\"},{\"@type\":\"ListItem\",\"position\":2,\"name\":\"Compra actividades en la Costa Brava\",\"item\":\"https:\\\/\\\/nauticescala.com\\\/es\\\/compra-actividades-en-la-costa-brava\\\/\"},{\"@type\":\"ListItem\",\"position\":3,\"name\":\"Salida de naturaleza &#8211; Avistamiento de p\u00e1jaros\"}]},{\"@type\":\"WebSite\",\"@id\":\"https:\\\/\\\/nauticescala.com\\\/#website\",\"url\":\"https:\\\/\\\/nauticescala.com\\\/\",\"name\":\"Club N\u00e0utic L\u2019Escala\",\"description\":\"Port esportiu a la Costa Brava\",\"potentialAction\":[{\"@type\":\"SearchAction\",\"target\":{\"@type\":\"EntryPoint\",\"urlTemplate\":\"https:\\\/\\\/nauticescala.com\\\/?s={search_term_string}\"},\"query-input\":{\"@type\":\"PropertyValueSpecification\",\"valueRequired\":true,\"valueName\":\"search_term_string\"}}],\"inLanguage\":\"es\"}]}<\/script>\n<!-- \/ Yoast SEO Premium plugin. -->","yoast_head_json":{"title":"Salida de naturaleza - Avistamiento de p\u00e1jaros &#8211; Club N\u00e0utic L\u2019Escala","description":"Participa en el taller de fotograf\u00eda del d\u00eda 24 de agosto dedicado al avistamiento de p\u00e1jaros marinos guiado por el bi\u00f3logo Albert Cama y el fot\u00f3grafo Oriol Alamany.","robots":{"index":"index","follow":"follow","max-snippet":"max-snippet:-1","max-image-preview":"max-image-preview:large","max-video-preview":"max-video-preview:-1"},"canonical":"https:\/\/nauticescala.com\/es\/compra-actividades-costa-brava\/salida-de-naturaleza-avistamiento-de-pajaros\/","og_locale":"es_ES","og_type":"article","og_title":"Salida de naturaleza - Avistamiento de p\u00e1jaros","og_description":"Participa en el taller de fotograf\u00eda del d\u00eda 24 de agosto dedicado al avistamiento de p\u00e1jaros marinos guiado por el bi\u00f3logo Albert Cama y el fot\u00f3grafo Oriol Alamany.","og_url":"https:\/\/nauticescala.com\/es\/compra-actividades-costa-brava\/salida-de-naturaleza-avistamiento-de-pajaros\/","og_site_name":"Club N\u00e0utic L\u2019Escala","article_modified_time":"2024-06-05T10:19:02+00:00","og_image":[{"width":1800,"height":907,"url":"https:\/\/nauticescala.com\/wp-content\/uploads\/2024\/04\/2023-nauticescala-costa-brava-39.jpg","type":"image\/jpeg"}],"twitter_card":"summary_large_image","twitter_misc":{"Tiempo de lectura":"5 minutos"},"schema":{"@context":"https:\/\/schema.org","@graph":[{"@type":"WebPage","@id":"https:\/\/nauticescala.com\/es\/compra-actividades-costa-brava\/salida-de-naturaleza-avistamiento-de-pajaros\/","url":"https:\/\/nauticescala.com\/es\/compra-actividades-costa-brava\/salida-de-naturaleza-avistamiento-de-pajaros\/","name":"Salida de naturaleza - Avistamiento de p\u00e1jaros &#8211; Club N\u00e0utic L\u2019Escala","isPartOf":{"@id":"https:\/\/nauticescala.com\/#website"},"primaryImageOfPage":{"@id":"https:\/\/nauticescala.com\/es\/compra-actividades-costa-brava\/salida-de-naturaleza-avistamiento-de-pajaros\/#primaryimage"},"image":{"@id":"https:\/\/nauticescala.com\/es\/compra-actividades-costa-brava\/salida-de-naturaleza-avistamiento-de-pajaros\/#primaryimage"},"thumbnailUrl":"https:\/\/nauticescala.com\/wp-content\/uploads\/2024\/04\/2023-nauticescala-costa-brava-39.jpg","datePublished":"2024-04-26T11:16:14+00:00","dateModified":"2024-06-05T10:19:02+00:00","description":"Participa en el taller de fotograf\u00eda del d\u00eda 24 de agosto dedicado al avistamiento de p\u00e1jaros marinos guiado por el bi\u00f3logo Albert Cama y el fot\u00f3grafo Oriol Alamany.","breadcrumb":{"@id":"https:\/\/nauticescala.com\/es\/compra-actividades-costa-brava\/salida-de-naturaleza-avistamiento-de-pajaros\/#breadcrumb"},"inLanguage":"es","potentialAction":[{"@type":"ReadAction","target":["https:\/\/nauticescala.com\/es\/compra-actividades-costa-brava\/salida-de-naturaleza-avistamiento-de-pajaros\/"]}]},{"@type":"ImageObject","inLanguage":"es","@id":"https:\/\/nauticescala.com\/es\/compra-actividades-costa-brava\/salida-de-naturaleza-avistamiento-de-pajaros\/#primaryimage","url":"https:\/\/nauticescala.com\/wp-content\/uploads\/2024\/04\/2023-nauticescala-costa-brava-39.jpg","contentUrl":"https:\/\/nauticescala.com\/wp-content\/uploads\/2024\/04\/2023-nauticescala-costa-brava-39.jpg","width":1800,"height":907},{"@type":"BreadcrumbList","@id":"https:\/\/nauticescala.com\/es\/compra-actividades-costa-brava\/salida-de-naturaleza-avistamiento-de-pajaros\/#breadcrumb","itemListElement":[{"@type":"ListItem","position":1,"name":"Home","item":"https:\/\/nauticescala.com\/es\/"},{"@type":"ListItem","position":2,"name":"Compra actividades en la Costa Brava","item":"https:\/\/nauticescala.com\/es\/compra-actividades-en-la-costa-brava\/"},{"@type":"ListItem","position":3,"name":"Salida de naturaleza &#8211; Avistamiento de p\u00e1jaros"}]},{"@type":"WebSite","@id":"https:\/\/nauticescala.com\/#website","url":"https:\/\/nauticescala.com\/","name":"Club N\u00e0utic L\u2019Escala","description":"Port esportiu a la Costa Brava","potentialAction":[{"@type":"SearchAction","target":{"@type":"EntryPoint","urlTemplate":"https:\/\/nauticescala.com\/?s={search_term_string}"},"query-input":{"@type":"PropertyValueSpecification","valueRequired":true,"valueName":"search_term_string"}}],"inLanguage":"es"}]}},"_links":{"self":[{"href":"https:\/\/nauticescala.com\/es\/wp-json\/wp\/v2\/product\/68558","targetHints":{"allow":["GET"]}}],"collection":[{"href":"https:\/\/nauticescala.com\/es\/wp-json\/wp\/v2\/product"}],"about":[{"href":"https:\/\/nauticescala.com\/es\/wp-json\/wp\/v2\/types\/product"}],"wp:featuredmedia":[{"embeddable":true,"href":"https:\/\/nauticescala.com\/es\/wp-json\/wp\/v2\/media\/68557"}],"wp:attachment":[{"href":"https:\/\/nauticescala.com\/es\/wp-json\/wp\/v2\/media?parent=68558"}],"wp:term":[{"taxonomy":"product_brand","embeddable":true,"href":"https:\/\/nauticescala.com\/es\/wp-json\/wp\/v2\/product_brand?post=68558"},{"taxonomy":"product_cat","embeddable":true,"href":"https:\/\/nauticescala.com\/es\/wp-json\/wp\/v2\/product_cat?post=68558"},{"taxonomy":"product_tag","embeddable":true,"href":"https:\/\/nauticescala.com\/es\/wp-json\/wp\/v2\/product_tag?post=68558"},{"taxonomy":"activity_type","embeddable":true,"href":"https:\/\/nauticescala.com\/es\/wp-json\/wp\/v2\/activity_type?post=68558"},{"taxonomy":"level","embeddable":true,"href":"https:\/\/nauticescala.com\/es\/wp-json\/wp\/v2\/level?post=68558"},{"taxonomy":"age","embeddable":true,"href":"https:\/\/nauticescala.com\/es\/wp-json\/wp\/v2\/age?post=68558"},{"taxonomy":"modality","embeddable":true,"href":"https:\/\/nauticescala.com\/es\/wp-json\/wp\/v2\/modality?post=68558"},{"taxonomy":"payment_method","embeddable":true,"href":"https:\/\/nauticescala.com\/es\/wp-json\/wp\/v2\/payment_method?post=68558"}],"curies":[{"name":"wp","href":"https:\/\/api.w.org\/{rel}","templated":true}]}}