 {"id":96279,"date":"2026-01-31T13:23:18","date_gmt":"2026-01-31T12:23:18","guid":{"rendered":"https:\/\/nauticescala.com\/?p=96279&#038;post_type=product&#038;preview_id=96279"},"modified":"2026-04-01T16:00:56","modified_gmt":"2026-04-01T14:00:56","slug":"2026-concurso-arroz","status":"publish","type":"product","link":"https:\/\/nauticescala.com\/es\/compra-actividades-costa-brava\/2026-concurso-arroz\/","title":{"rendered":"2\u00ba Concurso de Arroz"},"content":{"rendered":"\t<div class=\"container\">\n\n<div class=\"content-block\">\n \t \t\n \t \t   \n \t   \n<\/div><!-- end content-block -->\n\n\t<\/div>\n\n<section class=\"article-section\"><div class=\"container\">\n\n<\/div><\/section>\n                            <div class=\"accordion-block\">\n                    <div id=\"accordion\" class=\"accordion\">\n                                                                            <div class=\"card\">\n                                <div class=\"card-header\">\n                                    <h3>\n                                        <a href=\"#\" class=\"collapsed\" data-toggle=\"collapse\" data-target=\"#collapse-01\" aria-expanded=\"true\"><i class=\"ico-opener\">&nbsp;<\/i>Programa<\/a>\n                                    <\/h3>\n                                <\/div><!-- end card-header -->\n                                <div id=\"collapse-01\" class=\"collapse\">\n                                                                    <div class=\"card-body\">\n\n                                        \n                                            \n                                                \n                                                    <p>9:00 h. Apertura y confirmaci\u00f3n de inscripciones.<br \/>\n9:15 h. Asignaci\u00f3n del n\u00famero de espacio para cada grupo, asignaci\u00f3n de la hora para llevar la paella al jurado y realizar la cata, y entrega del material.<br \/>\nA partir de las 13:30 h. Entrega de la paella al jurado para su valoraci\u00f3n, siguiendo el orden establecido.<br \/>\nDurante la comida, publicaci\u00f3n del veredicto del jurado y entrega de premios.<\/p>\n\n                                                \n                                            \n                                        \n                                    <\/div><!-- end card-body -->\n                                <\/div><!-- end collapse -->\n                            <\/div><!-- end card -->\n                                                                                <div class=\"card\">\n                                <div class=\"card-header\">\n                                    <h3>\n                                        <a href=\"#\" class=\"collapsed\" data-toggle=\"collapse\" data-target=\"#collapse-02\" aria-expanded=\"true\"><i class=\"ico-opener\">&nbsp;<\/i>\u00bfC\u00f3mo participar?<\/a>\n                                    <\/h3>\n                                <\/div><!-- end card-header -->\n                                <div id=\"collapse-02\" class=\"collapse\">\n                                                                    <div class=\"card-body\">\n\n                                        \n                                            \n                                                \n                                                    <p>&nbsp;<\/p>\n<ul>\n<li style=\"list-style-type: none;\">\n<ul>\n<li>Socios o usuarios del Club organizados en grupos, con al menos una persona mayor de edad por grupo.<\/li>\n<li>Cada grupo estar\u00e1 limitado a un m\u00e1ximo de 15 personas; en caso de ser m\u00e1s, deber\u00e1 consultarse con la organizaci\u00f3n.<\/li>\n<li>Se establece un l\u00edmite de 240 personas para esta edici\u00f3n, asignadas por orden de inscripci\u00f3n.<\/li>\n<li>La persona que realiza la inscripci\u00f3n, y que ser\u00e1 el jefe de grupo, debe ser socio o usuario del Club. Podr\u00e1 invitar a personas externas al Club.<\/li>\n<li>En el momento de la inscripci\u00f3n deber\u00e1 indicarse el n\u00famero de personas y el nombre del grupo.<\/li>\n<\/ul>\n<\/li>\n<\/ul>\n<p>&nbsp;<\/p>\n<p>&nbsp;<\/p>\n<p>&nbsp;<\/p>\n<p>&nbsp;<\/p>\n<p>&nbsp;<\/p>\n<p>&nbsp;<\/p>\n<p>&nbsp;<\/p>\n<p>&nbsp;<\/p>\n<p>&nbsp;<\/p>\n\n                                                \n                                            \n                                        \n                                    <\/div><!-- end card-body -->\n                                <\/div><!-- end collapse -->\n                            <\/div><!-- end card -->\n                                                                                <div class=\"card\">\n                                <div class=\"card-header\">\n                                    <h3>\n                                        <a href=\"#\" class=\"collapsed\" data-toggle=\"collapse\" data-target=\"#collapse-03\" aria-expanded=\"true\"><i class=\"ico-opener\">&nbsp;<\/i>Premios<\/a>\n                                    <\/h3>\n                                <\/div><!-- end card-header -->\n                                <div id=\"collapse-03\" class=\"collapse\">\n                                                                    <div class=\"card-body\">\n\n                                        \n                                            \n                                                \n                                                    <p>Se otorgar\u00e1n premios al 1.\u00ba, 2.\u00ba y 3.\u00ba mejor arroz, as\u00ed como un premio a la mejor presentaci\u00f3n.<br \/>\nLa decoraci\u00f3n deber\u00e1 ser natural, comestible y utilizada en la elaboraci\u00f3n del arroz.<\/p>\n\n                                                \n                                            \n                                        \n                                    <\/div><!-- end card-body -->\n                                <\/div><!-- end collapse -->\n                            <\/div><!-- end card -->\n                                                                                <div class=\"card\">\n                                <div class=\"card-header\">\n                                    <h3>\n                                        <a href=\"#\" class=\"collapsed\" data-toggle=\"collapse\" data-target=\"#collapse-04\" aria-expanded=\"true\"><i class=\"ico-opener\">&nbsp;<\/i>Inscripciones<\/a>\n                                    <\/h3>\n                                <\/div><!-- end card-header -->\n                                <div id=\"collapse-04\" class=\"collapse\">\n                                                                    <div class=\"card-body\">\n\n                                        \n                                            \n                                                \n                                                    <p>Las inscripciones se realizar\u00e1n a trav\u00e9s de esta p\u00e1gina web.<\/p>\n<div>\n<p>Se cerrar\u00e1n al agotarse las plazas o como m\u00e1ximo el 2 de mayo de 2026.<br \/>\nPrecio por grupo:<\/p>\n<ul>\n<li>Hasta 5 personas: 20 \u20ac<\/li>\n<li>Hasta 10 personas: 40 \u20ac<\/li>\n<li>Hasta 15 personas: 60 \u20ac<\/li>\n<li>M\u00e1s de 15 personas: consultar<\/li>\n<\/ul>\n<p>No se aceptar\u00e1 ninguna inscripci\u00f3n sin el correspondiente pago.<\/p>\n<\/div>\n\n                                                \n                                            \n                                        \n                                    <\/div><!-- end card-body -->\n                                <\/div><!-- end collapse -->\n                            <\/div><!-- end card -->\n                                                                                <div class=\"card\">\n                                <div class=\"card-header\">\n                                    <h3>\n                                        <a href=\"#\" class=\"collapsed\" data-toggle=\"collapse\" data-target=\"#collapse-05\" aria-expanded=\"true\"><i class=\"ico-opener\">&nbsp;<\/i>Espacios de cocina<br \/>\r\n<\/a>\n                                    <\/h3>\n                                <\/div><!-- end card-header -->\n                                <div id=\"collapse-05\" class=\"collapse\">\n                                                                    <div class=\"card-body\">\n\n                                        \n                                            \n                                                \n                                                    <p>La asignaci\u00f3n del espacio para cocinar se realizar\u00e1 mediante sorteo p\u00fablico el mismo d\u00eda, seg\u00fan el programa establecido, en la Plaza del Club.<\/p>\n<div>\n<p>Los grupos solo podr\u00e1n cocinar en el espacio asignado; queda totalmente prohibido cocinar fuera de este.<\/p>\n<p>Cada grupo deber\u00e1 llevar su propio material de cocina, incluida mesa, paella, soportes, utensilios, parasoles, etc.<\/p>\n<\/div>\n\n                                                \n                                            \n                                        \n                                    <\/div><!-- end card-body -->\n                                <\/div><!-- end collapse -->\n                            <\/div><!-- end card -->\n                                                                                <div class=\"card\">\n                                <div class=\"card-header\">\n                                    <h3>\n                                        <a href=\"#\" class=\"collapsed\" data-toggle=\"collapse\" data-target=\"#collapse-06\" aria-expanded=\"true\"><i class=\"ico-opener\">&nbsp;<\/i>Comida<\/a>\n                                    <\/h3>\n                                <\/div><!-- end card-header -->\n                                <div id=\"collapse-06\" class=\"collapse\">\n                                                                    <div class=\"card-body\">\n\n                                        \n                                            \n                                                \n                                                    <p>La organizaci\u00f3n proporcionar\u00e1 mesas y sillas suficientes para que todos los participantes y sus invitados puedan comer juntos.<\/p>\n<div>\n<p>Adem\u00e1s, facilitar\u00e1 a cada grupo:<\/p>\n<ul>\n<li>Plato, cubiertos, servilleta y vaso de un solo uso y de material reciclable<\/li>\n<li>Agua (1 por cada 4 personas)<\/li>\n<li>1 raci\u00f3n de coca de Sant Joan de postre por persona<\/li>\n<\/ul>\n<p>El resto de elementos deber\u00e1n ser aportados por cada grupo (bebida, sal, aceite, etc.).<\/p>\n<p>Una vez el jurado haya valorado el arroz de un grupo, este podr\u00e1 dirigirse al espacio de comida y empezar a comer sin esperar al resto (el arroz no espera).<\/p>\n<\/div>\n\n                                                \n                                            \n                                        \n                                    <\/div><!-- end card-body -->\n                                <\/div><!-- end collapse -->\n                            <\/div><!-- end card -->\n                                                                                <div class=\"card\">\n                                <div class=\"card-header\">\n                                    <h3>\n                                        <a href=\"#\" class=\"collapsed\" data-toggle=\"collapse\" data-target=\"#collapse-07\" aria-expanded=\"true\"><i class=\"ico-opener\">&nbsp;<\/i>Jurado<\/a>\n                                    <\/h3>\n                                <\/div><!-- end card-header -->\n                                <div id=\"collapse-07\" class=\"collapse\">\n                                                                    <div class=\"card-body\">\n\n                                        \n                                            \n                                                \n                                                    <p>El jurado estar\u00e1 formado por 3 personas designadas por el Club N\u00e0utic.<\/p>\n<p>Valorar\u00e1 las paellas seg\u00fan los siguientes criterios: sabor, presentaci\u00f3n y originalidad.<\/p>\n<p>El resultado se har\u00e1 p\u00fablico durante la comida y ser\u00e1 inapelable.<\/p>\n\n                                                \n                                            \n                                        \n                                    <\/div><!-- end card-body -->\n                                <\/div><!-- end collapse -->\n                            <\/div><!-- end card -->\n                                                                                <div class=\"card\">\n                                <div class=\"card-header\">\n                                    <h3>\n                                        <a href=\"#\" class=\"collapsed\" data-toggle=\"collapse\" data-target=\"#collapse-08\" aria-expanded=\"true\"><i class=\"ico-opener\">&nbsp;<\/i>Normas generales<\/a>\n                                    <\/h3>\n                                <\/div><!-- end card-header -->\n                                <div id=\"collapse-08\" class=\"collapse\">\n                                                                    <div class=\"card-body\">\n\n                                        \n                                            \n                                                \n                                                    <p>Los participantes deber\u00e1n respetar las normas de higiene y seguridad alimentaria.<\/p>\n<p>La organizaci\u00f3n se reserva el derecho de excluir a personas o grupos que no cumplan estos requisitos.<\/p>\n<p>La organizaci\u00f3n podr\u00e1 modificar las bases si fuera necesario.<\/p>\n<p>La participaci\u00f3n implica la aceptaci\u00f3n de estas bases y de las decisiones del jurado y de la organizaci\u00f3n.<\/p>\n<p>La organizaci\u00f3n se reserva el derecho de cancelar o aplazar el concurso.<\/p>\n\n                                                \n                                            \n                                        \n                                    <\/div><!-- end card-body -->\n                                <\/div><!-- end collapse -->\n                            <\/div><!-- end card -->\n                                                                        <\/div><!-- end accordion -->\n                <\/div><!-- end accordion-block -->\n            \n<section class=\"article-section\"><div class=\"container\">\n\n<\/div><\/section>\t<div class=\"container\">\n\n<div class=\"content-block\">\n \t \t\n \t \t   \n \t\t    <div class=\"partners-block\">\t    \t\n\t    \t\t    \t\t<h3>Colabora:<\/h3>\n\t    \t  \n\t    \t   \n\t    \t\t\t        <ul class=\"partners-list\">\n\t\t        \t\t\t        \t\t\t\t\t            <li>\n\t\t\t                <a target=\"_blank\" href=\"#no-follow\">\n\t\t\t                \t\t\t\t                \t\t<img decoding=\"async\" src=\"https:\/\/nauticescala.com\/wp-content\/uploads\/2025\/01\/ajuntament-escala-1.webp\" alt=\"\">\n\t\t\t                \t\t\t\t                <\/a>\n\t\t\t            <\/li>\t\t        \t\t\n\t\t        \t\t\t        \t\t\t\t\t            <li>\n\t\t\t                <a target=\"_blank\" href=\"#no-follow\">\n\t\t\t                \t\t\t\t                <\/a>\n\t\t\t            <\/li>\t\t        \t\t\n\t\t        \t\t\t            \n\t\t        <\/ul><!-- end partners-list -->\t    \t\t\n\t    \t\t    <\/div><!-- end partners-block --> \t   \t\n \t   \n<\/div><!-- end content-block -->\n\n\t<\/div>\n\n","protected":false},"excerpt":{"rendered":"","protected":false},"featured_media":96321,"template":"","meta":{"_acf_changed":true,"_monsterinsights_skip_tracking":false,"_monsterinsights_sitenote_active":false,"_monsterinsights_sitenote_note":"","_monsterinsights_sitenote_category":0},"product_brand":[],"product_cat":[1079],"product_tag":[],"activity_type":[],"level":[],"age":[],"modality":[],"payment_method":[],"class_list":{"0":"post-96279","1":"product","2":"type-product","3":"status-publish","4":"has-post-thumbnail","6":"product_cat-uncategorized-ca-es","8":"first","9":"instock","10":"shipping-taxable","11":"product-type-simple"},"acf":[],"yoast_head":"<!-- This site is optimized with the Yoast SEO Premium plugin v20.7 (Yoast SEO v27.4) - https:\/\/yoast.com\/product\/yoast-seo-premium-wordpress\/ -->\n<title>2\u00ba Concurso de Arroz &#8211; Club N\u00e0utic L\u2019Escala<\/title>\n<meta name=\"description\" content=\"Ven a disfrutar del primer concurso de arroces del Club N\u00e0utic L&#039;Escala. Una actividad social del Club para aprender, compartir y conocer.\" \/>\n<meta name=\"robots\" content=\"index, follow, max-snippet:-1, max-image-preview:large, max-video-preview:-1\" \/>\n<link rel=\"canonical\" href=\"https:\/\/nauticescala.com\/es\/compra-actividades-costa-brava\/2026-concurso-arroz\/\" \/>\n<meta property=\"og:locale\" content=\"es_ES\" \/>\n<meta property=\"og:type\" content=\"article\" \/>\n<meta property=\"og:title\" content=\"2\u00ba Concurso de Arroz\" \/>\n<meta property=\"og:description\" content=\"Ven a disfrutar del primer concurso de arroces del Club N\u00e0utic L&#039;Escala. Una actividad social del Club para aprender, compartir y conocer.\" \/>\n<meta property=\"og:url\" content=\"https:\/\/nauticescala.com\/es\/compra-actividades-costa-brava\/2026-concurso-arroz\/\" \/>\n<meta property=\"og:site_name\" content=\"Club N\u00e0utic L\u2019Escala\" \/>\n<meta property=\"article:modified_time\" content=\"2026-04-01T14:00:56+00:00\" \/>\n<meta property=\"og:image\" content=\"https:\/\/nauticescala.com\/wp-content\/uploads\/2026\/01\/2025-nauticescala-concurs-arros-12.jpg\" \/>\n\t<meta property=\"og:image:width\" content=\"1800\" \/>\n\t<meta property=\"og:image:height\" content=\"907\" \/>\n\t<meta property=\"og:image:type\" content=\"image\/jpeg\" \/>\n<meta name=\"twitter:card\" content=\"summary_large_image\" \/>\n<meta name=\"twitter:label1\" content=\"Tiempo de lectura\" \/>\n\t<meta name=\"twitter:data1\" content=\"4 minutos\" \/>\n<script type=\"application\/ld+json\" class=\"yoast-schema-graph\">{\"@context\":\"https:\\\/\\\/schema.org\",\"@graph\":[{\"@type\":\"WebPage\",\"@id\":\"https:\\\/\\\/nauticescala.com\\\/es\\\/compra-actividades-costa-brava\\\/2026-concurso-arroz\\\/\",\"url\":\"https:\\\/\\\/nauticescala.com\\\/es\\\/compra-actividades-costa-brava\\\/2026-concurso-arroz\\\/\",\"name\":\"2\u00ba Concurso de Arroz &#8211; Club N\u00e0utic L\u2019Escala\",\"isPartOf\":{\"@id\":\"https:\\\/\\\/nauticescala.com\\\/#website\"},\"primaryImageOfPage\":{\"@id\":\"https:\\\/\\\/nauticescala.com\\\/es\\\/compra-actividades-costa-brava\\\/2026-concurso-arroz\\\/#primaryimage\"},\"image\":{\"@id\":\"https:\\\/\\\/nauticescala.com\\\/es\\\/compra-actividades-costa-brava\\\/2026-concurso-arroz\\\/#primaryimage\"},\"thumbnailUrl\":\"https:\\\/\\\/nauticescala.com\\\/wp-content\\\/uploads\\\/2026\\\/01\\\/2025-nauticescala-concurs-arros-12.jpg\",\"datePublished\":\"2026-01-31T12:23:18+00:00\",\"dateModified\":\"2026-04-01T14:00:56+00:00\",\"description\":\"Ven a disfrutar del primer concurso de arroces del Club N\u00e0utic L'Escala. Una actividad social del Club para aprender, compartir y conocer.\",\"breadcrumb\":{\"@id\":\"https:\\\/\\\/nauticescala.com\\\/es\\\/compra-actividades-costa-brava\\\/2026-concurso-arroz\\\/#breadcrumb\"},\"inLanguage\":\"es\",\"potentialAction\":[{\"@type\":\"ReadAction\",\"target\":[\"https:\\\/\\\/nauticescala.com\\\/es\\\/compra-actividades-costa-brava\\\/2026-concurso-arroz\\\/\"]}]},{\"@type\":\"ImageObject\",\"inLanguage\":\"es\",\"@id\":\"https:\\\/\\\/nauticescala.com\\\/es\\\/compra-actividades-costa-brava\\\/2026-concurso-arroz\\\/#primaryimage\",\"url\":\"https:\\\/\\\/nauticescala.com\\\/wp-content\\\/uploads\\\/2026\\\/01\\\/2025-nauticescala-concurs-arros-12.jpg\",\"contentUrl\":\"https:\\\/\\\/nauticescala.com\\\/wp-content\\\/uploads\\\/2026\\\/01\\\/2025-nauticescala-concurs-arros-12.jpg\",\"width\":1800,\"height\":907},{\"@type\":\"BreadcrumbList\",\"@id\":\"https:\\\/\\\/nauticescala.com\\\/es\\\/compra-actividades-costa-brava\\\/2026-concurso-arroz\\\/#breadcrumb\",\"itemListElement\":[{\"@type\":\"ListItem\",\"position\":1,\"name\":\"Home\",\"item\":\"https:\\\/\\\/nauticescala.com\\\/es\\\/\"},{\"@type\":\"ListItem\",\"position\":2,\"name\":\"Compra actividades en la Costa Brava\",\"item\":\"https:\\\/\\\/nauticescala.com\\\/es\\\/compra-actividades-en-la-costa-brava\\\/\"},{\"@type\":\"ListItem\",\"position\":3,\"name\":\"2\u00ba Concurso de Arroz\"}]},{\"@type\":\"WebSite\",\"@id\":\"https:\\\/\\\/nauticescala.com\\\/#website\",\"url\":\"https:\\\/\\\/nauticescala.com\\\/\",\"name\":\"Club N\u00e0utic L\u2019Escala\",\"description\":\"Port esportiu a la Costa Brava\",\"potentialAction\":[{\"@type\":\"SearchAction\",\"target\":{\"@type\":\"EntryPoint\",\"urlTemplate\":\"https:\\\/\\\/nauticescala.com\\\/?s={search_term_string}\"},\"query-input\":{\"@type\":\"PropertyValueSpecification\",\"valueRequired\":true,\"valueName\":\"search_term_string\"}}],\"inLanguage\":\"es\"}]}<\/script>\n<!-- \/ Yoast SEO Premium plugin. -->","yoast_head_json":{"title":"2\u00ba Concurso de Arroz &#8211; Club N\u00e0utic L\u2019Escala","description":"Ven a disfrutar del primer concurso de arroces del Club N\u00e0utic L'Escala. Una actividad social del Club para aprender, compartir y conocer.","robots":{"index":"index","follow":"follow","max-snippet":"max-snippet:-1","max-image-preview":"max-image-preview:large","max-video-preview":"max-video-preview:-1"},"canonical":"https:\/\/nauticescala.com\/es\/compra-actividades-costa-brava\/2026-concurso-arroz\/","og_locale":"es_ES","og_type":"article","og_title":"2\u00ba Concurso de Arroz","og_description":"Ven a disfrutar del primer concurso de arroces del Club N\u00e0utic L'Escala. Una actividad social del Club para aprender, compartir y conocer.","og_url":"https:\/\/nauticescala.com\/es\/compra-actividades-costa-brava\/2026-concurso-arroz\/","og_site_name":"Club N\u00e0utic L\u2019Escala","article_modified_time":"2026-04-01T14:00:56+00:00","og_image":[{"width":1800,"height":907,"url":"https:\/\/nauticescala.com\/wp-content\/uploads\/2026\/01\/2025-nauticescala-concurs-arros-12.jpg","type":"image\/jpeg"}],"twitter_card":"summary_large_image","twitter_misc":{"Tiempo de lectura":"4 minutos"},"schema":{"@context":"https:\/\/schema.org","@graph":[{"@type":"WebPage","@id":"https:\/\/nauticescala.com\/es\/compra-actividades-costa-brava\/2026-concurso-arroz\/","url":"https:\/\/nauticescala.com\/es\/compra-actividades-costa-brava\/2026-concurso-arroz\/","name":"2\u00ba Concurso de Arroz &#8211; Club N\u00e0utic L\u2019Escala","isPartOf":{"@id":"https:\/\/nauticescala.com\/#website"},"primaryImageOfPage":{"@id":"https:\/\/nauticescala.com\/es\/compra-actividades-costa-brava\/2026-concurso-arroz\/#primaryimage"},"image":{"@id":"https:\/\/nauticescala.com\/es\/compra-actividades-costa-brava\/2026-concurso-arroz\/#primaryimage"},"thumbnailUrl":"https:\/\/nauticescala.com\/wp-content\/uploads\/2026\/01\/2025-nauticescala-concurs-arros-12.jpg","datePublished":"2026-01-31T12:23:18+00:00","dateModified":"2026-04-01T14:00:56+00:00","description":"Ven a disfrutar del primer concurso de arroces del Club N\u00e0utic L'Escala. Una actividad social del Club para aprender, compartir y conocer.","breadcrumb":{"@id":"https:\/\/nauticescala.com\/es\/compra-actividades-costa-brava\/2026-concurso-arroz\/#breadcrumb"},"inLanguage":"es","potentialAction":[{"@type":"ReadAction","target":["https:\/\/nauticescala.com\/es\/compra-actividades-costa-brava\/2026-concurso-arroz\/"]}]},{"@type":"ImageObject","inLanguage":"es","@id":"https:\/\/nauticescala.com\/es\/compra-actividades-costa-brava\/2026-concurso-arroz\/#primaryimage","url":"https:\/\/nauticescala.com\/wp-content\/uploads\/2026\/01\/2025-nauticescala-concurs-arros-12.jpg","contentUrl":"https:\/\/nauticescala.com\/wp-content\/uploads\/2026\/01\/2025-nauticescala-concurs-arros-12.jpg","width":1800,"height":907},{"@type":"BreadcrumbList","@id":"https:\/\/nauticescala.com\/es\/compra-actividades-costa-brava\/2026-concurso-arroz\/#breadcrumb","itemListElement":[{"@type":"ListItem","position":1,"name":"Home","item":"https:\/\/nauticescala.com\/es\/"},{"@type":"ListItem","position":2,"name":"Compra actividades en la Costa Brava","item":"https:\/\/nauticescala.com\/es\/compra-actividades-en-la-costa-brava\/"},{"@type":"ListItem","position":3,"name":"2\u00ba Concurso de Arroz"}]},{"@type":"WebSite","@id":"https:\/\/nauticescala.com\/#website","url":"https:\/\/nauticescala.com\/","name":"Club N\u00e0utic L\u2019Escala","description":"Port esportiu a la Costa Brava","potentialAction":[{"@type":"SearchAction","target":{"@type":"EntryPoint","urlTemplate":"https:\/\/nauticescala.com\/?s={search_term_string}"},"query-input":{"@type":"PropertyValueSpecification","valueRequired":true,"valueName":"search_term_string"}}],"inLanguage":"es"}]}},"_links":{"self":[{"href":"https:\/\/nauticescala.com\/es\/wp-json\/wp\/v2\/product\/96279","targetHints":{"allow":["GET"]}}],"collection":[{"href":"https:\/\/nauticescala.com\/es\/wp-json\/wp\/v2\/product"}],"about":[{"href":"https:\/\/nauticescala.com\/es\/wp-json\/wp\/v2\/types\/product"}],"wp:featuredmedia":[{"embeddable":true,"href":"https:\/\/nauticescala.com\/es\/wp-json\/wp\/v2\/media\/96321"}],"wp:attachment":[{"href":"https:\/\/nauticescala.com\/es\/wp-json\/wp\/v2\/media?parent=96279"}],"wp:term":[{"taxonomy":"product_brand","embeddable":true,"href":"https:\/\/nauticescala.com\/es\/wp-json\/wp\/v2\/product_brand?post=96279"},{"taxonomy":"product_cat","embeddable":true,"href":"https:\/\/nauticescala.com\/es\/wp-json\/wp\/v2\/product_cat?post=96279"},{"taxonomy":"product_tag","embeddable":true,"href":"https:\/\/nauticescala.com\/es\/wp-json\/wp\/v2\/product_tag?post=96279"},{"taxonomy":"activity_type","embeddable":true,"href":"https:\/\/nauticescala.com\/es\/wp-json\/wp\/v2\/activity_type?post=96279"},{"taxonomy":"level","embeddable":true,"href":"https:\/\/nauticescala.com\/es\/wp-json\/wp\/v2\/level?post=96279"},{"taxonomy":"age","embeddable":true,"href":"https:\/\/nauticescala.com\/es\/wp-json\/wp\/v2\/age?post=96279"},{"taxonomy":"modality","embeddable":true,"href":"https:\/\/nauticescala.com\/es\/wp-json\/wp\/v2\/modality?post=96279"},{"taxonomy":"payment_method","embeddable":true,"href":"https:\/\/nauticescala.com\/es\/wp-json\/wp\/v2\/payment_method?post=96279"}],"curies":[{"name":"wp","href":"https:\/\/api.w.org\/{rel}","templated":true}]}}