 {"id":96799,"date":"2026-02-20T14:10:52","date_gmt":"2026-02-20T13:10:52","guid":{"rendered":"https:\/\/nauticescala.com\/activitats-costa-brava\/sessio-guiada-vela-lleugera-46\/"},"modified":"2026-04-05T19:11:05","modified_gmt":"2026-04-05T17:11:05","slug":"sessio-guiada-vela-lleugera-46","status":"publish","type":"product","link":"https:\/\/nauticescala.com\/es\/compra-actividades-costa-brava\/sessio-guiada-vela-lleugera-46\/","title":{"rendered":"Sessi\u00f3 Guiada Vela Lleugera"},"content":{"rendered":"\n                            <div class=\"accordion-block\">\n                    <div id=\"accordion\" class=\"accordion\">\n                                                                            <div class=\"card\">\n                                <div class=\"card-header\">\n                                    <h3>\n                                        <a href=\"#\" class=\"collapsed\" data-toggle=\"collapse\" data-target=\"#collapse-01\" aria-expanded=\"true\"><i class=\"ico-opener\">&nbsp;<\/i>L&#8217;activitat inclou<\/a>\n                                    <\/h3>\n                                <\/div><!-- end card-header -->\n                                <div id=\"collapse-01\" class=\"collapse\">\n                                                                    <div class=\"card-body\">\n\n                                        \n                                            \n                                                                                                    \n                                                                                                                                                                    \n                                                                                                                                                                                                                                                                <ul class=\"unordered-list two-cols-text\">\n                                                                                                                                                                                                                                    <li>Embarcaci\u00f3<\/li>\n                                                                                                                                                                                                                                                                                                                <li>Guia<\/li>\n                                                                                                                                                                                                                                                                                                                <li>Armilla salvavides<\/li>\n                                                                                                                                                                                                                                                                                                                <li>Neopr\u00e8 (si s&#8217;escau)<\/li>\n                                                                                                                                                                                                                                                                                                                <li>Acc\u00e9s als vestuaris i armariets de l\u2019\u00c0rea Esportiva del Club<\/li>\n                                                                                                                                                                                                                        <\/ul><!-- end unordered-list -->\n                                                                                                                                                                                                                                                 \n                                                    \n                                                \n                                            \n                                        \n                                    <\/div><!-- end card-body -->\n                                <\/div><!-- end collapse -->\n                            <\/div><!-- end card -->\n                                                                                <div class=\"card\">\n                                <div class=\"card-header\">\n                                    <h3>\n                                        <a href=\"#\" class=\"collapsed\" data-toggle=\"collapse\" data-target=\"#collapse-02\" aria-expanded=\"true\"><i class=\"ico-opener\">&nbsp;<\/i>Qu\u00e8 cal portar?<\/a>\n                                    <\/h3>\n                                <\/div><!-- end card-header -->\n                                <div id=\"collapse-02\" class=\"collapse\">\n                                                                    <div class=\"card-body\">\n\n                                        \n                                            \n                                                                                                    \n                                                                                                                                                                    \n                                                                                                                                                                                                                                                                <ul class=\"unordered-list two-cols-text\">\n                                                                                                                                                                                                                                    <li>Banyador<\/li>\n                                                                                                                                                                                                                                                                                                                <li>Samarreta sint\u00e8tica o licra<\/li>\n                                                                                                                                                                                                                                                                                                                <li>Cal\u00e7at que es pugui mullar<\/li>\n                                                                                                                                                                                                                                                                                                                <li>Aigua<\/li>\n                                                                                                                                                                                                                                                                                                                <li>Roba de recanvi<\/li>\n                                                                                                                                                                                                                                                                                                                <li>Crema solar<\/li>\n                                                                                                                                                                                                                                                                                                                <li>Paravent (si s&#8217;escau)<\/li>\n                                                                                                                                                                                                                        <\/ul><!-- end unordered-list -->\n                                                                                                                                                                                                                                                 \n                                                    \n                                                \n                                            \n                                        \n                                    <\/div><!-- end card-body -->\n                                <\/div><!-- end collapse -->\n                            <\/div><!-- end card -->\n                                                                                <div class=\"card\">\n                                <div class=\"card-header\">\n                                    <h3>\n                                        <a href=\"#\" class=\"collapsed\" data-toggle=\"collapse\" data-target=\"#collapse-03\" aria-expanded=\"true\"><i class=\"ico-opener\">&nbsp;<\/i>Descomptes<\/a>\n                                    <\/h3>\n                                <\/div><!-- end card-header -->\n                                <div id=\"collapse-03\" class=\"collapse\">\n                                                                    <div class=\"card-body\">\n\n                                        \n                                            \n                                                \n                                                    <ul>\n<li style=\"list-style-type: none\">\n<ul>\n<li>100% <a href=\"\/compra-activitats-a-costa-brava\/?activity_type=abonament&amp;orderby=dates&amp;filter=1\">abonats a Flota, Flota Plus i Familiar<\/a><\/li>\n<li>50% nens i nenes d\u2019entre 4 i 8 anys (acompanyats d&#8217;un adult a bord)<\/li>\n<li>15% descompte per a socis del Club<\/li>\n<li>10% descompte per a usuaris del Forfait Anual<\/li>\n<li>5% descompte per usuaris del Forfait de Temporada<\/li>\n<li>1 \u00fas gratu\u00eft per cada 5 contractats<\/li>\n<li>2 \u00fas gratu\u00eft per cada 10 contractats<\/li>\n<\/ul>\n<\/li>\n<\/ul>\n\n                                                \n                                            \n                                        \n                                    <\/div><!-- end card-body -->\n                                <\/div><!-- end collapse -->\n                            <\/div><!-- end card -->\n                                                                        <\/div><!-- end accordion -->\n                <\/div><!-- end accordion-block -->\n            \n<section class=\"article-section\"><div class=\"container\">\n\n<\/div><\/section>\t<div class=\"slideshow-item\">\n\t    <div class=\"slideshow-offset\">\n\t        <div class=\"slides\">\n\t        \t\t\t            <div class=\"slide\">\n\t\t                <figure class=\"image\">\n\t\t                    <img decoding=\"async\" src=\"https:\/\/nauticescala.com\/wp-content\/uploads\/2020\/04\/2019-cn-lescala-vela-lleugera-1.jpg\" alt=\"\">\n\t\t                <\/figure><!-- end image -->\n\t\t            <\/div><!-- end slide -->\t        \t\t\n\t        \t\t\t            <div class=\"slide\">\n\t\t                <figure class=\"image\">\n\t\t                    <img decoding=\"async\" src=\"https:\/\/nauticescala.com\/wp-content\/uploads\/2020\/04\/2014-cn-lescala-vela-lleugera-5.jpg\" alt=\"\">\n\t\t                <\/figure><!-- end image -->\n\t\t            <\/div><!-- end slide -->\t        \t\t\n\t        \t\t\t            <div class=\"slide\">\n\t\t                <figure class=\"image\">\n\t\t                    <img decoding=\"async\" src=\"https:\/\/nauticescala.com\/wp-content\/uploads\/2020\/04\/2017-cn-lescala-curs-vela.jpg\" alt=\"\">\n\t\t                <\/figure><!-- end image -->\n\t\t            <\/div><!-- end slide -->\t        \t\t\n\t        \t\t\t            <div class=\"slide\">\n\t\t                <figure class=\"image\">\n\t\t                    <img decoding=\"async\" src=\"https:\/\/nauticescala.com\/wp-content\/uploads\/2020\/04\/2017-cn-lescala-curs-vela-7.jpg\" alt=\"\">\n\t\t                <\/figure><!-- end image -->\n\t\t            <\/div><!-- end slide -->\t        \t\t\n\t        \t\t\t            <div class=\"slide\">\n\t\t                <figure class=\"image\">\n\t\t                    <img decoding=\"async\" src=\"https:\/\/nauticescala.com\/wp-content\/uploads\/2020\/04\/2017-cn-lescala-vela-lleugera-1.jpg\" alt=\"\">\n\t\t                <\/figure><!-- end image -->\n\t\t            <\/div><!-- end slide -->\t        \t\t\n\t        \t\t\t            <div class=\"slide\">\n\t\t                <figure class=\"image\">\n\t\t                    <img decoding=\"async\" src=\"https:\/\/nauticescala.com\/wp-content\/uploads\/2020\/04\/2017-cn-lescala-vela-lleugera-4.jpg\" alt=\"\">\n\t\t                <\/figure><!-- end image -->\n\t\t            <\/div><!-- end slide -->\t        \t\t\n\t        \t\t\t            <div class=\"slide\">\n\t\t                <figure class=\"image\">\n\t\t                    <img decoding=\"async\" src=\"https:\/\/nauticescala.com\/wp-content\/uploads\/2020\/04\/2018-cn-lescala-curs-vela-6.jpg\" alt=\"\">\n\t\t                <\/figure><!-- end image -->\n\t\t            <\/div><!-- end slide -->\t        \t\t\n\t        \t\t           \n\t        <\/div><!-- end slides -->\n\t    <\/div><!-- end slideshow-offset -->\n\t<\/div><!-- end slideshow-item -->\n<section class=\"article-section\"><div class=\"container\">\n\n<\/div><\/section>\n<p><\/p>\n","protected":false},"excerpt":{"rendered":"<p>Horari: de 11h. a 14h.<\/p>\n","protected":false},"featured_media":94616,"template":"","meta":{"_acf_changed":true,"_monsterinsights_skip_tracking":false,"_monsterinsights_sitenote_active":false,"_monsterinsights_sitenote_note":"","_monsterinsights_sitenote_category":0},"product_brand":[],"product_cat":[],"product_tag":[],"activity_type":[337],"level":[378],"age":[485],"modality":[434],"payment_method":[],"class_list":{"0":"post-96799","1":"product","2":"type-product","3":"status-publish","4":"has-post-thumbnail","6":"activity_type-ruta-guiada","7":"level-mitja","8":"age-familiar","9":"modality-vela-lleugera","11":"first","12":"instock","13":"sale","14":"virtual","15":"purchasable","16":"product-type-simple"},"acf":[],"yoast_head":"<!-- This site is optimized with the Yoast SEO Premium plugin v20.7 (Yoast SEO v27.3) - https:\/\/yoast.com\/product\/yoast-seo-premium-wordpress\/ -->\n<title>Sessi\u00f3 Guiada Vela Lleugera &#8211; Club N\u00e0utic L\u2019Escala<\/title>\n<meta name=\"description\" content=\"Sortides amb un guida per serguir la teva formaci\u00f3. Si tens el nivell b\u00e0sic i t&#039;agrada navegar per\u00f2 no disposes d&#039;embarcaci\u00f3 propia, vine a navegar amb nosaltres. T&#039;ho posem f\u00e0cil!.\" \/>\n<meta name=\"robots\" content=\"index, follow, max-snippet:-1, max-image-preview:large, max-video-preview:-1\" \/>\n<link rel=\"canonical\" href=\"https:\/\/nauticescala.com\/activitats-costa-brava\/sessio-guiada-vela-lleugera-46\/\" \/>\n<meta property=\"og:locale\" content=\"es_ES\" \/>\n<meta property=\"og:type\" content=\"article\" \/>\n<meta property=\"og:title\" content=\"Sessi\u00f3 Guiada Vela Lleugera\" \/>\n<meta property=\"og:description\" content=\"Sortides amb un guida per serguir la teva formaci\u00f3. Si tens el nivell b\u00e0sic i t&#039;agrada navegar per\u00f2 no disposes d&#039;embarcaci\u00f3 propia, vine a navegar amb nosaltres. T&#039;ho posem f\u00e0cil!.\" \/>\n<meta property=\"og:url\" content=\"https:\/\/nauticescala.com\/activitats-costa-brava\/sessio-guiada-vela-lleugera-46\/\" \/>\n<meta property=\"og:site_name\" content=\"Club N\u00e0utic L\u2019Escala\" \/>\n<meta property=\"article:modified_time\" content=\"2026-04-05T17:11:05+00:00\" \/>\n<meta property=\"og:image\" content=\"https:\/\/nauticescala.com\/wp-content\/uploads\/2020\/05\/2020-club-nautic-lescala-171.jpg\" \/>\n\t<meta property=\"og:image:width\" content=\"1800\" \/>\n\t<meta property=\"og:image:height\" content=\"907\" \/>\n\t<meta property=\"og:image:type\" content=\"image\/jpeg\" \/>\n<meta name=\"twitter:card\" content=\"summary_large_image\" \/>\n<meta name=\"twitter:label1\" content=\"Tiempo de lectura\" \/>\n\t<meta name=\"twitter:data1\" content=\"6 minutos\" \/>\n<script type=\"application\/ld+json\" class=\"yoast-schema-graph\">{\"@context\":\"https:\\\/\\\/schema.org\",\"@graph\":[{\"@type\":\"WebPage\",\"@id\":\"https:\\\/\\\/nauticescala.com\\\/activitats-costa-brava\\\/sessio-guiada-vela-lleugera-46\\\/\",\"url\":\"https:\\\/\\\/nauticescala.com\\\/activitats-costa-brava\\\/sessio-guiada-vela-lleugera-46\\\/\",\"name\":\"Sessi\u00f3 Guiada Vela Lleugera &#8211; Club N\u00e0utic L\u2019Escala\",\"isPartOf\":{\"@id\":\"https:\\\/\\\/nauticescala.com\\\/#website\"},\"primaryImageOfPage\":{\"@id\":\"https:\\\/\\\/nauticescala.com\\\/activitats-costa-brava\\\/sessio-guiada-vela-lleugera-46\\\/#primaryimage\"},\"image\":{\"@id\":\"https:\\\/\\\/nauticescala.com\\\/activitats-costa-brava\\\/sessio-guiada-vela-lleugera-46\\\/#primaryimage\"},\"thumbnailUrl\":\"https:\\\/\\\/nauticescala.com\\\/wp-content\\\/uploads\\\/2020\\\/05\\\/2020-club-nautic-lescala-171.jpg\",\"datePublished\":\"2026-02-20T13:10:52+00:00\",\"dateModified\":\"2026-04-05T17:11:05+00:00\",\"description\":\"Sortides amb un guida per serguir la teva formaci\u00f3. Si tens el nivell b\u00e0sic i t'agrada navegar per\u00f2 no disposes d'embarcaci\u00f3 propia, vine a navegar amb nosaltres. T'ho posem f\u00e0cil!.\",\"breadcrumb\":{\"@id\":\"https:\\\/\\\/nauticescala.com\\\/activitats-costa-brava\\\/sessio-guiada-vela-lleugera-46\\\/#breadcrumb\"},\"inLanguage\":\"es\",\"potentialAction\":[{\"@type\":\"ReadAction\",\"target\":[\"https:\\\/\\\/nauticescala.com\\\/activitats-costa-brava\\\/sessio-guiada-vela-lleugera-46\\\/\"]}]},{\"@type\":\"ImageObject\",\"inLanguage\":\"es\",\"@id\":\"https:\\\/\\\/nauticescala.com\\\/activitats-costa-brava\\\/sessio-guiada-vela-lleugera-46\\\/#primaryimage\",\"url\":\"https:\\\/\\\/nauticescala.com\\\/wp-content\\\/uploads\\\/2020\\\/05\\\/2020-club-nautic-lescala-171.jpg\",\"contentUrl\":\"https:\\\/\\\/nauticescala.com\\\/wp-content\\\/uploads\\\/2020\\\/05\\\/2020-club-nautic-lescala-171.jpg\",\"width\":1800,\"height\":907,\"caption\":\"Pablo Perdomo papemix@hotmail.com\"},{\"@type\":\"BreadcrumbList\",\"@id\":\"https:\\\/\\\/nauticescala.com\\\/activitats-costa-brava\\\/sessio-guiada-vela-lleugera-46\\\/#breadcrumb\",\"itemListElement\":[{\"@type\":\"ListItem\",\"position\":1,\"name\":\"Home\",\"item\":\"https:\\\/\\\/nauticescala.com\\\/es\\\/\"},{\"@type\":\"ListItem\",\"position\":2,\"name\":\"Compra actividades en la Costa Brava\",\"item\":\"https:\\\/\\\/nauticescala.com\\\/es\\\/compra-actividades-en-la-costa-brava\\\/\"},{\"@type\":\"ListItem\",\"position\":3,\"name\":\"Sessi\u00f3 Guiada Vela Lleugera\"}]},{\"@type\":\"WebSite\",\"@id\":\"https:\\\/\\\/nauticescala.com\\\/#website\",\"url\":\"https:\\\/\\\/nauticescala.com\\\/\",\"name\":\"Club N\u00e0utic L\u2019Escala\",\"description\":\"Port esportiu a la Costa Brava\",\"potentialAction\":[{\"@type\":\"SearchAction\",\"target\":{\"@type\":\"EntryPoint\",\"urlTemplate\":\"https:\\\/\\\/nauticescala.com\\\/?s={search_term_string}\"},\"query-input\":{\"@type\":\"PropertyValueSpecification\",\"valueRequired\":true,\"valueName\":\"search_term_string\"}}],\"inLanguage\":\"es\"}]}<\/script>\n<!-- \/ Yoast SEO Premium plugin. -->","yoast_head_json":{"title":"Sessi\u00f3 Guiada Vela Lleugera &#8211; Club N\u00e0utic L\u2019Escala","description":"Sortides amb un guida per serguir la teva formaci\u00f3. Si tens el nivell b\u00e0sic i t'agrada navegar per\u00f2 no disposes d'embarcaci\u00f3 propia, vine a navegar amb nosaltres. T'ho posem f\u00e0cil!.","robots":{"index":"index","follow":"follow","max-snippet":"max-snippet:-1","max-image-preview":"max-image-preview:large","max-video-preview":"max-video-preview:-1"},"canonical":"https:\/\/nauticescala.com\/activitats-costa-brava\/sessio-guiada-vela-lleugera-46\/","og_locale":"es_ES","og_type":"article","og_title":"Sessi\u00f3 Guiada Vela Lleugera","og_description":"Sortides amb un guida per serguir la teva formaci\u00f3. Si tens el nivell b\u00e0sic i t'agrada navegar per\u00f2 no disposes d'embarcaci\u00f3 propia, vine a navegar amb nosaltres. T'ho posem f\u00e0cil!.","og_url":"https:\/\/nauticescala.com\/activitats-costa-brava\/sessio-guiada-vela-lleugera-46\/","og_site_name":"Club N\u00e0utic L\u2019Escala","article_modified_time":"2026-04-05T17:11:05+00:00","og_image":[{"width":1800,"height":907,"url":"https:\/\/nauticescala.com\/wp-content\/uploads\/2020\/05\/2020-club-nautic-lescala-171.jpg","type":"image\/jpeg"}],"twitter_card":"summary_large_image","twitter_misc":{"Tiempo de lectura":"6 minutos"},"schema":{"@context":"https:\/\/schema.org","@graph":[{"@type":"WebPage","@id":"https:\/\/nauticescala.com\/activitats-costa-brava\/sessio-guiada-vela-lleugera-46\/","url":"https:\/\/nauticescala.com\/activitats-costa-brava\/sessio-guiada-vela-lleugera-46\/","name":"Sessi\u00f3 Guiada Vela Lleugera &#8211; Club N\u00e0utic L\u2019Escala","isPartOf":{"@id":"https:\/\/nauticescala.com\/#website"},"primaryImageOfPage":{"@id":"https:\/\/nauticescala.com\/activitats-costa-brava\/sessio-guiada-vela-lleugera-46\/#primaryimage"},"image":{"@id":"https:\/\/nauticescala.com\/activitats-costa-brava\/sessio-guiada-vela-lleugera-46\/#primaryimage"},"thumbnailUrl":"https:\/\/nauticescala.com\/wp-content\/uploads\/2020\/05\/2020-club-nautic-lescala-171.jpg","datePublished":"2026-02-20T13:10:52+00:00","dateModified":"2026-04-05T17:11:05+00:00","description":"Sortides amb un guida per serguir la teva formaci\u00f3. Si tens el nivell b\u00e0sic i t'agrada navegar per\u00f2 no disposes d'embarcaci\u00f3 propia, vine a navegar amb nosaltres. T'ho posem f\u00e0cil!.","breadcrumb":{"@id":"https:\/\/nauticescala.com\/activitats-costa-brava\/sessio-guiada-vela-lleugera-46\/#breadcrumb"},"inLanguage":"es","potentialAction":[{"@type":"ReadAction","target":["https:\/\/nauticescala.com\/activitats-costa-brava\/sessio-guiada-vela-lleugera-46\/"]}]},{"@type":"ImageObject","inLanguage":"es","@id":"https:\/\/nauticescala.com\/activitats-costa-brava\/sessio-guiada-vela-lleugera-46\/#primaryimage","url":"https:\/\/nauticescala.com\/wp-content\/uploads\/2020\/05\/2020-club-nautic-lescala-171.jpg","contentUrl":"https:\/\/nauticescala.com\/wp-content\/uploads\/2020\/05\/2020-club-nautic-lescala-171.jpg","width":1800,"height":907,"caption":"Pablo Perdomo papemix@hotmail.com"},{"@type":"BreadcrumbList","@id":"https:\/\/nauticescala.com\/activitats-costa-brava\/sessio-guiada-vela-lleugera-46\/#breadcrumb","itemListElement":[{"@type":"ListItem","position":1,"name":"Home","item":"https:\/\/nauticescala.com\/es\/"},{"@type":"ListItem","position":2,"name":"Compra actividades en la Costa Brava","item":"https:\/\/nauticescala.com\/es\/compra-actividades-en-la-costa-brava\/"},{"@type":"ListItem","position":3,"name":"Sessi\u00f3 Guiada Vela Lleugera"}]},{"@type":"WebSite","@id":"https:\/\/nauticescala.com\/#website","url":"https:\/\/nauticescala.com\/","name":"Club N\u00e0utic L\u2019Escala","description":"Port esportiu a la Costa Brava","potentialAction":[{"@type":"SearchAction","target":{"@type":"EntryPoint","urlTemplate":"https:\/\/nauticescala.com\/?s={search_term_string}"},"query-input":{"@type":"PropertyValueSpecification","valueRequired":true,"valueName":"search_term_string"}}],"inLanguage":"es"}]}},"_links":{"self":[{"href":"https:\/\/nauticescala.com\/es\/wp-json\/wp\/v2\/product\/96799","targetHints":{"allow":["GET"]}}],"collection":[{"href":"https:\/\/nauticescala.com\/es\/wp-json\/wp\/v2\/product"}],"about":[{"href":"https:\/\/nauticescala.com\/es\/wp-json\/wp\/v2\/types\/product"}],"wp:featuredmedia":[{"embeddable":true,"href":"https:\/\/nauticescala.com\/es\/wp-json\/wp\/v2\/media\/94616"}],"wp:attachment":[{"href":"https:\/\/nauticescala.com\/es\/wp-json\/wp\/v2\/media?parent=96799"}],"wp:term":[{"taxonomy":"product_brand","embeddable":true,"href":"https:\/\/nauticescala.com\/es\/wp-json\/wp\/v2\/product_brand?post=96799"},{"taxonomy":"product_cat","embeddable":true,"href":"https:\/\/nauticescala.com\/es\/wp-json\/wp\/v2\/product_cat?post=96799"},{"taxonomy":"product_tag","embeddable":true,"href":"https:\/\/nauticescala.com\/es\/wp-json\/wp\/v2\/product_tag?post=96799"},{"taxonomy":"activity_type","embeddable":true,"href":"https:\/\/nauticescala.com\/es\/wp-json\/wp\/v2\/activity_type?post=96799"},{"taxonomy":"level","embeddable":true,"href":"https:\/\/nauticescala.com\/es\/wp-json\/wp\/v2\/level?post=96799"},{"taxonomy":"age","embeddable":true,"href":"https:\/\/nauticescala.com\/es\/wp-json\/wp\/v2\/age?post=96799"},{"taxonomy":"modality","embeddable":true,"href":"https:\/\/nauticescala.com\/es\/wp-json\/wp\/v2\/modality?post=96799"},{"taxonomy":"payment_method","embeddable":true,"href":"https:\/\/nauticescala.com\/es\/wp-json\/wp\/v2\/payment_method?post=96799"}],"curies":[{"name":"wp","href":"https:\/\/api.w.org\/{rel}","templated":true}]}}