 {"id":97654,"date":"2026-03-05T10:39:04","date_gmt":"2026-03-05T09:39:04","guid":{"rendered":"https:\/\/nauticescala.com\/activitats-costa-brava\/extraescolar-infantil-1\/"},"modified":"2026-04-18T15:10:42","modified_gmt":"2026-04-18T13:10:42","slug":"extraescolar-infantil-1","status":"publish","type":"product","link":"https:\/\/nauticescala.com\/es\/compra-actividades-costa-brava\/extraescolar-infantil-1\/","title":{"rendered":"Extraescolar Infantil 1"},"content":{"rendered":"\n                            <div class=\"accordion-block\">\n                    <div id=\"accordion\" class=\"accordion\">\n                                                                            <div class=\"card\">\n                                <div class=\"card-header\">\n                                    <h3>\n                                        <a href=\"#\" class=\"collapsed\" data-toggle=\"collapse\" data-target=\"#collapse-0100\" aria-expanded=\"true\"><i class=\"ico-opener\">&nbsp;<\/i>Aquesta activitat inclou<\/a>\n                                    <\/h3>\n                                <\/div><!-- end card-header -->\n                                <div id=\"collapse-0100\" class=\"collapse\">\n                                                                    <div class=\"card-body\">\n\n                                                                                \n                                            <div class=\"row\">\n\n                                                \n                                                    <div class=\"col-md-12\">\n\n                                                        <!-- content -->\n                                                        \n                                                            \n                                                                                                                                    \n                                                                                                                                                                                                                        <div class=\"two-cols-text\">\n                                                                                                                                \n                                                                                                                                                                                                                                                                                                                                <ul class=\"unordered-list\">\n                                                                                                                                                                                                                                                                                    <li>Embarcacions i material n\u00e0utic necessari.<\/li>\n                                                                                                                                                                                                                                                                                                                                                                                <li>Instructors titulats.<\/li>\n                                                                                                                                                                                                                                                                                                                                                                                <li>Armilla salvavides.<\/li>\n                                                                                                                                                                                                                                                                                                                                                                                <li>Neopr\u00e8 (si s\u2019escau).<\/li>\n                                                                                                                                                                                                                                                                                                                                                                                <li>Acc\u00e9s als vestuaris i guixetes de l\u2019\u00c0rea Esportiva del Club<\/li>\n                                                                                                                                                                                                                                                                        <\/ul><!-- end unordered-list -->\n                                                                                                                                                                                                                                                                                                                        <\/div><!-- end two-cols-text -->\n                                                                                                                                     \n                                                                    \n                                                                \n                                                            \n                                                                                                                <!-- end content -->\n\n                                                    <\/div>\n\n                                                \n                                            <\/div>\n\n                                        \n                                    <\/div><!-- end card-body -->\n                                <\/div><!-- end collapse -->\n                            <\/div><!-- end card -->\n                                                                                <div class=\"card\">\n                                <div class=\"card-header\">\n                                    <h3>\n                                        <a href=\"#\" class=\"collapsed\" data-toggle=\"collapse\" data-target=\"#collapse-0200\" aria-expanded=\"true\"><i class=\"ico-opener\">&nbsp;<\/i>Qu\u00e8 necessites?<\/a>\n                                    <\/h3>\n                                <\/div><!-- end card-header -->\n                                <div id=\"collapse-0200\" class=\"collapse\">\n                                                                    <div class=\"card-body\">\n\n                                                                                \n                                            <div class=\"row\">\n\n                                                \n                                                    <div class=\"col-md-12\">\n\n                                                        <!-- content -->\n                                                        \n                                                            \n                                                                                                                                    \n                                                                                                                                                                                                                        <div class=\"two-cols-text\">\n                                                                                                                                \n                                                                                                                                                                                                                                                                                                                                <ul class=\"unordered-list\">\n                                                                                                                                                                                                                                                                                    <li>Escarpins o cal\u00e7at que es pugui mullar.<\/li>\n                                                                                                                                                                                                                                                                                                                                                                                <li>Roba de recanvi.<\/li>\n                                                                                                                                                                                                                                                                                                                                                                                <li>Tovallola.<\/li>\n                                                                                                                                                                                                                                                                        <\/ul><!-- end unordered-list -->\n                                                                                                                                                                                                                                                                                                                        <\/div><!-- end two-cols-text -->\n                                                                                                                                     \n                                                                    \n                                                                \n                                                            \n                                                                                                                <!-- end content -->\n\n                                                    <\/div>\n\n                                                \n                                            <\/div>\n\n                                        \n                                    <\/div><!-- end card-body -->\n                                <\/div><!-- end collapse -->\n                            <\/div><!-- end card -->\n                                                                        <\/div><!-- end accordion -->\n                <\/div><!-- end accordion-block -->\n            \n<section class=\"article-section\"><div class=\"container\">\n\n<\/div><\/section>\t<div class=\"container\">\n\n<div class=\"content-block\">\n \t \t\n \t \t   \n \t\t    <div class=\"partners-block\">\t    \t\n\t    \t\t    \t\t<h3>COL.LABORA<\/h3>\n\t    \t  \n\t    \t   \n\t    \t\t\t        <ul class=\"partners-list\">\n\t\t        \t\t\t        \t\t\t\t\t            <li>\n\t\t\t                <a target=\"_blank\" href=\"#no-follow\">\n\t\t\t                \t\t\t\t                \t\t<img decoding=\"async\" src=\"https:\/\/nauticescala.com\/wp-content\/uploads\/2020\/01\/diputacio-de-girona.jpg\" alt=\"\">\n\t\t\t                \t\t\t\t                <\/a>\n\t\t\t            <\/li>\t\t        \t\t\n\t\t        \t\t\t        \t\t\t\t\t            <li>\n\t\t\t                <a target=\"_blank\" href=\"#no-follow\">\n\t\t\t                \t\t\t\t                \t\t<img decoding=\"async\" src=\"https:\/\/nauticescala.com\/wp-content\/uploads\/2020\/08\/logo-fcv-350x215.png\" alt=\"\">\n\t\t\t                \t\t\t\t                <\/a>\n\t\t\t            <\/li>\t\t        \t\t\n\t\t        \t\t\t            \n\t\t        <\/ul><!-- end partners-list -->\t    \t\t\n\t    \t\t    <\/div><!-- end partners-block --> \t   \t\n \t   \n<\/div><!-- end content-block -->\n\n\t<\/div>\n\n<section class=\"article-section\"><div class=\"container\">\n\n<\/div><\/section>\t<div class=\"slideshow-item\">\n\t    <div class=\"slideshow-offset\">\n\t        <div class=\"slides\">\n\t        \t\t\t            <div class=\"slide\">\n\t\t                <figure class=\"image\">\n\t\t                    <img decoding=\"async\" src=\"https:\/\/nauticescala.com\/wp-content\/uploads\/2020\/04\/2017-cn-lescala-infantil-7.jpg\" alt=\"\">\n\t\t                <\/figure><!-- end image -->\n\t\t            <\/div><!-- end slide -->\t        \t\t\n\t        \t\t\t            <div class=\"slide\">\n\t\t                <figure class=\"image\">\n\t\t                    <img decoding=\"async\" src=\"https:\/\/nauticescala.com\/wp-content\/uploads\/2020\/04\/2015-cn-lescala-caiac-1.jpg\" alt=\"\">\n\t\t                <\/figure><!-- end image -->\n\t\t            <\/div><!-- end slide -->\t        \t\t\n\t        \t\t\t            <div class=\"slide\">\n\t\t                <figure class=\"image\">\n\t\t                    <img decoding=\"async\" src=\"https:\/\/nauticescala.com\/wp-content\/uploads\/2020\/04\/2015-cn-lescala-caiac-2.jpg\" alt=\"\">\n\t\t                <\/figure><!-- end image -->\n\t\t            <\/div><!-- end slide -->\t        \t\t\n\t        \t\t\t            <div class=\"slide\">\n\t\t                <figure class=\"image\">\n\t\t                    <img decoding=\"async\" src=\"https:\/\/nauticescala.com\/wp-content\/uploads\/2020\/04\/2018-cn-lescala-curs-vela.jpg\" alt=\"\">\n\t\t                <\/figure><!-- end image -->\n\t\t            <\/div><!-- end slide -->\t        \t\t\n\t        \t\t\t            <div class=\"slide\">\n\t\t                <figure class=\"image\">\n\t\t                    <img decoding=\"async\" src=\"https:\/\/nauticescala.com\/wp-content\/uploads\/2020\/04\/2018-cn-lescala-curs-vela-2.jpg\" alt=\"\">\n\t\t                <\/figure><!-- end image -->\n\t\t            <\/div><!-- end slide -->\t        \t\t\n\t        \t\t\t            <div class=\"slide\">\n\t\t                <figure class=\"image\">\n\t\t                    <img decoding=\"async\" src=\"https:\/\/nauticescala.com\/wp-content\/uploads\/2020\/02\/2017-cn-lescala-caiac-6.jpg\" alt=\"\">\n\t\t                <\/figure><!-- end image -->\n\t\t            <\/div><!-- end slide -->\t        \t\t\n\t        \t\t\t            <div class=\"slide\">\n\t\t                <figure class=\"image\">\n\t\t                    <img decoding=\"async\" src=\"https:\/\/nauticescala.com\/wp-content\/uploads\/2020\/02\/2010-cn-lescala-sup-1-1.jpg\" alt=\"\">\n\t\t                <\/figure><!-- end image -->\n\t\t            <\/div><!-- end slide -->\t        \t\t\n\t        \t\t\t            <div class=\"slide\">\n\t\t                <figure class=\"image\">\n\t\t                    <img decoding=\"async\" src=\"https:\/\/nauticescala.com\/wp-content\/uploads\/2022\/12\/2020-nauticescala-vela-lleugera-abonats-2.jpg\" alt=\"\">\n\t\t                <\/figure><!-- end image -->\n\t\t            <\/div><!-- end slide -->\t        \t\t\n\t        \t\t           \n\t        <\/div><!-- end slides -->\n\t    <\/div><!-- end slideshow-offset -->\n\t<\/div><!-- end slideshow-item -->\n","protected":false},"excerpt":{"rendered":"<p>Horari: de 11h a 15 h.<Br><br \/>\nDia: Dissabte i Diumenge (cada 15 dies)<\/p>\n","protected":false},"featured_media":48230,"template":"","meta":{"_acf_changed":true,"_monsterinsights_skip_tracking":false,"_monsterinsights_sitenote_active":false,"_monsterinsights_sitenote_note":"","_monsterinsights_sitenote_category":0},"product_brand":[],"product_cat":[],"product_tag":[],"activity_type":[332],"level":[341],"age":[390],"modality":[464],"payment_method":[],"class_list":{"0":"post-97654","1":"product","2":"type-product","3":"status-publish","4":"has-post-thumbnail","6":"activity_type-extraescolar","7":"level-basic","8":"age-infantil","9":"modality-multiactivitat","11":"first","12":"instock","13":"virtual","14":"purchasable","15":"product-type-simple"},"acf":[],"yoast_head":"<!-- This site is optimized with the Yoast SEO Premium plugin v20.7 (Yoast SEO v27.4) - https:\/\/yoast.com\/product\/yoast-seo-premium-wordpress\/ -->\n<title>Extraescolar Infantil 1 &#8211; Club N\u00e0utic L\u2019Escala<\/title>\n<meta name=\"description\" content=\"Extraescolars, extradivertit. Una activitat l\u00fadica i formativa per desrp\u00e9s de classe a l&#039;Escala. Diferents esports n\u00e0utics: Vela, Caiac i SUP.\" \/>\n<meta name=\"robots\" content=\"index, follow, max-snippet:-1, max-image-preview:large, max-video-preview:-1\" \/>\n<link rel=\"canonical\" href=\"https:\/\/nauticescala.com\/activitats-costa-brava\/extraescolar-infantil-1\/\" \/>\n<meta property=\"og:locale\" content=\"es_ES\" \/>\n<meta property=\"og:type\" content=\"article\" \/>\n<meta property=\"og:title\" content=\"Extraescolar Infantil 1\" \/>\n<meta property=\"og:description\" content=\"Extraescolars, extradivertit. Una activitat l\u00fadica i formativa per desrp\u00e9s de classe a l&#039;Escala. Diferents esports n\u00e0utics: Vela, Caiac i SUP.\" \/>\n<meta property=\"og:url\" content=\"https:\/\/nauticescala.com\/activitats-costa-brava\/extraescolar-infantil-1\/\" \/>\n<meta property=\"og:site_name\" content=\"Club N\u00e0utic L\u2019Escala\" \/>\n<meta property=\"article:modified_time\" content=\"2026-04-18T13:10:42+00:00\" \/>\n<meta property=\"og:image\" content=\"https:\/\/nauticescala.com\/wp-content\/uploads\/2022\/12\/2020-nauticescala-vela-lleugera-abonats-2.jpg\" \/>\n\t<meta property=\"og:image:width\" content=\"1800\" \/>\n\t<meta property=\"og:image:height\" content=\"907\" \/>\n\t<meta property=\"og:image:type\" content=\"image\/jpeg\" \/>\n<meta name=\"twitter:card\" content=\"summary_large_image\" \/>\n<meta name=\"twitter:label1\" content=\"Tiempo de lectura\" \/>\n\t<meta name=\"twitter:data1\" content=\"4 minutos\" \/>\n<script type=\"application\/ld+json\" class=\"yoast-schema-graph\">{\"@context\":\"https:\\\/\\\/schema.org\",\"@graph\":[{\"@type\":\"WebPage\",\"@id\":\"https:\\\/\\\/nauticescala.com\\\/activitats-costa-brava\\\/extraescolar-infantil-1\\\/\",\"url\":\"https:\\\/\\\/nauticescala.com\\\/activitats-costa-brava\\\/extraescolar-infantil-1\\\/\",\"name\":\"Extraescolar Infantil 1 &#8211; Club N\u00e0utic L\u2019Escala\",\"isPartOf\":{\"@id\":\"https:\\\/\\\/nauticescala.com\\\/#website\"},\"primaryImageOfPage\":{\"@id\":\"https:\\\/\\\/nauticescala.com\\\/activitats-costa-brava\\\/extraescolar-infantil-1\\\/#primaryimage\"},\"image\":{\"@id\":\"https:\\\/\\\/nauticescala.com\\\/activitats-costa-brava\\\/extraescolar-infantil-1\\\/#primaryimage\"},\"thumbnailUrl\":\"https:\\\/\\\/nauticescala.com\\\/wp-content\\\/uploads\\\/2022\\\/12\\\/2020-nauticescala-vela-lleugera-abonats-2.jpg\",\"datePublished\":\"2026-03-05T09:39:04+00:00\",\"dateModified\":\"2026-04-18T13:10:42+00:00\",\"description\":\"Extraescolars, extradivertit. Una activitat l\u00fadica i formativa per desrp\u00e9s de classe a l'Escala. Diferents esports n\u00e0utics: Vela, Caiac i SUP.\",\"breadcrumb\":{\"@id\":\"https:\\\/\\\/nauticescala.com\\\/activitats-costa-brava\\\/extraescolar-infantil-1\\\/#breadcrumb\"},\"inLanguage\":\"es\",\"potentialAction\":[{\"@type\":\"ReadAction\",\"target\":[\"https:\\\/\\\/nauticescala.com\\\/activitats-costa-brava\\\/extraescolar-infantil-1\\\/\"]}]},{\"@type\":\"ImageObject\",\"inLanguage\":\"es\",\"@id\":\"https:\\\/\\\/nauticescala.com\\\/activitats-costa-brava\\\/extraescolar-infantil-1\\\/#primaryimage\",\"url\":\"https:\\\/\\\/nauticescala.com\\\/wp-content\\\/uploads\\\/2022\\\/12\\\/2020-nauticescala-vela-lleugera-abonats-2.jpg\",\"contentUrl\":\"https:\\\/\\\/nauticescala.com\\\/wp-content\\\/uploads\\\/2022\\\/12\\\/2020-nauticescala-vela-lleugera-abonats-2.jpg\",\"width\":1800,\"height\":907},{\"@type\":\"BreadcrumbList\",\"@id\":\"https:\\\/\\\/nauticescala.com\\\/activitats-costa-brava\\\/extraescolar-infantil-1\\\/#breadcrumb\",\"itemListElement\":[{\"@type\":\"ListItem\",\"position\":1,\"name\":\"Home\",\"item\":\"https:\\\/\\\/nauticescala.com\\\/es\\\/\"},{\"@type\":\"ListItem\",\"position\":2,\"name\":\"Compra actividades en la Costa Brava\",\"item\":\"https:\\\/\\\/nauticescala.com\\\/es\\\/compra-actividades-en-la-costa-brava\\\/\"},{\"@type\":\"ListItem\",\"position\":3,\"name\":\"Extraescolar Infantil 1\"}]},{\"@type\":\"WebSite\",\"@id\":\"https:\\\/\\\/nauticescala.com\\\/#website\",\"url\":\"https:\\\/\\\/nauticescala.com\\\/\",\"name\":\"Club N\u00e0utic L\u2019Escala\",\"description\":\"Port esportiu a la Costa Brava\",\"potentialAction\":[{\"@type\":\"SearchAction\",\"target\":{\"@type\":\"EntryPoint\",\"urlTemplate\":\"https:\\\/\\\/nauticescala.com\\\/?s={search_term_string}\"},\"query-input\":{\"@type\":\"PropertyValueSpecification\",\"valueRequired\":true,\"valueName\":\"search_term_string\"}}],\"inLanguage\":\"es\"}]}<\/script>\n<!-- \/ Yoast SEO Premium plugin. -->","yoast_head_json":{"title":"Extraescolar Infantil 1 &#8211; Club N\u00e0utic L\u2019Escala","description":"Extraescolars, extradivertit. Una activitat l\u00fadica i formativa per desrp\u00e9s de classe a l'Escala. Diferents esports n\u00e0utics: Vela, Caiac i SUP.","robots":{"index":"index","follow":"follow","max-snippet":"max-snippet:-1","max-image-preview":"max-image-preview:large","max-video-preview":"max-video-preview:-1"},"canonical":"https:\/\/nauticescala.com\/activitats-costa-brava\/extraescolar-infantil-1\/","og_locale":"es_ES","og_type":"article","og_title":"Extraescolar Infantil 1","og_description":"Extraescolars, extradivertit. Una activitat l\u00fadica i formativa per desrp\u00e9s de classe a l'Escala. Diferents esports n\u00e0utics: Vela, Caiac i SUP.","og_url":"https:\/\/nauticescala.com\/activitats-costa-brava\/extraescolar-infantil-1\/","og_site_name":"Club N\u00e0utic L\u2019Escala","article_modified_time":"2026-04-18T13:10:42+00:00","og_image":[{"width":1800,"height":907,"url":"https:\/\/nauticescala.com\/wp-content\/uploads\/2022\/12\/2020-nauticescala-vela-lleugera-abonats-2.jpg","type":"image\/jpeg"}],"twitter_card":"summary_large_image","twitter_misc":{"Tiempo de lectura":"4 minutos"},"schema":{"@context":"https:\/\/schema.org","@graph":[{"@type":"WebPage","@id":"https:\/\/nauticescala.com\/activitats-costa-brava\/extraescolar-infantil-1\/","url":"https:\/\/nauticescala.com\/activitats-costa-brava\/extraescolar-infantil-1\/","name":"Extraescolar Infantil 1 &#8211; Club N\u00e0utic L\u2019Escala","isPartOf":{"@id":"https:\/\/nauticescala.com\/#website"},"primaryImageOfPage":{"@id":"https:\/\/nauticescala.com\/activitats-costa-brava\/extraescolar-infantil-1\/#primaryimage"},"image":{"@id":"https:\/\/nauticescala.com\/activitats-costa-brava\/extraescolar-infantil-1\/#primaryimage"},"thumbnailUrl":"https:\/\/nauticescala.com\/wp-content\/uploads\/2022\/12\/2020-nauticescala-vela-lleugera-abonats-2.jpg","datePublished":"2026-03-05T09:39:04+00:00","dateModified":"2026-04-18T13:10:42+00:00","description":"Extraescolars, extradivertit. Una activitat l\u00fadica i formativa per desrp\u00e9s de classe a l'Escala. Diferents esports n\u00e0utics: Vela, Caiac i SUP.","breadcrumb":{"@id":"https:\/\/nauticescala.com\/activitats-costa-brava\/extraescolar-infantil-1\/#breadcrumb"},"inLanguage":"es","potentialAction":[{"@type":"ReadAction","target":["https:\/\/nauticescala.com\/activitats-costa-brava\/extraescolar-infantil-1\/"]}]},{"@type":"ImageObject","inLanguage":"es","@id":"https:\/\/nauticescala.com\/activitats-costa-brava\/extraescolar-infantil-1\/#primaryimage","url":"https:\/\/nauticescala.com\/wp-content\/uploads\/2022\/12\/2020-nauticescala-vela-lleugera-abonats-2.jpg","contentUrl":"https:\/\/nauticescala.com\/wp-content\/uploads\/2022\/12\/2020-nauticescala-vela-lleugera-abonats-2.jpg","width":1800,"height":907},{"@type":"BreadcrumbList","@id":"https:\/\/nauticescala.com\/activitats-costa-brava\/extraescolar-infantil-1\/#breadcrumb","itemListElement":[{"@type":"ListItem","position":1,"name":"Home","item":"https:\/\/nauticescala.com\/es\/"},{"@type":"ListItem","position":2,"name":"Compra actividades en la Costa Brava","item":"https:\/\/nauticescala.com\/es\/compra-actividades-en-la-costa-brava\/"},{"@type":"ListItem","position":3,"name":"Extraescolar Infantil 1"}]},{"@type":"WebSite","@id":"https:\/\/nauticescala.com\/#website","url":"https:\/\/nauticescala.com\/","name":"Club N\u00e0utic L\u2019Escala","description":"Port esportiu a la Costa Brava","potentialAction":[{"@type":"SearchAction","target":{"@type":"EntryPoint","urlTemplate":"https:\/\/nauticescala.com\/?s={search_term_string}"},"query-input":{"@type":"PropertyValueSpecification","valueRequired":true,"valueName":"search_term_string"}}],"inLanguage":"es"}]}},"_links":{"self":[{"href":"https:\/\/nauticescala.com\/es\/wp-json\/wp\/v2\/product\/97654","targetHints":{"allow":["GET"]}}],"collection":[{"href":"https:\/\/nauticescala.com\/es\/wp-json\/wp\/v2\/product"}],"about":[{"href":"https:\/\/nauticescala.com\/es\/wp-json\/wp\/v2\/types\/product"}],"wp:featuredmedia":[{"embeddable":true,"href":"https:\/\/nauticescala.com\/es\/wp-json\/wp\/v2\/media\/48230"}],"wp:attachment":[{"href":"https:\/\/nauticescala.com\/es\/wp-json\/wp\/v2\/media?parent=97654"}],"wp:term":[{"taxonomy":"product_brand","embeddable":true,"href":"https:\/\/nauticescala.com\/es\/wp-json\/wp\/v2\/product_brand?post=97654"},{"taxonomy":"product_cat","embeddable":true,"href":"https:\/\/nauticescala.com\/es\/wp-json\/wp\/v2\/product_cat?post=97654"},{"taxonomy":"product_tag","embeddable":true,"href":"https:\/\/nauticescala.com\/es\/wp-json\/wp\/v2\/product_tag?post=97654"},{"taxonomy":"activity_type","embeddable":true,"href":"https:\/\/nauticescala.com\/es\/wp-json\/wp\/v2\/activity_type?post=97654"},{"taxonomy":"level","embeddable":true,"href":"https:\/\/nauticescala.com\/es\/wp-json\/wp\/v2\/level?post=97654"},{"taxonomy":"age","embeddable":true,"href":"https:\/\/nauticescala.com\/es\/wp-json\/wp\/v2\/age?post=97654"},{"taxonomy":"modality","embeddable":true,"href":"https:\/\/nauticescala.com\/es\/wp-json\/wp\/v2\/modality?post=97654"},{"taxonomy":"payment_method","embeddable":true,"href":"https:\/\/nauticescala.com\/es\/wp-json\/wp\/v2\/payment_method?post=97654"}],"curies":[{"name":"wp","href":"https:\/\/api.w.org\/{rel}","templated":true}]}}