 {"id":97851,"date":"2026-03-10T18:10:58","date_gmt":"2026-03-10T17:10:58","guid":{"rendered":"https:\/\/nauticescala.com\/activitats-costa-brava\/sessio-guiada-vela-creuer-18\/"},"modified":"2026-04-03T11:11:23","modified_gmt":"2026-04-03T09:11:23","slug":"sessio-guiada-vela-creuer-18","status":"publish","type":"product","link":"https:\/\/nauticescala.com\/es\/compra-actividades-costa-brava\/sessio-guiada-vela-creuer-18\/","title":{"rendered":"Sessi\u00f3 Guiada Vela Creuer"},"content":{"rendered":"\n            \n<section class=\"article-section\"><div class=\"container\">\n\n<\/div><\/section>\n                            <div class=\"accordion-block\">\n                    <div id=\"accordion\" class=\"accordion\">\n                                                                            <div class=\"card\">\n                                <div class=\"card-header\">\n                                    <h3>\n                                        <a href=\"#\" class=\"collapsed\" data-toggle=\"collapse\" data-target=\"#collapse-01\" aria-expanded=\"true\"><i class=\"ico-opener\">&nbsp;<\/i>L&#8217;activitat inclou<\/a>\n                                    <\/h3>\n                                <\/div><!-- end card-header -->\n                                <div id=\"collapse-01\" class=\"collapse\">\n                                                                    <div class=\"card-body\">\n\n                                        \n                                            \n                                                                                                    \n                                                                                                                                                                    \n                                                                                                                                                                                                                                                                <ul class=\"unordered-list two-cols-text\">\n                                                                                                                                                                                                                                    <li>Embarcaci\u00f3<\/li>\n                                                                                                                                                                                                                                                                                                                <li>Guia<\/li>\n                                                                                                                                                                                                                                                                                                                <li>Armilla salvavides<\/li>\n                                                                                                                                                                                                                                                                                                                <li>Roba d&#8217;aigua (si s&#8217;escau)<\/li>\n                                                                                                                                                                                                                                                                                                                <li>Asseguran\u00e7a<\/li>\n                                                                                                                                                                                                                                                                                                                <li>Acc\u00e9s als vestuaris i guixetes de l&#8217;\u00c0rea Esportiva del Club<\/li>\n                                                                                                                                                                                                                        <\/ul><!-- end unordered-list -->\n                                                                                                                                                                                                                                                 \n                                                    \n                                                \n                                            \n                                        \n                                    <\/div><!-- end card-body -->\n                                <\/div><!-- end collapse -->\n                            <\/div><!-- end card -->\n                                                                                <div class=\"card\">\n                                <div class=\"card-header\">\n                                    <h3>\n                                        <a href=\"#\" class=\"collapsed\" data-toggle=\"collapse\" data-target=\"#collapse-02\" aria-expanded=\"true\"><i class=\"ico-opener\">&nbsp;<\/i>Qu\u00e8 cal portar?<\/a>\n                                    <\/h3>\n                                <\/div><!-- end card-header -->\n                                <div id=\"collapse-02\" class=\"collapse\">\n                                                                    <div class=\"card-body\">\n\n                                        \n                                            \n                                                                                                    \n                                                                                                                                                                    \n                                                                                                                                                                                                                                                                <ul class=\"unordered-list two-cols-text\">\n                                                                                                                                                                                                                                    <li>Gorra<\/li>\n                                                                                                                                                                                                                                                                                                                <li>Cal\u00e7ati roba c\u00f2mode<\/li>\n                                                                                                                                                                                                                                                                                                                <li>Aigua<\/li>\n                                                                                                                                                                                                                                                                                                                <li>Crema solar<\/li>\n                                                                                                                                                                                                                                                                                                                <li>Paravent (si s&#8217;escau)<\/li>\n                                                                                                                                                                                                                        <\/ul><!-- end unordered-list -->\n                                                                                                                                                                                                                                                 \n                                                    \n                                                \n                                            \n                                        \n                                    <\/div><!-- end card-body -->\n                                <\/div><!-- end collapse -->\n                            <\/div><!-- end card -->\n                                                                                <div class=\"card\">\n                                <div class=\"card-header\">\n                                    <h3>\n                                        <a href=\"#\" class=\"collapsed\" data-toggle=\"collapse\" data-target=\"#collapse-03\" aria-expanded=\"true\"><i class=\"ico-opener\">&nbsp;<\/i>Descomptes<\/a>\n                                    <\/h3>\n                                <\/div><!-- end card-header -->\n                                <div id=\"collapse-03\" class=\"collapse\">\n                                                                    <div class=\"card-body\">\n\n                                        \n                                            \n                                                \n                                                    <ul>\n<li>15% descompte per a socis del Club<\/li>\n<li>100% descompte per <a href=\"\/activitats-costa-brava\/abonament-a-flota-plus\/\">abonats a Flota Plus<\/a><\/li>\n<li>10% descompte per a usuaris del Forfait Anual<\/li>\n<li>5% descompte per usuaris del Forfait de Temporada<\/li>\n<li>1 \u00fas gratu\u00eft per cada 5 contractats<\/li>\n<li>2 \u00fas gratu\u00eft per cada 10 contractats<\/li>\n<\/ul>\n\n                                                \n                                            \n                                        \n                                    <\/div><!-- end card-body -->\n                                <\/div><!-- end collapse -->\n                            <\/div><!-- end card -->\n                                                                        <\/div><!-- end accordion -->\n                <\/div><!-- end accordion-block -->\n            \n<section class=\"article-section\"><div class=\"container\">\n\n<\/div><\/section>\t<div class=\"slideshow-item\">\n\t    <div class=\"slideshow-offset\">\n\t        <div class=\"slides\">\n\t        \t\t\t            <div class=\"slide\">\n\t\t                <figure class=\"image\">\n\t\t                    <img decoding=\"async\" src=\"https:\/\/nauticescala.com\/wp-content\/uploads\/2021\/05\/2021-club-nautic-lescala-creuer-9.jpg\" alt=\"2021-Club Nautic lEscala_Creuer-trobada de velers \">\n\t\t                <\/figure><!-- end image -->\n\t\t            <\/div><!-- end slide -->\t        \t\t\n\t        \t\t\t            <div class=\"slide\">\n\t\t                <figure class=\"image\">\n\t\t                    <img decoding=\"async\" src=\"https:\/\/nauticescala.com\/wp-content\/uploads\/2022\/05\/2022-club-nautic-escala-escalagde-regates-creuer-1.jpg\" alt=\"2022-club nautic-escala-Escalagde- Regates-creuer (1)\">\n\t\t                <\/figure><!-- end image -->\n\t\t            <\/div><!-- end slide -->\t        \t\t\n\t        \t\t\t            <div class=\"slide\">\n\t\t                <figure class=\"image\">\n\t\t                    <img decoding=\"async\" src=\"https:\/\/nauticescala.com\/wp-content\/uploads\/2025\/12\/2023-nauticescala-creuer-76.jpg\" alt=\"\">\n\t\t                <\/figure><!-- end image -->\n\t\t            <\/div><!-- end slide -->\t        \t\t\n\t        \t\t\t            <div class=\"slide\">\n\t\t                <figure class=\"image\">\n\t\t                    <img decoding=\"async\" src=\"https:\/\/nauticescala.com\/wp-content\/uploads\/2025\/12\/54343562245-d3ed77f366-o.jpg\" alt=\"\">\n\t\t                <\/figure><!-- end image -->\n\t\t            <\/div><!-- end slide -->\t        \t\t\n\t        \t\t\t            <div class=\"slide\">\n\t\t                <figure class=\"image\">\n\t\t                    <img decoding=\"async\" src=\"https:\/\/nauticescala.com\/wp-content\/uploads\/2025\/12\/54587524662-ee673dc124-o-1.jpg\" alt=\"\">\n\t\t                <\/figure><!-- end image -->\n\t\t            <\/div><!-- end slide -->\t        \t\t\n\t        \t\t           \n\t        <\/div><!-- end slides -->\n\t    <\/div><!-- end slideshow-offset -->\n\t<\/div><!-- end slideshow-item -->\n","protected":false},"excerpt":{"rendered":"<p>Horari: 15h. a 18h.<br \/> <br \/>\nSessi\u00f3 2<\/p>\n","protected":false},"featured_media":94137,"template":"","meta":{"_acf_changed":true,"_monsterinsights_skip_tracking":false,"_monsterinsights_sitenote_active":false,"_monsterinsights_sitenote_note":"","_monsterinsights_sitenote_category":0},"product_brand":[],"product_cat":[],"product_tag":[],"activity_type":[337],"level":[378],"age":[392],"modality":[425],"payment_method":[],"class_list":{"0":"post-97851","1":"product","2":"type-product","3":"status-publish","4":"has-post-thumbnail","6":"activity_type-ruta-guiada","7":"level-mitja","8":"age-adult","9":"modality-creuer","11":"first","12":"instock","13":"sale","14":"virtual","15":"purchasable","16":"product-type-simple"},"acf":[],"yoast_head":"<!-- This site is optimized with the Yoast SEO Premium plugin v20.7 (Yoast SEO v27.3) - https:\/\/yoast.com\/product\/yoast-seo-premium-wordpress\/ -->\n<title>Sessi\u00f3 Guiada Vela Creuer &#8211; Club N\u00e0utic L\u2019Escala<\/title>\n<meta name=\"description\" content=\"Sortides a vela amb grup nivell mitj\u00e0 per descobrir l&#039;Escala i la Costa Brava des del mar. Aprendr\u00e0s a navegar i els secrets de l&#039;Escala\" \/>\n<meta name=\"robots\" content=\"index, follow, max-snippet:-1, max-image-preview:large, max-video-preview:-1\" \/>\n<link rel=\"canonical\" href=\"https:\/\/nauticescala.com\/activitats-costa-brava\/sessio-guiada-vela-creuer-18\/\" \/>\n<meta property=\"og:locale\" content=\"es_ES\" \/>\n<meta property=\"og:type\" content=\"article\" \/>\n<meta property=\"og:title\" content=\"Sessi\u00f3 Guiada Vela Creuer\" \/>\n<meta property=\"og:description\" content=\"Sortides a vela amb grup nivell mitj\u00e0 per descobrir l&#039;Escala i la Costa Brava des del mar. Aprendr\u00e0s a navegar i els secrets de l&#039;Escala\" \/>\n<meta property=\"og:url\" content=\"https:\/\/nauticescala.com\/activitats-costa-brava\/sessio-guiada-vela-creuer-18\/\" \/>\n<meta property=\"og:site_name\" content=\"Club N\u00e0utic L\u2019Escala\" \/>\n<meta property=\"article:modified_time\" content=\"2026-04-03T09:11:23+00:00\" \/>\n<meta property=\"og:image\" content=\"https:\/\/nauticescala.com\/wp-content\/uploads\/2025\/12\/2024-nauticescala-creuer-78.jpg\" \/>\n\t<meta property=\"og:image:width\" content=\"1800\" \/>\n\t<meta property=\"og:image:height\" content=\"907\" \/>\n\t<meta property=\"og:image:type\" content=\"image\/jpeg\" \/>\n<meta name=\"twitter:card\" content=\"summary_large_image\" \/>\n<meta name=\"twitter:label1\" content=\"Tiempo de lectura\" \/>\n\t<meta name=\"twitter:data1\" content=\"3 minutos\" \/>\n<script type=\"application\/ld+json\" class=\"yoast-schema-graph\">{\"@context\":\"https:\\\/\\\/schema.org\",\"@graph\":[{\"@type\":\"WebPage\",\"@id\":\"https:\\\/\\\/nauticescala.com\\\/activitats-costa-brava\\\/sessio-guiada-vela-creuer-18\\\/\",\"url\":\"https:\\\/\\\/nauticescala.com\\\/activitats-costa-brava\\\/sessio-guiada-vela-creuer-18\\\/\",\"name\":\"Sessi\u00f3 Guiada Vela Creuer &#8211; Club N\u00e0utic L\u2019Escala\",\"isPartOf\":{\"@id\":\"https:\\\/\\\/nauticescala.com\\\/#website\"},\"primaryImageOfPage\":{\"@id\":\"https:\\\/\\\/nauticescala.com\\\/activitats-costa-brava\\\/sessio-guiada-vela-creuer-18\\\/#primaryimage\"},\"image\":{\"@id\":\"https:\\\/\\\/nauticescala.com\\\/activitats-costa-brava\\\/sessio-guiada-vela-creuer-18\\\/#primaryimage\"},\"thumbnailUrl\":\"https:\\\/\\\/nauticescala.com\\\/wp-content\\\/uploads\\\/2025\\\/12\\\/2024-nauticescala-creuer-78.jpg\",\"datePublished\":\"2026-03-10T17:10:58+00:00\",\"dateModified\":\"2026-04-03T09:11:23+00:00\",\"description\":\"Sortides a vela amb grup nivell mitj\u00e0 per descobrir l'Escala i la Costa Brava des del mar. Aprendr\u00e0s a navegar i els secrets de l'Escala\",\"breadcrumb\":{\"@id\":\"https:\\\/\\\/nauticescala.com\\\/activitats-costa-brava\\\/sessio-guiada-vela-creuer-18\\\/#breadcrumb\"},\"inLanguage\":\"es\",\"potentialAction\":[{\"@type\":\"ReadAction\",\"target\":[\"https:\\\/\\\/nauticescala.com\\\/activitats-costa-brava\\\/sessio-guiada-vela-creuer-18\\\/\"]}]},{\"@type\":\"ImageObject\",\"inLanguage\":\"es\",\"@id\":\"https:\\\/\\\/nauticescala.com\\\/activitats-costa-brava\\\/sessio-guiada-vela-creuer-18\\\/#primaryimage\",\"url\":\"https:\\\/\\\/nauticescala.com\\\/wp-content\\\/uploads\\\/2025\\\/12\\\/2024-nauticescala-creuer-78.jpg\",\"contentUrl\":\"https:\\\/\\\/nauticescala.com\\\/wp-content\\\/uploads\\\/2025\\\/12\\\/2024-nauticescala-creuer-78.jpg\",\"width\":1800,\"height\":907},{\"@type\":\"BreadcrumbList\",\"@id\":\"https:\\\/\\\/nauticescala.com\\\/activitats-costa-brava\\\/sessio-guiada-vela-creuer-18\\\/#breadcrumb\",\"itemListElement\":[{\"@type\":\"ListItem\",\"position\":1,\"name\":\"Home\",\"item\":\"https:\\\/\\\/nauticescala.com\\\/es\\\/\"},{\"@type\":\"ListItem\",\"position\":2,\"name\":\"Compra actividades en la Costa Brava\",\"item\":\"https:\\\/\\\/nauticescala.com\\\/es\\\/compra-actividades-en-la-costa-brava\\\/\"},{\"@type\":\"ListItem\",\"position\":3,\"name\":\"Sessi\u00f3 Guiada Vela Creuer\"}]},{\"@type\":\"WebSite\",\"@id\":\"https:\\\/\\\/nauticescala.com\\\/#website\",\"url\":\"https:\\\/\\\/nauticescala.com\\\/\",\"name\":\"Club N\u00e0utic L\u2019Escala\",\"description\":\"Port esportiu a la Costa Brava\",\"potentialAction\":[{\"@type\":\"SearchAction\",\"target\":{\"@type\":\"EntryPoint\",\"urlTemplate\":\"https:\\\/\\\/nauticescala.com\\\/?s={search_term_string}\"},\"query-input\":{\"@type\":\"PropertyValueSpecification\",\"valueRequired\":true,\"valueName\":\"search_term_string\"}}],\"inLanguage\":\"es\"}]}<\/script>\n<!-- \/ Yoast SEO Premium plugin. -->","yoast_head_json":{"title":"Sessi\u00f3 Guiada Vela Creuer &#8211; Club N\u00e0utic L\u2019Escala","description":"Sortides a vela amb grup nivell mitj\u00e0 per descobrir l'Escala i la Costa Brava des del mar. Aprendr\u00e0s a navegar i els secrets de l'Escala","robots":{"index":"index","follow":"follow","max-snippet":"max-snippet:-1","max-image-preview":"max-image-preview:large","max-video-preview":"max-video-preview:-1"},"canonical":"https:\/\/nauticescala.com\/activitats-costa-brava\/sessio-guiada-vela-creuer-18\/","og_locale":"es_ES","og_type":"article","og_title":"Sessi\u00f3 Guiada Vela Creuer","og_description":"Sortides a vela amb grup nivell mitj\u00e0 per descobrir l'Escala i la Costa Brava des del mar. Aprendr\u00e0s a navegar i els secrets de l'Escala","og_url":"https:\/\/nauticescala.com\/activitats-costa-brava\/sessio-guiada-vela-creuer-18\/","og_site_name":"Club N\u00e0utic L\u2019Escala","article_modified_time":"2026-04-03T09:11:23+00:00","og_image":[{"width":1800,"height":907,"url":"https:\/\/nauticescala.com\/wp-content\/uploads\/2025\/12\/2024-nauticescala-creuer-78.jpg","type":"image\/jpeg"}],"twitter_card":"summary_large_image","twitter_misc":{"Tiempo de lectura":"3 minutos"},"schema":{"@context":"https:\/\/schema.org","@graph":[{"@type":"WebPage","@id":"https:\/\/nauticescala.com\/activitats-costa-brava\/sessio-guiada-vela-creuer-18\/","url":"https:\/\/nauticescala.com\/activitats-costa-brava\/sessio-guiada-vela-creuer-18\/","name":"Sessi\u00f3 Guiada Vela Creuer &#8211; Club N\u00e0utic L\u2019Escala","isPartOf":{"@id":"https:\/\/nauticescala.com\/#website"},"primaryImageOfPage":{"@id":"https:\/\/nauticescala.com\/activitats-costa-brava\/sessio-guiada-vela-creuer-18\/#primaryimage"},"image":{"@id":"https:\/\/nauticescala.com\/activitats-costa-brava\/sessio-guiada-vela-creuer-18\/#primaryimage"},"thumbnailUrl":"https:\/\/nauticescala.com\/wp-content\/uploads\/2025\/12\/2024-nauticescala-creuer-78.jpg","datePublished":"2026-03-10T17:10:58+00:00","dateModified":"2026-04-03T09:11:23+00:00","description":"Sortides a vela amb grup nivell mitj\u00e0 per descobrir l'Escala i la Costa Brava des del mar. Aprendr\u00e0s a navegar i els secrets de l'Escala","breadcrumb":{"@id":"https:\/\/nauticescala.com\/activitats-costa-brava\/sessio-guiada-vela-creuer-18\/#breadcrumb"},"inLanguage":"es","potentialAction":[{"@type":"ReadAction","target":["https:\/\/nauticescala.com\/activitats-costa-brava\/sessio-guiada-vela-creuer-18\/"]}]},{"@type":"ImageObject","inLanguage":"es","@id":"https:\/\/nauticescala.com\/activitats-costa-brava\/sessio-guiada-vela-creuer-18\/#primaryimage","url":"https:\/\/nauticescala.com\/wp-content\/uploads\/2025\/12\/2024-nauticescala-creuer-78.jpg","contentUrl":"https:\/\/nauticescala.com\/wp-content\/uploads\/2025\/12\/2024-nauticescala-creuer-78.jpg","width":1800,"height":907},{"@type":"BreadcrumbList","@id":"https:\/\/nauticescala.com\/activitats-costa-brava\/sessio-guiada-vela-creuer-18\/#breadcrumb","itemListElement":[{"@type":"ListItem","position":1,"name":"Home","item":"https:\/\/nauticescala.com\/es\/"},{"@type":"ListItem","position":2,"name":"Compra actividades en la Costa Brava","item":"https:\/\/nauticescala.com\/es\/compra-actividades-en-la-costa-brava\/"},{"@type":"ListItem","position":3,"name":"Sessi\u00f3 Guiada Vela Creuer"}]},{"@type":"WebSite","@id":"https:\/\/nauticescala.com\/#website","url":"https:\/\/nauticescala.com\/","name":"Club N\u00e0utic L\u2019Escala","description":"Port esportiu a la Costa Brava","potentialAction":[{"@type":"SearchAction","target":{"@type":"EntryPoint","urlTemplate":"https:\/\/nauticescala.com\/?s={search_term_string}"},"query-input":{"@type":"PropertyValueSpecification","valueRequired":true,"valueName":"search_term_string"}}],"inLanguage":"es"}]}},"_links":{"self":[{"href":"https:\/\/nauticescala.com\/es\/wp-json\/wp\/v2\/product\/97851","targetHints":{"allow":["GET"]}}],"collection":[{"href":"https:\/\/nauticescala.com\/es\/wp-json\/wp\/v2\/product"}],"about":[{"href":"https:\/\/nauticescala.com\/es\/wp-json\/wp\/v2\/types\/product"}],"wp:featuredmedia":[{"embeddable":true,"href":"https:\/\/nauticescala.com\/es\/wp-json\/wp\/v2\/media\/94137"}],"wp:attachment":[{"href":"https:\/\/nauticescala.com\/es\/wp-json\/wp\/v2\/media?parent=97851"}],"wp:term":[{"taxonomy":"product_brand","embeddable":true,"href":"https:\/\/nauticescala.com\/es\/wp-json\/wp\/v2\/product_brand?post=97851"},{"taxonomy":"product_cat","embeddable":true,"href":"https:\/\/nauticescala.com\/es\/wp-json\/wp\/v2\/product_cat?post=97851"},{"taxonomy":"product_tag","embeddable":true,"href":"https:\/\/nauticescala.com\/es\/wp-json\/wp\/v2\/product_tag?post=97851"},{"taxonomy":"activity_type","embeddable":true,"href":"https:\/\/nauticescala.com\/es\/wp-json\/wp\/v2\/activity_type?post=97851"},{"taxonomy":"level","embeddable":true,"href":"https:\/\/nauticescala.com\/es\/wp-json\/wp\/v2\/level?post=97851"},{"taxonomy":"age","embeddable":true,"href":"https:\/\/nauticescala.com\/es\/wp-json\/wp\/v2\/age?post=97851"},{"taxonomy":"modality","embeddable":true,"href":"https:\/\/nauticescala.com\/es\/wp-json\/wp\/v2\/modality?post=97851"},{"taxonomy":"payment_method","embeddable":true,"href":"https:\/\/nauticescala.com\/es\/wp-json\/wp\/v2\/payment_method?post=97851"}],"curies":[{"name":"wp","href":"https:\/\/api.w.org\/{rel}","templated":true}]}}