 {"id":10968,"date":"2020-04-08T15:15:33","date_gmt":"2020-04-08T13:15:33","guid":{"rendered":"http:\/\/nauticescala.com\/altres-modalitats\/"},"modified":"2025-05-27T13:31:34","modified_gmt":"2025-05-27T11:31:34","slug":"autres-modalites","status":"publish","type":"page","link":"https:\/\/nauticescala.com\/fr\/activites-nautiques-sur-la-costa-brava\/autres-modalites\/","title":{"rendered":"Autres modalit\u00e9s"},"content":{"rendered":"\t\n\t<section class=\"title-section d-md-block\">\n\t\t<div class=\"container\">\n\t\t\t\t\n\t\t\t\t<h1>Entreprises situ\u00e9es dans le Club<\/h1>\n\t\t\t\t\t\t\t\n\t\t\t\t<p>Au Club, vous pouvez profiter de nombreuses autres activit\u00e9s!<\/p>\n\t\t\t\t\t<\/div><!-- end container -->\n\t<\/section><!-- end title-section -->\n<section class=\"article-section\"><div class=\"container\">\n\n<\/div><\/section>\t<div class=\"visual-area\">\n\t\t<figure class=\"visual-banner\">\n\t\t\t<div class=\"image\">\n\t\t\t\t<img decoding=\"async\" src=\"https:\/\/nauticescala.com\/wp-content\/uploads\/2020\/03\/2012-cn-lescala-costa-brava-gent.jpg\" alt=\"\" \/>\n\t\t\t<\/div><!-- end image -->\n\t\t\t<div class=\"bg-image bg-img primary-gradient\">\n\t\t\t\t<img decoding=\"async\" src=\"https:\/\/nauticescala.com\/wp-content\/uploads\/2020\/03\/2012-cn-lescala-costa-brava-gent.jpg\" alt=\"\" \/>\n\t\t\t<\/div><!-- end bg-image -->\n\t\t<\/figure><!-- end visual-banner -->\n\t<\/div><!-- end visual-area -->\n<section class=\"article-section\"><div class=\"container\">\n\n<\/div><\/section>\n        <div class=\"intro-area-holder\">\n            <h2>Location de bateaux, plong\u00e9e sous-marine, charte de moteur et de voile, jet ski&#8230;<\/h2>\n<h3><span class=\"tlid-translation translation\" lang=\"fr\"><span class=\"\" title=\"\">Entrez dans la mer depuis le Club N\u00e0utic l\u2019Escala!<\/span><\/span><\/h3>\n<p>Au Club, vous pourrez pratiquer de nombreuses autres activit\u00e9s nautiques gr\u00e2ce aux diff\u00e9rentes enterprises situ\u00e9es dans le port.<\/p>\n<p>Si vous \u00eates membre du Club, vous b\u00e9n\u00e9ficierez \u00e9galement d&rsquo;avantages en contractant ou en r\u00e9servant ses services.<\/p>\n<h3>D\u00e9couvrez-les!<\/h3>\n        <\/div><!-- end intro-area-holder -->\n\n\n<section class=\"article-section\"><div class=\"container\">\n\n<\/div><\/section>\n                            <div class=\"accordion-block\">\n                    <div id=\"accordion\" class=\"accordion\">\n                                                                            <div class=\"card\">\n                                <div class=\"card-header\">\n                                    <h3>\n                                        <a href=\"#\" class=\"collapsed\" data-toggle=\"collapse\" data-target=\"#collapse-0100\" aria-expanded=\"true\"><i class=\"ico-opener\">&nbsp;<\/i>Location de bateaux<\/a>\n                                    <\/h3>\n                                <\/div><!-- end card-header -->\n                                <div id=\"collapse-0100\" class=\"collapse\">\n                                                                    <div class=\"card-body\">\n\n                                                                                \n                                            <div class=\"row\">\n\n                                                \n                                                    <div class=\"col-md-12\">\n\n                                                        <!-- content -->\n                                                        \n                                                            \n                                                                \n                                                                    <h3><span class=\"tlid-translation translation\" lang=\"fr\"><span class=\"\" title=\"\">\u00c0 moteur, \u00e0 la voile, avec un skipper ou \u00e0 votre propre\u2026 Profitez de la navigation \u00e0 l\u2019Escala!<\/span><\/span><\/h3>\n<p><a href=\"https:\/\/www.novaimport.com\/fr\/\" target=\"_blank\" rel=\"noopener\"><strong>Novaimport Empord\u00e0<\/strong><\/a> est une enterprise de location de bateaux avec ou sans skipper.<\/p>\n<p>Situ\u00e9e dans le Club, l&rsquo;enterprise vous propose une flotte actualis\u00e9e compos\u00e9e de plus de 23 bateaux \u00e0 moteur et \u00e0 voile.<\/p>\n<p>Leur bureau est juste en face des amarres, facilitant un acc\u00e8s rapide et confortable \u00e0 votre bateau de location.<\/p>\n<p><span class=\"_Xbe _ZWk kno-fv\"><strong>Plus d&rsquo;informations<\/strong><br \/>\nNovaimport Empord\u00e0<br \/>\nTel: 972 773 041<br \/>\n<\/span><span class=\"_Xbe _ZWk kno-fv\">Mail: novaimport@novaimport.com<\/span><\/p>\n\n                                                                \n                                                            \n                                                                                                                <!-- end content -->\n\n                                                    <\/div>\n\n                                                \n                                            <\/div>\n\n                                        \n                                    <\/div><!-- end card-body -->\n                                <\/div><!-- end collapse -->\n                            <\/div><!-- end card -->\n                                                                                <div class=\"card\">\n                                <div class=\"card-header\">\n                                    <h3>\n                                        <a href=\"#\" class=\"collapsed\" data-toggle=\"collapse\" data-target=\"#collapse-0200\" aria-expanded=\"true\"><i class=\"ico-opener\">&nbsp;<\/i>Plong\u00e9e<\/a>\n                                    <\/h3>\n                                <\/div><!-- end card-header -->\n                                <div id=\"collapse-0200\" class=\"collapse\">\n                                                                    <div class=\"card-body\">\n\n                                                                                \n                                            <div class=\"row\">\n\n                                                \n                                                    <div class=\"col-md-12\">\n\n                                                        <!-- content -->\n                                                        \n                                                            \n                                                                \n                                                                    <h3>Orca Diving, votre centre de plong\u00e9e dans le Club! Cours, tours, location, bapt\u00eames et chargement de bouteilles.<\/h3>\n<p><a href=\"http:\/\/www.orcadiving.net\/fr\/le-centre\/\" target=\"_blank\" rel=\"noopener\">Orca Diving<\/a> est votre centre de plong\u00e9e situ\u00e9 au Club N\u00e0utic l\u2019Escala.<\/p>\n<p>Vous le trouverez \u00e0 c\u00f4t\u00e9 de le Centre Nautique du Club et il a tout le mat\u00e9riel, les installations et l&rsquo;intimit\u00e9 pour garantir un s\u00e9jour confortable.<\/p>\n<p>Il propose \u00e9galement un large \u00e9ventail d&rsquo;activit\u00e9s pour profiter au maximum de la plong\u00e9e!<\/p>\n<p><strong>Plus d&rsquo;informations:<\/strong><br \/>\nOrca Diving<br \/>\nTel: 972 059 547 \/ 602 213 851<br \/>\nMail: info@orcadiving.net<\/p>\n\n                                                                \n                                                            \n                                                                                                                <!-- end content -->\n\n                                                    <\/div>\n\n                                                \n                                            <\/div>\n\n                                        \n                                    <\/div><!-- end card-body -->\n                                <\/div><!-- end collapse -->\n                            <\/div><!-- end card -->\n                                                                                <div class=\"card\">\n                                <div class=\"card-header\">\n                                    <h3>\n                                        <a href=\"#\" class=\"collapsed\" data-toggle=\"collapse\" data-target=\"#collapse-0300\" aria-expanded=\"true\"><i class=\"ico-opener\">&nbsp;<\/i>Jet Ski<\/a>\n                                    <\/h3>\n                                <\/div><!-- end card-header -->\n                                <div id=\"collapse-0300\" class=\"collapse\">\n                                                                    <div class=\"card-body\">\n\n                                                                                \n                                            <div class=\"row\">\n\n                                                \n                                                    <div class=\"col-md-12\">\n\n                                                        <!-- content -->\n                                                        \n                                                            \n                                                                \n                                                                    <h3>Jet Ski l\u2019Escala, votre centre de location de jet ski au Club!<\/h3>\n<p><a href=\"https:\/\/jetskibooking.com\/fr\/jet-ski-booking-costa-brava.html\" target=\"_blank\" rel=\"noopener\">Jet Ski l&rsquo;Escala<\/a> propose la location de jet-skis avec ou sans permis sur la Costa Brava aupr\u00e8s du Club N\u00e0utic l\u2019Escala.<\/p>\n<p><strong>Modalit\u00e9s:<\/strong> route libre ou guid\u00e9e avec des moniteurs.<\/p>\n<p><strong>\u00c2ge:<\/strong> \u00e0 partir de 16 ans.<\/p>\n<p><strong>Ouverture du centre:<\/strong> du 1er juin au 15 septembre.<\/p>\n<h3>Si vous souhaitez faire cette activit\u00e9 en dehors de ces dates, contactez-nous ou appelez le 638 478 388.<\/h3>\n\n                                                                \n                                                            \n                                                                                                                <!-- end content -->\n\n                                                    <\/div>\n\n                                                \n                                            <\/div>\n\n                                        \n                                    <\/div><!-- end card-body -->\n                                <\/div><!-- end collapse -->\n                            <\/div><!-- end card -->\n                                                                                <div class=\"card\">\n                                <div class=\"card-header\">\n                                    <h3>\n                                        <a href=\"#\" class=\"collapsed\" data-toggle=\"collapse\" data-target=\"#collapse-0400\" aria-expanded=\"true\"><i class=\"ico-opener\">&nbsp;<\/i>Certifications marines<\/a>\n                                    <\/h3>\n                                <\/div><!-- end card-header -->\n                                <div id=\"collapse-0400\" class=\"collapse\">\n                                                                    <div class=\"card-body\">\n\n                                                                                \n                                            <div class=\"row\">\n\n                                                \n                                                    <div class=\"col-md-12\">\n\n                                                        <!-- content -->\n                                                        \n                                                            \n                                                                \n                                                                    <h3>L&rsquo;offre de cours la plus compl\u00e8te pour obtenir votre qualification nautique!<\/h3>\n<p><a href=\"https:\/\/escolanauticacarreras.com\/fr\" target=\"_blank\" rel=\"noopener\">Escola N\u00e0utica Carreras <\/a>est une entreprise d\u00e9di\u00e9e \u00e0 la formation aux permis pour g\u00e9rer des bateaux de 6 m\u00e8tres de long.<\/p>\n<p><strong>Plus d&rsquo;informations:<\/strong><br \/>\nEscola N\u00e0utica Carreras<br \/>\nT\u00e9l: (+34) 872 20 11 50<br \/>\nMail: info@nauticacarreras.com<\/p>\n\n                                                                \n                                                            \n                                                                                                                <!-- end content -->\n\n                                                    <\/div>\n\n                                                \n                                            <\/div>\n\n                                        \n                                    <\/div><!-- end card-body -->\n                                <\/div><!-- end collapse -->\n                            <\/div><!-- end card -->\n                                                                        <\/div><!-- end accordion -->\n                <\/div><!-- end accordion-block -->\n            \n<section class=\"article-section\"><div class=\"container\">\n\n<\/div><\/section><section class=\"gallery-area\">\n\t\t\t\t<div class=\"container\">\n\t\t\t<div class=\"row\">\n\t\t\t\t<div class=\"col-md-6 col-lg-6\">\n\t\t\t\t\t<header class=\"gallery-area-heading\">\n\t\t\t\t\t\t<h2>Vivez la Costa Brava!<\/h2>\n\t\t\t\t\t<\/header><!-- end gallery-area-heading -->\n\t\t\t\t<\/div><!-- end col-lg-6 -->\n\n\t\t\t\t\t\t\t\t\t<div class=\"col-md-6 col-md-6\">\n\t\t\t\t\t\t<div class=\"gallery-heading-image\">\n\t\t\t\t\t\t\t<img decoding=\"async\" src=\"https:\/\/nauticescala.com\/wp-content\/uploads\/2019\/09\/ico-02.svg\" alt=\"\" \/>\n\t\t\t\t\t\t<\/div><!-- end gallery-heading-image -->\n\t\t\t\t\t<\/div><!-- end col-md-6 -->\n\t\t\t\t\t\t\t<\/div><!-- end row -->\n\t\t<\/div><!-- end container -->\n\t\n\t\t\t<div class=\"container\">\n\t\t\t<div class=\"gallery-items\">\n\n\t\t\t\t\t\t\t\t\n\t\t\t\t\t<div class=\"gallery-slide\">\n\t\t\t\t\t\t<a href=\"#\" class=\"widget-link\">\n\t\t\t\t\t\t\t<figure class=\"gallery-item\">\n\t\t\t\t\t\t\t\t\t\t\t\t\t\t\t\t\t<div class=\"image primary-gradient\">\n\t\t\t\t\t\t\t\t\t\t<img decoding=\"async\" src=\"https:\/\/nauticescala.com\/wp-content\/uploads\/2019\/09\/img-41.jpg\" alt=\"\" \/>\n\t\t\t\t\t\t\t\t\t<\/div><!-- end image -->\n\t\t\t\t\t\t\t\t\t\t\t\t\t\t\t\t\t\t\t\t\t\t\t<\/figure><!-- end gallery-item -->\n\t\t\t\t\t\t<\/a><!-- end widget-link -->\n\t\t\t\t\t<\/div><!-- end gallery-slide -->\n\n\t\t\t\t\t\t\t\t\t\n\t\t\t\t\t<div class=\"gallery-slide\">\n\t\t\t\t\t\t<a href=\"#\" class=\"widget-link\">\n\t\t\t\t\t\t\t<figure class=\"gallery-item\">\n\t\t\t\t\t\t\t\t\t\t\t\t\t\t\t\t\t<div class=\"image primary-gradient\">\n\t\t\t\t\t\t\t\t\t\t<img decoding=\"async\" src=\"https:\/\/nauticescala.com\/wp-content\/uploads\/2019\/09\/img-40.jpg\" alt=\"\" \/>\n\t\t\t\t\t\t\t\t\t<\/div><!-- end image -->\n\t\t\t\t\t\t\t\t\t\t\t\t\t\t\t\t\t\t\t\t\t\t\t<\/figure><!-- end gallery-item -->\n\t\t\t\t\t\t<\/a><!-- end widget-link -->\n\t\t\t\t\t<\/div><!-- end gallery-slide -->\n\n\t\t\t\t\t\t\t\t\t\n\t\t\t\t\t<div class=\"gallery-slide\">\n\t\t\t\t\t\t<a href=\"#\" class=\"widget-link\">\n\t\t\t\t\t\t\t<figure class=\"gallery-item\">\n\t\t\t\t\t\t\t\t\t\t\t\t\t\t\t\t\t<div class=\"image \">\n\t\t\t\t\t\t\t\t\t\t<img decoding=\"async\" src=\"https:\/\/nauticescala.com\/wp-content\/uploads\/2019\/09\/img-42.jpg\" alt=\"\" \/>\n\t\t\t\t\t\t\t\t\t<\/div><!-- end image -->\n\t\t\t\t\t\t\t\t\t\t\t\t\t\t\t\t\t\t\t\t\t\t\t<\/figure><!-- end gallery-item -->\n\t\t\t\t\t\t<\/a><!-- end widget-link -->\n\t\t\t\t\t<\/div><!-- end gallery-slide -->\n\n\t\t\t\t\t\t\t\t\t\n\t\t\t\t\t<div class=\"gallery-slide\">\n\t\t\t\t\t\t<a href=\"#\" class=\"widget-link\">\n\t\t\t\t\t\t\t<figure class=\"gallery-item\">\n\t\t\t\t\t\t\t\t\t\t\t\t\t\t\t\t\t<div class=\"image \">\n\t\t\t\t\t\t\t\t\t\t<img decoding=\"async\" src=\"https:\/\/nauticescala.com\/wp-content\/uploads\/2019\/09\/img-43.jpg\" alt=\"\" \/>\n\t\t\t\t\t\t\t\t\t<\/div><!-- end image -->\n\t\t\t\t\t\t\t\t\t\t\t\t\t\t\t\t\t\t\t\t\t\t\t<\/figure><!-- end gallery-item -->\n\t\t\t\t\t\t<\/a><!-- end widget-link -->\n\t\t\t\t\t<\/div><!-- end gallery-slide -->\n\n\t\t\t\t\t\t\t\t\t\n\t\t\t\t\t<div class=\"gallery-slide\">\n\t\t\t\t\t\t<a href=\"#\" class=\"widget-link\">\n\t\t\t\t\t\t\t<figure class=\"gallery-item\">\n\t\t\t\t\t\t\t\t\t\t\t\t\t\t\t\t\t<div class=\"image \">\n\t\t\t\t\t\t\t\t\t\t<img decoding=\"async\" src=\"https:\/\/nauticescala.com\/wp-content\/uploads\/2019\/09\/img-44.jpg\" alt=\"\" \/>\n\t\t\t\t\t\t\t\t\t<\/div><!-- end image -->\n\t\t\t\t\t\t\t\t\t\t\t\t\t\t\t\t\t\t\t\t\t\t\t<\/figure><!-- end gallery-item -->\n\t\t\t\t\t\t<\/a><!-- end widget-link -->\n\t\t\t\t\t<\/div><!-- end gallery-slide -->\n\n\t\t\t\t\t\t\t\t\t\n\t\t\t<\/div><!-- end gallery-items -->\n\t\t<\/div><!-- end container-fluid -->\n\t\t\n<\/section><!-- end gallery-area -->\n","protected":false},"excerpt":{"rendered":"","protected":false},"author":4,"featured_media":0,"parent":10721,"menu_order":0,"comment_status":"closed","ping_status":"closed","template":"","meta":{"_acf_changed":false,"_monsterinsights_skip_tracking":false,"_monsterinsights_sitenote_active":false,"_monsterinsights_sitenote_note":"","_monsterinsights_sitenote_category":0,"footnotes":""},"class_list":["post-10968","page","type-page","status-publish","hentry"],"acf":[],"yoast_head":"<!-- This site is optimized with the Yoast SEO Premium plugin v20.7 (Yoast SEO v27.4) - https:\/\/yoast.com\/product\/yoast-seo-premium-wordpress\/ -->\n<title>Autres modalit\u00e9s &#8211; Club N\u00e0utic L\u2019Escala<\/title>\n<meta name=\"robots\" content=\"index, follow, max-snippet:-1, max-image-preview:large, max-video-preview:-1\" \/>\n<link rel=\"canonical\" href=\"https:\/\/nauticescala.com\/fr\/activites-nautiques-sur-la-costa-brava\/autres-modalites\/\" \/>\n<meta property=\"og:locale\" content=\"fr_FR\" \/>\n<meta property=\"og:type\" content=\"article\" \/>\n<meta property=\"og:title\" content=\"Autres modalit\u00e9s\" \/>\n<meta property=\"og:url\" content=\"https:\/\/nauticescala.com\/fr\/activites-nautiques-sur-la-costa-brava\/autres-modalites\/\" \/>\n<meta property=\"og:site_name\" content=\"Club N\u00e0utic L\u2019Escala\" \/>\n<meta property=\"article:modified_time\" content=\"2025-05-27T11:31:34+00:00\" \/>\n<meta name=\"twitter:card\" content=\"summary_large_image\" \/>\n<meta name=\"twitter:label1\" content=\"Dur\u00e9e de lecture estim\u00e9e\" \/>\n\t<meta name=\"twitter:data1\" content=\"3 minutes\" \/>\n<script type=\"application\/ld+json\" class=\"yoast-schema-graph\">{\"@context\":\"https:\\\/\\\/schema.org\",\"@graph\":[{\"@type\":\"WebPage\",\"@id\":\"https:\\\/\\\/nauticescala.com\\\/fr\\\/activites-nautiques-sur-la-costa-brava\\\/autres-modalites\\\/\",\"url\":\"https:\\\/\\\/nauticescala.com\\\/fr\\\/activites-nautiques-sur-la-costa-brava\\\/autres-modalites\\\/\",\"name\":\"Autres modalit\u00e9s &#8211; Club N\u00e0utic L\u2019Escala\",\"isPartOf\":{\"@id\":\"https:\\\/\\\/nauticescala.com\\\/#website\"},\"datePublished\":\"2020-04-08T13:15:33+00:00\",\"dateModified\":\"2025-05-27T11:31:34+00:00\",\"breadcrumb\":{\"@id\":\"https:\\\/\\\/nauticescala.com\\\/fr\\\/activites-nautiques-sur-la-costa-brava\\\/autres-modalites\\\/#breadcrumb\"},\"inLanguage\":\"fr-FR\",\"potentialAction\":[{\"@type\":\"ReadAction\",\"target\":[\"https:\\\/\\\/nauticescala.com\\\/fr\\\/activites-nautiques-sur-la-costa-brava\\\/autres-modalites\\\/\"]}]},{\"@type\":\"BreadcrumbList\",\"@id\":\"https:\\\/\\\/nauticescala.com\\\/fr\\\/activites-nautiques-sur-la-costa-brava\\\/autres-modalites\\\/#breadcrumb\",\"itemListElement\":[{\"@type\":\"ListItem\",\"position\":1,\"name\":\"Home\",\"item\":\"https:\\\/\\\/nauticescala.com\\\/fr\\\/\"},{\"@type\":\"ListItem\",\"position\":2,\"name\":\"Centre Nautique\",\"item\":\"https:\\\/\\\/nauticescala.com\\\/fr\\\/activites-nautiques-sur-la-costa-brava\\\/\"},{\"@type\":\"ListItem\",\"position\":3,\"name\":\"Autres modalit\u00e9s\"}]},{\"@type\":\"WebSite\",\"@id\":\"https:\\\/\\\/nauticescala.com\\\/#website\",\"url\":\"https:\\\/\\\/nauticescala.com\\\/\",\"name\":\"Club N\u00e0utic L\u2019Escala\",\"description\":\"Port esportiu a la Costa Brava\",\"potentialAction\":[{\"@type\":\"SearchAction\",\"target\":{\"@type\":\"EntryPoint\",\"urlTemplate\":\"https:\\\/\\\/nauticescala.com\\\/?s={search_term_string}\"},\"query-input\":{\"@type\":\"PropertyValueSpecification\",\"valueRequired\":true,\"valueName\":\"search_term_string\"}}],\"inLanguage\":\"fr-FR\"}]}<\/script>\n<!-- \/ Yoast SEO Premium plugin. -->","yoast_head_json":{"title":"Autres modalit\u00e9s &#8211; Club N\u00e0utic L\u2019Escala","robots":{"index":"index","follow":"follow","max-snippet":"max-snippet:-1","max-image-preview":"max-image-preview:large","max-video-preview":"max-video-preview:-1"},"canonical":"https:\/\/nauticescala.com\/fr\/activites-nautiques-sur-la-costa-brava\/autres-modalites\/","og_locale":"fr_FR","og_type":"article","og_title":"Autres modalit\u00e9s","og_url":"https:\/\/nauticescala.com\/fr\/activites-nautiques-sur-la-costa-brava\/autres-modalites\/","og_site_name":"Club N\u00e0utic L\u2019Escala","article_modified_time":"2025-05-27T11:31:34+00:00","twitter_card":"summary_large_image","twitter_misc":{"Dur\u00e9e de lecture estim\u00e9e":"3 minutes"},"schema":{"@context":"https:\/\/schema.org","@graph":[{"@type":"WebPage","@id":"https:\/\/nauticescala.com\/fr\/activites-nautiques-sur-la-costa-brava\/autres-modalites\/","url":"https:\/\/nauticescala.com\/fr\/activites-nautiques-sur-la-costa-brava\/autres-modalites\/","name":"Autres modalit\u00e9s &#8211; Club N\u00e0utic L\u2019Escala","isPartOf":{"@id":"https:\/\/nauticescala.com\/#website"},"datePublished":"2020-04-08T13:15:33+00:00","dateModified":"2025-05-27T11:31:34+00:00","breadcrumb":{"@id":"https:\/\/nauticescala.com\/fr\/activites-nautiques-sur-la-costa-brava\/autres-modalites\/#breadcrumb"},"inLanguage":"fr-FR","potentialAction":[{"@type":"ReadAction","target":["https:\/\/nauticescala.com\/fr\/activites-nautiques-sur-la-costa-brava\/autres-modalites\/"]}]},{"@type":"BreadcrumbList","@id":"https:\/\/nauticescala.com\/fr\/activites-nautiques-sur-la-costa-brava\/autres-modalites\/#breadcrumb","itemListElement":[{"@type":"ListItem","position":1,"name":"Home","item":"https:\/\/nauticescala.com\/fr\/"},{"@type":"ListItem","position":2,"name":"Centre Nautique","item":"https:\/\/nauticescala.com\/fr\/activites-nautiques-sur-la-costa-brava\/"},{"@type":"ListItem","position":3,"name":"Autres modalit\u00e9s"}]},{"@type":"WebSite","@id":"https:\/\/nauticescala.com\/#website","url":"https:\/\/nauticescala.com\/","name":"Club N\u00e0utic L\u2019Escala","description":"Port esportiu a la Costa Brava","potentialAction":[{"@type":"SearchAction","target":{"@type":"EntryPoint","urlTemplate":"https:\/\/nauticescala.com\/?s={search_term_string}"},"query-input":{"@type":"PropertyValueSpecification","valueRequired":true,"valueName":"search_term_string"}}],"inLanguage":"fr-FR"}]}},"_links":{"self":[{"href":"https:\/\/nauticescala.com\/fr\/wp-json\/wp\/v2\/pages\/10968","targetHints":{"allow":["GET"]}}],"collection":[{"href":"https:\/\/nauticescala.com\/fr\/wp-json\/wp\/v2\/pages"}],"about":[{"href":"https:\/\/nauticescala.com\/fr\/wp-json\/wp\/v2\/types\/page"}],"author":[{"embeddable":true,"href":"https:\/\/nauticescala.com\/fr\/wp-json\/wp\/v2\/users\/4"}],"replies":[{"embeddable":true,"href":"https:\/\/nauticescala.com\/fr\/wp-json\/wp\/v2\/comments?post=10968"}],"version-history":[{"count":10,"href":"https:\/\/nauticescala.com\/fr\/wp-json\/wp\/v2\/pages\/10968\/revisions"}],"predecessor-version":[{"id":82936,"href":"https:\/\/nauticescala.com\/fr\/wp-json\/wp\/v2\/pages\/10968\/revisions\/82936"}],"up":[{"embeddable":true,"href":"https:\/\/nauticescala.com\/fr\/wp-json\/wp\/v2\/pages\/10721"}],"wp:attachment":[{"href":"https:\/\/nauticescala.com\/fr\/wp-json\/wp\/v2\/media?parent=10968"}],"curies":[{"name":"wp","href":"https:\/\/api.w.org\/{rel}","templated":true}]}}