 {"id":11657,"date":"2020-04-13T12:45:03","date_gmt":"2020-04-13T10:45:03","guid":{"rendered":"http:\/\/nauticescala.com\/un-port-responsable\/"},"modified":"2026-03-21T15:31:08","modified_gmt":"2026-03-21T14:31:08","slug":"un-port-responsable","status":"publish","type":"page","link":"https:\/\/nauticescala.com\/fr\/port-sur-la-costa-brava\/un-port-responsable\/","title":{"rendered":"Un Port responsable"},"content":{"rendered":"\t\n\t<section class=\"title-section d-md-block\">\n\t\t<div class=\"container\">\n\t\t\t\t\n\t\t\t\t<h1>Un Port responsable<\/h1>\n\t\t\t\t\t\t\t\n\t\t\t\t<p>Nous prenons soin de vous et de notre environnement, allez-vous nous aider?<\/p>\n\t\t\t\t\t<\/div><!-- end container -->\n\t<\/section><!-- end title-section -->\n<section class=\"article-section\"><div class=\"container\">\n\n<\/div><\/section>\t<div class=\"visual-area\">\n\t\t<figure class=\"visual-banner\">\n\t\t\t<div class=\"image\">\n\t\t\t\t<img decoding=\"async\" src=\"https:\/\/nauticescala.com\/wp-content\/uploads\/2020\/02\/2014-cn-lescala-costa-brava-costa-brava.jpg\" alt=\"\" \/>\n\t\t\t<\/div><!-- end image -->\n\t\t\t<div class=\"bg-image bg-img primary-gradient\">\n\t\t\t\t<img decoding=\"async\" src=\"https:\/\/nauticescala.com\/wp-content\/uploads\/2020\/02\/2014-cn-lescala-costa-brava-costa-brava.jpg\" alt=\"\" \/>\n\t\t\t<\/div><!-- end bg-image -->\n\t\t<\/figure><!-- end visual-banner -->\n\t<\/div><!-- end visual-area -->\n<section class=\"article-section\"><div class=\"container\">\n\n<\/div><\/section>\n        <div class=\"intro-area-holder\">\n            <h2>Engag\u00e9s pour la qualit\u00e9 et l&rsquo;environnement<\/h2>\n<p>Nous avons d\u00e9velopp\u00e9 un syst\u00e8me complet de gestion de la qualit\u00e9 et de l&rsquo;environnement <strong>(ISO 9001, ISO 14001 et EMAS)<\/strong>, un <a href=\"https:\/\/nauticescala.com\/wp-content\/uploads\/2023\/06\/FRA-Codi-etic-Club-Nautic-lEscala.25.03.2023.pdf\" target=\"_blank\" rel=\"noopener\"><strong>code de d\u00e9ontologie<\/strong><\/a> une <a href=\"https:\/\/nauticescala.com\/wp-content\/uploads\/2026\/03\/Politica-febrer-2026-Frances.pdf\"><strong>politique qualit\u00e9 et environnementale<\/strong><\/a>\u00a0pour favoriser la pr\u00e9servation du port et de ses environs.<\/p>\n<p>Nous sommes adh\u00e9r\u00e9s \u00e9galement \u00e0 la <strong><a href=\"https:\/\/nauticescala.com\/fr\/la-carta-europea-de-turisme-sostenible\/\">Charte Europ\u00e9enne du Tourisme Durable<\/a><\/strong> de la F\u00e9d\u00e9ration EUROPARC et au programme <strong><a href=\"https:\/\/nauticescala.com\/fr\/bandera-blava-per-a-embarcacions\/\">Pavillon Bleu<\/a><\/strong> g\u00e9r\u00e9 par l&rsquo;ADEAC-FEE et aux <a href=\"https:\/\/nauticescala.com\/fr\/nouvelles\/objectifs-developpement-durable\/\"><strong>Objectifs de D\u00e9veloppement Durable (ODD 2030).<\/strong><\/a><\/p>\n        <\/div><!-- end intro-area-holder -->\n\n\n<section class=\"article-section\"><div class=\"container\">\n\n<\/div><\/section>\n                            <div class=\"accordion-block\">\n                    <div id=\"accordion\" class=\"accordion\">\n                                                                            <div class=\"card\">\n                                <div class=\"card-header\">\n                                    <h3>\n                                        <a href=\"#\" class=\"collapsed\" data-toggle=\"collapse\" data-target=\"#collapse-0100\" aria-expanded=\"true\"><i class=\"ico-opener\">&nbsp;<\/i>Un port, trois parcs naturels<\/a>\n                                    <\/h3>\n                                <\/div><!-- end card-header -->\n                                <div id=\"collapse-0100\" class=\"collapse\">\n                                                                    <div class=\"card-body\">\n\n                                                                                \n                                            <div class=\"row\">\n\n                                                \n                                                    <div class=\"col-md-12\">\n\n                                                        <!-- content -->\n                                                        \n                                                            \n                                                                \n                                                                    <h3>Avec plus de 7 km de c\u00f4tes, L&rsquo;Escala offre des lieux pour tous les go\u00fbts: des plages de sable fin form\u00e9es de dunes aux criques de galets et falaises&#8230;<\/h3>\n<p>L&rsquo;un des principaux atouts du Club est sa situation privil\u00e9gi\u00e9e. Nous sommes au c\u0153ur de la Costa Brava, situ\u00e9s entre trois parcs naturels:<\/p>\n<ul>\n<li><strong>Parc Naturel du Montgr\u00ed, Illes Medes et Baix Ter<\/strong>, particuli\u00e8rement reconnu par les \u00eeles Medes, mais aussi pour ses criques et ses falaises.\n<ul>\n<li><a href=\"https:\/\/nauticescala.com\/fr\/nouvelles\/bouees-parc-naturel\/\"><span class=\"tlid-translation translation\" lang=\"fr\"><span class=\"\" title=\"\">Consultez les bou\u00e9es disponibles pour le\u00a0mouillage dans le Parc Naturel du Montgr\u00ed et Cargol<\/span><\/span><\/a><\/li>\n<\/ul>\n<\/li>\n<li><strong>Parc Naturel des Aiguamolls de l\u2019Empord\u00e0<\/strong>, l\u2019une des aires prot\u00e9g\u00e9es les plus importantes pour les oiseaux du sud de l\u2019Europe.<\/li>\n<li><strong>Parc Naturel du Cap de Creus<\/strong>, cconnu pour ses criques \u00e0 la g\u00e9ologie unique et ses roches sombres et ses charmants villages.<\/li>\n<\/ul>\n\n                                                                \n                                                            \n                                                                                                                <!-- end content -->\n\n                                                    <\/div>\n\n                                                \n                                            <\/div>\n\n                                        \n                                    <\/div><!-- end card-body -->\n                                <\/div><!-- end collapse -->\n                            <\/div><!-- end card -->\n                                                                                <div class=\"card\">\n                                <div class=\"card-header\">\n                                    <h3>\n                                        <a href=\"#\" class=\"collapsed\" data-toggle=\"collapse\" data-target=\"#collapse-0200\" aria-expanded=\"true\"><i class=\"ico-opener\">&nbsp;<\/i>Navigation responsable<\/a>\n                                    <\/h3>\n                                <\/div><!-- end card-header -->\n                                <div id=\"collapse-0200\" class=\"collapse\">\n                                                                    <div class=\"card-body\">\n\n                                                                                \n                                            <div class=\"row\">\n\n                                                \n                                                    <div class=\"col-md-12\">\n\n                                                        <!-- content -->\n                                                        \n                                                            \n                                                                \n                                                                    <h3>Merci de faire un bon usage du port et de naviguer de mani\u00e8re responsable!<\/h3>\n<p>Suivez les bonnes pratiques environnementales suivantes dans la zone portuaire:<\/p>\n<ul>\n<li>Mod\u00e9rez la vitesse et ne d\u00e9passez pas 3 Kts.<\/li>\n<li><a href=\"https:\/\/nauticescala.com\/fr\/estalviar-aigua\/\">R\u00e9duisez la consommation d&rsquo;eau<\/a>.<\/li>\n<li><a href=\"https:\/\/nauticescala.com\/fr\/estalviar-electricitat\/\">R\u00e9duisez la consommation d&rsquo;\u00e9lectricit\u00e9<\/a>.<\/li>\n<li><a href=\"https:\/\/nauticescala.com\/fr\/gestio-de-residus\/\">Gestionez correctement vos d\u00e9chets<\/a>.<\/li>\n<li>Utilisez la pompe a sucti\u00f3n situ\u00e9e \u00e0 la pompe station pour vider les r\u00e9servoirs d&rsquo;eaux us\u00e9es de votre bateau.<\/li>\n<\/ul>\n<p>Conseils pour profiter de la mer de fa\u00e7on responsable et en toute s\u00e9curit\u00e9 :<\/p>\n<ul>\n<li><a href=\"\/wp-content\/uploads\/2021\/06\/FR_2021.pdf\" target=\"_blank\" rel=\"noopener\">Navigation Responsable dans les Parcs Naturels<\/a><\/li>\n<li><a href=\"https:\/\/nauticescala.com\/wp-content\/uploads\/2020\/04\/PESCA-FRA.pdf\" target=\"_blank\" rel=\"noopener\">R\u00e8glements de P\u00eache Responsable dans les Parcs Naturels<\/a><\/li>\n<li><a href=\"https:\/\/nauticescala.com\/wp-admin\/upload.php?item=11246\" target=\"_blank\" rel=\"noopener\">Encouragez une p\u00eache responsable<\/a><\/li>\n<li><a href=\"https:\/\/nauticescala.com\/wp-content\/uploads\/2020\/04\/POSIDONEA-FRA-I-EN.pdf\" target=\"_blank\" rel=\"noopener\">Prot\u00e9gez la posidonie<\/a><\/li>\n<li><a href=\"https:\/\/nauticescala.com\/fr\/nouvelles\/conseils-de-securite-pour-la-saison-dautomne-et-dhiver\/\">Conseils de s\u00e9curit\u00e9 pour la saison d\u2019automne et d\u2019hiver<\/a><\/li>\n<\/ul>\n\n                                                                \n                                                            \n                                                                                                                <!-- end content -->\n\n                                                    <\/div>\n\n                                                \n                                            <\/div>\n\n                                        \n                                    <\/div><!-- end card-body -->\n                                <\/div><!-- end collapse -->\n                            <\/div><!-- end card -->\n                                                                        <\/div><!-- end accordion -->\n                <\/div><!-- end accordion-block -->\n            \n<section class=\"article-section\"><div class=\"container\">\n\n<\/div><\/section>\n    \n        <div class=\"btn-box\">\n            <a href=\"\/wp-content\/uploads\/2020\/03\/6172_CODIGO-DE-CONDUCTA-EN-EL-MAR.-espanol-dos.pdf\" target=\"_blank\" class=\"btn btn-primary\">Demandez le Pavillon Bleu pour Bateaux<\/a>\n\n        \n        \n\n<\/div><!-- end btn-box -->\n\n   \n<section class=\"article-section\"><div class=\"container\">\n\n<\/div><\/section>\t<div class=\"container\">\n\n<div class=\"content-block\">\n \t \t\n \t \t   \n \t\t    <div class=\"partners-block\">\t    \t\n\t    \t\t    \t\t<h3>Avec le financement de :<\/h3>\n\t    \t  \n\t    \t   \n\t    \t\t\t        <ul class=\"partners-list\">\n\t\t        \t\t\t        \t\t\t\t\t            <li>\n\t\t\t                <a target=\"_blank\" href=\"#no-follow\">\n\t\t\t                \t\t\t\t                \t\t<img decoding=\"async\" src=\"https:\/\/nauticescala.com\/wp-content\/uploads\/2024\/04\/unio-europea-fons-europeu-next-generation-1-350x74.png\" alt=\"\">\n\t\t\t                \t\t\t\t                <\/a>\n\t\t\t            <\/li>\t\t        \t\t\n\t\t        \t\t\t        \t\t\t\t\t            <li>\n\t\t\t                <a target=\"_blank\" href=\"#no-follow\">\n\t\t\t                \t\t\t\t                \t\t<img decoding=\"async\" src=\"https:\/\/nauticescala.com\/wp-content\/uploads\/2024\/05\/secretaria-de-estado-de-turismo-gobierno-de-espana-1-350x52.jpg\" alt=\"\">\n\t\t\t                \t\t\t\t                <\/a>\n\t\t\t            <\/li>\t\t        \t\t\n\t\t        \t\t\t        \t\t\t\t\t            <li>\n\t\t\t                <a target=\"_blank\" href=\"#no-follow\">\n\t\t\t                \t\t\t\t                \t\t<img decoding=\"async\" src=\"https:\/\/nauticescala.com\/wp-content\/uploads\/2024\/04\/plan-de-recuperacion-transformacion-y-resiliencia-1-350x197.jpg\" alt=\"\">\n\t\t\t                \t\t\t\t                <\/a>\n\t\t\t            <\/li>\t\t        \t\t\n\t\t        \t\t\t        \t\t\t\t\t            <li>\n\t\t\t                <a target=\"_blank\" href=\"#no-follow\">\n\t\t\t                \t\t\t\t                \t\t<img decoding=\"async\" src=\"https:\/\/nauticescala.com\/wp-content\/uploads\/2024\/04\/next-generation-catalunya-1-350x210.jpg\" alt=\"\">\n\t\t\t                \t\t\t\t                <\/a>\n\t\t\t            <\/li>\t\t        \t\t\n\t\t        \t\t\t        \t\t\t\t\t            <li>\n\t\t\t                <a target=\"_blank\" href=\"#no-follow\">\n\t\t\t                \t\t\t\t                \t\t<img decoding=\"async\" src=\"https:\/\/nauticescala.com\/wp-content\/uploads\/2024\/04\/generalitat-de-catalunya-350x102.png\" alt=\"\">\n\t\t\t                \t\t\t\t                <\/a>\n\t\t\t            <\/li>\t\t        \t\t\n\t\t        \t\t\t        \t\t\t\t\t            <li>\n\t\t\t                <a target=\"_blank\" href=\"#no-follow\">\n\t\t\t                \t\t\t\t                \t\t<img decoding=\"async\" src=\"https:\/\/nauticescala.com\/wp-content\/uploads\/2026\/03\/ajuntament-lescala.jpg\" alt=\"\">\n\t\t\t                \t\t\t\t                <\/a>\n\t\t\t            <\/li>\t\t        \t\t\n\t\t        \t\t\t        \t\t\t\t\t            <li>\n\t\t\t                <a target=\"_blank\" href=\"#no-follow\">\n\t\t\t                \t\t\t\t                \t\t<img decoding=\"async\" src=\"https:\/\/nauticescala.com\/wp-content\/uploads\/2026\/03\/adhesiu-vehicle-activitat-economica-moves-iii-v-350x283.png\" alt=\"\">\n\t\t\t                \t\t\t\t                <\/a>\n\t\t\t            <\/li>\t\t        \t\t\n\t\t        \t\t\t            \n\t\t        <\/ul><!-- end partners-list -->\t    \t\t\n\t    \t\t    <\/div><!-- end partners-block --> \t   \t\n \t   \n<\/div><!-- end content-block -->\n\n\t<\/div>\n\n<section class=\"article-section\"><div class=\"container\">\n\n<\/div><\/section><section class=\"gallery-area\">\n\t\t\t\t<div class=\"container\">\n\t\t\t<div class=\"row\">\n\t\t\t\t<div class=\"col-md-6 col-lg-6\">\n\t\t\t\t\t<header class=\"gallery-area-heading\">\n\t\t\t\t\t\t<h2>Vivez la Costa Brava!<\/h2>\n\t\t\t\t\t<\/header><!-- end gallery-area-heading -->\n\t\t\t\t<\/div><!-- end col-lg-6 -->\n\n\t\t\t\t\t\t\t\t\t<div class=\"col-md-6 col-md-6\">\n\t\t\t\t\t\t<div class=\"gallery-heading-image\">\n\t\t\t\t\t\t\t<img decoding=\"async\" src=\"https:\/\/nauticescala.com\/wp-content\/uploads\/2019\/09\/ico-02.svg\" alt=\"\" \/>\n\t\t\t\t\t\t<\/div><!-- end gallery-heading-image -->\n\t\t\t\t\t<\/div><!-- end col-md-6 -->\n\t\t\t\t\t\t\t<\/div><!-- end row -->\n\t\t<\/div><!-- end container -->\n\t\n\t\t\t<div class=\"container\">\n\t\t\t<div class=\"gallery-items\">\n\n\t\t\t\t\t\t\t\t\n\t\t\t\t\t<div class=\"gallery-slide\">\n\t\t\t\t\t\t<a href=\"https:\/\/nauticescala.com\/fr\/nouvelles\/category\/environnement\/\" class=\"widget-link\">\n\t\t\t\t\t\t\t<figure class=\"gallery-item\">\n\t\t\t\t\t\t\t\t\t\t\t\t\t\t\t\t\t<div class=\"image primary-gradient\">\n\t\t\t\t\t\t\t\t\t\t<img decoding=\"async\" src=\"https:\/\/nauticescala.com\/wp-content\/uploads\/2020\/05\/club-nautic-lescala-illes-medes-costa-brava-700x353.jpg\" alt=\"\" \/>\n\t\t\t\t\t\t\t\t\t<\/div><!-- end image -->\n\t\t\t\t\t\t\t\t\t\t\t\t\t\t\t\t\t\t\t\t\t\t\t\t\t<figcaption>\n\t\t\t\t\t\t\t\t<h3>Consultez les derni\u00e8res nouvelles sur l&rsquo;environnement<br><small>Nouvelles<\/small><\/h3>\n\t\t\t\t\t\t\t\t\t<\/figcaption>\n\t\t\t\t\t\t\t\t\t\t\t\t\t\t\t<\/figure><!-- end gallery-item -->\n\t\t\t\t\t\t<\/a><!-- end widget-link -->\n\t\t\t\t\t<\/div><!-- end gallery-slide -->\n\n\t\t\t\t\t\t\t\t\t\n\t\t\t\t\t<div class=\"gallery-slide\">\n\t\t\t\t\t\t<a href=\"https:\/\/nauticescala.com\/fr\/agenda\/?orderby=dates&#038;filters_event_categories%5B%5D=environement\" class=\"widget-link\">\n\t\t\t\t\t\t\t<figure class=\"gallery-item\">\n\t\t\t\t\t\t\t\t\t\t\t\t\t\t\t\t\t<div class=\"image primary-gradient\">\n\t\t\t\t\t\t\t\t\t\t<img decoding=\"async\" src=\"https:\/\/nauticescala.com\/wp-content\/uploads\/2022\/09\/2022-nauticescala-neteja-fons-mari-1-700x353.jpg\" alt=\"2022-nauticescala-medi ambient-Neteja fons mar\u00ed\" \/>\n\t\t\t\t\t\t\t\t\t<\/div><!-- end image -->\n\t\t\t\t\t\t\t\t\t\t\t\t\t\t\t\t\t\t\t\t\t\t\t\t\t<figcaption>\n\t\t\t\t\t\t\t\t<h3>Actions de sensibilisation<br><small>Activit\u00e9s<\/small><\/h3>\n\t\t\t\t\t\t\t\t\t<\/figcaption>\n\t\t\t\t\t\t\t\t\t\t\t\t\t\t\t<\/figure><!-- end gallery-item -->\n\t\t\t\t\t\t<\/a><!-- end widget-link -->\n\t\t\t\t\t<\/div><!-- end gallery-slide -->\n\n\t\t\t\t\t\t\t\t\t\n\t\t\t\t\t<div class=\"gallery-slide\">\n\t\t\t\t\t\t<a href=\"https:\/\/nauticescala.com\/fr\/nouvelles\/bouees-parc-naturel\/\" class=\"widget-link\">\n\t\t\t\t\t\t\t<figure class=\"gallery-item\">\n\t\t\t\t\t\t\t\t\t\t\t\t\t\t\t\t\t<div class=\"image \">\n\t\t\t\t\t\t\t\t\t\t<img decoding=\"async\" src=\"https:\/\/nauticescala.com\/wp-content\/uploads\/2021\/08\/2021-club-nautic-lescala-costra-brava-18-700x353.jpg\" alt=\"\" \/>\n\t\t\t\t\t\t\t\t\t<\/div><!-- end image -->\n\t\t\t\t\t\t\t\t\t\t\t\t\t\t\t\t\t\t\t\t\t\t\t\t\t<figcaption>\n\t\t\t\t\t\t\t\t<h3>R\u00e8glement de mouillage<br><small>Montgr\u00ed, les \u00eeles Medes et El Cargol de l\u2019Escala<\/small><\/h3>\n\t\t\t\t\t\t\t\t\t<\/figcaption>\n\t\t\t\t\t\t\t\t\t\t\t\t\t\t\t<\/figure><!-- end gallery-item -->\n\t\t\t\t\t\t<\/a><!-- end widget-link -->\n\t\t\t\t\t<\/div><!-- end gallery-slide -->\n\n\t\t\t\t\t\t\t\t\t\n\t\t\t\t\t<div class=\"gallery-slide\">\n\t\t\t\t\t\t<a href=\"#\" class=\"widget-link\">\n\t\t\t\t\t\t\t<figure class=\"gallery-item\">\n\t\t\t\t\t\t\t\t\t\t\t\t\t\t\t\t\t<div class=\"image \">\n\t\t\t\t\t\t\t\t\t\t<img decoding=\"async\" src=\"https:\/\/nauticescala.com\/wp-content\/uploads\/2021\/03\/2022-club-nautic-lescala-costa-brava-700x353.jpg\" alt=\"\" \/>\n\t\t\t\t\t\t\t\t\t<\/div><!-- end image -->\n\t\t\t\t\t\t\t\t\t\t\t\t\t\t\t\t\t\t\t\t\t\t\t<\/figure><!-- end gallery-item -->\n\t\t\t\t\t\t<\/a><!-- end widget-link -->\n\t\t\t\t\t<\/div><!-- end gallery-slide -->\n\n\t\t\t\t\t\t\t\t\t\n\t\t\t\t\t<div class=\"gallery-slide\">\n\t\t\t\t\t\t<a href=\"#\" class=\"widget-link\">\n\t\t\t\t\t\t\t<figure class=\"gallery-item\">\n\t\t\t\t\t\t\t\t\t\t\t\t\t\t\t\t\t<div class=\"image \">\n\t\t\t\t\t\t\t\t\t\t<img decoding=\"async\" src=\"https:\/\/nauticescala.com\/wp-content\/uploads\/2022\/07\/2022-nauticescala-conferencies-4-700x353.jpg\" alt=\"2022-nauticescala-Conferencies-social\" \/>\n\t\t\t\t\t\t\t\t\t<\/div><!-- end image -->\n\t\t\t\t\t\t\t\t\t\t\t\t\t\t\t\t\t\t\t\t\t\t\t<\/figure><!-- end gallery-item -->\n\t\t\t\t\t\t<\/a><!-- end widget-link -->\n\t\t\t\t\t<\/div><!-- end gallery-slide -->\n\n\t\t\t\t\t\t\t\t\t\n\t\t\t<\/div><!-- end gallery-items -->\n\t\t<\/div><!-- end container-fluid -->\n\t\t\n<\/section><!-- end gallery-area -->\n<section class=\"article-section\"><div class=\"container\">\n\n<\/div><\/section>\n<p><\/p>\n","protected":false},"excerpt":{"rendered":"","protected":false},"author":4,"featured_media":0,"parent":9973,"menu_order":0,"comment_status":"closed","ping_status":"closed","template":"","meta":{"_acf_changed":false,"_monsterinsights_skip_tracking":false,"_monsterinsights_sitenote_active":false,"_monsterinsights_sitenote_note":"","_monsterinsights_sitenote_category":0,"footnotes":""},"class_list":["post-11657","page","type-page","status-publish","hentry"],"acf":[],"yoast_head":"<!-- This site is optimized with the Yoast SEO Premium plugin v20.7 (Yoast SEO v27.4) - https:\/\/yoast.com\/product\/yoast-seo-premium-wordpress\/ -->\n<title>Un Port responsable &#8211; Club N\u00e0utic L\u2019Escala<\/title>\n<meta name=\"robots\" content=\"index, follow, max-snippet:-1, max-image-preview:large, max-video-preview:-1\" \/>\n<link rel=\"canonical\" href=\"https:\/\/nauticescala.com\/fr\/port-sur-la-costa-brava\/un-port-responsable\/\" \/>\n<meta property=\"og:locale\" content=\"fr_FR\" \/>\n<meta property=\"og:type\" content=\"article\" \/>\n<meta property=\"og:title\" content=\"Un Port responsable\" \/>\n<meta property=\"og:url\" content=\"https:\/\/nauticescala.com\/fr\/port-sur-la-costa-brava\/un-port-responsable\/\" \/>\n<meta property=\"og:site_name\" content=\"Club N\u00e0utic L\u2019Escala\" \/>\n<meta property=\"article:modified_time\" content=\"2026-03-21T14:31:08+00:00\" \/>\n<meta name=\"twitter:card\" content=\"summary_large_image\" \/>\n<meta name=\"twitter:label1\" content=\"Dur\u00e9e de lecture estim\u00e9e\" \/>\n\t<meta name=\"twitter:data1\" content=\"5 minutes\" \/>\n<script type=\"application\/ld+json\" class=\"yoast-schema-graph\">{\"@context\":\"https:\\\/\\\/schema.org\",\"@graph\":[{\"@type\":\"WebPage\",\"@id\":\"https:\\\/\\\/nauticescala.com\\\/fr\\\/port-sur-la-costa-brava\\\/un-port-responsable\\\/\",\"url\":\"https:\\\/\\\/nauticescala.com\\\/fr\\\/port-sur-la-costa-brava\\\/un-port-responsable\\\/\",\"name\":\"Un Port responsable &#8211; Club N\u00e0utic L\u2019Escala\",\"isPartOf\":{\"@id\":\"https:\\\/\\\/nauticescala.com\\\/#website\"},\"datePublished\":\"2020-04-13T10:45:03+00:00\",\"dateModified\":\"2026-03-21T14:31:08+00:00\",\"breadcrumb\":{\"@id\":\"https:\\\/\\\/nauticescala.com\\\/fr\\\/port-sur-la-costa-brava\\\/un-port-responsable\\\/#breadcrumb\"},\"inLanguage\":\"fr-FR\",\"potentialAction\":[{\"@type\":\"ReadAction\",\"target\":[\"https:\\\/\\\/nauticescala.com\\\/fr\\\/port-sur-la-costa-brava\\\/un-port-responsable\\\/\"]}]},{\"@type\":\"BreadcrumbList\",\"@id\":\"https:\\\/\\\/nauticescala.com\\\/fr\\\/port-sur-la-costa-brava\\\/un-port-responsable\\\/#breadcrumb\",\"itemListElement\":[{\"@type\":\"ListItem\",\"position\":1,\"name\":\"Home\",\"item\":\"https:\\\/\\\/nauticescala.com\\\/fr\\\/\"},{\"@type\":\"ListItem\",\"position\":2,\"name\":\"Services portuaires\",\"item\":\"https:\\\/\\\/nauticescala.com\\\/fr\\\/port-sur-la-costa-brava\\\/\"},{\"@type\":\"ListItem\",\"position\":3,\"name\":\"Un Port responsable\"}]},{\"@type\":\"WebSite\",\"@id\":\"https:\\\/\\\/nauticescala.com\\\/#website\",\"url\":\"https:\\\/\\\/nauticescala.com\\\/\",\"name\":\"Club N\u00e0utic L\u2019Escala\",\"description\":\"Port esportiu a la Costa Brava\",\"potentialAction\":[{\"@type\":\"SearchAction\",\"target\":{\"@type\":\"EntryPoint\",\"urlTemplate\":\"https:\\\/\\\/nauticescala.com\\\/?s={search_term_string}\"},\"query-input\":{\"@type\":\"PropertyValueSpecification\",\"valueRequired\":true,\"valueName\":\"search_term_string\"}}],\"inLanguage\":\"fr-FR\"}]}<\/script>\n<!-- \/ Yoast SEO Premium plugin. -->","yoast_head_json":{"title":"Un Port responsable &#8211; Club N\u00e0utic L\u2019Escala","robots":{"index":"index","follow":"follow","max-snippet":"max-snippet:-1","max-image-preview":"max-image-preview:large","max-video-preview":"max-video-preview:-1"},"canonical":"https:\/\/nauticescala.com\/fr\/port-sur-la-costa-brava\/un-port-responsable\/","og_locale":"fr_FR","og_type":"article","og_title":"Un Port responsable","og_url":"https:\/\/nauticescala.com\/fr\/port-sur-la-costa-brava\/un-port-responsable\/","og_site_name":"Club N\u00e0utic L\u2019Escala","article_modified_time":"2026-03-21T14:31:08+00:00","twitter_card":"summary_large_image","twitter_misc":{"Dur\u00e9e de lecture estim\u00e9e":"5 minutes"},"schema":{"@context":"https:\/\/schema.org","@graph":[{"@type":"WebPage","@id":"https:\/\/nauticescala.com\/fr\/port-sur-la-costa-brava\/un-port-responsable\/","url":"https:\/\/nauticescala.com\/fr\/port-sur-la-costa-brava\/un-port-responsable\/","name":"Un Port responsable &#8211; Club N\u00e0utic L\u2019Escala","isPartOf":{"@id":"https:\/\/nauticescala.com\/#website"},"datePublished":"2020-04-13T10:45:03+00:00","dateModified":"2026-03-21T14:31:08+00:00","breadcrumb":{"@id":"https:\/\/nauticescala.com\/fr\/port-sur-la-costa-brava\/un-port-responsable\/#breadcrumb"},"inLanguage":"fr-FR","potentialAction":[{"@type":"ReadAction","target":["https:\/\/nauticescala.com\/fr\/port-sur-la-costa-brava\/un-port-responsable\/"]}]},{"@type":"BreadcrumbList","@id":"https:\/\/nauticescala.com\/fr\/port-sur-la-costa-brava\/un-port-responsable\/#breadcrumb","itemListElement":[{"@type":"ListItem","position":1,"name":"Home","item":"https:\/\/nauticescala.com\/fr\/"},{"@type":"ListItem","position":2,"name":"Services portuaires","item":"https:\/\/nauticescala.com\/fr\/port-sur-la-costa-brava\/"},{"@type":"ListItem","position":3,"name":"Un Port responsable"}]},{"@type":"WebSite","@id":"https:\/\/nauticescala.com\/#website","url":"https:\/\/nauticescala.com\/","name":"Club N\u00e0utic L\u2019Escala","description":"Port esportiu a la Costa Brava","potentialAction":[{"@type":"SearchAction","target":{"@type":"EntryPoint","urlTemplate":"https:\/\/nauticescala.com\/?s={search_term_string}"},"query-input":{"@type":"PropertyValueSpecification","valueRequired":true,"valueName":"search_term_string"}}],"inLanguage":"fr-FR"}]}},"_links":{"self":[{"href":"https:\/\/nauticescala.com\/fr\/wp-json\/wp\/v2\/pages\/11657","targetHints":{"allow":["GET"]}}],"collection":[{"href":"https:\/\/nauticescala.com\/fr\/wp-json\/wp\/v2\/pages"}],"about":[{"href":"https:\/\/nauticescala.com\/fr\/wp-json\/wp\/v2\/types\/page"}],"author":[{"embeddable":true,"href":"https:\/\/nauticescala.com\/fr\/wp-json\/wp\/v2\/users\/4"}],"replies":[{"embeddable":true,"href":"https:\/\/nauticescala.com\/fr\/wp-json\/wp\/v2\/comments?post=11657"}],"version-history":[{"count":37,"href":"https:\/\/nauticescala.com\/fr\/wp-json\/wp\/v2\/pages\/11657\/revisions"}],"predecessor-version":[{"id":98287,"href":"https:\/\/nauticescala.com\/fr\/wp-json\/wp\/v2\/pages\/11657\/revisions\/98287"}],"up":[{"embeddable":true,"href":"https:\/\/nauticescala.com\/fr\/wp-json\/wp\/v2\/pages\/9973"}],"wp:attachment":[{"href":"https:\/\/nauticescala.com\/fr\/wp-json\/wp\/v2\/media?parent=11657"}],"curies":[{"name":"wp","href":"https:\/\/api.w.org\/{rel}","templated":true}]}}