 {"id":12959,"date":"2020-04-20T13:16:21","date_gmt":"2020-04-20T11:16:21","guid":{"rendered":"http:\/\/nauticescala.com\/tarifes\/"},"modified":"2025-12-12T11:02:28","modified_gmt":"2025-12-12T10:02:28","slug":"tarifs","status":"publish","type":"page","link":"https:\/\/nauticescala.com\/fr\/port-sur-la-costa-brava\/tarifs\/","title":{"rendered":"Tarifs"},"content":{"rendered":"\t\n\t<section class=\"title-section d-md-block\">\n\t\t<div class=\"container\">\n\t\t\t\t\n\t\t\t\t<h1>Tarifs portuaires<\/h1>\n\t\t\t\t\t\t\t\n\t\t\t\t<p>Consultez les tarifs de chaque saison et r\u00e9servez votre amarrage<\/p>\n\t\t\t\t\t<\/div><!-- end container -->\n\t<\/section><!-- end title-section -->\n<section class=\"article-section\"><div class=\"container\">\n\n<\/div><\/section>\t<div class=\"visual-area\">\n\t\t<figure class=\"visual-banner\">\n\t\t\t<div class=\"image\">\n\t\t\t\t<img decoding=\"async\" src=\"https:\/\/nauticescala.com\/wp-content\/uploads\/2024\/12\/2022-nauticescala-c-poseidrone-aeries-marina-35.jpg\" alt=\"\" \/>\n\t\t\t<\/div><!-- end image -->\n\t\t\t<div class=\"bg-image bg-img primary-gradient\">\n\t\t\t\t<img decoding=\"async\" src=\"https:\/\/nauticescala.com\/wp-content\/uploads\/2024\/12\/2022-nauticescala-c-poseidrone-aeries-marina-35.jpg\" alt=\"\" \/>\n\t\t\t<\/div><!-- end bg-image -->\n\t\t<\/figure><!-- end visual-banner -->\n\t<\/div><!-- end visual-area -->\n<section class=\"article-section\"><div class=\"container\">\n\n<\/div><\/section>\n        <div class=\"intro-area-holder\">\n            <p>Consultez les tarifs des services portuaires du Club!<\/p>\n<p>Ces tarifs ne comprennent pas la taxe d&rsquo;aide \u00e0 la navigation (T0) pour les bateaux \u00e0 moteur de 9 m\u00e8tres ou plus et les voiliers de 12 m\u00e8tres ou plus:<\/p>\n<ul>\n<li>Bateaux avec port de base espagnol : 9,12 \u20ac\/an et m2<\/li>\n<li>Bateaux sans port de base espagnol : 0,025 \u20ac\/jour et m2<\/li>\n<\/ul>\n<p><strong>Si vous avez des questions, n&rsquo;h\u00e9sitez pas \u00e0 nous <a href=\"https:\/\/nauticescala.com\/fr\/contact\/\">contacter<\/a>.<\/strong><\/p>\n        <\/div><!-- end intro-area-holder -->\n\n\n<section class=\"article-section\"><div class=\"container\">\n\n<\/div><\/section>\n    \n        <div class=\"btn-box\">\n            <a href=\"https:\/\/nauticescala.com\/wp-content\/uploads\/2025\/12\/CN_Tarifari2026_20251209-1.pdf\" target=\"_blank\" class=\"btn btn-primary\">Consultez les tarifs 2026<\/a>\n\n        \n        \n\n<\/div><!-- end btn-box -->\n\n   \n<section class=\"article-section\"><div class=\"container\">\n\n<\/div><\/section><section class=\"slideshow\">\n\t\t\t<header class=\"slideshow-heading\">\n\t\t\t<div class=\"container\">\n\t\t\t\t<h2>Les services dont vous avez besoin pour profiter de la Costa Brava de la mer tr\u00e8s facilement<\/h2>\n\t\t\t<\/div><!-- end container -->\n\t\t<\/header><!-- end slideshow-heading -->\n\t\n\t\t\t<div class=\"slideshow-body\">\n\t\t\t<div class=\"slides\">\n\t\t\t\t\t\t\t\t\t\t\t\t\t\t\t<div class=\"slide\">\n\t\t\t\t\t\t\t<div class=\"container\">\n\t\t\t\t\t\t\t\t<figure class=\"image primary-gradient\">\n\t\t\t\t\t\t\t\t\t<img decoding=\"async\" src=\"https:\/\/nauticescala.com\/wp-content\/uploads\/2020\/04\/2010-cn-lescala-costa-brava-port-4-1.jpg\" alt=\"\" \/>\n\t\t\t\t\t\t\t\t<\/figure><!-- end image -->\n\t\t\t\t\t\t\t<\/div><!-- end container -->\n\t\t\t\t\t\t<\/div><!-- end slide -->\n\t\t\t\t\t\t\t\t\t\t\t\t\t\t\t\t\t\t\t\t<div class=\"slide\">\n\t\t\t\t\t\t\t<div class=\"container\">\n\t\t\t\t\t\t\t\t<figure class=\"image primary-gradient\">\n\t\t\t\t\t\t\t\t\t<img decoding=\"async\" src=\"https:\/\/nauticescala.com\/wp-content\/uploads\/2023\/06\/2023-nauticescala-port-22.jpg\" alt=\"\" \/>\n\t\t\t\t\t\t\t\t<\/figure><!-- end image -->\n\t\t\t\t\t\t\t<\/div><!-- end container -->\n\t\t\t\t\t\t<\/div><!-- end slide -->\n\t\t\t\t\t\t\t\t\t\t\t\t\t\t\t\t\t\t\t\t<div class=\"slide\">\n\t\t\t\t\t\t\t<div class=\"container\">\n\t\t\t\t\t\t\t\t<figure class=\"image primary-gradient\">\n\t\t\t\t\t\t\t\t\t<img decoding=\"async\" src=\"https:\/\/nauticescala.com\/wp-content\/uploads\/2022\/12\/2022-nauticescala-c-poseidrone-port-3.jpg\" alt=\"\" \/>\n\t\t\t\t\t\t\t\t<\/figure><!-- end image -->\n\t\t\t\t\t\t\t<\/div><!-- end container -->\n\t\t\t\t\t\t<\/div><!-- end slide -->\n\t\t\t\t\t\t\t\t\t\t\t\t\t\t\t\t\t\t\t\t<div class=\"slide\">\n\t\t\t\t\t\t\t<div class=\"container\">\n\t\t\t\t\t\t\t\t<figure class=\"image primary-gradient\">\n\t\t\t\t\t\t\t\t\t<img decoding=\"async\" src=\"https:\/\/nauticescala.com\/wp-content\/uploads\/2024\/12\/2024-nauticescala-port-14.jpg\" alt=\"\" \/>\n\t\t\t\t\t\t\t\t<\/figure><!-- end image -->\n\t\t\t\t\t\t\t<\/div><!-- end container -->\n\t\t\t\t\t\t<\/div><!-- end slide -->\n\t\t\t\t\t\t\t\t\t\t\t\t<\/div><!-- end slides -->\n\t\t<\/div><!-- end slideshow-body -->\n\t<\/section><!-- end slideshow -->\n","protected":false},"excerpt":{"rendered":"","protected":false},"author":4,"featured_media":0,"parent":9973,"menu_order":0,"comment_status":"closed","ping_status":"closed","template":"","meta":{"_acf_changed":false,"_monsterinsights_skip_tracking":false,"_monsterinsights_sitenote_active":false,"_monsterinsights_sitenote_note":"","_monsterinsights_sitenote_category":0,"footnotes":""},"class_list":["post-12959","page","type-page","status-publish","hentry"],"acf":[],"yoast_head":"<!-- This site is optimized with the Yoast SEO Premium plugin v20.7 (Yoast SEO v27.4) - https:\/\/yoast.com\/product\/yoast-seo-premium-wordpress\/ -->\n<title>Tarifs &#8211; Club N\u00e0utic L\u2019Escala<\/title>\n<meta name=\"robots\" content=\"index, follow, max-snippet:-1, max-image-preview:large, max-video-preview:-1\" \/>\n<link rel=\"canonical\" href=\"https:\/\/nauticescala.com\/fr\/port-sur-la-costa-brava\/tarifs\/\" \/>\n<meta property=\"og:locale\" content=\"fr_FR\" \/>\n<meta property=\"og:type\" content=\"article\" \/>\n<meta property=\"og:title\" content=\"Tarifs\" \/>\n<meta property=\"og:url\" content=\"https:\/\/nauticescala.com\/fr\/port-sur-la-costa-brava\/tarifs\/\" \/>\n<meta property=\"og:site_name\" content=\"Club N\u00e0utic L\u2019Escala\" \/>\n<meta property=\"article:modified_time\" content=\"2025-12-12T10:02:28+00:00\" \/>\n<meta name=\"twitter:card\" content=\"summary_large_image\" \/>\n<meta name=\"twitter:label1\" content=\"Dur\u00e9e de lecture estim\u00e9e\" \/>\n\t<meta name=\"twitter:data1\" content=\"2 minutes\" \/>\n<script type=\"application\/ld+json\" class=\"yoast-schema-graph\">{\"@context\":\"https:\\\/\\\/schema.org\",\"@graph\":[{\"@type\":\"WebPage\",\"@id\":\"https:\\\/\\\/nauticescala.com\\\/fr\\\/port-sur-la-costa-brava\\\/tarifs\\\/\",\"url\":\"https:\\\/\\\/nauticescala.com\\\/fr\\\/port-sur-la-costa-brava\\\/tarifs\\\/\",\"name\":\"Tarifs &#8211; Club N\u00e0utic L\u2019Escala\",\"isPartOf\":{\"@id\":\"https:\\\/\\\/nauticescala.com\\\/#website\"},\"datePublished\":\"2020-04-20T11:16:21+00:00\",\"dateModified\":\"2025-12-12T10:02:28+00:00\",\"breadcrumb\":{\"@id\":\"https:\\\/\\\/nauticescala.com\\\/fr\\\/port-sur-la-costa-brava\\\/tarifs\\\/#breadcrumb\"},\"inLanguage\":\"fr-FR\",\"potentialAction\":[{\"@type\":\"ReadAction\",\"target\":[\"https:\\\/\\\/nauticescala.com\\\/fr\\\/port-sur-la-costa-brava\\\/tarifs\\\/\"]}]},{\"@type\":\"BreadcrumbList\",\"@id\":\"https:\\\/\\\/nauticescala.com\\\/fr\\\/port-sur-la-costa-brava\\\/tarifs\\\/#breadcrumb\",\"itemListElement\":[{\"@type\":\"ListItem\",\"position\":1,\"name\":\"Home\",\"item\":\"https:\\\/\\\/nauticescala.com\\\/fr\\\/\"},{\"@type\":\"ListItem\",\"position\":2,\"name\":\"Services portuaires\",\"item\":\"https:\\\/\\\/nauticescala.com\\\/fr\\\/port-sur-la-costa-brava\\\/\"},{\"@type\":\"ListItem\",\"position\":3,\"name\":\"Tarifs\"}]},{\"@type\":\"WebSite\",\"@id\":\"https:\\\/\\\/nauticescala.com\\\/#website\",\"url\":\"https:\\\/\\\/nauticescala.com\\\/\",\"name\":\"Club N\u00e0utic L\u2019Escala\",\"description\":\"Port esportiu a la Costa Brava\",\"potentialAction\":[{\"@type\":\"SearchAction\",\"target\":{\"@type\":\"EntryPoint\",\"urlTemplate\":\"https:\\\/\\\/nauticescala.com\\\/?s={search_term_string}\"},\"query-input\":{\"@type\":\"PropertyValueSpecification\",\"valueRequired\":true,\"valueName\":\"search_term_string\"}}],\"inLanguage\":\"fr-FR\"}]}<\/script>\n<!-- \/ Yoast SEO Premium plugin. -->","yoast_head_json":{"title":"Tarifs &#8211; Club N\u00e0utic L\u2019Escala","robots":{"index":"index","follow":"follow","max-snippet":"max-snippet:-1","max-image-preview":"max-image-preview:large","max-video-preview":"max-video-preview:-1"},"canonical":"https:\/\/nauticescala.com\/fr\/port-sur-la-costa-brava\/tarifs\/","og_locale":"fr_FR","og_type":"article","og_title":"Tarifs","og_url":"https:\/\/nauticescala.com\/fr\/port-sur-la-costa-brava\/tarifs\/","og_site_name":"Club N\u00e0utic L\u2019Escala","article_modified_time":"2025-12-12T10:02:28+00:00","twitter_card":"summary_large_image","twitter_misc":{"Dur\u00e9e de lecture estim\u00e9e":"2 minutes"},"schema":{"@context":"https:\/\/schema.org","@graph":[{"@type":"WebPage","@id":"https:\/\/nauticescala.com\/fr\/port-sur-la-costa-brava\/tarifs\/","url":"https:\/\/nauticescala.com\/fr\/port-sur-la-costa-brava\/tarifs\/","name":"Tarifs &#8211; Club N\u00e0utic L\u2019Escala","isPartOf":{"@id":"https:\/\/nauticescala.com\/#website"},"datePublished":"2020-04-20T11:16:21+00:00","dateModified":"2025-12-12T10:02:28+00:00","breadcrumb":{"@id":"https:\/\/nauticescala.com\/fr\/port-sur-la-costa-brava\/tarifs\/#breadcrumb"},"inLanguage":"fr-FR","potentialAction":[{"@type":"ReadAction","target":["https:\/\/nauticescala.com\/fr\/port-sur-la-costa-brava\/tarifs\/"]}]},{"@type":"BreadcrumbList","@id":"https:\/\/nauticescala.com\/fr\/port-sur-la-costa-brava\/tarifs\/#breadcrumb","itemListElement":[{"@type":"ListItem","position":1,"name":"Home","item":"https:\/\/nauticescala.com\/fr\/"},{"@type":"ListItem","position":2,"name":"Services portuaires","item":"https:\/\/nauticescala.com\/fr\/port-sur-la-costa-brava\/"},{"@type":"ListItem","position":3,"name":"Tarifs"}]},{"@type":"WebSite","@id":"https:\/\/nauticescala.com\/#website","url":"https:\/\/nauticescala.com\/","name":"Club N\u00e0utic L\u2019Escala","description":"Port esportiu a la Costa Brava","potentialAction":[{"@type":"SearchAction","target":{"@type":"EntryPoint","urlTemplate":"https:\/\/nauticescala.com\/?s={search_term_string}"},"query-input":{"@type":"PropertyValueSpecification","valueRequired":true,"valueName":"search_term_string"}}],"inLanguage":"fr-FR"}]}},"_links":{"self":[{"href":"https:\/\/nauticescala.com\/fr\/wp-json\/wp\/v2\/pages\/12959","targetHints":{"allow":["GET"]}}],"collection":[{"href":"https:\/\/nauticescala.com\/fr\/wp-json\/wp\/v2\/pages"}],"about":[{"href":"https:\/\/nauticescala.com\/fr\/wp-json\/wp\/v2\/types\/page"}],"author":[{"embeddable":true,"href":"https:\/\/nauticescala.com\/fr\/wp-json\/wp\/v2\/users\/4"}],"replies":[{"embeddable":true,"href":"https:\/\/nauticescala.com\/fr\/wp-json\/wp\/v2\/comments?post=12959"}],"version-history":[{"count":18,"href":"https:\/\/nauticescala.com\/fr\/wp-json\/wp\/v2\/pages\/12959\/revisions"}],"predecessor-version":[{"id":94669,"href":"https:\/\/nauticescala.com\/fr\/wp-json\/wp\/v2\/pages\/12959\/revisions\/94669"}],"up":[{"embeddable":true,"href":"https:\/\/nauticescala.com\/fr\/wp-json\/wp\/v2\/pages\/9973"}],"wp:attachment":[{"href":"https:\/\/nauticescala.com\/fr\/wp-json\/wp\/v2\/media?parent=12959"}],"curies":[{"name":"wp","href":"https:\/\/api.w.org\/{rel}","templated":true}]}}