 {"id":13027,"date":"2020-04-21T10:36:15","date_gmt":"2020-04-21T08:36:15","guid":{"rendered":"http:\/\/nauticescala.com\/avis-legal\/"},"modified":"2020-04-22T11:31:41","modified_gmt":"2020-04-22T09:31:41","slug":"cookies","status":"publish","type":"page","link":"https:\/\/nauticescala.com\/fr\/cookies\/","title":{"rendered":"Cookies"},"content":{"rendered":"<section class=\"title-section\">\n\t<div class=\"container\">\n\t\t\t\t\t<h1>POLITIQUE DE COOKIES<\/h1>\n\t\t\n\t\t\n\t\t\t\t\t<div class=\"block\">\n\t\t\t\t<p>CLUB N\u00c0UTIC L&rsquo;ESCALA, Port de la Clota s\/n de l&rsquo;Escala, responsable du traitement des donn\u00e9es, utilise des Cookies afin de surveiller les habitudes de navigation des Utilisateurs de ce Site, comme indiqu\u00e9 dans la pr\u00e9sente politique.<\/p>\n<p>&nbsp;<\/p>\n<p><strong>Qu&rsquo;est-ce qu&rsquo;un cookie?<\/strong><\/p>\n<p>Un cookie est un fichier qui est t\u00e9l\u00e9charg\u00e9 sur le dispositif \u00e9lectronique de l&rsquo;Utilisateur lorsqu&rsquo;il acc\u00e8de \u00e0 certains Sites web pour stocker et r\u00e9cup\u00e9rer des informations sur la navigation effectu\u00e9e \u00e0 partir de ce dispositif.<\/p>\n<p>&nbsp;<\/p>\n<p><strong>Types de cookies utilis\u00e9s sur ce Site et traitement des donn\u00e9es pour les cookies:<\/strong><\/p>\n<p>Ce Site internet est uniquement autoris\u00e9 \u00e0 utiliser les cookies suivants \u00e0 partir des outils ci-dessous:<\/p>\n<p><span style=\"text-decoration: underline;\">Google Analytics:<\/span><\/p>\n<ol>\n<li>Responsable Tiers: Google Inc., une soci\u00e9t\u00e9 de Delaware dont le si\u00e8ge social est situ\u00e9 au 1600 Amphitheatre Parkway, Mountain View (Californie) CA 94043, \u00c9tats-Unis.<\/li>\n<li>Informations recueillies par Google et fournies au CLUB N\u00c0UTIC L&rsquo;ESCALA : Google Analytics capture les interactions des Utilisateurs sur le Site Web.<\/li>\n<li>Objectif: Permettre aux propri\u00e9taires du Site Web de conna\u00eetre les habitudes de navigation de leurs Utilisateurs. Le but du traitement effectu\u00e9 par Google est l&rsquo;analyse et la mesure des donn\u00e9es pour fournir les services \u00e0 leurs clients.<\/li>\n<li>D\u00e9sactivation: L&rsquo;Utilisateur peut \u00e0 tout moment r\u00e9voquer le consentement donn\u00e9 en le notifiant au CLUB N\u00c0UTIC L&rsquo;ESCALA en envoyant un mail \u00e0 l\u2019adresse indiqu\u00e9e.<\/li>\n<\/ol>\n<p><span style=\"text-decoration: underline;\">Cookies de type technique:<\/span> ce cookie est distingu\u00e9 par 32 caract\u00e8res al\u00e9atoires et n\u00e9cessaires \u00e0 la bonne navigation sur les pages du Site Web du Club. Ce cookie est totalement n\u00e9cessaire et inh\u00e9rent \u00e0 la plateforme car, entre autres fonctions, il doit permettre \u00e0 l&rsquo;Utilisateur d&rsquo;ajouter des \u00e9l\u00e9ments au panier.<\/p>\n<p><span style=\"text-decoration: underline;\">R\u00e9seaux sociaux:<\/span> si vous vous connectez via un r\u00e9seau social (Facebook, Instagram, Twitter), ces plateformes cr\u00e9ent une s\u00e9rie de cookies techniques et analytiques qui ont, entre autres fonctions, celle de conna\u00eetre les informations de l&rsquo;Utilisateur qui s&rsquo;est connect\u00e9 via ces plateformes. Dans ce cas, l&rsquo;Utilisateur devra accepter la politique d&rsquo;acc\u00e8s et les conditions g\u00e9n\u00e9rales desdites plateformes.<\/p>\n<p>&nbsp;<\/p>\n<p><strong>Base juridique, dur\u00e9e de conservation et transferts internationaux de donn\u00e9es:<\/strong><\/p>\n<p>Le traitement de vos donn\u00e9es personnelles est n\u00e9cessaire aux fins \u00e9nonc\u00e9es ci-dessus et sa base l\u00e9gale est le consentement de l&rsquo;Utilisateur, qui l&rsquo;autorise en cliquant sur le bouton \u00a0\u00bbaccepter \u00a0\u00bb de la banni\u00e8re d&rsquo;information en bas de chaque page.<\/p>\n<p>Les cookies tiers appartiennent \u00e0 Google, qui est membre du Privacy Shield Framework U.E \u2013 USA. Les donn\u00e9es ne seront pas communiqu\u00e9es \u00e0 des tiers, sauf dans les cas pr\u00e9vus dans la politique de confidentialit\u00e9.<\/p>\n<p>&nbsp;<\/p>\n<p><strong>Acceptation de la politique de cookies:<\/strong><\/p>\n<p>Ce Site, afin de se conformer \u00e0 la r\u00e9glementation en vigueur sur l&rsquo;utilisation des cookies, affiche les informations de sa politique de cookies en bas de toutes les pages du Site.<\/p>\n<p><span style=\"text-decoration: underline;\">Auquel cas, l&rsquo;Utilisateur peut choisir entre:<\/span><\/p>\n<ol>\n<li>Accepter : dans ce cas, cet avis ne sera plus affich\u00e9 lors de la navigation sur le Site<\/li>\n<li>Continuer la navigation sans accepter express\u00e9ment : Dans ce cas, il sera entendu que l&rsquo;Utilisateur accepte tacitement la politique des cookies.<\/li>\n<li>Arr\u00eatez de naviguer sur le Site Web.<\/li>\n<\/ol>\n<p>&nbsp;<\/p>\n<p><strong>Droits des Utilisateurs:<\/strong><\/p>\n<p>L&rsquo;Utilisateur peut exercer ses droits d&rsquo;acc\u00e8s, de rectification, de suppression, d&rsquo;opposition, de limitation du traitement et de portabilit\u00e9, le cas \u00e9ch\u00e9ant ; ainsi que de r\u00e9voquer son consentement au respect du traitement, responsabilit\u00e9 du CLUB N\u00c0UTIC L&rsquo;ESCALA, par les canaux de communication \u00e9tablis sur ce Site. De plus, l&rsquo;Utilisateur a le droit de d\u00e9poser une r\u00e9clamation aupr\u00e8s d&rsquo;une autorit\u00e9 de contr\u00f4le comp\u00e9tente. En Espagne, cette autorit\u00e9 est l&rsquo;Agence espagnole de protection des donn\u00e9es.<\/p>\n\n\t\t\t\t\t\t\t<\/div><!-- end block -->\n\t\t\t<\/div><!-- end container -->\n<\/section><!-- end title-section -->\n","protected":false},"excerpt":{"rendered":"","protected":false},"author":4,"featured_media":0,"parent":0,"menu_order":0,"comment_status":"closed","ping_status":"closed","template":"","meta":{"_acf_changed":false,"_monsterinsights_skip_tracking":false,"_monsterinsights_sitenote_active":false,"_monsterinsights_sitenote_note":"","_monsterinsights_sitenote_category":0,"footnotes":""},"class_list":["post-13027","page","type-page","status-publish","hentry"],"acf":[],"yoast_head":"<!-- This site is optimized with the Yoast SEO Premium plugin v20.7 (Yoast SEO v27.4) - https:\/\/yoast.com\/product\/yoast-seo-premium-wordpress\/ -->\n<title>Cookies &#8211; Club N\u00e0utic L\u2019Escala<\/title>\n<meta name=\"robots\" content=\"index, follow, max-snippet:-1, max-image-preview:large, max-video-preview:-1\" \/>\n<link rel=\"canonical\" href=\"https:\/\/nauticescala.com\/fr\/cookies\/\" \/>\n<meta property=\"og:locale\" content=\"fr_FR\" \/>\n<meta property=\"og:type\" content=\"article\" \/>\n<meta property=\"og:title\" content=\"Cookies\" \/>\n<meta property=\"og:url\" content=\"https:\/\/nauticescala.com\/fr\/cookies\/\" \/>\n<meta property=\"og:site_name\" content=\"Club N\u00e0utic L\u2019Escala\" \/>\n<meta property=\"article:modified_time\" content=\"2020-04-22T09:31:41+00:00\" \/>\n<meta name=\"twitter:card\" content=\"summary_large_image\" \/>\n<script type=\"application\/ld+json\" class=\"yoast-schema-graph\">{\"@context\":\"https:\\\/\\\/schema.org\",\"@graph\":[{\"@type\":\"WebPage\",\"@id\":\"https:\\\/\\\/nauticescala.com\\\/fr\\\/cookies\\\/\",\"url\":\"https:\\\/\\\/nauticescala.com\\\/fr\\\/cookies\\\/\",\"name\":\"Cookies &#8211; Club N\u00e0utic L\u2019Escala\",\"isPartOf\":{\"@id\":\"https:\\\/\\\/nauticescala.com\\\/#website\"},\"datePublished\":\"2020-04-21T08:36:15+00:00\",\"dateModified\":\"2020-04-22T09:31:41+00:00\",\"breadcrumb\":{\"@id\":\"https:\\\/\\\/nauticescala.com\\\/fr\\\/cookies\\\/#breadcrumb\"},\"inLanguage\":\"fr-FR\",\"potentialAction\":[{\"@type\":\"ReadAction\",\"target\":[\"https:\\\/\\\/nauticescala.com\\\/fr\\\/cookies\\\/\"]}]},{\"@type\":\"BreadcrumbList\",\"@id\":\"https:\\\/\\\/nauticescala.com\\\/fr\\\/cookies\\\/#breadcrumb\",\"itemListElement\":[{\"@type\":\"ListItem\",\"position\":1,\"name\":\"Home\",\"item\":\"https:\\\/\\\/nauticescala.com\\\/fr\\\/\"},{\"@type\":\"ListItem\",\"position\":2,\"name\":\"Cookies\"}]},{\"@type\":\"WebSite\",\"@id\":\"https:\\\/\\\/nauticescala.com\\\/#website\",\"url\":\"https:\\\/\\\/nauticescala.com\\\/\",\"name\":\"Club N\u00e0utic L\u2019Escala\",\"description\":\"Port esportiu a la Costa Brava\",\"potentialAction\":[{\"@type\":\"SearchAction\",\"target\":{\"@type\":\"EntryPoint\",\"urlTemplate\":\"https:\\\/\\\/nauticescala.com\\\/?s={search_term_string}\"},\"query-input\":{\"@type\":\"PropertyValueSpecification\",\"valueRequired\":true,\"valueName\":\"search_term_string\"}}],\"inLanguage\":\"fr-FR\"}]}<\/script>\n<!-- \/ Yoast SEO Premium plugin. -->","yoast_head_json":{"title":"Cookies &#8211; Club N\u00e0utic L\u2019Escala","robots":{"index":"index","follow":"follow","max-snippet":"max-snippet:-1","max-image-preview":"max-image-preview:large","max-video-preview":"max-video-preview:-1"},"canonical":"https:\/\/nauticescala.com\/fr\/cookies\/","og_locale":"fr_FR","og_type":"article","og_title":"Cookies","og_url":"https:\/\/nauticescala.com\/fr\/cookies\/","og_site_name":"Club N\u00e0utic L\u2019Escala","article_modified_time":"2020-04-22T09:31:41+00:00","twitter_card":"summary_large_image","schema":{"@context":"https:\/\/schema.org","@graph":[{"@type":"WebPage","@id":"https:\/\/nauticescala.com\/fr\/cookies\/","url":"https:\/\/nauticescala.com\/fr\/cookies\/","name":"Cookies &#8211; Club N\u00e0utic L\u2019Escala","isPartOf":{"@id":"https:\/\/nauticescala.com\/#website"},"datePublished":"2020-04-21T08:36:15+00:00","dateModified":"2020-04-22T09:31:41+00:00","breadcrumb":{"@id":"https:\/\/nauticescala.com\/fr\/cookies\/#breadcrumb"},"inLanguage":"fr-FR","potentialAction":[{"@type":"ReadAction","target":["https:\/\/nauticescala.com\/fr\/cookies\/"]}]},{"@type":"BreadcrumbList","@id":"https:\/\/nauticescala.com\/fr\/cookies\/#breadcrumb","itemListElement":[{"@type":"ListItem","position":1,"name":"Home","item":"https:\/\/nauticescala.com\/fr\/"},{"@type":"ListItem","position":2,"name":"Cookies"}]},{"@type":"WebSite","@id":"https:\/\/nauticescala.com\/#website","url":"https:\/\/nauticescala.com\/","name":"Club N\u00e0utic L\u2019Escala","description":"Port esportiu a la Costa Brava","potentialAction":[{"@type":"SearchAction","target":{"@type":"EntryPoint","urlTemplate":"https:\/\/nauticescala.com\/?s={search_term_string}"},"query-input":{"@type":"PropertyValueSpecification","valueRequired":true,"valueName":"search_term_string"}}],"inLanguage":"fr-FR"}]}},"_links":{"self":[{"href":"https:\/\/nauticescala.com\/fr\/wp-json\/wp\/v2\/pages\/13027","targetHints":{"allow":["GET"]}}],"collection":[{"href":"https:\/\/nauticescala.com\/fr\/wp-json\/wp\/v2\/pages"}],"about":[{"href":"https:\/\/nauticescala.com\/fr\/wp-json\/wp\/v2\/types\/page"}],"author":[{"embeddable":true,"href":"https:\/\/nauticescala.com\/fr\/wp-json\/wp\/v2\/users\/4"}],"replies":[{"embeddable":true,"href":"https:\/\/nauticescala.com\/fr\/wp-json\/wp\/v2\/comments?post=13027"}],"version-history":[{"count":5,"href":"https:\/\/nauticescala.com\/fr\/wp-json\/wp\/v2\/pages\/13027\/revisions"}],"predecessor-version":[{"id":13426,"href":"https:\/\/nauticescala.com\/fr\/wp-json\/wp\/v2\/pages\/13027\/revisions\/13426"}],"wp:attachment":[{"href":"https:\/\/nauticescala.com\/fr\/wp-json\/wp\/v2\/media?parent=13027"}],"curies":[{"name":"wp","href":"https:\/\/api.w.org\/{rel}","templated":true}]}}