 {"id":13047,"date":"2020-04-21T11:12:49","date_gmt":"2020-04-21T09:12:49","guid":{"rendered":"http:\/\/nauticescala.com\/nota-legal-condicions-dus\/"},"modified":"2020-04-22T11:31:06","modified_gmt":"2020-04-22T09:31:06","slug":"avis-legal","status":"publish","type":"page","link":"https:\/\/nauticescala.com\/fr\/avis-legal\/","title":{"rendered":"Avis l\u00e9gal"},"content":{"rendered":"<section class=\"title-section\">\n\t<div class=\"container\">\n\t\t\t\t\t<h1>Avis l\u00e9gal<\/h1>\n\t\t\n\t\t\n\t\t\t\t\t<div class=\"block\">\n\t\t\t\t<p><strong>Conditions d&rsquo;utilisation:<\/strong><\/p>\n<p>Les conditions g\u00e9n\u00e9rales expos\u00e9es r\u00e9gissent l&rsquo;utilisation des pages int\u00e9grales du Site internet. Tout Utilisateur acc\u00e9dant au Site s&rsquo;engage \u00e0 se soumettre \u00e0 tout moment aux Conditions G\u00e9n\u00e9rales en vigueur.<\/p>\n<p>Le contenu de ces pages est prot\u00e9g\u00e9 par la loi sur la propri\u00e9t\u00e9 intellectuelle, de sorte que la modification, la transmission, la copie ou toute utilisation des contenus qui font partie du Site \u00e0 des fins publiques, lucratives ou commerciales, sans le consentement et l&rsquo;autorisation expresse du CLUB N\u00c0UTIC L&rsquo;ESCALA, entra\u00eenera une violation sanctionn\u00e9e par la l\u00e9gislation en vigueur.<\/p>\n<p>&nbsp;<\/p>\n<p><strong>Droits de propri\u00e9t\u00e9 intellectuelle et industrielle:<\/strong><\/p>\n<p>Par le biais des pr\u00e9sentes Conditions G\u00e9n\u00e9rales, aucun droit de propri\u00e9t\u00e9 intellectuelle ou industrielle n&rsquo;est c\u00e9d\u00e9 sur le Site ou l&rsquo;un de ses \u00e9l\u00e9ments constitutifs, comme la reproduction, la transformation, la distribution, la communication publique, la mise \u00e0 disposition, l\u2019exp\u00e9dition ou l\u2019utilisation de toute nature qu\u2019il soit, sauf dans les cas l\u00e9galement permis ou autoris\u00e9s par le titulaire des droits correspondants.<\/p>\n<p>Toute personne physique ou morale qui a l&rsquo;intention d&rsquo;inclure un lien hypertexte ou un dispositif de lien technique \u00e0 partir de son Site Web doit obtenir une autorisation pr\u00e9alable du CLUB N\u00c0UTIC L&rsquo;ESCALA, qui peut \u00eatre r\u00e9voqu\u00e9e \u00e0 tout moment.<\/p>\n<p>L&rsquo;\u00e9tablissement d&rsquo;un lien n&rsquo;implique aucunement l&rsquo;existence d&rsquo;une relation entre CLUB N\u00c0UTIC L&rsquo;ESCALA et le propri\u00e9taire du Site.<\/p>\n<p>&nbsp;<\/p>\n<p><strong>Disponibilit\u00e9 du Site et services qui y sont propos\u00e9s:<\/strong><\/p>\n<p>CLUB N\u00c0UTIC L&rsquo;ESCALA ne garantit pas la disponibilit\u00e9, l&rsquo;acc\u00e8s et\/ou la continuit\u00e9 du fonctionnement de ce Site ou des services qui lui sont associ\u00e9s. De m\u00eame, CLUB N\u00c0UTIC L&rsquo;ESCALA ne sera pas responsable des dommages qui pourraient \u00eatre caus\u00e9s \u00e0 l&rsquo;Utilisateur en raison d&rsquo;une indisponibilit\u00e9, d&rsquo;erreurs d&rsquo;acc\u00e8s ou d&rsquo;un manque de continuit\u00e9 du Site et de ses services associ\u00e9s.<\/p>\n<p>&nbsp;<\/p>\n<p><strong>Contenu et services:<\/strong><\/p>\n<p>L&rsquo;Utilisateur est ultimement responsable du contenu des informations recueillies sur ce Site. L&rsquo;Utilisateur accepte les conditions d&rsquo;utilisation et accepte que les informations incluses soient exactes et appropri\u00e9es aux fins du Web.<\/p>\n<p>Les informations publi\u00e9es sur ce Site sont \u00e0 jour au moment de leur publication, sauf erreur ou omission. L&rsquo;Utilisateur peut consulter la date de publication en envoyant un courrier \u00e0 l\u2019adresse annonc\u00e9e dans les pr\u00e9sentes conditions.<\/p>\n<p>CLUB N\u00c0UTIC L&rsquo;ESCALA n&rsquo;assume aucune responsabilit\u00e9 pour la n\u00e9gligence ou l&rsquo;inconduite de l&rsquo;un des Utilisateurs du Site. De m\u00eame, CLUB N\u00c0UTIC L&rsquo;ESCALA se r\u00e9serve le droit de mettre \u00e0 jour, modifier ou supprimer le contenu du Site Internet, ainsi que de limiter son acc\u00e8s partiel ou total aussi longtemps qu&rsquo;il le jugera opportun.<\/p>\n<p>&nbsp;<\/p>\n<p><strong>Juridiction comp\u00e9tente:<\/strong><\/p>\n<p>Ces conditions g\u00e9n\u00e9rales sont r\u00e9gies par la loi espagnole applicable, et sauf si la loi en dispose autrement dans les r\u00e9glementations en vigueur, y compris les conditions et protections des consommateurs et Utilisateurs, tout litige sera soumis aux juges et aux tribunaux de G\u00e9rone.<\/p>\n\n\t\t\t\t\t\t\t<\/div><!-- end block -->\n\t\t\t<\/div><!-- end container -->\n<\/section><!-- end title-section -->\n<section class=\"article-section\"><div class=\"container\">\n\n<\/div><\/section>\n<p><\/p>\n","protected":false},"excerpt":{"rendered":"","protected":false},"author":4,"featured_media":0,"parent":0,"menu_order":0,"comment_status":"closed","ping_status":"closed","template":"","meta":{"_acf_changed":false,"_monsterinsights_skip_tracking":false,"_monsterinsights_sitenote_active":false,"_monsterinsights_sitenote_note":"","_monsterinsights_sitenote_category":0,"footnotes":""},"class_list":["post-13047","page","type-page","status-publish","hentry"],"acf":[],"yoast_head":"<!-- This site is optimized with the Yoast SEO Premium plugin v20.7 (Yoast SEO v27.4) - https:\/\/yoast.com\/product\/yoast-seo-premium-wordpress\/ -->\n<title>Avis l\u00e9gal &#8211; Club N\u00e0utic L\u2019Escala<\/title>\n<meta name=\"robots\" content=\"index, follow, max-snippet:-1, max-image-preview:large, max-video-preview:-1\" \/>\n<link rel=\"canonical\" href=\"https:\/\/nauticescala.com\/fr\/avis-legal\/\" \/>\n<meta property=\"og:locale\" content=\"fr_FR\" \/>\n<meta property=\"og:type\" content=\"article\" \/>\n<meta property=\"og:title\" content=\"Avis l\u00e9gal\" \/>\n<meta property=\"og:url\" content=\"https:\/\/nauticescala.com\/fr\/avis-legal\/\" \/>\n<meta property=\"og:site_name\" content=\"Club N\u00e0utic L\u2019Escala\" \/>\n<meta property=\"article:modified_time\" content=\"2020-04-22T09:31:06+00:00\" \/>\n<meta name=\"twitter:card\" content=\"summary_large_image\" \/>\n<script type=\"application\/ld+json\" class=\"yoast-schema-graph\">{\"@context\":\"https:\\\/\\\/schema.org\",\"@graph\":[{\"@type\":\"WebPage\",\"@id\":\"https:\\\/\\\/nauticescala.com\\\/fr\\\/avis-legal\\\/\",\"url\":\"https:\\\/\\\/nauticescala.com\\\/fr\\\/avis-legal\\\/\",\"name\":\"Avis l\u00e9gal &#8211; Club N\u00e0utic L\u2019Escala\",\"isPartOf\":{\"@id\":\"https:\\\/\\\/nauticescala.com\\\/#website\"},\"datePublished\":\"2020-04-21T09:12:49+00:00\",\"dateModified\":\"2020-04-22T09:31:06+00:00\",\"breadcrumb\":{\"@id\":\"https:\\\/\\\/nauticescala.com\\\/fr\\\/avis-legal\\\/#breadcrumb\"},\"inLanguage\":\"fr-FR\",\"potentialAction\":[{\"@type\":\"ReadAction\",\"target\":[\"https:\\\/\\\/nauticescala.com\\\/fr\\\/avis-legal\\\/\"]}]},{\"@type\":\"BreadcrumbList\",\"@id\":\"https:\\\/\\\/nauticescala.com\\\/fr\\\/avis-legal\\\/#breadcrumb\",\"itemListElement\":[{\"@type\":\"ListItem\",\"position\":1,\"name\":\"Home\",\"item\":\"https:\\\/\\\/nauticescala.com\\\/fr\\\/\"},{\"@type\":\"ListItem\",\"position\":2,\"name\":\"Avis l\u00e9gal\"}]},{\"@type\":\"WebSite\",\"@id\":\"https:\\\/\\\/nauticescala.com\\\/#website\",\"url\":\"https:\\\/\\\/nauticescala.com\\\/\",\"name\":\"Club N\u00e0utic L\u2019Escala\",\"description\":\"Port esportiu a la Costa Brava\",\"potentialAction\":[{\"@type\":\"SearchAction\",\"target\":{\"@type\":\"EntryPoint\",\"urlTemplate\":\"https:\\\/\\\/nauticescala.com\\\/?s={search_term_string}\"},\"query-input\":{\"@type\":\"PropertyValueSpecification\",\"valueRequired\":true,\"valueName\":\"search_term_string\"}}],\"inLanguage\":\"fr-FR\"}]}<\/script>\n<!-- \/ Yoast SEO Premium plugin. -->","yoast_head_json":{"title":"Avis l\u00e9gal &#8211; Club N\u00e0utic L\u2019Escala","robots":{"index":"index","follow":"follow","max-snippet":"max-snippet:-1","max-image-preview":"max-image-preview:large","max-video-preview":"max-video-preview:-1"},"canonical":"https:\/\/nauticescala.com\/fr\/avis-legal\/","og_locale":"fr_FR","og_type":"article","og_title":"Avis l\u00e9gal","og_url":"https:\/\/nauticescala.com\/fr\/avis-legal\/","og_site_name":"Club N\u00e0utic L\u2019Escala","article_modified_time":"2020-04-22T09:31:06+00:00","twitter_card":"summary_large_image","schema":{"@context":"https:\/\/schema.org","@graph":[{"@type":"WebPage","@id":"https:\/\/nauticescala.com\/fr\/avis-legal\/","url":"https:\/\/nauticescala.com\/fr\/avis-legal\/","name":"Avis l\u00e9gal &#8211; Club N\u00e0utic L\u2019Escala","isPartOf":{"@id":"https:\/\/nauticescala.com\/#website"},"datePublished":"2020-04-21T09:12:49+00:00","dateModified":"2020-04-22T09:31:06+00:00","breadcrumb":{"@id":"https:\/\/nauticescala.com\/fr\/avis-legal\/#breadcrumb"},"inLanguage":"fr-FR","potentialAction":[{"@type":"ReadAction","target":["https:\/\/nauticescala.com\/fr\/avis-legal\/"]}]},{"@type":"BreadcrumbList","@id":"https:\/\/nauticescala.com\/fr\/avis-legal\/#breadcrumb","itemListElement":[{"@type":"ListItem","position":1,"name":"Home","item":"https:\/\/nauticescala.com\/fr\/"},{"@type":"ListItem","position":2,"name":"Avis l\u00e9gal"}]},{"@type":"WebSite","@id":"https:\/\/nauticescala.com\/#website","url":"https:\/\/nauticescala.com\/","name":"Club N\u00e0utic L\u2019Escala","description":"Port esportiu a la Costa Brava","potentialAction":[{"@type":"SearchAction","target":{"@type":"EntryPoint","urlTemplate":"https:\/\/nauticescala.com\/?s={search_term_string}"},"query-input":{"@type":"PropertyValueSpecification","valueRequired":true,"valueName":"search_term_string"}}],"inLanguage":"fr-FR"}]}},"_links":{"self":[{"href":"https:\/\/nauticescala.com\/fr\/wp-json\/wp\/v2\/pages\/13047","targetHints":{"allow":["GET"]}}],"collection":[{"href":"https:\/\/nauticescala.com\/fr\/wp-json\/wp\/v2\/pages"}],"about":[{"href":"https:\/\/nauticescala.com\/fr\/wp-json\/wp\/v2\/types\/page"}],"author":[{"embeddable":true,"href":"https:\/\/nauticescala.com\/fr\/wp-json\/wp\/v2\/users\/4"}],"replies":[{"embeddable":true,"href":"https:\/\/nauticescala.com\/fr\/wp-json\/wp\/v2\/comments?post=13047"}],"version-history":[{"count":5,"href":"https:\/\/nauticescala.com\/fr\/wp-json\/wp\/v2\/pages\/13047\/revisions"}],"predecessor-version":[{"id":13425,"href":"https:\/\/nauticescala.com\/fr\/wp-json\/wp\/v2\/pages\/13047\/revisions\/13425"}],"wp:attachment":[{"href":"https:\/\/nauticescala.com\/fr\/wp-json\/wp\/v2\/media?parent=13047"}],"curies":[{"name":"wp","href":"https:\/\/api.w.org\/{rel}","templated":true}]}}