 {"id":13075,"date":"2020-04-21T11:44:26","date_gmt":"2020-04-21T09:44:26","guid":{"rendered":"http:\/\/nauticescala.com\/politica-de-privacitat\/"},"modified":"2024-03-27T10:40:39","modified_gmt":"2024-03-27T09:40:39","slug":"protection-des-donnees","status":"publish","type":"page","link":"https:\/\/nauticescala.com\/fr\/protection-des-donnees\/","title":{"rendered":"Protection des donnees"},"content":{"rendered":"<section class=\"title-section\">\n\t<div class=\"container\">\n\t\t\t\t\t<h1>Protection des donnees<\/h1>\n\t\t\n\t\t\n\t\t\t\t\t<div class=\"block\">\n\t\t\t\t<p><strong>Responsable:<\/strong><\/p>\n<p>CLUB N\u00c0UTIC L&rsquo;ESCALA, Port de la Clota s\/n de l&rsquo;Escala, est responsable du traitement des donn\u00e9es qui sont recueillies ou g\u00e9n\u00e9r\u00e9es \u00e0 la suite de l&rsquo;acc\u00e8s, l&rsquo;utilisation et la navigation des Utilisateurs via le Site Web.<\/p>\n<p><strong>Traitement des donn\u00e9es et finalit\u00e9s:<\/strong><\/p>\n<p>Les donn\u00e9es que l&rsquo;Utilisateur inclut dans ce Site Web seront utilis\u00e9es pour am\u00e9liorer la s\u00e9curit\u00e9 et la gestion du Site, effectuer des analyses de pertinence et d&rsquo;utilisation du Site, \u00eatre capable de g\u00e9rer le paiement des cotisations, \u00eatre en mesure de remplir les objectifs et lorsque la r\u00e9glementation applicable le permet, informer les Utilisateurs de l&rsquo;\u00e9tat actuel du Site ou du CLUB N\u00c0UTIC L&rsquo;ESCALA.<\/p>\n<p>Les donn\u00e9es ne seront pas communiqu\u00e9es \u00e0 des tiers sauf si requis par une autorit\u00e9 comp\u00e9tente. Cependant, le Site Web peut utiliser des cookies tiers conform\u00e9ment \u00e0 la politique de cookies et au consentement de l&rsquo;Utilisateur.<\/p>\n<p><strong>Protection des donn\u00e9es personnelles et de l&rsquo;image:<\/strong><\/p>\n<p>L&rsquo;Utilisateur accepte que les donn\u00e9es fournies lors de la navigation sur le Site, ainsi que les informations compl\u00e9mentaires qu&rsquo;il aura pu fournir dans son contexte, feront partie des fichiers d\u00e9tenus par CLUB N\u00c0UTIC L&rsquo;ESCALA.<\/p>\n<p>De m\u00eame, l&rsquo;Utilisateur accepte le transfert gratuit de tout droit correspondant \u00e0 son image obtenue par des photos prises par l&rsquo;Organisation du Club au cours d&rsquo;\u00e9v\u00e8nement autorisant sa publication dans des brochures, magazines, r\u00e9seaux sociaux ou pages du Site web de CLUB N\u00c0UTIC L&rsquo;ESCALA<\/p>\n<p>Pour exercer vos droits d&rsquo;acc\u00e8s, d&rsquo;annulation, de rectification et d&rsquo;opposition, l&rsquo;Utilisateur peut envoyer un courrier \u00e0 l&rsquo;adresse du CLUB N\u00c0UTIC L&rsquo;ESCALA, ou \u00e0 l&rsquo;adresse mail club@nauticescala.com.<\/p>\n<p><strong>Base juridique et conservation:<\/strong><\/p>\n<p>La base juridique permettant au CLUB N\u00c0UTIC L&rsquo;ESCALA de traiter les donn\u00e9es des Utilisateurs est:<\/p>\n<ul>\n<li>L&rsquo;acc\u00e8s et la navigation volontaire des Utilisateurs.<\/li>\n<li>La demande par les Utilisateurs d&rsquo;informations ou de services li\u00e9s au Club.<\/li>\n<li>L&rsquo;int\u00e9r\u00eat l\u00e9gitime d&rsquo;am\u00e9liorer le Site web, sa s\u00e9curit\u00e9 et son fonctionnement.<\/li>\n<li>L&rsquo;envoi des informations actuelles du Club, \u00e0 condition que l&rsquo;Utilisateur ait donn\u00e9 son accord ou que ce soit d\u2019int\u00e9r\u00eat l\u00e9gitime pour le CLUB N\u00c0UTIC L&rsquo;ESCALA.<\/li>\n<\/ul>\n<p>Les donn\u00e9es recueillies seront conserv\u00e9es jusqu&rsquo;\u00e0 l&rsquo;expiration des obligations l\u00e9gales ou contractuelles qui les obligent \u00e0 conserver ces donn\u00e9es.<\/p>\n<p><strong>Droits des Utilisateurs:<\/strong><\/p>\n<p>L&rsquo;Utilisateur peut exercer ses droits d&rsquo;acc\u00e8s, de rectification, de suppression, d&rsquo;opposition, de limitation du traitement, le cas \u00e9ch\u00e9ant, ainsi que de r\u00e9voquer son consentement au respect du traitement, responsabilit\u00e9 du CLUB N\u00c0UTIC L&rsquo;ESCALA, par les canaux de communication \u00e9tablis sur ce Site.<\/p>\n<p><strong>Titulaire de https:\/\/nauticescala.com\/:<\/strong><\/p>\n<p>Titulaire : CLUB N\u00c0UTIC L&rsquo;ESCALA<br \/>\nAdresse : Port de la Clota s\/n de l&rsquo;Escala<br \/>\nCIF : G17033499<br \/>\nEmail : club@nauticescala.com<\/p>\n\n\t\t\t\t\t\t\t<\/div><!-- end block -->\n\t\t\t<\/div><!-- end container -->\n<\/section><!-- end title-section -->\n","protected":false},"excerpt":{"rendered":"","protected":false},"author":4,"featured_media":0,"parent":0,"menu_order":0,"comment_status":"closed","ping_status":"closed","template":"","meta":{"_acf_changed":false,"_monsterinsights_skip_tracking":false,"_monsterinsights_sitenote_active":false,"_monsterinsights_sitenote_note":"","_monsterinsights_sitenote_category":0,"footnotes":""},"class_list":["post-13075","page","type-page","status-publish","hentry"],"acf":[],"yoast_head":"<!-- This site is optimized with the Yoast SEO Premium plugin v20.7 (Yoast SEO v27.4) - https:\/\/yoast.com\/product\/yoast-seo-premium-wordpress\/ -->\n<title>Protection des donnees &#8211; Club N\u00e0utic L\u2019Escala<\/title>\n<meta name=\"robots\" content=\"index, follow, max-snippet:-1, max-image-preview:large, max-video-preview:-1\" \/>\n<link rel=\"canonical\" href=\"https:\/\/nauticescala.com\/fr\/protection-des-donnees\/\" \/>\n<meta property=\"og:locale\" content=\"fr_FR\" \/>\n<meta property=\"og:type\" content=\"article\" \/>\n<meta property=\"og:title\" content=\"Protection des donnees\" \/>\n<meta property=\"og:url\" content=\"https:\/\/nauticescala.com\/fr\/protection-des-donnees\/\" \/>\n<meta property=\"og:site_name\" content=\"Club N\u00e0utic L\u2019Escala\" \/>\n<meta property=\"article:modified_time\" content=\"2024-03-27T09:40:39+00:00\" \/>\n<meta name=\"twitter:card\" content=\"summary_large_image\" \/>\n<meta name=\"twitter:label1\" content=\"Dur\u00e9e de lecture estim\u00e9e\" \/>\n\t<meta name=\"twitter:data1\" content=\"2 minutes\" \/>\n<script type=\"application\/ld+json\" class=\"yoast-schema-graph\">{\"@context\":\"https:\\\/\\\/schema.org\",\"@graph\":[{\"@type\":\"WebPage\",\"@id\":\"https:\\\/\\\/nauticescala.com\\\/fr\\\/protection-des-donnees\\\/\",\"url\":\"https:\\\/\\\/nauticescala.com\\\/fr\\\/protection-des-donnees\\\/\",\"name\":\"Protection des donnees &#8211; Club N\u00e0utic L\u2019Escala\",\"isPartOf\":{\"@id\":\"https:\\\/\\\/nauticescala.com\\\/#website\"},\"datePublished\":\"2020-04-21T09:44:26+00:00\",\"dateModified\":\"2024-03-27T09:40:39+00:00\",\"breadcrumb\":{\"@id\":\"https:\\\/\\\/nauticescala.com\\\/fr\\\/protection-des-donnees\\\/#breadcrumb\"},\"inLanguage\":\"fr-FR\",\"potentialAction\":[{\"@type\":\"ReadAction\",\"target\":[\"https:\\\/\\\/nauticescala.com\\\/fr\\\/protection-des-donnees\\\/\"]}]},{\"@type\":\"BreadcrumbList\",\"@id\":\"https:\\\/\\\/nauticescala.com\\\/fr\\\/protection-des-donnees\\\/#breadcrumb\",\"itemListElement\":[{\"@type\":\"ListItem\",\"position\":1,\"name\":\"Home\",\"item\":\"https:\\\/\\\/nauticescala.com\\\/fr\\\/\"},{\"@type\":\"ListItem\",\"position\":2,\"name\":\"Protection des donnees\"}]},{\"@type\":\"WebSite\",\"@id\":\"https:\\\/\\\/nauticescala.com\\\/#website\",\"url\":\"https:\\\/\\\/nauticescala.com\\\/\",\"name\":\"Club N\u00e0utic L\u2019Escala\",\"description\":\"Port esportiu a la Costa Brava\",\"potentialAction\":[{\"@type\":\"SearchAction\",\"target\":{\"@type\":\"EntryPoint\",\"urlTemplate\":\"https:\\\/\\\/nauticescala.com\\\/?s={search_term_string}\"},\"query-input\":{\"@type\":\"PropertyValueSpecification\",\"valueRequired\":true,\"valueName\":\"search_term_string\"}}],\"inLanguage\":\"fr-FR\"}]}<\/script>\n<!-- \/ Yoast SEO Premium plugin. -->","yoast_head_json":{"title":"Protection des donnees &#8211; Club N\u00e0utic L\u2019Escala","robots":{"index":"index","follow":"follow","max-snippet":"max-snippet:-1","max-image-preview":"max-image-preview:large","max-video-preview":"max-video-preview:-1"},"canonical":"https:\/\/nauticescala.com\/fr\/protection-des-donnees\/","og_locale":"fr_FR","og_type":"article","og_title":"Protection des donnees","og_url":"https:\/\/nauticescala.com\/fr\/protection-des-donnees\/","og_site_name":"Club N\u00e0utic L\u2019Escala","article_modified_time":"2024-03-27T09:40:39+00:00","twitter_card":"summary_large_image","twitter_misc":{"Dur\u00e9e de lecture estim\u00e9e":"2 minutes"},"schema":{"@context":"https:\/\/schema.org","@graph":[{"@type":"WebPage","@id":"https:\/\/nauticescala.com\/fr\/protection-des-donnees\/","url":"https:\/\/nauticescala.com\/fr\/protection-des-donnees\/","name":"Protection des donnees &#8211; Club N\u00e0utic L\u2019Escala","isPartOf":{"@id":"https:\/\/nauticescala.com\/#website"},"datePublished":"2020-04-21T09:44:26+00:00","dateModified":"2024-03-27T09:40:39+00:00","breadcrumb":{"@id":"https:\/\/nauticescala.com\/fr\/protection-des-donnees\/#breadcrumb"},"inLanguage":"fr-FR","potentialAction":[{"@type":"ReadAction","target":["https:\/\/nauticescala.com\/fr\/protection-des-donnees\/"]}]},{"@type":"BreadcrumbList","@id":"https:\/\/nauticescala.com\/fr\/protection-des-donnees\/#breadcrumb","itemListElement":[{"@type":"ListItem","position":1,"name":"Home","item":"https:\/\/nauticescala.com\/fr\/"},{"@type":"ListItem","position":2,"name":"Protection des donnees"}]},{"@type":"WebSite","@id":"https:\/\/nauticescala.com\/#website","url":"https:\/\/nauticescala.com\/","name":"Club N\u00e0utic L\u2019Escala","description":"Port esportiu a la Costa Brava","potentialAction":[{"@type":"SearchAction","target":{"@type":"EntryPoint","urlTemplate":"https:\/\/nauticescala.com\/?s={search_term_string}"},"query-input":{"@type":"PropertyValueSpecification","valueRequired":true,"valueName":"search_term_string"}}],"inLanguage":"fr-FR"}]}},"_links":{"self":[{"href":"https:\/\/nauticescala.com\/fr\/wp-json\/wp\/v2\/pages\/13075","targetHints":{"allow":["GET"]}}],"collection":[{"href":"https:\/\/nauticescala.com\/fr\/wp-json\/wp\/v2\/pages"}],"about":[{"href":"https:\/\/nauticescala.com\/fr\/wp-json\/wp\/v2\/types\/page"}],"author":[{"embeddable":true,"href":"https:\/\/nauticescala.com\/fr\/wp-json\/wp\/v2\/users\/4"}],"replies":[{"embeddable":true,"href":"https:\/\/nauticescala.com\/fr\/wp-json\/wp\/v2\/comments?post=13075"}],"version-history":[{"count":13,"href":"https:\/\/nauticescala.com\/fr\/wp-json\/wp\/v2\/pages\/13075\/revisions"}],"predecessor-version":[{"id":67462,"href":"https:\/\/nauticescala.com\/fr\/wp-json\/wp\/v2\/pages\/13075\/revisions\/67462"}],"wp:attachment":[{"href":"https:\/\/nauticescala.com\/fr\/wp-json\/wp\/v2\/media?parent=13075"}],"curies":[{"name":"wp","href":"https:\/\/api.w.org\/{rel}","templated":true}]}}