 {"id":14465,"date":"2020-04-29T12:16:04","date_gmt":"2020-04-29T10:16:04","guid":{"rendered":"http:\/\/nauticescala.com\/consells-utils-en-cas-de-temporal\/"},"modified":"2021-12-10T12:11:19","modified_gmt":"2021-12-10T11:11:19","slug":"conseils-de-securite","status":"publish","type":"page","link":"https:\/\/nauticescala.com\/fr\/conseils-de-securite\/","title":{"rendered":"Conseils de securit\u00e9"},"content":{"rendered":"<section class=\"title-section\">\n\t<div class=\"container\">\n\t\t\t\t\t<h1>Conseils utiles de securit\u00e9<\/h1>\n\t\t\n\t\t\n\t\t\t\t\t<div class=\"block\">\n\t\t\t\t<p><strong>Si vous ne rentrez pas au port pendant quelques semaines ou avant une pr\u00e9vision de temp\u00eate, suivez les recommandations suivantes pour minimiser les risques d&rsquo;incidents :<\/strong><\/p>\n<ul>\n<li>Amarrez correctement le bateau. Le Club met \u00e0 votre disposition des cordes correctement \u00e9quip\u00e9s d\u2019att\u00e9nuateurs de chocs et de syst\u00e8mes de s\u00e9curit\u00e9 afin d\u2019\u00e9viter au maximum tout type de casse. Si vous d\u00e9tectez des anomalies, contactez-nous.<\/li>\n<li>Placez des d\u00e9fenses aux dimensions et \u00e0 la pression appropri\u00e9es si elles sont gonflables. Un minimum de quatre d\u00e9fenses doit \u00eatre install\u00e9 par c\u00f4t\u00e9 et si vous remarquez qu\u2019elles se d\u00e9gonflent souvent, remplacez-les.<\/li>\n<li>V\u00e9rifiez que votre bateau maintient une s\u00e9paration correcte du quaipour \u00e9viter les chocs lors des changements de pression atmosph\u00e9rique. \u00c0 ce facteur s&rsquo;ajoutent les effets que le vent fort et l&rsquo;agitation de l&rsquo;eau peuvent produire \u00e0 l&rsquo;int\u00e9rieur du bassin sportif.\n<ul>\n<li>Bateaux de 8 \u00e0 14 m\u00e8tres de longueur \u2013 minimum 2 m.<\/li>\n<li>Bateaux entre 14 et 24 m \u2013 minimum 3 m.<\/li>\n<\/ul>\n<\/li>\n<li>Vider l\u2019eau de cale et les r\u00e9servoirs d\u2019eaux sales. Ce service est disponible \u00e0 la station-service et est gratuit pour les utilisateurs du Club.<\/li>\n<li>Si vous avez un voilier et que vous pr\u00e9voyez de ne pas l\u2019utiliser pendant une saison, il est conseill\u00e9 de retirer les voiles, en particulier celles de proue. Si ce n\u2019est pas le cas, les voiles et les housses doivent \u00eatre solidement fix\u00e9es.<\/li>\n<li>Retirez les tauds de soleil pour \u00e9viter la d\u00e9gradation et la d\u00e9t\u00e9rioration.<\/li>\n<li>Si vous avez un taud pour prot\u00e9ger le cockpit de votre bateau, vous devez mettre un b\u00e2ton au milieu ou un syst\u00e8me pour emp\u00eacher l\u2019eau de p\u00e9n\u00e9trer \u00e0 l\u2019int\u00e9rieur et de finir par tomber \u00e0 l\u2019int\u00e9rieur du bateau.<\/li>\n<li>Il est conseill\u00e9 de v\u00e9rifier votre bateau au moins une fois par mois et toujours avant un ph\u00e9nom\u00e8ne m\u00e9t\u00e9orologique d\u00e9favorable.<\/li>\n<li>En cas de temp\u00eate, acc\u00e9dez toujours au bateau accompagn\u00e9 de l\u2019\u00e9quipe de garde maritime du Club. Aussi, ne vous approchez pas des digues et des brise-lames pour votre propre s\u00e9curit\u00e9.<\/li>\n<\/ul>\n<p><strong>Si vous constatez un incident, que ce soit dans votre bateau ou dans tout autre, ou si vous avez des questions, contactez le personnel du Club.<\/strong><\/p>\n<h3>Merci de nous aider \u00e0 garder la securit\u00e9 du port!<\/h3>\n\n\t\t\t\t\t\t\t<\/div><!-- end block -->\n\t\t\t<\/div><!-- end container -->\n<\/section><!-- end title-section -->\n","protected":false},"excerpt":{"rendered":"","protected":false},"author":4,"featured_media":25489,"parent":0,"menu_order":0,"comment_status":"closed","ping_status":"closed","template":"","meta":{"_acf_changed":false,"_monsterinsights_skip_tracking":false,"_monsterinsights_sitenote_active":false,"_monsterinsights_sitenote_note":"","_monsterinsights_sitenote_category":0,"footnotes":""},"class_list":["post-14465","page","type-page","status-publish","has-post-thumbnail","hentry"],"acf":[],"yoast_head":"<!-- This site is optimized with the Yoast SEO Premium plugin v20.7 (Yoast SEO v27.4) - https:\/\/yoast.com\/product\/yoast-seo-premium-wordpress\/ -->\n<title>Conseils de securit\u00e9 &#8211; Club N\u00e0utic L\u2019Escala<\/title>\n<meta name=\"robots\" content=\"index, follow, max-snippet:-1, max-image-preview:large, max-video-preview:-1\" \/>\n<link rel=\"canonical\" href=\"https:\/\/nauticescala.com\/fr\/conseils-de-securite\/\" \/>\n<meta property=\"og:locale\" content=\"fr_FR\" \/>\n<meta property=\"og:type\" content=\"article\" \/>\n<meta property=\"og:title\" content=\"Conseils de securit\u00e9\" \/>\n<meta property=\"og:url\" content=\"https:\/\/nauticescala.com\/fr\/conseils-de-securite\/\" \/>\n<meta property=\"og:site_name\" content=\"Club N\u00e0utic L\u2019Escala\" \/>\n<meta property=\"article:modified_time\" content=\"2021-12-10T11:11:19+00:00\" \/>\n<meta property=\"og:image\" content=\"https:\/\/nauticescala.com\/wp-content\/uploads\/2021\/03\/2021-club-nautic-lescala-marina-15.jpg\" \/>\n\t<meta property=\"og:image:width\" content=\"1200\" \/>\n\t<meta property=\"og:image:height\" content=\"604\" \/>\n\t<meta property=\"og:image:type\" content=\"image\/jpeg\" \/>\n<meta name=\"twitter:card\" content=\"summary_large_image\" \/>\n<script type=\"application\/ld+json\" class=\"yoast-schema-graph\">{\"@context\":\"https:\\\/\\\/schema.org\",\"@graph\":[{\"@type\":\"WebPage\",\"@id\":\"https:\\\/\\\/nauticescala.com\\\/fr\\\/conseils-de-securite\\\/\",\"url\":\"https:\\\/\\\/nauticescala.com\\\/fr\\\/conseils-de-securite\\\/\",\"name\":\"Conseils de securit\u00e9 &#8211; Club N\u00e0utic L\u2019Escala\",\"isPartOf\":{\"@id\":\"https:\\\/\\\/nauticescala.com\\\/#website\"},\"primaryImageOfPage\":{\"@id\":\"https:\\\/\\\/nauticescala.com\\\/fr\\\/conseils-de-securite\\\/#primaryimage\"},\"image\":{\"@id\":\"https:\\\/\\\/nauticescala.com\\\/fr\\\/conseils-de-securite\\\/#primaryimage\"},\"thumbnailUrl\":\"https:\\\/\\\/nauticescala.com\\\/wp-content\\\/uploads\\\/2021\\\/03\\\/2021-club-nautic-lescala-marina-15.jpg\",\"datePublished\":\"2020-04-29T10:16:04+00:00\",\"dateModified\":\"2021-12-10T11:11:19+00:00\",\"breadcrumb\":{\"@id\":\"https:\\\/\\\/nauticescala.com\\\/fr\\\/conseils-de-securite\\\/#breadcrumb\"},\"inLanguage\":\"fr-FR\",\"potentialAction\":[{\"@type\":\"ReadAction\",\"target\":[\"https:\\\/\\\/nauticescala.com\\\/fr\\\/conseils-de-securite\\\/\"]}]},{\"@type\":\"ImageObject\",\"inLanguage\":\"fr-FR\",\"@id\":\"https:\\\/\\\/nauticescala.com\\\/fr\\\/conseils-de-securite\\\/#primaryimage\",\"url\":\"https:\\\/\\\/nauticescala.com\\\/wp-content\\\/uploads\\\/2021\\\/03\\\/2021-club-nautic-lescala-marina-15.jpg\",\"contentUrl\":\"https:\\\/\\\/nauticescala.com\\\/wp-content\\\/uploads\\\/2021\\\/03\\\/2021-club-nautic-lescala-marina-15.jpg\",\"width\":1200,\"height\":604},{\"@type\":\"BreadcrumbList\",\"@id\":\"https:\\\/\\\/nauticescala.com\\\/fr\\\/conseils-de-securite\\\/#breadcrumb\",\"itemListElement\":[{\"@type\":\"ListItem\",\"position\":1,\"name\":\"Home\",\"item\":\"https:\\\/\\\/nauticescala.com\\\/fr\\\/\"},{\"@type\":\"ListItem\",\"position\":2,\"name\":\"Conseils de securit\u00e9\"}]},{\"@type\":\"WebSite\",\"@id\":\"https:\\\/\\\/nauticescala.com\\\/#website\",\"url\":\"https:\\\/\\\/nauticescala.com\\\/\",\"name\":\"Club N\u00e0utic L\u2019Escala\",\"description\":\"Port esportiu a la Costa Brava\",\"potentialAction\":[{\"@type\":\"SearchAction\",\"target\":{\"@type\":\"EntryPoint\",\"urlTemplate\":\"https:\\\/\\\/nauticescala.com\\\/?s={search_term_string}\"},\"query-input\":{\"@type\":\"PropertyValueSpecification\",\"valueRequired\":true,\"valueName\":\"search_term_string\"}}],\"inLanguage\":\"fr-FR\"}]}<\/script>\n<!-- \/ Yoast SEO Premium plugin. -->","yoast_head_json":{"title":"Conseils de securit\u00e9 &#8211; Club N\u00e0utic L\u2019Escala","robots":{"index":"index","follow":"follow","max-snippet":"max-snippet:-1","max-image-preview":"max-image-preview:large","max-video-preview":"max-video-preview:-1"},"canonical":"https:\/\/nauticescala.com\/fr\/conseils-de-securite\/","og_locale":"fr_FR","og_type":"article","og_title":"Conseils de securit\u00e9","og_url":"https:\/\/nauticescala.com\/fr\/conseils-de-securite\/","og_site_name":"Club N\u00e0utic L\u2019Escala","article_modified_time":"2021-12-10T11:11:19+00:00","og_image":[{"width":1200,"height":604,"url":"https:\/\/nauticescala.com\/wp-content\/uploads\/2021\/03\/2021-club-nautic-lescala-marina-15.jpg","type":"image\/jpeg"}],"twitter_card":"summary_large_image","schema":{"@context":"https:\/\/schema.org","@graph":[{"@type":"WebPage","@id":"https:\/\/nauticescala.com\/fr\/conseils-de-securite\/","url":"https:\/\/nauticescala.com\/fr\/conseils-de-securite\/","name":"Conseils de securit\u00e9 &#8211; Club N\u00e0utic L\u2019Escala","isPartOf":{"@id":"https:\/\/nauticescala.com\/#website"},"primaryImageOfPage":{"@id":"https:\/\/nauticescala.com\/fr\/conseils-de-securite\/#primaryimage"},"image":{"@id":"https:\/\/nauticescala.com\/fr\/conseils-de-securite\/#primaryimage"},"thumbnailUrl":"https:\/\/nauticescala.com\/wp-content\/uploads\/2021\/03\/2021-club-nautic-lescala-marina-15.jpg","datePublished":"2020-04-29T10:16:04+00:00","dateModified":"2021-12-10T11:11:19+00:00","breadcrumb":{"@id":"https:\/\/nauticescala.com\/fr\/conseils-de-securite\/#breadcrumb"},"inLanguage":"fr-FR","potentialAction":[{"@type":"ReadAction","target":["https:\/\/nauticescala.com\/fr\/conseils-de-securite\/"]}]},{"@type":"ImageObject","inLanguage":"fr-FR","@id":"https:\/\/nauticescala.com\/fr\/conseils-de-securite\/#primaryimage","url":"https:\/\/nauticescala.com\/wp-content\/uploads\/2021\/03\/2021-club-nautic-lescala-marina-15.jpg","contentUrl":"https:\/\/nauticescala.com\/wp-content\/uploads\/2021\/03\/2021-club-nautic-lescala-marina-15.jpg","width":1200,"height":604},{"@type":"BreadcrumbList","@id":"https:\/\/nauticescala.com\/fr\/conseils-de-securite\/#breadcrumb","itemListElement":[{"@type":"ListItem","position":1,"name":"Home","item":"https:\/\/nauticescala.com\/fr\/"},{"@type":"ListItem","position":2,"name":"Conseils de securit\u00e9"}]},{"@type":"WebSite","@id":"https:\/\/nauticescala.com\/#website","url":"https:\/\/nauticescala.com\/","name":"Club N\u00e0utic L\u2019Escala","description":"Port esportiu a la Costa Brava","potentialAction":[{"@type":"SearchAction","target":{"@type":"EntryPoint","urlTemplate":"https:\/\/nauticescala.com\/?s={search_term_string}"},"query-input":{"@type":"PropertyValueSpecification","valueRequired":true,"valueName":"search_term_string"}}],"inLanguage":"fr-FR"}]}},"_links":{"self":[{"href":"https:\/\/nauticescala.com\/fr\/wp-json\/wp\/v2\/pages\/14465","targetHints":{"allow":["GET"]}}],"collection":[{"href":"https:\/\/nauticescala.com\/fr\/wp-json\/wp\/v2\/pages"}],"about":[{"href":"https:\/\/nauticescala.com\/fr\/wp-json\/wp\/v2\/types\/page"}],"author":[{"embeddable":true,"href":"https:\/\/nauticescala.com\/fr\/wp-json\/wp\/v2\/users\/4"}],"replies":[{"embeddable":true,"href":"https:\/\/nauticescala.com\/fr\/wp-json\/wp\/v2\/comments?post=14465"}],"version-history":[{"count":7,"href":"https:\/\/nauticescala.com\/fr\/wp-json\/wp\/v2\/pages\/14465\/revisions"}],"predecessor-version":[{"id":34785,"href":"https:\/\/nauticescala.com\/fr\/wp-json\/wp\/v2\/pages\/14465\/revisions\/34785"}],"wp:featuredmedia":[{"embeddable":true,"href":"https:\/\/nauticescala.com\/fr\/wp-json\/wp\/v2\/media\/25489"}],"wp:attachment":[{"href":"https:\/\/nauticescala.com\/fr\/wp-json\/wp\/v2\/media?parent=14465"}],"curies":[{"name":"wp","href":"https:\/\/api.w.org\/{rel}","templated":true}]}}