 {"id":16149,"date":"2020-06-03T11:57:23","date_gmt":"2020-06-03T09:57:23","guid":{"rendered":"http:\/\/nauticescala.com\/?page_id=16149&#038;preview_id=16149"},"modified":"2020-06-05T09:51:29","modified_gmt":"2020-06-05T07:51:29","slug":"conditions-de-publication","status":"publish","type":"page","link":"https:\/\/nauticescala.com\/fr\/conditions-de-publication\/","title":{"rendered":"Conditions de publication"},"content":{"rendered":"<section class=\"title-section\">\n\t<div class=\"container\">\n\t\t\t\t\t<h1>Conditions de publication d&rsquo;annonces sur ce site<\/h1>\n\t\t\n\t\t\n\t\t\t\t\t<div class=\"block\">\n\t\t\t\t<p><strong>\u00c0 qui s&rsquo;adresse-t-il?<\/strong> Cette section est destin\u00e9e aux utilisateurs qui souhaitent offrir ou demander des articles li\u00e9s au monde de la navigation.<\/p>\n<p><strong>Cat\u00e9gories:<\/strong> Chaque annonce doit \u00eatre inscrite dans la cat\u00e9gorie correspondante.<\/p>\n<p><strong>Champs obligatoires:<\/strong> Votre nom, votre adresse e-mail et votre num\u00e9ro de t\u00e9l\u00e9phone sont des champs obligatoires. Dans le champ \u00abr\u00e9digez votre message\u00bb, choisissez un texte qui r\u00e9pond le plus possible au contenu du produit que vous proposez. Cela permettra au destinataire de trouver et de traiter les annonces plus efficacement. Nous vous recommandons de t\u00e9l\u00e9charger une photo du mat\u00e9riel \u00e0 vendre.<\/p>\n<p><strong>Publicit\u00e9 d&rsquo;amarrages:<\/strong> Pour les annonces publi\u00e9es dans la cat\u00e9gorie \u00ab\u00a0Postes d&rsquo;amarrage\u00a0\u00bb, il est n\u00e9cessaire de pr\u00e9ciser le titulaire du droit d&rsquo;utilisation pr\u00e9f\u00e9rentielle et le Club \/ Port auquel il se r\u00e9f\u00e8re. Le Club se r\u00e9serve le droit de corriger \/ modifier le texte de l&rsquo;annonce, ainsi que de ne pas la publier si l&rsquo;une de ces informations est manquante.<\/p>\n<p><strong>Acceptation de la publication:<\/strong> Une fois votre annonce et envoy\u00e9e, \u00e9tant le contenu correct, nous la publierons dans un court d\u00e9lai.<\/p>\n<p><strong>P\u00e9riode de publication:<\/strong> L&rsquo;annonce sera publique pendant 1 an. Dans le cas o\u00f9 vous souhaitez r\u00e9duire ou prolonger ce d\u00e9lai, vous pouvez le signaler via la rubrique \u00ab\u00a0<a href=\"http:\/\/nauticescala.com\/fr\/contact\/\">Contact<\/a>\u00a0\u00bb de ce site.<\/p>\n\n\t\t\t\t\t\t\t<\/div><!-- end block -->\n\t\t\t<\/div><!-- end container -->\n<\/section><!-- end title-section -->\n<section class=\"article-section\"><div class=\"container\">\n\n<\/div><\/section>\n<p><\/p>\n","protected":false},"excerpt":{"rendered":"","protected":false},"author":7,"featured_media":0,"parent":0,"menu_order":0,"comment_status":"closed","ping_status":"closed","template":"","meta":{"_acf_changed":false,"_monsterinsights_skip_tracking":false,"_monsterinsights_sitenote_active":false,"_monsterinsights_sitenote_note":"","_monsterinsights_sitenote_category":0,"footnotes":""},"class_list":["post-16149","page","type-page","status-publish","hentry"],"acf":[],"yoast_head":"<!-- This site is optimized with the Yoast SEO Premium plugin v20.7 (Yoast SEO v27.4) - https:\/\/yoast.com\/product\/yoast-seo-premium-wordpress\/ -->\n<title>Conditions de publication &#8211; Club N\u00e0utic L\u2019Escala<\/title>\n<meta name=\"robots\" content=\"index, follow, max-snippet:-1, max-image-preview:large, max-video-preview:-1\" \/>\n<link rel=\"canonical\" href=\"https:\/\/nauticescala.com\/fr\/conditions-de-publication\/\" \/>\n<meta property=\"og:locale\" content=\"fr_FR\" \/>\n<meta property=\"og:type\" content=\"article\" \/>\n<meta property=\"og:title\" content=\"Conditions de publication\" \/>\n<meta property=\"og:url\" content=\"https:\/\/nauticescala.com\/fr\/conditions-de-publication\/\" \/>\n<meta property=\"og:site_name\" content=\"Club N\u00e0utic L\u2019Escala\" \/>\n<meta property=\"article:modified_time\" content=\"2020-06-05T07:51:29+00:00\" \/>\n<meta name=\"twitter:card\" content=\"summary_large_image\" \/>\n<script type=\"application\/ld+json\" class=\"yoast-schema-graph\">{\"@context\":\"https:\\\/\\\/schema.org\",\"@graph\":[{\"@type\":\"WebPage\",\"@id\":\"https:\\\/\\\/nauticescala.com\\\/fr\\\/conditions-de-publication\\\/\",\"url\":\"https:\\\/\\\/nauticescala.com\\\/fr\\\/conditions-de-publication\\\/\",\"name\":\"Conditions de publication &#8211; Club N\u00e0utic L\u2019Escala\",\"isPartOf\":{\"@id\":\"https:\\\/\\\/nauticescala.com\\\/#website\"},\"datePublished\":\"2020-06-03T09:57:23+00:00\",\"dateModified\":\"2020-06-05T07:51:29+00:00\",\"breadcrumb\":{\"@id\":\"https:\\\/\\\/nauticescala.com\\\/fr\\\/conditions-de-publication\\\/#breadcrumb\"},\"inLanguage\":\"fr-FR\",\"potentialAction\":[{\"@type\":\"ReadAction\",\"target\":[\"https:\\\/\\\/nauticescala.com\\\/fr\\\/conditions-de-publication\\\/\"]}]},{\"@type\":\"BreadcrumbList\",\"@id\":\"https:\\\/\\\/nauticescala.com\\\/fr\\\/conditions-de-publication\\\/#breadcrumb\",\"itemListElement\":[{\"@type\":\"ListItem\",\"position\":1,\"name\":\"Home\",\"item\":\"https:\\\/\\\/nauticescala.com\\\/fr\\\/\"},{\"@type\":\"ListItem\",\"position\":2,\"name\":\"Conditions de publication\"}]},{\"@type\":\"WebSite\",\"@id\":\"https:\\\/\\\/nauticescala.com\\\/#website\",\"url\":\"https:\\\/\\\/nauticescala.com\\\/\",\"name\":\"Club N\u00e0utic L\u2019Escala\",\"description\":\"Port esportiu a la Costa Brava\",\"potentialAction\":[{\"@type\":\"SearchAction\",\"target\":{\"@type\":\"EntryPoint\",\"urlTemplate\":\"https:\\\/\\\/nauticescala.com\\\/?s={search_term_string}\"},\"query-input\":{\"@type\":\"PropertyValueSpecification\",\"valueRequired\":true,\"valueName\":\"search_term_string\"}}],\"inLanguage\":\"fr-FR\"}]}<\/script>\n<!-- \/ Yoast SEO Premium plugin. -->","yoast_head_json":{"title":"Conditions de publication &#8211; Club N\u00e0utic L\u2019Escala","robots":{"index":"index","follow":"follow","max-snippet":"max-snippet:-1","max-image-preview":"max-image-preview:large","max-video-preview":"max-video-preview:-1"},"canonical":"https:\/\/nauticescala.com\/fr\/conditions-de-publication\/","og_locale":"fr_FR","og_type":"article","og_title":"Conditions de publication","og_url":"https:\/\/nauticescala.com\/fr\/conditions-de-publication\/","og_site_name":"Club N\u00e0utic L\u2019Escala","article_modified_time":"2020-06-05T07:51:29+00:00","twitter_card":"summary_large_image","schema":{"@context":"https:\/\/schema.org","@graph":[{"@type":"WebPage","@id":"https:\/\/nauticescala.com\/fr\/conditions-de-publication\/","url":"https:\/\/nauticescala.com\/fr\/conditions-de-publication\/","name":"Conditions de publication &#8211; Club N\u00e0utic L\u2019Escala","isPartOf":{"@id":"https:\/\/nauticescala.com\/#website"},"datePublished":"2020-06-03T09:57:23+00:00","dateModified":"2020-06-05T07:51:29+00:00","breadcrumb":{"@id":"https:\/\/nauticescala.com\/fr\/conditions-de-publication\/#breadcrumb"},"inLanguage":"fr-FR","potentialAction":[{"@type":"ReadAction","target":["https:\/\/nauticescala.com\/fr\/conditions-de-publication\/"]}]},{"@type":"BreadcrumbList","@id":"https:\/\/nauticescala.com\/fr\/conditions-de-publication\/#breadcrumb","itemListElement":[{"@type":"ListItem","position":1,"name":"Home","item":"https:\/\/nauticescala.com\/fr\/"},{"@type":"ListItem","position":2,"name":"Conditions de publication"}]},{"@type":"WebSite","@id":"https:\/\/nauticescala.com\/#website","url":"https:\/\/nauticescala.com\/","name":"Club N\u00e0utic L\u2019Escala","description":"Port esportiu a la Costa Brava","potentialAction":[{"@type":"SearchAction","target":{"@type":"EntryPoint","urlTemplate":"https:\/\/nauticescala.com\/?s={search_term_string}"},"query-input":{"@type":"PropertyValueSpecification","valueRequired":true,"valueName":"search_term_string"}}],"inLanguage":"fr-FR"}]}},"_links":{"self":[{"href":"https:\/\/nauticescala.com\/fr\/wp-json\/wp\/v2\/pages\/16149","targetHints":{"allow":["GET"]}}],"collection":[{"href":"https:\/\/nauticescala.com\/fr\/wp-json\/wp\/v2\/pages"}],"about":[{"href":"https:\/\/nauticescala.com\/fr\/wp-json\/wp\/v2\/types\/page"}],"author":[{"embeddable":true,"href":"https:\/\/nauticescala.com\/fr\/wp-json\/wp\/v2\/users\/7"}],"replies":[{"embeddable":true,"href":"https:\/\/nauticescala.com\/fr\/wp-json\/wp\/v2\/comments?post=16149"}],"version-history":[{"count":5,"href":"https:\/\/nauticescala.com\/fr\/wp-json\/wp\/v2\/pages\/16149\/revisions"}],"predecessor-version":[{"id":16892,"href":"https:\/\/nauticescala.com\/fr\/wp-json\/wp\/v2\/pages\/16149\/revisions\/16892"}],"wp:attachment":[{"href":"https:\/\/nauticescala.com\/fr\/wp-json\/wp\/v2\/media?parent=16149"}],"curies":[{"name":"wp","href":"https:\/\/api.w.org\/{rel}","templated":true}]}}