 {"id":16784,"date":"2020-06-04T14:09:09","date_gmt":"2020-06-04T12:09:09","guid":{"rendered":"http:\/\/nauticescala.com\/?page_id=16784&#038;preview_id=16784"},"modified":"2023-07-25T17:44:24","modified_gmt":"2023-07-25T15:44:24","slug":"cours","status":"publish","type":"page","link":"https:\/\/nauticescala.com\/fr\/activites-nautiques-sur-la-costa-brava\/cours\/","title":{"rendered":"Cours"},"content":{"rendered":"\t\n\t<section class=\"title-section d-md-block\">\n\t\t<div class=\"container\">\n\t\t\t\t\n\t\t\t\t<h1>Cours<\/h1>\n\t\t\t\t\t\t\t\n\t\t\t\t<p>Apprenez \u00e0 naviguer \u00e0 l&rsquo;\u00c9cole de Voile du Club!<\/p>\n\t\t\t\t\t<\/div><!-- end container -->\n\t<\/section><!-- end title-section -->\n<section class=\"article-section\"><div class=\"container\">\n\n<\/div><\/section>\t<div class=\"visual-area\">\n\t\t<figure class=\"visual-banner\">\n\t\t\t<div class=\"image\">\n\t\t\t\t<img decoding=\"async\" src=\"https:\/\/nauticescala.com\/wp-content\/uploads\/2020\/04\/2014-cn-lescala-vela-lleugera.jpg\" alt=\"\" \/>\n\t\t\t<\/div><!-- end image -->\n\t\t\t<div class=\"bg-image bg-img primary-gradient\">\n\t\t\t\t<img decoding=\"async\" src=\"https:\/\/nauticescala.com\/wp-content\/uploads\/2020\/04\/2014-cn-lescala-vela-lleugera.jpg\" alt=\"\" \/>\n\t\t\t<\/div><!-- end bg-image -->\n\t\t<\/figure><!-- end visual-banner -->\n\t<\/div><!-- end visual-area -->\n<section class=\"article-section\"><div class=\"container\">\n\n<\/div><\/section>\n        <div class=\"intro-area-holder\">\n            <h2>Des cours pour tous les \u00e2ges et tous les niveaux!<\/h2>\n<h3>Cours de voile l\u00e9g\u00e8re toute l&rsquo;ann\u00e9e<\/h3>\n<p>Les cours de printemps et d&rsquo;automne ont lieu le week-end et les cours d&rsquo;\u00e9t\u00e9 ont lieu du lundi au vendredi.<\/p>\n<p><strong>Groupes selon l&rsquo;\u00e2ge &#8230;<\/strong><\/p>\n<ul>\n<li><a href=\"https:\/\/nauticescala.com\/fr\/reservez-votre-activites-sur-la-costa-brava\/?filters_modality%5B%5D=vela-lleugera&amp;filters_activity_type%5B%5D=curs&amp;filters_age%5B%5D=petits&amp;orderby=dates\">Jeunes enfants<\/a> (4 &#8211; 6 ans)<\/li>\n<li><a href=\"https:\/\/nauticescala.com\/fr\/reservez-votre-activites-sur-la-costa-brava\/?filters_modality%5B%5D=vela-lleugera&amp;filters_activity_type%5B%5D=curs&amp;filters_age%5B%5D=infantil&amp;orderby=dates\">Enfants<\/a> (-11 ans)<\/li>\n<li><a href=\"https:\/\/nauticescala.com\/fr\/reservez-votre-activites-sur-la-costa-brava\/?filters_modality%5B%5D=vela-lleugera&amp;filters_activity_type%5B%5D=curs&amp;filters_age%5B%5D=juvenil&amp;orderby=dates\">Jeunes<\/a> (12-17 ans)<\/li>\n<li><a href=\"https:\/\/nauticescala.com\/fr\/reservez-votre-activites-sur-la-costa-brava\/?filters_modality%5B%5D=vela-lleugera&amp;filters_activity_type%5B%5D=curs&amp;filters_age%5B%5D=adult&amp;orderby=dates\">Adulte<\/a> (plus de 18 ans)<\/li>\n<\/ul>\n<p><strong>\u2026 Et selon le niveau<\/strong><\/p>\n<ul>\n<li><a href=\"https:\/\/nauticescala.com\/fr\/reservez-votre-activites-sur-la-costa-brava\/?filters_modality%5B%5D=vela-lleugera&amp;filters_activity_type%5B%5D=curs&amp;filters_level%5B%5D=blanc&amp;orderby=dates\">Blanche<\/a>: Pour les enfants de 4, 5 et 6 ans.<\/li>\n<li><a href=\"https:\/\/nauticescala.com\/fr\/reservez-votre-activites-sur-la-costa-brava\/?filters_modality%5B%5D=vela-lleugera&amp;filters_activity_type%5B%5D=curs&amp;filters_level%5B%5D=basic&amp;orderby=dates\">Basique<\/a>: Si vous n&rsquo;avez jamais navigu\u00e9 auparavant, c&rsquo;est votre cours.<\/li>\n<li><a href=\"https:\/\/nauticescala.com\/fr\/reservez-votre-activites-sur-la-costa-brava\/?filters_modality%5B%5D=vela-lleugera&amp;filters_activity_type%5B%5D=curs&amp;filters_level%5B%5D=mitja&amp;orderby=dates\">Moyen<\/a>: Avez-vous r\u00e9ussi le cours de niveau basique ou savez-vous d\u00e9j\u00e0 naviguer (minimum 15 heures de navigation)? C&rsquo;est votre option.<\/li>\n<li><a href=\"https:\/\/nauticescala.com\/fr\/reservez-votre-activites-sur-la-costa-brava\/?filters_modality%5B%5D=vela-lleugera&amp;filters_activity_type%5B%5D=curs&amp;filters_level%5B%5D=avancat&amp;orderby=dates\">Avanc\u00e9<\/a>: Cours con\u00e7u pour am\u00e9liorer votre technique et vos man\u0153uvres pour devenir un expert!<\/li>\n<\/ul>\n<h3>Cours d&rsquo;habitable plaisance toute l&rsquo;ann\u00e9e<\/h3>\n<p>Les cours d&rsquo;Hiver, de Printemps et d&rsquo;Automne ont lieu les week-ends, tandis que les cours d&rsquo;\u00c9t\u00e9 se d\u00e9roulent du lundi au vendredi. <a href=\"https:\/\/nauticescala.com\/fr\/reservez-votre-activites-sur-la-costa-brava\/?filters_modality%5B%5D=creuer&amp;filters_activity_type%5B%5D=curs&amp;orderby=dates\"><strong>Consultez-les<\/strong><\/a><\/p>\n<h3>Cours d&rsquo;aviron de mer toute l&rsquo;ann\u00e9e<\/h3>\n<p>Les cours d&rsquo;Hiver, de Printemps, d&rsquo;\u00c9t\u00e9 et d&rsquo;Automne.<a href=\"https:\/\/nauticescala.com\/activitats-costa-brava\/curs-de-rem-de-mar\/\"> <strong>Consultez-les<\/strong><\/a><\/p>\n<h3>Avez-vous essay\u00e9 notre moteur de r\u00e9servation d&rsquo;activit\u00e9s?<\/h3>\n<ul>\n<li>Pour trouver le cours dont vous avez besoin, choisissez l&rsquo;activit\u00e9 (Cours), la modalit\u00e9 (Voile L\u00e9g\u00e8re), l&rsquo;\u00e2ge et, enfin, le niveau.<\/li>\n<\/ul>\n<p><strong>Si les dates propos\u00e9es ne vous conviennent pas, <a href=\"https:\/\/nauticescala.com\/fr\/contact\/\">contactez-nous<\/a> et demandez nos cours priv\u00e9s.<\/strong><\/p>\n        <\/div><!-- end intro-area-holder -->\n\n\n<section class=\"article-section\"><div class=\"container\">\n\n<\/div><\/section>\n    \n        <div class=\"btn-box\">\n            <a href=\"https:\/\/nauticescala.com\/compra-activitats-a-costa-brava\/?filters_modality%5B%5D=vela-lleugera&#038;filters_activity_type%5B%5D=curs&#038;orderby=dates\" target=\"_self\" class=\"btn btn-primary\">R\u00e9servez votre cours!<\/a>\n\n        \n        \n\n<\/div><!-- end btn-box -->\n\n   \n<section class=\"article-section\"><div class=\"container\">\n\n<\/div><\/section><section class=\"gallery-area\">\n\t\t\t\t<div class=\"container\">\n\t\t\t<div class=\"row\">\n\t\t\t\t<div class=\"col-md-6 col-lg-6\">\n\t\t\t\t\t<header class=\"gallery-area-heading\">\n\t\t\t\t\t\t<h2>Tous \u00e2ges et niveaux!<\/h2>\n\t\t\t\t\t<\/header><!-- end gallery-area-heading -->\n\t\t\t\t<\/div><!-- end col-lg-6 -->\n\n\t\t\t\t\t\t\t\t\t<div class=\"col-md-6 col-md-6\">\n\t\t\t\t\t\t<div class=\"gallery-heading-image\">\n\t\t\t\t\t\t\t<img decoding=\"async\" src=\"https:\/\/nauticescala.com\/wp-content\/uploads\/2019\/09\/ico-02.svg\" alt=\"\" \/>\n\t\t\t\t\t\t<\/div><!-- end gallery-heading-image -->\n\t\t\t\t\t<\/div><!-- end col-md-6 -->\n\t\t\t\t\t\t\t<\/div><!-- end row -->\n\t\t<\/div><!-- end container -->\n\t\n\t\t\t<div class=\"container\">\n\t\t\t<div class=\"gallery-items\">\n\n\t\t\t\t\t\t\t\t\n\t\t\t\t\t<div class=\"gallery-slide\">\n\t\t\t\t\t\t<a href=\"https:\/\/nauticescala.com\/fr\/reservez-votre-activites-sur-la-costa-brava\/?activity_type=cours&#038;modality=voile-legere&#038;age=adulte&#038;orderby=dates&#038;filter=1\" class=\"widget-link\">\n\t\t\t\t\t\t\t<figure class=\"gallery-item\">\n\t\t\t\t\t\t\t\t\t\t\t\t\t\t\t\t\t<div class=\"image primary-gradient\">\n\t\t\t\t\t\t\t\t\t\t<img decoding=\"async\" src=\"https:\/\/nauticescala.com\/wp-content\/uploads\/2020\/04\/2017-cn-lescala-vela-lleugera-700x353.jpg\" alt=\"\" \/>\n\t\t\t\t\t\t\t\t\t<\/div><!-- end image -->\n\t\t\t\t\t\t\t\t\t\t\t\t\t\t\t\t\t\t\t\t\t\t\t\t\t<figcaption>\n\t\t\t\t\t\t\t\t<h3>Adulte<\/h3>\n\t\t\t\t\t\t\t\t\t<\/figcaption>\n\t\t\t\t\t\t\t\t\t\t\t\t\t\t\t<\/figure><!-- end gallery-item -->\n\t\t\t\t\t\t<\/a><!-- end widget-link -->\n\t\t\t\t\t<\/div><!-- end gallery-slide -->\n\n\t\t\t\t\t\t\t\t\t\n\t\t\t\t\t<div class=\"gallery-slide\">\n\t\t\t\t\t\t<a href=\"https:\/\/nauticescala.com\/fr\/reservez-votre-activites-sur-la-costa-brava\/?activity_type=cours&#038;modality=voile-legere&#038;age=jeunes&#038;orderby=dates&#038;filter=1\" class=\"widget-link\">\n\t\t\t\t\t\t\t<figure class=\"gallery-item\">\n\t\t\t\t\t\t\t\t\t\t\t\t\t\t\t\t\t<div class=\"image primary-gradient\">\n\t\t\t\t\t\t\t\t\t\t<img decoding=\"async\" src=\"https:\/\/nauticescala.com\/wp-content\/uploads\/2020\/04\/2014-cn-lescala-vela-lleugera-5-700x353.jpg\" alt=\"\" \/>\n\t\t\t\t\t\t\t\t\t<\/div><!-- end image -->\n\t\t\t\t\t\t\t\t\t\t\t\t\t\t\t\t\t\t\t\t\t\t\t\t\t<figcaption>\n\t\t\t\t\t\t\t\t<h3>Jeunes<\/h3>\n\t\t\t\t\t\t\t\t\t<\/figcaption>\n\t\t\t\t\t\t\t\t\t\t\t\t\t\t\t<\/figure><!-- end gallery-item -->\n\t\t\t\t\t\t<\/a><!-- end widget-link -->\n\t\t\t\t\t<\/div><!-- end gallery-slide -->\n\n\t\t\t\t\t\t\t\t\t\n\t\t\t\t\t<div class=\"gallery-slide\">\n\t\t\t\t\t\t<a href=\"https:\/\/nauticescala.com\/fr\/reservez-votre-activites-sur-la-costa-brava\/?filters_modality%5B%5D=vela-lleugera&#038;filters_activity_type%5B%5D=curs&#038;filters_age%5B%5D=petits&#038;filters_age%5B%5D=infantil&#038;orderby=dates\" class=\"widget-link\">\n\t\t\t\t\t\t\t<figure class=\"gallery-item\">\n\t\t\t\t\t\t\t\t\t\t\t\t\t\t\t\t\t<div class=\"image \">\n\t\t\t\t\t\t\t\t\t\t<img decoding=\"async\" src=\"https:\/\/nauticescala.com\/wp-content\/uploads\/2020\/04\/2018-cn-lescala-curs-vela-8-700x353.jpg\" alt=\"\" \/>\n\t\t\t\t\t\t\t\t\t<\/div><!-- end image -->\n\t\t\t\t\t\t\t\t\t\t\t\t\t\t\t\t\t\t\t\t\t\t\t\t\t<figcaption>\n\t\t\t\t\t\t\t\t<h3>Enfants et jeunes enfants<\/h3>\n\t\t\t\t\t\t\t\t\t<\/figcaption>\n\t\t\t\t\t\t\t\t\t\t\t\t\t\t\t<\/figure><!-- end gallery-item -->\n\t\t\t\t\t\t<\/a><!-- end widget-link -->\n\t\t\t\t\t<\/div><!-- end gallery-slide -->\n\n\t\t\t\t\t\t\t\t\t\n\t\t\t\t\t<div class=\"gallery-slide\">\n\t\t\t\t\t\t<a href=\"https:\/\/nauticescala.com\/fr\/reservez-votre-activites-sur-la-costa-brava\/?filters_modality%5B%5D=creuer&#038;filters_activity_type%5B%5D=curs&#038;orderby=dates\" class=\"widget-link\">\n\t\t\t\t\t\t\t<figure class=\"gallery-item\">\n\t\t\t\t\t\t\t\t\t\t\t\t\t\t\t\t\t<div class=\"image \">\n\t\t\t\t\t\t\t\t\t\t<img decoding=\"async\" src=\"https:\/\/nauticescala.com\/wp-content\/uploads\/2022\/10\/2022-nauticescala-creuer-j70-30-700x353.jpg\" alt=\"\" \/>\n\t\t\t\t\t\t\t\t\t<\/div><!-- end image -->\n\t\t\t\t\t\t\t\t\t\t\t\t\t\t\t\t\t\t\t\t\t\t\t\t\t<figcaption>\n\t\t\t\t\t\t\t\t<h3>Habitable plaisance<\/h3>\n\t\t\t\t\t\t\t\t\t<\/figcaption>\n\t\t\t\t\t\t\t\t\t\t\t\t\t\t\t<\/figure><!-- end gallery-item -->\n\t\t\t\t\t\t<\/a><!-- end widget-link -->\n\t\t\t\t\t<\/div><!-- end gallery-slide -->\n\n\t\t\t\t\t\t\t\t\t\n\t\t\t\t\t<div class=\"gallery-slide\">\n\t\t\t\t\t\t<a href=\"https:\/\/nauticescala.com\/activitats-costa-brava\/curs-de-rem-de-mar\/\" class=\"widget-link\">\n\t\t\t\t\t\t\t<figure class=\"gallery-item\">\n\t\t\t\t\t\t\t\t\t\t\t\t\t\t\t\t\t<div class=\"image \">\n\t\t\t\t\t\t\t\t\t\t<img decoding=\"async\" src=\"https:\/\/nauticescala.com\/wp-content\/uploads\/2020\/02\/2014-cn-lescala-vela-lleugera-700x353.jpg\" alt=\"\" \/>\n\t\t\t\t\t\t\t\t\t<\/div><!-- end image -->\n\t\t\t\t\t\t\t\t\t\t\t\t\t\t\t\t\t\t\t\t\t\t\t\t\t<figcaption>\n\t\t\t\t\t\t\t\t<h3>Aviron de mer<\/h3>\n\t\t\t\t\t\t\t\t\t<\/figcaption>\n\t\t\t\t\t\t\t\t\t\t\t\t\t\t\t<\/figure><!-- end gallery-item -->\n\t\t\t\t\t\t<\/a><!-- end widget-link -->\n\t\t\t\t\t<\/div><!-- end gallery-slide -->\n\n\t\t\t\t\t\t\t\t\t\n\t\t\t<\/div><!-- end gallery-items -->\n\t\t<\/div><!-- end container-fluid -->\n\t\t\n<\/section><!-- end gallery-area -->\n","protected":false},"excerpt":{"rendered":"","protected":false},"author":4,"featured_media":0,"parent":10721,"menu_order":0,"comment_status":"closed","ping_status":"closed","template":"","meta":{"_acf_changed":false,"_monsterinsights_skip_tracking":false,"_monsterinsights_sitenote_active":false,"_monsterinsights_sitenote_note":"","_monsterinsights_sitenote_category":0,"footnotes":""},"class_list":["post-16784","page","type-page","status-publish","hentry"],"acf":[],"yoast_head":"<!-- This site is optimized with the Yoast SEO Premium plugin v20.7 (Yoast SEO v27.4) - https:\/\/yoast.com\/product\/yoast-seo-premium-wordpress\/ -->\n<title>Cours &#8211; Club N\u00e0utic L\u2019Escala<\/title>\n<meta name=\"description\" content=\"Cours de voile d\u00e9riveur \u00e0 l\u2019Escala, Costa Brava G\u00e9rone. Apprenez \u00e0 naviguer avec le Club N\u00e0utic l\u2019Escala. Certificat iso 9001\" \/>\n<meta name=\"robots\" content=\"index, follow, max-snippet:-1, max-image-preview:large, max-video-preview:-1\" \/>\n<link rel=\"canonical\" href=\"https:\/\/nauticescala.com\/fr\/activites-nautiques-sur-la-costa-brava\/cours\/\" \/>\n<meta property=\"og:locale\" content=\"fr_FR\" \/>\n<meta property=\"og:type\" content=\"article\" \/>\n<meta property=\"og:title\" content=\"Cours\" \/>\n<meta property=\"og:description\" content=\"Cours de voile d\u00e9riveur \u00e0 l\u2019Escala, Costa Brava G\u00e9rone. Apprenez \u00e0 naviguer avec le Club N\u00e0utic l\u2019Escala. Certificat iso 9001\" \/>\n<meta property=\"og:url\" content=\"https:\/\/nauticescala.com\/fr\/activites-nautiques-sur-la-costa-brava\/cours\/\" \/>\n<meta property=\"og:site_name\" content=\"Club N\u00e0utic L\u2019Escala\" \/>\n<meta property=\"article:modified_time\" content=\"2023-07-25T15:44:24+00:00\" \/>\n<meta name=\"twitter:card\" content=\"summary_large_image\" \/>\n<script type=\"application\/ld+json\" class=\"yoast-schema-graph\">{\"@context\":\"https:\\\/\\\/schema.org\",\"@graph\":[{\"@type\":\"WebPage\",\"@id\":\"https:\\\/\\\/nauticescala.com\\\/fr\\\/activites-nautiques-sur-la-costa-brava\\\/cours\\\/\",\"url\":\"https:\\\/\\\/nauticescala.com\\\/fr\\\/activites-nautiques-sur-la-costa-brava\\\/cours\\\/\",\"name\":\"Cours &#8211; Club N\u00e0utic L\u2019Escala\",\"isPartOf\":{\"@id\":\"https:\\\/\\\/nauticescala.com\\\/#website\"},\"datePublished\":\"2020-06-04T12:09:09+00:00\",\"dateModified\":\"2023-07-25T15:44:24+00:00\",\"description\":\"Cours de voile d\u00e9riveur \u00e0 l\u2019Escala, Costa Brava G\u00e9rone. Apprenez \u00e0 naviguer avec le Club N\u00e0utic l\u2019Escala. Certificat iso 9001\",\"breadcrumb\":{\"@id\":\"https:\\\/\\\/nauticescala.com\\\/fr\\\/activites-nautiques-sur-la-costa-brava\\\/cours\\\/#breadcrumb\"},\"inLanguage\":\"fr-FR\",\"potentialAction\":[{\"@type\":\"ReadAction\",\"target\":[\"https:\\\/\\\/nauticescala.com\\\/fr\\\/activites-nautiques-sur-la-costa-brava\\\/cours\\\/\"]}]},{\"@type\":\"BreadcrumbList\",\"@id\":\"https:\\\/\\\/nauticescala.com\\\/fr\\\/activites-nautiques-sur-la-costa-brava\\\/cours\\\/#breadcrumb\",\"itemListElement\":[{\"@type\":\"ListItem\",\"position\":1,\"name\":\"Home\",\"item\":\"https:\\\/\\\/nauticescala.com\\\/fr\\\/\"},{\"@type\":\"ListItem\",\"position\":2,\"name\":\"Centre Nautique\",\"item\":\"https:\\\/\\\/nauticescala.com\\\/fr\\\/activites-nautiques-sur-la-costa-brava\\\/\"},{\"@type\":\"ListItem\",\"position\":3,\"name\":\"Cours\"}]},{\"@type\":\"WebSite\",\"@id\":\"https:\\\/\\\/nauticescala.com\\\/#website\",\"url\":\"https:\\\/\\\/nauticescala.com\\\/\",\"name\":\"Club N\u00e0utic L\u2019Escala\",\"description\":\"Port esportiu a la Costa Brava\",\"potentialAction\":[{\"@type\":\"SearchAction\",\"target\":{\"@type\":\"EntryPoint\",\"urlTemplate\":\"https:\\\/\\\/nauticescala.com\\\/?s={search_term_string}\"},\"query-input\":{\"@type\":\"PropertyValueSpecification\",\"valueRequired\":true,\"valueName\":\"search_term_string\"}}],\"inLanguage\":\"fr-FR\"}]}<\/script>\n<!-- \/ Yoast SEO Premium plugin. -->","yoast_head_json":{"title":"Cours &#8211; Club N\u00e0utic L\u2019Escala","description":"Cours de voile d\u00e9riveur \u00e0 l\u2019Escala, Costa Brava G\u00e9rone. Apprenez \u00e0 naviguer avec le Club N\u00e0utic l\u2019Escala. Certificat iso 9001","robots":{"index":"index","follow":"follow","max-snippet":"max-snippet:-1","max-image-preview":"max-image-preview:large","max-video-preview":"max-video-preview:-1"},"canonical":"https:\/\/nauticescala.com\/fr\/activites-nautiques-sur-la-costa-brava\/cours\/","og_locale":"fr_FR","og_type":"article","og_title":"Cours","og_description":"Cours de voile d\u00e9riveur \u00e0 l\u2019Escala, Costa Brava G\u00e9rone. Apprenez \u00e0 naviguer avec le Club N\u00e0utic l\u2019Escala. Certificat iso 9001","og_url":"https:\/\/nauticescala.com\/fr\/activites-nautiques-sur-la-costa-brava\/cours\/","og_site_name":"Club N\u00e0utic L\u2019Escala","article_modified_time":"2023-07-25T15:44:24+00:00","twitter_card":"summary_large_image","schema":{"@context":"https:\/\/schema.org","@graph":[{"@type":"WebPage","@id":"https:\/\/nauticescala.com\/fr\/activites-nautiques-sur-la-costa-brava\/cours\/","url":"https:\/\/nauticescala.com\/fr\/activites-nautiques-sur-la-costa-brava\/cours\/","name":"Cours &#8211; Club N\u00e0utic L\u2019Escala","isPartOf":{"@id":"https:\/\/nauticescala.com\/#website"},"datePublished":"2020-06-04T12:09:09+00:00","dateModified":"2023-07-25T15:44:24+00:00","description":"Cours de voile d\u00e9riveur \u00e0 l\u2019Escala, Costa Brava G\u00e9rone. Apprenez \u00e0 naviguer avec le Club N\u00e0utic l\u2019Escala. Certificat iso 9001","breadcrumb":{"@id":"https:\/\/nauticescala.com\/fr\/activites-nautiques-sur-la-costa-brava\/cours\/#breadcrumb"},"inLanguage":"fr-FR","potentialAction":[{"@type":"ReadAction","target":["https:\/\/nauticescala.com\/fr\/activites-nautiques-sur-la-costa-brava\/cours\/"]}]},{"@type":"BreadcrumbList","@id":"https:\/\/nauticescala.com\/fr\/activites-nautiques-sur-la-costa-brava\/cours\/#breadcrumb","itemListElement":[{"@type":"ListItem","position":1,"name":"Home","item":"https:\/\/nauticescala.com\/fr\/"},{"@type":"ListItem","position":2,"name":"Centre Nautique","item":"https:\/\/nauticescala.com\/fr\/activites-nautiques-sur-la-costa-brava\/"},{"@type":"ListItem","position":3,"name":"Cours"}]},{"@type":"WebSite","@id":"https:\/\/nauticescala.com\/#website","url":"https:\/\/nauticescala.com\/","name":"Club N\u00e0utic L\u2019Escala","description":"Port esportiu a la Costa Brava","potentialAction":[{"@type":"SearchAction","target":{"@type":"EntryPoint","urlTemplate":"https:\/\/nauticescala.com\/?s={search_term_string}"},"query-input":{"@type":"PropertyValueSpecification","valueRequired":true,"valueName":"search_term_string"}}],"inLanguage":"fr-FR"}]}},"_links":{"self":[{"href":"https:\/\/nauticescala.com\/fr\/wp-json\/wp\/v2\/pages\/16784","targetHints":{"allow":["GET"]}}],"collection":[{"href":"https:\/\/nauticescala.com\/fr\/wp-json\/wp\/v2\/pages"}],"about":[{"href":"https:\/\/nauticescala.com\/fr\/wp-json\/wp\/v2\/types\/page"}],"author":[{"embeddable":true,"href":"https:\/\/nauticescala.com\/fr\/wp-json\/wp\/v2\/users\/4"}],"replies":[{"embeddable":true,"href":"https:\/\/nauticescala.com\/fr\/wp-json\/wp\/v2\/comments?post=16784"}],"version-history":[{"count":9,"href":"https:\/\/nauticescala.com\/fr\/wp-json\/wp\/v2\/pages\/16784\/revisions"}],"predecessor-version":[{"id":56434,"href":"https:\/\/nauticescala.com\/fr\/wp-json\/wp\/v2\/pages\/16784\/revisions\/56434"}],"up":[{"embeddable":true,"href":"https:\/\/nauticescala.com\/fr\/wp-json\/wp\/v2\/pages\/10721"}],"wp:attachment":[{"href":"https:\/\/nauticescala.com\/fr\/wp-json\/wp\/v2\/media?parent=16784"}],"curies":[{"name":"wp","href":"https:\/\/api.w.org\/{rel}","templated":true}]}}