 {"id":36960,"date":"2022-03-14T21:08:24","date_gmt":"2022-03-14T20:08:24","guid":{"rendered":"http:\/\/nauticescala.com\/?page_id=36960&#038;preview_id=36960"},"modified":"2026-03-06T09:53:24","modified_gmt":"2026-03-06T08:53:24","slug":"faqs-camp","status":"publish","type":"page","link":"https:\/\/nauticescala.com\/fr\/faqs-camp\/","title":{"rendered":"FAQS &#8211; CAMP"},"content":{"rendered":"<section class=\"title-section\">\n\t<div class=\"container\">\n\t\t\t\t\t<h1>FAQS &#8211; CAMP <\/h1>\n\t\t\n\t\t\n\t\t\t\t\t<div class=\"block\">\n\t\t\t\t<p><em><strong>CAMPUS ENFANT &#8211; SUMMER SEA SCHOOL du 4 \u00e0 6 ans<\/strong><\/em><\/p>\n<ul>\n<li><b>Matin:<\/b> de 9h \u00e0 13h. Point d&rsquo;arriv\u00e9e et de collecte: <a href=\"https:\/\/www.google.es\/maps\/place\/Escola+de+Vela+-+CN+L'Escala\/@42.1155888,3.1444312,18.5z\/data=!4m5!3m4!1s0x12ba5ed2e0503eb1:0xdd44bfdf0cf2131c!8m2!3d42.1155974!4d3.1455123\">\u00c9cole de voile.<\/a><\/li>\n<li><strong>Activit\u00e9s pr\u00e9vues pour les groupes (\u00e0 partir du 1\/05\/26)<\/strong><\/li>\n<\/ul>\n<p><em><strong>CAMPUS ENFANT &#8211; SUMMER SEA SCHOOL du 7 \u00e0 10 ans<\/strong><\/em><\/p>\n<ul>\n<li><b>Matin:<\/b> de 9h \u00e0 13h. Point d&rsquo;arriv\u00e9e et de collecte: <a href=\"https:\/\/www.google.es\/maps\/place\/Escola+de+Vela+-+CN+L'Escala\/@42.1155888,3.1444312,18.5z\/data=!4m5!3m4!1s0x12ba5ed2e0503eb1:0xdd44bfdf0cf2131c!8m2!3d42.1155974!4d3.1455123\">\u00c9cole de voile.<\/a><\/li>\n<li><b>Apr\u00e8s-midi<\/b>: de 15h \u00e0 18h. Point d&rsquo;arriv\u00e9e et de collecte: <a href=\"https:\/\/www.google.es\/maps\/place\/Escola+de+Vela+-+CN+L'Escala\/@42.1155888,3.1444312,18.5z\/data=!4m5!3m4!1s0x12ba5ed2e0503eb1:0xdd44bfdf0cf2131c!8m2!3d42.1155974!4d3.1455123\">\u00c9cole de voile.<\/a><\/li>\n<li><strong>Activit\u00e9s pr\u00e9vues pour les groupes (\u00e0 partir du 1\/05\/26)<\/strong><\/li>\n<\/ul>\n<p><em><strong>CAMPUS JEUNES<\/strong><\/em><\/p>\n<ul>\n<li><b>Matin:<\/b> de 9h \u00e0 13h. Point d&rsquo;arriv\u00e9e et de collecte: <a href=\"https:\/\/www.google.es\/maps\/place\/Escola+de+Vela+-+CN+L'Escala\/@42.1155888,3.1444312,18.5z\/data=!4m5!3m4!1s0x12ba5ed2e0503eb1:0xdd44bfdf0cf2131c!8m2!3d42.1155974!4d3.1455123\">\u00c9cole de Voile.<\/a><\/li>\n<li><strong><a href=\"https:\/\/nauticescala.com\/wp-content\/uploads\/2026\/02\/PREVISIO-ACTIVITATS-CAMPUS-ESTIU-2026.pdf\" target=\"_blank\" rel=\"noopener\">Activit\u00e9s pr\u00e9vues pour les groupes<\/a><\/strong><\/li>\n<\/ul>\n<p><b>Groupes<\/b>: Les groupes sont constitu\u00e9s en fonction de l&rsquo;\u00e2ge, sauf si le nombre de participants est trop r\u00e9duit. Chaque mercredi, nous publierons ici les listes de la semaine suivante pour chaque Campus.<\/p>\n<ul>\n<li><strong><strong>Petits (4-6 ans) &#8211; <\/strong>(\u00e0 partir du 1\/05\/26)<\/strong><\/li>\n<li><strong>Enfants (7-10 ans) &#8211; (\u00e0 partir du 1\/05\/26)<\/strong><\/li>\n<li><strong>Jeunes (11-17 ans) &#8211; (\u00e0 partir du 1\/05\/26)<\/strong><\/li>\n<\/ul>\n<p><b>D\u00e9jeuner (uniquement pour le SUMMER SEA SCHOOL des 7 \u00e0 10 ans)<\/b>: Vous pouvez r\u00e9server via ce<strong><a href=\"https:\/\/forms.office.com\/Pages\/ResponsePage.aspx?id=lqB1eUSjukqpLGJ9SVJpFIb5kQPhU09Hv1nt7Meg8qVURDQ2WFE3NUszTFdGRU9ZRkFKSzNIQU9LVCQlQCN0PWcu\" target=\"_blank\" rel=\"noopener\"> lien<\/a><\/strong>. Le repas est optionnel, et la r\u00e9servation doit \u00eatre confirm\u00e9e et pay\u00e9e 7 jours avant le d\u00e9but de la semaine.\u00a0 Chaque mercredi, nous publierons ici l men\u00fa de la semaine suivante. Nous vous rappelons que si les enfants restent pour le r\u00e9pas, il n&rsquo;est pas permis d&rsquo;apporter une lunchbox ou de la nourriture de la maison.<\/p>\n<ul>\n<li><strong>Men\u00fa du d\u00e9jeuner &#8211; (\u00e0 partir de 1\/5\/26)<\/strong><\/li>\n<\/ul>\n<p><b>Mat\u00e9riel:<\/b> Nous vous fournirons un tee-shirt. Le reste du mat\u00e9riel n\u00e9cessaire est : sac \u00e0 dos, casquette, gourde d&rsquo;eau, petit-d\u00e9jeuner (le matin uniquement), maillot de bain et v\u00eatements de rechange, cr\u00e8me solaire appliqu\u00e9e \u00e0 la maison, serviette et chaussures qui pouvant \u00eatre mouill\u00e9es.<\/p>\n<p><strong>Communication: <\/strong>Toute communication destin\u00e9e aux participants sera envoy\u00e9e par e-mail 48 heures \u00e0 l&rsquo;avance ou par SMS.<\/p>\n<p><!--StartFragment --><\/p>\n<p><strong>R\u00e9servation et paiement: <\/strong>Pour confirmer la r\u00e9servation d\u2019une activit\u00e9 nautique sur le site web, l\u2019utilisateur\/trice devra effectuer le paiement requis au moment de la r\u00e9servation ou \u00e0 r\u00e9ception de la confirmation de disponibilit\u00e9. Aucune r\u00e9servation ne sera accept\u00e9e sans le versement de l\u2019acompte correspondant. <strong>Le solde, le cas \u00e9ch\u00e9ant, devra \u00eatre r\u00e9gl\u00e9 15 jours avant le d\u00e9but du service r\u00e9serv\u00e9, sauf pour les r\u00e9servations de quatre semaines ou plus, qui devront \u00eatre r\u00e9gl\u00e9es le 1er juin de l\u2019ann\u00e9e en cours.<\/strong> En cas de non\u2011r\u00e9ception du paiement dans ce d\u00e9lai, la r\u00e9servation sera annul\u00e9e sans que l\u2019utilisateur\/trice puisse r\u00e9clamer le remboursement de l\u2019acompte vers\u00e9.<\/p>\n<p>Les donn\u00e9es fournies par l\u2019utilisateur doivent \u00eatre valides. Avant le d\u00e9but de l\u2019activit\u00e9, une v\u00e9rification des informations fournies pourra \u00eatre demand\u00e9e. Si celles-ci ne correspondent pas ou si l\u2019utilisateur ne peut pas \u00eatre identifi\u00e9, l\u2019acc\u00e8s au service pourra \u00eatre refus\u00e9.<\/p>\n<p><!--StartFragment --><\/p>\n<p><strong>Politique de modifications et d\u2019annulation: <\/strong><\/p>\n<ul>\n<li>En cas d\u2019annulation de la r\u00e9servation, 50 % de l\u2019acompte seront rembours\u00e9s, \u00e0 condition que l\u2019annulation soit effectu\u00e9e plus de 15 jours avant le d\u00e9but du service r\u00e9serv\u00e9.<\/li>\n<li>En cas de demande de modification de l\u2019activit\u00e9, celle-ci devra \u00eatre formul\u00e9e au plus tard 15 jours avant le d\u00e9but, et pourra \u00eatre accept\u00e9e ou non selon les disponibilit\u00e9s.<\/li>\n<li>Si la r\u00e9servation est annul\u00e9e ou modifi\u00e9e dans les 15 jours pr\u00e9c\u00e9dant le d\u00e9but de l\u2019activit\u00e9, l\u2019acompte ne sera rembours\u00e9 en aucun cas, ni en totalit\u00e9 ni en partie.<\/li>\n<\/ul>\n<p><a href=\"https:\/\/nauticescala.com\/fr\/termes-et-conditions\/\" target=\"_blank\" rel=\"noopener\"><strong>Consultez l\u2019int\u00e9gralit\u00e9 des termes et conditions.<\/strong><\/a><\/p>\n<p><!--EndFragment --><\/p>\n<p><!--EndFragment --><\/p>\n<p>Merci beaucoup, et \u00e0 tr\u00e8s bient\u00f4t dans les<strong> Campus d\u2019\u00e9t\u00e9 2026<\/strong>. Nous allons passer un moment formidable !<\/p>\n<p><strong>L&rsquo;\u00e9quipe des moniteurs et moniteurs<\/strong><br \/>\nT\u00e9l : +34 972 776 949<br \/>\nLocalisation : <a href=\"https:\/\/www.google.es\/maps\/place\/Club+N%C3%A0utic+L'Escala\/@42.1164579,3.147803,15z\/data=!4m2!3m1!1s0x0:0x9648818212c4721c\" target=\"_blank\" rel=\"noopener\">Google Maps<\/a><\/p>\n\n\t\t\t\t\t\t\t<\/div><!-- end block -->\n\t\t\t<\/div><!-- end container -->\n<\/section><!-- end title-section -->\n<section class=\"article-section\"><div class=\"container\">\n\n<\/div><\/section>\n    \n        <div class=\"btn-box\">\n            <a href=\"https:\/\/www.flickr.com\/photos\/nauticescala\/albums\/72157698903910125\" target=\"_blank\" class=\"btn btn-primary\">ENFANTS<\/a>\n\n        \n        \n        \n            <a href=\"https:\/\/www.flickr.com\/photos\/nauticescala\/albums\/72157671024366658\" target=\"_blank\" class=\"btn btn-primary\">JEUNES<\/a>\n    \n\n        \n\n<\/div><!-- end btn-box -->\n\n   \n","protected":false},"excerpt":{"rendered":"","protected":false},"author":4,"featured_media":0,"parent":0,"menu_order":0,"comment_status":"closed","ping_status":"closed","template":"","meta":{"_acf_changed":false,"_monsterinsights_skip_tracking":false,"_monsterinsights_sitenote_active":false,"_monsterinsights_sitenote_note":"","_monsterinsights_sitenote_category":0,"footnotes":""},"class_list":["post-36960","page","type-page","status-publish","hentry"],"acf":[],"yoast_head":"<!-- This site is optimized with the Yoast SEO Premium plugin v20.7 (Yoast SEO v27.4) - https:\/\/yoast.com\/product\/yoast-seo-premium-wordpress\/ -->\n<title>FAQS - CAMP &#8211; Club N\u00e0utic L\u2019Escala<\/title>\n<meta name=\"robots\" content=\"index, follow, max-snippet:-1, max-image-preview:large, max-video-preview:-1\" \/>\n<link rel=\"canonical\" href=\"https:\/\/nauticescala.com\/fr\/faqs-camp\/\" \/>\n<meta property=\"og:locale\" content=\"fr_FR\" \/>\n<meta property=\"og:type\" content=\"article\" \/>\n<meta property=\"og:title\" content=\"FAQS - CAMP\" \/>\n<meta property=\"og:url\" content=\"https:\/\/nauticescala.com\/fr\/faqs-camp\/\" \/>\n<meta property=\"og:site_name\" content=\"Club N\u00e0utic L\u2019Escala\" \/>\n<meta property=\"article:modified_time\" content=\"2026-03-06T08:53:24+00:00\" \/>\n<meta name=\"twitter:card\" content=\"summary_large_image\" \/>\n<meta name=\"twitter:label1\" content=\"Dur\u00e9e de lecture estim\u00e9e\" \/>\n\t<meta name=\"twitter:data1\" content=\"3 minutes\" \/>\n<script type=\"application\/ld+json\" class=\"yoast-schema-graph\">{\"@context\":\"https:\\\/\\\/schema.org\",\"@graph\":[{\"@type\":\"WebPage\",\"@id\":\"https:\\\/\\\/nauticescala.com\\\/fr\\\/faqs-camp\\\/\",\"url\":\"https:\\\/\\\/nauticescala.com\\\/fr\\\/faqs-camp\\\/\",\"name\":\"FAQS - CAMP &#8211; Club N\u00e0utic L\u2019Escala\",\"isPartOf\":{\"@id\":\"https:\\\/\\\/nauticescala.com\\\/#website\"},\"datePublished\":\"2022-03-14T20:08:24+00:00\",\"dateModified\":\"2026-03-06T08:53:24+00:00\",\"breadcrumb\":{\"@id\":\"https:\\\/\\\/nauticescala.com\\\/fr\\\/faqs-camp\\\/#breadcrumb\"},\"inLanguage\":\"fr-FR\",\"potentialAction\":[{\"@type\":\"ReadAction\",\"target\":[\"https:\\\/\\\/nauticescala.com\\\/fr\\\/faqs-camp\\\/\"]}]},{\"@type\":\"BreadcrumbList\",\"@id\":\"https:\\\/\\\/nauticescala.com\\\/fr\\\/faqs-camp\\\/#breadcrumb\",\"itemListElement\":[{\"@type\":\"ListItem\",\"position\":1,\"name\":\"Home\",\"item\":\"https:\\\/\\\/nauticescala.com\\\/fr\\\/\"},{\"@type\":\"ListItem\",\"position\":2,\"name\":\"FAQS &#8211; CAMP\"}]},{\"@type\":\"WebSite\",\"@id\":\"https:\\\/\\\/nauticescala.com\\\/#website\",\"url\":\"https:\\\/\\\/nauticescala.com\\\/\",\"name\":\"Club N\u00e0utic L\u2019Escala\",\"description\":\"Port esportiu a la Costa Brava\",\"potentialAction\":[{\"@type\":\"SearchAction\",\"target\":{\"@type\":\"EntryPoint\",\"urlTemplate\":\"https:\\\/\\\/nauticescala.com\\\/?s={search_term_string}\"},\"query-input\":{\"@type\":\"PropertyValueSpecification\",\"valueRequired\":true,\"valueName\":\"search_term_string\"}}],\"inLanguage\":\"fr-FR\"}]}<\/script>\n<!-- \/ Yoast SEO Premium plugin. -->","yoast_head_json":{"title":"FAQS - CAMP &#8211; Club N\u00e0utic L\u2019Escala","robots":{"index":"index","follow":"follow","max-snippet":"max-snippet:-1","max-image-preview":"max-image-preview:large","max-video-preview":"max-video-preview:-1"},"canonical":"https:\/\/nauticescala.com\/fr\/faqs-camp\/","og_locale":"fr_FR","og_type":"article","og_title":"FAQS - CAMP","og_url":"https:\/\/nauticescala.com\/fr\/faqs-camp\/","og_site_name":"Club N\u00e0utic L\u2019Escala","article_modified_time":"2026-03-06T08:53:24+00:00","twitter_card":"summary_large_image","twitter_misc":{"Dur\u00e9e de lecture estim\u00e9e":"3 minutes"},"schema":{"@context":"https:\/\/schema.org","@graph":[{"@type":"WebPage","@id":"https:\/\/nauticescala.com\/fr\/faqs-camp\/","url":"https:\/\/nauticescala.com\/fr\/faqs-camp\/","name":"FAQS - CAMP &#8211; Club N\u00e0utic L\u2019Escala","isPartOf":{"@id":"https:\/\/nauticescala.com\/#website"},"datePublished":"2022-03-14T20:08:24+00:00","dateModified":"2026-03-06T08:53:24+00:00","breadcrumb":{"@id":"https:\/\/nauticescala.com\/fr\/faqs-camp\/#breadcrumb"},"inLanguage":"fr-FR","potentialAction":[{"@type":"ReadAction","target":["https:\/\/nauticescala.com\/fr\/faqs-camp\/"]}]},{"@type":"BreadcrumbList","@id":"https:\/\/nauticescala.com\/fr\/faqs-camp\/#breadcrumb","itemListElement":[{"@type":"ListItem","position":1,"name":"Home","item":"https:\/\/nauticescala.com\/fr\/"},{"@type":"ListItem","position":2,"name":"FAQS &#8211; CAMP"}]},{"@type":"WebSite","@id":"https:\/\/nauticescala.com\/#website","url":"https:\/\/nauticescala.com\/","name":"Club N\u00e0utic L\u2019Escala","description":"Port esportiu a la Costa Brava","potentialAction":[{"@type":"SearchAction","target":{"@type":"EntryPoint","urlTemplate":"https:\/\/nauticescala.com\/?s={search_term_string}"},"query-input":{"@type":"PropertyValueSpecification","valueRequired":true,"valueName":"search_term_string"}}],"inLanguage":"fr-FR"}]}},"_links":{"self":[{"href":"https:\/\/nauticescala.com\/fr\/wp-json\/wp\/v2\/pages\/36960","targetHints":{"allow":["GET"]}}],"collection":[{"href":"https:\/\/nauticescala.com\/fr\/wp-json\/wp\/v2\/pages"}],"about":[{"href":"https:\/\/nauticescala.com\/fr\/wp-json\/wp\/v2\/types\/page"}],"author":[{"embeddable":true,"href":"https:\/\/nauticescala.com\/fr\/wp-json\/wp\/v2\/users\/4"}],"replies":[{"embeddable":true,"href":"https:\/\/nauticescala.com\/fr\/wp-json\/wp\/v2\/comments?post=36960"}],"version-history":[{"count":44,"href":"https:\/\/nauticescala.com\/fr\/wp-json\/wp\/v2\/pages\/36960\/revisions"}],"predecessor-version":[{"id":97721,"href":"https:\/\/nauticescala.com\/fr\/wp-json\/wp\/v2\/pages\/36960\/revisions\/97721"}],"wp:attachment":[{"href":"https:\/\/nauticescala.com\/fr\/wp-json\/wp\/v2\/media?parent=36960"}],"curies":[{"name":"wp","href":"https:\/\/api.w.org\/{rel}","templated":true}]}}