 {"id":48679,"date":"2024-02-22T15:20:44","date_gmt":"2024-02-22T14:20:44","guid":{"rendered":"https:\/\/nauticescala.com\/?page_id=48679&#038;preview_id=48679"},"modified":"2026-02-20T11:29:37","modified_gmt":"2026-02-20T10:29:37","slug":"documents","status":"publish","type":"page","link":"https:\/\/nauticescala.com\/fr\/documents\/","title":{"rendered":"DOCUMENTS"},"content":{"rendered":"<section class=\"title-section\">\n\t<div class=\"container\">\n\t\t\t\t\t<h1>Consultation de documents sportifs<\/h1>\n\t\t\n\t\t\n\t\t\t\t\t<div class=\"block\">\n\t\t\t\t<ul>\n<li><a href=\"https:\/\/nauticescala.com\/wp-content\/uploads\/2026\/01\/MANUAL-DE-LABONAT-2026-FRA.pdf\" target=\"_blank\" rel=\"noopener\">2026 \u2013 Guide de l\u2019Abonn\u00e9<\/a><\/li>\n<li><a href=\"https:\/\/nauticescala.com\/wp-content\/uploads\/2025\/12\/CONTINGUTS-RG-2026.pdf\" target=\"_blank\" rel=\"noopener\">2026 \u2013 Contenus des Sessions Guid\u00e9es<\/a><\/li>\n<li><a href=\"https:\/\/nauticescala.com\/wp-content\/uploads\/2025\/12\/RG-REM-DE-MAR-2026.pdf\" target=\"_blank\" rel=\"noopener\">2026 \u2013 Calendrier provisoire des Itin\u00e9raires Guid\u00e9s d&rsquo;Aviron (aviron de mer, kayak et SUP)<\/a><\/li>\n<li><a href=\"https:\/\/nauticescala.com\/wp-content\/uploads\/2025\/12\/RG-VLL-2026-1.pdf\" target=\"_blank\" rel=\"noopener\">2026 \u2013 Calendrier provisoire des Itin\u00e9raires Guid\u00e9s de Voile L\u00e9g\u00e8re<\/a><\/li>\n<li><a href=\"https:\/\/nauticescala.com\/wp-content\/uploads\/2025\/12\/RG-REM-DE-MAR-2026.pdf\" target=\"_blank\" rel=\"noopener\">2026 \u2013 Calendrier provisoire des Itin\u00e9raires Guid\u00e9s de Croisi\u00e8re<\/a><\/li>\n<li><a href=\"https:\/\/nauticescala.com\/wp-content\/uploads\/2026\/02\/RG-J70-2026.pdf\" target=\"_blank\" rel=\"noopener\">2026 \u2013 Calendrier provisoire des Itin\u00e9raires Guid\u00e9s de J70<\/a><\/li>\n<li><a href=\"https:\/\/nauticescala.com\/wp-content\/uploads\/2025\/12\/TRIPULACIO-OBERTA-2026-1.pdf\" target=\"_blank\" rel=\"noopener\">2026 &#8211; Calendrier \u00c9quipage ouvert &#8211; Nouveau<\/a><\/li>\n<li><a href=\"https:\/\/nauticescala.com\/wp-content\/uploads\/2025\/12\/RG-REM-DE-MAR-2026.pdf\" target=\"_blank\" rel=\"noopener\">2026 \u2013 Calendrier de l&rsquo;\u00e9quipe de R\u00e9gates &#8211; Optimist<\/a><\/li>\n<li><a href=\"https:\/\/nauticescala.com\/wp-content\/uploads\/2025\/12\/RG-REM-DE-MAR-2026.pdf\" target=\"_blank\" rel=\"noopener\">2026 \u2013 Calendrier de l&rsquo;\u00e9quipe de R\u00e9gates &#8211; ILCA<\/a><\/li>\n<li><a href=\"https:\/\/nauticescala.com\/wp-content\/uploads\/2025\/12\/ESDEVENIMENTS-2026-1.pdf\" target=\"_blank\" rel=\"noopener\">2026 &#8211; \u00c9v\u00e9nements<\/a><\/li>\n<li><a href=\"https:\/\/docs.google.com\/spreadsheets\/d\/1OHbWyIlvaSVQeI3k681n-AMI2hOv79oDmXHsCt_bP8s\/edit?usp=sharing\" target=\"_blank\" rel=\"noopener\">Marques de la Secci\u00f3 de Rem<\/a><\/li>\n<li><a href=\"https:\/\/nauticescala.com\/fr\/club-nautique-sur-la-costa-brava\/devenez-adherent\/\">Avantages des membres sportifs<\/a><\/li>\n<li><a href=\"https:\/\/nauticescala.com\/fr\/agenda\/\">Agenda des r\u00e9gates et des \u00e9v\u00e9nements<\/a><\/li>\n<li><a href=\"https:\/\/nauticescala.com\/noticies\/app-nauticescala\/\">T\u00e9l\u00e9charge l&rsquo;application<\/a><\/li>\n<li><a href=\"https:\/\/www.youtube.com\/watch?v=LniJBTWRzR0\">Comment r\u00e9server des activit\u00e9s avec l&rsquo;application<\/a><\/li>\n<li><a href=\"https:\/\/www.youtube.com\/watch?v=nysr_prsluM\">Comment r\u00e9server des \u00e9quipements avec l&rsquo;application<\/a><\/li>\n<li><a href=\"https:\/\/nauticescala.com\/wp-content\/uploads\/2025\/06\/Terminologia-rem-i-esports-nautics-en-catala.pdf\" target=\"_blank\" rel=\"noopener\">Terminologie de l&rsquo;aviron et des sports nautiques en catalan<\/a><\/li>\n<li><a href=\"https:\/\/www.youtube.com\/watch?v=C63nTTQEi5c\">Comment bien amarrer un bateau<\/a><\/li>\n<li><a href=\"https:\/\/www.youtube.com\/watch?v=RgkH-5TRbo0\">Comment pr\u00e9parer votre bateau pour la navigation<\/a><\/li>\n<li><a href=\"https:\/\/www.youtube.com\/watch?v=sxU_VFpj3ls&amp;list=PLgHmT3_brSz0pbylfq93nLjhRQImhzBOR\">Vid\u00e9os de formation voile, aviron et croisi\u00e8re<\/a><\/li>\n<\/ul>\n\n\t\t\t\t\t\t\t<\/div><!-- end block -->\n\t\t\t<\/div><!-- end container -->\n<\/section><!-- end title-section -->\n","protected":false},"excerpt":{"rendered":"","protected":false},"author":4,"featured_media":0,"parent":0,"menu_order":0,"comment_status":"closed","ping_status":"closed","template":"","meta":{"_acf_changed":false,"_monsterinsights_skip_tracking":false,"_monsterinsights_sitenote_active":false,"_monsterinsights_sitenote_note":"","_monsterinsights_sitenote_category":0,"footnotes":""},"class_list":["post-48679","page","type-page","status-publish","hentry"],"acf":[],"yoast_head":"<!-- This site is optimized with the Yoast SEO Premium plugin v20.7 (Yoast SEO v27.3) - https:\/\/yoast.com\/product\/yoast-seo-premium-wordpress\/ -->\n<title>DOCUMENTS &#8211; Club N\u00e0utic L\u2019Escala<\/title>\n<meta name=\"robots\" content=\"index, follow, max-snippet:-1, max-image-preview:large, max-video-preview:-1\" \/>\n<link rel=\"canonical\" href=\"https:\/\/nauticescala.com\/fr\/documents\/\" \/>\n<meta property=\"og:locale\" content=\"fr_FR\" \/>\n<meta property=\"og:type\" content=\"article\" \/>\n<meta property=\"og:title\" content=\"DOCUMENTS\" \/>\n<meta property=\"og:url\" content=\"https:\/\/nauticescala.com\/fr\/documents\/\" \/>\n<meta property=\"og:site_name\" content=\"Club N\u00e0utic L\u2019Escala\" \/>\n<meta property=\"article:modified_time\" content=\"2026-02-20T10:29:37+00:00\" \/>\n<meta name=\"twitter:card\" content=\"summary_large_image\" \/>\n<meta name=\"twitter:label1\" content=\"Dur\u00e9e de lecture estim\u00e9e\" \/>\n\t<meta name=\"twitter:data1\" content=\"1 minute\" \/>\n<script type=\"application\/ld+json\" class=\"yoast-schema-graph\">{\"@context\":\"https:\\\/\\\/schema.org\",\"@graph\":[{\"@type\":\"WebPage\",\"@id\":\"https:\\\/\\\/nauticescala.com\\\/fr\\\/documents\\\/\",\"url\":\"https:\\\/\\\/nauticescala.com\\\/fr\\\/documents\\\/\",\"name\":\"DOCUMENTS &#8211; Club N\u00e0utic L\u2019Escala\",\"isPartOf\":{\"@id\":\"https:\\\/\\\/nauticescala.com\\\/#website\"},\"datePublished\":\"2024-02-22T14:20:44+00:00\",\"dateModified\":\"2026-02-20T10:29:37+00:00\",\"breadcrumb\":{\"@id\":\"https:\\\/\\\/nauticescala.com\\\/fr\\\/documents\\\/#breadcrumb\"},\"inLanguage\":\"fr-FR\",\"potentialAction\":[{\"@type\":\"ReadAction\",\"target\":[\"https:\\\/\\\/nauticescala.com\\\/fr\\\/documents\\\/\"]}]},{\"@type\":\"BreadcrumbList\",\"@id\":\"https:\\\/\\\/nauticescala.com\\\/fr\\\/documents\\\/#breadcrumb\",\"itemListElement\":[{\"@type\":\"ListItem\",\"position\":1,\"name\":\"Home\",\"item\":\"https:\\\/\\\/nauticescala.com\\\/fr\\\/\"},{\"@type\":\"ListItem\",\"position\":2,\"name\":\"DOCUMENTS\"}]},{\"@type\":\"WebSite\",\"@id\":\"https:\\\/\\\/nauticescala.com\\\/#website\",\"url\":\"https:\\\/\\\/nauticescala.com\\\/\",\"name\":\"Club N\u00e0utic L\u2019Escala\",\"description\":\"Port esportiu a la Costa Brava\",\"potentialAction\":[{\"@type\":\"SearchAction\",\"target\":{\"@type\":\"EntryPoint\",\"urlTemplate\":\"https:\\\/\\\/nauticescala.com\\\/?s={search_term_string}\"},\"query-input\":{\"@type\":\"PropertyValueSpecification\",\"valueRequired\":true,\"valueName\":\"search_term_string\"}}],\"inLanguage\":\"fr-FR\"}]}<\/script>\n<!-- \/ Yoast SEO Premium plugin. -->","yoast_head_json":{"title":"DOCUMENTS &#8211; Club N\u00e0utic L\u2019Escala","robots":{"index":"index","follow":"follow","max-snippet":"max-snippet:-1","max-image-preview":"max-image-preview:large","max-video-preview":"max-video-preview:-1"},"canonical":"https:\/\/nauticescala.com\/fr\/documents\/","og_locale":"fr_FR","og_type":"article","og_title":"DOCUMENTS","og_url":"https:\/\/nauticescala.com\/fr\/documents\/","og_site_name":"Club N\u00e0utic L\u2019Escala","article_modified_time":"2026-02-20T10:29:37+00:00","twitter_card":"summary_large_image","twitter_misc":{"Dur\u00e9e de lecture estim\u00e9e":"1 minute"},"schema":{"@context":"https:\/\/schema.org","@graph":[{"@type":"WebPage","@id":"https:\/\/nauticescala.com\/fr\/documents\/","url":"https:\/\/nauticescala.com\/fr\/documents\/","name":"DOCUMENTS &#8211; Club N\u00e0utic L\u2019Escala","isPartOf":{"@id":"https:\/\/nauticescala.com\/#website"},"datePublished":"2024-02-22T14:20:44+00:00","dateModified":"2026-02-20T10:29:37+00:00","breadcrumb":{"@id":"https:\/\/nauticescala.com\/fr\/documents\/#breadcrumb"},"inLanguage":"fr-FR","potentialAction":[{"@type":"ReadAction","target":["https:\/\/nauticescala.com\/fr\/documents\/"]}]},{"@type":"BreadcrumbList","@id":"https:\/\/nauticescala.com\/fr\/documents\/#breadcrumb","itemListElement":[{"@type":"ListItem","position":1,"name":"Home","item":"https:\/\/nauticescala.com\/fr\/"},{"@type":"ListItem","position":2,"name":"DOCUMENTS"}]},{"@type":"WebSite","@id":"https:\/\/nauticescala.com\/#website","url":"https:\/\/nauticescala.com\/","name":"Club N\u00e0utic L\u2019Escala","description":"Port esportiu a la Costa Brava","potentialAction":[{"@type":"SearchAction","target":{"@type":"EntryPoint","urlTemplate":"https:\/\/nauticescala.com\/?s={search_term_string}"},"query-input":{"@type":"PropertyValueSpecification","valueRequired":true,"valueName":"search_term_string"}}],"inLanguage":"fr-FR"}]}},"_links":{"self":[{"href":"https:\/\/nauticescala.com\/fr\/wp-json\/wp\/v2\/pages\/48679","targetHints":{"allow":["GET"]}}],"collection":[{"href":"https:\/\/nauticescala.com\/fr\/wp-json\/wp\/v2\/pages"}],"about":[{"href":"https:\/\/nauticescala.com\/fr\/wp-json\/wp\/v2\/types\/page"}],"author":[{"embeddable":true,"href":"https:\/\/nauticescala.com\/fr\/wp-json\/wp\/v2\/users\/4"}],"replies":[{"embeddable":true,"href":"https:\/\/nauticescala.com\/fr\/wp-json\/wp\/v2\/comments?post=48679"}],"version-history":[{"count":13,"href":"https:\/\/nauticescala.com\/fr\/wp-json\/wp\/v2\/pages\/48679\/revisions"}],"predecessor-version":[{"id":96769,"href":"https:\/\/nauticescala.com\/fr\/wp-json\/wp\/v2\/pages\/48679\/revisions\/96769"}],"wp:attachment":[{"href":"https:\/\/nauticescala.com\/fr\/wp-json\/wp\/v2\/media?parent=48679"}],"curies":[{"name":"wp","href":"https:\/\/api.w.org\/{rel}","templated":true}]}}