 {"id":60603,"date":"2024-01-31T10:34:21","date_gmt":"2024-01-31T09:34:21","guid":{"rendered":"https:\/\/nauticescala.com\/?page_id=60603&#038;preview_id=60603"},"modified":"2026-03-30T13:11:43","modified_gmt":"2026-03-30T11:11:43","slug":"faqs-activites","status":"publish","type":"page","link":"https:\/\/nauticescala.com\/fr\/faqs-activites\/","title":{"rendered":"FAQS &#8211; ACTIVITES"},"content":{"rendered":"<section class=\"title-section\">\n\t<div class=\"container\">\n\t\t\t\t\t<h1>FAQS &#8211; ACTIVITES <\/h1>\n\t\t\n\t\t\n\t\t\t\t\t<div class=\"block\">\n\t\t\t\t<p><strong>R\u00e9servations: <\/strong>En cas de doute, consultez comment faire l&rsquo;inscription en regardant <a href=\"https:\/\/www.loom.com\/share\/4b4f1df13c6f485780a9a2a628088d55\" target=\"_blank\" rel=\"noopener\">la vid\u00e9o<\/a>.<\/p>\n<p><strong>Point de rendez-vous :<\/strong> <a href=\"https:\/\/www.google.es\/search?sxsrf=ALeKk025_j4OYL6wSPxtTbomDe0TKodvCg:1589362865124&amp;source=hp&amp;ei=rcC7Xp2pI9KYjLsP7eaygAw&amp;q=escola%20de%20vela&amp;oq=escola+de+vela&amp;gs_lcp=CgZwc3ktYWIQAzIECCMQJzIECCMQJzIFCAAQywEyBQgAEMsBMgIIADIFCAAQywEyAggAMgIIADIFCAAQywEyBQgAEMsBOgcIIxDqAhAnOgUIABCDAVDcCFiOFmDDF2gBcAB4AIABXYgBigiSAQIxNJgBAKABAaoBB2d3cy13aXqwAQo&amp;sclient=psy-ab&amp;ved=2ahUKEwjErfqHxrDpAhUSkxQKHegaBV8QvS4wAHoECAwQIQ&amp;uact=5&amp;npsic=0&amp;rflfq=1&amp;rlha=0&amp;rllag=42115808,3145273,220&amp;tbm=lcl&amp;rldimm=15944079545514201884&amp;lqi=Cg5lc2NvbGEgZGUgdmVsYVogCg5lc2NvbGEgZGUgdmVsYSIOZXNjb2xhIGRlIHZlbGE&amp;rldoc=1&amp;tbs=lrf:!1m4!1u3!2m2!3m1!1e1!1m4!1u2!2m2!2m1!1e1!2m1!1e2!2m1!1e3!3sIAE,lf:1,lf_ui:2&amp;rlst=f#rlfi=hd:;si:15944079545514201884,l,Cg5lc2NvbGEgZGUgdmVsYVogCg5lc2NvbGEgZGUgdmVsYSIOZXNjb2xhIGRlIHZlbGE;mv:[[42.2887189,3.2651586],[41.336376,2.1426643999999997]];tbs:lrf:!1m4!1u3!2m2!3m1!1e1!1m4!1u2!2m2!2m1!1e1!2m1!1e2!2m1!1e3!3sIAE,lf:1,lf_ui:2\" target=\"_blank\" rel=\"noopener\">Ecole de Voile.<\/a><\/p>\n<p><strong>Communication et paiement du montant restant:<\/strong><\/p>\n<ul>\n<li><strong>Confirmation<\/strong>: Pour confirmer la r\u00e9servation d\u2019une activit\u00e9 nautique sur le site Web, l\u2019utilisateur\/trice devra effectuer un paiement \u00e9tabli au moment de la r\u00e9servation ou lors de la r\u00e9ception de la confirmation de disponibilit\u00e9. Aucune r\u00e9servation ne sera accept\u00e9e sans le paiement correspondant. <strong>Le reste du paiement, le cas \u00e9ch\u00e9ant, devra \u00eatre r\u00e9gl\u00e9 15 jours avant le d\u00e9but du service contract\u00e9<\/strong>, \u00e0 l\u2019exception des r\u00e9servations de 4 semaines ou plus, qui devront \u00eatre sold\u00e9es le 1\/6 de l\u2019ann\u00e9e en cours. En cas de non\u2011r\u00e9ception du paiement dans ce d\u00e9lai, la r\u00e9servation de l\u2019activit\u00e9 sera annul\u00e9e sans droit de r\u00e9clamation de la part de l\u2019utilisateur\/trice concernant l\u2019acompte vers\u00e9. Les donn\u00e9es fournies par l\u2019utilisateur\/trice doivent \u00eatre valides. Avant le d\u00e9but de l\u2019activit\u00e9, une v\u00e9rification des informations fournies pourra \u00eatre demand\u00e9e. Si celles\u2011ci ne co\u00efncident pas ou si l\u2019utilisateur\/trice ne peut pas s\u2019identifier, l\u2019acc\u00e8s au service pourra \u00eatre refus\u00e9.<\/li>\n<li><strong>Facture pro forma: <\/strong>Jusqu\u2019\u00e0 7 jours apr\u00e8s la r\u00e9servation, vous recevrez un second courriel avec la facture pro forma et les remises appliqu\u00e9es (le cas \u00e9ch\u00e9ant).<\/li>\n<li><strong>Rappel: <\/strong>15 jours avant le d\u00e9but de l\u2019activit\u00e9, vous recevrez un courriel de rappel avec les informations compl\u00e9mentaires.<\/li>\n<\/ul>\n<p><strong>M\u00e9thodes de paiement disponibles:<\/strong><\/p>\n<ul>\n<li>En esp\u00e8ces ou par carte \u00e0 l&rsquo;office de l&rsquo;\u00c9cole de Voile.<\/li>\n<li>Via le site web en utilisant ce <a href=\"https:\/\/nauticescala.com\/fr\/formulaire-paiement-generique\/\" target=\"_blank\" rel=\"noopener\">lien<\/a> &#8211; Vous devez indiquer le nom et le pr\u00e9nom de l&rsquo;\u00e9l\u00e8ve et dans la description, le num\u00e9ro de la facture proforma.<\/li>\n<li>Les membres du Club peuvent demander que le reste du paiement soit r\u00e9gl\u00e9 par pr\u00e9l\u00e8vement bancaire.<\/li>\n<\/ul>\n<p><strong>Changements et remboursements<\/strong><\/p>\n<ul>\n<li><a href=\"https:\/\/nauticescala.com\/fr\/termes-et-conditions\/\" target=\"_blank\" rel=\"noopener\"><strong>Consultez l\u2019int\u00e9gralit\u00e9 des termes et conditions.<\/strong><\/a><\/li>\n<\/ul>\n<p><strong>Documentation d&rsquo;int\u00e9r\u00eat:<\/strong><\/p>\n<ul>\n<li><a href=\"https:\/\/nauticescala.com\/wp-content\/uploads\/2023\/11\/NIVELL-BASIC-ALUMNE_CN-LESCALA.pdf\" target=\"_blank\" rel=\"noopener\">Contenus de niveau d\u00e9butant en voile<\/a><\/li>\n<li><a href=\"https:\/\/nauticescala.com\/wp-content\/uploads\/2023\/11\/NIVELL-MITJA-ALUMNE_CN-LESCALA.pdf\" target=\"_blank\" rel=\"noopener\">Contenus de niveau moyen en voile<\/a><\/li>\n<li><a href=\"https:\/\/nauticescala.com\/wp-content\/uploads\/2025\/06\/Terminologia-rem-i-esports-nautics-en-catala.pdf\" target=\"_blank\" rel=\"noopener\">Terminologie de l&rsquo;aviron et des sports nautiques en catal\u00e0n<\/a><\/li>\n<li><a href=\"https:\/\/www.youtube.com\/watch?v=C63nTTQEi5c\">Comment laisser une embarcation correctement amarr\u00e9e<\/a><\/li>\n<li><a href=\"https:\/\/www.youtube.com\/watch?v=RgkH-5TRbo0\">Comment pr\u00e9parer votre embarcation pour la navigation<\/a><\/li>\n<li><a href=\"https:\/\/www.youtube.com\/watch?v=sxU_VFpj3ls&amp;list=PLgHmT3_brSz0pbylfq93nLjhRQImhzBOR\">Vid\u00e9os de formation en voile, aviron et croisi\u00e8re<\/a><\/li>\n<li><strong>Mat\u00e9riel<\/strong>\u00a0<strong>recommand\u00e9:<\/strong> V\u00eatements de sport pouvant \u00eatre mouill\u00e9s et une tenue de rechange, cr\u00e8me solaire appliqu\u00e9e depuis la maison, gourde d&rsquo;eau, serviette, chaussures pouvant \u00eatre mouill\u00e9es, casquette, lunettes de soleil (si vous en avez) et\u00a0une pi\u00e8ce de 1\u202f\u20ac pour utiliser les casiers des vestiaires.<\/li>\n<\/ul>\n<p><strong>Photos:<\/strong><\/p>\n<ul>\n<li><a href=\"https:\/\/www.flickr.com\/photos\/nauticescala\/albums\/72157697935666444\" target=\"_blank\" rel=\"noopener\">Voile L\u00e9g\u00e8re<\/a><\/li>\n<li><a href=\"https:\/\/www.flickr.com\/photos\/nauticescala\/albums\/72157703243843302\" target=\"_blank\" rel=\"noopener\">Voile Croisi\u00e8re<\/a><\/li>\n<li><a href=\"https:\/\/www.flickr.com\/photos\/nauticescala\/albums\/72157718274311582\/\" target=\"_blank\" rel=\"noopener\">Aviron de mer<\/a><\/li>\n<\/ul>\n<h3>Merci beaucoup! Nous vous attendons au Club N\u00e0utic l&rsquo;Escala. Nous allons nous amuser!<\/h3>\n<p><strong>L\u2019\u00e9quipe de monitrices et moniteurs<\/strong><\/p>\n<p>T\u00e9l\u00e9phone : +34 972 776 949<br \/>\nLocalisation : <a href=\"https:\/\/www.google.es\/maps\/place\/Club+N%C3%A0utic+L'Escala\/@42.1164579,3.147803,15z\/data=!4m2!3m1!1s0x0:0x9648818212c4721c\" target=\"_blank\" rel=\"noopener\">Google Maps<\/a><\/p>\n\n\t\t\t\t\t\t\t<\/div><!-- end block -->\n\t\t\t<\/div><!-- end container -->\n<\/section><!-- end title-section -->\n","protected":false},"excerpt":{"rendered":"","protected":false},"author":15,"featured_media":0,"parent":0,"menu_order":0,"comment_status":"closed","ping_status":"closed","template":"","meta":{"_acf_changed":false,"_monsterinsights_skip_tracking":false,"_monsterinsights_sitenote_active":false,"_monsterinsights_sitenote_note":"","_monsterinsights_sitenote_category":0,"footnotes":""},"class_list":["post-60603","page","type-page","status-publish","hentry"],"acf":[],"yoast_head":"<!-- This site is optimized with the Yoast SEO Premium plugin v20.7 (Yoast SEO v27.3) - https:\/\/yoast.com\/product\/yoast-seo-premium-wordpress\/ -->\n<title>FAQS - ACTIVITES &#8211; Club N\u00e0utic L\u2019Escala<\/title>\n<meta name=\"robots\" content=\"index, follow, max-snippet:-1, max-image-preview:large, max-video-preview:-1\" \/>\n<link rel=\"canonical\" href=\"https:\/\/nauticescala.com\/fr\/faqs-activites\/\" \/>\n<meta property=\"og:locale\" content=\"fr_FR\" \/>\n<meta property=\"og:type\" content=\"article\" \/>\n<meta property=\"og:title\" content=\"FAQS - ACTIVITES\" \/>\n<meta property=\"og:url\" content=\"https:\/\/nauticescala.com\/fr\/faqs-activites\/\" \/>\n<meta property=\"og:site_name\" content=\"Club N\u00e0utic L\u2019Escala\" \/>\n<meta property=\"article:modified_time\" content=\"2026-03-30T11:11:43+00:00\" \/>\n<meta name=\"twitter:card\" content=\"summary_large_image\" \/>\n<meta name=\"twitter:label1\" content=\"Dur\u00e9e de lecture estim\u00e9e\" \/>\n\t<meta name=\"twitter:data1\" content=\"3 minutes\" \/>\n<script type=\"application\/ld+json\" class=\"yoast-schema-graph\">{\"@context\":\"https:\\\/\\\/schema.org\",\"@graph\":[{\"@type\":\"WebPage\",\"@id\":\"https:\\\/\\\/nauticescala.com\\\/fr\\\/faqs-activites\\\/\",\"url\":\"https:\\\/\\\/nauticescala.com\\\/fr\\\/faqs-activites\\\/\",\"name\":\"FAQS - ACTIVITES &#8211; Club N\u00e0utic L\u2019Escala\",\"isPartOf\":{\"@id\":\"https:\\\/\\\/nauticescala.com\\\/#website\"},\"datePublished\":\"2024-01-31T09:34:21+00:00\",\"dateModified\":\"2026-03-30T11:11:43+00:00\",\"breadcrumb\":{\"@id\":\"https:\\\/\\\/nauticescala.com\\\/fr\\\/faqs-activites\\\/#breadcrumb\"},\"inLanguage\":\"fr-FR\",\"potentialAction\":[{\"@type\":\"ReadAction\",\"target\":[\"https:\\\/\\\/nauticescala.com\\\/fr\\\/faqs-activites\\\/\"]}]},{\"@type\":\"BreadcrumbList\",\"@id\":\"https:\\\/\\\/nauticescala.com\\\/fr\\\/faqs-activites\\\/#breadcrumb\",\"itemListElement\":[{\"@type\":\"ListItem\",\"position\":1,\"name\":\"Home\",\"item\":\"https:\\\/\\\/nauticescala.com\\\/fr\\\/\"},{\"@type\":\"ListItem\",\"position\":2,\"name\":\"FAQS &#8211; ACTIVITES\"}]},{\"@type\":\"WebSite\",\"@id\":\"https:\\\/\\\/nauticescala.com\\\/#website\",\"url\":\"https:\\\/\\\/nauticescala.com\\\/\",\"name\":\"Club N\u00e0utic L\u2019Escala\",\"description\":\"Port esportiu a la Costa Brava\",\"potentialAction\":[{\"@type\":\"SearchAction\",\"target\":{\"@type\":\"EntryPoint\",\"urlTemplate\":\"https:\\\/\\\/nauticescala.com\\\/?s={search_term_string}\"},\"query-input\":{\"@type\":\"PropertyValueSpecification\",\"valueRequired\":true,\"valueName\":\"search_term_string\"}}],\"inLanguage\":\"fr-FR\"}]}<\/script>\n<!-- \/ Yoast SEO Premium plugin. -->","yoast_head_json":{"title":"FAQS - ACTIVITES &#8211; Club N\u00e0utic L\u2019Escala","robots":{"index":"index","follow":"follow","max-snippet":"max-snippet:-1","max-image-preview":"max-image-preview:large","max-video-preview":"max-video-preview:-1"},"canonical":"https:\/\/nauticescala.com\/fr\/faqs-activites\/","og_locale":"fr_FR","og_type":"article","og_title":"FAQS - ACTIVITES","og_url":"https:\/\/nauticescala.com\/fr\/faqs-activites\/","og_site_name":"Club N\u00e0utic L\u2019Escala","article_modified_time":"2026-03-30T11:11:43+00:00","twitter_card":"summary_large_image","twitter_misc":{"Dur\u00e9e de lecture estim\u00e9e":"3 minutes"},"schema":{"@context":"https:\/\/schema.org","@graph":[{"@type":"WebPage","@id":"https:\/\/nauticescala.com\/fr\/faqs-activites\/","url":"https:\/\/nauticescala.com\/fr\/faqs-activites\/","name":"FAQS - ACTIVITES &#8211; Club N\u00e0utic L\u2019Escala","isPartOf":{"@id":"https:\/\/nauticescala.com\/#website"},"datePublished":"2024-01-31T09:34:21+00:00","dateModified":"2026-03-30T11:11:43+00:00","breadcrumb":{"@id":"https:\/\/nauticescala.com\/fr\/faqs-activites\/#breadcrumb"},"inLanguage":"fr-FR","potentialAction":[{"@type":"ReadAction","target":["https:\/\/nauticescala.com\/fr\/faqs-activites\/"]}]},{"@type":"BreadcrumbList","@id":"https:\/\/nauticescala.com\/fr\/faqs-activites\/#breadcrumb","itemListElement":[{"@type":"ListItem","position":1,"name":"Home","item":"https:\/\/nauticescala.com\/fr\/"},{"@type":"ListItem","position":2,"name":"FAQS &#8211; ACTIVITES"}]},{"@type":"WebSite","@id":"https:\/\/nauticescala.com\/#website","url":"https:\/\/nauticescala.com\/","name":"Club N\u00e0utic L\u2019Escala","description":"Port esportiu a la Costa Brava","potentialAction":[{"@type":"SearchAction","target":{"@type":"EntryPoint","urlTemplate":"https:\/\/nauticescala.com\/?s={search_term_string}"},"query-input":{"@type":"PropertyValueSpecification","valueRequired":true,"valueName":"search_term_string"}}],"inLanguage":"fr-FR"}]}},"_links":{"self":[{"href":"https:\/\/nauticescala.com\/fr\/wp-json\/wp\/v2\/pages\/60603","targetHints":{"allow":["GET"]}}],"collection":[{"href":"https:\/\/nauticescala.com\/fr\/wp-json\/wp\/v2\/pages"}],"about":[{"href":"https:\/\/nauticescala.com\/fr\/wp-json\/wp\/v2\/types\/page"}],"author":[{"embeddable":true,"href":"https:\/\/nauticescala.com\/fr\/wp-json\/wp\/v2\/users\/15"}],"replies":[{"embeddable":true,"href":"https:\/\/nauticescala.com\/fr\/wp-json\/wp\/v2\/comments?post=60603"}],"version-history":[{"count":8,"href":"https:\/\/nauticescala.com\/fr\/wp-json\/wp\/v2\/pages\/60603\/revisions"}],"predecessor-version":[{"id":98505,"href":"https:\/\/nauticescala.com\/fr\/wp-json\/wp\/v2\/pages\/60603\/revisions\/98505"}],"wp:attachment":[{"href":"https:\/\/nauticescala.com\/fr\/wp-json\/wp\/v2\/media?parent=60603"}],"curies":[{"name":"wp","href":"https:\/\/api.w.org\/{rel}","templated":true}]}}