 {"id":66942,"date":"2024-03-21T13:38:42","date_gmt":"2024-03-21T12:38:42","guid":{"rendered":"https:\/\/nauticescala.com\/?page_id=66942&#038;preview_id=66942"},"modified":"2026-04-02T10:44:28","modified_gmt":"2026-04-02T08:44:28","slug":"informations-arrivee-depart","status":"publish","type":"page","link":"https:\/\/nauticescala.com\/fr\/informations-arrivee-depart\/","title":{"rendered":"Informations sur l&rsquo;arriv\u00e9e et le d\u00e9part du port"},"content":{"rendered":"\t\n\t<section class=\"title-section d-md-block\">\n\t\t<div class=\"container\">\n\t\t\t\t\n\t\t\t\t<h1>Informations sur l&rsquo;arriv\u00e9e et le d\u00e9part du port<\/h1>\n\t\t\t\t\t\t\t\n\t\t\t\t<p>D\u00e9couvrez tout ce que vous devez savoir pour pr\u00e9parer et profiter au mieux de votre s\u00e9jour au Club !<\/p>\n\t\t\t\t\t<\/div><!-- end container -->\n\t<\/section><!-- end title-section -->\n<section class=\"article-section\"><div class=\"container\">\n\n<\/div><\/section>\t<div class=\"visual-area\">\n\t\t<figure class=\"visual-banner\">\n\t\t\t<div class=\"image\">\n\t\t\t\t<img decoding=\"async\" src=\"https:\/\/nauticescala.com\/wp-content\/uploads\/2024\/03\/2022-nauticescala-c-poseidrone-aeries-marina-47.jpg\" alt=\"\" \/>\n\t\t\t<\/div><!-- end image -->\n\t\t\t<div class=\"bg-image bg-img primary-gradient\">\n\t\t\t\t<img decoding=\"async\" src=\"https:\/\/nauticescala.com\/wp-content\/uploads\/2024\/03\/2022-nauticescala-c-poseidrone-aeries-marina-47.jpg\" alt=\"\" \/>\n\t\t\t<\/div><!-- end bg-image -->\n\t\t<\/figure><!-- end visual-banner -->\n\t<\/div><!-- end visual-area -->\n<section class=\"article-section\"><div class=\"container\">\n\n<\/div><\/section>\n        <div class=\"intro-area-holder\">\n            <h3>D\u00e9tails du port:<\/h3>\n<ul>\n<li>945 anneaux.<\/li>\n<li>Longueur maximale : 22 m.<\/li>\n<li>Largeur maximale : 6 m.<\/li>\n<li>Tirant d\u2019eau maximum : 3.5 m.<\/li>\n<li>Quai de la station-service : 60 m.<\/li>\n<li>Canal VHF 9 24 h.<\/li>\n<li>T\u00e9l\u00e9phone 24 h : +34 972 770 016.<\/li>\n<li>Coordonn\u00e9es GPS : 42\u00ba 07\u2032 N \/ 3\u00ba 08,6\u2032 E<\/li>\n<li>Adresse : Port la Clota s\/n, 17130 L\u2019Escala \u2013 Girona<\/li>\n<\/ul>\n<h3>Avant d&rsquo;arriver<\/h3>\n<p><strong>R\u00e9servez votre anneau<\/strong> \u00e0 l&rsquo;avance pour garantir la place d&rsquo;amarrage via :<\/p>\n<ul>\n<li><a href=\"https:\/\/nauticescala.com\/fr\/reservez-votre-amarrage-sur-la-costa-brava\/\">Site web du Club<\/a><\/li>\n<li>Email : <a href=\"mailto:club@nauticescala.com\">club@nauticescala.com<\/a><\/li>\n<li>T\u00e9l\u00e9phone : (+34) 972 77 00 16<\/li>\n<\/ul>\n<p><strong>Horaires :<\/strong><\/p>\n<ul>\n<li><strong>Check-in :<\/strong> \u00e0 partir de 13h00.<\/li>\n<li><strong>Check-out :<\/strong> avant 12h00.<\/li>\n<\/ul>\n<h3>\u00c0 votre arriv\u00e9e<\/h3>\n<ul>\n<li><strong>Contact et assistance :<\/strong> appelez le Service \u00e0 Terre du Club sur le canal VHF 9 pour conna\u00eetre l&#8217;emplacement de votre anneau et obtenir de l&rsquo;aide pour amarrer.<\/li>\n<li><strong>Formalit\u00e9s :<\/strong> Remplissez le registre d&rsquo;entr\u00e9e et fournissez les documents du bateau. Pr\u00e9sentez votre pi\u00e8ce d&rsquo;identit\u00e9 et celles de l&rsquo;\u00e9quipage \u00e0 la Capitainerie du Club pour formaliser le check-in.<\/li>\n<li><strong>Activit\u00e9s et services :<\/strong> Profitez des <a href=\"https:\/\/nauticescala.com\/fr\/port-sur-la-costa-brava\/\">services portuaires<\/a>, de mobilit\u00e9 (transport interne, voiture de courtoisie, location de v\u00e9los et de voitures) et des <a href=\"https:\/\/nauticescala.com\/fr\/activites-nautiques-sur-la-costa-brava\/\">activit\u00e9s nautiques<\/a> du Club. Demandez plus d&rsquo;informations \u00e0 la Capitainerie du Club.<\/li>\n<\/ul>\n<h3>\u00c0 votre d\u00e9part<\/h3>\n<p><strong>D\u00e9part :<\/strong> Contactez le Service \u00e0 Terre sur le canal VHF 9 en cas de besoin d&rsquo;assistance.<\/p>\n<p><strong>Arriv\u00e9e anticip\u00e9e\/d\u00e9part tardif<\/strong><\/p>\n<ul>\n<li><strong>Horaires sp\u00e9ciaux :<\/strong> Contactez la Capitainerie du Club si vous arrivez avant 13h00 ou si vous partez apr\u00e8s 12h00. Nous ferons de notre mieux pour nous adapter, selon les disponibilit\u00e9s.<\/li>\n<\/ul>\n<p><strong>Politique de changements et d&rsquo;annulations<\/strong><\/p>\n<ul>\n<li><strong>R\u00e9servation et paiement :<\/strong> Pour confirmer votre r\u00e9servation d&rsquo;amarrage, vous devez effectuer un paiement anticip\u00e9 une fois la disponibilit\u00e9 confirm\u00e9e par le Club. Le reste devra \u00eatre pay\u00e9 \u00e0 la Capitainerie du Club lors de la formalisation du Check-in.<\/li>\n<li><strong>Donn\u00e9es n\u00e9cessaires :<\/strong> Les donn\u00e9es de l&rsquo;utilisateur et\/ou du bateau fournies doivent \u00eatre valides. Avant le d\u00e9but du service, l&rsquo;utilisateur peut \u00eatre invit\u00e9 \u00e0 fournir une accr\u00e9ditation de ces donn\u00e9es. Si elles ne correspondent pas ou si l&rsquo;utilisateur ne s&rsquo;identifie pas, l&rsquo;acc\u00e8s au service peut \u00eatre refus\u00e9.<\/li>\n<li><strong>Annulation :<\/strong> En cas d&rsquo;annulation de la r\u00e9servation de l&rsquo;anneau pour les bateaux en transit ou avec des s\u00e9jours de moins d&rsquo;un mois, 50% du paiement anticip\u00e9 sera rembours\u00e9, \u00e0 condition que l&rsquo;annulation se produise plus de 48 heures avant le d\u00e9but du service contract\u00e9.<\/li>\n<li><strong>Politique de r\u00e9servation :<\/strong> Pour plus d&rsquo;informations, consultez notre <a href=\"https:\/\/nauticescala.com\/fr\/termes-et-conditions\/\">politique d&rsquo;annulation\/modification<\/a>.<\/li>\n<\/ul>\n        <\/div><!-- end intro-area-holder -->\n\n\n<section class=\"article-section\"><div class=\"container\">\n\n<\/div><\/section>\n    \n        <div class=\"btn-box\">\n            <a href=\"https:\/\/nauticescala.com\/fr\/port-sur-la-costa-brava\/plan-du-port\/\" target=\"_self\" class=\"btn btn-primary\">Consultez le plan du port!<\/a>\n\n        \n        \n\n<\/div><!-- end btn-box -->\n\n   \n<section class=\"article-section\"><div class=\"container\">\n\n<\/div><\/section><section class=\"slideshow\">\n\t\t\t<header class=\"slideshow-heading\">\n\t\t\t<div class=\"container\">\n\t\t\t\t<h2>Tous les services dont vous avez besoin pour profiter de la Costa Brava depuis la mer<\/h2>\n\t\t\t<\/div><!-- end container -->\n\t\t<\/header><!-- end slideshow-heading -->\n\t\n\t\t\t<div class=\"slideshow-body\">\n\t\t\t<div class=\"slides\">\n\t\t\t\t\t\t\t\t\t\t\t\t\t\t\t<div class=\"slide\">\n\t\t\t\t\t\t\t<div class=\"container\">\n\t\t\t\t\t\t\t\t<figure class=\"image primary-gradient\">\n\t\t\t\t\t\t\t\t\t<img decoding=\"async\" src=\"https:\/\/nauticescala.com\/wp-content\/uploads\/2024\/03\/2022-nauticescala-c-poseidrone-aeries-marina-35.jpg\" alt=\"2022-nauticescala-c_Poseidrone-Aeries-port5\" \/>\n\t\t\t\t\t\t\t\t<\/figure><!-- end image -->\n\t\t\t\t\t\t\t<\/div><!-- end container -->\n\t\t\t\t\t\t<\/div><!-- end slide -->\n\t\t\t\t\t\t\t\t\t\t\t\t\t\t\t\t\t\t\t\t<div class=\"slide\">\n\t\t\t\t\t\t\t<div class=\"container\">\n\t\t\t\t\t\t\t\t<figure class=\"image primary-gradient\">\n\t\t\t\t\t\t\t\t\t<img decoding=\"async\" src=\"https:\/\/nauticescala.com\/wp-content\/uploads\/2024\/03\/2023-nauticescala-marina-34.jpg\" alt=\"\" \/>\n\t\t\t\t\t\t\t\t<\/figure><!-- end image -->\n\t\t\t\t\t\t\t<\/div><!-- end container -->\n\t\t\t\t\t\t<\/div><!-- end slide -->\n\t\t\t\t\t\t\t\t\t\t\t\t\t\t\t\t\t\t\t\t<div class=\"slide\">\n\t\t\t\t\t\t\t<div class=\"container\">\n\t\t\t\t\t\t\t\t<figure class=\"image primary-gradient\">\n\t\t\t\t\t\t\t\t\t<img decoding=\"async\" src=\"https:\/\/nauticescala.com\/wp-content\/uploads\/2024\/03\/2024-nauticescala-3.jpg\" alt=\"\" \/>\n\t\t\t\t\t\t\t\t<\/figure><!-- end image -->\n\t\t\t\t\t\t\t<\/div><!-- end container -->\n\t\t\t\t\t\t<\/div><!-- end slide -->\n\t\t\t\t\t\t\t\t\t\t\t\t\t\t\t\t\t\t\t\t<div class=\"slide\">\n\t\t\t\t\t\t\t<div class=\"container\">\n\t\t\t\t\t\t\t\t<figure class=\"image primary-gradient\">\n\t\t\t\t\t\t\t\t\t<img decoding=\"async\" src=\"https:\/\/nauticescala.com\/wp-content\/uploads\/2024\/03\/2023-nauticescala-oficines-port.jpg\" alt=\"\" \/>\n\t\t\t\t\t\t\t\t<\/figure><!-- end image -->\n\t\t\t\t\t\t\t<\/div><!-- end container -->\n\t\t\t\t\t\t<\/div><!-- end slide -->\n\t\t\t\t\t\t\t\t\t\t\t\t\t\t\t\t\t\t\t\t<div class=\"slide\">\n\t\t\t\t\t\t\t<div class=\"container\">\n\t\t\t\t\t\t\t\t<figure class=\"image primary-gradient\">\n\t\t\t\t\t\t\t\t\t<img decoding=\"async\" src=\"https:\/\/nauticescala.com\/wp-content\/uploads\/2024\/03\/2023-nauticescala-port-45.jpg\" alt=\"\" \/>\n\t\t\t\t\t\t\t\t<\/figure><!-- end image -->\n\t\t\t\t\t\t\t<\/div><!-- end container -->\n\t\t\t\t\t\t<\/div><!-- end slide -->\n\t\t\t\t\t\t\t\t\t\t\t\t\t\t\t\t\t\t\t\t<div class=\"slide\">\n\t\t\t\t\t\t\t<div class=\"container\">\n\t\t\t\t\t\t\t\t<figure class=\"image primary-gradient\">\n\t\t\t\t\t\t\t\t\t<img decoding=\"async\" src=\"https:\/\/nauticescala.com\/wp-content\/uploads\/2024\/03\/2023-nauticescala-marina-28.jpg\" alt=\"\" \/>\n\t\t\t\t\t\t\t\t<\/figure><!-- end image -->\n\t\t\t\t\t\t\t<\/div><!-- end container -->\n\t\t\t\t\t\t<\/div><!-- end slide -->\n\t\t\t\t\t\t\t\t\t\t\t\t\t\t\t\t\t\t\t\t<div class=\"slide\">\n\t\t\t\t\t\t\t<div class=\"container\">\n\t\t\t\t\t\t\t\t<figure class=\"image primary-gradient\">\n\t\t\t\t\t\t\t\t\t<img decoding=\"async\" src=\"https:\/\/nauticescala.com\/wp-content\/uploads\/2024\/03\/2023-nauticescala-port-23.jpg\" alt=\"\" \/>\n\t\t\t\t\t\t\t\t<\/figure><!-- end image -->\n\t\t\t\t\t\t\t<\/div><!-- end container -->\n\t\t\t\t\t\t<\/div><!-- end slide -->\n\t\t\t\t\t\t\t\t\t\t\t\t\t\t\t\t\t\t\t\t<div class=\"slide\">\n\t\t\t\t\t\t\t<div class=\"container\">\n\t\t\t\t\t\t\t\t<figure class=\"image primary-gradient\">\n\t\t\t\t\t\t\t\t\t<img decoding=\"async\" src=\"https:\/\/nauticescala.com\/wp-content\/uploads\/2024\/03\/2017-nauticescala-aeries-costa-brava-port-1.jpg\" alt=\"2017-nauticescala-Aeries-Port (1)\" \/>\n\t\t\t\t\t\t\t\t<\/figure><!-- end image -->\n\t\t\t\t\t\t\t<\/div><!-- end container -->\n\t\t\t\t\t\t<\/div><!-- end slide -->\n\t\t\t\t\t\t\t\t\t\t\t\t\t\t\t\t\t\t\t\t<div class=\"slide\">\n\t\t\t\t\t\t\t<div class=\"container\">\n\t\t\t\t\t\t\t\t<figure class=\"image primary-gradient\">\n\t\t\t\t\t\t\t\t\t<img decoding=\"async\" src=\"https:\/\/nauticescala.com\/wp-content\/uploads\/2024\/03\/2022-nauticescala-c-poseidrone-aeries-marina-11.jpg\" alt=\"2022-nauticescala-c_Poseidrone-Aeries-port-11\" \/>\n\t\t\t\t\t\t\t\t<\/figure><!-- end image -->\n\t\t\t\t\t\t\t<\/div><!-- end container -->\n\t\t\t\t\t\t<\/div><!-- end slide -->\n\t\t\t\t\t\t\t\t\t\t\t\t\t\t\t\t\t\t\t\t<div class=\"slide\">\n\t\t\t\t\t\t\t<div class=\"container\">\n\t\t\t\t\t\t\t\t<figure class=\"image primary-gradient\">\n\t\t\t\t\t\t\t\t\t<img decoding=\"async\" src=\"https:\/\/nauticescala.com\/wp-content\/uploads\/2024\/03\/2022-nauticescala-marina-90.jpg\" alt=\"\" \/>\n\t\t\t\t\t\t\t\t<\/figure><!-- end image -->\n\t\t\t\t\t\t\t<\/div><!-- end container -->\n\t\t\t\t\t\t<\/div><!-- end slide -->\n\t\t\t\t\t\t\t\t\t\t\t\t<\/div><!-- end slides -->\n\t\t<\/div><!-- end slideshow-body -->\n\t<\/section><!-- end slideshow -->\n","protected":false},"excerpt":{"rendered":"","protected":false},"author":4,"featured_media":0,"parent":0,"menu_order":0,"comment_status":"closed","ping_status":"closed","template":"","meta":{"_acf_changed":false,"_monsterinsights_skip_tracking":false,"_monsterinsights_sitenote_active":false,"_monsterinsights_sitenote_note":"","_monsterinsights_sitenote_category":0,"footnotes":""},"class_list":["post-66942","page","type-page","status-publish","hentry"],"acf":[],"yoast_head":"<!-- This site is optimized with the Yoast SEO Premium plugin v20.7 (Yoast SEO v27.4) - https:\/\/yoast.com\/product\/yoast-seo-premium-wordpress\/ -->\n<title>Informations sur l&#039;arriv\u00e9e et le d\u00e9part du port &#8211; Club N\u00e0utic L\u2019Escala<\/title>\n<meta name=\"description\" content=\"D\u00e9couvrez toute les informations sur l&#039;arriv\u00e9 et le d\u00e9part que vous devez savoir pour pr\u00e9parer et profiter au mieux de votre s\u00e9jour au Club !\" \/>\n<meta name=\"robots\" content=\"index, follow, max-snippet:-1, max-image-preview:large, max-video-preview:-1\" \/>\n<link rel=\"canonical\" href=\"https:\/\/nauticescala.com\/fr\/informations-arrivee-depart\/\" \/>\n<meta property=\"og:locale\" content=\"fr_FR\" \/>\n<meta property=\"og:type\" content=\"article\" \/>\n<meta property=\"og:title\" content=\"Informations sur l&#039;arriv\u00e9e et le d\u00e9part du port\" \/>\n<meta property=\"og:description\" content=\"D\u00e9couvrez toute les informations sur l&#039;arriv\u00e9 et le d\u00e9part que vous devez savoir pour pr\u00e9parer et profiter au mieux de votre s\u00e9jour au Club !\" \/>\n<meta property=\"og:url\" content=\"https:\/\/nauticescala.com\/fr\/informations-arrivee-depart\/\" \/>\n<meta property=\"og:site_name\" content=\"Club N\u00e0utic L\u2019Escala\" \/>\n<meta property=\"article:modified_time\" content=\"2026-04-02T08:44:28+00:00\" \/>\n<meta name=\"twitter:card\" content=\"summary_large_image\" \/>\n<meta name=\"twitter:label1\" content=\"Dur\u00e9e de lecture estim\u00e9e\" \/>\n\t<meta name=\"twitter:data1\" content=\"3 minutes\" \/>\n<script type=\"application\/ld+json\" class=\"yoast-schema-graph\">{\"@context\":\"https:\\\/\\\/schema.org\",\"@graph\":[{\"@type\":\"WebPage\",\"@id\":\"https:\\\/\\\/nauticescala.com\\\/fr\\\/informations-arrivee-depart\\\/\",\"url\":\"https:\\\/\\\/nauticescala.com\\\/fr\\\/informations-arrivee-depart\\\/\",\"name\":\"Informations sur l'arriv\u00e9e et le d\u00e9part du port &#8211; Club N\u00e0utic L\u2019Escala\",\"isPartOf\":{\"@id\":\"https:\\\/\\\/nauticescala.com\\\/#website\"},\"datePublished\":\"2024-03-21T12:38:42+00:00\",\"dateModified\":\"2026-04-02T08:44:28+00:00\",\"description\":\"D\u00e9couvrez toute les informations sur l'arriv\u00e9 et le d\u00e9part que vous devez savoir pour pr\u00e9parer et profiter au mieux de votre s\u00e9jour au Club !\",\"breadcrumb\":{\"@id\":\"https:\\\/\\\/nauticescala.com\\\/fr\\\/informations-arrivee-depart\\\/#breadcrumb\"},\"inLanguage\":\"fr-FR\",\"potentialAction\":[{\"@type\":\"ReadAction\",\"target\":[\"https:\\\/\\\/nauticescala.com\\\/fr\\\/informations-arrivee-depart\\\/\"]}]},{\"@type\":\"BreadcrumbList\",\"@id\":\"https:\\\/\\\/nauticescala.com\\\/fr\\\/informations-arrivee-depart\\\/#breadcrumb\",\"itemListElement\":[{\"@type\":\"ListItem\",\"position\":1,\"name\":\"Home\",\"item\":\"https:\\\/\\\/nauticescala.com\\\/fr\\\/\"},{\"@type\":\"ListItem\",\"position\":2,\"name\":\"Informations sur l&#8217;arriv\u00e9e et le d\u00e9part du port\"}]},{\"@type\":\"WebSite\",\"@id\":\"https:\\\/\\\/nauticescala.com\\\/#website\",\"url\":\"https:\\\/\\\/nauticescala.com\\\/\",\"name\":\"Club N\u00e0utic L\u2019Escala\",\"description\":\"Port esportiu a la Costa Brava\",\"potentialAction\":[{\"@type\":\"SearchAction\",\"target\":{\"@type\":\"EntryPoint\",\"urlTemplate\":\"https:\\\/\\\/nauticescala.com\\\/?s={search_term_string}\"},\"query-input\":{\"@type\":\"PropertyValueSpecification\",\"valueRequired\":true,\"valueName\":\"search_term_string\"}}],\"inLanguage\":\"fr-FR\"}]}<\/script>\n<!-- \/ Yoast SEO Premium plugin. -->","yoast_head_json":{"title":"Informations sur l'arriv\u00e9e et le d\u00e9part du port &#8211; Club N\u00e0utic L\u2019Escala","description":"D\u00e9couvrez toute les informations sur l'arriv\u00e9 et le d\u00e9part que vous devez savoir pour pr\u00e9parer et profiter au mieux de votre s\u00e9jour au Club !","robots":{"index":"index","follow":"follow","max-snippet":"max-snippet:-1","max-image-preview":"max-image-preview:large","max-video-preview":"max-video-preview:-1"},"canonical":"https:\/\/nauticescala.com\/fr\/informations-arrivee-depart\/","og_locale":"fr_FR","og_type":"article","og_title":"Informations sur l'arriv\u00e9e et le d\u00e9part du port","og_description":"D\u00e9couvrez toute les informations sur l'arriv\u00e9 et le d\u00e9part que vous devez savoir pour pr\u00e9parer et profiter au mieux de votre s\u00e9jour au Club !","og_url":"https:\/\/nauticescala.com\/fr\/informations-arrivee-depart\/","og_site_name":"Club N\u00e0utic L\u2019Escala","article_modified_time":"2026-04-02T08:44:28+00:00","twitter_card":"summary_large_image","twitter_misc":{"Dur\u00e9e de lecture estim\u00e9e":"3 minutes"},"schema":{"@context":"https:\/\/schema.org","@graph":[{"@type":"WebPage","@id":"https:\/\/nauticescala.com\/fr\/informations-arrivee-depart\/","url":"https:\/\/nauticescala.com\/fr\/informations-arrivee-depart\/","name":"Informations sur l'arriv\u00e9e et le d\u00e9part du port &#8211; Club N\u00e0utic L\u2019Escala","isPartOf":{"@id":"https:\/\/nauticescala.com\/#website"},"datePublished":"2024-03-21T12:38:42+00:00","dateModified":"2026-04-02T08:44:28+00:00","description":"D\u00e9couvrez toute les informations sur l'arriv\u00e9 et le d\u00e9part que vous devez savoir pour pr\u00e9parer et profiter au mieux de votre s\u00e9jour au Club !","breadcrumb":{"@id":"https:\/\/nauticescala.com\/fr\/informations-arrivee-depart\/#breadcrumb"},"inLanguage":"fr-FR","potentialAction":[{"@type":"ReadAction","target":["https:\/\/nauticescala.com\/fr\/informations-arrivee-depart\/"]}]},{"@type":"BreadcrumbList","@id":"https:\/\/nauticescala.com\/fr\/informations-arrivee-depart\/#breadcrumb","itemListElement":[{"@type":"ListItem","position":1,"name":"Home","item":"https:\/\/nauticescala.com\/fr\/"},{"@type":"ListItem","position":2,"name":"Informations sur l&#8217;arriv\u00e9e et le d\u00e9part du port"}]},{"@type":"WebSite","@id":"https:\/\/nauticescala.com\/#website","url":"https:\/\/nauticescala.com\/","name":"Club N\u00e0utic L\u2019Escala","description":"Port esportiu a la Costa Brava","potentialAction":[{"@type":"SearchAction","target":{"@type":"EntryPoint","urlTemplate":"https:\/\/nauticescala.com\/?s={search_term_string}"},"query-input":{"@type":"PropertyValueSpecification","valueRequired":true,"valueName":"search_term_string"}}],"inLanguage":"fr-FR"}]}},"_links":{"self":[{"href":"https:\/\/nauticescala.com\/fr\/wp-json\/wp\/v2\/pages\/66942","targetHints":{"allow":["GET"]}}],"collection":[{"href":"https:\/\/nauticescala.com\/fr\/wp-json\/wp\/v2\/pages"}],"about":[{"href":"https:\/\/nauticescala.com\/fr\/wp-json\/wp\/v2\/types\/page"}],"author":[{"embeddable":true,"href":"https:\/\/nauticescala.com\/fr\/wp-json\/wp\/v2\/users\/4"}],"replies":[{"embeddable":true,"href":"https:\/\/nauticescala.com\/fr\/wp-json\/wp\/v2\/comments?post=66942"}],"version-history":[{"count":7,"href":"https:\/\/nauticescala.com\/fr\/wp-json\/wp\/v2\/pages\/66942\/revisions"}],"predecessor-version":[{"id":98856,"href":"https:\/\/nauticescala.com\/fr\/wp-json\/wp\/v2\/pages\/66942\/revisions\/98856"}],"wp:attachment":[{"href":"https:\/\/nauticescala.com\/fr\/wp-json\/wp\/v2\/media?parent=66942"}],"curies":[{"name":"wp","href":"https:\/\/api.w.org\/{rel}","templated":true}]}}