 {"id":7965,"date":"2019-11-29T16:04:10","date_gmt":"2019-11-29T15:04:10","guid":{"rendered":"http:\/\/nauticescala.com\/50-anys-dhistoria\/"},"modified":"2020-04-09T15:47:55","modified_gmt":"2020-04-09T13:47:55","slug":"50-ans-d-histoire","status":"publish","type":"page","link":"https:\/\/nauticescala.com\/fr\/club-nautique-sur-la-costa-brava\/50-ans-d-histoire\/","title":{"rendered":"50 ans d&rsquo;histoire"},"content":{"rendered":"<section class=\"title-section\">\n\t<div class=\"container\">\n\t\t\t\t\t<h1>Plus de 50 ans d&rsquo;histoire<\/h1>\n\t\t\n\t\t\t\t\t<p>Plus d&rsquo;un demi-si\u00e8cle de passion pour la mer<\/p>\n\t\t\n\t\t\t\t\t<div class=\"block\">\n\t\t\t\t<p>Le <strong>24 mai 1968<\/strong>, un groupe d&rsquo;amis a cr\u00e9\u00e9 le Club N\u00e0utic L&rsquo;Escala. <strong>Ils \u00e9taient unis par une passion commune, la mer<\/strong>, un maillon qui est encore aujourd&rsquo;hui le c\u0153ur de l&rsquo;entit\u00e9. Autour d\u2019elle, tout a eu le temps de changer &#8230; car 50 ans d&rsquo;histoire, c\u2019est un demi-si\u00e8cle.<\/p>\n<p>Le nombre initial d\u2019adh\u00e9rents de 92 d\u00e9passe aujourd\u2019hui les 700 et l&rsquo;infrastructure s\u2019est agrandie pour les accueillir dans les meilleures conditions possibles. Nous proposons de plus en plus de services et de meilleure qualit\u00e9 et nous avons diversifi\u00e9 l&rsquo;offre d&rsquo;activit\u00e9s.<\/p>\n<p>Tout cela, associ\u00e9 \u00e0 un calendrier complet d\u2019\u00e9v\u00e9nements sportifs, a rendu le Club <strong>un point de rencontre pour les amateurs de la mer et de nautisme sur la Costa Brava.<\/strong><\/p>\n\n\t\t\t\t\t\t\t<\/div><!-- end block -->\n\t\t\t<\/div><!-- end container -->\n<\/section><!-- end title-section -->\n<section class=\"article-section\"><div class=\"container\">\n\n<\/div><\/section>\t<div class=\"visual-area\">\n\t\t<figure class=\"visual-banner\">\n\t\t\t<div class=\"image\">\n\t\t\t\t<img decoding=\"async\" src=\"https:\/\/nauticescala.com\/wp-content\/uploads\/2020\/01\/2019-club-nautic-lescala-43.jpg\" alt=\"\" \/>\n\t\t\t<\/div><!-- end image -->\n\t\t\t<div class=\"bg-image bg-img primary-gradient\">\n\t\t\t\t<img decoding=\"async\" src=\"https:\/\/nauticescala.com\/wp-content\/uploads\/2020\/01\/2019-club-nautic-lescala-43.jpg\" alt=\"\" \/>\n\t\t\t<\/div><!-- end bg-image -->\n\t\t<\/figure><!-- end visual-banner -->\n\t<\/div><!-- end visual-area -->\n<section class=\"article-section\"><div class=\"container\">\n\n<\/div><\/section>\n        <div class=\"intro-area-holder\">\n            <h3>Le port et le sport sont les deux principaux piliers de la trajectoire du Club. Deux fa\u00e7ons d&rsquo;ouvrir la porte vers la mer et tout le bien-\u00eatre qu&rsquo;elle apporte. Deux axes autour duquel s\u2019articulent le pr\u00e9sent, le pass\u00e9 et l&rsquo;avenir du Club.<\/h3>\n        <\/div><!-- end intro-area-holder -->\n\n\n<section class=\"article-section\"><div class=\"container\">\n\n<\/div><\/section>\n                            <div class=\"accordion-block\">\n                    <div id=\"accordion\" class=\"accordion\">\n                                                                            <div class=\"card\">\n                                <div class=\"card-header\">\n                                    <h3>\n                                        <a href=\"#\" class=\"collapsed\" data-toggle=\"collapse\" data-target=\"#collapse-01\" aria-expanded=\"true\"><i class=\"ico-opener\">&nbsp;<\/i>Port<\/a>\n                                    <\/h3>\n                                <\/div><!-- end card-header -->\n                                <div id=\"collapse-01\" class=\"collapse\">\n                                                                    <div class=\"card-body\">\n\n                                        \n                                            \n                                                \n                                                    <h3>Plus d&rsquo;un demi-si\u00e8cle \u00e0 votre service<\/h3>\n<p>Au cours de ses plus de 50 ans d&rsquo;histoire, le Club s&rsquo;est d\u00e9velopp\u00e9 et modernis\u00e9 au fil du temps. Toujours avec un m\u00eame objectif : votre confort. Pour cette raison, l&rsquo;offre et la qualit\u00e9 de ses services ont toujours \u00e9t\u00e9 au centre des efforts d&rsquo;am\u00e9lioration continue du Club.<\/p>\n<p><strong>1969<\/strong> &#8211; Le Club est situ\u00e9 \u00e0 La Clota avec deux passerelles flottantes.<\/p>\n<p><strong>1981<\/strong> &#8211; Inauguration du bassin sportif. Le Club int\u00e8gre l&rsquo;Association des Ports de Plaisance et du Tourisme de la Catalogne (ACPET).<\/p>\n<p><strong>1994<\/strong> &#8211; Projet d&rsquo;ex\u00e9cution de l&rsquo;extension du bassin sportif de la Clota Petita. Prolongation de la concession portuaire jusqu&rsquo;en 2009.<\/p>\n<p><strong>1996<\/strong> &#8211; Premier Pavillon Bleu.<\/p>\n<p><strong>1999<\/strong> &#8211; Prolongation de la concession portuaire jusqu&rsquo;en 2029.<\/p>\n<p><strong>2001<\/strong> &#8211; Inauguration des nouvelles installations portuaires.<\/p>\n<p><strong>2004<\/strong> &#8211; Construction d&rsquo;une nouvelle station-service et d&rsquo;un ponton d&rsquo;attente de 70 m.<\/p>\n<p><strong>2005<\/strong> &#8211; Inauguration des nouvelles installations de l&rsquo;\u00e9cole de voile.<\/p>\n<p><strong>2007<\/strong> \u2013 Fin des travaux d\u2019am\u00e9lioration et d\u2019am\u00e9nagement de La Clota Petita.<\/p>\n<p><strong>2008<\/strong> &#8211; Obtention des premiers certificats ISO 9001 et 14001.<\/p>\n<p><strong>2009<\/strong> &#8211; Obtention du premier distinctif EMAS.<\/p>\n<p><strong>2010<\/strong> &#8211; Inauguration du nouveau si\u00e8ge du club.<\/p>\n<p><strong>2012<\/strong> &#8211; Inauguration de la nouvelle capitainerie du Club.<\/p>\n<p><strong>2013<\/strong> &#8211; Premier Club de Catalogne \u00e0 effectuer des r\u00e9servations en ligne de postes d\u2019amarrages.<\/p>\n\n                                                \n                                            \n                                        \n                                    <\/div><!-- end card-body -->\n                                <\/div><!-- end collapse -->\n                            <\/div><!-- end card -->\n                                                                                <div class=\"card\">\n                                <div class=\"card-header\">\n                                    <h3>\n                                        <a href=\"#\" class=\"collapsed\" data-toggle=\"collapse\" data-target=\"#collapse-02\" aria-expanded=\"true\"><i class=\"ico-opener\">&nbsp;<\/i>Sport<\/a>\n                                    <\/h3>\n                                <\/div><!-- end card-header -->\n                                <div id=\"collapse-02\" class=\"collapse\">\n                                                                    <div class=\"card-body\">\n\n                                        \n                                            \n                                                \n                                                    <h3>Plus de 50 ans de promotion des sports nautiques<\/h3>\n<p>Les sports nautiques sont la mission et l&rsquo;essence du Club. Nous promouvons le sport en devenant un lieu de rencontre pour toutes sortes de sports nautiques et en \u00e9tant \u00e9galement aux c\u00f4t\u00e9s de nos repr\u00e9sentants. Le fruit : plus de 50 ans de succ\u00e8s &#8230;<\/p>\n<p><strong>1969<\/strong> &#8211; Championnat de Catalogne de Snipe<\/p>\n<p><strong>1995<\/strong> &#8211; Reconnaissance de l&rsquo;\u00e9cole de voile comme centre d&rsquo;instruction sportive de la F\u00e9d\u00e9ration catalane de voile.<\/p>\n<p><strong>1999<\/strong> &#8211; I Master de l\u2019Escala du thon g\u00e9ant. Championnat de Catalogne d&rsquo;Europe.<\/p>\n<p><strong>2000<\/strong> &#8211; I Semaine catalane de voile au Club. Gerard Mar\u00edn &#8211; champion de Catalogne d&rsquo;Europe.<\/p>\n<p><strong>2001<\/strong> &#8211; Anna Sol\u00e9s &#8211; Meilleure jeune skipper d&rsquo;Espagne. Manolo Calavia &#8211; Champion du monde de classe A.<\/p>\n<p><strong>2002<\/strong> &#8211; I r\u00e9gate Interclubs Empord\u00e0. L\u2019Athena R\u00e9gate. Gerard Mar\u00edn &#8211; vice-champion du monde et champion d&rsquo;Espagne de classe Europe. Julie Garcia &#8211; Championne du monde Yngling, skipper ADO.<\/p>\n<p><strong>2004<\/strong> &#8211; Championnat d&rsquo;Europe Star. D\u00e9but de la voile pour scolaire.<\/p>\n<p><strong>2005<\/strong> &#8211; I R\u00e9gate L&rsquo;Escalagde.<\/p>\n<p><strong>2006<\/strong> &#8211; Championnat de Catalogne de Contr\u00f4le Radio, Championnat de Catalogne de classe Europe, test du Circuit National de Match Race et Championnat d&rsquo;Espagne de classe Europe. D\u00e9but du projet Base Mini (2006 2010)<\/p>\n<p><strong>2007<\/strong> &#8211; Championnat d&rsquo;Europe de classe Europe.<\/p>\n<p><strong>2008<\/strong> &#8211; I Mini Emp\u00faries.<\/p>\n<p><strong>2009<\/strong> &#8211; Championnat de Catalogne classe Mini, I Mini MED et I R\u00e9gate Open l&rsquo;Escala Accessible.<\/p>\n<p><strong>2010 <\/strong>&#8211; I R\u00e9gate Nieves Mar, I Coupe Comodor, Championnat d&rsquo;Espagne de la classe Mini &#8211; Mini Emp\u00faries et Coupe d&rsquo;Espagne de Voile Adapt\u00e9e.<\/p>\n<p><strong>2011<\/strong> &#8211; D\u00eddac Costa compl\u00e8te la Mini Transat. Championnat d&rsquo;Espagne de Voile Adapt\u00e9e.<\/p>\n<p><strong>2012<\/strong> &#8211; Championnat du monde de classe Europe. La Route Tramuntana arrive \u00e0 L&rsquo;Escala. S\u00edlvia Roca (Match Race) et Miquel \u00c0ngel G\u00f3mez (2,4 mR) font partie de l&rsquo;\u00e9quipe pr\u00e9olympique de voile.<\/p>\n<p><strong>2013<\/strong> &#8211; Championnat d&rsquo;Espagne de Voile Adapt\u00e9e.<\/p>\n<p><strong>2014<\/strong> &#8211; Championnat de Catalogne Laser Radial. S\u00edlvia Roca fait partie de l&rsquo;\u00e9quipe pr\u00e9olympique sur FX.<\/p>\n<p><strong>2015<\/strong> &#8211; Championnat de Catalogne Laser 4.7. Vicen\u00e7 Batlle, premier skipper du Club dans un mondial de Laser Master. Gerard Mar\u00edn et D\u00eddac Costa compl\u00e8tent avec succ\u00e8s la Barcelona World Race.<\/p>\n<p><strong>2016<\/strong> &#8211; Championnat d&rsquo;Espagne Laser Master. Jordi Carreras dirige le premier \u00e9quipage du Club sur le Barracuda Tour.<\/p>\n<p><strong>2017<\/strong> &#8211; D\u00eddac Costa est le premier skipper du Club et le deuxi\u00e8me espagnol \u00e0 terminer le Vend\u00e9e Globe. Championnat de Catalogne de Laser Radial.<\/p>\n\n                                                \n                                            \n                                        \n                                    <\/div><!-- end card-body -->\n                                <\/div><!-- end collapse -->\n                            <\/div><!-- end card -->\n                                                                                <div class=\"card\">\n                                <div class=\"card-header\">\n                                    <h3>\n                                        <a href=\"#\" class=\"collapsed\" data-toggle=\"collapse\" data-target=\"#collapse-03\" aria-expanded=\"true\"><i class=\"ico-opener\">&nbsp;<\/i>Social<\/a>\n                                    <\/h3>\n                                <\/div><!-- end card-header -->\n                                <div id=\"collapse-03\" class=\"collapse\">\n                                                                    <div class=\"card-body\">\n\n                                        \n                                            \n                                                \n                                                    <h3>Un Club de personnes pour les personnes<\/h3>\n<p>Depuis le d\u00e9but, le Club travaille pour \u00eatre un point de rencontre pour les adh\u00e9rents et les utilisateurs. Un lieu de rencontre, de pratique du sport et de partage de bons moments&#8230; Tout cela gr\u00e2ce \u00e0 la participation des adh\u00e9rents et des utilisateurs, mais aussi au travail de gens qui, au fil des ann\u00e9es, ont guid\u00e9 le Club vers de nouveaux horizons.<\/p>\n<p><strong>1968<\/strong> &#8211; Constitution du premier conseil administratif sous la pr\u00e9sidence de Josep Fresneda Revuelta.<\/p>\n<p><strong>1992<\/strong> &#8211; Valeri Ballester est \u00e9lu pr\u00e9sident du club.<\/p>\n<p><strong>1999<\/strong> &#8211; Javier Mart\u00ednez del Moral est \u00e9lu pr\u00e9sident.<\/p>\n<p><strong>1999<\/strong> &#8211; I Route des Anchois.<\/p>\n<p><strong>2003<\/strong> &#8211; I ligue Emporium de p\u00eache et la premi\u00e8re comp\u00e9tition de p\u00eache collective.<\/p>\n<p><strong>2005<\/strong> &#8211; Narc\u00eds Carreras Masafont entame son mandat de pr\u00e9sident.<\/p>\n<p><strong>2007<\/strong> &#8211; D\u00e9but du programme Voile pour tous. Deuxi\u00e8me cr\u00e9ation de l&rsquo;Institut de la Vela de la r\u00e9gion de G\u00e9rone.<\/p>\n<p><strong>2008 <\/strong>\u2013 40<sup>\u00e8me<\/sup> anniversaire.<\/p>\n<p><strong>2010<\/strong> &#8211; Raimon Roca, g\u00e9rant du club, est \u00e9lu vice-pr\u00e9sident de l&rsquo;ACPET.<\/p>\n<p><strong>2016<\/strong> &#8211; Raimon Roca, directeur g\u00e9rant g\u00e9n\u00e9ral du Club, est \u00e9lu au conseil consultatif de l&rsquo;Office du tourisme de la Costa Brava.<\/p>\n<p><strong>2018<\/strong> \u2013 50<sup>\u00e8me<\/sup> anniversaire du Club.<\/p>\n\n                                                \n                                            \n                                        \n                                    <\/div><!-- end card-body -->\n                                <\/div><!-- end collapse -->\n                            <\/div><!-- end card -->\n                                                                        <\/div><!-- end accordion -->\n                <\/div><!-- end accordion-block -->\n            \n<section class=\"article-section\"><div class=\"container\">\n\n<\/div><\/section><section class=\"intro-info\">\n    <div class=\"container\">\n        <div class=\"row row-xl-60\">\n            <div class=\"col-lg-6\">\n                                                            <\/div><!-- end col-lg-6 -->\n            <div class=\"col-lg-6\">\n                                                                    <div class=\"btn-row\">\n                        <a href=\"http:\/\/galateabackup.cloudapp.net\/IderisBooking\/Iframe\/Booking.aspx?siteguid=b8ca08b6-b4a6-4271-a5f6-cb1a798bd1ed&#038;lang=ca\" target=\"\" class=\"btn btn-xs-sm btn-primary\">Reservez votre amarrage sur la Costa Brava<\/a>\n                    <\/div><!-- end btn-row -->                    \n                            <\/div><!-- end col-lg-6 -->\n        <\/div><!-- end row -->\n    <\/div><!-- end container -->\n<\/section><!-- end intro-info -->\n<section class=\"article-section\"><div class=\"container\">\n\n<\/div><\/section><section class=\"slideshow\">\n\t\n\t\t\t<div class=\"slideshow-body\">\n\t\t\t<div class=\"slides\">\n\t\t\t\t\t\t\t\t\t\t\t\t\t\t\t<div class=\"slide\">\n\t\t\t\t\t\t\t<div class=\"container\">\n\t\t\t\t\t\t\t\t<figure class=\"image primary-gradient\">\n\t\t\t\t\t\t\t\t\t<img decoding=\"async\" src=\"https:\/\/nauticescala.com\/wp-content\/uploads\/2020\/01\/2019-club-nautic-lescala-44.jpg\" alt=\"\" \/>\n\t\t\t\t\t\t\t\t<\/figure><!-- end image -->\n\t\t\t\t\t\t\t<\/div><!-- end container -->\n\t\t\t\t\t\t<\/div><!-- end slide -->\n\t\t\t\t\t\t\t\t\t\t\t\t\t\t\t\t\t\t\t\t\t\t\t\t\t\t\t\t\t\t\t\t\t\t\t\t\t\t<div class=\"slide\">\n\t\t\t\t\t\t\t<div class=\"container\">\n\t\t\t\t\t\t\t\t<figure class=\"image primary-gradient\">\n\t\t\t\t\t\t\t\t\t<img decoding=\"async\" src=\"https:\/\/nauticescala.com\/wp-content\/uploads\/2019\/10\/img-21.jpg\" alt=\"\" \/>\n\t\t\t\t\t\t\t\t<\/figure><!-- end image -->\n\t\t\t\t\t\t\t<\/div><!-- end container -->\n\t\t\t\t\t\t<\/div><!-- end slide -->\n\t\t\t\t\t\t\t\t\t\t\t\t<\/div><!-- end slides -->\n\t\t<\/div><!-- end slideshow-body -->\n\t<\/section><!-- end slideshow -->\n<section class=\"article-section\"><div class=\"container\">\n\n<\/div><\/section><div class=\"subscribe-section\">\n    <div class=\"container-fluid\">\n        <div class=\"subscribe-block\">\n            <div class=\"subscribe-opener-box\">\n                <a href=\"#\" class=\"subscribe-opener\">Eo! <br \/>\r\nVols estar al dia de tot el que t\u2019oferim?<\/a>\n            <\/div><!-- end subscribe-opener-box -->\n            <div class=\"subscribe-form\">\n                \n<div class=\"wpcf7 no-js\" id=\"wpcf7-f68-o1\" lang=\"en-US\" dir=\"ltr\" data-wpcf7-id=\"68\">\n<div class=\"screen-reader-response\"><p role=\"status\" aria-live=\"polite\" aria-atomic=\"true\"><\/p> <ul><\/ul><\/div>\n<form action=\"\/fr\/wp-json\/wp\/v2\/pages\/7965#wpcf7-f68-o1\" method=\"post\" class=\"wpcf7-form init cmonitor-ext-0.4.67\" aria-label=\"Contact form\" novalidate=\"novalidate\" data-status=\"init\">\n<fieldset class=\"hidden-fields-container\"><input type=\"hidden\" name=\"_wpcf7\" value=\"68\" \/><input type=\"hidden\" name=\"_wpcf7_version\" value=\"6.1.5\" \/><input type=\"hidden\" name=\"_wpcf7_locale\" value=\"en_US\" \/><input type=\"hidden\" name=\"_wpcf7_unit_tag\" value=\"wpcf7-f68-o1\" \/><input type=\"hidden\" name=\"_wpcf7_container_post\" value=\"0\" \/><input type=\"hidden\" name=\"_wpcf7_posted_data_hash\" value=\"\" \/><input type=\"hidden\" name=\"_wpcf7cf_hidden_group_fields\" value=\"[]\" \/><input type=\"hidden\" name=\"_wpcf7cf_hidden_groups\" value=\"[]\" \/><input type=\"hidden\" name=\"_wpcf7cf_visible_groups\" value=\"[]\" \/><input type=\"hidden\" name=\"_wpcf7cf_repeaters\" value=\"[]\" \/><input type=\"hidden\" name=\"_wpcf7cf_steps\" value=\"{}\" \/><input type=\"hidden\" name=\"_wpcf7cf_options\" value=\"{&quot;form_id&quot;:68,&quot;conditions&quot;:[],&quot;settings&quot;:{&quot;animation&quot;:&quot;yes&quot;,&quot;animation_intime&quot;:200,&quot;animation_outtime&quot;:200,&quot;conditions_ui&quot;:&quot;normal&quot;,&quot;notice_dismissed&quot;:false,&quot;notice_dismissed_rollback-cf7-5.4&quot;:true,&quot;notice_dismissed_update-cf7-5.8&quot;:true,&quot;notice_dismissed_update-cf7-5.8.3&quot;:true,&quot;notice_dismissed_rollback-cf7-5.9.2&quot;:true}}\" \/><input type=\"hidden\" name=\"_wpcf7_recaptcha_response\" value=\"\" \/>\n<\/fieldset>\n<div class=\"input-item\">\n<span class=\"wpcf7-form-control-wrap\" data-name=\"your-name\"><input size=\"40\" maxlength=\"400\" class=\"wpcf7-form-control wpcf7-text wpcf7-validates-as-required form-control\" id=\"lbl-03\" aria-required=\"true\" aria-invalid=\"false\" value=\"\" type=\"text\" name=\"your-name\" \/><\/span><label class=\"placeholder-label\" for=\"lbl-03\">Nom<\/label>\n<\/div><!-- end input-item -->\n<div class=\"input-item\">\n<span class=\"wpcf7-form-control-wrap\" data-name=\"your-email\"><input size=\"40\" maxlength=\"400\" class=\"wpcf7-form-control wpcf7-email wpcf7-validates-as-required wpcf7-text wpcf7-validates-as-email form-control\" id=\"lbl-04\" aria-required=\"true\" aria-invalid=\"false\" value=\"\" type=\"email\" name=\"your-email\" \/><\/span><label class=\"placeholder-label\" for=\"lbl-04\">Email<\/label>\n<\/div><!-- end input-item -->\n<div class=\"check-block\">\n<label class=\"check-item\">\n<span class=\"wpcf7-form-control-wrap\" data-name=\"your-acceptance\"><span class=\"wpcf7-form-control wpcf7-acceptance\"><span class=\"wpcf7-list-item\"><input type=\"checkbox\" name=\"your-acceptance\" value=\"1\" aria-invalid=\"false\" \/><\/span><\/span><\/span> <span>He llegit i accepto la <a href=\"https:\/\/nauticescala.com\/politica-de-privacitat\/\" target=\"_blank\">pol\u00edtica de privacitat<\/a><\/span> \n\n<\/label><!-- end check-item -->\n<\/div><!-- end check-block -->\n<input class=\"wpcf7-form-control wpcf7-submit has-spinner btn btn-sm btn-primary\" type=\"submit\" value=\"Subscriu-te a la newsletter\" \/><div class=\"wpcf7-response-output\" aria-hidden=\"true\"><\/div><p style=\"display: none !important\"><span class=\"wpcf7-form-control-wrap referer-page\"><input type=\"text\" name=\"referer-page\" value=\"http:\/\/Direct%20Visit\" data-value=\"http:\/\/Direct%20Visit\" size=\"40\" class=\"wpcf7-form-control wpcf7-text referer-page\" aria-invalid=\"false\"><\/span><\/p>\n<!-- campaignmonitor extension by Renzo Johnson -->\n<\/form>\n<\/div>\n            <\/div><!-- end subscribe-form -->\n        <\/div><!-- end subscribe-block -->\n    <\/div><!-- end container-fluid -->\n<\/div><!-- end subscribe-section -->\n","protected":false},"excerpt":{"rendered":"","protected":false},"author":7,"featured_media":0,"parent":7801,"menu_order":0,"comment_status":"closed","ping_status":"closed","template":"","meta":{"_acf_changed":false,"_monsterinsights_skip_tracking":false,"_monsterinsights_sitenote_active":false,"_monsterinsights_sitenote_note":"","_monsterinsights_sitenote_category":0,"footnotes":""},"class_list":["post-7965","page","type-page","status-publish","hentry"],"acf":[],"yoast_head":"<!-- This site is optimized with the Yoast SEO Premium plugin v20.7 (Yoast SEO v27.3) - https:\/\/yoast.com\/product\/yoast-seo-premium-wordpress\/ -->\n<title>50 ans d&#039;histoire &#8211; Club N\u00e0utic L\u2019Escala<\/title>\n<meta name=\"robots\" content=\"index, follow, max-snippet:-1, max-image-preview:large, max-video-preview:-1\" \/>\n<link rel=\"canonical\" href=\"https:\/\/nauticescala.com\/fr\/club-nautique-sur-la-costa-brava\/50-ans-d-histoire\/\" \/>\n<meta property=\"og:locale\" content=\"fr_FR\" \/>\n<meta property=\"og:type\" content=\"article\" \/>\n<meta property=\"og:title\" content=\"50 ans d&#039;histoire\" \/>\n<meta property=\"og:url\" content=\"https:\/\/nauticescala.com\/fr\/club-nautique-sur-la-costa-brava\/50-ans-d-histoire\/\" \/>\n<meta property=\"og:site_name\" content=\"Club N\u00e0utic L\u2019Escala\" \/>\n<meta property=\"article:modified_time\" content=\"2020-04-09T13:47:55+00:00\" \/>\n<meta name=\"twitter:card\" content=\"summary_large_image\" \/>\n<script type=\"application\/ld+json\" class=\"yoast-schema-graph\">{\"@context\":\"https:\\\/\\\/schema.org\",\"@graph\":[{\"@type\":\"WebPage\",\"@id\":\"https:\\\/\\\/nauticescala.com\\\/fr\\\/club-nautique-sur-la-costa-brava\\\/50-ans-d-histoire\\\/\",\"url\":\"https:\\\/\\\/nauticescala.com\\\/fr\\\/club-nautique-sur-la-costa-brava\\\/50-ans-d-histoire\\\/\",\"name\":\"50 ans d'histoire &#8211; Club N\u00e0utic L\u2019Escala\",\"isPartOf\":{\"@id\":\"https:\\\/\\\/nauticescala.com\\\/#website\"},\"datePublished\":\"2019-11-29T15:04:10+00:00\",\"dateModified\":\"2020-04-09T13:47:55+00:00\",\"breadcrumb\":{\"@id\":\"https:\\\/\\\/nauticescala.com\\\/fr\\\/club-nautique-sur-la-costa-brava\\\/50-ans-d-histoire\\\/#breadcrumb\"},\"inLanguage\":\"fr-FR\",\"potentialAction\":[{\"@type\":\"ReadAction\",\"target\":[\"https:\\\/\\\/nauticescala.com\\\/fr\\\/club-nautique-sur-la-costa-brava\\\/50-ans-d-histoire\\\/\"]}]},{\"@type\":\"BreadcrumbList\",\"@id\":\"https:\\\/\\\/nauticescala.com\\\/fr\\\/club-nautique-sur-la-costa-brava\\\/50-ans-d-histoire\\\/#breadcrumb\",\"itemListElement\":[{\"@type\":\"ListItem\",\"position\":1,\"name\":\"Home\",\"item\":\"https:\\\/\\\/nauticescala.com\\\/fr\\\/\"},{\"@type\":\"ListItem\",\"position\":2,\"name\":\"Bienvenue au Club N\u00e0utic\",\"item\":\"https:\\\/\\\/nauticescala.com\\\/fr\\\/club-nautique-sur-la-costa-brava\\\/\"},{\"@type\":\"ListItem\",\"position\":3,\"name\":\"50 ans d&#8217;histoire\"}]},{\"@type\":\"WebSite\",\"@id\":\"https:\\\/\\\/nauticescala.com\\\/#website\",\"url\":\"https:\\\/\\\/nauticescala.com\\\/\",\"name\":\"Club N\u00e0utic L\u2019Escala\",\"description\":\"Port esportiu a la Costa Brava\",\"potentialAction\":[{\"@type\":\"SearchAction\",\"target\":{\"@type\":\"EntryPoint\",\"urlTemplate\":\"https:\\\/\\\/nauticescala.com\\\/?s={search_term_string}\"},\"query-input\":{\"@type\":\"PropertyValueSpecification\",\"valueRequired\":true,\"valueName\":\"search_term_string\"}}],\"inLanguage\":\"fr-FR\"}]}<\/script>\n<!-- \/ Yoast SEO Premium plugin. -->","yoast_head_json":{"title":"50 ans d'histoire &#8211; Club N\u00e0utic L\u2019Escala","robots":{"index":"index","follow":"follow","max-snippet":"max-snippet:-1","max-image-preview":"max-image-preview:large","max-video-preview":"max-video-preview:-1"},"canonical":"https:\/\/nauticescala.com\/fr\/club-nautique-sur-la-costa-brava\/50-ans-d-histoire\/","og_locale":"fr_FR","og_type":"article","og_title":"50 ans d'histoire","og_url":"https:\/\/nauticescala.com\/fr\/club-nautique-sur-la-costa-brava\/50-ans-d-histoire\/","og_site_name":"Club N\u00e0utic L\u2019Escala","article_modified_time":"2020-04-09T13:47:55+00:00","twitter_card":"summary_large_image","schema":{"@context":"https:\/\/schema.org","@graph":[{"@type":"WebPage","@id":"https:\/\/nauticescala.com\/fr\/club-nautique-sur-la-costa-brava\/50-ans-d-histoire\/","url":"https:\/\/nauticescala.com\/fr\/club-nautique-sur-la-costa-brava\/50-ans-d-histoire\/","name":"50 ans d'histoire &#8211; Club N\u00e0utic L\u2019Escala","isPartOf":{"@id":"https:\/\/nauticescala.com\/#website"},"datePublished":"2019-11-29T15:04:10+00:00","dateModified":"2020-04-09T13:47:55+00:00","breadcrumb":{"@id":"https:\/\/nauticescala.com\/fr\/club-nautique-sur-la-costa-brava\/50-ans-d-histoire\/#breadcrumb"},"inLanguage":"fr-FR","potentialAction":[{"@type":"ReadAction","target":["https:\/\/nauticescala.com\/fr\/club-nautique-sur-la-costa-brava\/50-ans-d-histoire\/"]}]},{"@type":"BreadcrumbList","@id":"https:\/\/nauticescala.com\/fr\/club-nautique-sur-la-costa-brava\/50-ans-d-histoire\/#breadcrumb","itemListElement":[{"@type":"ListItem","position":1,"name":"Home","item":"https:\/\/nauticescala.com\/fr\/"},{"@type":"ListItem","position":2,"name":"Bienvenue au Club N\u00e0utic","item":"https:\/\/nauticescala.com\/fr\/club-nautique-sur-la-costa-brava\/"},{"@type":"ListItem","position":3,"name":"50 ans d&#8217;histoire"}]},{"@type":"WebSite","@id":"https:\/\/nauticescala.com\/#website","url":"https:\/\/nauticescala.com\/","name":"Club N\u00e0utic L\u2019Escala","description":"Port esportiu a la Costa Brava","potentialAction":[{"@type":"SearchAction","target":{"@type":"EntryPoint","urlTemplate":"https:\/\/nauticescala.com\/?s={search_term_string}"},"query-input":{"@type":"PropertyValueSpecification","valueRequired":true,"valueName":"search_term_string"}}],"inLanguage":"fr-FR"}]}},"_links":{"self":[{"href":"https:\/\/nauticescala.com\/fr\/wp-json\/wp\/v2\/pages\/7965","targetHints":{"allow":["GET"]}}],"collection":[{"href":"https:\/\/nauticescala.com\/fr\/wp-json\/wp\/v2\/pages"}],"about":[{"href":"https:\/\/nauticescala.com\/fr\/wp-json\/wp\/v2\/types\/page"}],"author":[{"embeddable":true,"href":"https:\/\/nauticescala.com\/fr\/wp-json\/wp\/v2\/users\/7"}],"replies":[{"embeddable":true,"href":"https:\/\/nauticescala.com\/fr\/wp-json\/wp\/v2\/comments?post=7965"}],"version-history":[{"count":4,"href":"https:\/\/nauticescala.com\/fr\/wp-json\/wp\/v2\/pages\/7965\/revisions"}],"predecessor-version":[{"id":7976,"href":"https:\/\/nauticescala.com\/fr\/wp-json\/wp\/v2\/pages\/7965\/revisions\/7976"}],"up":[{"embeddable":true,"href":"https:\/\/nauticescala.com\/fr\/wp-json\/wp\/v2\/pages\/7801"}],"wp:attachment":[{"href":"https:\/\/nauticescala.com\/fr\/wp-json\/wp\/v2\/media?parent=7965"}],"curies":[{"name":"wp","href":"https:\/\/api.w.org\/{rel}","templated":true}]}}