 {"id":8027,"date":"2019-10-04T06:44:33","date_gmt":"2019-10-04T04:44:33","guid":{"rendered":"http:\/\/nauticescala.com\/single\/"},"modified":"2025-01-28T12:15:38","modified_gmt":"2025-01-28T11:15:38","slug":"la-escala-et-la-costa-brava","status":"publish","type":"page","link":"https:\/\/nauticescala.com\/fr\/club-nautique-sur-la-costa-brava\/la-escala-et-la-costa-brava\/","title":{"rendered":"L\u2019Escala et la Costa Brava"},"content":{"rendered":"<section class=\"title-section\">\n\t<div class=\"container\">\n\t\t\t\t\t<h1>L\u2019Escala et la Costa Brava<\/h1>\n\t\t\n\t\t\t\t\t<p>Le Club N\u00e0utic l&rsquo;Escala, le point de d\u00e9part id\u00e9al pour d\u00e9couvrir la Costa Brava<\/p>\n\t\t\n\t\t\t\t\t<div class=\"block\">\n\t\t\t\t<p>Situ\u00e9 dans la baie de Roses, le Club N\u00e0utic l&rsquo;Escala est tr\u00e8s proche des Ruines d&rsquo;Emp\u00faries et des parcs naturels du Montgr\u00ed et des Aiguamolls de l&rsquo;Empord\u00e0.<\/p>\n<p>Notre situation vous permettra de les d\u00e9couvrir sous un angle diff\u00e9rent : De la mer.<\/p>\n<p>Depuis l&rsquo;Escala, il est tr\u00e8s facile d&rsquo;acc\u00e9der \u00e0 la richesse culturelle, historique, gastronomique et paysag\u00e8re de la Costa Brava.<\/p>\n\n\t\t\t\t\t\t\t<\/div><!-- end block -->\n\t\t\t<\/div><!-- end container -->\n<\/section><!-- end title-section -->\n<section class=\"article-section\"><div class=\"container\">\n\n<\/div><\/section>\t<div class=\"visual-area\">\n\t\t<figure class=\"visual-banner\">\n\t\t\t<div class=\"image\">\n\t\t\t\t<img decoding=\"async\" src=\"https:\/\/nauticescala.com\/wp-content\/uploads\/2025\/01\/2024-nauticescala-costra-brava-4.jpg\" alt=\"\" \/>\n\t\t\t<\/div><!-- end image -->\n\t\t\t<div class=\"bg-image bg-img primary-gradient\">\n\t\t\t\t<img decoding=\"async\" src=\"https:\/\/nauticescala.com\/wp-content\/uploads\/2025\/01\/2024-nauticescala-costra-brava-4.jpg\" alt=\"\" \/>\n\t\t\t<\/div><!-- end bg-image -->\n\t\t<\/figure><!-- end visual-banner -->\n\t<\/div><!-- end visual-area -->\n<section class=\"article-section\"><div class=\"container\">\n\n<\/div><\/section><section class=\"intro-info\">\n    <div class=\"container\">\n        <div class=\"row row-xl-60\">\n            <div class=\"col-lg-6\">\n                <h2>L&rsquo;Escala 365 jours<\/h2>\n<h3>L&rsquo;Escala a \u00e9t\u00e9 fond\u00e9e au XVI\u00e8me si\u00e8cle comme un humble port de p\u00eache qui d\u00e9pendait de la ville voisine d&rsquo;Emp\u00faries.<\/h3>\n                                                    <div class=\"btn-row\">\n                        <a href=\"http:\/\/nauticescala.com\/fr\/reservez-votre-amarrage-sur-la-costa-brava\/\" target=\"\" class=\"btn btn-xs-sm btn-primary\">R\u00e9servez votre amarrage sur la costa brava<\/a>\n                    <\/div><!-- end btn-row -->                    \n                            <\/div><!-- end col-lg-6 -->\n            <div class=\"col-lg-6\">\n                <p>Aujourd&rsquo;hui, c&rsquo;est une ville de grande valeur touristique.<\/p>\n<p>Visiter ses <a href=\"https:\/\/www.visitlescala.com\/fr\/\" target=\"_blank\" rel=\"noopener\">sites historiques<\/a>, profiter de son paysage et de ses plages, go\u00fbter sa gastronomie et profiter de ses offres sportives et de loisirs ne sont que quelques-unes des possibilit\u00e9s offertes.<\/p>\n<p>Elle propose \u00e9galement un <a href=\"https:\/\/www.visitlescala.com\/fr\/calendrier-des-activites\" target=\"_blank\" rel=\"noopener\">agenda<\/a> social et culturel qui vous invitera \u00e0 profiter du village de p\u00eacheurs tout au long de l&rsquo;ann\u00e9e.<\/p>\n                                            <\/div><!-- end col-lg-6 -->\n        <\/div><!-- end row -->\n    <\/div><!-- end container -->\n<\/section><!-- end intro-info -->\n<section class=\"article-section\"><div class=\"container\">\n\n<\/div><\/section>    <figure class=\"image-banner\">\t\n\t\t<img decoding=\"async\" src=\"https:\/\/nauticescala.com\/wp-content\/uploads\/2025\/01\/2025-nauticescala-costa-brava.jpg\" alt=\"\" \/>\n\t<\/figure><!-- end image-banner -->\n<section class=\"article-section\"><div class=\"container\">\n\n<\/div><\/section><section class=\"intro-info\">\n    <div class=\"container\">\n        <div class=\"row row-xl-60\">\n            <div class=\"col-lg-6\">\n                <h2>Costa Brava<\/h2>\n<h3>Depuis 2011, la baie de Roses fait partie des plus belles baies du monde, selon l&rsquo;UNESCO.<\/h3>\n                                            <\/div><!-- end col-lg-6 -->\n            <div class=\"col-lg-6\">\n                <p>La mer \u00e9tant la principale caract\u00e9ristique de l\u2019Empord\u00e0. Sa c\u00f4te fait partie de la <a href=\"https:\/\/fr.costabrava.org\/\" target=\"_blank\" rel=\"noopener\">Costa Brava<\/a>.<\/p>\n<p>Elle combine les falaises les plus spectaculaires du Cap de Creus avec la richesse des \u00eeles Medes; les petites criques du nord avec les longues plages de sable fin qui couvrent la baie de Roses.<\/p>\n<p>L&rsquo;Escala est situ\u00e9e au milieu de la baie et sur plus de 45 km de plages peu profondes, parfaites pour le tourisme familial et la pratique de la voile.<\/p>\n                                            <\/div><!-- end col-lg-6 -->\n        <\/div><!-- end row -->\n    <\/div><!-- end container -->\n<\/section><!-- end intro-info -->\n<section class=\"article-section\"><div class=\"container\">\n\n<\/div><\/section>    <figure class=\"image-banner\">\t\n\t\t<img decoding=\"async\" src=\"https:\/\/nauticescala.com\/wp-content\/uploads\/2020\/02\/2009-cn-lescala-costa-brava.jpg\" alt=\"\" \/>\n\t<\/figure><!-- end image-banner -->\n<section class=\"article-section\"><div class=\"container\">\n\n<\/div><\/section><div class=\"about-info\">\n    <div class=\"container\">\n        <p>Avec plus de sept kilom\u00e8tres de c\u00f4tes, L&rsquo;Escala offre des lieux pour tous les go\u00fbts : des plages de sable fin form\u00e9es de dunes aux petites criques de galets et falaises.<\/p>\n    <\/div><!-- end container -->\n<\/div><!-- end about-info -->\n<section class=\"article-section\"><div class=\"container\">\n\n<\/div><\/section><section class=\"gallery-area\">\n\t\t\t\t<div class=\"container\">\n\t\t\t<div class=\"row\">\n\t\t\t\t<div class=\"col-md-6 col-lg-6\">\n\t\t\t\t\t<header class=\"gallery-area-heading\">\n\t\t\t\t\t\t<h2>Vivez la mer et la Costa Brava<\/h2>\n\t\t\t\t\t<\/header><!-- end gallery-area-heading -->\n\t\t\t\t<\/div><!-- end col-lg-6 -->\n\n\t\t\t\t\t\t\t<\/div><!-- end row -->\n\t\t<\/div><!-- end container -->\n\t\n\t\t\t<div class=\"container\">\n\t\t\t<div class=\"gallery-items\">\n\n\t\t\t\t\t\t\t\t\n\t\t\t\t\t<div class=\"gallery-slide\">\n\t\t\t\t\t\t<a href=\"\/fr\/agenda\/\" class=\"widget-link\">\n\t\t\t\t\t\t\t<figure class=\"gallery-item\">\n\t\t\t\t\t\t\t\t\t\t\t\t\t\t\t\t\t<div class=\"image primary-gradient\">\n\t\t\t\t\t\t\t\t\t\t<img decoding=\"async\" src=\"https:\/\/nauticescala.com\/wp-content\/uploads\/2025\/01\/2024-nauticescala-aeries-barbacoa-c-torveo-7-700x353.jpg\" alt=\"\" \/>\n\t\t\t\t\t\t\t\t\t<\/div><!-- end image -->\n\t\t\t\t\t\t\t\t\t\t\t\t\t\t\t\t\t\t\t\t\t\t\t\t\t<figcaption>\n\t\t\t\t\t\t\t\t<h3>Agenda<\/h3>\n\t\t\t\t\t\t\t\t\t<\/figcaption>\n\t\t\t\t\t\t\t\t\t\t\t\t\t\t\t<\/figure><!-- end gallery-item -->\n\t\t\t\t\t\t<\/a><!-- end widget-link -->\n\t\t\t\t\t<\/div><!-- end gallery-slide -->\n\n\t\t\t\t\t\t\t\t\t\n\t\t\t\t\t<div class=\"gallery-slide\">\n\t\t\t\t\t\t<a href=\"\/fr\/reservez-votre-activites-sur-la-costa-brava\/\" class=\"widget-link\">\n\t\t\t\t\t\t\t<figure class=\"gallery-item\">\n\t\t\t\t\t\t\t\t\t\t\t\t\t\t\t\t\t<div class=\"image primary-gradient\">\n\t\t\t\t\t\t\t\t\t\t<img decoding=\"async\" src=\"https:\/\/nauticescala.com\/wp-content\/uploads\/2024\/03\/2023-nauticescala-curs-vela-105-700x353.jpg\" alt=\"\" \/>\n\t\t\t\t\t\t\t\t\t<\/div><!-- end image -->\n\t\t\t\t\t\t\t\t\t\t\t\t\t\t\t\t\t\t\t\t\t\t\t\t\t<figcaption>\n\t\t\t\t\t\t\t\t<h3>R\u00e9servation des activit\u00e9s<\/h3>\n\t\t\t\t\t\t\t\t\t<\/figcaption>\n\t\t\t\t\t\t\t\t\t\t\t\t\t\t\t<\/figure><!-- end gallery-item -->\n\t\t\t\t\t\t<\/a><!-- end widget-link -->\n\t\t\t\t\t<\/div><!-- end gallery-slide -->\n\n\t\t\t\t\t\t\t\t\t\n\t\t\t\t\t<div class=\"gallery-slide\">\n\t\t\t\t\t\t<a href=\"https:\/\/www.bolroig.com\/\" class=\"widget-link\">\n\t\t\t\t\t\t\t<figure class=\"gallery-item\">\n\t\t\t\t\t\t\t\t\t\t\t\t\t\t\t\t\t<div class=\"image \">\n\t\t\t\t\t\t\t\t\t\t<img decoding=\"async\" src=\"https:\/\/nauticescala.com\/wp-content\/uploads\/2025\/01\/2024-nauticescala-c-torveo-restaurant-2-700x353.jpg\" alt=\"\" \/>\n\t\t\t\t\t\t\t\t\t<\/div><!-- end image -->\n\t\t\t\t\t\t\t\t\t\t\t\t\t\t\t\t\t\t\t\t\t\t\t\t\t<figcaption>\n\t\t\t\t\t\t\t\t<h3>Restaurant Bol Roig<\/h3>\n\t\t\t\t\t\t\t\t\t<\/figcaption>\n\t\t\t\t\t\t\t\t\t\t\t\t\t\t\t<\/figure><!-- end gallery-item -->\n\t\t\t\t\t\t<\/a><!-- end widget-link -->\n\t\t\t\t\t<\/div><!-- end gallery-slide -->\n\n\t\t\t\t\t\t\t\t\t\n\t\t\t\t\t<div class=\"gallery-slide\">\n\t\t\t\t\t\t<a href=\"\/fr\/reservez-votre-amarrage-sur-la-costa-brava\/\" class=\"widget-link\">\n\t\t\t\t\t\t\t<figure class=\"gallery-item\">\n\t\t\t\t\t\t\t\t\t\t\t\t\t\t\t\t\t<div class=\"image \">\n\t\t\t\t\t\t\t\t\t\t<img decoding=\"async\" src=\"https:\/\/nauticescala.com\/wp-content\/uploads\/2022\/12\/2022-nauticescala-c-poseidrone-port-10-700x353.jpg\" alt=\"\" \/>\n\t\t\t\t\t\t\t\t\t<\/div><!-- end image -->\n\t\t\t\t\t\t\t\t\t\t\t\t\t\t\t\t\t\t\t\t\t\t\t\t\t<figcaption>\n\t\t\t\t\t\t\t\t<h3>Reservez votre amarrage<\/h3>\n\t\t\t\t\t\t\t\t\t<\/figcaption>\n\t\t\t\t\t\t\t\t\t\t\t\t\t\t\t<\/figure><!-- end gallery-item -->\n\t\t\t\t\t\t<\/a><!-- end widget-link -->\n\t\t\t\t\t<\/div><!-- end gallery-slide -->\n\n\t\t\t\t\t\t\t\t\t\n\t\t\t\t\t<div class=\"gallery-slide\">\n\t\t\t\t\t\t<a href=\"https:\/\/nauticescala.com\/fr\/reservez-votre-activites-sur-la-costa-brava\/?filters_activity_type%5B%5D=abonament&#038;orderby=dates\" class=\"widget-link\">\n\t\t\t\t\t\t\t<figure class=\"gallery-item\">\n\t\t\t\t\t\t\t\t\t\t\t\t\t\t\t\t\t<div class=\"image \">\n\t\t\t\t\t\t\t\t\t\t<img decoding=\"async\" src=\"https:\/\/nauticescala.com\/wp-content\/uploads\/2024\/04\/2022-nauticescala-rem-de-mar-12-700x353.jpg\" alt=\"\" \/>\n\t\t\t\t\t\t\t\t\t<\/div><!-- end image -->\n\t\t\t\t\t\t\t\t\t\t\t\t\t\t\t\t\t\t\t\t\t\t\t\t\t<figcaption>\n\t\t\t\t\t\t\t\t<h3>Abonnement \u00e0 les activit\u00e9s nautiques<\/h3>\n\t\t\t\t\t\t\t\t\t<\/figcaption>\n\t\t\t\t\t\t\t\t\t\t\t\t\t\t\t<\/figure><!-- end gallery-item -->\n\t\t\t\t\t\t<\/a><!-- end widget-link -->\n\t\t\t\t\t<\/div><!-- end gallery-slide -->\n\n\t\t\t\t\t\t\t\t\t\n\t\t\t<\/div><!-- end gallery-items -->\n\t\t<\/div><!-- end container-fluid -->\n\t\t\n<\/section><!-- end gallery-area -->\n","protected":false},"excerpt":{"rendered":"","protected":false},"author":2,"featured_media":0,"parent":7801,"menu_order":0,"comment_status":"closed","ping_status":"closed","template":"","meta":{"_acf_changed":false,"_monsterinsights_skip_tracking":false,"_monsterinsights_sitenote_active":false,"_monsterinsights_sitenote_note":"","_monsterinsights_sitenote_category":0,"footnotes":""},"class_list":["post-8027","page","type-page","status-publish","hentry"],"acf":[],"yoast_head":"<!-- This site is optimized with the Yoast SEO Premium plugin v20.7 (Yoast SEO v27.4) - https:\/\/yoast.com\/product\/yoast-seo-premium-wordpress\/ -->\n<title>L\u2019Escala et la Costa Brava &#8211; Club N\u00e0utic L\u2019Escala<\/title>\n<meta name=\"robots\" content=\"index, follow, max-snippet:-1, max-image-preview:large, max-video-preview:-1\" \/>\n<link rel=\"canonical\" href=\"https:\/\/nauticescala.com\/fr\/club-nautique-sur-la-costa-brava\/la-escala-et-la-costa-brava\/\" \/>\n<meta property=\"og:locale\" content=\"fr_FR\" \/>\n<meta property=\"og:type\" content=\"article\" \/>\n<meta property=\"og:title\" content=\"L\u2019Escala et la Costa Brava\" \/>\n<meta property=\"og:url\" content=\"https:\/\/nauticescala.com\/fr\/club-nautique-sur-la-costa-brava\/la-escala-et-la-costa-brava\/\" \/>\n<meta property=\"og:site_name\" content=\"Club N\u00e0utic L\u2019Escala\" \/>\n<meta property=\"article:modified_time\" content=\"2025-01-28T11:15:38+00:00\" \/>\n<meta name=\"twitter:card\" content=\"summary_large_image\" \/>\n<meta name=\"twitter:label1\" content=\"Dur\u00e9e de lecture estim\u00e9e\" \/>\n\t<meta name=\"twitter:data1\" content=\"2 minutes\" \/>\n<script type=\"application\/ld+json\" class=\"yoast-schema-graph\">{\"@context\":\"https:\\\/\\\/schema.org\",\"@graph\":[{\"@type\":\"WebPage\",\"@id\":\"https:\\\/\\\/nauticescala.com\\\/fr\\\/club-nautique-sur-la-costa-brava\\\/la-escala-et-la-costa-brava\\\/\",\"url\":\"https:\\\/\\\/nauticescala.com\\\/fr\\\/club-nautique-sur-la-costa-brava\\\/la-escala-et-la-costa-brava\\\/\",\"name\":\"L\u2019Escala et la Costa Brava &#8211; Club N\u00e0utic L\u2019Escala\",\"isPartOf\":{\"@id\":\"https:\\\/\\\/nauticescala.com\\\/#website\"},\"datePublished\":\"2019-10-04T04:44:33+00:00\",\"dateModified\":\"2025-01-28T11:15:38+00:00\",\"breadcrumb\":{\"@id\":\"https:\\\/\\\/nauticescala.com\\\/fr\\\/club-nautique-sur-la-costa-brava\\\/la-escala-et-la-costa-brava\\\/#breadcrumb\"},\"inLanguage\":\"fr-FR\",\"potentialAction\":[{\"@type\":\"ReadAction\",\"target\":[\"https:\\\/\\\/nauticescala.com\\\/fr\\\/club-nautique-sur-la-costa-brava\\\/la-escala-et-la-costa-brava\\\/\"]}]},{\"@type\":\"BreadcrumbList\",\"@id\":\"https:\\\/\\\/nauticescala.com\\\/fr\\\/club-nautique-sur-la-costa-brava\\\/la-escala-et-la-costa-brava\\\/#breadcrumb\",\"itemListElement\":[{\"@type\":\"ListItem\",\"position\":1,\"name\":\"Home\",\"item\":\"https:\\\/\\\/nauticescala.com\\\/fr\\\/\"},{\"@type\":\"ListItem\",\"position\":2,\"name\":\"Bienvenue au Club N\u00e0utic\",\"item\":\"https:\\\/\\\/nauticescala.com\\\/fr\\\/club-nautique-sur-la-costa-brava\\\/\"},{\"@type\":\"ListItem\",\"position\":3,\"name\":\"L\u2019Escala et la Costa Brava\"}]},{\"@type\":\"WebSite\",\"@id\":\"https:\\\/\\\/nauticescala.com\\\/#website\",\"url\":\"https:\\\/\\\/nauticescala.com\\\/\",\"name\":\"Club N\u00e0utic L\u2019Escala\",\"description\":\"Port esportiu a la Costa Brava\",\"potentialAction\":[{\"@type\":\"SearchAction\",\"target\":{\"@type\":\"EntryPoint\",\"urlTemplate\":\"https:\\\/\\\/nauticescala.com\\\/?s={search_term_string}\"},\"query-input\":{\"@type\":\"PropertyValueSpecification\",\"valueRequired\":true,\"valueName\":\"search_term_string\"}}],\"inLanguage\":\"fr-FR\"}]}<\/script>\n<!-- \/ Yoast SEO Premium plugin. -->","yoast_head_json":{"title":"L\u2019Escala et la Costa Brava &#8211; Club N\u00e0utic L\u2019Escala","robots":{"index":"index","follow":"follow","max-snippet":"max-snippet:-1","max-image-preview":"max-image-preview:large","max-video-preview":"max-video-preview:-1"},"canonical":"https:\/\/nauticescala.com\/fr\/club-nautique-sur-la-costa-brava\/la-escala-et-la-costa-brava\/","og_locale":"fr_FR","og_type":"article","og_title":"L\u2019Escala et la Costa Brava","og_url":"https:\/\/nauticescala.com\/fr\/club-nautique-sur-la-costa-brava\/la-escala-et-la-costa-brava\/","og_site_name":"Club N\u00e0utic L\u2019Escala","article_modified_time":"2025-01-28T11:15:38+00:00","twitter_card":"summary_large_image","twitter_misc":{"Dur\u00e9e de lecture estim\u00e9e":"2 minutes"},"schema":{"@context":"https:\/\/schema.org","@graph":[{"@type":"WebPage","@id":"https:\/\/nauticescala.com\/fr\/club-nautique-sur-la-costa-brava\/la-escala-et-la-costa-brava\/","url":"https:\/\/nauticescala.com\/fr\/club-nautique-sur-la-costa-brava\/la-escala-et-la-costa-brava\/","name":"L\u2019Escala et la Costa Brava &#8211; Club N\u00e0utic L\u2019Escala","isPartOf":{"@id":"https:\/\/nauticescala.com\/#website"},"datePublished":"2019-10-04T04:44:33+00:00","dateModified":"2025-01-28T11:15:38+00:00","breadcrumb":{"@id":"https:\/\/nauticescala.com\/fr\/club-nautique-sur-la-costa-brava\/la-escala-et-la-costa-brava\/#breadcrumb"},"inLanguage":"fr-FR","potentialAction":[{"@type":"ReadAction","target":["https:\/\/nauticescala.com\/fr\/club-nautique-sur-la-costa-brava\/la-escala-et-la-costa-brava\/"]}]},{"@type":"BreadcrumbList","@id":"https:\/\/nauticescala.com\/fr\/club-nautique-sur-la-costa-brava\/la-escala-et-la-costa-brava\/#breadcrumb","itemListElement":[{"@type":"ListItem","position":1,"name":"Home","item":"https:\/\/nauticescala.com\/fr\/"},{"@type":"ListItem","position":2,"name":"Bienvenue au Club N\u00e0utic","item":"https:\/\/nauticescala.com\/fr\/club-nautique-sur-la-costa-brava\/"},{"@type":"ListItem","position":3,"name":"L\u2019Escala et la Costa Brava"}]},{"@type":"WebSite","@id":"https:\/\/nauticescala.com\/#website","url":"https:\/\/nauticescala.com\/","name":"Club N\u00e0utic L\u2019Escala","description":"Port esportiu a la Costa Brava","potentialAction":[{"@type":"SearchAction","target":{"@type":"EntryPoint","urlTemplate":"https:\/\/nauticescala.com\/?s={search_term_string}"},"query-input":{"@type":"PropertyValueSpecification","valueRequired":true,"valueName":"search_term_string"}}],"inLanguage":"fr-FR"}]}},"_links":{"self":[{"href":"https:\/\/nauticescala.com\/fr\/wp-json\/wp\/v2\/pages\/8027","targetHints":{"allow":["GET"]}}],"collection":[{"href":"https:\/\/nauticescala.com\/fr\/wp-json\/wp\/v2\/pages"}],"about":[{"href":"https:\/\/nauticescala.com\/fr\/wp-json\/wp\/v2\/types\/page"}],"author":[{"embeddable":true,"href":"https:\/\/nauticescala.com\/fr\/wp-json\/wp\/v2\/users\/2"}],"replies":[{"embeddable":true,"href":"https:\/\/nauticescala.com\/fr\/wp-json\/wp\/v2\/comments?post=8027"}],"version-history":[{"count":6,"href":"https:\/\/nauticescala.com\/fr\/wp-json\/wp\/v2\/pages\/8027\/revisions"}],"predecessor-version":[{"id":76342,"href":"https:\/\/nauticescala.com\/fr\/wp-json\/wp\/v2\/pages\/8027\/revisions\/76342"}],"up":[{"embeddable":true,"href":"https:\/\/nauticescala.com\/fr\/wp-json\/wp\/v2\/pages\/7801"}],"wp:attachment":[{"href":"https:\/\/nauticescala.com\/fr\/wp-json\/wp\/v2\/media?parent=8027"}],"curies":[{"name":"wp","href":"https:\/\/api.w.org\/{rel}","templated":true}]}}