 {"id":8766,"date":"2019-12-18T16:45:50","date_gmt":"2019-12-18T15:45:50","guid":{"rendered":"http:\/\/nauticescala.com\/fes-te-soci\/"},"modified":"2026-04-01T15:41:59","modified_gmt":"2026-04-01T13:41:59","slug":"devenez-adherent","status":"publish","type":"page","link":"https:\/\/nauticescala.com\/fr\/club-nautique-sur-la-costa-brava\/devenez-adherent\/","title":{"rendered":"Devenez adh\u00e9rent"},"content":{"rendered":"\t\n\t<section class=\"title-section d-md-block\">\n\t\t<div class=\"container\">\n\t\t\t\t\n\t\t\t\t<h1>Devenez adh\u00e9rent<\/h1>\n\t\t\t\t\t\t\t\n\t\t\t\t<p>Profitez de tous les privil\u00e8ges de faire partie du Club<\/p>\n\t\t\t\t\t<\/div><!-- end container -->\n\t<\/section><!-- end title-section -->\n<section class=\"article-section\"><div class=\"container\">\n\n<\/div><\/section>\t<div class=\"visual-area\">\n\t\t<figure class=\"visual-banner\">\n\t\t\t<div class=\"image\">\n\t\t\t\t<img decoding=\"async\" src=\"https:\/\/nauticescala.com\/wp-content\/uploads\/2020\/01\/2019-club-nautic-lescala-44.jpg\" alt=\"\" \/>\n\t\t\t<\/div><!-- end image -->\n\t\t\t<div class=\"bg-image bg-img primary-gradient\">\n\t\t\t\t<img decoding=\"async\" src=\"https:\/\/nauticescala.com\/wp-content\/uploads\/2020\/01\/2019-club-nautic-lescala-44.jpg\" alt=\"\" \/>\n\t\t\t<\/div><!-- end bg-image -->\n\t\t<\/figure><!-- end visual-banner -->\n\t<\/div><!-- end visual-area -->\n<section class=\"article-section\"><div class=\"container\">\n\n<\/div><\/section>\n        <div class=\"intro-area-holder\">\n            <h1>D\u00e9couvrez les modalit\u00e9s que nous vous proposons pour adh\u00e9rer au Club. C\u2019est d\u00e9sormais possible!<\/h1>\n<p>Devenez adh\u00e9rent du Club et profitez de tous les privil\u00e8ges de faire partie du port ainsi qu&rsquo;\u00e0 l&rsquo;\u00e9tranger&#8230;<\/p>\n<p>Nous ne sommes pas tous les m\u00eames et nous avons donc des besoins diff\u00e9rents. C&rsquo;est pourquoi le Club vous offre deux possibilit\u00e9s pour devenir adh\u00e9rent.<\/p>\n        <\/div><!-- end intro-area-holder -->\n\n\n<section class=\"article-section\"><div class=\"container\">\n\n<\/div><\/section>\n                            <div class=\"accordion-block\">\n                    <div id=\"accordion\" class=\"accordion\">\n                                                                            <div class=\"card\">\n                                <div class=\"card-header\">\n                                    <h3>\n                                        <a href=\"#\" class=\"collapsed\" data-toggle=\"collapse\" data-target=\"#collapse-01\" aria-expanded=\"true\"><i class=\"ico-opener\">&nbsp;<\/i>Adh\u00e9rent Titulaire<\/a>\n                                    <\/h3>\n                                <\/div><!-- end card-header -->\n                                <div id=\"collapse-01\" class=\"collapse\">\n                                                                    <div class=\"card-body\">\n\n                                        \n                                            \n                                                \n                                                    <h4>Vous souhaitez devenir adh\u00e9rent \u00e0 part enti\u00e8re ? Consultez notre tableau d&rsquo;affichage et obtenez votre droit d\u2019amarrage !<\/h4>\n<p>Consultez le bureau du Club tout ce que vous devez savoir pour devenir Adh\u00e9rent Titulaire.<\/p>\n<p>Des services exclusifs<\/p>\n<ul>\n<li style=\"list-style-type: none;\">\n<ul>\n<li>Titre de droit d\u2019amarrage pour profiter de votre embarcation avec le meilleur confort.<\/li>\n<li>Carte d\u2019acc\u00e8s et parking gratuit.<\/li>\n<li>15 % de r\u00e9duction sur les services portuaires et les articles promotionnels du Club (v\u00eatements et accessoires).<\/li>\n<li>Services sous-marins gratuits pour l\u2019extraction d\u2019arbres d\u2019h\u00e9lice et la r\u00e9cup\u00e9ration d\u2019objets.<\/li>\n<li>Assistance professionnelle du Club en cas de panne hors du port (sous r\u00e9serve d\u2019\u00e9valuation par le Directeur des Op\u00e9rations).<\/li>\n<li>15 % de r\u00e9duction sur les services sportifs pour le titulaire, ses enfants et petits-enfants.<\/li>\n<li>Location gratuite de deux heures pour les membres (titulaire) dans n\u2019importe quelle modalit\u00e9 sportive du Club, pour lui et ses proches\/amis, selon la capacit\u00e9 de chaque activit\u00e9.<\/li>\n<li>Abonnement \u00e0 la flotte : sans frais d\u2019inscription ni cotisation sportive pour le titulaire (contrat minimum de six mois et paiement anticip\u00e9).<\/li>\n<li>15 % de r\u00e9duction sur les inscriptions aux \u00e9v\u00e9nements sportifs organis\u00e9s par le Club.<\/li>\n<li>Avantages et remises exclusives sur les produits et services des entreprises partenaires du Club. <span class=\"tlid-translation translation\" lang=\"fr\"><span class=\"\" title=\"\"><a href=\"https:\/\/nauticescala.com\/fr\/nouvelles\/avantages-2026\/\">Consultez-les<\/a>!<\/span><\/span><\/li>\n<li>Profitez de tous les services r\u00e9serv\u00e9s aux Membres Sportifs.<\/li>\n<\/ul>\n<\/li>\n<\/ul>\n<p>Conditions<\/p>\n<ul>\n<li style=\"list-style-type: none;\">\n<ul>\n<li>\u00catre titulaire d&rsquo;un Droit d&rsquo;usage d&rsquo;amarrage. Consultez notre tableau d&rsquo;annonces et obtenez votre droit d&rsquo;amarrage !<\/li>\n<li>Payer la cotisation de membre et le service de conditionnement de l&rsquo;amarrage.<\/li>\n<li>Payer les cotisations annuelles du club et les taxes publiques pour votre bateau.<\/li>\n<\/ul>\n<\/li>\n<\/ul>\n\n                                                \n                                            \n                                        \n                                    <\/div><!-- end card-body -->\n                                <\/div><!-- end collapse -->\n                            <\/div><!-- end card -->\n                                                                                <div class=\"card\">\n                                <div class=\"card-header\">\n                                    <h3>\n                                        <a href=\"#\" class=\"collapsed\" data-toggle=\"collapse\" data-target=\"#collapse-02\" aria-expanded=\"true\"><i class=\"ico-opener\">&nbsp;<\/i>Adh\u00e9rent Sportif<\/a>\n                                    <\/h3>\n                                <\/div><!-- end card-header -->\n                                <div id=\"collapse-02\" class=\"collapse\">\n                                                                    <div class=\"card-body\">\n\n                                        \n                                            \n                                                \n                                                    <h4>Saviez-vous que vous pouvez devenir membre du Club sans avoir de bateau ou d&rsquo;amarrage?<\/h4>\n<p>Devenez membre sportif et venez naviguer avec nous tout en profitant des avantages d&rsquo;\u00eatre adh\u00e9rent du Club !<\/p>\n<p>Quels sont les avantages ?<\/p>\n<ul>\n<li style=\"list-style-type: none;\">\n<ul>\n<li>Participer aux activit\u00e9s des sections sportives du Club.<\/li>\n<li>Acc\u00e8s libre aux installations de la Zone Sportive du Club.<\/li>\n<li>Participation gratuite aux Journ\u00e9es Portes Ouvertes organis\u00e9es par la Zone Sportive.<\/li>\n<li>Remises et offres sp\u00e9ciales aupr\u00e8s des entreprises partenaires du Club. <a href=\"https:\/\/nauticescala.com\/fr\/nouvelles\/remises-et-avantages-pour-les-adherents-2021\/\">Consultez-les!<\/a><\/li>\n<li>Une route guid\u00e9e gratuite en voile de croisi\u00e8re pr\u00e9vue au calendrier lors de la r\u00e9servation d\u2019une (2 pour le prix d\u20191).<\/li>\n<li>15 % de r\u00e9duction sur les activit\u00e9s nautiques propos\u00e9es par la Zone Sportive du Club (titulaire).<\/li>\n<li>15 % de r\u00e9duction sur les inscriptions aux \u00e9v\u00e9nements sportifs organis\u00e9s par le Club (titulaire).<\/li>\n<li>Acc\u00e8s au programme d\u2019abonn\u00e9s de la Zone Sportive du Club.<\/li>\n<li><a href=\"https:\/\/nauticescala.com\/fr\/reservez-votre-activites-sur-la-costa-brava\/?activity_type=abonnement&amp;orderby=dates&amp;filter=1\">D\u00e9vouvrez les abonnements disponibles<\/a>\u00a0et profitez des sports nautiques toute l\u2019ann\u00e9e !<\/li>\n<li>Acc\u00e8s aux activit\u00e9s sociales du Club. Venez profiter du port en bonne compagnie !<\/li>\n<li>Nous vous aidons \u00e0 obtenir la licence f\u00e9d\u00e9rative pour le sport nautique que vous pratiquez.<\/li>\n<li>Chaque ann\u00e9e, vous recevrez une invitation avec une remise pour visiter le Salon Nautique de Barcelone.<\/li>\n<\/ul>\n<\/li>\n<\/ul>\n<p><a href=\"https:\/\/nauticescala.com\/fr\/formulaire-adhesion-sportive\/\"><strong>Devenez Adh\u00e9rent Sportif!<\/strong><\/a><\/p>\n<p>Les conditions<\/p>\n<ul>\n<li style=\"list-style-type: none;\">\n<ul>\n<li>La carte de membre est personnelle et non transf\u00e9rable et les avantages et r\u00e9ductions ne s&rsquo;appliquent qu&rsquo;au titulaire de la carte.<\/li>\n<li>Pour profiter de tous ces avantages et r\u00e9ductions, vous devez vous identifier avec la carte d\u2019adh\u00e9rent.<\/li>\n<li>Respecter les frais annuels \u00e9tablis. 79,00 \u20ac\/ann\u00e9e \u2013 2026<\/li>\n<\/ul>\n<\/li>\n<\/ul>\n\n                                                \n                                            \n                                        \n                                    <\/div><!-- end card-body -->\n                                <\/div><!-- end collapse -->\n                            <\/div><!-- end card -->\n                                                                        <\/div><!-- end accordion -->\n                <\/div><!-- end accordion-block -->\n            \n<section class=\"article-section\"><div class=\"container\">\n\n<\/div><\/section>\n    \n        <div class=\"btn-box\">\n            <a href=\"https:\/\/nauticescala.com\/fr\/club-nautique-sur-la-costa-brava\/\" target=\"_self\" class=\"btn btn-primary\">D\u00e9couvrez le Club!<\/a>\n\n        \n        \n\n<\/div><!-- end btn-box -->\n\n   \n<section class=\"article-section\"><div class=\"container\">\n\n<\/div><\/section><section class=\"gallery-area\">\n\t\t\t\t<div class=\"container\">\n\t\t\t<div class=\"row\">\n\t\t\t\t<div class=\"col-md-6 col-lg-6\">\n\t\t\t\t\t<header class=\"gallery-area-heading\">\n\t\t\t\t\t\t<h2>Vivez la Costa Brava!<\/h2>\n\t\t\t\t\t<\/header><!-- end gallery-area-heading -->\n\t\t\t\t<\/div><!-- end col-lg-6 -->\n\n\t\t\t\t\t\t\t\t\t<div class=\"col-md-6 col-md-6\">\n\t\t\t\t\t\t<div class=\"gallery-heading-image\">\n\t\t\t\t\t\t\t<img decoding=\"async\" src=\"https:\/\/nauticescala.com\/wp-content\/uploads\/2019\/10\/img-45.svg\" alt=\"\" \/>\n\t\t\t\t\t\t<\/div><!-- end gallery-heading-image -->\n\t\t\t\t\t<\/div><!-- end col-md-6 -->\n\t\t\t\t\t\t\t<\/div><!-- end row -->\n\t\t<\/div><!-- end container -->\n\t\n\t\t\t<div class=\"container\">\n\t\t\t<div class=\"gallery-items\">\n\n\t\t\t\t\t\t\t\t\n\t\t\t\t\t<div class=\"gallery-slide\">\n\t\t\t\t\t\t<a href=\"https:\/\/nauticescala.com\/fr\/reservez-votre-activites-sur-la-costa-brava\/?filters_activity_type%5B%5D=ruta-guiada&#038;orderby=dates\" class=\"widget-link\">\n\t\t\t\t\t\t\t<figure class=\"gallery-item\">\n\t\t\t\t\t\t\t\t\t\t\t\t\t\t\t\t\t<div class=\"image primary-gradient\">\n\t\t\t\t\t\t\t\t\t\t<img decoding=\"async\" src=\"https:\/\/nauticescala.com\/wp-content\/uploads\/2019\/09\/img-41.jpg\" alt=\"\" \/>\n\t\t\t\t\t\t\t\t\t<\/div><!-- end image -->\n\t\t\t\t\t\t\t\t\t\t\t\t\t\t\t\t\t\t\t\t\t\t\t\t\t<figcaption>\n\t\t\t\t\t\t\t\t<h3>Routes Guid\u00e9es<\/h3>\n\t\t\t\t\t\t\t\t\t<\/figcaption>\n\t\t\t\t\t\t\t\t\t\t\t\t\t\t\t<\/figure><!-- end gallery-item -->\n\t\t\t\t\t\t<\/a><!-- end widget-link -->\n\t\t\t\t\t<\/div><!-- end gallery-slide -->\n\n\t\t\t\t\t\t\t\t\t\n\t\t\t\t\t<div class=\"gallery-slide\">\n\t\t\t\t\t\t<a href=\"https:\/\/nauticescala.com\/fr\/reservez-votre-activites-sur-la-costa-brava\/?filters_activity_type%5B%5D=abonament&#038;orderby=dates\" class=\"widget-link\">\n\t\t\t\t\t\t\t<figure class=\"gallery-item\">\n\t\t\t\t\t\t\t\t\t\t\t\t\t\t\t\t\t<div class=\"image primary-gradient\">\n\t\t\t\t\t\t\t\t\t\t<img decoding=\"async\" src=\"https:\/\/nauticescala.com\/wp-content\/uploads\/2020\/03\/cn-lescala-costa-brava-escola-de-vela-16.jpg\" alt=\"\" \/>\n\t\t\t\t\t\t\t\t\t<\/div><!-- end image -->\n\t\t\t\t\t\t\t\t\t\t\t\t\t\t\t\t\t\t\t\t\t\t\t\t\t<figcaption>\n\t\t\t\t\t\t\t\t<h3>Abonn\u00e9s<\/h3>\n\t\t\t\t\t\t\t\t\t<\/figcaption>\n\t\t\t\t\t\t\t\t\t\t\t\t\t\t\t<\/figure><!-- end gallery-item -->\n\t\t\t\t\t\t<\/a><!-- end widget-link -->\n\t\t\t\t\t<\/div><!-- end gallery-slide -->\n\n\t\t\t\t\t\t\t\t\t\n\t\t\t\t\t<div class=\"gallery-slide\">\n\t\t\t\t\t\t<a href=\"https:\/\/nauticescala.com\/news\/avantatges-descomptes-2020\/\" class=\"widget-link\">\n\t\t\t\t\t\t\t<figure class=\"gallery-item\">\n\t\t\t\t\t\t\t\t\t\t\t\t\t\t\t\t\t<div class=\"image \">\n\t\t\t\t\t\t\t\t\t\t<img decoding=\"async\" src=\"https:\/\/nauticescala.com\/wp-content\/uploads\/2020\/03\/avantatges-i-descomptes.jpg\" alt=\"\" \/>\n\t\t\t\t\t\t\t\t\t<\/div><!-- end image -->\n\t\t\t\t\t\t\t\t\t\t\t\t\t\t\t\t\t\t\t\t\t\t\t\t\t<figcaption>\n\t\t\t\t\t\t\t\t<h3>Remises et avantages<\/h3>\n\t\t\t\t\t\t\t\t\t<\/figcaption>\n\t\t\t\t\t\t\t\t\t\t\t\t\t\t\t<\/figure><!-- end gallery-item -->\n\t\t\t\t\t\t<\/a><!-- end widget-link -->\n\t\t\t\t\t<\/div><!-- end gallery-slide -->\n\n\t\t\t\t\t\t\t\t\t\n\t\t\t\t\t<div class=\"gallery-slide\">\n\t\t\t\t\t\t<a href=\"https:\/\/flickr.com\/photos\/nauticescala\/albums\/72157698833500435\" class=\"widget-link\">\n\t\t\t\t\t\t\t<figure class=\"gallery-item\">\n\t\t\t\t\t\t\t\t\t\t\t\t\t\t\t\t\t<div class=\"image \">\n\t\t\t\t\t\t\t\t\t\t<img decoding=\"async\" src=\"https:\/\/nauticescala.com\/wp-content\/uploads\/2019\/09\/img-43.jpg\" alt=\"\" \/>\n\t\t\t\t\t\t\t\t\t<\/div><!-- end image -->\n\t\t\t\t\t\t\t\t\t\t\t\t\t\t\t\t\t\t\t\t\t\t\t\t\t<figcaption>\n\t\t\t\t\t\t\t\t<h3>Activit\u00e9s Sociales<\/h3>\n\t\t\t\t\t\t\t\t\t<\/figcaption>\n\t\t\t\t\t\t\t\t\t\t\t\t\t\t\t<\/figure><!-- end gallery-item -->\n\t\t\t\t\t\t<\/a><!-- end widget-link -->\n\t\t\t\t\t<\/div><!-- end gallery-slide -->\n\n\t\t\t\t\t\t\t\t\t\n\t\t\t\t\t<div class=\"gallery-slide\">\n\t\t\t\t\t\t<a href=\"https:\/\/nauticescala.com\/events\/\" class=\"widget-link\">\n\t\t\t\t\t\t\t<figure class=\"gallery-item\">\n\t\t\t\t\t\t\t\t\t\t\t\t\t\t\t\t\t<div class=\"image \">\n\t\t\t\t\t\t\t\t\t\t<img decoding=\"async\" src=\"https:\/\/nauticescala.com\/wp-content\/uploads\/2020\/03\/agenda.jpg\" alt=\"Club N\u00e0utic l'Escala\" \/>\n\t\t\t\t\t\t\t\t\t<\/div><!-- end image -->\n\t\t\t\t\t\t\t\t\t\t\t\t\t\t\t\t\t\t\t\t\t\t\t\t\t<figcaption>\n\t\t\t\t\t\t\t\t<h3>L&rsquo;Agenda du Club<\/h3>\n\t\t\t\t\t\t\t\t\t<\/figcaption>\n\t\t\t\t\t\t\t\t\t\t\t\t\t\t\t<\/figure><!-- end gallery-item -->\n\t\t\t\t\t\t<\/a><!-- end widget-link -->\n\t\t\t\t\t<\/div><!-- end gallery-slide -->\n\n\t\t\t\t\t\t\t\t\t\n\t\t\t<\/div><!-- end gallery-items -->\n\t\t<\/div><!-- end container-fluid -->\n\t\t\n<\/section><!-- end gallery-area -->\n","protected":false},"excerpt":{"rendered":"","protected":false},"author":4,"featured_media":0,"parent":7801,"menu_order":0,"comment_status":"closed","ping_status":"closed","template":"","meta":{"_acf_changed":false,"_monsterinsights_skip_tracking":false,"_monsterinsights_sitenote_active":false,"_monsterinsights_sitenote_note":"","_monsterinsights_sitenote_category":0,"footnotes":""},"class_list":["post-8766","page","type-page","status-publish","hentry"],"acf":[],"yoast_head":"<!-- This site is optimized with the Yoast SEO Premium plugin v20.7 (Yoast SEO v27.3) - https:\/\/yoast.com\/product\/yoast-seo-premium-wordpress\/ -->\n<title>Devenez adh\u00e9rent &#8211; Club N\u00e0utic L\u2019Escala<\/title>\n<meta name=\"robots\" content=\"index, follow, max-snippet:-1, max-image-preview:large, max-video-preview:-1\" \/>\n<link rel=\"canonical\" href=\"https:\/\/nauticescala.com\/fr\/club-nautique-sur-la-costa-brava\/devenez-adherent\/\" \/>\n<meta property=\"og:locale\" content=\"fr_FR\" \/>\n<meta property=\"og:type\" content=\"article\" \/>\n<meta property=\"og:title\" content=\"Devenez adh\u00e9rent\" \/>\n<meta property=\"og:url\" content=\"https:\/\/nauticescala.com\/fr\/club-nautique-sur-la-costa-brava\/devenez-adherent\/\" \/>\n<meta property=\"og:site_name\" content=\"Club N\u00e0utic L\u2019Escala\" \/>\n<meta property=\"article:modified_time\" content=\"2026-04-01T13:41:59+00:00\" \/>\n<meta name=\"twitter:card\" content=\"summary_large_image\" \/>\n<meta name=\"twitter:label1\" content=\"Dur\u00e9e de lecture estim\u00e9e\" \/>\n\t<meta name=\"twitter:data1\" content=\"5 minutes\" \/>\n<script type=\"application\/ld+json\" class=\"yoast-schema-graph\">{\"@context\":\"https:\\\/\\\/schema.org\",\"@graph\":[{\"@type\":\"WebPage\",\"@id\":\"https:\\\/\\\/nauticescala.com\\\/fr\\\/club-nautique-sur-la-costa-brava\\\/devenez-adherent\\\/\",\"url\":\"https:\\\/\\\/nauticescala.com\\\/fr\\\/club-nautique-sur-la-costa-brava\\\/devenez-adherent\\\/\",\"name\":\"Devenez adh\u00e9rent &#8211; Club N\u00e0utic L\u2019Escala\",\"isPartOf\":{\"@id\":\"https:\\\/\\\/nauticescala.com\\\/#website\"},\"datePublished\":\"2019-12-18T15:45:50+00:00\",\"dateModified\":\"2026-04-01T13:41:59+00:00\",\"breadcrumb\":{\"@id\":\"https:\\\/\\\/nauticescala.com\\\/fr\\\/club-nautique-sur-la-costa-brava\\\/devenez-adherent\\\/#breadcrumb\"},\"inLanguage\":\"fr-FR\",\"potentialAction\":[{\"@type\":\"ReadAction\",\"target\":[\"https:\\\/\\\/nauticescala.com\\\/fr\\\/club-nautique-sur-la-costa-brava\\\/devenez-adherent\\\/\"]}]},{\"@type\":\"BreadcrumbList\",\"@id\":\"https:\\\/\\\/nauticescala.com\\\/fr\\\/club-nautique-sur-la-costa-brava\\\/devenez-adherent\\\/#breadcrumb\",\"itemListElement\":[{\"@type\":\"ListItem\",\"position\":1,\"name\":\"Home\",\"item\":\"https:\\\/\\\/nauticescala.com\\\/fr\\\/\"},{\"@type\":\"ListItem\",\"position\":2,\"name\":\"Bienvenue au Club N\u00e0utic\",\"item\":\"https:\\\/\\\/nauticescala.com\\\/fr\\\/club-nautique-sur-la-costa-brava\\\/\"},{\"@type\":\"ListItem\",\"position\":3,\"name\":\"Devenez adh\u00e9rent\"}]},{\"@type\":\"WebSite\",\"@id\":\"https:\\\/\\\/nauticescala.com\\\/#website\",\"url\":\"https:\\\/\\\/nauticescala.com\\\/\",\"name\":\"Club N\u00e0utic L\u2019Escala\",\"description\":\"Port esportiu a la Costa Brava\",\"potentialAction\":[{\"@type\":\"SearchAction\",\"target\":{\"@type\":\"EntryPoint\",\"urlTemplate\":\"https:\\\/\\\/nauticescala.com\\\/?s={search_term_string}\"},\"query-input\":{\"@type\":\"PropertyValueSpecification\",\"valueRequired\":true,\"valueName\":\"search_term_string\"}}],\"inLanguage\":\"fr-FR\"}]}<\/script>\n<!-- \/ Yoast SEO Premium plugin. -->","yoast_head_json":{"title":"Devenez adh\u00e9rent &#8211; Club N\u00e0utic L\u2019Escala","robots":{"index":"index","follow":"follow","max-snippet":"max-snippet:-1","max-image-preview":"max-image-preview:large","max-video-preview":"max-video-preview:-1"},"canonical":"https:\/\/nauticescala.com\/fr\/club-nautique-sur-la-costa-brava\/devenez-adherent\/","og_locale":"fr_FR","og_type":"article","og_title":"Devenez adh\u00e9rent","og_url":"https:\/\/nauticescala.com\/fr\/club-nautique-sur-la-costa-brava\/devenez-adherent\/","og_site_name":"Club N\u00e0utic L\u2019Escala","article_modified_time":"2026-04-01T13:41:59+00:00","twitter_card":"summary_large_image","twitter_misc":{"Dur\u00e9e de lecture estim\u00e9e":"5 minutes"},"schema":{"@context":"https:\/\/schema.org","@graph":[{"@type":"WebPage","@id":"https:\/\/nauticescala.com\/fr\/club-nautique-sur-la-costa-brava\/devenez-adherent\/","url":"https:\/\/nauticescala.com\/fr\/club-nautique-sur-la-costa-brava\/devenez-adherent\/","name":"Devenez adh\u00e9rent &#8211; Club N\u00e0utic L\u2019Escala","isPartOf":{"@id":"https:\/\/nauticescala.com\/#website"},"datePublished":"2019-12-18T15:45:50+00:00","dateModified":"2026-04-01T13:41:59+00:00","breadcrumb":{"@id":"https:\/\/nauticescala.com\/fr\/club-nautique-sur-la-costa-brava\/devenez-adherent\/#breadcrumb"},"inLanguage":"fr-FR","potentialAction":[{"@type":"ReadAction","target":["https:\/\/nauticescala.com\/fr\/club-nautique-sur-la-costa-brava\/devenez-adherent\/"]}]},{"@type":"BreadcrumbList","@id":"https:\/\/nauticescala.com\/fr\/club-nautique-sur-la-costa-brava\/devenez-adherent\/#breadcrumb","itemListElement":[{"@type":"ListItem","position":1,"name":"Home","item":"https:\/\/nauticescala.com\/fr\/"},{"@type":"ListItem","position":2,"name":"Bienvenue au Club N\u00e0utic","item":"https:\/\/nauticescala.com\/fr\/club-nautique-sur-la-costa-brava\/"},{"@type":"ListItem","position":3,"name":"Devenez adh\u00e9rent"}]},{"@type":"WebSite","@id":"https:\/\/nauticescala.com\/#website","url":"https:\/\/nauticescala.com\/","name":"Club N\u00e0utic L\u2019Escala","description":"Port esportiu a la Costa Brava","potentialAction":[{"@type":"SearchAction","target":{"@type":"EntryPoint","urlTemplate":"https:\/\/nauticescala.com\/?s={search_term_string}"},"query-input":{"@type":"PropertyValueSpecification","valueRequired":true,"valueName":"search_term_string"}}],"inLanguage":"fr-FR"}]}},"_links":{"self":[{"href":"https:\/\/nauticescala.com\/fr\/wp-json\/wp\/v2\/pages\/8766","targetHints":{"allow":["GET"]}}],"collection":[{"href":"https:\/\/nauticescala.com\/fr\/wp-json\/wp\/v2\/pages"}],"about":[{"href":"https:\/\/nauticescala.com\/fr\/wp-json\/wp\/v2\/types\/page"}],"author":[{"embeddable":true,"href":"https:\/\/nauticescala.com\/fr\/wp-json\/wp\/v2\/users\/4"}],"replies":[{"embeddable":true,"href":"https:\/\/nauticescala.com\/fr\/wp-json\/wp\/v2\/comments?post=8766"}],"version-history":[{"count":22,"href":"https:\/\/nauticescala.com\/fr\/wp-json\/wp\/v2\/pages\/8766\/revisions"}],"predecessor-version":[{"id":98768,"href":"https:\/\/nauticescala.com\/fr\/wp-json\/wp\/v2\/pages\/8766\/revisions\/98768"}],"up":[{"embeddable":true,"href":"https:\/\/nauticescala.com\/fr\/wp-json\/wp\/v2\/pages\/7801"}],"wp:attachment":[{"href":"https:\/\/nauticescala.com\/fr\/wp-json\/wp\/v2\/media?parent=8766"}],"curies":[{"name":"wp","href":"https:\/\/api.w.org\/{rel}","templated":true}]}}