 {"id":9160,"date":"2019-10-04T07:53:41","date_gmt":"2019-10-04T05:53:41","guid":{"rendered":"http:\/\/nauticescala.com\/port-esportiu-costa-brava\/meteo\/"},"modified":"2025-07-16T10:10:24","modified_gmt":"2025-07-16T08:10:24","slug":"meteo","status":"publish","type":"page","link":"https:\/\/nauticescala.com\/fr\/port-sur-la-costa-brava\/meteo\/","title":{"rendered":"La m\u00e9t\u00e9o \u00e0 l&rsquo;Escala"},"content":{"rendered":"\n<p>Consultez la m\u00e9t\u00e9o et l&rsquo;\u00e9tat de la mer \u00e0 l&rsquo;Escala. <\/p>\n","protected":false},"excerpt":{"rendered":"<p>Consultez la m\u00e9t\u00e9o et l&rsquo;\u00e9tat de la mer \u00e0 l&rsquo;Escala.<\/p>\n","protected":false},"author":2,"featured_media":0,"parent":9973,"menu_order":0,"comment_status":"closed","ping_status":"closed","template":"templates\/template-meteo.php","meta":{"_acf_changed":false,"_monsterinsights_skip_tracking":false,"_monsterinsights_sitenote_active":false,"_monsterinsights_sitenote_note":"","_monsterinsights_sitenote_category":0,"footnotes":""},"class_list":["post-9160","page","type-page","status-publish","hentry"],"acf":[],"yoast_head":"<!-- This site is optimized with the Yoast SEO Premium plugin v20.7 (Yoast SEO v27.4) - https:\/\/yoast.com\/product\/yoast-seo-premium-wordpress\/ -->\n<title>La m\u00e9t\u00e9o \u00e0 l&#039;Escala &#8211; Club N\u00e0utic L\u2019Escala<\/title>\n<meta name=\"description\" content=\"Consultez la m\u00e9t\u00e9o \u00e0 L&#039;Escala, les pr\u00e9visions, la m\u00e9t\u00e9o actuelle et la webcam. vous pouvez \u00e9galement consulter les principaux mod\u00e8les m\u00e9t\u00e9o.\" \/>\n<meta name=\"robots\" content=\"index, follow, max-snippet:-1, max-image-preview:large, max-video-preview:-1\" \/>\n<link rel=\"canonical\" href=\"https:\/\/nauticescala.com\/fr\/port-sur-la-costa-brava\/meteo\/\" \/>\n<meta property=\"og:locale\" content=\"fr_FR\" \/>\n<meta property=\"og:type\" content=\"article\" \/>\n<meta property=\"og:title\" content=\"La m\u00e9t\u00e9o \u00e0 l&#039;Escala\" \/>\n<meta property=\"og:description\" content=\"Consultez la m\u00e9t\u00e9o \u00e0 L&#039;Escala, les pr\u00e9visions, la m\u00e9t\u00e9o actuelle et la webcam. vous pouvez \u00e9galement consulter les principaux mod\u00e8les m\u00e9t\u00e9o.\" \/>\n<meta property=\"og:url\" content=\"https:\/\/nauticescala.com\/fr\/port-sur-la-costa-brava\/meteo\/\" \/>\n<meta property=\"og:site_name\" content=\"Club N\u00e0utic L\u2019Escala\" \/>\n<meta property=\"article:modified_time\" content=\"2025-07-16T08:10:24+00:00\" \/>\n<meta name=\"twitter:card\" content=\"summary_large_image\" \/>\n<meta name=\"twitter:label1\" content=\"Dur\u00e9e de lecture estim\u00e9e\" \/>\n\t<meta name=\"twitter:data1\" content=\"1 minute\" \/>\n<script type=\"application\/ld+json\" class=\"yoast-schema-graph\">{\"@context\":\"https:\\\/\\\/schema.org\",\"@graph\":[{\"@type\":\"WebPage\",\"@id\":\"https:\\\/\\\/nauticescala.com\\\/fr\\\/port-sur-la-costa-brava\\\/meteo\\\/\",\"url\":\"https:\\\/\\\/nauticescala.com\\\/fr\\\/port-sur-la-costa-brava\\\/meteo\\\/\",\"name\":\"La m\u00e9t\u00e9o \u00e0 l'Escala &#8211; Club N\u00e0utic L\u2019Escala\",\"isPartOf\":{\"@id\":\"https:\\\/\\\/nauticescala.com\\\/#website\"},\"datePublished\":\"2019-10-04T05:53:41+00:00\",\"dateModified\":\"2025-07-16T08:10:24+00:00\",\"description\":\"Consultez la m\u00e9t\u00e9o \u00e0 L'Escala, les pr\u00e9visions, la m\u00e9t\u00e9o actuelle et la webcam. vous pouvez \u00e9galement consulter les principaux mod\u00e8les m\u00e9t\u00e9o.\",\"breadcrumb\":{\"@id\":\"https:\\\/\\\/nauticescala.com\\\/fr\\\/port-sur-la-costa-brava\\\/meteo\\\/#breadcrumb\"},\"inLanguage\":\"fr-FR\",\"potentialAction\":[{\"@type\":\"ReadAction\",\"target\":[\"https:\\\/\\\/nauticescala.com\\\/fr\\\/port-sur-la-costa-brava\\\/meteo\\\/\"]}]},{\"@type\":\"BreadcrumbList\",\"@id\":\"https:\\\/\\\/nauticescala.com\\\/fr\\\/port-sur-la-costa-brava\\\/meteo\\\/#breadcrumb\",\"itemListElement\":[{\"@type\":\"ListItem\",\"position\":1,\"name\":\"Home\",\"item\":\"https:\\\/\\\/nauticescala.com\\\/fr\\\/\"},{\"@type\":\"ListItem\",\"position\":2,\"name\":\"Services portuaires\",\"item\":\"https:\\\/\\\/nauticescala.com\\\/fr\\\/port-sur-la-costa-brava\\\/\"},{\"@type\":\"ListItem\",\"position\":3,\"name\":\"La m\u00e9t\u00e9o \u00e0 l&#8217;Escala\"}]},{\"@type\":\"WebSite\",\"@id\":\"https:\\\/\\\/nauticescala.com\\\/#website\",\"url\":\"https:\\\/\\\/nauticescala.com\\\/\",\"name\":\"Club N\u00e0utic L\u2019Escala\",\"description\":\"Port esportiu a la Costa Brava\",\"potentialAction\":[{\"@type\":\"SearchAction\",\"target\":{\"@type\":\"EntryPoint\",\"urlTemplate\":\"https:\\\/\\\/nauticescala.com\\\/?s={search_term_string}\"},\"query-input\":{\"@type\":\"PropertyValueSpecification\",\"valueRequired\":true,\"valueName\":\"search_term_string\"}}],\"inLanguage\":\"fr-FR\"}]}<\/script>\n<!-- \/ Yoast SEO Premium plugin. -->","yoast_head_json":{"title":"La m\u00e9t\u00e9o \u00e0 l'Escala &#8211; Club N\u00e0utic L\u2019Escala","description":"Consultez la m\u00e9t\u00e9o \u00e0 L'Escala, les pr\u00e9visions, la m\u00e9t\u00e9o actuelle et la webcam. vous pouvez \u00e9galement consulter les principaux mod\u00e8les m\u00e9t\u00e9o.","robots":{"index":"index","follow":"follow","max-snippet":"max-snippet:-1","max-image-preview":"max-image-preview:large","max-video-preview":"max-video-preview:-1"},"canonical":"https:\/\/nauticescala.com\/fr\/port-sur-la-costa-brava\/meteo\/","og_locale":"fr_FR","og_type":"article","og_title":"La m\u00e9t\u00e9o \u00e0 l'Escala","og_description":"Consultez la m\u00e9t\u00e9o \u00e0 L'Escala, les pr\u00e9visions, la m\u00e9t\u00e9o actuelle et la webcam. vous pouvez \u00e9galement consulter les principaux mod\u00e8les m\u00e9t\u00e9o.","og_url":"https:\/\/nauticescala.com\/fr\/port-sur-la-costa-brava\/meteo\/","og_site_name":"Club N\u00e0utic L\u2019Escala","article_modified_time":"2025-07-16T08:10:24+00:00","twitter_card":"summary_large_image","twitter_misc":{"Dur\u00e9e de lecture estim\u00e9e":"1 minute"},"schema":{"@context":"https:\/\/schema.org","@graph":[{"@type":"WebPage","@id":"https:\/\/nauticescala.com\/fr\/port-sur-la-costa-brava\/meteo\/","url":"https:\/\/nauticescala.com\/fr\/port-sur-la-costa-brava\/meteo\/","name":"La m\u00e9t\u00e9o \u00e0 l'Escala &#8211; Club N\u00e0utic L\u2019Escala","isPartOf":{"@id":"https:\/\/nauticescala.com\/#website"},"datePublished":"2019-10-04T05:53:41+00:00","dateModified":"2025-07-16T08:10:24+00:00","description":"Consultez la m\u00e9t\u00e9o \u00e0 L'Escala, les pr\u00e9visions, la m\u00e9t\u00e9o actuelle et la webcam. vous pouvez \u00e9galement consulter les principaux mod\u00e8les m\u00e9t\u00e9o.","breadcrumb":{"@id":"https:\/\/nauticescala.com\/fr\/port-sur-la-costa-brava\/meteo\/#breadcrumb"},"inLanguage":"fr-FR","potentialAction":[{"@type":"ReadAction","target":["https:\/\/nauticescala.com\/fr\/port-sur-la-costa-brava\/meteo\/"]}]},{"@type":"BreadcrumbList","@id":"https:\/\/nauticescala.com\/fr\/port-sur-la-costa-brava\/meteo\/#breadcrumb","itemListElement":[{"@type":"ListItem","position":1,"name":"Home","item":"https:\/\/nauticescala.com\/fr\/"},{"@type":"ListItem","position":2,"name":"Services portuaires","item":"https:\/\/nauticescala.com\/fr\/port-sur-la-costa-brava\/"},{"@type":"ListItem","position":3,"name":"La m\u00e9t\u00e9o \u00e0 l&#8217;Escala"}]},{"@type":"WebSite","@id":"https:\/\/nauticescala.com\/#website","url":"https:\/\/nauticescala.com\/","name":"Club N\u00e0utic L\u2019Escala","description":"Port esportiu a la Costa Brava","potentialAction":[{"@type":"SearchAction","target":{"@type":"EntryPoint","urlTemplate":"https:\/\/nauticescala.com\/?s={search_term_string}"},"query-input":{"@type":"PropertyValueSpecification","valueRequired":true,"valueName":"search_term_string"}}],"inLanguage":"fr-FR"}]}},"_links":{"self":[{"href":"https:\/\/nauticescala.com\/fr\/wp-json\/wp\/v2\/pages\/9160","targetHints":{"allow":["GET"]}}],"collection":[{"href":"https:\/\/nauticescala.com\/fr\/wp-json\/wp\/v2\/pages"}],"about":[{"href":"https:\/\/nauticescala.com\/fr\/wp-json\/wp\/v2\/types\/page"}],"author":[{"embeddable":true,"href":"https:\/\/nauticescala.com\/fr\/wp-json\/wp\/v2\/users\/2"}],"replies":[{"embeddable":true,"href":"https:\/\/nauticescala.com\/fr\/wp-json\/wp\/v2\/comments?post=9160"}],"version-history":[{"count":18,"href":"https:\/\/nauticescala.com\/fr\/wp-json\/wp\/v2\/pages\/9160\/revisions"}],"predecessor-version":[{"id":86830,"href":"https:\/\/nauticescala.com\/fr\/wp-json\/wp\/v2\/pages\/9160\/revisions\/86830"}],"up":[{"embeddable":true,"href":"https:\/\/nauticescala.com\/fr\/wp-json\/wp\/v2\/pages\/9973"}],"wp:attachment":[{"href":"https:\/\/nauticescala.com\/fr\/wp-json\/wp\/v2\/media?parent=9160"}],"curies":[{"name":"wp","href":"https:\/\/api.w.org\/{rel}","templated":true}]}}