 {"id":9317,"date":"2020-02-26T15:19:35","date_gmt":"2020-02-26T14:19:35","guid":{"rendered":"http:\/\/nauticescala.com\/gestio-de-residus\/"},"modified":"2021-08-17T11:04:00","modified_gmt":"2021-08-17T09:04:00","slug":"gestion-des-dechets","status":"publish","type":"page","link":"https:\/\/nauticescala.com\/fr\/port-sur-la-costa-brava\/gestion-des-dechets\/","title":{"rendered":"Gestion des d\u00e9chets"},"content":{"rendered":"\t\n\t<section class=\"title-section d-md-block\">\n\t\t<div class=\"container\">\n\t\t\t\t\n\t\t\t\t<h1>Comment faire une bonne gestion des d\u00e9chets?<\/h1>\n\t\t\t\t\t\t\t\n\t\t\t\t<p>Si vous \u00eates client du Club, vous pouvez utiliser les syst\u00e8mes de gestion des d\u00e9chets suivants<\/p>\n\t\t\t\t\t<\/div><!-- end container -->\n\t<\/section><!-- end title-section -->\n<section class=\"article-section\"><div class=\"container\">\n\n<\/div><\/section>\t<div class=\"visual-area\">\n\t\t<figure class=\"visual-banner\">\n\t\t\t<div class=\"image\">\n\t\t\t\t<img decoding=\"async\" src=\"https:\/\/nauticescala.com\/wp-content\/uploads\/2020\/02\/cn-lescala-costa-brava-port-7.jpg\" alt=\"Port esportiu a la Costa Brava\" \/>\n\t\t\t<\/div><!-- end image -->\n\t\t\t<div class=\"bg-image bg-img primary-gradient\">\n\t\t\t\t<img decoding=\"async\" src=\"https:\/\/nauticescala.com\/wp-content\/uploads\/2020\/02\/cn-lescala-costa-brava-port-7.jpg\" alt=\"Port esportiu a la Costa Brava\" \/>\n\t\t\t<\/div><!-- end bg-image -->\n\t\t<\/figure><!-- end visual-banner -->\n\t<\/div><!-- end visual-area -->\n<section class=\"article-section\"><div class=\"container\">\n\n<\/div><\/section>\n        <div class=\"intro-area-holder\">\n            <h2>Le recyclage est l&rsquo;une des mesures \u00e0 notre disposition pour prendre soin de notre plan\u00e8te.<\/h2>\n<h3>Bien s\u00e9parer les d\u00e9chets favorise leur recyclage ou leur traitement appropri\u00e9. De cette fa\u00e7on, nous ne jetons pas les d\u00e9chets, mais nous contribuons au d\u00e9but d&rsquo;un nouveau cycle : son exploitation.<\/h3>\n<p>Dans le Club, vous trouverez plusieurs ilots \u00e9cologiques avec des conteneurs \u00e0 d\u00e9chets, en verre, en plastique et en papier pour faciliter la gestion des d\u00e9chets.<\/p>\n<p>Vous pouvez \u00e9galement utiliser le Point Bleu, destin\u00e9 aux d\u00e9chets dangereux.<\/p>\n<p>La Station Essence dispose d&rsquo;une pompe \u00e0 succion pour vider votre bateau des eaux us\u00e9es.<\/p>\n        <\/div><!-- end intro-area-holder -->\n\n\n<section class=\"article-section\"><div class=\"container\">\n\n<\/div><\/section>\n                            <div class=\"accordion-block\">\n                    <div id=\"accordion\" class=\"accordion\">\n                                                                            <div class=\"card\">\n                                <div class=\"card-header\">\n                                    <h3>\n                                        <a href=\"#\" class=\"collapsed\" data-toggle=\"collapse\" data-target=\"#collapse-0100\" aria-expanded=\"true\"><i class=\"ico-opener\">&nbsp;<\/i>Ilots \u00e9cologiques<\/a>\n                                    <\/h3>\n                                <\/div><!-- end card-header -->\n                                <div id=\"collapse-0100\" class=\"collapse\">\n                                                                    <div class=\"card-body\">\n\n                                                                                \n                                            <div class=\"row\">\n\n                                                \n                                                    <div class=\"col-md-12\">\n\n                                                        <!-- content -->\n                                                        \n                                                            \n                                                                \n                                                                    <p>Dans les ilots \u00e9cologiques, vous pouvez s\u00e9parer les d\u00e9chets courants afin qu&rsquo;ils puissent \u00eatre trait\u00e9s et recycl\u00e9s correctement.<\/p>\n<p><strong>Souvenez-vous::<\/strong><\/p>\n<ul>\n<li style=\"list-style-type: none;\">\n<ul>\n<li>Container Jaune \u2013 R\u00e9sidus d\u2019emballage, conserves, capsules et plastique.<\/li>\n<li>Container Vert\u00a0-Verre.<\/li>\n<li>Container Bleu\u00a0&#8211; Papier et carton.<\/li>\n<li>Container Gris \u2013 Le reste dans le container des d\u00e9chets.<\/li>\n<\/ul>\n<\/li>\n<\/ul>\n\n                                                                \n                                                            \n                                                                \n                                                                \t\n\t\t\t\t\t\t\t\t\t\t\t\t\t\t\t\t        <div class=\"btn-box\">\n\t\t\t\t\t\t\t\t\t\t\t\t\t\t\t\t            <a href=\"http:\/\/nauticescala.com\/fr\/port-sur-la-costa-brava\/plan-du-port\/\" target=\"_self\" class=\"btn btn-primary\">Consultez o\u00f9 les trouver!<\/a>\n\t\t\t\t\t\t\t\t\t\t\t\t\t\t\t\t        <\/div><!-- end btn-box -->\n\n\t\t\t\t\t\t\t\t\t\t\t\t\t\t\t\t\t\n                                                                \n                                                            \n                                                                                                                <!-- end content -->\n\n                                                    <\/div>\n\n                                                \n                                            <\/div>\n\n                                        \n                                    <\/div><!-- end card-body -->\n                                <\/div><!-- end collapse -->\n                            <\/div><!-- end card -->\n                                                                                <div class=\"card\">\n                                <div class=\"card-header\">\n                                    <h3>\n                                        <a href=\"#\" class=\"collapsed\" data-toggle=\"collapse\" data-target=\"#collapse-0200\" aria-expanded=\"true\"><i class=\"ico-opener\">&nbsp;<\/i>Point Bleu<\/a>\n                                    <\/h3>\n                                <\/div><!-- end card-header -->\n                                <div id=\"collapse-0200\" class=\"collapse\">\n                                                                    <div class=\"card-body\">\n\n                                                                                \n                                            <div class=\"row\">\n\n                                                \n                                                    <div class=\"col-md-12\">\n\n                                                        <!-- content -->\n                                                        \n                                                            \n                                                                \n                                                                    <p>Le Point Blue est l&rsquo;espace pour les d\u00e9chets les plus dangereux. Le jeter au bon endroit l&#8217;emp\u00eache de se retrouver dans la mer polluant l&rsquo;environnement.<\/p>\n<p><strong>C&rsquo;est le cas de:<\/strong><\/p>\n<ul>\n<li style=\"list-style-type: none;\">\n<ul>\n<li>Hydrocarbures<\/li>\n<li>Peintures<\/li>\n<li>Dissolvants<\/li>\n<li>Batteries<\/li>\n<li>Piles<\/li>\n<li>Huiles<\/li>\n<li>Filtres<\/li>\n<li>M\u00e9dicaments p\u00e9rim\u00e9s<\/li>\n<li>Produits chimiques agressifs<\/li>\n<\/ul>\n<\/li>\n<\/ul>\n\n                                                                \n                                                            \n                                                                \n                                                                \t\n\t\t\t\t\t\t\t\t\t\t\t\t\t\t\t\t        <div class=\"btn-box\">\n\t\t\t\t\t\t\t\t\t\t\t\t\t\t\t\t            <a href=\"http:\/\/nauticescala.com\/fr\/port-sur-la-costa-brava\/plan-du-port\/\" target=\"_self\" class=\"btn btn-primary\">Consultez o\u00f9 le trouver!<\/a>\n\t\t\t\t\t\t\t\t\t\t\t\t\t\t\t\t        <\/div><!-- end btn-box -->\n\n\t\t\t\t\t\t\t\t\t\t\t\t\t\t\t\t\t\n                                                                \n                                                            \n                                                                                                                <!-- end content -->\n\n                                                    <\/div>\n\n                                                \n                                            <\/div>\n\n                                        \n                                    <\/div><!-- end card-body -->\n                                <\/div><!-- end collapse -->\n                            <\/div><!-- end card -->\n                                                                                <div class=\"card\">\n                                <div class=\"card-header\">\n                                    <h3>\n                                        <a href=\"#\" class=\"collapsed\" data-toggle=\"collapse\" data-target=\"#collapse-0300\" aria-expanded=\"true\"><i class=\"ico-opener\">&nbsp;<\/i>Pompe \u00e0 succion<\/a>\n                                    <\/h3>\n                                <\/div><!-- end card-header -->\n                                <div id=\"collapse-0300\" class=\"collapse\">\n                                                                    <div class=\"card-body\">\n\n                                                                                \n                                            <div class=\"row\">\n\n                                                \n                                                    <div class=\"col-md-12\">\n\n                                                        <!-- content -->\n                                                        \n                                                            \n                                                                \n                                                                    <p>Selon le r\u00e8glement en vigueur, les bateaux doivent disposer d\u2019un r\u00e9servoir pour les eaux f\u00e9cales.<\/p>\n<p>Ces eaux us\u00e9es ne peuvent pas \u00eatre rejet\u00e9es dans la mer ou le port car elles sont polluantes.<\/p>\n<p>A la pompe \u00e0 essence du Club vous trouverez une pompe \u00e0 succion pour vider ces r\u00e9servoirs.<\/p>\n<p>Utilisez-le pour garantir son traitement correct!<\/p>\n\n                                                                \n                                                            \n                                                                \n                                                                \t\n\t\t\t\t\t\t\t\t\t\t\t\t\t\t\t\t        <div class=\"btn-box\">\n\t\t\t\t\t\t\t\t\t\t\t\t\t\t\t\t            <a href=\"http:\/\/nauticescala.com\/fr\/port-sur-la-costa-brava\/plan-du-port\/\" target=\"_self\" class=\"btn btn-primary\">Consultez o\u00f9 la trouver!<\/a>\n\t\t\t\t\t\t\t\t\t\t\t\t\t\t\t\t        <\/div><!-- end btn-box -->\n\n\t\t\t\t\t\t\t\t\t\t\t\t\t\t\t\t\t\n                                                                \n                                                            \n                                                                                                                <!-- end content -->\n\n                                                    <\/div>\n\n                                                \n                                            <\/div>\n\n                                        \n                                    <\/div><!-- end card-body -->\n                                <\/div><!-- end collapse -->\n                            <\/div><!-- end card -->\n                                                                                <div class=\"card\">\n                                <div class=\"card-header\">\n                                    <h3>\n                                        <a href=\"#\" class=\"collapsed\" data-toggle=\"collapse\" data-target=\"#collapse-0400\" aria-expanded=\"true\"><i class=\"ico-opener\">&nbsp;<\/i>Conseils<\/a>\n                                    <\/h3>\n                                <\/div><!-- end card-header -->\n                                <div id=\"collapse-0400\" class=\"collapse\">\n                                                                    <div class=\"card-body\">\n\n                                                                                \n                                            <div class=\"row\">\n\n                                                \n                                                    <div class=\"col-md-12\">\n\n                                                        <!-- content -->\n                                                        \n                                                            \n                                                                \n                                                                    <ul>\n<li>Ne lancer rien en mer ni sur le littoral. En arrivant au port, utiliser les containers de collectes s\u00e9lectives pour d\u00e9poser vos d\u00e9chets. En cas de doute, vous pouvez contacter le personnel du Club.<\/li>\n<li>S\u00e9parer vos d\u00e9chets \u00e0 bord. Il est conseill\u00e9 d\u2019utiliser des sacs de diff\u00e9rentes couleurs ou des r\u00e9cipients s\u00e9par\u00e9s.<\/li>\n<li>V\u00e9rifier r\u00e9guli\u00e8rement qu\u2019il n\u2019y ait aucune fuite de combustible ou d\u2019huile dans votre bateau.<\/li>\n<\/ul>\n\n                                                                \n                                                            \n                                                                                                                <!-- end content -->\n\n                                                    <\/div>\n\n                                                \n                                            <\/div>\n\n                                        \n                                    <\/div><!-- end card-body -->\n                                <\/div><!-- end collapse -->\n                            <\/div><!-- end card -->\n                                                                        <\/div><!-- end accordion -->\n                <\/div><!-- end accordion-block -->\n            \n<section class=\"article-section\"><div class=\"container\">\n\n<\/div><\/section><section class=\"gallery-area\">\n\t\t\t\t<div class=\"container\">\n\t\t\t<div class=\"row\">\n\t\t\t\t<div class=\"col-md-6 col-lg-6\">\n\t\t\t\t\t<header class=\"gallery-area-heading\">\n\t\t\t\t\t\t<h2>Vivez la Costa Brava!<\/h2>\n\t\t\t\t\t<\/header><!-- end gallery-area-heading -->\n\t\t\t\t<\/div><!-- end col-lg-6 -->\n\n\t\t\t\t\t\t\t\t\t<div class=\"col-md-6 col-md-6\">\n\t\t\t\t\t\t<div class=\"gallery-heading-image\">\n\t\t\t\t\t\t\t<img decoding=\"async\" src=\"https:\/\/nauticescala.com\/wp-content\/uploads\/2019\/10\/img-45.svg\" alt=\"\" \/>\n\t\t\t\t\t\t<\/div><!-- end gallery-heading-image -->\n\t\t\t\t\t<\/div><!-- end col-md-6 -->\n\t\t\t\t\t\t\t<\/div><!-- end row -->\n\t\t<\/div><!-- end container -->\n\t\n\t\t\t<div class=\"container\">\n\t\t\t<div class=\"gallery-items\">\n\n\t\t\t\t\t\t\t\t\n\t\t\t\t\t<div class=\"gallery-slide\">\n\t\t\t\t\t\t<a href=\"#\" class=\"widget-link\">\n\t\t\t\t\t\t\t<figure class=\"gallery-item\">\n\t\t\t\t\t\t\t\t\t\t\t\t\t\t\t\t\t<div class=\"image primary-gradient\">\n\t\t\t\t\t\t\t\t\t\t<img decoding=\"async\" src=\"https:\/\/nauticescala.com\/wp-content\/uploads\/2019\/09\/img-41.jpg\" alt=\"\" \/>\n\t\t\t\t\t\t\t\t\t<\/div><!-- end image -->\n\t\t\t\t\t\t\t\t\t\t\t\t\t\t\t\t\t\t\t\t\t\t\t<\/figure><!-- end gallery-item -->\n\t\t\t\t\t\t<\/a><!-- end widget-link -->\n\t\t\t\t\t<\/div><!-- end gallery-slide -->\n\n\t\t\t\t\t\t\t\t\t\n\t\t\t\t\t<div class=\"gallery-slide\">\n\t\t\t\t\t\t<a href=\"#\" class=\"widget-link\">\n\t\t\t\t\t\t\t<figure class=\"gallery-item\">\n\t\t\t\t\t\t\t\t\t\t\t\t\t\t\t\t\t<div class=\"image primary-gradient\">\n\t\t\t\t\t\t\t\t\t\t<img decoding=\"async\" src=\"https:\/\/nauticescala.com\/wp-content\/uploads\/2019\/09\/img-40.jpg\" alt=\"\" \/>\n\t\t\t\t\t\t\t\t\t<\/div><!-- end image -->\n\t\t\t\t\t\t\t\t\t\t\t\t\t\t\t\t\t\t\t\t\t\t\t<\/figure><!-- end gallery-item -->\n\t\t\t\t\t\t<\/a><!-- end widget-link -->\n\t\t\t\t\t<\/div><!-- end gallery-slide -->\n\n\t\t\t\t\t\t\t\t\t\n\t\t\t\t\t<div class=\"gallery-slide\">\n\t\t\t\t\t\t<a href=\"#\" class=\"widget-link\">\n\t\t\t\t\t\t\t<figure class=\"gallery-item\">\n\t\t\t\t\t\t\t\t\t\t\t\t\t\t\t\t\t<div class=\"image \">\n\t\t\t\t\t\t\t\t\t\t<img decoding=\"async\" src=\"https:\/\/nauticescala.com\/wp-content\/uploads\/2019\/09\/img-42.jpg\" alt=\"\" \/>\n\t\t\t\t\t\t\t\t\t<\/div><!-- end image -->\n\t\t\t\t\t\t\t\t\t\t\t\t\t\t\t\t\t\t\t\t\t\t\t<\/figure><!-- end gallery-item -->\n\t\t\t\t\t\t<\/a><!-- end widget-link -->\n\t\t\t\t\t<\/div><!-- end gallery-slide -->\n\n\t\t\t\t\t\t\t\t\t\n\t\t\t\t\t<div class=\"gallery-slide\">\n\t\t\t\t\t\t<a href=\"#\" class=\"widget-link\">\n\t\t\t\t\t\t\t<figure class=\"gallery-item\">\n\t\t\t\t\t\t\t\t\t\t\t\t\t\t\t\t\t<div class=\"image \">\n\t\t\t\t\t\t\t\t\t\t<img decoding=\"async\" src=\"https:\/\/nauticescala.com\/wp-content\/uploads\/2019\/09\/img-43.jpg\" alt=\"\" \/>\n\t\t\t\t\t\t\t\t\t<\/div><!-- end image -->\n\t\t\t\t\t\t\t\t\t\t\t\t\t\t\t\t\t\t\t\t\t\t\t<\/figure><!-- end gallery-item -->\n\t\t\t\t\t\t<\/a><!-- end widget-link -->\n\t\t\t\t\t<\/div><!-- end gallery-slide -->\n\n\t\t\t\t\t\t\t\t\t\n\t\t\t\t\t<div class=\"gallery-slide\">\n\t\t\t\t\t\t<a href=\"#\" class=\"widget-link\">\n\t\t\t\t\t\t\t<figure class=\"gallery-item\">\n\t\t\t\t\t\t\t\t\t\t\t\t\t\t\t\t\t<div class=\"image \">\n\t\t\t\t\t\t\t\t\t\t<img decoding=\"async\" src=\"https:\/\/nauticescala.com\/wp-content\/uploads\/2019\/09\/img-44.jpg\" alt=\"\" \/>\n\t\t\t\t\t\t\t\t\t<\/div><!-- end image -->\n\t\t\t\t\t\t\t\t\t\t\t\t\t\t\t\t\t\t\t\t\t\t\t<\/figure><!-- end gallery-item -->\n\t\t\t\t\t\t<\/a><!-- end widget-link -->\n\t\t\t\t\t<\/div><!-- end gallery-slide -->\n\n\t\t\t\t\t\t\t\t\t\n\t\t\t<\/div><!-- end gallery-items -->\n\t\t<\/div><!-- end container-fluid -->\n\t\t\n<\/section><!-- end gallery-area -->\n","protected":false},"excerpt":{"rendered":"","protected":false},"author":4,"featured_media":0,"parent":9973,"menu_order":0,"comment_status":"closed","ping_status":"closed","template":"","meta":{"_acf_changed":false,"_monsterinsights_skip_tracking":false,"_monsterinsights_sitenote_active":false,"_monsterinsights_sitenote_note":"","_monsterinsights_sitenote_category":0,"footnotes":""},"class_list":["post-9317","page","type-page","status-publish","hentry"],"acf":[],"yoast_head":"<!-- This site is optimized with the Yoast SEO Premium plugin v20.7 (Yoast SEO v27.4) - https:\/\/yoast.com\/product\/yoast-seo-premium-wordpress\/ -->\n<title>Gestion des d\u00e9chets &#8211; Club N\u00e0utic L\u2019Escala<\/title>\n<meta name=\"robots\" content=\"index, follow, max-snippet:-1, max-image-preview:large, max-video-preview:-1\" \/>\n<link rel=\"canonical\" href=\"https:\/\/nauticescala.com\/fr\/port-sur-la-costa-brava\/gestion-des-dechets\/\" \/>\n<meta property=\"og:locale\" content=\"fr_FR\" \/>\n<meta property=\"og:type\" content=\"article\" \/>\n<meta property=\"og:title\" content=\"Gestion des d\u00e9chets\" \/>\n<meta property=\"og:url\" content=\"https:\/\/nauticescala.com\/fr\/port-sur-la-costa-brava\/gestion-des-dechets\/\" \/>\n<meta property=\"og:site_name\" content=\"Club N\u00e0utic L\u2019Escala\" \/>\n<meta property=\"article:modified_time\" content=\"2021-08-17T09:04:00+00:00\" \/>\n<meta name=\"twitter:card\" content=\"summary_large_image\" \/>\n<script type=\"application\/ld+json\" class=\"yoast-schema-graph\">{\"@context\":\"https:\\\/\\\/schema.org\",\"@graph\":[{\"@type\":\"WebPage\",\"@id\":\"https:\\\/\\\/nauticescala.com\\\/fr\\\/port-sur-la-costa-brava\\\/gestion-des-dechets\\\/\",\"url\":\"https:\\\/\\\/nauticescala.com\\\/fr\\\/port-sur-la-costa-brava\\\/gestion-des-dechets\\\/\",\"name\":\"Gestion des d\u00e9chets &#8211; Club N\u00e0utic L\u2019Escala\",\"isPartOf\":{\"@id\":\"https:\\\/\\\/nauticescala.com\\\/#website\"},\"datePublished\":\"2020-02-26T14:19:35+00:00\",\"dateModified\":\"2021-08-17T09:04:00+00:00\",\"breadcrumb\":{\"@id\":\"https:\\\/\\\/nauticescala.com\\\/fr\\\/port-sur-la-costa-brava\\\/gestion-des-dechets\\\/#breadcrumb\"},\"inLanguage\":\"fr-FR\",\"potentialAction\":[{\"@type\":\"ReadAction\",\"target\":[\"https:\\\/\\\/nauticescala.com\\\/fr\\\/port-sur-la-costa-brava\\\/gestion-des-dechets\\\/\"]}]},{\"@type\":\"BreadcrumbList\",\"@id\":\"https:\\\/\\\/nauticescala.com\\\/fr\\\/port-sur-la-costa-brava\\\/gestion-des-dechets\\\/#breadcrumb\",\"itemListElement\":[{\"@type\":\"ListItem\",\"position\":1,\"name\":\"Home\",\"item\":\"https:\\\/\\\/nauticescala.com\\\/fr\\\/\"},{\"@type\":\"ListItem\",\"position\":2,\"name\":\"Services portuaires\",\"item\":\"https:\\\/\\\/nauticescala.com\\\/fr\\\/port-sur-la-costa-brava\\\/\"},{\"@type\":\"ListItem\",\"position\":3,\"name\":\"Gestion des d\u00e9chets\"}]},{\"@type\":\"WebSite\",\"@id\":\"https:\\\/\\\/nauticescala.com\\\/#website\",\"url\":\"https:\\\/\\\/nauticescala.com\\\/\",\"name\":\"Club N\u00e0utic L\u2019Escala\",\"description\":\"Port esportiu a la Costa Brava\",\"potentialAction\":[{\"@type\":\"SearchAction\",\"target\":{\"@type\":\"EntryPoint\",\"urlTemplate\":\"https:\\\/\\\/nauticescala.com\\\/?s={search_term_string}\"},\"query-input\":{\"@type\":\"PropertyValueSpecification\",\"valueRequired\":true,\"valueName\":\"search_term_string\"}}],\"inLanguage\":\"fr-FR\"}]}<\/script>\n<!-- \/ Yoast SEO Premium plugin. -->","yoast_head_json":{"title":"Gestion des d\u00e9chets &#8211; Club N\u00e0utic L\u2019Escala","robots":{"index":"index","follow":"follow","max-snippet":"max-snippet:-1","max-image-preview":"max-image-preview:large","max-video-preview":"max-video-preview:-1"},"canonical":"https:\/\/nauticescala.com\/fr\/port-sur-la-costa-brava\/gestion-des-dechets\/","og_locale":"fr_FR","og_type":"article","og_title":"Gestion des d\u00e9chets","og_url":"https:\/\/nauticescala.com\/fr\/port-sur-la-costa-brava\/gestion-des-dechets\/","og_site_name":"Club N\u00e0utic L\u2019Escala","article_modified_time":"2021-08-17T09:04:00+00:00","twitter_card":"summary_large_image","schema":{"@context":"https:\/\/schema.org","@graph":[{"@type":"WebPage","@id":"https:\/\/nauticescala.com\/fr\/port-sur-la-costa-brava\/gestion-des-dechets\/","url":"https:\/\/nauticescala.com\/fr\/port-sur-la-costa-brava\/gestion-des-dechets\/","name":"Gestion des d\u00e9chets &#8211; Club N\u00e0utic L\u2019Escala","isPartOf":{"@id":"https:\/\/nauticescala.com\/#website"},"datePublished":"2020-02-26T14:19:35+00:00","dateModified":"2021-08-17T09:04:00+00:00","breadcrumb":{"@id":"https:\/\/nauticescala.com\/fr\/port-sur-la-costa-brava\/gestion-des-dechets\/#breadcrumb"},"inLanguage":"fr-FR","potentialAction":[{"@type":"ReadAction","target":["https:\/\/nauticescala.com\/fr\/port-sur-la-costa-brava\/gestion-des-dechets\/"]}]},{"@type":"BreadcrumbList","@id":"https:\/\/nauticescala.com\/fr\/port-sur-la-costa-brava\/gestion-des-dechets\/#breadcrumb","itemListElement":[{"@type":"ListItem","position":1,"name":"Home","item":"https:\/\/nauticescala.com\/fr\/"},{"@type":"ListItem","position":2,"name":"Services portuaires","item":"https:\/\/nauticescala.com\/fr\/port-sur-la-costa-brava\/"},{"@type":"ListItem","position":3,"name":"Gestion des d\u00e9chets"}]},{"@type":"WebSite","@id":"https:\/\/nauticescala.com\/#website","url":"https:\/\/nauticescala.com\/","name":"Club N\u00e0utic L\u2019Escala","description":"Port esportiu a la Costa Brava","potentialAction":[{"@type":"SearchAction","target":{"@type":"EntryPoint","urlTemplate":"https:\/\/nauticescala.com\/?s={search_term_string}"},"query-input":{"@type":"PropertyValueSpecification","valueRequired":true,"valueName":"search_term_string"}}],"inLanguage":"fr-FR"}]}},"_links":{"self":[{"href":"https:\/\/nauticescala.com\/fr\/wp-json\/wp\/v2\/pages\/9317","targetHints":{"allow":["GET"]}}],"collection":[{"href":"https:\/\/nauticescala.com\/fr\/wp-json\/wp\/v2\/pages"}],"about":[{"href":"https:\/\/nauticescala.com\/fr\/wp-json\/wp\/v2\/types\/page"}],"author":[{"embeddable":true,"href":"https:\/\/nauticescala.com\/fr\/wp-json\/wp\/v2\/users\/4"}],"replies":[{"embeddable":true,"href":"https:\/\/nauticescala.com\/fr\/wp-json\/wp\/v2\/comments?post=9317"}],"version-history":[{"count":10,"href":"https:\/\/nauticescala.com\/fr\/wp-json\/wp\/v2\/pages\/9317\/revisions"}],"predecessor-version":[{"id":31767,"href":"https:\/\/nauticescala.com\/fr\/wp-json\/wp\/v2\/pages\/9317\/revisions\/31767"}],"up":[{"embeddable":true,"href":"https:\/\/nauticescala.com\/fr\/wp-json\/wp\/v2\/pages\/9973"}],"wp:attachment":[{"href":"https:\/\/nauticescala.com\/fr\/wp-json\/wp\/v2\/media?parent=9317"}],"curies":[{"name":"wp","href":"https:\/\/api.w.org\/{rel}","templated":true}]}}